{"id":67267,"date":"2023-04-21T14:09:25","date_gmt":"2023-04-21T11:09:25","guid":{"rendered":"https:\/\/xstyle.md\/?post_type=product&#038;p=67267"},"modified":"2026-03-14T21:51:07","modified_gmt":"2026-03-14T18:51:07","slug":"trp_language-languageru_rukrossovki-la-sportiva-karacal-sangria-hawaiian-sun-trp_languagetrp_language-languagero_roadidasi-pentru-barbati-la-sportiva-karacal-sangria-hawaiian-sun-trp_","status":"publish","type":"product","link":"https:\/\/xstyle.md\/ro\/produs\/trp_language-languageru_rukrossovki-la-sportiva-karacal-sangria-hawaiian-sun-trp_languagetrp_language-languagero_roadidasi-pentru-barbati-la-sportiva-karacal-sangria-hawaiian-sun-trp_\/","title":{"rendered":"Adida\u0219i La Sportiva Karacal sangria\/hawaiian sun"},"content":{"rendered":"<br \/>\n<strong>La Sportiva Karacal<\/strong> &#8212; \u00eenc\u0103l\u021b\u0103minte conceput\u0103 pentru alergare, antrenament off-road de lung\u0103 durat\u0103 pe distan\u021be medii \u0219i lungi, ideal\u0103 pentru recuperarea dup\u0103 curs\u0103 datorit\u0103 potrivirii sale excep\u021bional de confortabile \u0219i respirabilit\u0103\u021bii sporite. Design-ul limbii asigur\u0103 confort maxim. Partea superioar\u0103 3D Mesh cu un singur strat, f\u0103r\u0103 cus\u0103turi, permite re\u021binerea volumului \u0219i o respirabilitate ridicat\u0103, partea din spate \u00eent\u0103rit\u0103 cu microfibr\u0103, men\u021bine stabilitatea general\u0103 a \u00eenc\u0103l\u021b\u0103mintei.<\/p>\n<p>Extrem de u\u0219oar\u0103 \u0219i flexibil\u0103 datorit\u0103 greut\u0103\u021bii reduse a tuturor materialelor utilizate \u0219i a unei t\u0103lpi intermediare EVA cu dubl\u0103 densitate u\u0219oar\u0103 \u0219i durabil\u0103. C\u0103ptu\u0219eala termoformat\u0103 contribuie la u\u0219urin\u021ba general\u0103 \u0219i ofer\u0103 o protec\u021bie excelent\u0103 \u00eempotriva impactului cu pietrele.<\/p>\n<h3>Particularit\u0103\u021bi<\/h3>\n<ul>\n<li>Potrivire confortabil\u0103, ideal\u0103 pentru utilizare de lung\u0103 durat\u0103;<\/li>\n<li>Partea superioar\u0103 3D Mesh cu un singur strat f\u0103r\u0103 sudur\u0103 pentru confort maxim, respirabilitate \u0219i flexibilitate;<\/li>\n<li>Limb\u0103 fabricat\u0103 \u00een a\u0219a mod pentru a oferi confort maxim;<\/li>\n<li>C\u0103ptu\u0219eal\u0103 interioar\u0103 din plas\u0103 foarte rezistent\u0103 la abraziune;<\/li>\n<li>Reducere maxim\u0103 a greut\u0103\u021bii prin utilizarea de materiale extrem de u\u0219oare, flexibile \u0219i talp\u0103 intermediar\u0103 EVA cu dubl\u0103 densitate;<\/li>\n<li>Talpa exterioar\u0103 albastr\u0103 \u0219i rezistent\u0103 FriXion\u2122, cu grosimi diferen\u021biate;<\/li>\n<li>Sistem de fr\u00e2nare pentru o mai bun\u0103 absorb\u021bie a impacturilor, trac\u021biune \u0219i fr\u00e2nare.<\/li>\n<\/ul>\n<h3>Caracteristici<\/h3>\n<ul>\n<li>Material superior &#8212; plas\u0103 3D;<\/li>\n<li>C\u0103ptu\u0219eal\u0103 &#8212; plas\u0103 special\u0103 anti-alunecare;<\/li>\n<li>Talp\u0103 interioar\u0103 &#8212; Ortholite;<\/li>\n<li>Talp\u0103 exterioar\u0103 &#8212; FriXion;<\/li>\n<li>Destina\u021bie &#8212; antrenament, trail running;<\/li>\n<li>Greutate &#8212; 290 g<\/li>\n<\/ul>\n<h3>Tehnologii<\/h3>\n<ul>\n<li><strong>FriXion<\/strong>\u00a0\u2014 talpa este fabricat\u0103 de departamentul de cercetare \u0219i dezvoltare La Sportiva, care utilizeaz\u0103 un model de rulare cu sistem de fr\u00e2nare \u0219i un design exclusiv cu tehnologia Trail Rocker care ofer\u0103 suport natural pentru c\u0103lc\u00e2ie \u0219i degete. Absoarbe bine loviturile \u0219i \u00ee\u021bi protejeaz\u0103 picioarele.<\/li>\n<\/ul>\n<p><\/p>\n<h3>Marca<\/h3>\n<p>Compania italian\u0103 este cunoscut\u0103 de to\u021bi alpini\u0219tii \u2014 \u00eenc\u0103l\u021b\u0103mintea pentru alpinism La Sportiva \u0219i ghetele pentru altitudini mari sunt considerate cele mai bune din lume. Istoria brandului a \u00eenceput cu fabricarea \u00eenc\u0103l\u021b\u0103mintei din lemn, iar acum este unul dintre liderii mondiali \u00een produc\u021bia \u00eenc\u0103l\u021b\u0103mintei pentru munte. Toat\u0103 \u00eenc\u0103l\u021b\u0103mintea este \u00een continuare cusut\u0103 manual \u0219i numai din materiale de \u00eenalt\u0103 calitate, este confortabil\u0103, de \u00eencredere \u0219i are o durabilitate excelent\u0103. Al\u0103turi de \u00eenc\u0103l\u021b\u0103minte, compania produce \u0219i \u00eembr\u0103c\u0103minte high-tech pentru pasiona\u021bii de alpinism. Standardele \u00eenalte de calitate ale companiei \u0219i tehnologia \u00een evolu\u021bie au ajutat La Sportiva s\u0103 devin\u0103 unul dintre cele mai importante m\u0103rci de \u00eenc\u0103l\u021b\u0103minte \u0219i \u00eembr\u0103c\u0103minte la nivel mondial.<\/p>","protected":false},"excerpt":{"rendered":"<p>\u0411\u0440\u0435\u043d\u0434 \u0418\u0442\u0430\u043b\u044c\u044f\u043d\u0441\u043a\u0430\u044f \u043a\u043e\u043c\u043f\u0430\u043d\u0438\u044f \u0438\u0437\u0432\u0435\u0441\u0442\u043d\u0430 \u0432\u0441\u0435\u043c \u0441\u043a\u0430\u043b\u043e\u043b\u0430\u0437\u0430\u043c \u0438 \u0430\u043b\u044c\u043f\u0438\u043d\u0438\u0441\u0442\u0430\u043c &#8212; \u0441\u043a\u0430\u043b\u044c\u043d\u044b\u0435 \u0442\u0443\u0444\u043b\u0438 \u0438 \u0432\u044b\u0441\u043e\u0442\u043d\u044b\u0435 \u0431\u043e\u0442\u0438\u043d\u043a\u0438 La Sportiva \u0441\u0447\u0438\u0442\u0430\u044e\u0442\u0441\u044f \u043b\u0443\u0447\u0448\u0438\u043c\u0438 \u0432 \u043c\u0438\u0440\u0435. \u0418\u0441\u0442\u043e\u0440\u0438\u044f \u0431\u0440\u0435\u043d\u0434\u0430 \u043d\u0430\u0447\u0430\u043b\u0430\u0441\u044c \u0441 \u0438\u0437\u0433\u043e\u0442\u043e\u0432\u043b\u0435\u043d\u0438\u044f \u0434\u0435\u0440\u0435\u0432\u044f\u043d\u043d\u044b\u0445 \u0431\u0430\u0448\u043c\u0430\u043a\u043e\u0432, \u0430 \u0441\u0435\u0439\u0447\u0430\u0441 \u044d\u0442\u043e \u043e\u0434\u0438\u043d \u0438\u0437 \u043c\u0438\u0440\u043e\u0432\u044b\u0445 \u043b\u0438\u0434\u0435\u0440\u043e\u0432 \u0432 \u043f\u0440\u043e\u0438\u0437\u0432\u043e\u0434\u0441\u0442\u0432\u0435 \u043e\u0431\u0443\u0432\u0438 \u0434\u043b\u044f \u0433\u043e\u0440. \u0412\u0441\u044f \u043e\u0431\u0443\u0432\u044c \u043f\u043e-\u043f\u0440\u0435\u0436\u043d\u0435\u043c\u0443 \u0448\u044c\u0435\u0442\u0441\u044f \u0432\u0440\u0443\u0447\u043d\u0443\u044e \u0438 \u0442\u043e\u043b\u044c\u043a\u043e \u0438\u0437 \u043a\u0430\u0447\u0435\u0441\u0442\u0432\u0435\u043d\u043d\u044b\u0445 \u043c\u0430\u0442\u0435\u0440\u0438\u0430\u043b\u043e\u0432, \u043e\u043d\u0430 \u043a\u043e\u043c\u0444\u043e\u0440\u0442\u043d\u0430\u044f, \u043d\u0430\u0434\u0435\u0436\u043d\u0430\u044f \u0438 \u0434\u043e\u043b\u0433\u043e\u0432\u0435\u0447\u043d\u0430\u044f. \u041d\u0430\u0440\u044f\u0434\u0443 [&hellip;]<\/p>\n","protected":false},"featured_media":67727,"comment_status":"open","ping_status":"closed","template":"","meta":{"_acf_changed":false,"inline_featured_image":false},"product_brand":[1410],"product_cat":[142],"product_tag":[],"class_list":{"0":"post-67267","1":"product","2":"type-product","3":"status-publish","4":"has-post-thumbnail","6":"product_brand-la-sportiva","7":"product_cat-sport-shoes","8":"pa_razmer-shoes-663","9":"pa_razmer-shoes-986","10":"pa_razmer-shoes-43-1-2","11":"pa_razmer-shoes-1006","12":"pa_razmer-shoes-44-1-2","13":"pa_razmer-shoes-1002","15":"first","16":"instock","17":"shipping-taxable","18":"purchasable","19":"product-type-variable"},"acf":[],"yoast_head":"<!-- This site is optimized with the Yoast SEO plugin v27.4 - https:\/\/yoast.com\/product\/yoast-seo-wordpress\/ -->\n<title>\u041a\u0440\u043e\u0441\u0441\u043e\u0432\u043a\u0438 La Sportiva Karacal sangria\/hawaiian sun - \u041c\u0430\u0433\u0430\u0437\u0438\u043d Xstyle<\/title>\n<meta name=\"description\" content=\"\u041a\u0440\u043e\u0441\u0441\u043e\u0432\u043a\u0438 La Sportiva Karacal \u0434\u043b\u044f \u0431\u0435\u0433\u0430 \u043f\u043e \u043f\u0435\u0440\u0435\u0441\u0435\u0447\u0435\u043d\u043d\u043e\u0439 \u043c\u0435\u0441\u0442\u043d\u043e\u0441\u0442\u0438. \u041b\u0435\u0433\u043a\u0438\u0435, \u0434\u044b\u0448\u0430\u0449\u0438\u0435, \u0441 exceptional \u043a\u043e\u043c\u0444\u043e\u0440\u0442\u043e\u043c \u0438 \u043d\u0430\u0434\u0435\u0436\u043d\u044b\u043c \u0441\u0446\u0435\u043f\u043b\u0435\u043d\u0438\u0435\u043c. \u0418\u0434\u0435\u0430\u043b\u044c\u043d\u044b \u0434\u043b\u044f \u0442\u0440\u0435\u043d\u0438\u0440\u043e\u0432\u043e\u043a!\" \/>\n<meta name=\"robots\" content=\"index, follow, max-snippet:-1, max-image-preview:large, max-video-preview:-1\" \/>\n<link rel=\"canonical\" href=\"https:\/\/xstyle.md\/ro\/produs\/trp_language-languageru_rukrossovki-la-sportiva-karacal-sangria-hawaiian-sun-trp_languagetrp_language-languagero_roadidasi-pentru-barbati-la-sportiva-karacal-sangria-hawaiian-sun-trp_\/\" \/>\n<meta property=\"og:locale\" content=\"ro_RO\" \/>\n<meta property=\"og:type\" content=\"article\" \/>\n<meta property=\"og:title\" content=\"\u041a\u0440\u043e\u0441\u0441\u043e\u0432\u043a\u0438 La Sportiva Karacal sangria\/hawaiian sun - \u041c\u0430\u0433\u0430\u0437\u0438\u043d Xstyle\" \/>\n<meta property=\"og:description\" content=\"\u041a\u0440\u043e\u0441\u0441\u043e\u0432\u043a\u0438 La Sportiva Karacal \u0434\u043b\u044f \u0431\u0435\u0433\u0430 \u043f\u043e \u043f\u0435\u0440\u0435\u0441\u0435\u0447\u0435\u043d\u043d\u043e\u0439 \u043c\u0435\u0441\u0442\u043d\u043e\u0441\u0442\u0438. \u041b\u0435\u0433\u043a\u0438\u0435, \u0434\u044b\u0448\u0430\u0449\u0438\u0435, \u0441 exceptional \u043a\u043e\u043c\u0444\u043e\u0440\u0442\u043e\u043c \u0438 \u043d\u0430\u0434\u0435\u0436\u043d\u044b\u043c \u0441\u0446\u0435\u043f\u043b\u0435\u043d\u0438\u0435\u043c. \u0418\u0434\u0435\u0430\u043b\u044c\u043d\u044b \u0434\u043b\u044f \u0442\u0440\u0435\u043d\u0438\u0440\u043e\u0432\u043e\u043a!\" \/>\n<meta property=\"og:url\" content=\"https:\/\/xstyle.md\/ro\/produs\/trp_language-languageru_rukrossovki-la-sportiva-karacal-sangria-hawaiian-sun-trp_languagetrp_language-languagero_roadidasi-pentru-barbati-la-sportiva-karacal-sangria-hawaiian-sun-trp_\/\" \/>\n<meta property=\"og:site_name\" content=\"\u041c\u0430\u0433\u0430\u0437\u0438\u043d Xstyle\" \/>\n<meta property=\"article:publisher\" content=\"https:\/\/www.facebook.com\/xstylemd\" \/>\n<meta property=\"article:modified_time\" content=\"2026-03-14T18:51:07+00:00\" \/>\n<meta property=\"og:image\" content=\"https:\/\/xstyle.md\/wp-content\/uploads\/2023\/04\/la-sportiva-karacal-sangria-hawaiian-sun.jpg\" \/>\n\t<meta property=\"og:image:width\" content=\"750\" \/>\n\t<meta property=\"og:image:height\" content=\"750\" \/>\n\t<meta property=\"og:image:type\" content=\"image\/jpeg\" \/>\n<meta name=\"twitter:card\" content=\"summary_large_image\" \/>\n<meta name=\"twitter:label1\" content=\"Disponibilitate\" \/>\n\t<meta name=\"twitter:data1\" content=\"\u00cen stoc\" \/>\n<script type=\"application\/ld+json\" class=\"yoast-schema-graph\">{\"@context\":\"https:\\\/\\\/schema.org\",\"@graph\":[{\"@type\":\"WebPage\",\"@id\":\"https:\\\/\\\/xstyle.md\\\/product\\\/trp_language-languageru_rukrossovki-la-sportiva-karacal-sangria-hawaiian-sun-trp_languagetrp_language-languagero_roadidasi-pentru-barbati-la-sportiva-karacal-sangria-hawaiian-sun-trp_\\\/\",\"url\":\"https:\\\/\\\/xstyle.md\\\/product\\\/trp_language-languageru_rukrossovki-la-sportiva-karacal-sangria-hawaiian-sun-trp_languagetrp_language-languagero_roadidasi-pentru-barbati-la-sportiva-karacal-sangria-hawaiian-sun-trp_\\\/\",\"name\":\"\u041a\u0440\u043e\u0441\u0441\u043e\u0432\u043a\u0438 La Sportiva Karacal sangria\\\/hawaiian sun - \u041c\u0430\u0433\u0430\u0437\u0438\u043d Xstyle\",\"isPartOf\":{\"@id\":\"https:\\\/\\\/xstyle.md\\\/#website\"},\"primaryImageOfPage\":{\"@id\":\"https:\\\/\\\/xstyle.md\\\/product\\\/trp_language-languageru_rukrossovki-la-sportiva-karacal-sangria-hawaiian-sun-trp_languagetrp_language-languagero_roadidasi-pentru-barbati-la-sportiva-karacal-sangria-hawaiian-sun-trp_\\\/#primaryimage\"},\"image\":{\"@id\":\"https:\\\/\\\/xstyle.md\\\/product\\\/trp_language-languageru_rukrossovki-la-sportiva-karacal-sangria-hawaiian-sun-trp_languagetrp_language-languagero_roadidasi-pentru-barbati-la-sportiva-karacal-sangria-hawaiian-sun-trp_\\\/#primaryimage\"},\"thumbnailUrl\":\"https:\\\/\\\/xstyle.md\\\/wp-content\\\/uploads\\\/2023\\\/04\\\/la-sportiva-karacal-sangria-hawaiian-sun.jpg\",\"datePublished\":\"2023-04-21T11:09:25+00:00\",\"dateModified\":\"2026-03-14T18:51:07+00:00\",\"description\":\"\u041a\u0440\u043e\u0441\u0441\u043e\u0432\u043a\u0438 La Sportiva Karacal \u0434\u043b\u044f \u0431\u0435\u0433\u0430 \u043f\u043e \u043f\u0435\u0440\u0435\u0441\u0435\u0447\u0435\u043d\u043d\u043e\u0439 \u043c\u0435\u0441\u0442\u043d\u043e\u0441\u0442\u0438. \u041b\u0435\u0433\u043a\u0438\u0435, \u0434\u044b\u0448\u0430\u0449\u0438\u0435, \u0441 exceptional \u043a\u043e\u043c\u0444\u043e\u0440\u0442\u043e\u043c \u0438 \u043d\u0430\u0434\u0435\u0436\u043d\u044b\u043c \u0441\u0446\u0435\u043f\u043b\u0435\u043d\u0438\u0435\u043c. \u0418\u0434\u0435\u0430\u043b\u044c\u043d\u044b \u0434\u043b\u044f \u0442\u0440\u0435\u043d\u0438\u0440\u043e\u0432\u043e\u043a!\",\"breadcrumb\":{\"@id\":\"https:\\\/\\\/xstyle.md\\\/product\\\/trp_language-languageru_rukrossovki-la-sportiva-karacal-sangria-hawaiian-sun-trp_languagetrp_language-languagero_roadidasi-pentru-barbati-la-sportiva-karacal-sangria-hawaiian-sun-trp_\\\/#breadcrumb\"},\"inLanguage\":\"ro-RO\",\"potentialAction\":[{\"@type\":\"ReadAction\",\"target\":[\"https:\\\/\\\/xstyle.md\\\/product\\\/trp_language-languageru_rukrossovki-la-sportiva-karacal-sangria-hawaiian-sun-trp_languagetrp_language-languagero_roadidasi-pentru-barbati-la-sportiva-karacal-sangria-hawaiian-sun-trp_\\\/\"]}]},{\"@type\":\"ImageObject\",\"inLanguage\":\"ro-RO\",\"@id\":\"https:\\\/\\\/xstyle.md\\\/product\\\/trp_language-languageru_rukrossovki-la-sportiva-karacal-sangria-hawaiian-sun-trp_languagetrp_language-languagero_roadidasi-pentru-barbati-la-sportiva-karacal-sangria-hawaiian-sun-trp_\\\/#primaryimage\",\"url\":\"https:\\\/\\\/xstyle.md\\\/wp-content\\\/uploads\\\/2023\\\/04\\\/la-sportiva-karacal-sangria-hawaiian-sun.jpg\",\"contentUrl\":\"https:\\\/\\\/xstyle.md\\\/wp-content\\\/uploads\\\/2023\\\/04\\\/la-sportiva-karacal-sangria-hawaiian-sun.jpg\",\"width\":750,\"height\":750,\"caption\":\"\u0422\u0440\u0435\u043d\u0438\u0440\u043e\u0432\u043e\u0447\u043d\u0430\u044f \u043e\u0431\u0443\u0432\u044c La Sportiva Karacal \u0434\u043b\u044f \u0430\u043a\u0442\u0438\u0432\u043d\u043e\u0433\u043e \u043e\u0431\u0440\u0430\u0437\u0430 \u0436\u0438\u0437\u043d\u0438, \u043f\u043e\u0434\u0445\u043e\u0434\u0438\u0442 \u0434\u043b\u044f \u0445\u0430\u0439\u043a\u0438\u043d\u0433\u0430, \u0430\u043b\u044c\u043f\u0438\u043d\u0438\u0437\u043c\u0430 \u0438 \u043f\u0443\u0442\u0435\u0448\u0435\u0441\u0442\u0432\u0438\u0439, \u043f\u0440\u043e\u0434\u0430\u0436\u0430 \u0441\u043f\u043e\u0440\u0442\u0438\u0432\u043d\u043e\u0439 \u043e\u0434\u0435\u0436\u0434\u044b \u0438 \u043e\u0431\u0443\u0432\u0438 \u043e\u043d\u043b\u0430\u0439\u043d\"},{\"@type\":\"BreadcrumbList\",\"@id\":\"https:\\\/\\\/xstyle.md\\\/product\\\/trp_language-languageru_rukrossovki-la-sportiva-karacal-sangria-hawaiian-sun-trp_languagetrp_language-languagero_roadidasi-pentru-barbati-la-sportiva-karacal-sangria-hawaiian-sun-trp_\\\/#breadcrumb\",\"itemListElement\":[{\"@type\":\"ListItem\",\"position\":1,\"name\":\"\u0413\u043b\u0430\u0432\u043d\u0430\u044f \u0441\u0442\u0440\u0430\u043d\u0438\u0446\u0430\",\"item\":\"https:\\\/\\\/xstyle.md\\\/\"},{\"@type\":\"ListItem\",\"position\":2,\"name\":\"\u041c\u0430\u0433\u0430\u0437\u0438\u043d\",\"item\":\"https:\\\/\\\/xstyle.md\\\/shop\\\/\"},{\"@type\":\"ListItem\",\"position\":3,\"name\":\"\u041a\u0440\u043e\u0441\u0441\u043e\u0432\u043a\u0438 La Sportiva Karacal sangria\\\/hawaiian sun\"}]},{\"@type\":\"WebSite\",\"@id\":\"https:\\\/\\\/xstyle.md\\\/#website\",\"url\":\"https:\\\/\\\/xstyle.md\\\/\",\"name\":\"\u041c\u0430\u0433\u0430\u0437\u0438\u043d Xstyle\",\"description\":\"C\u043d\u0430\u0440\u044f\u0436\u0435\u043d\u0438\u0435 \u0434\u043b\u044f \u0442\u0443\u0440\u0438\u0437\u043c\u0430 \u0438 \u044d\u043a\u0441\u0442\u0440\u0435\u043c\u0430\u043b\u044c\u043d\u044b\u0445 \u0432\u0438\u0434\u043e\u0432 \u0441\u043f\u043e\u0440\u0442\u0430 \u0432 \u041c\u043e\u043b\u0434\u043e\u0432\u0435.. \u0426\u0435\u043d\u044b, \u0444\u043e\u0442\u043e, \u0445\u0430\u0440\u0430\u043a\u0442\u0435\u0440\u0438\u0441\u0442\u0438\u043a\u0438 \u0432 \u041c\u043e\u043b\u0434\u043e\u0432\u0435.\",\"publisher\":{\"@id\":\"https:\\\/\\\/xstyle.md\\\/#organization\"},\"alternateName\":\"X-Style\",\"potentialAction\":[{\"@type\":\"SearchAction\",\"target\":{\"@type\":\"EntryPoint\",\"urlTemplate\":\"https:\\\/\\\/xstyle.md\\\/?s={search_term_string}\"},\"query-input\":{\"@type\":\"PropertyValueSpecification\",\"valueRequired\":true,\"valueName\":\"search_term_string\"}}],\"inLanguage\":\"ro-RO\"},{\"@type\":\"Organization\",\"@id\":\"https:\\\/\\\/xstyle.md\\\/#organization\",\"name\":\"\u041c\u0430\u0433\u0430\u0437\u0438\u043d Xstyle\",\"alternateName\":\"x-style\",\"url\":\"https:\\\/\\\/xstyle.md\\\/\",\"logo\":{\"@type\":\"ImageObject\",\"inLanguage\":\"ro-RO\",\"@id\":\"https:\\\/\\\/xstyle.md\\\/#\\\/schema\\\/logo\\\/image\\\/\",\"url\":\"https:\\\/\\\/xstyle.md\\\/wp-content\\\/uploads\\\/2020\\\/06\\\/logoicon.svg\",\"contentUrl\":\"https:\\\/\\\/xstyle.md\\\/wp-content\\\/uploads\\\/2020\\\/06\\\/logoicon.svg\",\"caption\":\"\u041c\u0430\u0433\u0430\u0437\u0438\u043d Xstyle\"},\"image\":{\"@id\":\"https:\\\/\\\/xstyle.md\\\/#\\\/schema\\\/logo\\\/image\\\/\"},\"sameAs\":[\"https:\\\/\\\/www.facebook.com\\\/xstylemd\",\"https:\\\/\\\/www.instagram.com\\\/xstyle_md\\\/\",\"https:\\\/\\\/t.me\\\/xstyle_outdoor\"],\"hasMerchantReturnPolicy\":{\"@type\":\"MerchantReturnPolicy\",\"merchantReturnLink\":\"https:\\\/\\\/xstyle.md\\\/ro\\\/conditions\\\/\"}}]}<\/script>\n<meta property=\"og:availability\" content=\"instock\" \/>\n<meta property=\"product:availability\" content=\"instock\" \/>\n<meta property=\"product:retailer_item_id\" content=\"X8020647181162\" \/>\n<meta property=\"product:condition\" content=\"new\" \/>\n<!-- \/ Yoast SEO plugin. -->","yoast_head_json":{"title":"Adida\u0219i pentru b\u0103rba\u021bi La Sportiva Karacal sangria\/hawaiian sun - Magazin Xstyle","description":"Pantofii sport La Sportiva Karacal pentru alergare pe teren accidentat. U\u0219ori, respirabili, cu un confort exceptionnel \u0219i o aderen\u021b\u0103 fiabil\u0103. Ideali pentru antrenamente!","robots":{"index":"index","follow":"follow","max-snippet":"max-snippet:-1","max-image-preview":"max-image-preview:large","max-video-preview":"max-video-preview:-1"},"canonical":"https:\/\/xstyle.md\/ro\/produs\/trp_language-languageru_rukrossovki-la-sportiva-karacal-sangria-hawaiian-sun-trp_languagetrp_language-languagero_roadidasi-pentru-barbati-la-sportiva-karacal-sangria-hawaiian-sun-trp_\/","og_locale":"ro_RO","og_type":"article","og_title":"\u041a\u0440\u043e\u0441\u0441\u043e\u0432\u043a\u0438 La Sportiva Karacal sangria\/hawaiian sun - \u041c\u0430\u0433\u0430\u0437\u0438\u043d Xstyle","og_description":"\u041a\u0440\u043e\u0441\u0441\u043e\u0432\u043a\u0438 La Sportiva Karacal \u0434\u043b\u044f \u0431\u0435\u0433\u0430 \u043f\u043e \u043f\u0435\u0440\u0435\u0441\u0435\u0447\u0435\u043d\u043d\u043e\u0439 \u043c\u0435\u0441\u0442\u043d\u043e\u0441\u0442\u0438. \u041b\u0435\u0433\u043a\u0438\u0435, \u0434\u044b\u0448\u0430\u0449\u0438\u0435, \u0441 exceptional \u043a\u043e\u043c\u0444\u043e\u0440\u0442\u043e\u043c \u0438 \u043d\u0430\u0434\u0435\u0436\u043d\u044b\u043c \u0441\u0446\u0435\u043f\u043b\u0435\u043d\u0438\u0435\u043c. \u0418\u0434\u0435\u0430\u043b\u044c\u043d\u044b \u0434\u043b\u044f \u0442\u0440\u0435\u043d\u0438\u0440\u043e\u0432\u043e\u043a!","og_url":"https:\/\/xstyle.md\/ro\/produs\/trp_language-languageru_rukrossovki-la-sportiva-karacal-sangria-hawaiian-sun-trp_languagetrp_language-languagero_roadidasi-pentru-barbati-la-sportiva-karacal-sangria-hawaiian-sun-trp_\/","og_site_name":"\u041c\u0430\u0433\u0430\u0437\u0438\u043d Xstyle","article_publisher":"https:\/\/www.facebook.com\/xstylemd","article_modified_time":"2026-03-14T18:51:07+00:00","og_image":[{"width":750,"height":750,"url":"https:\/\/xstyle.md\/wp-content\/uploads\/2023\/04\/la-sportiva-karacal-sangria-hawaiian-sun.jpg","type":"image\/jpeg"}],"twitter_card":"summary_large_image","twitter_misc":{"Disponibilitate":"\u00cen stoc"},"schema":{"@context":"https:\/\/schema.org","@graph":[{"@type":"WebPage","@id":"https:\/\/xstyle.md\/product\/trp_language-languageru_rukrossovki-la-sportiva-karacal-sangria-hawaiian-sun-trp_languagetrp_language-languagero_roadidasi-pentru-barbati-la-sportiva-karacal-sangria-hawaiian-sun-trp_\/","url":"https:\/\/xstyle.md\/product\/trp_language-languageru_rukrossovki-la-sportiva-karacal-sangria-hawaiian-sun-trp_languagetrp_language-languagero_roadidasi-pentru-barbati-la-sportiva-karacal-sangria-hawaiian-sun-trp_\/","name":"Adida\u0219i pentru b\u0103rba\u021bi La Sportiva Karacal sangria\/hawaiian sun - Magazin Xstyle","isPartOf":{"@id":"https:\/\/xstyle.md\/#website"},"primaryImageOfPage":{"@id":"https:\/\/xstyle.md\/product\/trp_language-languageru_rukrossovki-la-sportiva-karacal-sangria-hawaiian-sun-trp_languagetrp_language-languagero_roadidasi-pentru-barbati-la-sportiva-karacal-sangria-hawaiian-sun-trp_\/#primaryimage"},"image":{"@id":"https:\/\/xstyle.md\/product\/trp_language-languageru_rukrossovki-la-sportiva-karacal-sangria-hawaiian-sun-trp_languagetrp_language-languagero_roadidasi-pentru-barbati-la-sportiva-karacal-sangria-hawaiian-sun-trp_\/#primaryimage"},"thumbnailUrl":"https:\/\/xstyle.md\/wp-content\/uploads\/2023\/04\/la-sportiva-karacal-sangria-hawaiian-sun.jpg","datePublished":"2023-04-21T11:09:25+00:00","dateModified":"2026-03-14T18:51:07+00:00","description":"Pantofii sport La Sportiva Karacal pentru alergare pe teren accidentat. U\u0219ori, respirabili, cu un confort exceptionnel \u0219i o aderen\u021b\u0103 fiabil\u0103. Ideali pentru antrenamente!","breadcrumb":{"@id":"https:\/\/xstyle.md\/product\/trp_language-languageru_rukrossovki-la-sportiva-karacal-sangria-hawaiian-sun-trp_languagetrp_language-languagero_roadidasi-pentru-barbati-la-sportiva-karacal-sangria-hawaiian-sun-trp_\/#breadcrumb"},"inLanguage":"ro-RO","potentialAction":[{"@type":"ReadAction","target":["https:\/\/xstyle.md\/product\/trp_language-languageru_rukrossovki-la-sportiva-karacal-sangria-hawaiian-sun-trp_languagetrp_language-languagero_roadidasi-pentru-barbati-la-sportiva-karacal-sangria-hawaiian-sun-trp_\/"]}]},{"@type":"ImageObject","inLanguage":"ro-RO","@id":"https:\/\/xstyle.md\/product\/trp_language-languageru_rukrossovki-la-sportiva-karacal-sangria-hawaiian-sun-trp_languagetrp_language-languagero_roadidasi-pentru-barbati-la-sportiva-karacal-sangria-hawaiian-sun-trp_\/#primaryimage","url":"https:\/\/xstyle.md\/wp-content\/uploads\/2023\/04\/la-sportiva-karacal-sangria-hawaiian-sun.jpg","contentUrl":"https:\/\/xstyle.md\/wp-content\/uploads\/2023\/04\/la-sportiva-karacal-sangria-hawaiian-sun.jpg","width":750,"height":750,"caption":"\u0422\u0440\u0435\u043d\u0438\u0440\u043e\u0432\u043e\u0447\u043d\u0430\u044f \u043e\u0431\u0443\u0432\u044c La Sportiva Karacal \u0434\u043b\u044f \u0430\u043a\u0442\u0438\u0432\u043d\u043e\u0433\u043e \u043e\u0431\u0440\u0430\u0437\u0430 \u0436\u0438\u0437\u043d\u0438, \u043f\u043e\u0434\u0445\u043e\u0434\u0438\u0442 \u0434\u043b\u044f \u0445\u0430\u0439\u043a\u0438\u043d\u0433\u0430, \u0430\u043b\u044c\u043f\u0438\u043d\u0438\u0437\u043c\u0430 \u0438 \u043f\u0443\u0442\u0435\u0448\u0435\u0441\u0442\u0432\u0438\u0439, \u043f\u0440\u043e\u0434\u0430\u0436\u0430 \u0441\u043f\u043e\u0440\u0442\u0438\u0432\u043d\u043e\u0439 \u043e\u0434\u0435\u0436\u0434\u044b \u0438 \u043e\u0431\u0443\u0432\u0438 \u043e\u043d\u043b\u0430\u0439\u043d"},{"@type":"BreadcrumbList","@id":"https:\/\/xstyle.md\/product\/trp_language-languageru_rukrossovki-la-sportiva-karacal-sangria-hawaiian-sun-trp_languagetrp_language-languagero_roadidasi-pentru-barbati-la-sportiva-karacal-sangria-hawaiian-sun-trp_\/#breadcrumb","itemListElement":[{"@type":"ListItem","position":1,"name":"\u0413\u043b\u0430\u0432\u043d\u0430\u044f \u0441\u0442\u0440\u0430\u043d\u0438\u0446\u0430","item":"https:\/\/xstyle.md\/"},{"@type":"ListItem","position":2,"name":"\u041c\u0430\u0433\u0430\u0437\u0438\u043d","item":"https:\/\/xstyle.md\/shop\/"},{"@type":"ListItem","position":3,"name":"\u041a\u0440\u043e\u0441\u0441\u043e\u0432\u043a\u0438 La Sportiva Karacal sangria\/hawaiian sun"}]},{"@type":"WebSite","@id":"https:\/\/xstyle.md\/#website","url":"https:\/\/xstyle.md\/","name":"Magazinul X-Style","description":"Echipamente pentru turism \u0219i sporturi extreme \u00een Moldova. Pre\u021buri, fotografii, caracteristici \u00een Moldova.","publisher":{"@id":"https:\/\/xstyle.md\/#organization"},"alternateName":"X-Style","potentialAction":[{"@type":"SearchAction","target":{"@type":"EntryPoint","urlTemplate":"https:\/\/xstyle.md\/?s={search_term_string}"},"query-input":{"@type":"PropertyValueSpecification","valueRequired":true,"valueName":"search_term_string"}}],"inLanguage":"ro-RO"},{"@type":"Organization","@id":"https:\/\/xstyle.md\/#organization","name":"Magazinul X-Style","alternateName":"x-style","url":"https:\/\/xstyle.md\/","logo":{"@type":"ImageObject","inLanguage":"ro-RO","@id":"https:\/\/xstyle.md\/#\/schema\/logo\/image\/","url":"https:\/\/xstyle.md\/wp-content\/uploads\/2020\/06\/logoicon.svg","contentUrl":"https:\/\/xstyle.md\/wp-content\/uploads\/2020\/06\/logoicon.svg","caption":"\u041c\u0430\u0433\u0430\u0437\u0438\u043d Xstyle"},"image":{"@id":"https:\/\/xstyle.md\/#\/schema\/logo\/image\/"},"sameAs":["https:\/\/www.facebook.com\/xstylemd","https:\/\/www.instagram.com\/xstyle_md\/","https:\/\/t.me\/xstyle_outdoor"],"hasMerchantReturnPolicy":{"@type":"MerchantReturnPolicy","merchantReturnLink":"https:\/\/xstyle.md\/ro\/conditions\/"}}]},"og_availability":"instock","product_availability":"instock","product_retailer_item_id":"X8020647181162","product_condition":"new"},"_links":{"self":[{"href":"https:\/\/xstyle.md\/ro\/wp-json\/wp\/v2\/product\/67267","targetHints":{"allow":["GET"]}}],"collection":[{"href":"https:\/\/xstyle.md\/ro\/wp-json\/wp\/v2\/product"}],"about":[{"href":"https:\/\/xstyle.md\/ro\/wp-json\/wp\/v2\/types\/product"}],"replies":[{"embeddable":true,"href":"https:\/\/xstyle.md\/ro\/wp-json\/wp\/v2\/comments?post=67267"}],"wp:featuredmedia":[{"embeddable":true,"href":"https:\/\/xstyle.md\/ro\/wp-json\/wp\/v2\/media\/67727"}],"wp:attachment":[{"href":"https:\/\/xstyle.md\/ro\/wp-json\/wp\/v2\/media?parent=67267"}],"wp:term":[{"taxonomy":"product_brand","embeddable":true,"href":"https:\/\/xstyle.md\/ro\/wp-json\/wp\/v2\/product_brand?post=67267"},{"taxonomy":"product_cat","embeddable":true,"href":"https:\/\/xstyle.md\/ro\/wp-json\/wp\/v2\/product_cat?post=67267"},{"taxonomy":"product_tag","embeddable":true,"href":"https:\/\/xstyle.md\/ro\/wp-json\/wp\/v2\/product_tag?post=67267"}],"curies":[{"name":"wp","href":"https:\/\/api.w.org\/{rel}","templated":true}]}}