{"id":66967,"date":"2023-04-13T16:42:51","date_gmt":"2023-04-13T13:42:51","guid":{"rendered":"https:\/\/xstyle.md\/?post_type=product&#038;p=66967"},"modified":"2025-10-24T12:55:49","modified_gmt":"2025-10-24T09:55:49","slug":"nabor-dlya-rezby-po-derevu-mora-woodcarving-kit-dalahorse-120","status":"publish","type":"product","link":"https:\/\/xstyle.md\/ro\/produs\/nabor-dlya-rezby-po-derevu-mora-woodcarving-kit-dalahorse-120\/","title":{"rendered":"Set de sculptat \u00een lemn Mora Woodcarving Kit Dalahorse 120"},"content":{"rendered":"<\/p>\n<p><strong>Mora Woodcarving Kit Dalahorse 120<\/strong> &#8212; cu\u021bit pentru sculptur\u0103 \u00een lemn, sculptur\u0103 juc\u0103rii din lemn, figurine. Excelent pentru sculptarea lingurilor. M\u00e2nerul cu\u021bitului este fabricat din mesteac\u0103n. Cu\u021bitul este completat cu o teac\u0103 din plastic. Lama cu\u021bitului este fabricat\u0103 din o\u021bel laminat, are descinderi scandinave. Modelul 120 este cel mai convenabil cu\u021bit pentru decuparea elementelor mici, este cel mai popular cu\u021bit din seria WoodCarving.<\/p>\n<p>Lama este fabricat\u0103 din o\u021bel carbon. O\u021belul carbon este un o\u021bel destul de moale, ceea ce face ca lama s\u0103 fie u\u0219or de \u00eendreptat \u0219i ascu\u021bit chiar \u0219i pe teren. O\u021belul cu carbon rugine\u0219te \u0219i, \u00een timp, se acoper\u0103 cu o pelicul\u0103 de oxid, gri sau maro, dar pelicula de oxid, spre deosebire de rugin\u0103, nu are niciun efect negativ asupra lamei.<\/p>\n<p>M\u00e2nerul este realizat din lemn natural, tratat cu un compus special care \u00eei confer\u0103 durabilitate \u0219i protec\u021bie \u00eempotriva influen\u021belor externe. Lemnul este unul dintre cele mai tradi\u021bionale \u0219i r\u0103sp\u00e2ndite materiale pentru m\u00e2nerele cu\u021bitelor. Principalul avantaj al lemnului este c\u0103, datorit\u0103 texturii sale, v\u0103 permite s\u0103 modela\u021bi f\u0103r\u0103 efort aproape orice form\u0103 artistic\u0103 a m\u00e2nerului. Este folosit \u00een mod tradi\u021bional la cu\u021bitele de v\u00e2n\u0103toare.<\/p>\n<h3>Caracteristici<\/h3>\n<ul>\n<li>Tip de cu\u021bit: nepliabil<\/li>\n<li>Teac\u0103 inclus\u0103<\/li>\n<li>Tip de t\u0103i\u0219: regulat<\/li>\n<li>Lungime total\u0103: 16,8 cm<\/li>\n<li>Lungimea lamei: 6 cm<\/li>\n<li>Material m\u00e2ner: lemn<\/li>\n<li>Duritatea o\u021belului: 59-61 HRC<\/li>\n<li>Calitatea o\u021belului: o\u021bel carbon<\/li>\n<li>Greutate: 56 g.<\/li>\n<\/ul>\n<p><\/p>","protected":false},"excerpt":{"rendered":"","protected":false},"featured_media":67176,"comment_status":"open","ping_status":"closed","template":"","meta":{"_acf_changed":false,"inline_featured_image":false},"product_brand":[1368],"product_cat":[169],"product_tag":[],"class_list":{"0":"post-66967","1":"product","2":"type-product","3":"status-publish","4":"has-post-thumbnail","6":"product_brand-mora","7":"product_cat-knives","9":"first","10":"instock","11":"shipping-taxable","12":"purchasable","13":"product-type-simple"},"acf":[],"yoast_head":"<!-- This site is optimized with the Yoast SEO plugin v27.4 - https:\/\/yoast.com\/product\/yoast-seo-wordpress\/ -->\n<title>\u041d\u0430\u0431\u043e\u0440 \u0434\u043b\u044f \u0440\u0435\u0437\u044c\u0431\u044b \u043f\u043e \u0434\u0435\u0440\u0435\u0432\u0443 Mora Woodcarving Kit Dalahorse 120 - \u041c\u0430\u0433\u0430\u0437\u0438\u043d Xstyle<\/title>\n<meta name=\"description\" content=\"\u041d\u0430\u0431\u043e\u0440 \u0434\u043b\u044f \u0440\u0435\u0437\u044c\u0431\u044b \u043f\u043e \u0434\u0435\u0440\u0435\u0432\u0443 Mora Dalahorse 120 - \u0438\u0434\u0435\u0430\u043b\u044c\u043d\u044b\u0439 \u0438\u043d\u0441\u0442\u0440\u0443\u043c\u0435\u043d\u0442 \u0434\u043b\u044f \u0441\u043a\u0443\u043b\u044c\u043f\u0442\u0443\u0440\u044b \u0438 \u0441\u043e\u0437\u0434\u0430\u043d\u0438\u044f \u0438\u0433\u0440\u0443\u0448\u0435\u043a \u0438\u0437 \u0434\u0435\u0440\u0435\u0432\u0430. \u0423\u0434\u043e\u0431\u043d\u044b\u0439, \u043e\u0441\u0442\u0440\u044b\u0439 \u0438 \u043d\u0430\u0434\u0435\u0436\u043d\u044b\u0439!\" \/>\n<meta name=\"robots\" content=\"index, follow, max-snippet:-1, max-image-preview:large, max-video-preview:-1\" \/>\n<link rel=\"canonical\" href=\"https:\/\/xstyle.md\/ro\/produs\/nabor-dlya-rezby-po-derevu-mora-woodcarving-kit-dalahorse-120\/\" \/>\n<meta property=\"og:locale\" content=\"ro_RO\" \/>\n<meta property=\"og:type\" content=\"article\" \/>\n<meta property=\"og:title\" content=\"\u041d\u0430\u0431\u043e\u0440 \u0434\u043b\u044f \u0440\u0435\u0437\u044c\u0431\u044b \u043f\u043e \u0434\u0435\u0440\u0435\u0432\u0443 Mora Woodcarving Kit Dalahorse 120 - \u041c\u0430\u0433\u0430\u0437\u0438\u043d Xstyle\" \/>\n<meta property=\"og:description\" content=\"\u041d\u0430\u0431\u043e\u0440 \u0434\u043b\u044f \u0440\u0435\u0437\u044c\u0431\u044b \u043f\u043e \u0434\u0435\u0440\u0435\u0432\u0443 Mora Dalahorse 120 - \u0438\u0434\u0435\u0430\u043b\u044c\u043d\u044b\u0439 \u0438\u043d\u0441\u0442\u0440\u0443\u043c\u0435\u043d\u0442 \u0434\u043b\u044f \u0441\u043a\u0443\u043b\u044c\u043f\u0442\u0443\u0440\u044b \u0438 \u0441\u043e\u0437\u0434\u0430\u043d\u0438\u044f \u0438\u0433\u0440\u0443\u0448\u0435\u043a \u0438\u0437 \u0434\u0435\u0440\u0435\u0432\u0430. \u0423\u0434\u043e\u0431\u043d\u044b\u0439, \u043e\u0441\u0442\u0440\u044b\u0439 \u0438 \u043d\u0430\u0434\u0435\u0436\u043d\u044b\u0439!\" \/>\n<meta property=\"og:url\" content=\"https:\/\/xstyle.md\/ro\/produs\/nabor-dlya-rezby-po-derevu-mora-woodcarving-kit-dalahorse-120\/\" \/>\n<meta property=\"og:site_name\" content=\"\u041c\u0430\u0433\u0430\u0437\u0438\u043d Xstyle\" \/>\n<meta property=\"article:publisher\" content=\"https:\/\/www.facebook.com\/xstylemd\" \/>\n<meta property=\"article:modified_time\" content=\"2025-10-24T09:55:49+00:00\" \/>\n<meta property=\"og:image\" content=\"https:\/\/xstyle.md\/wp-content\/uploads\/2023\/04\/mora-woodcarving-kit-dalahorse-120.jpg\" \/>\n\t<meta property=\"og:image:width\" content=\"849\" \/>\n\t<meta property=\"og:image:height\" content=\"817\" \/>\n\t<meta property=\"og:image:type\" content=\"image\/jpeg\" \/>\n<meta name=\"twitter:card\" content=\"summary_large_image\" \/>\n<meta name=\"twitter:label1\" content=\"Pre\u021b\" \/>\n\t<meta name=\"twitter:data1\" content=\"1.190&nbsp;MDL\" \/>\n\t<meta name=\"twitter:label2\" content=\"Disponibilitate\" \/>\n\t<meta name=\"twitter:data2\" content=\"\u00cen stoc\" \/>\n<script type=\"application\/ld+json\" class=\"yoast-schema-graph\">{\"@context\":\"https:\\\/\\\/schema.org\",\"@graph\":[{\"@type\":\"WebPage\",\"@id\":\"https:\\\/\\\/xstyle.md\\\/product\\\/nabor-dlya-rezby-po-derevu-mora-woodcarving-kit-dalahorse-120\\\/\",\"url\":\"https:\\\/\\\/xstyle.md\\\/product\\\/nabor-dlya-rezby-po-derevu-mora-woodcarving-kit-dalahorse-120\\\/\",\"name\":\"\u041d\u0430\u0431\u043e\u0440 \u0434\u043b\u044f \u0440\u0435\u0437\u044c\u0431\u044b \u043f\u043e \u0434\u0435\u0440\u0435\u0432\u0443 Mora Woodcarving Kit Dalahorse 120 - \u041c\u0430\u0433\u0430\u0437\u0438\u043d Xstyle\",\"isPartOf\":{\"@id\":\"https:\\\/\\\/xstyle.md\\\/#website\"},\"primaryImageOfPage\":{\"@id\":\"https:\\\/\\\/xstyle.md\\\/product\\\/nabor-dlya-rezby-po-derevu-mora-woodcarving-kit-dalahorse-120\\\/#primaryimage\"},\"image\":{\"@id\":\"https:\\\/\\\/xstyle.md\\\/product\\\/nabor-dlya-rezby-po-derevu-mora-woodcarving-kit-dalahorse-120\\\/#primaryimage\"},\"thumbnailUrl\":\"https:\\\/\\\/xstyle.md\\\/wp-content\\\/uploads\\\/2023\\\/04\\\/mora-woodcarving-kit-dalahorse-120.jpg\",\"datePublished\":\"2023-04-13T13:42:51+00:00\",\"dateModified\":\"2025-10-24T09:55:49+00:00\",\"description\":\"\u041d\u0430\u0431\u043e\u0440 \u0434\u043b\u044f \u0440\u0435\u0437\u044c\u0431\u044b \u043f\u043e \u0434\u0435\u0440\u0435\u0432\u0443 Mora Dalahorse 120 - \u0438\u0434\u0435\u0430\u043b\u044c\u043d\u044b\u0439 \u0438\u043d\u0441\u0442\u0440\u0443\u043c\u0435\u043d\u0442 \u0434\u043b\u044f \u0441\u043a\u0443\u043b\u044c\u043f\u0442\u0443\u0440\u044b \u0438 \u0441\u043e\u0437\u0434\u0430\u043d\u0438\u044f \u0438\u0433\u0440\u0443\u0448\u0435\u043a \u0438\u0437 \u0434\u0435\u0440\u0435\u0432\u0430. \u0423\u0434\u043e\u0431\u043d\u044b\u0439, \u043e\u0441\u0442\u0440\u044b\u0439 \u0438 \u043d\u0430\u0434\u0435\u0436\u043d\u044b\u0439!\",\"breadcrumb\":{\"@id\":\"https:\\\/\\\/xstyle.md\\\/product\\\/nabor-dlya-rezby-po-derevu-mora-woodcarving-kit-dalahorse-120\\\/#breadcrumb\"},\"inLanguage\":\"ro-RO\",\"potentialAction\":[{\"@type\":\"ReadAction\",\"target\":[\"https:\\\/\\\/xstyle.md\\\/product\\\/nabor-dlya-rezby-po-derevu-mora-woodcarving-kit-dalahorse-120\\\/\"]}]},{\"@type\":\"ImageObject\",\"inLanguage\":\"ro-RO\",\"@id\":\"https:\\\/\\\/xstyle.md\\\/product\\\/nabor-dlya-rezby-po-derevu-mora-woodcarving-kit-dalahorse-120\\\/#primaryimage\",\"url\":\"https:\\\/\\\/xstyle.md\\\/wp-content\\\/uploads\\\/2023\\\/04\\\/mora-woodcarving-kit-dalahorse-120.jpg\",\"contentUrl\":\"https:\\\/\\\/xstyle.md\\\/wp-content\\\/uploads\\\/2023\\\/04\\\/mora-woodcarving-kit-dalahorse-120.jpg\",\"width\":849,\"height\":817,\"caption\":\"\u041d\u0430\u0431\u043e\u0440 \u0434\u043b\u044f \u0440\u0435\u0437\u044c\u0431\u044b \u043f\u043e \u0434\u0435\u0440\u0435\u0432\u0443 Mora Woodcarving Kit Dalahorse 120 \u0434\u043b\u044f \u0430\u043a\u0442\u0438\u0432\u043d\u043e\u0433\u043e \u043e\u0442\u0434\u044b\u0445\u0430, \u043f\u0440\u043e\u0433\u0443\u043b\u043e\u043a \u0441 \u043e\u0431\u0443\u0432\u044c\u044e \u0438 \u043e\u0434\u0435\u0436\u0434\u043e\u0439 \u0434\u043b\u044f \u0442\u0443\u0440\u0438\u0441\u0442\u043e\u0432 \u0438 \u043b\u044e\u0431\u0438\u0442\u0435\u043b\u0435\u0439 \u043f\u0443\u0442\u0435\u0448\u0435\u0441\u0442\u0432\u0438\u0439\"},{\"@type\":\"BreadcrumbList\",\"@id\":\"https:\\\/\\\/xstyle.md\\\/product\\\/nabor-dlya-rezby-po-derevu-mora-woodcarving-kit-dalahorse-120\\\/#breadcrumb\",\"itemListElement\":[{\"@type\":\"ListItem\",\"position\":1,\"name\":\"\u0413\u043b\u0430\u0432\u043d\u0430\u044f \u0441\u0442\u0440\u0430\u043d\u0438\u0446\u0430\",\"item\":\"https:\\\/\\\/xstyle.md\\\/\"},{\"@type\":\"ListItem\",\"position\":2,\"name\":\"\u041c\u0430\u0433\u0430\u0437\u0438\u043d\",\"item\":\"https:\\\/\\\/xstyle.md\\\/shop\\\/\"},{\"@type\":\"ListItem\",\"position\":3,\"name\":\"\u041d\u0430\u0431\u043e\u0440 \u0434\u043b\u044f \u0440\u0435\u0437\u044c\u0431\u044b \u043f\u043e \u0434\u0435\u0440\u0435\u0432\u0443 Mora Woodcarving Kit Dalahorse 120\"}]},{\"@type\":\"WebSite\",\"@id\":\"https:\\\/\\\/xstyle.md\\\/#website\",\"url\":\"https:\\\/\\\/xstyle.md\\\/\",\"name\":\"\u041c\u0430\u0433\u0430\u0437\u0438\u043d Xstyle\",\"description\":\"C\u043d\u0430\u0440\u044f\u0436\u0435\u043d\u0438\u0435 \u0434\u043b\u044f \u0442\u0443\u0440\u0438\u0437\u043c\u0430 \u0438 \u044d\u043a\u0441\u0442\u0440\u0435\u043c\u0430\u043b\u044c\u043d\u044b\u0445 \u0432\u0438\u0434\u043e\u0432 \u0441\u043f\u043e\u0440\u0442\u0430 \u0432 \u041c\u043e\u043b\u0434\u043e\u0432\u0435.. \u0426\u0435\u043d\u044b, \u0444\u043e\u0442\u043e, \u0445\u0430\u0440\u0430\u043a\u0442\u0435\u0440\u0438\u0441\u0442\u0438\u043a\u0438 \u0432 \u041c\u043e\u043b\u0434\u043e\u0432\u0435.\",\"publisher\":{\"@id\":\"https:\\\/\\\/xstyle.md\\\/#organization\"},\"alternateName\":\"X-Style\",\"potentialAction\":[{\"@type\":\"SearchAction\",\"target\":{\"@type\":\"EntryPoint\",\"urlTemplate\":\"https:\\\/\\\/xstyle.md\\\/?s={search_term_string}\"},\"query-input\":{\"@type\":\"PropertyValueSpecification\",\"valueRequired\":true,\"valueName\":\"search_term_string\"}}],\"inLanguage\":\"ro-RO\"},{\"@type\":\"Organization\",\"@id\":\"https:\\\/\\\/xstyle.md\\\/#organization\",\"name\":\"\u041c\u0430\u0433\u0430\u0437\u0438\u043d Xstyle\",\"alternateName\":\"x-style\",\"url\":\"https:\\\/\\\/xstyle.md\\\/\",\"logo\":{\"@type\":\"ImageObject\",\"inLanguage\":\"ro-RO\",\"@id\":\"https:\\\/\\\/xstyle.md\\\/#\\\/schema\\\/logo\\\/image\\\/\",\"url\":\"https:\\\/\\\/xstyle.md\\\/wp-content\\\/uploads\\\/2020\\\/06\\\/logoicon.svg\",\"contentUrl\":\"https:\\\/\\\/xstyle.md\\\/wp-content\\\/uploads\\\/2020\\\/06\\\/logoicon.svg\",\"caption\":\"\u041c\u0430\u0433\u0430\u0437\u0438\u043d Xstyle\"},\"image\":{\"@id\":\"https:\\\/\\\/xstyle.md\\\/#\\\/schema\\\/logo\\\/image\\\/\"},\"sameAs\":[\"https:\\\/\\\/www.facebook.com\\\/xstylemd\",\"https:\\\/\\\/www.instagram.com\\\/xstyle_md\\\/\",\"https:\\\/\\\/t.me\\\/xstyle_outdoor\"],\"hasMerchantReturnPolicy\":{\"@type\":\"MerchantReturnPolicy\",\"merchantReturnLink\":\"https:\\\/\\\/xstyle.md\\\/ro\\\/conditions\\\/\"}}]}<\/script>\n<meta property=\"product:price:amount\" content=\"1190.00\" \/>\n<meta property=\"product:price:currency\" content=\"MDL\" \/>\n<meta property=\"og:availability\" content=\"instock\" \/>\n<meta property=\"product:availability\" content=\"instock\" \/>\n<meta property=\"product:retailer_item_id\" content=\"7391846026341\" \/>\n<meta property=\"product:condition\" content=\"new\" \/>\n<!-- \/ Yoast SEO plugin. -->","yoast_head_json":{"title":"Set de sculptat \u00een lemn Mora Woodcarving Kit Dalahorse 120 - Magazin Xstyle","description":"Setul pentru sculptura in lemn Mora Dalahorse 120 - un instrument ideal pentru sculptur\u0103 \u0219i crearea juc\u0103riilor din lemn. U\u0219or de folosit, ascu\u021bit \u0219i fiabil!","robots":{"index":"index","follow":"follow","max-snippet":"max-snippet:-1","max-image-preview":"max-image-preview:large","max-video-preview":"max-video-preview:-1"},"canonical":"https:\/\/xstyle.md\/ro\/produs\/nabor-dlya-rezby-po-derevu-mora-woodcarving-kit-dalahorse-120\/","og_locale":"ro_RO","og_type":"article","og_title":"\u041d\u0430\u0431\u043e\u0440 \u0434\u043b\u044f \u0440\u0435\u0437\u044c\u0431\u044b \u043f\u043e \u0434\u0435\u0440\u0435\u0432\u0443 Mora Woodcarving Kit Dalahorse 120 - \u041c\u0430\u0433\u0430\u0437\u0438\u043d Xstyle","og_description":"\u041d\u0430\u0431\u043e\u0440 \u0434\u043b\u044f \u0440\u0435\u0437\u044c\u0431\u044b \u043f\u043e \u0434\u0435\u0440\u0435\u0432\u0443 Mora Dalahorse 120 - \u0438\u0434\u0435\u0430\u043b\u044c\u043d\u044b\u0439 \u0438\u043d\u0441\u0442\u0440\u0443\u043c\u0435\u043d\u0442 \u0434\u043b\u044f \u0441\u043a\u0443\u043b\u044c\u043f\u0442\u0443\u0440\u044b \u0438 \u0441\u043e\u0437\u0434\u0430\u043d\u0438\u044f \u0438\u0433\u0440\u0443\u0448\u0435\u043a \u0438\u0437 \u0434\u0435\u0440\u0435\u0432\u0430. \u0423\u0434\u043e\u0431\u043d\u044b\u0439, \u043e\u0441\u0442\u0440\u044b\u0439 \u0438 \u043d\u0430\u0434\u0435\u0436\u043d\u044b\u0439!","og_url":"https:\/\/xstyle.md\/ro\/produs\/nabor-dlya-rezby-po-derevu-mora-woodcarving-kit-dalahorse-120\/","og_site_name":"\u041c\u0430\u0433\u0430\u0437\u0438\u043d Xstyle","article_publisher":"https:\/\/www.facebook.com\/xstylemd","article_modified_time":"2025-10-24T09:55:49+00:00","og_image":[{"width":849,"height":817,"url":"https:\/\/xstyle.md\/wp-content\/uploads\/2023\/04\/mora-woodcarving-kit-dalahorse-120.jpg","type":"image\/jpeg"}],"twitter_card":"summary_large_image","twitter_misc":{"Pre\u021b":"1.190&nbsp;MDL","Disponibilitate":"\u00cen stoc"},"schema":{"@context":"https:\/\/schema.org","@graph":[{"@type":"WebPage","@id":"https:\/\/xstyle.md\/product\/nabor-dlya-rezby-po-derevu-mora-woodcarving-kit-dalahorse-120\/","url":"https:\/\/xstyle.md\/product\/nabor-dlya-rezby-po-derevu-mora-woodcarving-kit-dalahorse-120\/","name":"Set de sculptat \u00een lemn Mora Woodcarving Kit Dalahorse 120 - Magazin Xstyle","isPartOf":{"@id":"https:\/\/xstyle.md\/#website"},"primaryImageOfPage":{"@id":"https:\/\/xstyle.md\/product\/nabor-dlya-rezby-po-derevu-mora-woodcarving-kit-dalahorse-120\/#primaryimage"},"image":{"@id":"https:\/\/xstyle.md\/product\/nabor-dlya-rezby-po-derevu-mora-woodcarving-kit-dalahorse-120\/#primaryimage"},"thumbnailUrl":"https:\/\/xstyle.md\/wp-content\/uploads\/2023\/04\/mora-woodcarving-kit-dalahorse-120.jpg","datePublished":"2023-04-13T13:42:51+00:00","dateModified":"2025-10-24T09:55:49+00:00","description":"Setul pentru sculptura in lemn Mora Dalahorse 120 - un instrument ideal pentru sculptur\u0103 \u0219i crearea juc\u0103riilor din lemn. U\u0219or de folosit, ascu\u021bit \u0219i fiabil!","breadcrumb":{"@id":"https:\/\/xstyle.md\/product\/nabor-dlya-rezby-po-derevu-mora-woodcarving-kit-dalahorse-120\/#breadcrumb"},"inLanguage":"ro-RO","potentialAction":[{"@type":"ReadAction","target":["https:\/\/xstyle.md\/product\/nabor-dlya-rezby-po-derevu-mora-woodcarving-kit-dalahorse-120\/"]}]},{"@type":"ImageObject","inLanguage":"ro-RO","@id":"https:\/\/xstyle.md\/product\/nabor-dlya-rezby-po-derevu-mora-woodcarving-kit-dalahorse-120\/#primaryimage","url":"https:\/\/xstyle.md\/wp-content\/uploads\/2023\/04\/mora-woodcarving-kit-dalahorse-120.jpg","contentUrl":"https:\/\/xstyle.md\/wp-content\/uploads\/2023\/04\/mora-woodcarving-kit-dalahorse-120.jpg","width":849,"height":817,"caption":"\u041d\u0430\u0431\u043e\u0440 \u0434\u043b\u044f \u0440\u0435\u0437\u044c\u0431\u044b \u043f\u043e \u0434\u0435\u0440\u0435\u0432\u0443 Mora Woodcarving Kit Dalahorse 120 \u0434\u043b\u044f \u0430\u043a\u0442\u0438\u0432\u043d\u043e\u0433\u043e \u043e\u0442\u0434\u044b\u0445\u0430, \u043f\u0440\u043e\u0433\u0443\u043b\u043e\u043a \u0441 \u043e\u0431\u0443\u0432\u044c\u044e \u0438 \u043e\u0434\u0435\u0436\u0434\u043e\u0439 \u0434\u043b\u044f \u0442\u0443\u0440\u0438\u0441\u0442\u043e\u0432 \u0438 \u043b\u044e\u0431\u0438\u0442\u0435\u043b\u0435\u0439 \u043f\u0443\u0442\u0435\u0448\u0435\u0441\u0442\u0432\u0438\u0439"},{"@type":"BreadcrumbList","@id":"https:\/\/xstyle.md\/product\/nabor-dlya-rezby-po-derevu-mora-woodcarving-kit-dalahorse-120\/#breadcrumb","itemListElement":[{"@type":"ListItem","position":1,"name":"\u0413\u043b\u0430\u0432\u043d\u0430\u044f \u0441\u0442\u0440\u0430\u043d\u0438\u0446\u0430","item":"https:\/\/xstyle.md\/"},{"@type":"ListItem","position":2,"name":"\u041c\u0430\u0433\u0430\u0437\u0438\u043d","item":"https:\/\/xstyle.md\/shop\/"},{"@type":"ListItem","position":3,"name":"\u041d\u0430\u0431\u043e\u0440 \u0434\u043b\u044f \u0440\u0435\u0437\u044c\u0431\u044b \u043f\u043e \u0434\u0435\u0440\u0435\u0432\u0443 Mora Woodcarving Kit Dalahorse 120"}]},{"@type":"WebSite","@id":"https:\/\/xstyle.md\/#website","url":"https:\/\/xstyle.md\/","name":"Magazinul X-Style","description":"Echipamente pentru turism \u0219i sporturi extreme \u00een Moldova. Pre\u021buri, fotografii, caracteristici \u00een Moldova.","publisher":{"@id":"https:\/\/xstyle.md\/#organization"},"alternateName":"X-Style","potentialAction":[{"@type":"SearchAction","target":{"@type":"EntryPoint","urlTemplate":"https:\/\/xstyle.md\/?s={search_term_string}"},"query-input":{"@type":"PropertyValueSpecification","valueRequired":true,"valueName":"search_term_string"}}],"inLanguage":"ro-RO"},{"@type":"Organization","@id":"https:\/\/xstyle.md\/#organization","name":"Magazinul X-Style","alternateName":"x-style","url":"https:\/\/xstyle.md\/","logo":{"@type":"ImageObject","inLanguage":"ro-RO","@id":"https:\/\/xstyle.md\/#\/schema\/logo\/image\/","url":"https:\/\/xstyle.md\/wp-content\/uploads\/2020\/06\/logoicon.svg","contentUrl":"https:\/\/xstyle.md\/wp-content\/uploads\/2020\/06\/logoicon.svg","caption":"\u041c\u0430\u0433\u0430\u0437\u0438\u043d Xstyle"},"image":{"@id":"https:\/\/xstyle.md\/#\/schema\/logo\/image\/"},"sameAs":["https:\/\/www.facebook.com\/xstylemd","https:\/\/www.instagram.com\/xstyle_md\/","https:\/\/t.me\/xstyle_outdoor"],"hasMerchantReturnPolicy":{"@type":"MerchantReturnPolicy","merchantReturnLink":"https:\/\/xstyle.md\/ro\/conditions\/"}}]},"product_price_amount":"1190.00","product_price_currency":"MDL","og_availability":"instock","product_availability":"instock","product_retailer_item_id":"7391846026341","product_condition":"new"},"_links":{"self":[{"href":"https:\/\/xstyle.md\/ro\/wp-json\/wp\/v2\/product\/66967","targetHints":{"allow":["GET"]}}],"collection":[{"href":"https:\/\/xstyle.md\/ro\/wp-json\/wp\/v2\/product"}],"about":[{"href":"https:\/\/xstyle.md\/ro\/wp-json\/wp\/v2\/types\/product"}],"replies":[{"embeddable":true,"href":"https:\/\/xstyle.md\/ro\/wp-json\/wp\/v2\/comments?post=66967"}],"wp:featuredmedia":[{"embeddable":true,"href":"https:\/\/xstyle.md\/ro\/wp-json\/wp\/v2\/media\/67176"}],"wp:attachment":[{"href":"https:\/\/xstyle.md\/ro\/wp-json\/wp\/v2\/media?parent=66967"}],"wp:term":[{"taxonomy":"product_brand","embeddable":true,"href":"https:\/\/xstyle.md\/ro\/wp-json\/wp\/v2\/product_brand?post=66967"},{"taxonomy":"product_cat","embeddable":true,"href":"https:\/\/xstyle.md\/ro\/wp-json\/wp\/v2\/product_cat?post=66967"},{"taxonomy":"product_tag","embeddable":true,"href":"https:\/\/xstyle.md\/ro\/wp-json\/wp\/v2\/product_tag?post=66967"}],"curies":[{"name":"wp","href":"https:\/\/api.w.org\/{rel}","templated":true}]}}