{"id":66961,"date":"2023-04-13T16:42:50","date_gmt":"2023-04-13T13:42:50","guid":{"rendered":"https:\/\/xstyle.md\/?post_type=product&#038;p=66961"},"modified":"2025-10-24T12:46:34","modified_gmt":"2025-10-24T09:46:34","slug":"trekkingovye-palki-leki-black-series-fx-carbon","status":"publish","type":"product","link":"https:\/\/xstyle.md\/ro\/produs\/trekkingovye-palki-leki-black-series-fx-carbon\/","title":{"rendered":"Be\u021be trekking Leki Black Series FX Carbon"},"content":{"rendered":"<\/p>\n<p>Be\u021be trekking <strong>Leki Black Series FX Carbon<\/strong> &#8212; un \u00eenso\u021bitor exclusiv \u00een excursiile montane. Acestea sunt dotate cu noile m\u00e2nere Aergon Air, a c\u0103ror suprafa\u021b\u0103 de contact este realizat\u0103 din plut\u0103 adev\u0103rat\u0103. Prinderea a fost \u00eembun\u0103t\u0103\u021bit\u0103 \u00een fiecare detaliu \u0219i optimizat\u0103 din nou \u00een ceea ce prive\u0219te confortul \u0219i controlul. Tehnologia special\u0103 a cavit\u0103\u021bii face posibil\u0103 combinarea unui design u\u0219or cu suprafe\u021be mari de sprijin pentru a satisface toate cerin\u021bele ergonomice ale m\u00e2inii dumneavoastr\u0103. M\u00e2nerul din spate cauciucat Aergon Air asigur\u0103 o aderen\u021b\u0103 \u0219i un control maxim la cobor\u00e2re. Unghiul \u00eenclinat v\u0103 ajut\u0103 \u00eencheietura m\u00e2inii s\u0103 ghideze \u0219i s\u0103 pozi\u021bioneze \u00een mod optim bastonul \u0219i este extrem de favorabil siguran\u021bei pe munte.<\/p>\n<h3>Particularit\u0103\u021bi<\/h3>\n<ul>\n<li>M\u00e2nerul Aergon Air combin\u0103 u\u0219urin\u021ba \u0219i stabilitatea. Forma sa ergonomic\u0103 ofer\u0103 un confort maxim, iar capul m\u00e2nerului, complet cauciucat, asigur\u0103 un control absolut;<\/li>\n<li>Curea de siguran\u021b\u0103 reglabil\u0103 din piele Skin 4.0 cu blocare de siguran\u021b\u0103. Este ultrau\u0219oar\u0103, foarte respirabil\u0103 \u0219i ofer\u0103 un confort maxim;<\/li>\n<li>Extensie a m\u00e2nerului pentru o prindere confortabil\u0103 pe pante abrupte sau travers\u0103ri;<\/li>\n<li>Sistemul Core Locking Device are un design intern sub\u021bire care faciliteaz\u0103 asamblarea \u0219i dezasamblarea recuzitei pliabile;<\/li>\n<li>Sistemul de reglare Speed Lock 2 Plus func\u021bioneaz\u0103 cu o clem\u0103 extern\u0103 care permite o reglare u\u0219oar\u0103 \u0219i o for\u021b\u0103 de fixare maxim\u0103;<\/li>\n<li>Trekking Teller 2.0 este un co\u0219 de drume\u021bie compact. Protejeaz\u0103 \u00eempotriva alunec\u0103rii \u00een z\u0103pad\u0103 \u0219i noroi \u0219i este u\u0219or de \u00eenlocuit manual.<\/li>\n<\/ul>\n<h3>Caracteristici<\/h3>\n<ul>\n<li>Material &#8212; Carbon (PRC 1000)<\/li>\n<li>V\u00e2rf &#8212; FLEX TIP<\/li>\n<li>M\u00e2ner &#8212; Lock Security Strap Skin 4.0<\/li>\n<li>M\u00e2ner &#8212; Aergon Air<\/li>\n<li>Scop &#8212; trekking<\/li>\n<li>Num\u0103r de sec\u021biuni &#8212; 4<\/li>\n<li>Lungime &#8212; 110 &#8212; 130 cm<\/li>\n<li>Diametru &#8212; 16 \/ 14 \/ 14<\/li>\n<li>Set &#8212; 2 buc\u0103\u021bi<\/li>\n<li>Greutatea setului &#8212; 228g.<\/li>\n<\/ul>\n<h3>Marca<\/h3>\n<p>Leki \u2013 un produc\u0103tor german care produce bete trekking, de schi \u0219i pentru mersul nordic de \u00eenalt\u0103 calitate.<\/p>\n<p>Primele bete de schi cu acronimul Leki a fost lansat \u00een 1970, urmat, trei ani mai t\u00e2rziu, de primul baston de schi fond. \u00cen produc\u021bie, accentul a fost pus \u00eentotdeauna pe inova\u021bie \u0219i calitate &#8212; cine ar fi crezut altfel despre germani! Din ziua \u00een care a fost fondat\u0103 \u0219i p\u00e2n\u0103 \u00een prezent, Leki \u0219i-a perfec\u021bionat tehnologia, f\u0103c\u00e2nd ca produsele sale s\u0103 fie c\u00e2t mai confortabile, sigure \u0219i avansate din punct de vedere tehnologic.<\/p>\n<p>Sportivii din multe echipe na\u021bionale folosesc exclusiv produsele m\u0103rcii. Nu doar echipele de schi alpin, ci \u0219i cele de schi fond \u0219i biatlon. Tricolorul Leki este \u00eentotdeauna vizibil pe podiumul celor mai importante competi\u021bii din lume, de la Cupa Mondial\u0103 la Jocurile Olimpice.<\/p>\n<p>Acest lucru arat\u0103 c\u0103 marca Leki este o alegere a c\u00e2\u0219tig\u0103torului!<\/p>\n<p><\/p>","protected":false},"excerpt":{"rendered":"","protected":false},"featured_media":67475,"comment_status":"open","ping_status":"closed","template":"","meta":{"_acf_changed":false,"inline_featured_image":false},"product_brand":[1383],"product_cat":[414],"product_tag":[],"class_list":{"0":"post-66961","1":"product","2":"type-product","3":"status-publish","4":"has-post-thumbnail","6":"product_brand-leki","7":"product_cat-stalpi-de-trekking","9":"first","10":"instock","11":"shipping-taxable","12":"purchasable","13":"product-type-simple"},"acf":[],"yoast_head":"<!-- This site is optimized with the Yoast SEO plugin v27.2 - https:\/\/yoast.com\/product\/yoast-seo-wordpress\/ -->\n<title>\u0422\u0440\u0435\u043a\u043a\u0438\u043d\u0433\u043e\u0432\u044b\u0435 \u043f\u0430\u043b\u043a\u0438 Leki Black Series FX Carbon - \u041c\u0430\u0433\u0430\u0437\u0438\u043d Xstyle<\/title>\n<meta name=\"description\" content=\"\u0422\u0440\u0435\u043a\u043a\u0438\u043d\u0433\u043e\u0432\u044b\u0435 \u043f\u0430\u043b\u043a\u0438 Leki Black Series FX Carbon \u043e\u0431\u0435\u0441\u043f\u0435\u0447\u0438\u0432\u0430\u044e\u0442 \u043c\u0430\u043a\u0441\u0438\u043c\u0430\u043b\u044c\u043d\u044b\u0439 \u043a\u043e\u043c\u0444\u043e\u0440\u0442 \u0438 \u043d\u0430\u0434\u0435\u0436\u043d\u043e\u0441\u0442\u044c \u0432 \u0433\u043e\u0440\u0430\u0445. \u0418\u0434\u0435\u0430\u043b\u044c\u043d\u044b \u0434\u043b\u044f \u0430\u043a\u0442\u0438\u0432\u043d\u043e\u0433\u043e \u043e\u0442\u0434\u044b\u0445\u0430 \u043d\u0430 \u043f\u0440\u0438\u0440\u043e\u0434\u0435!\" \/>\n<meta name=\"robots\" content=\"index, follow, max-snippet:-1, max-image-preview:large, max-video-preview:-1\" \/>\n<link rel=\"canonical\" href=\"https:\/\/xstyle.md\/ro\/produs\/trekkingovye-palki-leki-black-series-fx-carbon\/\" \/>\n<meta property=\"og:locale\" content=\"ro_RO\" \/>\n<meta property=\"og:type\" content=\"article\" \/>\n<meta property=\"og:title\" content=\"\u0422\u0440\u0435\u043a\u043a\u0438\u043d\u0433\u043e\u0432\u044b\u0435 \u043f\u0430\u043b\u043a\u0438 Leki Black Series FX Carbon - \u041c\u0430\u0433\u0430\u0437\u0438\u043d Xstyle\" \/>\n<meta property=\"og:description\" content=\"\u0422\u0440\u0435\u043a\u043a\u0438\u043d\u0433\u043e\u0432\u044b\u0435 \u043f\u0430\u043b\u043a\u0438 Leki Black Series FX Carbon \u043e\u0431\u0435\u0441\u043f\u0435\u0447\u0438\u0432\u0430\u044e\u0442 \u043c\u0430\u043a\u0441\u0438\u043c\u0430\u043b\u044c\u043d\u044b\u0439 \u043a\u043e\u043c\u0444\u043e\u0440\u0442 \u0438 \u043d\u0430\u0434\u0435\u0436\u043d\u043e\u0441\u0442\u044c \u0432 \u0433\u043e\u0440\u0430\u0445. \u0418\u0434\u0435\u0430\u043b\u044c\u043d\u044b \u0434\u043b\u044f \u0430\u043a\u0442\u0438\u0432\u043d\u043e\u0433\u043e \u043e\u0442\u0434\u044b\u0445\u0430 \u043d\u0430 \u043f\u0440\u0438\u0440\u043e\u0434\u0435!\" \/>\n<meta property=\"og:url\" content=\"https:\/\/xstyle.md\/ro\/produs\/trekkingovye-palki-leki-black-series-fx-carbon\/\" \/>\n<meta property=\"og:site_name\" content=\"\u041c\u0430\u0433\u0430\u0437\u0438\u043d Xstyle\" \/>\n<meta property=\"article:publisher\" content=\"https:\/\/www.facebook.com\/xstylemd\" \/>\n<meta property=\"article:modified_time\" content=\"2025-10-24T09:46:34+00:00\" \/>\n<meta property=\"og:image\" content=\"https:\/\/xstyle.md\/wp-content\/uploads\/2023\/04\/leki-black-series-fx-carbon.jpg\" \/>\n\t<meta property=\"og:image:width\" content=\"1249\" \/>\n\t<meta property=\"og:image:height\" content=\"1272\" \/>\n\t<meta property=\"og:image:type\" content=\"image\/jpeg\" \/>\n<meta name=\"twitter:card\" content=\"summary_large_image\" \/>\n<meta name=\"twitter:label1\" content=\"Pre\u021b\" \/>\n\t<meta name=\"twitter:data1\" content=\"4.990&nbsp;MDL\" \/>\n\t<meta name=\"twitter:label2\" content=\"Disponibilitate\" \/>\n\t<meta name=\"twitter:data2\" content=\"\u00cen stoc\" \/>\n<script type=\"application\/ld+json\" class=\"yoast-schema-graph\">{\"@context\":\"https:\/\/schema.org\",\"@graph\":[{\"@type\":\"WebPage\",\"@id\":\"https:\/\/xstyle.md\/product\/trekkingovye-palki-leki-black-series-fx-carbon\/\",\"url\":\"https:\/\/xstyle.md\/product\/trekkingovye-palki-leki-black-series-fx-carbon\/\",\"name\":\"\u0422\u0440\u0435\u043a\u043a\u0438\u043d\u0433\u043e\u0432\u044b\u0435 \u043f\u0430\u043b\u043a\u0438 Leki Black Series FX Carbon - \u041c\u0430\u0433\u0430\u0437\u0438\u043d Xstyle\",\"isPartOf\":{\"@id\":\"https:\/\/xstyle.md\/#website\"},\"primaryImageOfPage\":{\"@id\":\"https:\/\/xstyle.md\/product\/trekkingovye-palki-leki-black-series-fx-carbon\/#primaryimage\"},\"image\":{\"@id\":\"https:\/\/xstyle.md\/product\/trekkingovye-palki-leki-black-series-fx-carbon\/#primaryimage\"},\"thumbnailUrl\":\"https:\/\/xstyle.md\/wp-content\/uploads\/2023\/04\/leki-black-series-fx-carbon.jpg\",\"datePublished\":\"2023-04-13T13:42:50+00:00\",\"dateModified\":\"2025-10-24T09:46:34+00:00\",\"description\":\"\u0422\u0440\u0435\u043a\u043a\u0438\u043d\u0433\u043e\u0432\u044b\u0435 \u043f\u0430\u043b\u043a\u0438 Leki Black Series FX Carbon \u043e\u0431\u0435\u0441\u043f\u0435\u0447\u0438\u0432\u0430\u044e\u0442 \u043c\u0430\u043a\u0441\u0438\u043c\u0430\u043b\u044c\u043d\u044b\u0439 \u043a\u043e\u043c\u0444\u043e\u0440\u0442 \u0438 \u043d\u0430\u0434\u0435\u0436\u043d\u043e\u0441\u0442\u044c \u0432 \u0433\u043e\u0440\u0430\u0445. \u0418\u0434\u0435\u0430\u043b\u044c\u043d\u044b \u0434\u043b\u044f \u0430\u043a\u0442\u0438\u0432\u043d\u043e\u0433\u043e \u043e\u0442\u0434\u044b\u0445\u0430 \u043d\u0430 \u043f\u0440\u0438\u0440\u043e\u0434\u0435!\",\"breadcrumb\":{\"@id\":\"https:\/\/xstyle.md\/product\/trekkingovye-palki-leki-black-series-fx-carbon\/#breadcrumb\"},\"inLanguage\":\"ro-RO\",\"potentialAction\":[{\"@type\":\"ReadAction\",\"target\":[\"https:\/\/xstyle.md\/product\/trekkingovye-palki-leki-black-series-fx-carbon\/\"]}]},{\"@type\":\"ImageObject\",\"inLanguage\":\"ro-RO\",\"@id\":\"https:\/\/xstyle.md\/product\/trekkingovye-palki-leki-black-series-fx-carbon\/#primaryimage\",\"url\":\"https:\/\/xstyle.md\/wp-content\/uploads\/2023\/04\/leki-black-series-fx-carbon.jpg\",\"contentUrl\":\"https:\/\/xstyle.md\/wp-content\/uploads\/2023\/04\/leki-black-series-fx-carbon.jpg\",\"width\":1249,\"height\":1272,\"caption\":\"\u0422\u0440\u0435\u043a\u043a\u0438\u043d\u0433\u043e\u0432\u044b\u0435 \u043f\u0430\u043b\u043a\u0438 Leki Black Series FX Carbon \u0434\u043b\u044f \u0430\u043a\u0442\u0438\u0432\u043d\u043e\u0433\u043e \u043e\u0442\u0434\u044b\u0445\u0430, \u0442\u0443\u0440\u0438\u0441\u0442\u0438\u0447\u0435\u0441\u043a\u043e\u0439 \u043e\u0434\u0435\u0436\u0434\u044b \u0438 \u043e\u0431\u0443\u0432\u0438, \u043f\u043e\u0445\u043e\u0434\u043e\u0432 \u0438 \u0433\u043e\u0440\u043d\u043e\u0433\u043e \u0442\u0443\u0440\u0438\u0437\u043c\u0430 \u0432 \u043e\u043d\u043b\u0430\u0439\u043d \u043c\u0430\u0433\u0430\u0437\u0438\u043d\u0435\"},{\"@type\":\"BreadcrumbList\",\"@id\":\"https:\/\/xstyle.md\/product\/trekkingovye-palki-leki-black-series-fx-carbon\/#breadcrumb\",\"itemListElement\":[{\"@type\":\"ListItem\",\"position\":1,\"name\":\"\u0413\u043b\u0430\u0432\u043d\u0430\u044f \u0441\u0442\u0440\u0430\u043d\u0438\u0446\u0430\",\"item\":\"https:\/\/xstyle.md\/\"},{\"@type\":\"ListItem\",\"position\":2,\"name\":\"\u041c\u0430\u0433\u0430\u0437\u0438\u043d\",\"item\":\"https:\/\/xstyle.md\/shop\/\"},{\"@type\":\"ListItem\",\"position\":3,\"name\":\"\u0422\u0440\u0435\u043a\u043a\u0438\u043d\u0433\u043e\u0432\u044b\u0435 \u043f\u0430\u043b\u043a\u0438 Leki Black Series FX Carbon\"}]},{\"@type\":\"WebSite\",\"@id\":\"https:\/\/xstyle.md\/#website\",\"url\":\"https:\/\/xstyle.md\/\",\"name\":\"\u041c\u0430\u0433\u0430\u0437\u0438\u043d Xstyle\",\"description\":\"C\u043d\u0430\u0440\u044f\u0436\u0435\u043d\u0438\u0435 \u0434\u043b\u044f \u0442\u0443\u0440\u0438\u0437\u043c\u0430 \u0438 \u044d\u043a\u0441\u0442\u0440\u0435\u043c\u0430\u043b\u044c\u043d\u044b\u0445 \u0432\u0438\u0434\u043e\u0432 \u0441\u043f\u043e\u0440\u0442\u0430 \u0432 \u041c\u043e\u043b\u0434\u043e\u0432\u0435.. \u0426\u0435\u043d\u044b, \u0444\u043e\u0442\u043e, \u0445\u0430\u0440\u0430\u043a\u0442\u0435\u0440\u0438\u0441\u0442\u0438\u043a\u0438 \u0432 \u041c\u043e\u043b\u0434\u043e\u0432\u0435.\",\"publisher\":{\"@id\":\"https:\/\/xstyle.md\/#organization\"},\"alternateName\":\"X-Style\",\"potentialAction\":[{\"@type\":\"SearchAction\",\"target\":{\"@type\":\"EntryPoint\",\"urlTemplate\":\"https:\/\/xstyle.md\/?s={search_term_string}\"},\"query-input\":{\"@type\":\"PropertyValueSpecification\",\"valueRequired\":true,\"valueName\":\"search_term_string\"}}],\"inLanguage\":\"ro-RO\"},{\"@type\":\"Organization\",\"@id\":\"https:\/\/xstyle.md\/#organization\",\"name\":\"\u041c\u0430\u0433\u0430\u0437\u0438\u043d Xstyle\",\"alternateName\":\"x-style\",\"url\":\"https:\/\/xstyle.md\/\",\"logo\":{\"@type\":\"ImageObject\",\"inLanguage\":\"ro-RO\",\"@id\":\"https:\/\/xstyle.md\/#\/schema\/logo\/image\/\",\"url\":\"https:\/\/xstyle.md\/wp-content\/uploads\/2020\/06\/logoicon.svg\",\"contentUrl\":\"https:\/\/xstyle.md\/wp-content\/uploads\/2020\/06\/logoicon.svg\",\"caption\":\"\u041c\u0430\u0433\u0430\u0437\u0438\u043d Xstyle\"},\"image\":{\"@id\":\"https:\/\/xstyle.md\/#\/schema\/logo\/image\/\"},\"sameAs\":[\"https:\/\/www.facebook.com\/xstylemd\",\"https:\/\/www.instagram.com\/xstyle_md\/\",\"https:\/\/t.me\/xstyle_outdoor\"],\"hasMerchantReturnPolicy\":{\"@type\":\"MerchantReturnPolicy\",\"merchantReturnLink\":\"https:\/\/xstyle.md\/ro\/conditions\/\"}}]}<\/script>\n<meta property=\"product:price:amount\" content=\"4990.00\" \/>\n<meta property=\"product:price:currency\" content=\"MDL\" \/>\n<meta property=\"og:availability\" content=\"instock\" \/>\n<meta property=\"product:availability\" content=\"instock\" \/>\n<meta property=\"product:retailer_item_id\" content=\"4028173260720\" \/>\n<meta property=\"product:condition\" content=\"new\" \/>\n<!-- \/ Yoast SEO plugin. -->","yoast_head_json":{"title":"Be\u021be trekking Leki Black Series FX Carbon - Magazin Xstyle","description":"Be\u021bele de trekking Leki Black Series FX Carbon ofer\u0103 maxim confort \u0219i fiabilitate \u00een mun\u021bi. Sunt ideale pentru activit\u0103\u021bile recreative \u00een natur\u0103!","robots":{"index":"index","follow":"follow","max-snippet":"max-snippet:-1","max-image-preview":"max-image-preview:large","max-video-preview":"max-video-preview:-1"},"canonical":"https:\/\/xstyle.md\/ro\/produs\/trekkingovye-palki-leki-black-series-fx-carbon\/","og_locale":"ro_RO","og_type":"article","og_title":"\u0422\u0440\u0435\u043a\u043a\u0438\u043d\u0433\u043e\u0432\u044b\u0435 \u043f\u0430\u043b\u043a\u0438 Leki Black Series FX Carbon - \u041c\u0430\u0433\u0430\u0437\u0438\u043d Xstyle","og_description":"\u0422\u0440\u0435\u043a\u043a\u0438\u043d\u0433\u043e\u0432\u044b\u0435 \u043f\u0430\u043b\u043a\u0438 Leki Black Series FX Carbon \u043e\u0431\u0435\u0441\u043f\u0435\u0447\u0438\u0432\u0430\u044e\u0442 \u043c\u0430\u043a\u0441\u0438\u043c\u0430\u043b\u044c\u043d\u044b\u0439 \u043a\u043e\u043c\u0444\u043e\u0440\u0442 \u0438 \u043d\u0430\u0434\u0435\u0436\u043d\u043e\u0441\u0442\u044c \u0432 \u0433\u043e\u0440\u0430\u0445. \u0418\u0434\u0435\u0430\u043b\u044c\u043d\u044b \u0434\u043b\u044f \u0430\u043a\u0442\u0438\u0432\u043d\u043e\u0433\u043e \u043e\u0442\u0434\u044b\u0445\u0430 \u043d\u0430 \u043f\u0440\u0438\u0440\u043e\u0434\u0435!","og_url":"https:\/\/xstyle.md\/ro\/produs\/trekkingovye-palki-leki-black-series-fx-carbon\/","og_site_name":"\u041c\u0430\u0433\u0430\u0437\u0438\u043d Xstyle","article_publisher":"https:\/\/www.facebook.com\/xstylemd","article_modified_time":"2025-10-24T09:46:34+00:00","og_image":[{"width":1249,"height":1272,"url":"https:\/\/xstyle.md\/wp-content\/uploads\/2023\/04\/leki-black-series-fx-carbon.jpg","type":"image\/jpeg"}],"twitter_card":"summary_large_image","twitter_misc":{"Pre\u021b":"4.990&nbsp;MDL","Disponibilitate":"\u00cen stoc"},"schema":{"@context":"https:\/\/schema.org","@graph":[{"@type":"WebPage","@id":"https:\/\/xstyle.md\/product\/trekkingovye-palki-leki-black-series-fx-carbon\/","url":"https:\/\/xstyle.md\/product\/trekkingovye-palki-leki-black-series-fx-carbon\/","name":"Be\u021be trekking Leki Black Series FX Carbon - Magazin Xstyle","isPartOf":{"@id":"https:\/\/xstyle.md\/#website"},"primaryImageOfPage":{"@id":"https:\/\/xstyle.md\/product\/trekkingovye-palki-leki-black-series-fx-carbon\/#primaryimage"},"image":{"@id":"https:\/\/xstyle.md\/product\/trekkingovye-palki-leki-black-series-fx-carbon\/#primaryimage"},"thumbnailUrl":"https:\/\/xstyle.md\/wp-content\/uploads\/2023\/04\/leki-black-series-fx-carbon.jpg","datePublished":"2023-04-13T13:42:50+00:00","dateModified":"2025-10-24T09:46:34+00:00","description":"Be\u021bele de trekking Leki Black Series FX Carbon ofer\u0103 maxim confort \u0219i fiabilitate \u00een mun\u021bi. Sunt ideale pentru activit\u0103\u021bile recreative \u00een natur\u0103!","breadcrumb":{"@id":"https:\/\/xstyle.md\/product\/trekkingovye-palki-leki-black-series-fx-carbon\/#breadcrumb"},"inLanguage":"ro-RO","potentialAction":[{"@type":"ReadAction","target":["https:\/\/xstyle.md\/product\/trekkingovye-palki-leki-black-series-fx-carbon\/"]}]},{"@type":"ImageObject","inLanguage":"ro-RO","@id":"https:\/\/xstyle.md\/product\/trekkingovye-palki-leki-black-series-fx-carbon\/#primaryimage","url":"https:\/\/xstyle.md\/wp-content\/uploads\/2023\/04\/leki-black-series-fx-carbon.jpg","contentUrl":"https:\/\/xstyle.md\/wp-content\/uploads\/2023\/04\/leki-black-series-fx-carbon.jpg","width":1249,"height":1272,"caption":"\u0422\u0440\u0435\u043a\u043a\u0438\u043d\u0433\u043e\u0432\u044b\u0435 \u043f\u0430\u043b\u043a\u0438 Leki Black Series FX Carbon \u0434\u043b\u044f \u0430\u043a\u0442\u0438\u0432\u043d\u043e\u0433\u043e \u043e\u0442\u0434\u044b\u0445\u0430, \u0442\u0443\u0440\u0438\u0441\u0442\u0438\u0447\u0435\u0441\u043a\u043e\u0439 \u043e\u0434\u0435\u0436\u0434\u044b \u0438 \u043e\u0431\u0443\u0432\u0438, \u043f\u043e\u0445\u043e\u0434\u043e\u0432 \u0438 \u0433\u043e\u0440\u043d\u043e\u0433\u043e \u0442\u0443\u0440\u0438\u0437\u043c\u0430 \u0432 \u043e\u043d\u043b\u0430\u0439\u043d \u043c\u0430\u0433\u0430\u0437\u0438\u043d\u0435"},{"@type":"BreadcrumbList","@id":"https:\/\/xstyle.md\/product\/trekkingovye-palki-leki-black-series-fx-carbon\/#breadcrumb","itemListElement":[{"@type":"ListItem","position":1,"name":"\u0413\u043b\u0430\u0432\u043d\u0430\u044f \u0441\u0442\u0440\u0430\u043d\u0438\u0446\u0430","item":"https:\/\/xstyle.md\/"},{"@type":"ListItem","position":2,"name":"\u041c\u0430\u0433\u0430\u0437\u0438\u043d","item":"https:\/\/xstyle.md\/shop\/"},{"@type":"ListItem","position":3,"name":"\u0422\u0440\u0435\u043a\u043a\u0438\u043d\u0433\u043e\u0432\u044b\u0435 \u043f\u0430\u043b\u043a\u0438 Leki Black Series FX Carbon"}]},{"@type":"WebSite","@id":"https:\/\/xstyle.md\/#website","url":"https:\/\/xstyle.md\/","name":"Magazinul X-Style","description":"Echipamente pentru turism \u0219i sporturi extreme \u00een Moldova. Pre\u021buri, fotografii, caracteristici \u00een Moldova.","publisher":{"@id":"https:\/\/xstyle.md\/#organization"},"alternateName":"X-Style","potentialAction":[{"@type":"SearchAction","target":{"@type":"EntryPoint","urlTemplate":"https:\/\/xstyle.md\/?s={search_term_string}"},"query-input":{"@type":"PropertyValueSpecification","valueRequired":true,"valueName":"search_term_string"}}],"inLanguage":"ro-RO"},{"@type":"Organization","@id":"https:\/\/xstyle.md\/#organization","name":"Magazinul X-Style","alternateName":"x-style","url":"https:\/\/xstyle.md\/","logo":{"@type":"ImageObject","inLanguage":"ro-RO","@id":"https:\/\/xstyle.md\/#\/schema\/logo\/image\/","url":"https:\/\/xstyle.md\/wp-content\/uploads\/2020\/06\/logoicon.svg","contentUrl":"https:\/\/xstyle.md\/wp-content\/uploads\/2020\/06\/logoicon.svg","caption":"\u041c\u0430\u0433\u0430\u0437\u0438\u043d Xstyle"},"image":{"@id":"https:\/\/xstyle.md\/#\/schema\/logo\/image\/"},"sameAs":["https:\/\/www.facebook.com\/xstylemd","https:\/\/www.instagram.com\/xstyle_md\/","https:\/\/t.me\/xstyle_outdoor"],"hasMerchantReturnPolicy":{"@type":"MerchantReturnPolicy","merchantReturnLink":"https:\/\/xstyle.md\/ro\/conditions\/"}}]},"product_price_amount":"4990.00","product_price_currency":"MDL","og_availability":"instock","product_availability":"instock","product_retailer_item_id":"4028173260720","product_condition":"new"},"post_mailing_queue_ids":[],"_links":{"self":[{"href":"https:\/\/xstyle.md\/ro\/wp-json\/wp\/v2\/product\/66961","targetHints":{"allow":["GET"]}}],"collection":[{"href":"https:\/\/xstyle.md\/ro\/wp-json\/wp\/v2\/product"}],"about":[{"href":"https:\/\/xstyle.md\/ro\/wp-json\/wp\/v2\/types\/product"}],"replies":[{"embeddable":true,"href":"https:\/\/xstyle.md\/ro\/wp-json\/wp\/v2\/comments?post=66961"}],"wp:featuredmedia":[{"embeddable":true,"href":"https:\/\/xstyle.md\/ro\/wp-json\/wp\/v2\/media\/67475"}],"wp:attachment":[{"href":"https:\/\/xstyle.md\/ro\/wp-json\/wp\/v2\/media?parent=66961"}],"wp:term":[{"taxonomy":"product_brand","embeddable":true,"href":"https:\/\/xstyle.md\/ro\/wp-json\/wp\/v2\/product_brand?post=66961"},{"taxonomy":"product_cat","embeddable":true,"href":"https:\/\/xstyle.md\/ro\/wp-json\/wp\/v2\/product_cat?post=66961"},{"taxonomy":"product_tag","embeddable":true,"href":"https:\/\/xstyle.md\/ro\/wp-json\/wp\/v2\/product_tag?post=66961"}],"curies":[{"name":"wp","href":"https:\/\/api.w.org\/{rel}","templated":true}]}}