{"id":66951,"date":"2023-04-13T16:42:47","date_gmt":"2023-04-13T13:42:47","guid":{"rendered":"https:\/\/xstyle.md\/?post_type=product&#038;p=66951"},"modified":"2025-10-24T12:22:15","modified_gmt":"2025-10-24T09:22:15","slug":"nozh-spyderco-resilience-tout-noir","status":"publish","type":"product","link":"https:\/\/xstyle.md\/ro\/produs\/nozh-spyderco-resilience-tout-noir\/","title":{"rendered":"Cu\u021bit Spyderco Resilience Tout Noir"},"content":{"rendered":"<\/p>\n<p><strong>Spyderco Resilience Tout Noir<\/strong> &#8212; cu\u021bitul original Spyderco a fost unul dintre primele cu\u021bite pliante u\u0219oare cu clips. Ast\u0103zi, acesta r\u0103m\u00e2ne unul dintre cele mai populare modele din linia de cu\u021bite Spyderco \u0219i continu\u0103 s\u0103 stabileasc\u0103 standardul pentru acest tip de cu\u021bit.<\/p>\n<p>O\u021belul pentru lame 8Cr13MoV este o op\u021biune destul de bun\u0103 pentru cu\u021bitele de zi cu zi, nu ofer\u0103 performan\u021be supranaturale, dar pentru pre\u021bul s\u0103u prezint\u0103 caracteristici foarte bune. Rezist\u0103 destul de bine la coroziune, prezint\u0103 o rezisten\u021b\u0103 bun\u0103 la uzur\u0103 \u0219i la t\u0103iere, dar este totu\u0219i inferior unor aliaje mai scumpe.<\/p>\n<p>M\u00e2nerul FRN este \u0219tan\u021bat cu texturi bidirec\u021bionale pentru o prindere sigur\u0103 \u0219i antiderapant\u0103, iar \u00een interior se afl\u0103 c\u0103ptu\u0219eli din o\u021bel cu g\u0103uri suplimentare pentru a reduce greutatea, care reprezint\u0103 un fel de ancor\u0103 pentru a men\u021bine \u00een siguran\u021b\u0103 \u0219i rigiditate p\u0103r\u021bile interne \u0219i externe ale cu\u021bitului. Iar clema repozi\u021bionabil\u0103 \u00een patru pozi\u021bii va fi foarte util\u0103 pentru a-l purta \u00een buzunar.<\/p>\n<h3>Caracteristici<\/h3>\n<ul>\n<li>Tip cu\u021bit: pliabil<\/li>\n<li>Tip de t\u0103i\u0219: regulat<\/li>\n<li>Tip de blocare: Liner Lock<\/li>\n<li>Lungime total\u0103: 23,8 cm<\/li>\n<li>Lungimea lamei: 13 cm<\/li>\n<li>Material m\u00e2ner: FRN<\/li>\n<li>Duritatea o\u021belului: 59-61 HRC<\/li>\n<li>Grad de o\u021bel: 8Cr13MoV<\/li>\n<li>Greutate: 154 g.<\/li>\n<\/ul>\n<p><\/p>","protected":false},"excerpt":{"rendered":"","protected":false},"featured_media":67144,"comment_status":"open","ping_status":"closed","template":"","meta":{"_acf_changed":false,"inline_featured_image":false},"product_brand":[1381],"product_cat":[169],"product_tag":[],"class_list":{"0":"post-66951","1":"product","2":"type-product","3":"status-publish","4":"has-post-thumbnail","6":"product_brand-spyderco","7":"product_cat-knives","9":"first","10":"instock","11":"shipping-taxable","12":"purchasable","13":"product-type-simple"},"acf":[],"yoast_head":"<!-- This site is optimized with the Yoast SEO plugin v27.4 - https:\/\/yoast.com\/product\/yoast-seo-wordpress\/ -->\n<title>\u041d\u043e\u0436 Spyderco Resilience Tout Noir - \u041c\u0430\u0433\u0430\u0437\u0438\u043d Xstyle<\/title>\n<meta name=\"description\" content=\"\u041a\u0443\u043f\u0438\u0442\u0435 \u043d\u043e\u0436 Spyderco Resilience Tout Noir \u0441 \u043b\u0435\u0437\u0432\u0438\u0435\u043c \u0438\u0437 \u0441\u0442\u0430\u043b\u0438 8Cr13MoV. \u041b\u0435\u0433\u043a\u0438\u0439 \u0441\u043a\u043b\u0430\u0434\u043d\u043e\u0439 \u043d\u043e\u0436 \u0441 \u043a\u043b\u0438\u043f\u0441\u043e\u0439 \u0438 \u043d\u0430\u0434\u0435\u0436\u043d\u043e\u0439 \u0444\u0438\u043a\u0441\u0430\u0446\u0438\u0435\u0439 Liner Lock. \u0421\u0442\u0430\u043d\u0434\u0430\u0440\u0442 \u043a\u0430\u0447\u0435\u0441\u0442\u0432\u0430 Spyderco!\" \/>\n<meta name=\"robots\" content=\"index, follow, max-snippet:-1, max-image-preview:large, max-video-preview:-1\" \/>\n<link rel=\"canonical\" href=\"https:\/\/xstyle.md\/ro\/produs\/nozh-spyderco-resilience-tout-noir\/\" \/>\n<meta property=\"og:locale\" content=\"ro_RO\" \/>\n<meta property=\"og:type\" content=\"article\" \/>\n<meta property=\"og:title\" content=\"\u041d\u043e\u0436 Spyderco Resilience Tout Noir - \u041c\u0430\u0433\u0430\u0437\u0438\u043d Xstyle\" \/>\n<meta property=\"og:description\" content=\"\u041a\u0443\u043f\u0438\u0442\u0435 \u043d\u043e\u0436 Spyderco Resilience Tout Noir \u0441 \u043b\u0435\u0437\u0432\u0438\u0435\u043c \u0438\u0437 \u0441\u0442\u0430\u043b\u0438 8Cr13MoV. \u041b\u0435\u0433\u043a\u0438\u0439 \u0441\u043a\u043b\u0430\u0434\u043d\u043e\u0439 \u043d\u043e\u0436 \u0441 \u043a\u043b\u0438\u043f\u0441\u043e\u0439 \u0438 \u043d\u0430\u0434\u0435\u0436\u043d\u043e\u0439 \u0444\u0438\u043a\u0441\u0430\u0446\u0438\u0435\u0439 Liner Lock. \u0421\u0442\u0430\u043d\u0434\u0430\u0440\u0442 \u043a\u0430\u0447\u0435\u0441\u0442\u0432\u0430 Spyderco!\" \/>\n<meta property=\"og:url\" content=\"https:\/\/xstyle.md\/ro\/produs\/nozh-spyderco-resilience-tout-noir\/\" \/>\n<meta property=\"og:site_name\" content=\"\u041c\u0430\u0433\u0430\u0437\u0438\u043d Xstyle\" \/>\n<meta property=\"article:publisher\" content=\"https:\/\/www.facebook.com\/xstylemd\" \/>\n<meta property=\"article:modified_time\" content=\"2025-10-24T09:22:15+00:00\" \/>\n<meta property=\"og:image\" content=\"https:\/\/xstyle.md\/wp-content\/uploads\/2023\/04\/spyderco-resilience-tout-noir-0.jpg\" \/>\n\t<meta property=\"og:image:width\" content=\"461\" \/>\n\t<meta property=\"og:image:height\" content=\"449\" \/>\n\t<meta property=\"og:image:type\" content=\"image\/jpeg\" \/>\n<meta name=\"twitter:card\" content=\"summary_large_image\" \/>\n<meta name=\"twitter:label1\" content=\"Pre\u021b\" \/>\n\t<meta name=\"twitter:data1\" content=\"2.190&nbsp;MDL\" \/>\n\t<meta name=\"twitter:label2\" content=\"Disponibilitate\" \/>\n\t<meta name=\"twitter:data2\" content=\"\u00cen stoc\" \/>\n<script type=\"application\/ld+json\" class=\"yoast-schema-graph\">{\"@context\":\"https:\\\/\\\/schema.org\",\"@graph\":[{\"@type\":\"WebPage\",\"@id\":\"https:\\\/\\\/xstyle.md\\\/product\\\/nozh-spyderco-resilience-tout-noir\\\/\",\"url\":\"https:\\\/\\\/xstyle.md\\\/product\\\/nozh-spyderco-resilience-tout-noir\\\/\",\"name\":\"\u041d\u043e\u0436 Spyderco Resilience Tout Noir - \u041c\u0430\u0433\u0430\u0437\u0438\u043d Xstyle\",\"isPartOf\":{\"@id\":\"https:\\\/\\\/xstyle.md\\\/#website\"},\"primaryImageOfPage\":{\"@id\":\"https:\\\/\\\/xstyle.md\\\/product\\\/nozh-spyderco-resilience-tout-noir\\\/#primaryimage\"},\"image\":{\"@id\":\"https:\\\/\\\/xstyle.md\\\/product\\\/nozh-spyderco-resilience-tout-noir\\\/#primaryimage\"},\"thumbnailUrl\":\"https:\\\/\\\/xstyle.md\\\/wp-content\\\/uploads\\\/2023\\\/04\\\/spyderco-resilience-tout-noir-0.jpg\",\"datePublished\":\"2023-04-13T13:42:47+00:00\",\"dateModified\":\"2025-10-24T09:22:15+00:00\",\"description\":\"\u041a\u0443\u043f\u0438\u0442\u0435 \u043d\u043e\u0436 Spyderco Resilience Tout Noir \u0441 \u043b\u0435\u0437\u0432\u0438\u0435\u043c \u0438\u0437 \u0441\u0442\u0430\u043b\u0438 8Cr13MoV. \u041b\u0435\u0433\u043a\u0438\u0439 \u0441\u043a\u043b\u0430\u0434\u043d\u043e\u0439 \u043d\u043e\u0436 \u0441 \u043a\u043b\u0438\u043f\u0441\u043e\u0439 \u0438 \u043d\u0430\u0434\u0435\u0436\u043d\u043e\u0439 \u0444\u0438\u043a\u0441\u0430\u0446\u0438\u0435\u0439 Liner Lock. \u0421\u0442\u0430\u043d\u0434\u0430\u0440\u0442 \u043a\u0430\u0447\u0435\u0441\u0442\u0432\u0430 Spyderco!\",\"breadcrumb\":{\"@id\":\"https:\\\/\\\/xstyle.md\\\/product\\\/nozh-spyderco-resilience-tout-noir\\\/#breadcrumb\"},\"inLanguage\":\"ro-RO\",\"potentialAction\":[{\"@type\":\"ReadAction\",\"target\":[\"https:\\\/\\\/xstyle.md\\\/product\\\/nozh-spyderco-resilience-tout-noir\\\/\"]}]},{\"@type\":\"ImageObject\",\"inLanguage\":\"ro-RO\",\"@id\":\"https:\\\/\\\/xstyle.md\\\/product\\\/nozh-spyderco-resilience-tout-noir\\\/#primaryimage\",\"url\":\"https:\\\/\\\/xstyle.md\\\/wp-content\\\/uploads\\\/2023\\\/04\\\/spyderco-resilience-tout-noir-0.jpg\",\"contentUrl\":\"https:\\\/\\\/xstyle.md\\\/wp-content\\\/uploads\\\/2023\\\/04\\\/spyderco-resilience-tout-noir-0.jpg\",\"width\":461,\"height\":449,\"caption\":\"\u041a\u0440\u0443\u0433\u043b\u0430\u044f \u043c\u0438\u043d\u0438\u0430\u0442\u044e\u0440\u0430 \u043d\u043e\u0436\u0430 Spyderco Resilience Tout Noir \u0434\u043b\u044f \u0430\u043a\u0442\u0438\u0432\u043d\u043e\u0433\u043e \u043e\u0442\u0434\u044b\u0445\u0430, \u043f\u043e\u0445\u043e\u0434\u043e\u0432, \u0442\u0443\u0440\u0438\u0437\u043c\u0430 \u0438 \u0441\u043f\u043e\u0440\u0442\u0438\u0432\u043d\u043e\u0439 \u044d\u043a\u0438\u043f\u0438\u0440\u043e\u0432\u043a\u0438 \u0434\u043b\u044f \u043e\u043d\u043b\u0430\u0439\u043d-\u043c\u0430\u0433\u0430\u0437\u0438\u043d\u0430 \u0441\u043f\u043e\u0440\u0442\u0438\u0432\u043d\u043e\u0439 \u044d\u043a\u0438\u043f\u0438\u0440\u043e\u0432\u043a\u0438, \u043e\u0431\u0443\u0432\u0438 \u0438 \u043e\u0434\u0435\u0436\u0434\u044b\"},{\"@type\":\"BreadcrumbList\",\"@id\":\"https:\\\/\\\/xstyle.md\\\/product\\\/nozh-spyderco-resilience-tout-noir\\\/#breadcrumb\",\"itemListElement\":[{\"@type\":\"ListItem\",\"position\":1,\"name\":\"\u0413\u043b\u0430\u0432\u043d\u0430\u044f \u0441\u0442\u0440\u0430\u043d\u0438\u0446\u0430\",\"item\":\"https:\\\/\\\/xstyle.md\\\/\"},{\"@type\":\"ListItem\",\"position\":2,\"name\":\"\u041c\u0430\u0433\u0430\u0437\u0438\u043d\",\"item\":\"https:\\\/\\\/xstyle.md\\\/shop\\\/\"},{\"@type\":\"ListItem\",\"position\":3,\"name\":\"\u041d\u043e\u0436 Spyderco Resilience Tout Noir\"}]},{\"@type\":\"WebSite\",\"@id\":\"https:\\\/\\\/xstyle.md\\\/#website\",\"url\":\"https:\\\/\\\/xstyle.md\\\/\",\"name\":\"\u041c\u0430\u0433\u0430\u0437\u0438\u043d Xstyle\",\"description\":\"C\u043d\u0430\u0440\u044f\u0436\u0435\u043d\u0438\u0435 \u0434\u043b\u044f \u0442\u0443\u0440\u0438\u0437\u043c\u0430 \u0438 \u044d\u043a\u0441\u0442\u0440\u0435\u043c\u0430\u043b\u044c\u043d\u044b\u0445 \u0432\u0438\u0434\u043e\u0432 \u0441\u043f\u043e\u0440\u0442\u0430 \u0432 \u041c\u043e\u043b\u0434\u043e\u0432\u0435.. \u0426\u0435\u043d\u044b, \u0444\u043e\u0442\u043e, \u0445\u0430\u0440\u0430\u043a\u0442\u0435\u0440\u0438\u0441\u0442\u0438\u043a\u0438 \u0432 \u041c\u043e\u043b\u0434\u043e\u0432\u0435.\",\"publisher\":{\"@id\":\"https:\\\/\\\/xstyle.md\\\/#organization\"},\"alternateName\":\"X-Style\",\"potentialAction\":[{\"@type\":\"SearchAction\",\"target\":{\"@type\":\"EntryPoint\",\"urlTemplate\":\"https:\\\/\\\/xstyle.md\\\/?s={search_term_string}\"},\"query-input\":{\"@type\":\"PropertyValueSpecification\",\"valueRequired\":true,\"valueName\":\"search_term_string\"}}],\"inLanguage\":\"ro-RO\"},{\"@type\":\"Organization\",\"@id\":\"https:\\\/\\\/xstyle.md\\\/#organization\",\"name\":\"\u041c\u0430\u0433\u0430\u0437\u0438\u043d Xstyle\",\"alternateName\":\"x-style\",\"url\":\"https:\\\/\\\/xstyle.md\\\/\",\"logo\":{\"@type\":\"ImageObject\",\"inLanguage\":\"ro-RO\",\"@id\":\"https:\\\/\\\/xstyle.md\\\/#\\\/schema\\\/logo\\\/image\\\/\",\"url\":\"https:\\\/\\\/xstyle.md\\\/wp-content\\\/uploads\\\/2020\\\/06\\\/logoicon.svg\",\"contentUrl\":\"https:\\\/\\\/xstyle.md\\\/wp-content\\\/uploads\\\/2020\\\/06\\\/logoicon.svg\",\"caption\":\"\u041c\u0430\u0433\u0430\u0437\u0438\u043d Xstyle\"},\"image\":{\"@id\":\"https:\\\/\\\/xstyle.md\\\/#\\\/schema\\\/logo\\\/image\\\/\"},\"sameAs\":[\"https:\\\/\\\/www.facebook.com\\\/xstylemd\",\"https:\\\/\\\/www.instagram.com\\\/xstyle_md\\\/\",\"https:\\\/\\\/t.me\\\/xstyle_outdoor\"],\"hasMerchantReturnPolicy\":{\"@type\":\"MerchantReturnPolicy\",\"merchantReturnLink\":\"https:\\\/\\\/xstyle.md\\\/ro\\\/conditions\\\/\"}}]}<\/script>\n<meta property=\"product:price:amount\" content=\"2190.00\" \/>\n<meta property=\"product:price:currency\" content=\"MDL\" \/>\n<meta property=\"og:availability\" content=\"instock\" \/>\n<meta property=\"product:availability\" content=\"instock\" \/>\n<meta property=\"product:retailer_item_id\" content=\"716104015726\" \/>\n<meta property=\"product:condition\" content=\"new\" \/>\n<!-- \/ Yoast SEO plugin. -->","yoast_head_json":{"title":"Cu\u021bit Spyderco Resilience Tout Noir - Magazin Xstyle","description":"Cump\u0103ra\u021bi cu\u021bitul Spyderco Resilience Tout Noir cu lam\u0103 din o\u021bel 8Cr13MoV. Un cu\u021bit pliabil u\u0219or, cu clips \u0219i sistem de \u00eenchidere Liner Lock. Standardul de calitate Spyderco!","robots":{"index":"index","follow":"follow","max-snippet":"max-snippet:-1","max-image-preview":"max-image-preview:large","max-video-preview":"max-video-preview:-1"},"canonical":"https:\/\/xstyle.md\/ro\/produs\/nozh-spyderco-resilience-tout-noir\/","og_locale":"ro_RO","og_type":"article","og_title":"\u041d\u043e\u0436 Spyderco Resilience Tout Noir - \u041c\u0430\u0433\u0430\u0437\u0438\u043d Xstyle","og_description":"\u041a\u0443\u043f\u0438\u0442\u0435 \u043d\u043e\u0436 Spyderco Resilience Tout Noir \u0441 \u043b\u0435\u0437\u0432\u0438\u0435\u043c \u0438\u0437 \u0441\u0442\u0430\u043b\u0438 8Cr13MoV. \u041b\u0435\u0433\u043a\u0438\u0439 \u0441\u043a\u043b\u0430\u0434\u043d\u043e\u0439 \u043d\u043e\u0436 \u0441 \u043a\u043b\u0438\u043f\u0441\u043e\u0439 \u0438 \u043d\u0430\u0434\u0435\u0436\u043d\u043e\u0439 \u0444\u0438\u043a\u0441\u0430\u0446\u0438\u0435\u0439 Liner Lock. \u0421\u0442\u0430\u043d\u0434\u0430\u0440\u0442 \u043a\u0430\u0447\u0435\u0441\u0442\u0432\u0430 Spyderco!","og_url":"https:\/\/xstyle.md\/ro\/produs\/nozh-spyderco-resilience-tout-noir\/","og_site_name":"\u041c\u0430\u0433\u0430\u0437\u0438\u043d Xstyle","article_publisher":"https:\/\/www.facebook.com\/xstylemd","article_modified_time":"2025-10-24T09:22:15+00:00","og_image":[{"width":461,"height":449,"url":"https:\/\/xstyle.md\/wp-content\/uploads\/2023\/04\/spyderco-resilience-tout-noir-0.jpg","type":"image\/jpeg"}],"twitter_card":"summary_large_image","twitter_misc":{"Pre\u021b":"2.190&nbsp;MDL","Disponibilitate":"\u00cen stoc"},"schema":{"@context":"https:\/\/schema.org","@graph":[{"@type":"WebPage","@id":"https:\/\/xstyle.md\/product\/nozh-spyderco-resilience-tout-noir\/","url":"https:\/\/xstyle.md\/product\/nozh-spyderco-resilience-tout-noir\/","name":"Cu\u021bit Spyderco Resilience Tout Noir - Magazin Xstyle","isPartOf":{"@id":"https:\/\/xstyle.md\/#website"},"primaryImageOfPage":{"@id":"https:\/\/xstyle.md\/product\/nozh-spyderco-resilience-tout-noir\/#primaryimage"},"image":{"@id":"https:\/\/xstyle.md\/product\/nozh-spyderco-resilience-tout-noir\/#primaryimage"},"thumbnailUrl":"https:\/\/xstyle.md\/wp-content\/uploads\/2023\/04\/spyderco-resilience-tout-noir-0.jpg","datePublished":"2023-04-13T13:42:47+00:00","dateModified":"2025-10-24T09:22:15+00:00","description":"Cump\u0103ra\u021bi cu\u021bitul Spyderco Resilience Tout Noir cu lam\u0103 din o\u021bel 8Cr13MoV. Un cu\u021bit pliabil u\u0219or, cu clips \u0219i sistem de \u00eenchidere Liner Lock. Standardul de calitate Spyderco!","breadcrumb":{"@id":"https:\/\/xstyle.md\/product\/nozh-spyderco-resilience-tout-noir\/#breadcrumb"},"inLanguage":"ro-RO","potentialAction":[{"@type":"ReadAction","target":["https:\/\/xstyle.md\/product\/nozh-spyderco-resilience-tout-noir\/"]}]},{"@type":"ImageObject","inLanguage":"ro-RO","@id":"https:\/\/xstyle.md\/product\/nozh-spyderco-resilience-tout-noir\/#primaryimage","url":"https:\/\/xstyle.md\/wp-content\/uploads\/2023\/04\/spyderco-resilience-tout-noir-0.jpg","contentUrl":"https:\/\/xstyle.md\/wp-content\/uploads\/2023\/04\/spyderco-resilience-tout-noir-0.jpg","width":461,"height":449,"caption":"\u041a\u0440\u0443\u0433\u043b\u0430\u044f \u043c\u0438\u043d\u0438\u0430\u0442\u044e\u0440\u0430 \u043d\u043e\u0436\u0430 Spyderco Resilience Tout Noir \u0434\u043b\u044f \u0430\u043a\u0442\u0438\u0432\u043d\u043e\u0433\u043e \u043e\u0442\u0434\u044b\u0445\u0430, \u043f\u043e\u0445\u043e\u0434\u043e\u0432, \u0442\u0443\u0440\u0438\u0437\u043c\u0430 \u0438 \u0441\u043f\u043e\u0440\u0442\u0438\u0432\u043d\u043e\u0439 \u044d\u043a\u0438\u043f\u0438\u0440\u043e\u0432\u043a\u0438 \u0434\u043b\u044f \u043e\u043d\u043b\u0430\u0439\u043d-\u043c\u0430\u0433\u0430\u0437\u0438\u043d\u0430 \u0441\u043f\u043e\u0440\u0442\u0438\u0432\u043d\u043e\u0439 \u044d\u043a\u0438\u043f\u0438\u0440\u043e\u0432\u043a\u0438, \u043e\u0431\u0443\u0432\u0438 \u0438 \u043e\u0434\u0435\u0436\u0434\u044b"},{"@type":"BreadcrumbList","@id":"https:\/\/xstyle.md\/product\/nozh-spyderco-resilience-tout-noir\/#breadcrumb","itemListElement":[{"@type":"ListItem","position":1,"name":"\u0413\u043b\u0430\u0432\u043d\u0430\u044f \u0441\u0442\u0440\u0430\u043d\u0438\u0446\u0430","item":"https:\/\/xstyle.md\/"},{"@type":"ListItem","position":2,"name":"\u041c\u0430\u0433\u0430\u0437\u0438\u043d","item":"https:\/\/xstyle.md\/shop\/"},{"@type":"ListItem","position":3,"name":"\u041d\u043e\u0436 Spyderco Resilience Tout Noir"}]},{"@type":"WebSite","@id":"https:\/\/xstyle.md\/#website","url":"https:\/\/xstyle.md\/","name":"Magazinul X-Style","description":"Echipamente pentru turism \u0219i sporturi extreme \u00een Moldova. Pre\u021buri, fotografii, caracteristici \u00een Moldova.","publisher":{"@id":"https:\/\/xstyle.md\/#organization"},"alternateName":"X-Style","potentialAction":[{"@type":"SearchAction","target":{"@type":"EntryPoint","urlTemplate":"https:\/\/xstyle.md\/?s={search_term_string}"},"query-input":{"@type":"PropertyValueSpecification","valueRequired":true,"valueName":"search_term_string"}}],"inLanguage":"ro-RO"},{"@type":"Organization","@id":"https:\/\/xstyle.md\/#organization","name":"Magazinul X-Style","alternateName":"x-style","url":"https:\/\/xstyle.md\/","logo":{"@type":"ImageObject","inLanguage":"ro-RO","@id":"https:\/\/xstyle.md\/#\/schema\/logo\/image\/","url":"https:\/\/xstyle.md\/wp-content\/uploads\/2020\/06\/logoicon.svg","contentUrl":"https:\/\/xstyle.md\/wp-content\/uploads\/2020\/06\/logoicon.svg","caption":"\u041c\u0430\u0433\u0430\u0437\u0438\u043d Xstyle"},"image":{"@id":"https:\/\/xstyle.md\/#\/schema\/logo\/image\/"},"sameAs":["https:\/\/www.facebook.com\/xstylemd","https:\/\/www.instagram.com\/xstyle_md\/","https:\/\/t.me\/xstyle_outdoor"],"hasMerchantReturnPolicy":{"@type":"MerchantReturnPolicy","merchantReturnLink":"https:\/\/xstyle.md\/ro\/conditions\/"}}]},"product_price_amount":"2190.00","product_price_currency":"MDL","og_availability":"instock","product_availability":"instock","product_retailer_item_id":"716104015726","product_condition":"new"},"_links":{"self":[{"href":"https:\/\/xstyle.md\/ro\/wp-json\/wp\/v2\/product\/66951","targetHints":{"allow":["GET"]}}],"collection":[{"href":"https:\/\/xstyle.md\/ro\/wp-json\/wp\/v2\/product"}],"about":[{"href":"https:\/\/xstyle.md\/ro\/wp-json\/wp\/v2\/types\/product"}],"replies":[{"embeddable":true,"href":"https:\/\/xstyle.md\/ro\/wp-json\/wp\/v2\/comments?post=66951"}],"wp:featuredmedia":[{"embeddable":true,"href":"https:\/\/xstyle.md\/ro\/wp-json\/wp\/v2\/media\/67144"}],"wp:attachment":[{"href":"https:\/\/xstyle.md\/ro\/wp-json\/wp\/v2\/media?parent=66951"}],"wp:term":[{"taxonomy":"product_brand","embeddable":true,"href":"https:\/\/xstyle.md\/ro\/wp-json\/wp\/v2\/product_brand?post=66951"},{"taxonomy":"product_cat","embeddable":true,"href":"https:\/\/xstyle.md\/ro\/wp-json\/wp\/v2\/product_cat?post=66951"},{"taxonomy":"product_tag","embeddable":true,"href":"https:\/\/xstyle.md\/ro\/wp-json\/wp\/v2\/product_tag?post=66951"}],"curies":[{"name":"wp","href":"https:\/\/api.w.org\/{rel}","templated":true}]}}