{"id":66946,"date":"2023-04-13T16:42:46","date_gmt":"2023-04-13T13:42:46","guid":{"rendered":"https:\/\/xstyle.md\/?post_type=product&#038;p=66946"},"modified":"2025-10-24T12:20:50","modified_gmt":"2025-10-24T09:20:50","slug":"komplekt-aqualung-hero-sn","status":"publish","type":"product","link":"https:\/\/xstyle.md\/ro\/produs\/komplekt-aqualung-hero-sn\/","title":{"rendered":"Set Aqualung Hero SN"},"content":{"rendered":"<\/p>\n<p>Setul de scufundare <strong>Aqualung Hero SN<\/strong> este format dintr-o masc\u0103 de silicon, labe cu toc deschis \u0219i un tub de respira\u021bie. Masca este echipat\u0103 cu lentile din sticl\u0103 temperat\u0103 \u0219i catarame confortabile. Labe de form\u0103 ergonomic\u0103 cu duritate medie sunt echipate cu o curea cu dou\u0103 straturi. Tubul de snorkel este echipat cu o pies\u0103 bucal\u0103 din silicon, o protec\u021bie \u00eempotriva stropilor \u0219i o supap\u0103 de scurgere.<\/p>\n<h3>Particularit\u0103\u021bi<\/h3>\n<ul>\n<li>Lentile durabile din sticl\u0103 temperat\u0103<\/li>\n<li>Fusta \u0219i cureaua din silicon hipoalergenic pentru un confort maxim \u0219i o potrivire perfect\u0103, \u00eempiedic\u00e2nd apa s\u0103 intre \u00een masc\u0103<\/li>\n<li>Cataram\u0103 cu trei fe\u021be u\u0219or de reglat<\/li>\n<li>Designul unic ofer\u0103 un c\u00e2mp vizual mare<\/li>\n<li>Parte superioar\u0103 cu protec\u021bie \u00eempotriva interferen\u021belor cu func\u021bionarea normal\u0103 a apexurilor din interiorul tubului<\/li>\n<li>Buzunar hipoalergenic din silicon pentru un confort maximis<\/li>\n<li>Lamele scurte compacte reglabile cu lamelae deschise faciliteaz\u0103 accesul la picior<\/li>\n<li>Lamele compozite duble canalizeaz\u0103 apa mai eficient pentru ajuta la reducerea oboselii \u0219i a economisi energiegia pentru munca u\u0219oar\u0103 puternic\u0103<\/li>\n<li>Supapa de purjare \u00eentr-un singur sensu permite o cur\u0103\u021bare u\u0219oar\u0103.<\/li>\n<\/ul>\n<h3>Caracteristici<\/h3>\n<ul>\n<li>Scop &#8212; \u00eenot\/snorkelling\/ scufund\u0103ri<\/li>\n<li>Material ochelari de protec\u021bie &#8212; silicon, policarbonat, sticl\u0103 c\u0103lit\u0103<\/li>\n<li>Rigiditatea labelor &#8212; medie<\/li>\n<li>Tipul de toc &#8212; deschis<\/li>\n<li>Model &#8212; pentru copii.<\/li>\n<\/ul>\n<h3>Marca<\/h3>\n<p>AquaLung este un brand legendar \u00een domeniul scufund\u0103toarelor, fondat de Jacques-Yves Cousteau \u0219i Emile Gagnan. Cu mai mult de 80 de ani de existen\u021b\u0103, compania este unul dintre cei mai mari produc\u0103tori de scufundatoare, cu cea mai mare gam\u0103 de modele din industrie. Varietatea de produse moderne disponibile \u00een cadrul companiei ne permite s\u0103 oferim o gam\u0103 larg\u0103 de produse care pot fi utilizate de amatori, dar \u0219i de profesioni\u0219ti. Gama extins\u0103 include: m\u0103\u0219ti, labe, tuburi snorkeling, neopren umede \u0219i uscate costume, regulatoare \u0219i caracati\u021be, diverse tehnologii dispozitive, ambr\u0103c\u0103minte \u0219i \u00eenc\u0103l\u021b\u0103minte, gen\u021bi \u0219i multe alte accesorii. Produsele AquaLung sunt disponibile pentru distribu\u021bie \u00een p\u00e2n\u0103 la 90 de \u021b\u0103ri.<\/p>\n<p><\/p>","protected":false},"excerpt":{"rendered":"","protected":false},"featured_media":67692,"comment_status":"open","ping_status":"closed","template":"","meta":{"_acf_changed":false,"inline_featured_image":false},"product_brand":[1284],"product_cat":[409],"product_tag":[],"class_list":{"0":"post-66946","1":"product","2":"type-product","3":"status-publish","4":"has-post-thumbnail","6":"product_brand-aqualung","7":"product_cat-mask-snorkel-flippers","9":"first","10":"instock","11":"shipping-taxable","12":"purchasable","13":"product-type-simple"},"acf":[],"yoast_head":"<!-- This site is optimized with the Yoast SEO plugin v27.2 - https:\/\/yoast.com\/product\/yoast-seo-wordpress\/ -->\n<title>\u041a\u043e\u043c\u043f\u043b\u0435\u043a\u0442 Aqualung Hero SN - \u041c\u0430\u0433\u0430\u0437\u0438\u043d Xstyle<\/title>\n<meta name=\"description\" content=\"\u041a\u043e\u043c\u043f\u043b\u0435\u043a\u0442 Aqualung Hero SN: \u043c\u0430\u0441\u043a\u0430, \u043b\u0430\u0441\u0442\u044b \u0438 \u0442\u0440\u0443\u0431\u043a\u0430 \u0434\u043b\u044f \u043a\u043e\u043c\u0444\u043e\u0440\u0442\u043d\u043e\u0433\u043e \u0438 \u0431\u0435\u0437\u043e\u043f\u0430\u0441\u043d\u043e\u0433\u043e \u0434\u0430\u0439\u0432\u0438\u043d\u0433\u0430. \u0418\u0434\u0435\u0430\u043b\u044c\u043d\u044b\u0439 \u0432\u044b\u0431\u043e\u0440 \u0434\u043b\u044f \u043d\u043e\u0432\u0438\u0447\u043a\u043e\u0432 \u0438 \u043e\u043f\u044b\u0442\u043d\u044b\u0445 \u0432\u043e\u0434\u043e\u043b\u0430\u0437\u043e\u0432.\" \/>\n<meta name=\"robots\" content=\"index, follow, max-snippet:-1, max-image-preview:large, max-video-preview:-1\" \/>\n<link rel=\"canonical\" href=\"https:\/\/xstyle.md\/ro\/produs\/komplekt-aqualung-hero-sn\/\" \/>\n<meta property=\"og:locale\" content=\"ro_RO\" \/>\n<meta property=\"og:type\" content=\"article\" \/>\n<meta property=\"og:title\" content=\"\u041a\u043e\u043c\u043f\u043b\u0435\u043a\u0442 Aqualung Hero SN - \u041c\u0430\u0433\u0430\u0437\u0438\u043d Xstyle\" \/>\n<meta property=\"og:description\" content=\"\u041a\u043e\u043c\u043f\u043b\u0435\u043a\u0442 Aqualung Hero SN: \u043c\u0430\u0441\u043a\u0430, \u043b\u0430\u0441\u0442\u044b \u0438 \u0442\u0440\u0443\u0431\u043a\u0430 \u0434\u043b\u044f \u043a\u043e\u043c\u0444\u043e\u0440\u0442\u043d\u043e\u0433\u043e \u0438 \u0431\u0435\u0437\u043e\u043f\u0430\u0441\u043d\u043e\u0433\u043e \u0434\u0430\u0439\u0432\u0438\u043d\u0433\u0430. \u0418\u0434\u0435\u0430\u043b\u044c\u043d\u044b\u0439 \u0432\u044b\u0431\u043e\u0440 \u0434\u043b\u044f \u043d\u043e\u0432\u0438\u0447\u043a\u043e\u0432 \u0438 \u043e\u043f\u044b\u0442\u043d\u044b\u0445 \u0432\u043e\u0434\u043e\u043b\u0430\u0437\u043e\u0432.\" \/>\n<meta property=\"og:url\" content=\"https:\/\/xstyle.md\/ro\/produs\/komplekt-aqualung-hero-sn\/\" \/>\n<meta property=\"og:site_name\" content=\"\u041c\u0430\u0433\u0430\u0437\u0438\u043d Xstyle\" \/>\n<meta property=\"article:publisher\" content=\"https:\/\/www.facebook.com\/xstylemd\" \/>\n<meta property=\"article:modified_time\" content=\"2025-10-24T09:20:50+00:00\" \/>\n<meta property=\"og:image\" content=\"https:\/\/xstyle.md\/wp-content\/uploads\/2023\/04\/aqualung-hero-sn.jpg\" \/>\n\t<meta property=\"og:image:width\" content=\"500\" \/>\n\t<meta property=\"og:image:height\" content=\"500\" \/>\n\t<meta property=\"og:image:type\" content=\"image\/jpeg\" \/>\n<meta name=\"twitter:card\" content=\"summary_large_image\" \/>\n<meta name=\"twitter:label1\" content=\"Pre\u021b\" \/>\n\t<meta name=\"twitter:data1\" content=\"1.290&nbsp;MDL\" \/>\n\t<meta name=\"twitter:label2\" content=\"Disponibilitate\" \/>\n\t<meta name=\"twitter:data2\" content=\"\u00cen stoc\" \/>\n<script type=\"application\/ld+json\" class=\"yoast-schema-graph\">{\"@context\":\"https:\/\/schema.org\",\"@graph\":[{\"@type\":\"WebPage\",\"@id\":\"https:\/\/xstyle.md\/product\/komplekt-aqualung-hero-sn\/\",\"url\":\"https:\/\/xstyle.md\/product\/komplekt-aqualung-hero-sn\/\",\"name\":\"\u041a\u043e\u043c\u043f\u043b\u0435\u043a\u0442 Aqualung Hero SN - \u041c\u0430\u0433\u0430\u0437\u0438\u043d Xstyle\",\"isPartOf\":{\"@id\":\"https:\/\/xstyle.md\/#website\"},\"primaryImageOfPage\":{\"@id\":\"https:\/\/xstyle.md\/product\/komplekt-aqualung-hero-sn\/#primaryimage\"},\"image\":{\"@id\":\"https:\/\/xstyle.md\/product\/komplekt-aqualung-hero-sn\/#primaryimage\"},\"thumbnailUrl\":\"https:\/\/xstyle.md\/wp-content\/uploads\/2023\/04\/aqualung-hero-sn.jpg\",\"datePublished\":\"2023-04-13T13:42:46+00:00\",\"dateModified\":\"2025-10-24T09:20:50+00:00\",\"description\":\"\u041a\u043e\u043c\u043f\u043b\u0435\u043a\u0442 Aqualung Hero SN: \u043c\u0430\u0441\u043a\u0430, \u043b\u0430\u0441\u0442\u044b \u0438 \u0442\u0440\u0443\u0431\u043a\u0430 \u0434\u043b\u044f \u043a\u043e\u043c\u0444\u043e\u0440\u0442\u043d\u043e\u0433\u043e \u0438 \u0431\u0435\u0437\u043e\u043f\u0430\u0441\u043d\u043e\u0433\u043e \u0434\u0430\u0439\u0432\u0438\u043d\u0433\u0430. \u0418\u0434\u0435\u0430\u043b\u044c\u043d\u044b\u0439 \u0432\u044b\u0431\u043e\u0440 \u0434\u043b\u044f \u043d\u043e\u0432\u0438\u0447\u043a\u043e\u0432 \u0438 \u043e\u043f\u044b\u0442\u043d\u044b\u0445 \u0432\u043e\u0434\u043e\u043b\u0430\u0437\u043e\u0432.\",\"breadcrumb\":{\"@id\":\"https:\/\/xstyle.md\/product\/komplekt-aqualung-hero-sn\/#breadcrumb\"},\"inLanguage\":\"ro-RO\",\"potentialAction\":[{\"@type\":\"ReadAction\",\"target\":[\"https:\/\/xstyle.md\/product\/komplekt-aqualung-hero-sn\/\"]}]},{\"@type\":\"ImageObject\",\"inLanguage\":\"ro-RO\",\"@id\":\"https:\/\/xstyle.md\/product\/komplekt-aqualung-hero-sn\/#primaryimage\",\"url\":\"https:\/\/xstyle.md\/wp-content\/uploads\/2023\/04\/aqualung-hero-sn.jpg\",\"contentUrl\":\"https:\/\/xstyle.md\/wp-content\/uploads\/2023\/04\/aqualung-hero-sn.jpg\",\"width\":500,\"height\":500,\"caption\":\"\u041a\u043e\u043c\u043f\u043b\u0435\u043a\u0442 Aqualung Hero SN \u0434\u043b\u044f \u0430\u043a\u0442\u0438\u0432\u043d\u043e\u0433\u043e \u043e\u0442\u0434\u044b\u0445\u0430, \u043f\u043e\u0445\u043e\u0434\u043e\u0432, \u043f\u0443\u0442\u0435\u0448\u0435\u0441\u0442\u0432\u0438\u0439 \u2014 \u043e\u0434\u0435\u0436\u0434\u0430 \u0438 \u043e\u0431\u0443\u0432\u044c \u0434\u043b\u044f \u044d\u043a\u0441\u0442\u0440\u0435\u043c\u0430\u043b\u044c\u043d\u044b\u0445 \u0432\u0438\u0434\u043e\u0432 \u0441\u043f\u043e\u0440\u0442\u0430 \u0438 \u0442\u0443\u0440\u0438\u0437\u043c\u0430\"},{\"@type\":\"BreadcrumbList\",\"@id\":\"https:\/\/xstyle.md\/product\/komplekt-aqualung-hero-sn\/#breadcrumb\",\"itemListElement\":[{\"@type\":\"ListItem\",\"position\":1,\"name\":\"\u0413\u043b\u0430\u0432\u043d\u0430\u044f \u0441\u0442\u0440\u0430\u043d\u0438\u0446\u0430\",\"item\":\"https:\/\/xstyle.md\/\"},{\"@type\":\"ListItem\",\"position\":2,\"name\":\"\u041c\u0430\u0433\u0430\u0437\u0438\u043d\",\"item\":\"https:\/\/xstyle.md\/shop\/\"},{\"@type\":\"ListItem\",\"position\":3,\"name\":\"\u041a\u043e\u043c\u043f\u043b\u0435\u043a\u0442 Aqualung Hero SN\"}]},{\"@type\":\"WebSite\",\"@id\":\"https:\/\/xstyle.md\/#website\",\"url\":\"https:\/\/xstyle.md\/\",\"name\":\"\u041c\u0430\u0433\u0430\u0437\u0438\u043d Xstyle\",\"description\":\"C\u043d\u0430\u0440\u044f\u0436\u0435\u043d\u0438\u0435 \u0434\u043b\u044f \u0442\u0443\u0440\u0438\u0437\u043c\u0430 \u0438 \u044d\u043a\u0441\u0442\u0440\u0435\u043c\u0430\u043b\u044c\u043d\u044b\u0445 \u0432\u0438\u0434\u043e\u0432 \u0441\u043f\u043e\u0440\u0442\u0430 \u0432 \u041c\u043e\u043b\u0434\u043e\u0432\u0435.. \u0426\u0435\u043d\u044b, \u0444\u043e\u0442\u043e, \u0445\u0430\u0440\u0430\u043a\u0442\u0435\u0440\u0438\u0441\u0442\u0438\u043a\u0438 \u0432 \u041c\u043e\u043b\u0434\u043e\u0432\u0435.\",\"publisher\":{\"@id\":\"https:\/\/xstyle.md\/#organization\"},\"alternateName\":\"X-Style\",\"potentialAction\":[{\"@type\":\"SearchAction\",\"target\":{\"@type\":\"EntryPoint\",\"urlTemplate\":\"https:\/\/xstyle.md\/?s={search_term_string}\"},\"query-input\":{\"@type\":\"PropertyValueSpecification\",\"valueRequired\":true,\"valueName\":\"search_term_string\"}}],\"inLanguage\":\"ro-RO\"},{\"@type\":\"Organization\",\"@id\":\"https:\/\/xstyle.md\/#organization\",\"name\":\"\u041c\u0430\u0433\u0430\u0437\u0438\u043d Xstyle\",\"alternateName\":\"x-style\",\"url\":\"https:\/\/xstyle.md\/\",\"logo\":{\"@type\":\"ImageObject\",\"inLanguage\":\"ro-RO\",\"@id\":\"https:\/\/xstyle.md\/#\/schema\/logo\/image\/\",\"url\":\"https:\/\/xstyle.md\/wp-content\/uploads\/2020\/06\/logoicon.svg\",\"contentUrl\":\"https:\/\/xstyle.md\/wp-content\/uploads\/2020\/06\/logoicon.svg\",\"caption\":\"\u041c\u0430\u0433\u0430\u0437\u0438\u043d Xstyle\"},\"image\":{\"@id\":\"https:\/\/xstyle.md\/#\/schema\/logo\/image\/\"},\"sameAs\":[\"https:\/\/www.facebook.com\/xstylemd\",\"https:\/\/www.instagram.com\/xstyle_md\/\",\"https:\/\/t.me\/xstyle_outdoor\"],\"hasMerchantReturnPolicy\":{\"@type\":\"MerchantReturnPolicy\",\"merchantReturnLink\":\"https:\/\/xstyle.md\/ro\/conditions\/\"}}]}<\/script>\n<meta property=\"product:price:amount\" content=\"1290.00\" \/>\n<meta property=\"product:price:currency\" content=\"MDL\" \/>\n<meta property=\"og:availability\" content=\"instock\" \/>\n<meta property=\"product:availability\" content=\"instock\" \/>\n<meta property=\"product:retailer_item_id\" content=\"3665771083262\" \/>\n<meta property=\"product:condition\" content=\"new\" \/>\n<!-- \/ Yoast SEO plugin. -->","yoast_head_json":{"title":"Set Aqualung Hero SN - Magazin Xstyle","description":"Setul Aqualung Hero SN: masc\u0103, foci \u0219i tub pentru o scufundare confortabil\u0103 \u0219i sigur\u0103. Alegerea perfect\u0103 pentru \u00eencep\u0103tori \u0219i scafandri experimenta\u021bi.","robots":{"index":"index","follow":"follow","max-snippet":"max-snippet:-1","max-image-preview":"max-image-preview:large","max-video-preview":"max-video-preview:-1"},"canonical":"https:\/\/xstyle.md\/ro\/produs\/komplekt-aqualung-hero-sn\/","og_locale":"ro_RO","og_type":"article","og_title":"\u041a\u043e\u043c\u043f\u043b\u0435\u043a\u0442 Aqualung Hero SN - \u041c\u0430\u0433\u0430\u0437\u0438\u043d Xstyle","og_description":"\u041a\u043e\u043c\u043f\u043b\u0435\u043a\u0442 Aqualung Hero SN: \u043c\u0430\u0441\u043a\u0430, \u043b\u0430\u0441\u0442\u044b \u0438 \u0442\u0440\u0443\u0431\u043a\u0430 \u0434\u043b\u044f \u043a\u043e\u043c\u0444\u043e\u0440\u0442\u043d\u043e\u0433\u043e \u0438 \u0431\u0435\u0437\u043e\u043f\u0430\u0441\u043d\u043e\u0433\u043e \u0434\u0430\u0439\u0432\u0438\u043d\u0433\u0430. \u0418\u0434\u0435\u0430\u043b\u044c\u043d\u044b\u0439 \u0432\u044b\u0431\u043e\u0440 \u0434\u043b\u044f \u043d\u043e\u0432\u0438\u0447\u043a\u043e\u0432 \u0438 \u043e\u043f\u044b\u0442\u043d\u044b\u0445 \u0432\u043e\u0434\u043e\u043b\u0430\u0437\u043e\u0432.","og_url":"https:\/\/xstyle.md\/ro\/produs\/komplekt-aqualung-hero-sn\/","og_site_name":"\u041c\u0430\u0433\u0430\u0437\u0438\u043d Xstyle","article_publisher":"https:\/\/www.facebook.com\/xstylemd","article_modified_time":"2025-10-24T09:20:50+00:00","og_image":[{"width":500,"height":500,"url":"https:\/\/xstyle.md\/wp-content\/uploads\/2023\/04\/aqualung-hero-sn.jpg","type":"image\/jpeg"}],"twitter_card":"summary_large_image","twitter_misc":{"Pre\u021b":"1.290&nbsp;MDL","Disponibilitate":"\u00cen stoc"},"schema":{"@context":"https:\/\/schema.org","@graph":[{"@type":"WebPage","@id":"https:\/\/xstyle.md\/product\/komplekt-aqualung-hero-sn\/","url":"https:\/\/xstyle.md\/product\/komplekt-aqualung-hero-sn\/","name":"Set Aqualung Hero SN - Magazin Xstyle","isPartOf":{"@id":"https:\/\/xstyle.md\/#website"},"primaryImageOfPage":{"@id":"https:\/\/xstyle.md\/product\/komplekt-aqualung-hero-sn\/#primaryimage"},"image":{"@id":"https:\/\/xstyle.md\/product\/komplekt-aqualung-hero-sn\/#primaryimage"},"thumbnailUrl":"https:\/\/xstyle.md\/wp-content\/uploads\/2023\/04\/aqualung-hero-sn.jpg","datePublished":"2023-04-13T13:42:46+00:00","dateModified":"2025-10-24T09:20:50+00:00","description":"Setul Aqualung Hero SN: masc\u0103, foci \u0219i tub pentru o scufundare confortabil\u0103 \u0219i sigur\u0103. Alegerea perfect\u0103 pentru \u00eencep\u0103tori \u0219i scafandri experimenta\u021bi.","breadcrumb":{"@id":"https:\/\/xstyle.md\/product\/komplekt-aqualung-hero-sn\/#breadcrumb"},"inLanguage":"ro-RO","potentialAction":[{"@type":"ReadAction","target":["https:\/\/xstyle.md\/product\/komplekt-aqualung-hero-sn\/"]}]},{"@type":"ImageObject","inLanguage":"ro-RO","@id":"https:\/\/xstyle.md\/product\/komplekt-aqualung-hero-sn\/#primaryimage","url":"https:\/\/xstyle.md\/wp-content\/uploads\/2023\/04\/aqualung-hero-sn.jpg","contentUrl":"https:\/\/xstyle.md\/wp-content\/uploads\/2023\/04\/aqualung-hero-sn.jpg","width":500,"height":500,"caption":"\u041a\u043e\u043c\u043f\u043b\u0435\u043a\u0442 Aqualung Hero SN \u0434\u043b\u044f \u0430\u043a\u0442\u0438\u0432\u043d\u043e\u0433\u043e \u043e\u0442\u0434\u044b\u0445\u0430, \u043f\u043e\u0445\u043e\u0434\u043e\u0432, \u043f\u0443\u0442\u0435\u0448\u0435\u0441\u0442\u0432\u0438\u0439 \u2014 \u043e\u0434\u0435\u0436\u0434\u0430 \u0438 \u043e\u0431\u0443\u0432\u044c \u0434\u043b\u044f \u044d\u043a\u0441\u0442\u0440\u0435\u043c\u0430\u043b\u044c\u043d\u044b\u0445 \u0432\u0438\u0434\u043e\u0432 \u0441\u043f\u043e\u0440\u0442\u0430 \u0438 \u0442\u0443\u0440\u0438\u0437\u043c\u0430"},{"@type":"BreadcrumbList","@id":"https:\/\/xstyle.md\/product\/komplekt-aqualung-hero-sn\/#breadcrumb","itemListElement":[{"@type":"ListItem","position":1,"name":"\u0413\u043b\u0430\u0432\u043d\u0430\u044f \u0441\u0442\u0440\u0430\u043d\u0438\u0446\u0430","item":"https:\/\/xstyle.md\/"},{"@type":"ListItem","position":2,"name":"\u041c\u0430\u0433\u0430\u0437\u0438\u043d","item":"https:\/\/xstyle.md\/shop\/"},{"@type":"ListItem","position":3,"name":"\u041a\u043e\u043c\u043f\u043b\u0435\u043a\u0442 Aqualung Hero SN"}]},{"@type":"WebSite","@id":"https:\/\/xstyle.md\/#website","url":"https:\/\/xstyle.md\/","name":"Magazinul X-Style","description":"Echipamente pentru turism \u0219i sporturi extreme \u00een Moldova. Pre\u021buri, fotografii, caracteristici \u00een Moldova.","publisher":{"@id":"https:\/\/xstyle.md\/#organization"},"alternateName":"X-Style","potentialAction":[{"@type":"SearchAction","target":{"@type":"EntryPoint","urlTemplate":"https:\/\/xstyle.md\/?s={search_term_string}"},"query-input":{"@type":"PropertyValueSpecification","valueRequired":true,"valueName":"search_term_string"}}],"inLanguage":"ro-RO"},{"@type":"Organization","@id":"https:\/\/xstyle.md\/#organization","name":"Magazinul X-Style","alternateName":"x-style","url":"https:\/\/xstyle.md\/","logo":{"@type":"ImageObject","inLanguage":"ro-RO","@id":"https:\/\/xstyle.md\/#\/schema\/logo\/image\/","url":"https:\/\/xstyle.md\/wp-content\/uploads\/2020\/06\/logoicon.svg","contentUrl":"https:\/\/xstyle.md\/wp-content\/uploads\/2020\/06\/logoicon.svg","caption":"\u041c\u0430\u0433\u0430\u0437\u0438\u043d Xstyle"},"image":{"@id":"https:\/\/xstyle.md\/#\/schema\/logo\/image\/"},"sameAs":["https:\/\/www.facebook.com\/xstylemd","https:\/\/www.instagram.com\/xstyle_md\/","https:\/\/t.me\/xstyle_outdoor"],"hasMerchantReturnPolicy":{"@type":"MerchantReturnPolicy","merchantReturnLink":"https:\/\/xstyle.md\/ro\/conditions\/"}}]},"product_price_amount":"1290.00","product_price_currency":"MDL","og_availability":"instock","product_availability":"instock","product_retailer_item_id":"3665771083262","product_condition":"new"},"post_mailing_queue_ids":[],"_links":{"self":[{"href":"https:\/\/xstyle.md\/ro\/wp-json\/wp\/v2\/product\/66946","targetHints":{"allow":["GET"]}}],"collection":[{"href":"https:\/\/xstyle.md\/ro\/wp-json\/wp\/v2\/product"}],"about":[{"href":"https:\/\/xstyle.md\/ro\/wp-json\/wp\/v2\/types\/product"}],"replies":[{"embeddable":true,"href":"https:\/\/xstyle.md\/ro\/wp-json\/wp\/v2\/comments?post=66946"}],"wp:featuredmedia":[{"embeddable":true,"href":"https:\/\/xstyle.md\/ro\/wp-json\/wp\/v2\/media\/67692"}],"wp:attachment":[{"href":"https:\/\/xstyle.md\/ro\/wp-json\/wp\/v2\/media?parent=66946"}],"wp:term":[{"taxonomy":"product_brand","embeddable":true,"href":"https:\/\/xstyle.md\/ro\/wp-json\/wp\/v2\/product_brand?post=66946"},{"taxonomy":"product_cat","embeddable":true,"href":"https:\/\/xstyle.md\/ro\/wp-json\/wp\/v2\/product_cat?post=66946"},{"taxonomy":"product_tag","embeddable":true,"href":"https:\/\/xstyle.md\/ro\/wp-json\/wp\/v2\/product_tag?post=66946"}],"curies":[{"name":"wp","href":"https:\/\/api.w.org\/{rel}","templated":true}]}}