{"id":66940,"date":"2023-04-13T16:42:45","date_gmt":"2023-04-13T13:42:45","guid":{"rendered":"https:\/\/xstyle.md\/?post_type=product&#038;p=66940"},"modified":"2025-10-24T12:20:34","modified_gmt":"2025-10-24T09:20:34","slug":"lasty-aqualung-fizz-sn","status":"publish","type":"product","link":"https:\/\/xstyle.md\/ro\/produs\/lasty-aqualung-fizz-sn\/","title":{"rendered":"Labe Aqualung Fizz SN"},"content":{"rendered":"<\/p>\n<p><strong>Aqualung Fizz SN<\/strong> &#8212; aripioarele de scufundare au un toc deschis cu o curea care poate fi fixat\u0103 pe ambele p\u0103r\u021bi. Sub picioare exist\u0103 pl\u0103cu\u021be practice care asigur\u0103 o bun\u0103 potrivire. Pl\u0103cu\u021bele sunt realizate din plastic dur, care asigur\u0103 o bun\u0103 trac\u021biune, \u0219i au margini durabile din cauciuc dur pentru a asigura o mi\u0219care c\u00e2t mai eficient\u0103 a apei \u00een jurul picioarelor.<\/p>\n<h3>Particularit\u0103\u021bi<\/h3>\n<ul>\n<li>Aripioare de snorkelling cu un toc deschis moale \u0219i confortabil<\/li>\n<li>Catarame u\u0219or de reglat pentru o potrivire sigur\u0103 \u0219i confortabil\u0103<\/li>\n<li>Lama compozit\u0103 dubl\u0103 dreneaz\u0103 apa mai eficient, ajut\u00e2nd la reducerea oboselii \u0219i la conservarea energiei pentru o performan\u021b\u0103 puternic\u0103 \u0219i u\u0219oar\u0103.<\/li>\n<\/ul>\n<h3>Caracteristici<\/h3>\n<ul>\n<li>Material &#8212; plastic, cauciuc<\/li>\n<li>Scop &#8212; scufund\u0103ri\/snorkelling<\/li>\n<li>Rigiditate &#8212; medie<\/li>\n<li>Tip de lam\u0103 &#8212; ventilat\u0103<\/li>\n<li>Tipul tocului &#8212; deschis.<\/li>\n<\/ul>\n<h3>Marca<\/h3>\n<p>AquaLung &#8212; o marc\u0103 legendar\u0103 \u00een lumea scufund\u0103rilor, av\u00e2ndu-i ca fondatori pe Jacques-Yves Cousteau \u0219i Emile Gagnan. De mai bine de 80 de ani de existen\u021b\u0103, compania a devenit cel mai mare produc\u0103tor de echipamente de scufund\u0103ri, cu cea mai larg\u0103 gam\u0103 de modele din industrie. Varietatea de produse moderne ale companiei v\u0103 permite s\u0103 g\u0103si\u021bi ceea ce ave\u021bi nevoie at\u00e2t pentru \u00eencep\u0103torii amatori, c\u00e2t \u0219i pentru profesioni\u0219ti. Gama larg\u0103 include: m\u0103\u0219ti, aripioare, tuburi de snorkeling, costume de neopren umede \u0219i uscate, regulatoare \u0219i caracati\u021be, diverse dispozitive de \u00eenalt\u0103 tehnologie, \u00eembr\u0103c\u0103minte \u0219i \u00eenc\u0103l\u021b\u0103minte, gen\u021bi \u0219i multe alte accesorii. Datorit\u0103 unei re\u021bele puternice de distribu\u021bie, produsele AquaLung pot fi achizi\u021bionate \u00een peste 90 de \u021b\u0103ri de pe toate continentele.<\/p>\n<p><\/p>","protected":false},"excerpt":{"rendered":"","protected":false},"featured_media":67705,"comment_status":"open","ping_status":"closed","template":"","meta":{"_acf_changed":false,"inline_featured_image":false},"product_brand":[1284],"product_cat":[179],"product_tag":[],"class_list":{"0":"post-66940","1":"product","2":"type-product","3":"status-publish","4":"has-post-thumbnail","6":"product_brand-aqualung","7":"product_cat-flippers","9":"first","10":"instock","11":"shipping-taxable","12":"purchasable","13":"product-type-simple"},"acf":[],"yoast_head":"<!-- This site is optimized with the Yoast SEO plugin v27.4 - https:\/\/yoast.com\/product\/yoast-seo-wordpress\/ -->\n<title>\u041b\u0430\u0441\u0442\u044b Aqualung Fizz SN - \u041c\u0430\u0433\u0430\u0437\u0438\u043d Xstyle<\/title>\n<meta name=\"description\" content=\"\u041b\u0430\u0441\u0442\u044b Aqualung Fizz SN \u043e\u0431\u0435\u0441\u043f\u0435\u0447\u0438\u0432\u0430\u044e\u0442 \u043e\u0442\u043b\u0438\u0447\u043d\u0443\u044e \u0442\u0440\u0430\u043a\u0446\u0438\u044e \u0438 \u043a\u043e\u043c\u0444\u043e\u0440\u0442. \u0418\u0434\u0435\u0430\u043b\u044c\u043d\u044b \u0434\u043b\u044f \u0434\u0430\u0439\u0432\u0438\u043d\u0433\u0430, \u0441 \u043f\u0440\u043e\u0447\u043d\u043e\u0439 \u043a\u043e\u043d\u0441\u0442\u0440\u0443\u043a\u0446\u0438\u0435\u0439 \u0438 \u0440\u0435\u0433\u0443\u043b\u0438\u0440\u0443\u0435\u043c\u043e\u0439 \u0437\u0430\u0441\u0442\u0435\u0436\u043a\u043e\u0439.\" \/>\n<meta name=\"robots\" content=\"index, follow, max-snippet:-1, max-image-preview:large, max-video-preview:-1\" \/>\n<link rel=\"canonical\" href=\"https:\/\/xstyle.md\/ro\/produs\/lasty-aqualung-fizz-sn\/\" \/>\n<meta property=\"og:locale\" content=\"ro_RO\" \/>\n<meta property=\"og:type\" content=\"article\" \/>\n<meta property=\"og:title\" content=\"\u041b\u0430\u0441\u0442\u044b Aqualung Fizz SN - \u041c\u0430\u0433\u0430\u0437\u0438\u043d Xstyle\" \/>\n<meta property=\"og:description\" content=\"\u041b\u0430\u0441\u0442\u044b Aqualung Fizz SN \u043e\u0431\u0435\u0441\u043f\u0435\u0447\u0438\u0432\u0430\u044e\u0442 \u043e\u0442\u043b\u0438\u0447\u043d\u0443\u044e \u0442\u0440\u0430\u043a\u0446\u0438\u044e \u0438 \u043a\u043e\u043c\u0444\u043e\u0440\u0442. \u0418\u0434\u0435\u0430\u043b\u044c\u043d\u044b \u0434\u043b\u044f \u0434\u0430\u0439\u0432\u0438\u043d\u0433\u0430, \u0441 \u043f\u0440\u043e\u0447\u043d\u043e\u0439 \u043a\u043e\u043d\u0441\u0442\u0440\u0443\u043a\u0446\u0438\u0435\u0439 \u0438 \u0440\u0435\u0433\u0443\u043b\u0438\u0440\u0443\u0435\u043c\u043e\u0439 \u0437\u0430\u0441\u0442\u0435\u0436\u043a\u043e\u0439.\" \/>\n<meta property=\"og:url\" content=\"https:\/\/xstyle.md\/ro\/produs\/lasty-aqualung-fizz-sn\/\" \/>\n<meta property=\"og:site_name\" content=\"\u041c\u0430\u0433\u0430\u0437\u0438\u043d Xstyle\" \/>\n<meta property=\"article:publisher\" content=\"https:\/\/www.facebook.com\/xstylemd\" \/>\n<meta property=\"article:modified_time\" content=\"2025-10-24T09:20:34+00:00\" \/>\n<meta property=\"og:image\" content=\"https:\/\/xstyle.md\/wp-content\/uploads\/2023\/04\/aqualung-fizz-sn.jpg\" \/>\n\t<meta property=\"og:image:width\" content=\"699\" \/>\n\t<meta property=\"og:image:height\" content=\"700\" \/>\n\t<meta property=\"og:image:type\" content=\"image\/jpeg\" \/>\n<meta name=\"twitter:card\" content=\"summary_large_image\" \/>\n<meta name=\"twitter:label1\" content=\"Pre\u021b\" \/>\n\t<meta name=\"twitter:data1\" content=\"830&nbsp;MDL\" \/>\n\t<meta name=\"twitter:label2\" content=\"Disponibilitate\" \/>\n\t<meta name=\"twitter:data2\" content=\"\u00cen stoc\" \/>\n<script type=\"application\/ld+json\" class=\"yoast-schema-graph\">{\"@context\":\"https:\\\/\\\/schema.org\",\"@graph\":[{\"@type\":\"WebPage\",\"@id\":\"https:\\\/\\\/xstyle.md\\\/product\\\/lasty-aqualung-fizz-sn\\\/\",\"url\":\"https:\\\/\\\/xstyle.md\\\/product\\\/lasty-aqualung-fizz-sn\\\/\",\"name\":\"\u041b\u0430\u0441\u0442\u044b Aqualung Fizz SN - \u041c\u0430\u0433\u0430\u0437\u0438\u043d Xstyle\",\"isPartOf\":{\"@id\":\"https:\\\/\\\/xstyle.md\\\/#website\"},\"primaryImageOfPage\":{\"@id\":\"https:\\\/\\\/xstyle.md\\\/product\\\/lasty-aqualung-fizz-sn\\\/#primaryimage\"},\"image\":{\"@id\":\"https:\\\/\\\/xstyle.md\\\/product\\\/lasty-aqualung-fizz-sn\\\/#primaryimage\"},\"thumbnailUrl\":\"https:\\\/\\\/xstyle.md\\\/wp-content\\\/uploads\\\/2023\\\/04\\\/aqualung-fizz-sn.jpg\",\"datePublished\":\"2023-04-13T13:42:45+00:00\",\"dateModified\":\"2025-10-24T09:20:34+00:00\",\"description\":\"\u041b\u0430\u0441\u0442\u044b Aqualung Fizz SN \u043e\u0431\u0435\u0441\u043f\u0435\u0447\u0438\u0432\u0430\u044e\u0442 \u043e\u0442\u043b\u0438\u0447\u043d\u0443\u044e \u0442\u0440\u0430\u043a\u0446\u0438\u044e \u0438 \u043a\u043e\u043c\u0444\u043e\u0440\u0442. \u0418\u0434\u0435\u0430\u043b\u044c\u043d\u044b \u0434\u043b\u044f \u0434\u0430\u0439\u0432\u0438\u043d\u0433\u0430, \u0441 \u043f\u0440\u043e\u0447\u043d\u043e\u0439 \u043a\u043e\u043d\u0441\u0442\u0440\u0443\u043a\u0446\u0438\u0435\u0439 \u0438 \u0440\u0435\u0433\u0443\u043b\u0438\u0440\u0443\u0435\u043c\u043e\u0439 \u0437\u0430\u0441\u0442\u0435\u0436\u043a\u043e\u0439.\",\"breadcrumb\":{\"@id\":\"https:\\\/\\\/xstyle.md\\\/product\\\/lasty-aqualung-fizz-sn\\\/#breadcrumb\"},\"inLanguage\":\"ro-RO\",\"potentialAction\":[{\"@type\":\"ReadAction\",\"target\":[\"https:\\\/\\\/xstyle.md\\\/product\\\/lasty-aqualung-fizz-sn\\\/\"]}]},{\"@type\":\"ImageObject\",\"inLanguage\":\"ro-RO\",\"@id\":\"https:\\\/\\\/xstyle.md\\\/product\\\/lasty-aqualung-fizz-sn\\\/#primaryimage\",\"url\":\"https:\\\/\\\/xstyle.md\\\/wp-content\\\/uploads\\\/2023\\\/04\\\/aqualung-fizz-sn.jpg\",\"contentUrl\":\"https:\\\/\\\/xstyle.md\\\/wp-content\\\/uploads\\\/2023\\\/04\\\/aqualung-fizz-sn.jpg\",\"width\":699,\"height\":700,\"caption\":\"\u041b\u0430\u0441\u0442\u044b Aqualung Fizz SN \u0434\u043b\u044f \u0430\u043a\u0442\u0438\u0432\u043d\u043e\u0433\u043e \u043e\u0442\u0434\u044b\u0445\u0430 \u043f\u043b\u0430\u0432\u0430\u043d\u0438\u044f \u0438 \u043f\u043e\u0434\u0432\u043e\u0434\u043d\u043e\u0433\u043e \u043f\u043b\u0430\u0432\u0430\u043d\u0438\u044f, \u044d\u043a\u0438\u043f\u0438\u0440\u043e\u0432\u043a\u0430 \u0434\u043b\u044f \u043f\u0443\u0442\u0435\u0448\u0435\u0441\u0442\u0432\u0438\u0439 \u0438 \u0441\u043f\u043e\u0440\u0442\u0438\u0432\u043d\u043e\u0439 \u043e\u0434\u0435\u0436\u0434\u044b, \u043e\u0431\u0443\u0432\u044c \u0434\u043b\u044f \u043f\u043e\u0445\u043e\u0434\u043e\u0432 \u0438 \u0430\u043b\u044c\u043f\u0438\u043d\u0438\u0437\u043c\u0430, \u043e\u0431\u0443\u0432\u044c \u0434\u043b\u044f \u0442\u0443\u0440\u0438\u0437\u043c\u0430 \u0438 \u0430\u043a\u0442\u0438\u0432\u043d\u043e\u0439 \u0436\u0438\u0437\u043d\u0438\"},{\"@type\":\"BreadcrumbList\",\"@id\":\"https:\\\/\\\/xstyle.md\\\/product\\\/lasty-aqualung-fizz-sn\\\/#breadcrumb\",\"itemListElement\":[{\"@type\":\"ListItem\",\"position\":1,\"name\":\"\u0413\u043b\u0430\u0432\u043d\u0430\u044f \u0441\u0442\u0440\u0430\u043d\u0438\u0446\u0430\",\"item\":\"https:\\\/\\\/xstyle.md\\\/\"},{\"@type\":\"ListItem\",\"position\":2,\"name\":\"\u041c\u0430\u0433\u0430\u0437\u0438\u043d\",\"item\":\"https:\\\/\\\/xstyle.md\\\/shop\\\/\"},{\"@type\":\"ListItem\",\"position\":3,\"name\":\"\u041b\u0430\u0441\u0442\u044b Aqualung Fizz SN\"}]},{\"@type\":\"WebSite\",\"@id\":\"https:\\\/\\\/xstyle.md\\\/#website\",\"url\":\"https:\\\/\\\/xstyle.md\\\/\",\"name\":\"\u041c\u0430\u0433\u0430\u0437\u0438\u043d Xstyle\",\"description\":\"C\u043d\u0430\u0440\u044f\u0436\u0435\u043d\u0438\u0435 \u0434\u043b\u044f \u0442\u0443\u0440\u0438\u0437\u043c\u0430 \u0438 \u044d\u043a\u0441\u0442\u0440\u0435\u043c\u0430\u043b\u044c\u043d\u044b\u0445 \u0432\u0438\u0434\u043e\u0432 \u0441\u043f\u043e\u0440\u0442\u0430 \u0432 \u041c\u043e\u043b\u0434\u043e\u0432\u0435.. \u0426\u0435\u043d\u044b, \u0444\u043e\u0442\u043e, \u0445\u0430\u0440\u0430\u043a\u0442\u0435\u0440\u0438\u0441\u0442\u0438\u043a\u0438 \u0432 \u041c\u043e\u043b\u0434\u043e\u0432\u0435.\",\"publisher\":{\"@id\":\"https:\\\/\\\/xstyle.md\\\/#organization\"},\"alternateName\":\"X-Style\",\"potentialAction\":[{\"@type\":\"SearchAction\",\"target\":{\"@type\":\"EntryPoint\",\"urlTemplate\":\"https:\\\/\\\/xstyle.md\\\/?s={search_term_string}\"},\"query-input\":{\"@type\":\"PropertyValueSpecification\",\"valueRequired\":true,\"valueName\":\"search_term_string\"}}],\"inLanguage\":\"ro-RO\"},{\"@type\":\"Organization\",\"@id\":\"https:\\\/\\\/xstyle.md\\\/#organization\",\"name\":\"\u041c\u0430\u0433\u0430\u0437\u0438\u043d Xstyle\",\"alternateName\":\"x-style\",\"url\":\"https:\\\/\\\/xstyle.md\\\/\",\"logo\":{\"@type\":\"ImageObject\",\"inLanguage\":\"ro-RO\",\"@id\":\"https:\\\/\\\/xstyle.md\\\/#\\\/schema\\\/logo\\\/image\\\/\",\"url\":\"https:\\\/\\\/xstyle.md\\\/wp-content\\\/uploads\\\/2020\\\/06\\\/logoicon.svg\",\"contentUrl\":\"https:\\\/\\\/xstyle.md\\\/wp-content\\\/uploads\\\/2020\\\/06\\\/logoicon.svg\",\"caption\":\"\u041c\u0430\u0433\u0430\u0437\u0438\u043d Xstyle\"},\"image\":{\"@id\":\"https:\\\/\\\/xstyle.md\\\/#\\\/schema\\\/logo\\\/image\\\/\"},\"sameAs\":[\"https:\\\/\\\/www.facebook.com\\\/xstylemd\",\"https:\\\/\\\/www.instagram.com\\\/xstyle_md\\\/\",\"https:\\\/\\\/t.me\\\/xstyle_outdoor\"],\"hasMerchantReturnPolicy\":{\"@type\":\"MerchantReturnPolicy\",\"merchantReturnLink\":\"https:\\\/\\\/xstyle.md\\\/ro\\\/conditions\\\/\"}}]}<\/script>\n<meta property=\"product:price:amount\" content=\"830.00\" \/>\n<meta property=\"product:price:currency\" content=\"MDL\" \/>\n<meta property=\"og:availability\" content=\"instock\" \/>\n<meta property=\"product:availability\" content=\"instock\" \/>\n<meta property=\"product:retailer_item_id\" content=\"3665771083354\" \/>\n<meta property=\"product:condition\" content=\"new\" \/>\n<!-- \/ Yoast SEO plugin. -->","yoast_head_json":{"title":"Labe Aqualung Fizz SN - Magazin Xstyle","description":"Aripile Aqualung Fizz SN ofer\u0103 o trac\u021biune excelent\u0103 \u0219i confort. Sunt ideale pentru scufund\u0103ri, cu o construc\u021bie rezistent\u0103 \u0219i o \u00eenchidere reglabil\u0103.","robots":{"index":"index","follow":"follow","max-snippet":"max-snippet:-1","max-image-preview":"max-image-preview:large","max-video-preview":"max-video-preview:-1"},"canonical":"https:\/\/xstyle.md\/ro\/produs\/lasty-aqualung-fizz-sn\/","og_locale":"ro_RO","og_type":"article","og_title":"\u041b\u0430\u0441\u0442\u044b Aqualung Fizz SN - \u041c\u0430\u0433\u0430\u0437\u0438\u043d Xstyle","og_description":"\u041b\u0430\u0441\u0442\u044b Aqualung Fizz SN \u043e\u0431\u0435\u0441\u043f\u0435\u0447\u0438\u0432\u0430\u044e\u0442 \u043e\u0442\u043b\u0438\u0447\u043d\u0443\u044e \u0442\u0440\u0430\u043a\u0446\u0438\u044e \u0438 \u043a\u043e\u043c\u0444\u043e\u0440\u0442. \u0418\u0434\u0435\u0430\u043b\u044c\u043d\u044b \u0434\u043b\u044f \u0434\u0430\u0439\u0432\u0438\u043d\u0433\u0430, \u0441 \u043f\u0440\u043e\u0447\u043d\u043e\u0439 \u043a\u043e\u043d\u0441\u0442\u0440\u0443\u043a\u0446\u0438\u0435\u0439 \u0438 \u0440\u0435\u0433\u0443\u043b\u0438\u0440\u0443\u0435\u043c\u043e\u0439 \u0437\u0430\u0441\u0442\u0435\u0436\u043a\u043e\u0439.","og_url":"https:\/\/xstyle.md\/ro\/produs\/lasty-aqualung-fizz-sn\/","og_site_name":"\u041c\u0430\u0433\u0430\u0437\u0438\u043d Xstyle","article_publisher":"https:\/\/www.facebook.com\/xstylemd","article_modified_time":"2025-10-24T09:20:34+00:00","og_image":[{"width":699,"height":700,"url":"https:\/\/xstyle.md\/wp-content\/uploads\/2023\/04\/aqualung-fizz-sn.jpg","type":"image\/jpeg"}],"twitter_card":"summary_large_image","twitter_misc":{"Pre\u021b":"830&nbsp;MDL","Disponibilitate":"\u00cen stoc"},"schema":{"@context":"https:\/\/schema.org","@graph":[{"@type":"WebPage","@id":"https:\/\/xstyle.md\/product\/lasty-aqualung-fizz-sn\/","url":"https:\/\/xstyle.md\/product\/lasty-aqualung-fizz-sn\/","name":"Labe Aqualung Fizz SN - Magazin Xstyle","isPartOf":{"@id":"https:\/\/xstyle.md\/#website"},"primaryImageOfPage":{"@id":"https:\/\/xstyle.md\/product\/lasty-aqualung-fizz-sn\/#primaryimage"},"image":{"@id":"https:\/\/xstyle.md\/product\/lasty-aqualung-fizz-sn\/#primaryimage"},"thumbnailUrl":"https:\/\/xstyle.md\/wp-content\/uploads\/2023\/04\/aqualung-fizz-sn.jpg","datePublished":"2023-04-13T13:42:45+00:00","dateModified":"2025-10-24T09:20:34+00:00","description":"Aripile Aqualung Fizz SN ofer\u0103 o trac\u021biune excelent\u0103 \u0219i confort. Sunt ideale pentru scufund\u0103ri, cu o construc\u021bie rezistent\u0103 \u0219i o \u00eenchidere reglabil\u0103.","breadcrumb":{"@id":"https:\/\/xstyle.md\/product\/lasty-aqualung-fizz-sn\/#breadcrumb"},"inLanguage":"ro-RO","potentialAction":[{"@type":"ReadAction","target":["https:\/\/xstyle.md\/product\/lasty-aqualung-fizz-sn\/"]}]},{"@type":"ImageObject","inLanguage":"ro-RO","@id":"https:\/\/xstyle.md\/product\/lasty-aqualung-fizz-sn\/#primaryimage","url":"https:\/\/xstyle.md\/wp-content\/uploads\/2023\/04\/aqualung-fizz-sn.jpg","contentUrl":"https:\/\/xstyle.md\/wp-content\/uploads\/2023\/04\/aqualung-fizz-sn.jpg","width":699,"height":700,"caption":"\u041b\u0430\u0441\u0442\u044b Aqualung Fizz SN \u0434\u043b\u044f \u0430\u043a\u0442\u0438\u0432\u043d\u043e\u0433\u043e \u043e\u0442\u0434\u044b\u0445\u0430 \u043f\u043b\u0430\u0432\u0430\u043d\u0438\u044f \u0438 \u043f\u043e\u0434\u0432\u043e\u0434\u043d\u043e\u0433\u043e \u043f\u043b\u0430\u0432\u0430\u043d\u0438\u044f, \u044d\u043a\u0438\u043f\u0438\u0440\u043e\u0432\u043a\u0430 \u0434\u043b\u044f \u043f\u0443\u0442\u0435\u0448\u0435\u0441\u0442\u0432\u0438\u0439 \u0438 \u0441\u043f\u043e\u0440\u0442\u0438\u0432\u043d\u043e\u0439 \u043e\u0434\u0435\u0436\u0434\u044b, \u043e\u0431\u0443\u0432\u044c \u0434\u043b\u044f \u043f\u043e\u0445\u043e\u0434\u043e\u0432 \u0438 \u0430\u043b\u044c\u043f\u0438\u043d\u0438\u0437\u043c\u0430, \u043e\u0431\u0443\u0432\u044c \u0434\u043b\u044f \u0442\u0443\u0440\u0438\u0437\u043c\u0430 \u0438 \u0430\u043a\u0442\u0438\u0432\u043d\u043e\u0439 \u0436\u0438\u0437\u043d\u0438"},{"@type":"BreadcrumbList","@id":"https:\/\/xstyle.md\/product\/lasty-aqualung-fizz-sn\/#breadcrumb","itemListElement":[{"@type":"ListItem","position":1,"name":"\u0413\u043b\u0430\u0432\u043d\u0430\u044f \u0441\u0442\u0440\u0430\u043d\u0438\u0446\u0430","item":"https:\/\/xstyle.md\/"},{"@type":"ListItem","position":2,"name":"\u041c\u0430\u0433\u0430\u0437\u0438\u043d","item":"https:\/\/xstyle.md\/shop\/"},{"@type":"ListItem","position":3,"name":"\u041b\u0430\u0441\u0442\u044b Aqualung Fizz SN"}]},{"@type":"WebSite","@id":"https:\/\/xstyle.md\/#website","url":"https:\/\/xstyle.md\/","name":"Magazinul X-Style","description":"Echipamente pentru turism \u0219i sporturi extreme \u00een Moldova. Pre\u021buri, fotografii, caracteristici \u00een Moldova.","publisher":{"@id":"https:\/\/xstyle.md\/#organization"},"alternateName":"X-Style","potentialAction":[{"@type":"SearchAction","target":{"@type":"EntryPoint","urlTemplate":"https:\/\/xstyle.md\/?s={search_term_string}"},"query-input":{"@type":"PropertyValueSpecification","valueRequired":true,"valueName":"search_term_string"}}],"inLanguage":"ro-RO"},{"@type":"Organization","@id":"https:\/\/xstyle.md\/#organization","name":"Magazinul X-Style","alternateName":"x-style","url":"https:\/\/xstyle.md\/","logo":{"@type":"ImageObject","inLanguage":"ro-RO","@id":"https:\/\/xstyle.md\/#\/schema\/logo\/image\/","url":"https:\/\/xstyle.md\/wp-content\/uploads\/2020\/06\/logoicon.svg","contentUrl":"https:\/\/xstyle.md\/wp-content\/uploads\/2020\/06\/logoicon.svg","caption":"\u041c\u0430\u0433\u0430\u0437\u0438\u043d Xstyle"},"image":{"@id":"https:\/\/xstyle.md\/#\/schema\/logo\/image\/"},"sameAs":["https:\/\/www.facebook.com\/xstylemd","https:\/\/www.instagram.com\/xstyle_md\/","https:\/\/t.me\/xstyle_outdoor"],"hasMerchantReturnPolicy":{"@type":"MerchantReturnPolicy","merchantReturnLink":"https:\/\/xstyle.md\/ro\/conditions\/"}}]},"product_price_amount":"830.00","product_price_currency":"MDL","og_availability":"instock","product_availability":"instock","product_retailer_item_id":"3665771083354","product_condition":"new"},"_links":{"self":[{"href":"https:\/\/xstyle.md\/ro\/wp-json\/wp\/v2\/product\/66940","targetHints":{"allow":["GET"]}}],"collection":[{"href":"https:\/\/xstyle.md\/ro\/wp-json\/wp\/v2\/product"}],"about":[{"href":"https:\/\/xstyle.md\/ro\/wp-json\/wp\/v2\/types\/product"}],"replies":[{"embeddable":true,"href":"https:\/\/xstyle.md\/ro\/wp-json\/wp\/v2\/comments?post=66940"}],"wp:featuredmedia":[{"embeddable":true,"href":"https:\/\/xstyle.md\/ro\/wp-json\/wp\/v2\/media\/67705"}],"wp:attachment":[{"href":"https:\/\/xstyle.md\/ro\/wp-json\/wp\/v2\/media?parent=66940"}],"wp:term":[{"taxonomy":"product_brand","embeddable":true,"href":"https:\/\/xstyle.md\/ro\/wp-json\/wp\/v2\/product_brand?post=66940"},{"taxonomy":"product_cat","embeddable":true,"href":"https:\/\/xstyle.md\/ro\/wp-json\/wp\/v2\/product_cat?post=66940"},{"taxonomy":"product_tag","embeddable":true,"href":"https:\/\/xstyle.md\/ro\/wp-json\/wp\/v2\/product_tag?post=66940"}],"curies":[{"name":"wp","href":"https:\/\/api.w.org\/{rel}","templated":true}]}}