{"id":66932,"date":"2023-04-13T16:42:44","date_gmt":"2023-04-13T13:42:44","guid":{"rendered":"https:\/\/xstyle.md\/?post_type=product&#038;p=66932"},"modified":"2024-10-03T01:05:39","modified_gmt":"2024-10-02T22:05:39","slug":"ochki-lynx-tampa-w","status":"publish","type":"product","link":"https:\/\/xstyle.md\/ro\/produs\/ochki-lynx-tampa-w\/","title":{"rendered":"Ochelari Lynx Tampa W"},"content":{"rendered":"<\/p>\n<p><strong>Lynx Tampa W<\/strong> &#8212; ochelari sport cu t\u00e2mple largi ventilate \u0219i lentile fotocromatice. Ideali pentru alergare, ciclism \u0219i alte activit\u0103\u021bi \u00een aer liber, \u00een condi\u021bii meteo care se schimb\u0103 rapid. Lentilele fotocromatice schimb\u0103 automat transmisia luminii \u0219i devin mai \u00eenchise sau mai deschise \u00een func\u021bie de nivelul de lumin\u0103. Potrivi\u021bi at\u00e2t pentru vreme \u00eensorit\u0103 \u0219i luminoas\u0103, c\u00e2t \u0219i pentru vreme \u00eennorat\u0103 \u0219i schimb\u0103toare. TR-90 este o tehnologie termoplastic\u0103 elve\u021bian\u0103. Are o flexibilitate sporit\u0103, greutate redus\u0103 \u0219i durabilitate excelent\u0103. Rama u\u0219oar\u0103, curbat\u0103, se potrive\u0219te confortabil pe fa\u021b\u0103 \u0219i ofer\u0103 o bun\u0103 vizibilitate. Piesele de nas moi \u0219i capetele t\u00e2mplelor sunt bine fixate pe fa\u021b\u0103 \u0219i pe cap.<\/p>\n<p>Toate lentilele \u0219i ramele Lynx sunt concepute pentru a se potrivi perfect, oferind protec\u021bie 100% \u00eempotriva UVA, UVB \u0219i UVC 400.<\/p>\n<h3>Particularit\u0103\u021bi<\/h3>\n<ul>\n<li>Lentilele sunt fabricate din policarbonat u\u0219or \u0219i ultra-puternic, rezistent la zg\u00e2rieturi. Forma optic\u0103 corect\u0103 a lentilelor elimin\u0103 distorsiunea \u0219i reduce semnificativ oboseala ochilor<\/li>\n<li>Lentilele fotocromatice au capacitatea de a modifica gradul de transmitere a luminii \u00een func\u021bie de intensitatea acesteia. Categoria de protec\u021bie de la 1 la 3 este potrivit\u0103 pentru vremea \u00eennorat\u0103 \u0219i schimb\u0103toare, precum \u0219i pentru lumina puternic\u0103 a soarelui.<\/li>\n<li>Rama termoplastic\u0103 TR-90 &#8212; u\u0219oar\u0103, rezistent\u0103 \u0219i flexibil\u0103, absoarbe bine \u0219ocurile.<\/li>\n<li>T\u00e2mplele largi \u0219i ventilate men\u021bin capul la locul lui \u00een timpul alerg\u0103rii \u0219i al conducerii pe drumuri accidentate.<\/li>\n<\/ul>\n<h3>Caracteristici<\/h3>\n<ul>\n<li>Cadru &#8212; termoplastic TR90<\/li>\n<li>Lentile &#8212; policarbonat<\/li>\n<li>Categorie de protec\u021bie &#8212; 1-3 (8-18% transmisie de lumin\u0103)<\/li>\n<\/ul>\n<h3>Tehnologie<\/h3>\n<ul>\n<li><strong>Optimal Fit<\/strong> &#8212; tehnologie care asigur\u0103 o potrivire perfect\u0103. Curba \u00een form\u0103 de elips\u0103 a ramei asigur\u0103 o potrivire perfect\u0103 pe fa\u021b\u0103, oferind o vedere larg\u0103 \u0219i clar\u0103 \u0219i protec\u021bie \u00eempotriva obiectelor str\u0103ine care intr\u0103 \u00een ochi.<\/li>\n<li><strong>Anti-slip System<\/strong> &#8212; inser\u021biile din cauciuc de la capetele t\u00e2mplelor \u0219i de pe podul nasului \u00eempiedic\u0103 alunecarea \u0219i asigur\u0103 o potrivire perfect\u0103.<\/li>\n<li><strong>TR90<\/strong> \u2013 este o tehnologie termoplastic\u0103 elve\u021bian\u0103. Acest termoplastic are o flexibilitate \u0219i o rezisten\u021b\u0103 ridicat\u0103, precum \u0219i o greutate redus\u0103, ceea ce \u00eel face un material excelent pentru produc\u021bia de ochelari de protec\u021bie pentru sport. Flexibilitatea \u0219i rezisten\u021ba ramei \u00eei permit s\u0103 absoarb\u0103 mai bine impactul \u0219i s\u0103 asigure integritatea ochelarilor de protec\u021bie chiar \u0219i \u00een cazul \u00een care sunt sc\u0103pa\u021bi.<\/li>\n<li><strong>UV protection<\/strong> &#8212; to\u021bi ochelarii LYNX ofer\u0103 o protec\u021bie de 100% \u00eempotriva radia\u021biilor UVA, UVB \u0219i UVC 400 \u0219i sunt \u00een conformitate cu standardul european EN 1836:2005 + A1:2006. Lentilele protejeaz\u0103 \u00eempotriva radia\u021biilor d\u0103un\u0103toare care pot provoca boli oculare.<\/li>\n<li><strong>Polycarbonate Lenses<\/strong> &#8212; lentilele din policarbonat sunt durabile, rezistente la impact \u0219i foarte u\u0219oare. Dac\u0103 este lovit\u0103 la vitez\u0103 mare de un obiect str\u0103in, lentila nu se va sparge \u00een fragmente mici care ar putea s\u0103 v\u0103 afecteze ochii. Un alt avantaj al lentilelor din policarbonat este rezisten\u021ba lor la zg\u00e2rieturi.<\/li>\n<li><strong>Changeable Lens System<\/strong> &#8212; sistemul de lentile interschimbabile ofer\u0103 utilizatorului posibilitatea de a schimba cu u\u0219urin\u021b\u0103 lentilele \u00een func\u021bie de condi\u021biile meteorologice. Setul este format din filtre \u00eentunecate, galbene \u0219i transparente.<\/li>\n<\/ul>\n<p><\/p>","protected":false},"excerpt":{"rendered":"","protected":false},"featured_media":67247,"comment_status":"open","ping_status":"closed","template":"","meta":{"_acf_changed":false,"inline_featured_image":false},"product_brand":[1363],"product_cat":[553],"product_tag":[],"class_list":{"0":"post-66932","1":"product","2":"type-product","3":"status-publish","4":"has-post-thumbnail","6":"product_brand-lynx","7":"product_cat-bycicle-glasses","9":"first","10":"instock","11":"shipping-taxable","12":"purchasable","13":"product-type-simple"},"acf":[],"yoast_head":"<!-- This site is optimized with the Yoast SEO plugin v27.4 - https:\/\/yoast.com\/product\/yoast-seo-wordpress\/ -->\n<title>\u041e\u0447\u043a\u0438 Lynx Tampa W - \u041c\u0430\u0433\u0430\u0437\u0438\u043d Xstyle<\/title>\n<meta name=\"description\" content=\"\u041e\u0447\u043a\u0438 Lynx Tampa W \u0438\u0434\u0435\u0430\u043b\u044c\u043d\u044b \u0434\u043b\u044f \u0441\u043f\u043e\u0440\u0442\u0430: \u043b\u0435\u0433\u043a\u0438\u0435, \u0441 \u0437\u0430\u0449\u0438\u0442\u043e\u0439 \u043e\u0442 UVA\/UVB\/UVC 400 \u0438 \u0444\u043e\u0442\u043e\u0445\u0440\u043e\u043c\u043d\u044b\u043c\u0438 \u043b\u0438\u043d\u0437\u0430\u043c\u0438. \u041f\u043e\u0434\u0445\u043e\u0434\u044f\u0442 \u0434\u043b\u044f \u0431\u0435\u0433\u0430 \u0438 \u0432\u0435\u043b\u043e\u0441\u043f\u043e\u0440\u0442\u0430.\" \/>\n<meta name=\"robots\" content=\"index, follow, max-snippet:-1, max-image-preview:large, max-video-preview:-1\" \/>\n<link rel=\"canonical\" href=\"https:\/\/xstyle.md\/ro\/produs\/ochki-lynx-tampa-w\/\" \/>\n<meta property=\"og:locale\" content=\"ro_RO\" \/>\n<meta property=\"og:type\" content=\"article\" \/>\n<meta property=\"og:title\" content=\"\u041e\u0447\u043a\u0438 Lynx Tampa W - \u041c\u0430\u0433\u0430\u0437\u0438\u043d Xstyle\" \/>\n<meta property=\"og:description\" content=\"\u041e\u0447\u043a\u0438 Lynx Tampa W \u0438\u0434\u0435\u0430\u043b\u044c\u043d\u044b \u0434\u043b\u044f \u0441\u043f\u043e\u0440\u0442\u0430: \u043b\u0435\u0433\u043a\u0438\u0435, \u0441 \u0437\u0430\u0449\u0438\u0442\u043e\u0439 \u043e\u0442 UVA\/UVB\/UVC 400 \u0438 \u0444\u043e\u0442\u043e\u0445\u0440\u043e\u043c\u043d\u044b\u043c\u0438 \u043b\u0438\u043d\u0437\u0430\u043c\u0438. \u041f\u043e\u0434\u0445\u043e\u0434\u044f\u0442 \u0434\u043b\u044f \u0431\u0435\u0433\u0430 \u0438 \u0432\u0435\u043b\u043e\u0441\u043f\u043e\u0440\u0442\u0430.\" \/>\n<meta property=\"og:url\" content=\"https:\/\/xstyle.md\/ro\/produs\/ochki-lynx-tampa-w\/\" \/>\n<meta property=\"og:site_name\" content=\"\u041c\u0430\u0433\u0430\u0437\u0438\u043d Xstyle\" \/>\n<meta property=\"article:publisher\" content=\"https:\/\/www.facebook.com\/xstylemd\" \/>\n<meta property=\"article:modified_time\" content=\"2024-10-02T22:05:39+00:00\" \/>\n<meta property=\"og:image\" content=\"https:\/\/xstyle.md\/wp-content\/uploads\/2023\/04\/lynx-tampa-w.jpg\" \/>\n\t<meta property=\"og:image:width\" content=\"800\" \/>\n\t<meta property=\"og:image:height\" content=\"598\" \/>\n\t<meta property=\"og:image:type\" content=\"image\/jpeg\" \/>\n<meta name=\"twitter:card\" content=\"summary_large_image\" \/>\n<meta name=\"twitter:label1\" content=\"Pre\u021b\" \/>\n\t<meta name=\"twitter:data1\" content=\"530&nbsp;MDL\" \/>\n\t<meta name=\"twitter:label2\" content=\"Disponibilitate\" \/>\n\t<meta name=\"twitter:data2\" content=\"\u00cen stoc\" \/>\n<script type=\"application\/ld+json\" class=\"yoast-schema-graph\">{\"@context\":\"https:\\\/\\\/schema.org\",\"@graph\":[{\"@type\":\"WebPage\",\"@id\":\"https:\\\/\\\/xstyle.md\\\/product\\\/ochki-lynx-tampa-w\\\/\",\"url\":\"https:\\\/\\\/xstyle.md\\\/product\\\/ochki-lynx-tampa-w\\\/\",\"name\":\"\u041e\u0447\u043a\u0438 Lynx Tampa W - \u041c\u0430\u0433\u0430\u0437\u0438\u043d Xstyle\",\"isPartOf\":{\"@id\":\"https:\\\/\\\/xstyle.md\\\/#website\"},\"primaryImageOfPage\":{\"@id\":\"https:\\\/\\\/xstyle.md\\\/product\\\/ochki-lynx-tampa-w\\\/#primaryimage\"},\"image\":{\"@id\":\"https:\\\/\\\/xstyle.md\\\/product\\\/ochki-lynx-tampa-w\\\/#primaryimage\"},\"thumbnailUrl\":\"https:\\\/\\\/xstyle.md\\\/wp-content\\\/uploads\\\/2023\\\/04\\\/lynx-tampa-w.jpg\",\"datePublished\":\"2023-04-13T13:42:44+00:00\",\"dateModified\":\"2024-10-02T22:05:39+00:00\",\"description\":\"\u041e\u0447\u043a\u0438 Lynx Tampa W \u0438\u0434\u0435\u0430\u043b\u044c\u043d\u044b \u0434\u043b\u044f \u0441\u043f\u043e\u0440\u0442\u0430: \u043b\u0435\u0433\u043a\u0438\u0435, \u0441 \u0437\u0430\u0449\u0438\u0442\u043e\u0439 \u043e\u0442 UVA\\\/UVB\\\/UVC 400 \u0438 \u0444\u043e\u0442\u043e\u0445\u0440\u043e\u043c\u043d\u044b\u043c\u0438 \u043b\u0438\u043d\u0437\u0430\u043c\u0438. \u041f\u043e\u0434\u0445\u043e\u0434\u044f\u0442 \u0434\u043b\u044f \u0431\u0435\u0433\u0430 \u0438 \u0432\u0435\u043b\u043e\u0441\u043f\u043e\u0440\u0442\u0430.\",\"breadcrumb\":{\"@id\":\"https:\\\/\\\/xstyle.md\\\/product\\\/ochki-lynx-tampa-w\\\/#breadcrumb\"},\"inLanguage\":\"ro-RO\",\"potentialAction\":[{\"@type\":\"ReadAction\",\"target\":[\"https:\\\/\\\/xstyle.md\\\/product\\\/ochki-lynx-tampa-w\\\/\"]}]},{\"@type\":\"ImageObject\",\"inLanguage\":\"ro-RO\",\"@id\":\"https:\\\/\\\/xstyle.md\\\/product\\\/ochki-lynx-tampa-w\\\/#primaryimage\",\"url\":\"https:\\\/\\\/xstyle.md\\\/wp-content\\\/uploads\\\/2023\\\/04\\\/lynx-tampa-w.jpg\",\"contentUrl\":\"https:\\\/\\\/xstyle.md\\\/wp-content\\\/uploads\\\/2023\\\/04\\\/lynx-tampa-w.jpg\",\"width\":800,\"height\":598,\"caption\":\"\u041e\u0447\u043a\u0438 Lynx Tampa W \u0434\u043b\u044f \u0430\u043a\u0442\u0438\u0432\u043d\u043e\u0433\u043e \u043e\u0442\u0434\u044b\u0445\u0430, \u0442\u0443\u0440\u0438\u0441\u0442\u0438\u0447\u0435\u0441\u043a\u043e\u0439 \u043e\u0431\u0443\u0432\u0438 \u0438 \u043e\u0434\u0435\u0436\u0434\u044b, \u043f\u043e\u0445\u043e\u0434\u043e\u0432 \u0438 \u043f\u0443\u0442\u0435\u0448\u0435\u0441\u0442\u0432\u0438\u0439 \u0432 \u0441\u0442\u0438\u043b\u044c\u043d\u043e\u043c \u0434\u0438\u0437\u0430\u0439\u043d\u0435 \u0434\u043b\u044f \u043b\u044e\u0431\u0438\u0442\u0435\u043b\u0435\u0439 \u0430\u043a\u0442\u0438\u0432\u043d\u043e\u0433\u043e \u043e\u0431\u0440\u0430\u0437\u0430 \u0436\u0438\u0437\u043d\u0438\"},{\"@type\":\"BreadcrumbList\",\"@id\":\"https:\\\/\\\/xstyle.md\\\/product\\\/ochki-lynx-tampa-w\\\/#breadcrumb\",\"itemListElement\":[{\"@type\":\"ListItem\",\"position\":1,\"name\":\"\u0413\u043b\u0430\u0432\u043d\u0430\u044f \u0441\u0442\u0440\u0430\u043d\u0438\u0446\u0430\",\"item\":\"https:\\\/\\\/xstyle.md\\\/\"},{\"@type\":\"ListItem\",\"position\":2,\"name\":\"\u041c\u0430\u0433\u0430\u0437\u0438\u043d\",\"item\":\"https:\\\/\\\/xstyle.md\\\/shop\\\/\"},{\"@type\":\"ListItem\",\"position\":3,\"name\":\"\u041e\u0447\u043a\u0438 Lynx Tampa W\"}]},{\"@type\":\"WebSite\",\"@id\":\"https:\\\/\\\/xstyle.md\\\/#website\",\"url\":\"https:\\\/\\\/xstyle.md\\\/\",\"name\":\"\u041c\u0430\u0433\u0430\u0437\u0438\u043d Xstyle\",\"description\":\"C\u043d\u0430\u0440\u044f\u0436\u0435\u043d\u0438\u0435 \u0434\u043b\u044f \u0442\u0443\u0440\u0438\u0437\u043c\u0430 \u0438 \u044d\u043a\u0441\u0442\u0440\u0435\u043c\u0430\u043b\u044c\u043d\u044b\u0445 \u0432\u0438\u0434\u043e\u0432 \u0441\u043f\u043e\u0440\u0442\u0430 \u0432 \u041c\u043e\u043b\u0434\u043e\u0432\u0435.. \u0426\u0435\u043d\u044b, \u0444\u043e\u0442\u043e, \u0445\u0430\u0440\u0430\u043a\u0442\u0435\u0440\u0438\u0441\u0442\u0438\u043a\u0438 \u0432 \u041c\u043e\u043b\u0434\u043e\u0432\u0435.\",\"publisher\":{\"@id\":\"https:\\\/\\\/xstyle.md\\\/#organization\"},\"alternateName\":\"X-Style\",\"potentialAction\":[{\"@type\":\"SearchAction\",\"target\":{\"@type\":\"EntryPoint\",\"urlTemplate\":\"https:\\\/\\\/xstyle.md\\\/?s={search_term_string}\"},\"query-input\":{\"@type\":\"PropertyValueSpecification\",\"valueRequired\":true,\"valueName\":\"search_term_string\"}}],\"inLanguage\":\"ro-RO\"},{\"@type\":\"Organization\",\"@id\":\"https:\\\/\\\/xstyle.md\\\/#organization\",\"name\":\"\u041c\u0430\u0433\u0430\u0437\u0438\u043d Xstyle\",\"alternateName\":\"x-style\",\"url\":\"https:\\\/\\\/xstyle.md\\\/\",\"logo\":{\"@type\":\"ImageObject\",\"inLanguage\":\"ro-RO\",\"@id\":\"https:\\\/\\\/xstyle.md\\\/#\\\/schema\\\/logo\\\/image\\\/\",\"url\":\"https:\\\/\\\/xstyle.md\\\/wp-content\\\/uploads\\\/2020\\\/06\\\/logoicon.svg\",\"contentUrl\":\"https:\\\/\\\/xstyle.md\\\/wp-content\\\/uploads\\\/2020\\\/06\\\/logoicon.svg\",\"caption\":\"\u041c\u0430\u0433\u0430\u0437\u0438\u043d Xstyle\"},\"image\":{\"@id\":\"https:\\\/\\\/xstyle.md\\\/#\\\/schema\\\/logo\\\/image\\\/\"},\"sameAs\":[\"https:\\\/\\\/www.facebook.com\\\/xstylemd\",\"https:\\\/\\\/www.instagram.com\\\/xstyle_md\\\/\",\"https:\\\/\\\/t.me\\\/xstyle_outdoor\"],\"hasMerchantReturnPolicy\":{\"@type\":\"MerchantReturnPolicy\",\"merchantReturnLink\":\"https:\\\/\\\/xstyle.md\\\/ro\\\/conditions\\\/\"}}]}<\/script>\n<meta property=\"product:price:amount\" content=\"530.00\" \/>\n<meta property=\"product:price:currency\" content=\"MDL\" \/>\n<meta property=\"og:availability\" content=\"instock\" \/>\n<meta property=\"product:availability\" content=\"instock\" \/>\n<meta property=\"product:retailer_item_id\" content=\"2000999768835\" \/>\n<meta property=\"product:condition\" content=\"new\" \/>\n<!-- \/ Yoast SEO plugin. -->","yoast_head_json":{"title":"Ochelari Lynx Tampa W - Magazin Xstyle","description":"Ochelarii Lynx Tampa W sunt ideali pentru sport: u\u0219ori, cu protec\u021bie UVA\/UVB\/UVC 400 \u0219i lentile fotocromatice. Sunt potrivi\u021bi pentru alergare \u0219i ciclism.","robots":{"index":"index","follow":"follow","max-snippet":"max-snippet:-1","max-image-preview":"max-image-preview:large","max-video-preview":"max-video-preview:-1"},"canonical":"https:\/\/xstyle.md\/ro\/produs\/ochki-lynx-tampa-w\/","og_locale":"ro_RO","og_type":"article","og_title":"\u041e\u0447\u043a\u0438 Lynx Tampa W - \u041c\u0430\u0433\u0430\u0437\u0438\u043d Xstyle","og_description":"\u041e\u0447\u043a\u0438 Lynx Tampa W \u0438\u0434\u0435\u0430\u043b\u044c\u043d\u044b \u0434\u043b\u044f \u0441\u043f\u043e\u0440\u0442\u0430: \u043b\u0435\u0433\u043a\u0438\u0435, \u0441 \u0437\u0430\u0449\u0438\u0442\u043e\u0439 \u043e\u0442 UVA\/UVB\/UVC 400 \u0438 \u0444\u043e\u0442\u043e\u0445\u0440\u043e\u043c\u043d\u044b\u043c\u0438 \u043b\u0438\u043d\u0437\u0430\u043c\u0438. \u041f\u043e\u0434\u0445\u043e\u0434\u044f\u0442 \u0434\u043b\u044f \u0431\u0435\u0433\u0430 \u0438 \u0432\u0435\u043b\u043e\u0441\u043f\u043e\u0440\u0442\u0430.","og_url":"https:\/\/xstyle.md\/ro\/produs\/ochki-lynx-tampa-w\/","og_site_name":"\u041c\u0430\u0433\u0430\u0437\u0438\u043d Xstyle","article_publisher":"https:\/\/www.facebook.com\/xstylemd","article_modified_time":"2024-10-02T22:05:39+00:00","og_image":[{"width":800,"height":598,"url":"https:\/\/xstyle.md\/wp-content\/uploads\/2023\/04\/lynx-tampa-w.jpg","type":"image\/jpeg"}],"twitter_card":"summary_large_image","twitter_misc":{"Pre\u021b":"530&nbsp;MDL","Disponibilitate":"\u00cen stoc"},"schema":{"@context":"https:\/\/schema.org","@graph":[{"@type":"WebPage","@id":"https:\/\/xstyle.md\/product\/ochki-lynx-tampa-w\/","url":"https:\/\/xstyle.md\/product\/ochki-lynx-tampa-w\/","name":"Ochelari Lynx Tampa W - Magazin Xstyle","isPartOf":{"@id":"https:\/\/xstyle.md\/#website"},"primaryImageOfPage":{"@id":"https:\/\/xstyle.md\/product\/ochki-lynx-tampa-w\/#primaryimage"},"image":{"@id":"https:\/\/xstyle.md\/product\/ochki-lynx-tampa-w\/#primaryimage"},"thumbnailUrl":"https:\/\/xstyle.md\/wp-content\/uploads\/2023\/04\/lynx-tampa-w.jpg","datePublished":"2023-04-13T13:42:44+00:00","dateModified":"2024-10-02T22:05:39+00:00","description":"Ochelarii Lynx Tampa W sunt ideali pentru sport: u\u0219ori, cu protec\u021bie UVA\/UVB\/UVC 400 \u0219i lentile fotocromatice. Sunt potrivi\u021bi pentru alergare \u0219i ciclism.","breadcrumb":{"@id":"https:\/\/xstyle.md\/product\/ochki-lynx-tampa-w\/#breadcrumb"},"inLanguage":"ro-RO","potentialAction":[{"@type":"ReadAction","target":["https:\/\/xstyle.md\/product\/ochki-lynx-tampa-w\/"]}]},{"@type":"ImageObject","inLanguage":"ro-RO","@id":"https:\/\/xstyle.md\/product\/ochki-lynx-tampa-w\/#primaryimage","url":"https:\/\/xstyle.md\/wp-content\/uploads\/2023\/04\/lynx-tampa-w.jpg","contentUrl":"https:\/\/xstyle.md\/wp-content\/uploads\/2023\/04\/lynx-tampa-w.jpg","width":800,"height":598,"caption":"\u041e\u0447\u043a\u0438 Lynx Tampa W \u0434\u043b\u044f \u0430\u043a\u0442\u0438\u0432\u043d\u043e\u0433\u043e \u043e\u0442\u0434\u044b\u0445\u0430, \u0442\u0443\u0440\u0438\u0441\u0442\u0438\u0447\u0435\u0441\u043a\u043e\u0439 \u043e\u0431\u0443\u0432\u0438 \u0438 \u043e\u0434\u0435\u0436\u0434\u044b, \u043f\u043e\u0445\u043e\u0434\u043e\u0432 \u0438 \u043f\u0443\u0442\u0435\u0448\u0435\u0441\u0442\u0432\u0438\u0439 \u0432 \u0441\u0442\u0438\u043b\u044c\u043d\u043e\u043c \u0434\u0438\u0437\u0430\u0439\u043d\u0435 \u0434\u043b\u044f \u043b\u044e\u0431\u0438\u0442\u0435\u043b\u0435\u0439 \u0430\u043a\u0442\u0438\u0432\u043d\u043e\u0433\u043e \u043e\u0431\u0440\u0430\u0437\u0430 \u0436\u0438\u0437\u043d\u0438"},{"@type":"BreadcrumbList","@id":"https:\/\/xstyle.md\/product\/ochki-lynx-tampa-w\/#breadcrumb","itemListElement":[{"@type":"ListItem","position":1,"name":"\u0413\u043b\u0430\u0432\u043d\u0430\u044f \u0441\u0442\u0440\u0430\u043d\u0438\u0446\u0430","item":"https:\/\/xstyle.md\/"},{"@type":"ListItem","position":2,"name":"\u041c\u0430\u0433\u0430\u0437\u0438\u043d","item":"https:\/\/xstyle.md\/shop\/"},{"@type":"ListItem","position":3,"name":"\u041e\u0447\u043a\u0438 Lynx Tampa W"}]},{"@type":"WebSite","@id":"https:\/\/xstyle.md\/#website","url":"https:\/\/xstyle.md\/","name":"Magazinul X-Style","description":"Echipamente pentru turism \u0219i sporturi extreme \u00een Moldova. Pre\u021buri, fotografii, caracteristici \u00een Moldova.","publisher":{"@id":"https:\/\/xstyle.md\/#organization"},"alternateName":"X-Style","potentialAction":[{"@type":"SearchAction","target":{"@type":"EntryPoint","urlTemplate":"https:\/\/xstyle.md\/?s={search_term_string}"},"query-input":{"@type":"PropertyValueSpecification","valueRequired":true,"valueName":"search_term_string"}}],"inLanguage":"ro-RO"},{"@type":"Organization","@id":"https:\/\/xstyle.md\/#organization","name":"Magazinul X-Style","alternateName":"x-style","url":"https:\/\/xstyle.md\/","logo":{"@type":"ImageObject","inLanguage":"ro-RO","@id":"https:\/\/xstyle.md\/#\/schema\/logo\/image\/","url":"https:\/\/xstyle.md\/wp-content\/uploads\/2020\/06\/logoicon.svg","contentUrl":"https:\/\/xstyle.md\/wp-content\/uploads\/2020\/06\/logoicon.svg","caption":"\u041c\u0430\u0433\u0430\u0437\u0438\u043d Xstyle"},"image":{"@id":"https:\/\/xstyle.md\/#\/schema\/logo\/image\/"},"sameAs":["https:\/\/www.facebook.com\/xstylemd","https:\/\/www.instagram.com\/xstyle_md\/","https:\/\/t.me\/xstyle_outdoor"],"hasMerchantReturnPolicy":{"@type":"MerchantReturnPolicy","merchantReturnLink":"https:\/\/xstyle.md\/ro\/conditions\/"}}]},"product_price_amount":"530.00","product_price_currency":"MDL","og_availability":"instock","product_availability":"instock","product_retailer_item_id":"2000999768835","product_condition":"new"},"post_mailing_queue_ids":[],"_links":{"self":[{"href":"https:\/\/xstyle.md\/ro\/wp-json\/wp\/v2\/product\/66932","targetHints":{"allow":["GET"]}}],"collection":[{"href":"https:\/\/xstyle.md\/ro\/wp-json\/wp\/v2\/product"}],"about":[{"href":"https:\/\/xstyle.md\/ro\/wp-json\/wp\/v2\/types\/product"}],"replies":[{"embeddable":true,"href":"https:\/\/xstyle.md\/ro\/wp-json\/wp\/v2\/comments?post=66932"}],"wp:featuredmedia":[{"embeddable":true,"href":"https:\/\/xstyle.md\/ro\/wp-json\/wp\/v2\/media\/67247"}],"wp:attachment":[{"href":"https:\/\/xstyle.md\/ro\/wp-json\/wp\/v2\/media?parent=66932"}],"wp:term":[{"taxonomy":"product_brand","embeddable":true,"href":"https:\/\/xstyle.md\/ro\/wp-json\/wp\/v2\/product_brand?post=66932"},{"taxonomy":"product_cat","embeddable":true,"href":"https:\/\/xstyle.md\/ro\/wp-json\/wp\/v2\/product_cat?post=66932"},{"taxonomy":"product_tag","embeddable":true,"href":"https:\/\/xstyle.md\/ro\/wp-json\/wp\/v2\/product_tag?post=66932"}],"curies":[{"name":"wp","href":"https:\/\/api.w.org\/{rel}","templated":true}]}}