{"id":66929,"date":"2023-04-13T16:42:43","date_gmt":"2023-04-13T13:42:43","guid":{"rendered":"https:\/\/xstyle.md\/?post_type=product&#038;p=66929"},"modified":"2026-02-12T19:59:21","modified_gmt":"2026-02-12T16:59:21","slug":"ochki-lynx-omaha-ph-b","status":"publish","type":"product","link":"https:\/\/xstyle.md\/ro\/produs\/ochki-lynx-omaha-ph-b\/","title":{"rendered":"Ochelari Lynx Omaha PH B"},"content":{"rendered":"<\/p>\n<p><strong>Lynx Omaha PH B<\/strong> &#8212; model sportiv elegant, cu lentile fotocromatice transparente, conceput pentru activit\u0103\u021bi \u00een aer liber. Ochelarii prezenta\u021bi au o ram\u0103 realizat\u0103 din termoplastic elve\u021bian TR-90, precum \u0219i n\u0103sucul ergonomic antiderapant \u0219i v\u00e2rfurile t\u00e2mplelor. Lentilele modelului au o protec\u021bie de categoria 3 \u0219i garanteaz\u0103 o protec\u021bie UV de 100%.<\/p>\n<p>Ochelarii Lynx asigur\u0103 o protec\u021bie excelent\u0103 a ochilor \u00eempotriva v\u00e2ntului, prafului, murd\u0103riei, pietricelelor, insectelor sau a altor daune mecanice, precum \u0219i \u00eempotriva razelor UV. Inser\u021biile interioare din cauciuc de la nivelul t\u00e2mplelor previn alunecarea spontan\u0103 a ochelarilor \u00een timpul sportului, opritorii de nas din cauciuc sunt u\u0219or de reglat, asigur\u0103 o potrivire confortabil\u0103 \u0219i o fixare sigur\u0103 a ochelarilor pe fa\u021b\u0103.<\/p>\n<p>Hus\u0103 moale &#8212; c\u00e2rp\u0103 pentru lentile din microfibr\u0103 inclus\u0103.<\/p>\n<h3>Particularit\u0103\u021bi<\/h3>\n<ul>\n<li>Stratul fotocromic de pe lentile asigur\u0103 varia\u021bia transmisiei luminii \u00een func\u021bie de mediul luminos<\/li>\n<li>100% protec\u021bie UV (UV400 &#8212; UVA\/UVB)<\/li>\n<li>Rama realizat\u0103 din material TR90 remarcabil de durabil \u0219i flexibil<\/li>\n<li>Lentile din policarbonat &#8212; u\u0219oare \u0219i rezistente la \u0219ocuri \u0219i zg\u00e2rieturi<\/li>\n<li>Pernu\u021bele din cauciuc asigur\u0103 o fixare \u0219i o fixare sigur\u0103 a nasului<\/li>\n<li>Geant\u0103 din microfibr\u0103 pentru depozitarea ochelarilor \u0219i cur\u0103\u021barea lentilelor inclus\u0103<\/li>\n<\/ul>\n<h3>Caracteristici<\/h3>\n<ul>\n<li>Cadru &#8212; termoplastic TR90<\/li>\n<li>Lentile &#8212; policarbonat<\/li>\n<li>Categorie de protec\u021bie &#8212; 1-3 (8-18% transmisie de lumin\u0103)<\/li>\n<\/ul>\n<h3>Tehnologie<\/h3>\n<ul>\n<li><strong>Optimal Fit<\/strong> &#8212; tehnologie care asigur\u0103 o potrivire perfect\u0103. Curba \u00een form\u0103 de elips\u0103 a ramei asigur\u0103 o potrivire perfect\u0103 pe fa\u021b\u0103, oferind o vedere larg\u0103 \u0219i clar\u0103 \u0219i protec\u021bie \u00eempotriva obiectelor str\u0103ine care intr\u0103 \u00een ochi.<\/li>\n<li><strong>Anti-slip System<\/strong> &#8212; inser\u021biile din cauciuc de la capetele t\u00e2mplelor \u0219i de pe podul nasului \u00eempiedic\u0103 alunecarea \u0219i asigur\u0103 o potrivire perfect\u0103.<\/li>\n<li><strong>TR90<\/strong> \u2013 este o tehnologie termoplastic\u0103 elve\u021bian\u0103. Acest termoplastic are o flexibilitate \u0219i o rezisten\u021b\u0103 ridicat\u0103, precum \u0219i o greutate redus\u0103, ceea ce \u00eel face un material excelent pentru produc\u021bia de ochelari de protec\u021bie pentru sport. Flexibilitatea \u0219i rezisten\u021ba ramei \u00eei permit s\u0103 absoarb\u0103 mai bine impactul \u0219i s\u0103 asigure integritatea ochelarilor de protec\u021bie chiar \u0219i \u00een cazul \u00een care sunt sc\u0103pa\u021bi.<\/li>\n<li><strong>UV protection<\/strong> &#8212; to\u021bi ochelarii LYNX ofer\u0103 o protec\u021bie de 100% \u00eempotriva radia\u021biilor UVA, UVB \u0219i UVC 400 \u0219i sunt \u00een conformitate cu standardul european EN 1836:2005 + A1:2006. Lentilele protejeaz\u0103 \u00eempotriva radia\u021biilor d\u0103un\u0103toare care pot provoca boli oculare.<\/li>\n<li><strong>Polycarbonate Lenses<\/strong> &#8212; lentilele din policarbonat sunt durabile, rezistente la impact \u0219i foarte u\u0219oare. Dac\u0103 este lovit\u0103 la vitez\u0103 mare de un obiect str\u0103in, lentila nu se va sparge \u00een fragmente mici care ar putea s\u0103 v\u0103 afecteze ochii. Un alt avantaj al lentilelor din policarbonat este rezisten\u021ba lor la zg\u00e2rieturi.<\/li>\n<\/ul>\n<p><\/p>","protected":false},"excerpt":{"rendered":"","protected":false},"featured_media":67239,"comment_status":"open","ping_status":"closed","template":"","meta":{"_acf_changed":false,"inline_featured_image":false},"product_brand":[1363],"product_cat":[553],"product_tag":[],"class_list":{"0":"post-66929","1":"product","2":"type-product","3":"status-publish","4":"has-post-thumbnail","6":"product_brand-lynx","7":"product_cat-bycicle-glasses","9":"first","10":"instock","11":"shipping-taxable","12":"purchasable","13":"product-type-simple"},"acf":[],"yoast_head":"<!-- This site is optimized with the Yoast SEO plugin v27.4 - https:\/\/yoast.com\/product\/yoast-seo-wordpress\/ -->\n<title>\u041e\u0447\u043a\u0438 Lynx Omaha PH B - \u041c\u0430\u0433\u0430\u0437\u0438\u043d Xstyle<\/title>\n<meta name=\"description\" content=\"\u041e\u0447\u043a\u0438 Lynx Omaha PH B \u0441 \u0437\u0430\u0449\u0438\u0442\u043e\u0439 UV400, \u043b\u0435\u0433\u043a\u0430\u044f \u0440\u0430\u043c\u043a\u0430 \u0438\u0437 TR90 \u0438 \u0444\u043e\u0442\u043e\u0445\u0440\u043e\u043c\u043d\u044b\u043c\u0438 \u043b\u0438\u043d\u0437\u0430\u043c\u0438 - \u0438\u0434\u0435\u0430\u043b\u044c\u043d\u044b \u0434\u043b\u044f \u0430\u043a\u0442\u0438\u0432\u043d\u043e\u0433\u043e \u043e\u0442\u0434\u044b\u0445\u0430 \u0438 \u0441\u043f\u043e\u0440\u0442\u0430 \u043d\u0430 \u043e\u0442\u043a\u0440\u044b\u0442\u043e\u043c \u0432\u043e\u0437\u0434\u0443\u0445\u0435.\" \/>\n<meta name=\"robots\" content=\"index, follow, max-snippet:-1, max-image-preview:large, max-video-preview:-1\" \/>\n<link rel=\"canonical\" href=\"https:\/\/xstyle.md\/ro\/produs\/ochki-lynx-omaha-ph-b\/\" \/>\n<meta property=\"og:locale\" content=\"ro_RO\" \/>\n<meta property=\"og:type\" content=\"article\" \/>\n<meta property=\"og:title\" content=\"\u041e\u0447\u043a\u0438 Lynx Omaha PH B - \u041c\u0430\u0433\u0430\u0437\u0438\u043d Xstyle\" \/>\n<meta property=\"og:description\" content=\"\u041e\u0447\u043a\u0438 Lynx Omaha PH B \u0441 \u0437\u0430\u0449\u0438\u0442\u043e\u0439 UV400, \u043b\u0435\u0433\u043a\u0430\u044f \u0440\u0430\u043c\u043a\u0430 \u0438\u0437 TR90 \u0438 \u0444\u043e\u0442\u043e\u0445\u0440\u043e\u043c\u043d\u044b\u043c\u0438 \u043b\u0438\u043d\u0437\u0430\u043c\u0438 - \u0438\u0434\u0435\u0430\u043b\u044c\u043d\u044b \u0434\u043b\u044f \u0430\u043a\u0442\u0438\u0432\u043d\u043e\u0433\u043e \u043e\u0442\u0434\u044b\u0445\u0430 \u0438 \u0441\u043f\u043e\u0440\u0442\u0430 \u043d\u0430 \u043e\u0442\u043a\u0440\u044b\u0442\u043e\u043c \u0432\u043e\u0437\u0434\u0443\u0445\u0435.\" \/>\n<meta property=\"og:url\" content=\"https:\/\/xstyle.md\/ro\/produs\/ochki-lynx-omaha-ph-b\/\" \/>\n<meta property=\"og:site_name\" content=\"\u041c\u0430\u0433\u0430\u0437\u0438\u043d Xstyle\" \/>\n<meta property=\"article:publisher\" content=\"https:\/\/www.facebook.com\/xstylemd\" \/>\n<meta property=\"article:modified_time\" content=\"2026-02-12T16:59:21+00:00\" \/>\n<meta property=\"og:image\" content=\"https:\/\/xstyle.md\/wp-content\/uploads\/2023\/04\/lynx-omaha-ph-b.jpg\" \/>\n\t<meta property=\"og:image:width\" content=\"1019\" \/>\n\t<meta property=\"og:image:height\" content=\"779\" \/>\n\t<meta property=\"og:image:type\" content=\"image\/jpeg\" \/>\n<meta name=\"twitter:card\" content=\"summary_large_image\" \/>\n<meta name=\"twitter:label1\" content=\"Pre\u021b\" \/>\n\t<meta name=\"twitter:data1\" content=\"890&nbsp;MDL\" \/>\n\t<meta name=\"twitter:label2\" content=\"Disponibilitate\" \/>\n\t<meta name=\"twitter:data2\" content=\"\u00cen stoc\" \/>\n<script type=\"application\/ld+json\" class=\"yoast-schema-graph\">{\"@context\":\"https:\\\/\\\/schema.org\",\"@graph\":[{\"@type\":\"WebPage\",\"@id\":\"https:\\\/\\\/xstyle.md\\\/product\\\/ochki-lynx-omaha-ph-b\\\/\",\"url\":\"https:\\\/\\\/xstyle.md\\\/product\\\/ochki-lynx-omaha-ph-b\\\/\",\"name\":\"\u041e\u0447\u043a\u0438 Lynx Omaha PH B - \u041c\u0430\u0433\u0430\u0437\u0438\u043d Xstyle\",\"isPartOf\":{\"@id\":\"https:\\\/\\\/xstyle.md\\\/#website\"},\"primaryImageOfPage\":{\"@id\":\"https:\\\/\\\/xstyle.md\\\/product\\\/ochki-lynx-omaha-ph-b\\\/#primaryimage\"},\"image\":{\"@id\":\"https:\\\/\\\/xstyle.md\\\/product\\\/ochki-lynx-omaha-ph-b\\\/#primaryimage\"},\"thumbnailUrl\":\"https:\\\/\\\/xstyle.md\\\/wp-content\\\/uploads\\\/2023\\\/04\\\/lynx-omaha-ph-b.jpg\",\"datePublished\":\"2023-04-13T13:42:43+00:00\",\"dateModified\":\"2026-02-12T16:59:21+00:00\",\"description\":\"\u041e\u0447\u043a\u0438 Lynx Omaha PH B \u0441 \u0437\u0430\u0449\u0438\u0442\u043e\u0439 UV400, \u043b\u0435\u0433\u043a\u0430\u044f \u0440\u0430\u043c\u043a\u0430 \u0438\u0437 TR90 \u0438 \u0444\u043e\u0442\u043e\u0445\u0440\u043e\u043c\u043d\u044b\u043c\u0438 \u043b\u0438\u043d\u0437\u0430\u043c\u0438 - \u0438\u0434\u0435\u0430\u043b\u044c\u043d\u044b \u0434\u043b\u044f \u0430\u043a\u0442\u0438\u0432\u043d\u043e\u0433\u043e \u043e\u0442\u0434\u044b\u0445\u0430 \u0438 \u0441\u043f\u043e\u0440\u0442\u0430 \u043d\u0430 \u043e\u0442\u043a\u0440\u044b\u0442\u043e\u043c \u0432\u043e\u0437\u0434\u0443\u0445\u0435.\",\"breadcrumb\":{\"@id\":\"https:\\\/\\\/xstyle.md\\\/product\\\/ochki-lynx-omaha-ph-b\\\/#breadcrumb\"},\"inLanguage\":\"ro-RO\",\"potentialAction\":[{\"@type\":\"ReadAction\",\"target\":[\"https:\\\/\\\/xstyle.md\\\/product\\\/ochki-lynx-omaha-ph-b\\\/\"]}]},{\"@type\":\"ImageObject\",\"inLanguage\":\"ro-RO\",\"@id\":\"https:\\\/\\\/xstyle.md\\\/product\\\/ochki-lynx-omaha-ph-b\\\/#primaryimage\",\"url\":\"https:\\\/\\\/xstyle.md\\\/wp-content\\\/uploads\\\/2023\\\/04\\\/lynx-omaha-ph-b.jpg\",\"contentUrl\":\"https:\\\/\\\/xstyle.md\\\/wp-content\\\/uploads\\\/2023\\\/04\\\/lynx-omaha-ph-b.jpg\",\"width\":1019,\"height\":779,\"caption\":\"\u0422\u043e\u0432\u0430\u0440\u044b \u0434\u043b\u044f \u0430\u043a\u0442\u0438\u0432\u043d\u043e\u0433\u043e \u043e\u0442\u0434\u044b\u0445\u0430 \u043e\u0447\u043a\u0438 Lynx Omaha PH B \u0434\u043b\u044f \u043f\u0443\u0442\u0435\u0448\u0435\u0441\u0442\u0432\u0438\u0439 \u0438 \u0430\u043b\u044c\u043f\u0438\u043d\u0438\u0437\u043c\u0430 \u0441\u043f\u043e\u0440\u0442\u0438\u0432\u043d\u0430\u044f \u043e\u0434\u0435\u0436\u0434\u0430 \u0438 \u043e\u0431\u0443\u0432\u044c \u0434\u043b\u044f \u0442\u0443\u0440\u0438\u0437\u043c\u0430 \u0438 \u043f\u043e\u0445\u043e\u0434\u043e\u0432\"},{\"@type\":\"BreadcrumbList\",\"@id\":\"https:\\\/\\\/xstyle.md\\\/product\\\/ochki-lynx-omaha-ph-b\\\/#breadcrumb\",\"itemListElement\":[{\"@type\":\"ListItem\",\"position\":1,\"name\":\"\u0413\u043b\u0430\u0432\u043d\u0430\u044f \u0441\u0442\u0440\u0430\u043d\u0438\u0446\u0430\",\"item\":\"https:\\\/\\\/xstyle.md\\\/\"},{\"@type\":\"ListItem\",\"position\":2,\"name\":\"\u041c\u0430\u0433\u0430\u0437\u0438\u043d\",\"item\":\"https:\\\/\\\/xstyle.md\\\/shop\\\/\"},{\"@type\":\"ListItem\",\"position\":3,\"name\":\"\u041e\u0447\u043a\u0438 Lynx Omaha PH B\"}]},{\"@type\":\"WebSite\",\"@id\":\"https:\\\/\\\/xstyle.md\\\/#website\",\"url\":\"https:\\\/\\\/xstyle.md\\\/\",\"name\":\"\u041c\u0430\u0433\u0430\u0437\u0438\u043d Xstyle\",\"description\":\"C\u043d\u0430\u0440\u044f\u0436\u0435\u043d\u0438\u0435 \u0434\u043b\u044f \u0442\u0443\u0440\u0438\u0437\u043c\u0430 \u0438 \u044d\u043a\u0441\u0442\u0440\u0435\u043c\u0430\u043b\u044c\u043d\u044b\u0445 \u0432\u0438\u0434\u043e\u0432 \u0441\u043f\u043e\u0440\u0442\u0430 \u0432 \u041c\u043e\u043b\u0434\u043e\u0432\u0435.. \u0426\u0435\u043d\u044b, \u0444\u043e\u0442\u043e, \u0445\u0430\u0440\u0430\u043a\u0442\u0435\u0440\u0438\u0441\u0442\u0438\u043a\u0438 \u0432 \u041c\u043e\u043b\u0434\u043e\u0432\u0435.\",\"publisher\":{\"@id\":\"https:\\\/\\\/xstyle.md\\\/#organization\"},\"alternateName\":\"X-Style\",\"potentialAction\":[{\"@type\":\"SearchAction\",\"target\":{\"@type\":\"EntryPoint\",\"urlTemplate\":\"https:\\\/\\\/xstyle.md\\\/?s={search_term_string}\"},\"query-input\":{\"@type\":\"PropertyValueSpecification\",\"valueRequired\":true,\"valueName\":\"search_term_string\"}}],\"inLanguage\":\"ro-RO\"},{\"@type\":\"Organization\",\"@id\":\"https:\\\/\\\/xstyle.md\\\/#organization\",\"name\":\"\u041c\u0430\u0433\u0430\u0437\u0438\u043d Xstyle\",\"alternateName\":\"x-style\",\"url\":\"https:\\\/\\\/xstyle.md\\\/\",\"logo\":{\"@type\":\"ImageObject\",\"inLanguage\":\"ro-RO\",\"@id\":\"https:\\\/\\\/xstyle.md\\\/#\\\/schema\\\/logo\\\/image\\\/\",\"url\":\"https:\\\/\\\/xstyle.md\\\/wp-content\\\/uploads\\\/2020\\\/06\\\/logoicon.svg\",\"contentUrl\":\"https:\\\/\\\/xstyle.md\\\/wp-content\\\/uploads\\\/2020\\\/06\\\/logoicon.svg\",\"caption\":\"\u041c\u0430\u0433\u0430\u0437\u0438\u043d Xstyle\"},\"image\":{\"@id\":\"https:\\\/\\\/xstyle.md\\\/#\\\/schema\\\/logo\\\/image\\\/\"},\"sameAs\":[\"https:\\\/\\\/www.facebook.com\\\/xstylemd\",\"https:\\\/\\\/www.instagram.com\\\/xstyle_md\\\/\",\"https:\\\/\\\/t.me\\\/xstyle_outdoor\"],\"hasMerchantReturnPolicy\":{\"@type\":\"MerchantReturnPolicy\",\"merchantReturnLink\":\"https:\\\/\\\/xstyle.md\\\/ro\\\/conditions\\\/\"}}]}<\/script>\n<meta property=\"product:price:amount\" content=\"890.00\" \/>\n<meta property=\"product:price:currency\" content=\"MDL\" \/>\n<meta property=\"og:availability\" content=\"instock\" \/>\n<meta property=\"product:availability\" content=\"instock\" \/>\n<meta property=\"product:retailer_item_id\" content=\"7000000196805\" \/>\n<meta property=\"product:condition\" content=\"new\" \/>\n<!-- \/ Yoast SEO plugin. -->","yoast_head_json":{"title":"Ochelari Lynx Omaha PH B - Magazin Xstyle","description":"Ochelari Lynx Omaha PH B cu protec\u021bie UV400, cadru u\u0219or din TR90 \u0219i lentile fotocromatice - ideali pentru activit\u0103\u021bi \u00een aer liber \u0219i sport.","robots":{"index":"index","follow":"follow","max-snippet":"max-snippet:-1","max-image-preview":"max-image-preview:large","max-video-preview":"max-video-preview:-1"},"canonical":"https:\/\/xstyle.md\/ro\/produs\/ochki-lynx-omaha-ph-b\/","og_locale":"ro_RO","og_type":"article","og_title":"\u041e\u0447\u043a\u0438 Lynx Omaha PH B - \u041c\u0430\u0433\u0430\u0437\u0438\u043d Xstyle","og_description":"\u041e\u0447\u043a\u0438 Lynx Omaha PH B \u0441 \u0437\u0430\u0449\u0438\u0442\u043e\u0439 UV400, \u043b\u0435\u0433\u043a\u0430\u044f \u0440\u0430\u043c\u043a\u0430 \u0438\u0437 TR90 \u0438 \u0444\u043e\u0442\u043e\u0445\u0440\u043e\u043c\u043d\u044b\u043c\u0438 \u043b\u0438\u043d\u0437\u0430\u043c\u0438 - \u0438\u0434\u0435\u0430\u043b\u044c\u043d\u044b \u0434\u043b\u044f \u0430\u043a\u0442\u0438\u0432\u043d\u043e\u0433\u043e \u043e\u0442\u0434\u044b\u0445\u0430 \u0438 \u0441\u043f\u043e\u0440\u0442\u0430 \u043d\u0430 \u043e\u0442\u043a\u0440\u044b\u0442\u043e\u043c \u0432\u043e\u0437\u0434\u0443\u0445\u0435.","og_url":"https:\/\/xstyle.md\/ro\/produs\/ochki-lynx-omaha-ph-b\/","og_site_name":"\u041c\u0430\u0433\u0430\u0437\u0438\u043d Xstyle","article_publisher":"https:\/\/www.facebook.com\/xstylemd","article_modified_time":"2026-02-12T16:59:21+00:00","og_image":[{"width":1019,"height":779,"url":"https:\/\/xstyle.md\/wp-content\/uploads\/2023\/04\/lynx-omaha-ph-b.jpg","type":"image\/jpeg"}],"twitter_card":"summary_large_image","twitter_misc":{"Pre\u021b":"890&nbsp;MDL","Disponibilitate":"\u00cen stoc"},"schema":{"@context":"https:\/\/schema.org","@graph":[{"@type":"WebPage","@id":"https:\/\/xstyle.md\/product\/ochki-lynx-omaha-ph-b\/","url":"https:\/\/xstyle.md\/product\/ochki-lynx-omaha-ph-b\/","name":"Ochelari Lynx Omaha PH B - Magazin Xstyle","isPartOf":{"@id":"https:\/\/xstyle.md\/#website"},"primaryImageOfPage":{"@id":"https:\/\/xstyle.md\/product\/ochki-lynx-omaha-ph-b\/#primaryimage"},"image":{"@id":"https:\/\/xstyle.md\/product\/ochki-lynx-omaha-ph-b\/#primaryimage"},"thumbnailUrl":"https:\/\/xstyle.md\/wp-content\/uploads\/2023\/04\/lynx-omaha-ph-b.jpg","datePublished":"2023-04-13T13:42:43+00:00","dateModified":"2026-02-12T16:59:21+00:00","description":"Ochelari Lynx Omaha PH B cu protec\u021bie UV400, cadru u\u0219or din TR90 \u0219i lentile fotocromatice - ideali pentru activit\u0103\u021bi \u00een aer liber \u0219i sport.","breadcrumb":{"@id":"https:\/\/xstyle.md\/product\/ochki-lynx-omaha-ph-b\/#breadcrumb"},"inLanguage":"ro-RO","potentialAction":[{"@type":"ReadAction","target":["https:\/\/xstyle.md\/product\/ochki-lynx-omaha-ph-b\/"]}]},{"@type":"ImageObject","inLanguage":"ro-RO","@id":"https:\/\/xstyle.md\/product\/ochki-lynx-omaha-ph-b\/#primaryimage","url":"https:\/\/xstyle.md\/wp-content\/uploads\/2023\/04\/lynx-omaha-ph-b.jpg","contentUrl":"https:\/\/xstyle.md\/wp-content\/uploads\/2023\/04\/lynx-omaha-ph-b.jpg","width":1019,"height":779,"caption":"\u0422\u043e\u0432\u0430\u0440\u044b \u0434\u043b\u044f \u0430\u043a\u0442\u0438\u0432\u043d\u043e\u0433\u043e \u043e\u0442\u0434\u044b\u0445\u0430 \u043e\u0447\u043a\u0438 Lynx Omaha PH B \u0434\u043b\u044f \u043f\u0443\u0442\u0435\u0448\u0435\u0441\u0442\u0432\u0438\u0439 \u0438 \u0430\u043b\u044c\u043f\u0438\u043d\u0438\u0437\u043c\u0430 \u0441\u043f\u043e\u0440\u0442\u0438\u0432\u043d\u0430\u044f \u043e\u0434\u0435\u0436\u0434\u0430 \u0438 \u043e\u0431\u0443\u0432\u044c \u0434\u043b\u044f \u0442\u0443\u0440\u0438\u0437\u043c\u0430 \u0438 \u043f\u043e\u0445\u043e\u0434\u043e\u0432"},{"@type":"BreadcrumbList","@id":"https:\/\/xstyle.md\/product\/ochki-lynx-omaha-ph-b\/#breadcrumb","itemListElement":[{"@type":"ListItem","position":1,"name":"\u0413\u043b\u0430\u0432\u043d\u0430\u044f \u0441\u0442\u0440\u0430\u043d\u0438\u0446\u0430","item":"https:\/\/xstyle.md\/"},{"@type":"ListItem","position":2,"name":"\u041c\u0430\u0433\u0430\u0437\u0438\u043d","item":"https:\/\/xstyle.md\/shop\/"},{"@type":"ListItem","position":3,"name":"\u041e\u0447\u043a\u0438 Lynx Omaha PH B"}]},{"@type":"WebSite","@id":"https:\/\/xstyle.md\/#website","url":"https:\/\/xstyle.md\/","name":"Magazinul X-Style","description":"Echipamente pentru turism \u0219i sporturi extreme \u00een Moldova. Pre\u021buri, fotografii, caracteristici \u00een Moldova.","publisher":{"@id":"https:\/\/xstyle.md\/#organization"},"alternateName":"X-Style","potentialAction":[{"@type":"SearchAction","target":{"@type":"EntryPoint","urlTemplate":"https:\/\/xstyle.md\/?s={search_term_string}"},"query-input":{"@type":"PropertyValueSpecification","valueRequired":true,"valueName":"search_term_string"}}],"inLanguage":"ro-RO"},{"@type":"Organization","@id":"https:\/\/xstyle.md\/#organization","name":"Magazinul X-Style","alternateName":"x-style","url":"https:\/\/xstyle.md\/","logo":{"@type":"ImageObject","inLanguage":"ro-RO","@id":"https:\/\/xstyle.md\/#\/schema\/logo\/image\/","url":"https:\/\/xstyle.md\/wp-content\/uploads\/2020\/06\/logoicon.svg","contentUrl":"https:\/\/xstyle.md\/wp-content\/uploads\/2020\/06\/logoicon.svg","caption":"\u041c\u0430\u0433\u0430\u0437\u0438\u043d Xstyle"},"image":{"@id":"https:\/\/xstyle.md\/#\/schema\/logo\/image\/"},"sameAs":["https:\/\/www.facebook.com\/xstylemd","https:\/\/www.instagram.com\/xstyle_md\/","https:\/\/t.me\/xstyle_outdoor"],"hasMerchantReturnPolicy":{"@type":"MerchantReturnPolicy","merchantReturnLink":"https:\/\/xstyle.md\/ro\/conditions\/"}}]},"product_price_amount":"890.00","product_price_currency":"MDL","og_availability":"instock","product_availability":"instock","product_retailer_item_id":"7000000196805","product_condition":"new"},"_links":{"self":[{"href":"https:\/\/xstyle.md\/ro\/wp-json\/wp\/v2\/product\/66929","targetHints":{"allow":["GET"]}}],"collection":[{"href":"https:\/\/xstyle.md\/ro\/wp-json\/wp\/v2\/product"}],"about":[{"href":"https:\/\/xstyle.md\/ro\/wp-json\/wp\/v2\/types\/product"}],"replies":[{"embeddable":true,"href":"https:\/\/xstyle.md\/ro\/wp-json\/wp\/v2\/comments?post=66929"}],"wp:featuredmedia":[{"embeddable":true,"href":"https:\/\/xstyle.md\/ro\/wp-json\/wp\/v2\/media\/67239"}],"wp:attachment":[{"href":"https:\/\/xstyle.md\/ro\/wp-json\/wp\/v2\/media?parent=66929"}],"wp:term":[{"taxonomy":"product_brand","embeddable":true,"href":"https:\/\/xstyle.md\/ro\/wp-json\/wp\/v2\/product_brand?post=66929"},{"taxonomy":"product_cat","embeddable":true,"href":"https:\/\/xstyle.md\/ro\/wp-json\/wp\/v2\/product_cat?post=66929"},{"taxonomy":"product_tag","embeddable":true,"href":"https:\/\/xstyle.md\/ro\/wp-json\/wp\/v2\/product_tag?post=66929"}],"curies":[{"name":"wp","href":"https:\/\/api.w.org\/{rel}","templated":true}]}}