{"id":66650,"date":"2023-04-05T18:47:58","date_gmt":"2023-04-05T15:47:58","guid":{"rendered":"https:\/\/xstyle.md\/?post_type=product&#038;p=66650"},"modified":"2025-10-24T13:15:41","modified_gmt":"2025-10-24T10:15:41","slug":"komplekt-otvertok-victorinox-mini-tools-2-1201-4","status":"publish","type":"product","link":"https:\/\/xstyle.md\/ro\/produs\/komplekt-otvertok-victorinox-mini-tools-2-1201-4\/","title":{"rendered":"Set de \u0219urubelni\u021be Victorinox Mini Tools 2.1201.4"},"content":{"rendered":"<\/p>\n<p><strong>Victorinox Mini Tools 2.1201.4<\/strong> &#8212; un set de instrumente \u00een miniatur\u0103 care au posibilit\u0103\u021bi mari \u0219i care vor deveni ajutoare de \u00eencredere \u0219i indispensabile \u00een via\u021ba de zi cu zi a oric\u0103rei persoane moderne.<\/p>\n<p>Acest set de patru unelte a fost conceput de Victorinox special pentru oamenii practici c\u0103rora le plac uneltele tehnice inteligente, dar compacte. Setul include urm\u0103toarele unelte: \u0219urubelni\u021b\u0103 cu fant\u0103, \u0219urubelni\u021b\u0103 Philips, \u0219urubelni\u021b\u0103 hexagonal\u0103 Torx T4 \u0219i unealt\u0103 de \u00eendep\u0103rtare a cartelei SIM.<\/p>\n<p>Uneltele pot fi utilizate cu cu\u021bitele de buzunar Victorinox de 84, 85, 91 \u0219i 111 mm \u0219i, cu ajutorul func\u021biilor suplimentare inteligente, \u00ee\u0219i sporesc \u0219i mai mult capacit\u0103\u021bile.<\/p>\n<h3>Include:<\/h3>\n<ul>\n<li>\u0218urubelni\u021b\u0103 cu fant\u0103 (plat\u0103)<\/li>\n<li>Phillips 000 \u0218urubelni\u021b\u0103 Phillips<\/li>\n<li>Torx T4 hexagonal\u0103<\/li>\n<li>Unealt\u0103 de \u00eendep\u0103rtare a cartelei SIM<\/li>\n<\/ul>\n<h3>Caracteristici<\/h3>\n<ul>\n<li>Lungimea \u0219urubelni\u021bei &#8212; 29 mm<\/li>\n<li>L\u0103\u021bimea m\u00e2nerului (diametru) &#8212; 7 mm<\/li>\n<li>Greutatea \u0219urubelni\u021bei &#8212; 0,7 g<\/li>\n<li>Greutatea setului &#8212; 14 g<\/li>\n<\/ul>\n<h3>Marca<\/h3>\n<p>Victorinox produce \u0219i vinde produse unice, de \u00eenalt\u0103 calitate, pentru diverse domenii ale vie\u021bii. Gama include cu\u021bite elve\u021biene, cu\u021bite de buc\u0103t\u0103rie \u0219i tac\u00e2muri, ceasuri, echipamente de c\u0103l\u0103torie \u0219i parfumuri. Sediul central al companiei este situat \u00een inima Elve\u021biei &#8212; \u00een ora\u0219ul Ibach (districtul Schwyz). Aici, fondatorul companiei, Karl Elsener, \u0219i-a \u00eenceput afacerea de fabricare a cu\u021bitelor \u00een 1884, iar c\u00e2\u021biva ani mai t\u00e2rziu a dezvoltat legendarul cu\u021bit original al armatei elve\u021biene.<\/p>\n<p><\/p>","protected":false},"excerpt":{"rendered":"","protected":false},"featured_media":66723,"comment_status":"open","ping_status":"closed","template":"","meta":{"_acf_changed":false,"inline_featured_image":false},"product_brand":[1327],"product_cat":[415],"product_tag":[],"class_list":{"0":"post-66650","1":"product","2":"type-product","3":"status-publish","4":"has-post-thumbnail","6":"product_brand-victorinox","7":"product_cat-multitools","9":"first","10":"instock","11":"shipping-taxable","12":"purchasable","13":"product-type-simple"},"acf":[],"yoast_head":"<!-- This site is optimized with the Yoast SEO plugin v27.4 - https:\/\/yoast.com\/product\/yoast-seo-wordpress\/ -->\n<title>\u041a\u043e\u043c\u043f\u043b\u0435\u043a\u0442 \u043e\u0442\u0432\u0435\u0440\u0442\u043e\u043a Victorinox Mini Tools 2.1201.4 - \u041c\u0430\u0433\u0430\u0437\u0438\u043d Xstyle<\/title>\n<meta name=\"description\" content=\"\u041a\u043e\u043c\u043f\u043b\u0435\u043a\u0442 \u043e\u0442\u0432\u0435\u0440\u0442\u043e\u043a Victorinox Mini Tools 2.1201.4: \u043d\u0430\u0434\u0435\u0436\u043d\u044b\u0435 \u043c\u0438\u043d\u0438-\u0438\u043d\u0441\u0442\u0440\u0443\u043c\u0435\u043d\u0442\u044b \u0441 Philips, Torx T4 \u0438 SIM \u0434\u043b\u044f \u043f\u043e\u0432\u0441\u0435\u0434\u043d\u0435\u0432\u043d\u043e\u0433\u043e \u0438\u0441\u043f\u043e\u043b\u044c\u0437\u043e\u0432\u0430\u043d\u0438\u044f. \u0418\u0434\u0435\u0430\u043b\u044c\u043d\u043e \u0434\u043b\u044f \u043f\u0440\u0430\u043a\u0442\u0438\u0447\u043d\u044b\u0445 \u043b\u044e\u0434\u0435\u0439!\" \/>\n<meta name=\"robots\" content=\"index, follow, max-snippet:-1, max-image-preview:large, max-video-preview:-1\" \/>\n<link rel=\"canonical\" href=\"https:\/\/xstyle.md\/ro\/produs\/komplekt-otvertok-victorinox-mini-tools-2-1201-4\/\" \/>\n<meta property=\"og:locale\" content=\"ro_RO\" \/>\n<meta property=\"og:type\" content=\"article\" \/>\n<meta property=\"og:title\" content=\"\u041a\u043e\u043c\u043f\u043b\u0435\u043a\u0442 \u043e\u0442\u0432\u0435\u0440\u0442\u043e\u043a Victorinox Mini Tools 2.1201.4 - \u041c\u0430\u0433\u0430\u0437\u0438\u043d Xstyle\" \/>\n<meta property=\"og:description\" content=\"\u041a\u043e\u043c\u043f\u043b\u0435\u043a\u0442 \u043e\u0442\u0432\u0435\u0440\u0442\u043e\u043a Victorinox Mini Tools 2.1201.4: \u043d\u0430\u0434\u0435\u0436\u043d\u044b\u0435 \u043c\u0438\u043d\u0438-\u0438\u043d\u0441\u0442\u0440\u0443\u043c\u0435\u043d\u0442\u044b \u0441 Philips, Torx T4 \u0438 SIM \u0434\u043b\u044f \u043f\u043e\u0432\u0441\u0435\u0434\u043d\u0435\u0432\u043d\u043e\u0433\u043e \u0438\u0441\u043f\u043e\u043b\u044c\u0437\u043e\u0432\u0430\u043d\u0438\u044f. \u0418\u0434\u0435\u0430\u043b\u044c\u043d\u043e \u0434\u043b\u044f \u043f\u0440\u0430\u043a\u0442\u0438\u0447\u043d\u044b\u0445 \u043b\u044e\u0434\u0435\u0439!\" \/>\n<meta property=\"og:url\" content=\"https:\/\/xstyle.md\/ro\/produs\/komplekt-otvertok-victorinox-mini-tools-2-1201-4\/\" \/>\n<meta property=\"og:site_name\" content=\"\u041c\u0430\u0433\u0430\u0437\u0438\u043d Xstyle\" \/>\n<meta property=\"article:publisher\" content=\"https:\/\/www.facebook.com\/xstylemd\" \/>\n<meta property=\"article:modified_time\" content=\"2025-10-24T10:15:41+00:00\" \/>\n<meta property=\"og:image\" content=\"https:\/\/xstyle.md\/wp-content\/uploads\/2023\/04\/victorinox-mini-tools-2.1201.4.jpg\" \/>\n\t<meta property=\"og:image:width\" content=\"2000\" \/>\n\t<meta property=\"og:image:height\" content=\"1750\" \/>\n\t<meta property=\"og:image:type\" content=\"image\/jpeg\" \/>\n<meta name=\"twitter:card\" content=\"summary_large_image\" \/>\n<meta name=\"twitter:label1\" content=\"Pre\u021b\" \/>\n\t<meta name=\"twitter:data1\" content=\"350&nbsp;MDL\" \/>\n\t<meta name=\"twitter:label2\" content=\"Disponibilitate\" \/>\n\t<meta name=\"twitter:data2\" content=\"\u00cen stoc\" \/>\n<script type=\"application\/ld+json\" class=\"yoast-schema-graph\">{\"@context\":\"https:\\\/\\\/schema.org\",\"@graph\":[{\"@type\":\"WebPage\",\"@id\":\"https:\\\/\\\/xstyle.md\\\/product\\\/komplekt-otvertok-victorinox-mini-tools-2-1201-4\\\/\",\"url\":\"https:\\\/\\\/xstyle.md\\\/product\\\/komplekt-otvertok-victorinox-mini-tools-2-1201-4\\\/\",\"name\":\"\u041a\u043e\u043c\u043f\u043b\u0435\u043a\u0442 \u043e\u0442\u0432\u0435\u0440\u0442\u043e\u043a Victorinox Mini Tools 2.1201.4 - \u041c\u0430\u0433\u0430\u0437\u0438\u043d Xstyle\",\"isPartOf\":{\"@id\":\"https:\\\/\\\/xstyle.md\\\/#website\"},\"primaryImageOfPage\":{\"@id\":\"https:\\\/\\\/xstyle.md\\\/product\\\/komplekt-otvertok-victorinox-mini-tools-2-1201-4\\\/#primaryimage\"},\"image\":{\"@id\":\"https:\\\/\\\/xstyle.md\\\/product\\\/komplekt-otvertok-victorinox-mini-tools-2-1201-4\\\/#primaryimage\"},\"thumbnailUrl\":\"https:\\\/\\\/xstyle.md\\\/wp-content\\\/uploads\\\/2023\\\/04\\\/victorinox-mini-tools-2.1201.4.jpg\",\"datePublished\":\"2023-04-05T15:47:58+00:00\",\"dateModified\":\"2025-10-24T10:15:41+00:00\",\"description\":\"\u041a\u043e\u043c\u043f\u043b\u0435\u043a\u0442 \u043e\u0442\u0432\u0435\u0440\u0442\u043e\u043a Victorinox Mini Tools 2.1201.4: \u043d\u0430\u0434\u0435\u0436\u043d\u044b\u0435 \u043c\u0438\u043d\u0438-\u0438\u043d\u0441\u0442\u0440\u0443\u043c\u0435\u043d\u0442\u044b \u0441 Philips, Torx T4 \u0438 SIM \u0434\u043b\u044f \u043f\u043e\u0432\u0441\u0435\u0434\u043d\u0435\u0432\u043d\u043e\u0433\u043e \u0438\u0441\u043f\u043e\u043b\u044c\u0437\u043e\u0432\u0430\u043d\u0438\u044f. \u0418\u0434\u0435\u0430\u043b\u044c\u043d\u043e \u0434\u043b\u044f \u043f\u0440\u0430\u043a\u0442\u0438\u0447\u043d\u044b\u0445 \u043b\u044e\u0434\u0435\u0439!\",\"breadcrumb\":{\"@id\":\"https:\\\/\\\/xstyle.md\\\/product\\\/komplekt-otvertok-victorinox-mini-tools-2-1201-4\\\/#breadcrumb\"},\"inLanguage\":\"ro-RO\",\"potentialAction\":[{\"@type\":\"ReadAction\",\"target\":[\"https:\\\/\\\/xstyle.md\\\/product\\\/komplekt-otvertok-victorinox-mini-tools-2-1201-4\\\/\"]}]},{\"@type\":\"ImageObject\",\"inLanguage\":\"ro-RO\",\"@id\":\"https:\\\/\\\/xstyle.md\\\/product\\\/komplekt-otvertok-victorinox-mini-tools-2-1201-4\\\/#primaryimage\",\"url\":\"https:\\\/\\\/xstyle.md\\\/wp-content\\\/uploads\\\/2023\\\/04\\\/victorinox-mini-tools-2.1201.4.jpg\",\"contentUrl\":\"https:\\\/\\\/xstyle.md\\\/wp-content\\\/uploads\\\/2023\\\/04\\\/victorinox-mini-tools-2.1201.4.jpg\",\"width\":1920,\"height\":1680,\"caption\":\"\u041c\u0438\u043d\u0438-\u0438\u043d\u0441\u0442\u0440\u0443\u043c\u0435\u043d\u0442\u044b Victorinox \u0434\u043b\u044f \u0430\u043a\u0442\u0438\u0432\u043d\u043e\u0433\u043e \u043e\u0442\u0434\u044b\u0445\u0430 \u0438 \u043f\u0443\u0442\u0435\u0448\u0435\u0441\u0442\u0432\u0438\u0439 \u2014 \u043e\u0434\u0435\u0436\u0434\u0430, \u043e\u0431\u0443\u0432\u044c, \u043f\u043e\u0445\u043e\u0434\u043d\u043e\u0435 \u0441\u043d\u0430\u0440\u044f\u0436\u0435\u043d\u0438\u0435 \u0438 \u0442\u0443\u0440\u0438\u0441\u0442\u0438\u0447\u0435\u0441\u043a\u0438\u0435 \u0430\u043a\u0441\u0435\u0441\u0441\u0443\u0430\u0440\u044b \u0434\u043b\u044f \u043b\u044e\u0431\u0438\u0442\u0435\u043b\u0435\u0439 \u0430\u043a\u0442\u0438\u0432\u043d\u043e\u0439 \u0436\u0438\u0437\u043d\u0438\"},{\"@type\":\"BreadcrumbList\",\"@id\":\"https:\\\/\\\/xstyle.md\\\/product\\\/komplekt-otvertok-victorinox-mini-tools-2-1201-4\\\/#breadcrumb\",\"itemListElement\":[{\"@type\":\"ListItem\",\"position\":1,\"name\":\"\u0413\u043b\u0430\u0432\u043d\u0430\u044f \u0441\u0442\u0440\u0430\u043d\u0438\u0446\u0430\",\"item\":\"https:\\\/\\\/xstyle.md\\\/\"},{\"@type\":\"ListItem\",\"position\":2,\"name\":\"\u041c\u0430\u0433\u0430\u0437\u0438\u043d\",\"item\":\"https:\\\/\\\/xstyle.md\\\/shop\\\/\"},{\"@type\":\"ListItem\",\"position\":3,\"name\":\"\u041a\u043e\u043c\u043f\u043b\u0435\u043a\u0442 \u043e\u0442\u0432\u0435\u0440\u0442\u043e\u043a Victorinox Mini Tools 2.1201.4\"}]},{\"@type\":\"WebSite\",\"@id\":\"https:\\\/\\\/xstyle.md\\\/#website\",\"url\":\"https:\\\/\\\/xstyle.md\\\/\",\"name\":\"\u041c\u0430\u0433\u0430\u0437\u0438\u043d Xstyle\",\"description\":\"C\u043d\u0430\u0440\u044f\u0436\u0435\u043d\u0438\u0435 \u0434\u043b\u044f \u0442\u0443\u0440\u0438\u0437\u043c\u0430 \u0438 \u044d\u043a\u0441\u0442\u0440\u0435\u043c\u0430\u043b\u044c\u043d\u044b\u0445 \u0432\u0438\u0434\u043e\u0432 \u0441\u043f\u043e\u0440\u0442\u0430 \u0432 \u041c\u043e\u043b\u0434\u043e\u0432\u0435.. \u0426\u0435\u043d\u044b, \u0444\u043e\u0442\u043e, \u0445\u0430\u0440\u0430\u043a\u0442\u0435\u0440\u0438\u0441\u0442\u0438\u043a\u0438 \u0432 \u041c\u043e\u043b\u0434\u043e\u0432\u0435.\",\"publisher\":{\"@id\":\"https:\\\/\\\/xstyle.md\\\/#organization\"},\"alternateName\":\"X-Style\",\"potentialAction\":[{\"@type\":\"SearchAction\",\"target\":{\"@type\":\"EntryPoint\",\"urlTemplate\":\"https:\\\/\\\/xstyle.md\\\/?s={search_term_string}\"},\"query-input\":{\"@type\":\"PropertyValueSpecification\",\"valueRequired\":true,\"valueName\":\"search_term_string\"}}],\"inLanguage\":\"ro-RO\"},{\"@type\":\"Organization\",\"@id\":\"https:\\\/\\\/xstyle.md\\\/#organization\",\"name\":\"\u041c\u0430\u0433\u0430\u0437\u0438\u043d Xstyle\",\"alternateName\":\"x-style\",\"url\":\"https:\\\/\\\/xstyle.md\\\/\",\"logo\":{\"@type\":\"ImageObject\",\"inLanguage\":\"ro-RO\",\"@id\":\"https:\\\/\\\/xstyle.md\\\/#\\\/schema\\\/logo\\\/image\\\/\",\"url\":\"https:\\\/\\\/xstyle.md\\\/wp-content\\\/uploads\\\/2020\\\/06\\\/logoicon.svg\",\"contentUrl\":\"https:\\\/\\\/xstyle.md\\\/wp-content\\\/uploads\\\/2020\\\/06\\\/logoicon.svg\",\"caption\":\"\u041c\u0430\u0433\u0430\u0437\u0438\u043d Xstyle\"},\"image\":{\"@id\":\"https:\\\/\\\/xstyle.md\\\/#\\\/schema\\\/logo\\\/image\\\/\"},\"sameAs\":[\"https:\\\/\\\/www.facebook.com\\\/xstylemd\",\"https:\\\/\\\/www.instagram.com\\\/xstyle_md\\\/\",\"https:\\\/\\\/t.me\\\/xstyle_outdoor\"],\"hasMerchantReturnPolicy\":{\"@type\":\"MerchantReturnPolicy\",\"merchantReturnLink\":\"https:\\\/\\\/xstyle.md\\\/ro\\\/conditions\\\/\"}}]}<\/script>\n<meta property=\"product:price:amount\" content=\"350.00\" \/>\n<meta property=\"product:price:currency\" content=\"MDL\" \/>\n<meta property=\"og:availability\" content=\"instock\" \/>\n<meta property=\"product:availability\" content=\"instock\" \/>\n<meta property=\"product:retailer_item_id\" content=\"7613329119105\" \/>\n<meta property=\"product:condition\" content=\"new\" \/>\n<!-- \/ Yoast SEO plugin. -->","yoast_head_json":{"title":"Set de \u0219urubelni\u021be Victorinox Mini Tools 2.1201.4 - Magazin Xstyle","description":"Set de \u0219urubelni\u021be Victorinox Mini Tools 2.1201.4: unelte miniaturale fiabile cu Philips, Torx T4 \u0219i SIM pentru utilizare zilnic\u0103. Ideal pentru persoanele practice!","robots":{"index":"index","follow":"follow","max-snippet":"max-snippet:-1","max-image-preview":"max-image-preview:large","max-video-preview":"max-video-preview:-1"},"canonical":"https:\/\/xstyle.md\/ro\/produs\/komplekt-otvertok-victorinox-mini-tools-2-1201-4\/","og_locale":"ro_RO","og_type":"article","og_title":"\u041a\u043e\u043c\u043f\u043b\u0435\u043a\u0442 \u043e\u0442\u0432\u0435\u0440\u0442\u043e\u043a Victorinox Mini Tools 2.1201.4 - \u041c\u0430\u0433\u0430\u0437\u0438\u043d Xstyle","og_description":"\u041a\u043e\u043c\u043f\u043b\u0435\u043a\u0442 \u043e\u0442\u0432\u0435\u0440\u0442\u043e\u043a Victorinox Mini Tools 2.1201.4: \u043d\u0430\u0434\u0435\u0436\u043d\u044b\u0435 \u043c\u0438\u043d\u0438-\u0438\u043d\u0441\u0442\u0440\u0443\u043c\u0435\u043d\u0442\u044b \u0441 Philips, Torx T4 \u0438 SIM \u0434\u043b\u044f \u043f\u043e\u0432\u0441\u0435\u0434\u043d\u0435\u0432\u043d\u043e\u0433\u043e \u0438\u0441\u043f\u043e\u043b\u044c\u0437\u043e\u0432\u0430\u043d\u0438\u044f. \u0418\u0434\u0435\u0430\u043b\u044c\u043d\u043e \u0434\u043b\u044f \u043f\u0440\u0430\u043a\u0442\u0438\u0447\u043d\u044b\u0445 \u043b\u044e\u0434\u0435\u0439!","og_url":"https:\/\/xstyle.md\/ro\/produs\/komplekt-otvertok-victorinox-mini-tools-2-1201-4\/","og_site_name":"\u041c\u0430\u0433\u0430\u0437\u0438\u043d Xstyle","article_publisher":"https:\/\/www.facebook.com\/xstylemd","article_modified_time":"2025-10-24T10:15:41+00:00","og_image":[{"width":2000,"height":1750,"url":"https:\/\/xstyle.md\/wp-content\/uploads\/2023\/04\/victorinox-mini-tools-2.1201.4.jpg","type":"image\/jpeg"}],"twitter_card":"summary_large_image","twitter_misc":{"Pre\u021b":"350&nbsp;MDL","Disponibilitate":"\u00cen stoc"},"schema":{"@context":"https:\/\/schema.org","@graph":[{"@type":"WebPage","@id":"https:\/\/xstyle.md\/product\/komplekt-otvertok-victorinox-mini-tools-2-1201-4\/","url":"https:\/\/xstyle.md\/product\/komplekt-otvertok-victorinox-mini-tools-2-1201-4\/","name":"Set de \u0219urubelni\u021be Victorinox Mini Tools 2.1201.4 - Magazin Xstyle","isPartOf":{"@id":"https:\/\/xstyle.md\/#website"},"primaryImageOfPage":{"@id":"https:\/\/xstyle.md\/product\/komplekt-otvertok-victorinox-mini-tools-2-1201-4\/#primaryimage"},"image":{"@id":"https:\/\/xstyle.md\/product\/komplekt-otvertok-victorinox-mini-tools-2-1201-4\/#primaryimage"},"thumbnailUrl":"https:\/\/xstyle.md\/wp-content\/uploads\/2023\/04\/victorinox-mini-tools-2.1201.4.jpg","datePublished":"2023-04-05T15:47:58+00:00","dateModified":"2025-10-24T10:15:41+00:00","description":"Set de \u0219urubelni\u021be Victorinox Mini Tools 2.1201.4: unelte miniaturale fiabile cu Philips, Torx T4 \u0219i SIM pentru utilizare zilnic\u0103. Ideal pentru persoanele practice!","breadcrumb":{"@id":"https:\/\/xstyle.md\/product\/komplekt-otvertok-victorinox-mini-tools-2-1201-4\/#breadcrumb"},"inLanguage":"ro-RO","potentialAction":[{"@type":"ReadAction","target":["https:\/\/xstyle.md\/product\/komplekt-otvertok-victorinox-mini-tools-2-1201-4\/"]}]},{"@type":"ImageObject","inLanguage":"ro-RO","@id":"https:\/\/xstyle.md\/product\/komplekt-otvertok-victorinox-mini-tools-2-1201-4\/#primaryimage","url":"https:\/\/xstyle.md\/wp-content\/uploads\/2023\/04\/victorinox-mini-tools-2.1201.4.jpg","contentUrl":"https:\/\/xstyle.md\/wp-content\/uploads\/2023\/04\/victorinox-mini-tools-2.1201.4.jpg","width":1920,"height":1680,"caption":"\u041c\u0438\u043d\u0438-\u0438\u043d\u0441\u0442\u0440\u0443\u043c\u0435\u043d\u0442\u044b Victorinox \u0434\u043b\u044f \u0430\u043a\u0442\u0438\u0432\u043d\u043e\u0433\u043e \u043e\u0442\u0434\u044b\u0445\u0430 \u0438 \u043f\u0443\u0442\u0435\u0448\u0435\u0441\u0442\u0432\u0438\u0439 \u2014 \u043e\u0434\u0435\u0436\u0434\u0430, \u043e\u0431\u0443\u0432\u044c, \u043f\u043e\u0445\u043e\u0434\u043d\u043e\u0435 \u0441\u043d\u0430\u0440\u044f\u0436\u0435\u043d\u0438\u0435 \u0438 \u0442\u0443\u0440\u0438\u0441\u0442\u0438\u0447\u0435\u0441\u043a\u0438\u0435 \u0430\u043a\u0441\u0435\u0441\u0441\u0443\u0430\u0440\u044b \u0434\u043b\u044f \u043b\u044e\u0431\u0438\u0442\u0435\u043b\u0435\u0439 \u0430\u043a\u0442\u0438\u0432\u043d\u043e\u0439 \u0436\u0438\u0437\u043d\u0438"},{"@type":"BreadcrumbList","@id":"https:\/\/xstyle.md\/product\/komplekt-otvertok-victorinox-mini-tools-2-1201-4\/#breadcrumb","itemListElement":[{"@type":"ListItem","position":1,"name":"\u0413\u043b\u0430\u0432\u043d\u0430\u044f \u0441\u0442\u0440\u0430\u043d\u0438\u0446\u0430","item":"https:\/\/xstyle.md\/"},{"@type":"ListItem","position":2,"name":"\u041c\u0430\u0433\u0430\u0437\u0438\u043d","item":"https:\/\/xstyle.md\/shop\/"},{"@type":"ListItem","position":3,"name":"\u041a\u043e\u043c\u043f\u043b\u0435\u043a\u0442 \u043e\u0442\u0432\u0435\u0440\u0442\u043e\u043a Victorinox Mini Tools 2.1201.4"}]},{"@type":"WebSite","@id":"https:\/\/xstyle.md\/#website","url":"https:\/\/xstyle.md\/","name":"Magazinul X-Style","description":"Echipamente pentru turism \u0219i sporturi extreme \u00een Moldova. Pre\u021buri, fotografii, caracteristici \u00een Moldova.","publisher":{"@id":"https:\/\/xstyle.md\/#organization"},"alternateName":"X-Style","potentialAction":[{"@type":"SearchAction","target":{"@type":"EntryPoint","urlTemplate":"https:\/\/xstyle.md\/?s={search_term_string}"},"query-input":{"@type":"PropertyValueSpecification","valueRequired":true,"valueName":"search_term_string"}}],"inLanguage":"ro-RO"},{"@type":"Organization","@id":"https:\/\/xstyle.md\/#organization","name":"Magazinul X-Style","alternateName":"x-style","url":"https:\/\/xstyle.md\/","logo":{"@type":"ImageObject","inLanguage":"ro-RO","@id":"https:\/\/xstyle.md\/#\/schema\/logo\/image\/","url":"https:\/\/xstyle.md\/wp-content\/uploads\/2020\/06\/logoicon.svg","contentUrl":"https:\/\/xstyle.md\/wp-content\/uploads\/2020\/06\/logoicon.svg","caption":"\u041c\u0430\u0433\u0430\u0437\u0438\u043d Xstyle"},"image":{"@id":"https:\/\/xstyle.md\/#\/schema\/logo\/image\/"},"sameAs":["https:\/\/www.facebook.com\/xstylemd","https:\/\/www.instagram.com\/xstyle_md\/","https:\/\/t.me\/xstyle_outdoor"],"hasMerchantReturnPolicy":{"@type":"MerchantReturnPolicy","merchantReturnLink":"https:\/\/xstyle.md\/ro\/conditions\/"}}]},"product_price_amount":"350.00","product_price_currency":"MDL","og_availability":"instock","product_availability":"instock","product_retailer_item_id":"7613329119105","product_condition":"new"},"_links":{"self":[{"href":"https:\/\/xstyle.md\/ro\/wp-json\/wp\/v2\/product\/66650","targetHints":{"allow":["GET"]}}],"collection":[{"href":"https:\/\/xstyle.md\/ro\/wp-json\/wp\/v2\/product"}],"about":[{"href":"https:\/\/xstyle.md\/ro\/wp-json\/wp\/v2\/types\/product"}],"replies":[{"embeddable":true,"href":"https:\/\/xstyle.md\/ro\/wp-json\/wp\/v2\/comments?post=66650"}],"wp:featuredmedia":[{"embeddable":true,"href":"https:\/\/xstyle.md\/ro\/wp-json\/wp\/v2\/media\/66723"}],"wp:attachment":[{"href":"https:\/\/xstyle.md\/ro\/wp-json\/wp\/v2\/media?parent=66650"}],"wp:term":[{"taxonomy":"product_brand","embeddable":true,"href":"https:\/\/xstyle.md\/ro\/wp-json\/wp\/v2\/product_brand?post=66650"},{"taxonomy":"product_cat","embeddable":true,"href":"https:\/\/xstyle.md\/ro\/wp-json\/wp\/v2\/product_cat?post=66650"},{"taxonomy":"product_tag","embeddable":true,"href":"https:\/\/xstyle.md\/ro\/wp-json\/wp\/v2\/product_tag?post=66650"}],"curies":[{"name":"wp","href":"https:\/\/api.w.org\/{rel}","templated":true}]}}