{"id":66636,"date":"2023-04-05T18:47:56","date_gmt":"2023-04-05T15:47:56","guid":{"rendered":"https:\/\/xstyle.md\/?post_type=product&#038;p=66636"},"modified":"2024-10-03T01:05:10","modified_gmt":"2024-10-02T22:05:10","slug":"shapochka-dlya-plavaniya-aqua-sphere-tri-cap-black-white","status":"publish","type":"product","link":"https:\/\/xstyle.md\/ro\/produs\/shapochka-dlya-plavaniya-aqua-sphere-tri-cap-black-white\/","title":{"rendered":"Caciul\u0103 \u00eenot Aqua Sphere Tri Cap Black White"},"content":{"rendered":"<\/p>\n<p><strong>Aqua Sphere Tri Cap<\/strong>\u00a0&#8212; casca de \u00eenot asigur\u0103 o fixare confortabil\u0103 pe cap \u0219i minimizeaz\u0103 rezisten\u021ba la ap\u0103, permi\u021b\u00e2nd o vitez\u0103 maxim\u0103. Potrivit pentru \u00eenot \u00een piscin\u0103 \u0219i \u00een ape deschise, inclusiv pentru antrenamente \u0219i competi\u021bii de triatlon. Fabricat\u0103 din material siliconic hipoalergenic. Pl\u0103cut la atingere, moale \u0219i confortabil, u\u0219or de pus \u0219i de scos. Tri v\u0103 va servi pentru o lung\u0103 perioad\u0103 de timp cu o manipulare atent\u0103. Designul original \u00een culori str\u0103lucitoare v\u0103 permite s\u0103 fi\u021bi \u00eentotdeauna vizibil.<\/p>\n<h3>Particularit\u0103\u021bi<\/h3>\n<ul>\n<li>Forma semi-modelat\u0103 ofer\u0103 un confort excelent<\/li>\n<li>Fabricat din silicon durabil de \u00eenalt\u0103 calitate<\/li>\n<li>Aprobat de Federa\u021bia Interna\u021bional\u0103 de Nata\u021bie FINA<\/li>\n<\/ul>\n<h3>Caracteristici<\/h3>\n<ul>\n<li>Material &#8212; 100% silicon<\/li>\n<li>Scop &#8212; competi\u021bie\/antrenament<\/li>\n<li>Model &#8212; unisex<\/li>\n<\/ul>\n<h3>Marca<\/h3>\n<p>AquaLung este un brand legendar \u00een domeniul scufund\u0103rii, fondat de Jacques-Yves Cousteau \u0219i Emile Gagnan. Cu mai mult de 80 de ani de existen\u021b\u0103, compania a devenit unul dintre cei mai mari produc\u0103tori de echipamente de e\u0219afodaj din industrie, cu cea mai mare gam\u0103 de modele din industrie. Varietatea de produse moderne disponibile \u00een cadrul companiei ne permite s\u0103 oferim o gam\u0103 larg\u0103 de produse care pot fi utilizate de amatori, dar \u0219i de profesioni\u0219ti. Gama larg\u0103 include: m\u0103\u0219ti, aripioare, snorkeluri, costume \u0219i uscate, regulatoare \u0219i caracati\u021be, o varietate de tehnologii dispozitive, ambr\u0103c\u0103minte \u0219i \u00eenc\u0103l\u021b\u0103minte, gen\u021bi \u0219i multe alte accesorii. Produsele AquaLung sunt disponibile \u00een mai mult de 90 de \u021b\u0103ri din lume.<\/p>\n<p><\/p>","protected":false},"excerpt":{"rendered":"","protected":false},"featured_media":72040,"comment_status":"open","ping_status":"closed","template":"","meta":{"_acf_changed":false,"inline_featured_image":false},"product_brand":[1284],"product_cat":[395],"product_tag":[],"class_list":{"0":"post-66636","1":"product","2":"type-product","3":"status-publish","4":"has-post-thumbnail","6":"product_brand-aqualung","7":"product_cat-caps-for-swimming","9":"first","10":"instock","11":"shipping-taxable","12":"purchasable","13":"product-type-simple"},"acf":[],"yoast_head":"<!-- This site is optimized with the Yoast SEO plugin v27.2 - https:\/\/yoast.com\/product\/yoast-seo-wordpress\/ -->\n<title>\u0428\u0430\u043f\u043e\u0447\u043a\u0430 \u0434\u043b\u044f \u043f\u043b\u0430\u0432\u0430\u043d\u0438\u044f Aqua Sphere Tri Cap Black White - \u041c\u0430\u0433\u0430\u0437\u0438\u043d Xstyle<\/title>\n<meta name=\"description\" content=\"\u0428\u0430\u043f\u043e\u0447\u043a\u0430 \u0434\u043b\u044f \u043f\u043b\u0430\u0432\u0430\u043d\u0438\u044f Aqua Sphere Tri Cap Black White \u043e\u0431\u0435\u0441\u043f\u0435\u0447\u0438\u0432\u0430\u0435\u0442 \u043a\u043e\u043c\u0444\u043e\u0440\u0442\u043d\u0443\u044e \u0444\u0438\u043a\u0441\u0430\u0446\u0438\u044e \u0438 \u043c\u0438\u043d\u0438\u043c\u0430\u043b\u044c\u043d\u043e\u0435 \u0441\u043e\u043f\u0440\u043e\u0442\u0438\u0432\u043b\u0435\u043d\u0438\u0435 \u0432\u043e\u0434\u0435. \u0418\u0434\u0435\u0430\u043b\u044c\u043d\u043e \u0434\u043b\u044f \u0442\u0440\u0435\u043d\u0438\u0440\u043e\u0432\u043e\u043a \u0438 \u0441\u043e\u0440\u0435\u0432\u043d\u043e\u0432\u0430\u043d\u0438\u0439.\" \/>\n<meta name=\"robots\" content=\"index, follow, max-snippet:-1, max-image-preview:large, max-video-preview:-1\" \/>\n<link rel=\"canonical\" href=\"https:\/\/xstyle.md\/ro\/produs\/shapochka-dlya-plavaniya-aqua-sphere-tri-cap-black-white\/\" \/>\n<meta property=\"og:locale\" content=\"ro_RO\" \/>\n<meta property=\"og:type\" content=\"article\" \/>\n<meta property=\"og:title\" content=\"\u0428\u0430\u043f\u043e\u0447\u043a\u0430 \u0434\u043b\u044f \u043f\u043b\u0430\u0432\u0430\u043d\u0438\u044f Aqua Sphere Tri Cap Black White - \u041c\u0430\u0433\u0430\u0437\u0438\u043d Xstyle\" \/>\n<meta property=\"og:description\" content=\"\u0428\u0430\u043f\u043e\u0447\u043a\u0430 \u0434\u043b\u044f \u043f\u043b\u0430\u0432\u0430\u043d\u0438\u044f Aqua Sphere Tri Cap Black White \u043e\u0431\u0435\u0441\u043f\u0435\u0447\u0438\u0432\u0430\u0435\u0442 \u043a\u043e\u043c\u0444\u043e\u0440\u0442\u043d\u0443\u044e \u0444\u0438\u043a\u0441\u0430\u0446\u0438\u044e \u0438 \u043c\u0438\u043d\u0438\u043c\u0430\u043b\u044c\u043d\u043e\u0435 \u0441\u043e\u043f\u0440\u043e\u0442\u0438\u0432\u043b\u0435\u043d\u0438\u0435 \u0432\u043e\u0434\u0435. \u0418\u0434\u0435\u0430\u043b\u044c\u043d\u043e \u0434\u043b\u044f \u0442\u0440\u0435\u043d\u0438\u0440\u043e\u0432\u043e\u043a \u0438 \u0441\u043e\u0440\u0435\u0432\u043d\u043e\u0432\u0430\u043d\u0438\u0439.\" \/>\n<meta property=\"og:url\" content=\"https:\/\/xstyle.md\/ro\/produs\/shapochka-dlya-plavaniya-aqua-sphere-tri-cap-black-white\/\" \/>\n<meta property=\"og:site_name\" content=\"\u041c\u0430\u0433\u0430\u0437\u0438\u043d Xstyle\" \/>\n<meta property=\"article:publisher\" content=\"https:\/\/www.facebook.com\/xstylemd\" \/>\n<meta property=\"article:modified_time\" content=\"2024-10-02T22:05:10+00:00\" \/>\n<meta property=\"og:image\" content=\"https:\/\/xstyle.md\/wp-content\/uploads\/2023\/04\/aqua-sphere-tri-cap-black-white.jpg\" \/>\n\t<meta property=\"og:image:width\" content=\"853\" \/>\n\t<meta property=\"og:image:height\" content=\"794\" \/>\n\t<meta property=\"og:image:type\" content=\"image\/jpeg\" \/>\n<meta name=\"twitter:card\" content=\"summary_large_image\" \/>\n<meta name=\"twitter:label1\" content=\"Pre\u021b\" \/>\n\t<meta name=\"twitter:data1\" content=\"260&nbsp;MDL\" \/>\n\t<meta name=\"twitter:label2\" content=\"Disponibilitate\" \/>\n\t<meta name=\"twitter:data2\" content=\"\u00cen stoc\" \/>\n<script type=\"application\/ld+json\" class=\"yoast-schema-graph\">{\"@context\":\"https:\/\/schema.org\",\"@graph\":[{\"@type\":\"WebPage\",\"@id\":\"https:\/\/xstyle.md\/product\/shapochka-dlya-plavaniya-aqua-sphere-tri-cap-black-white\/\",\"url\":\"https:\/\/xstyle.md\/product\/shapochka-dlya-plavaniya-aqua-sphere-tri-cap-black-white\/\",\"name\":\"\u0428\u0430\u043f\u043e\u0447\u043a\u0430 \u0434\u043b\u044f \u043f\u043b\u0430\u0432\u0430\u043d\u0438\u044f Aqua Sphere Tri Cap Black White - \u041c\u0430\u0433\u0430\u0437\u0438\u043d Xstyle\",\"isPartOf\":{\"@id\":\"https:\/\/xstyle.md\/#website\"},\"primaryImageOfPage\":{\"@id\":\"https:\/\/xstyle.md\/product\/shapochka-dlya-plavaniya-aqua-sphere-tri-cap-black-white\/#primaryimage\"},\"image\":{\"@id\":\"https:\/\/xstyle.md\/product\/shapochka-dlya-plavaniya-aqua-sphere-tri-cap-black-white\/#primaryimage\"},\"thumbnailUrl\":\"https:\/\/xstyle.md\/wp-content\/uploads\/2023\/04\/aqua-sphere-tri-cap-black-white.jpg\",\"datePublished\":\"2023-04-05T15:47:56+00:00\",\"dateModified\":\"2024-10-02T22:05:10+00:00\",\"description\":\"\u0428\u0430\u043f\u043e\u0447\u043a\u0430 \u0434\u043b\u044f \u043f\u043b\u0430\u0432\u0430\u043d\u0438\u044f Aqua Sphere Tri Cap Black White \u043e\u0431\u0435\u0441\u043f\u0435\u0447\u0438\u0432\u0430\u0435\u0442 \u043a\u043e\u043c\u0444\u043e\u0440\u0442\u043d\u0443\u044e \u0444\u0438\u043a\u0441\u0430\u0446\u0438\u044e \u0438 \u043c\u0438\u043d\u0438\u043c\u0430\u043b\u044c\u043d\u043e\u0435 \u0441\u043e\u043f\u0440\u043e\u0442\u0438\u0432\u043b\u0435\u043d\u0438\u0435 \u0432\u043e\u0434\u0435. \u0418\u0434\u0435\u0430\u043b\u044c\u043d\u043e \u0434\u043b\u044f \u0442\u0440\u0435\u043d\u0438\u0440\u043e\u0432\u043e\u043a \u0438 \u0441\u043e\u0440\u0435\u0432\u043d\u043e\u0432\u0430\u043d\u0438\u0439.\",\"breadcrumb\":{\"@id\":\"https:\/\/xstyle.md\/product\/shapochka-dlya-plavaniya-aqua-sphere-tri-cap-black-white\/#breadcrumb\"},\"inLanguage\":\"ro-RO\",\"potentialAction\":[{\"@type\":\"ReadAction\",\"target\":[\"https:\/\/xstyle.md\/product\/shapochka-dlya-plavaniya-aqua-sphere-tri-cap-black-white\/\"]}]},{\"@type\":\"ImageObject\",\"inLanguage\":\"ro-RO\",\"@id\":\"https:\/\/xstyle.md\/product\/shapochka-dlya-plavaniya-aqua-sphere-tri-cap-black-white\/#primaryimage\",\"url\":\"https:\/\/xstyle.md\/wp-content\/uploads\/2023\/04\/aqua-sphere-tri-cap-black-white.jpg\",\"contentUrl\":\"https:\/\/xstyle.md\/wp-content\/uploads\/2023\/04\/aqua-sphere-tri-cap-black-white.jpg\",\"width\":853,\"height\":794,\"caption\":\"\u0422\u0440\u0435\u0445\u0447\u0430\u0441\u0442\u043d\u0430\u044f \u0448\u0430\u043f\u043e\u0447\u043a\u0430 \u0434\u043b\u044f \u043f\u043b\u0430\u0432\u0430\u043d\u0438\u044f Aqua Sphere Tri Cap Black White \u0434\u043b\u044f \u0430\u043a\u0442\u0438\u0432\u043d\u043e\u0433\u043e \u043e\u0442\u0434\u044b\u0445\u0430 \u043f\u043b\u0430\u0432\u0430\u043d\u0438\u044f \u0438 \u0441\u043f\u043e\u0440\u0442\u0430, \u044d\u043a\u0438\u043f\u0438\u0440\u043e\u0432\u043a\u0430 \u0434\u043b\u044f \u043a\u0443\u043f\u0430\u043d\u0438\u044f, \u043e\u0431\u0443\u0432\u044c \u0438 \u043e\u0434\u0435\u0436\u0434\u0430 \u0434\u043b\u044f \u043f\u0443\u0442\u0435\u0448\u0435\u0441\u0442\u0432\u0438\u0439 \u0438 \u043f\u043e\u0445\u043e\u0434\u043e\u0432 \u0434\u043b\u044f \u043e\u043d\u043b\u0430\u0439\u043d \u043c\u0430\u0433\u0430\u0437\u0438\u043d\u0430 \u0442\u043e\u0432\u0430\u0440\u043e\u0432 \u0434\u043b\u044f \u0430\u043a\u0442\u0438\u0432\u043d\u043e\u0439 \u0436\u0438\u0437\u043d\u0438\"},{\"@type\":\"BreadcrumbList\",\"@id\":\"https:\/\/xstyle.md\/product\/shapochka-dlya-plavaniya-aqua-sphere-tri-cap-black-white\/#breadcrumb\",\"itemListElement\":[{\"@type\":\"ListItem\",\"position\":1,\"name\":\"\u0413\u043b\u0430\u0432\u043d\u0430\u044f \u0441\u0442\u0440\u0430\u043d\u0438\u0446\u0430\",\"item\":\"https:\/\/xstyle.md\/\"},{\"@type\":\"ListItem\",\"position\":2,\"name\":\"\u041c\u0430\u0433\u0430\u0437\u0438\u043d\",\"item\":\"https:\/\/xstyle.md\/shop\/\"},{\"@type\":\"ListItem\",\"position\":3,\"name\":\"\u0428\u0430\u043f\u043e\u0447\u043a\u0430 \u0434\u043b\u044f \u043f\u043b\u0430\u0432\u0430\u043d\u0438\u044f Aqua Sphere Tri Cap Black White\"}]},{\"@type\":\"WebSite\",\"@id\":\"https:\/\/xstyle.md\/#website\",\"url\":\"https:\/\/xstyle.md\/\",\"name\":\"\u041c\u0430\u0433\u0430\u0437\u0438\u043d Xstyle\",\"description\":\"C\u043d\u0430\u0440\u044f\u0436\u0435\u043d\u0438\u0435 \u0434\u043b\u044f \u0442\u0443\u0440\u0438\u0437\u043c\u0430 \u0438 \u044d\u043a\u0441\u0442\u0440\u0435\u043c\u0430\u043b\u044c\u043d\u044b\u0445 \u0432\u0438\u0434\u043e\u0432 \u0441\u043f\u043e\u0440\u0442\u0430 \u0432 \u041c\u043e\u043b\u0434\u043e\u0432\u0435.. \u0426\u0435\u043d\u044b, \u0444\u043e\u0442\u043e, \u0445\u0430\u0440\u0430\u043a\u0442\u0435\u0440\u0438\u0441\u0442\u0438\u043a\u0438 \u0432 \u041c\u043e\u043b\u0434\u043e\u0432\u0435.\",\"publisher\":{\"@id\":\"https:\/\/xstyle.md\/#organization\"},\"alternateName\":\"X-Style\",\"potentialAction\":[{\"@type\":\"SearchAction\",\"target\":{\"@type\":\"EntryPoint\",\"urlTemplate\":\"https:\/\/xstyle.md\/?s={search_term_string}\"},\"query-input\":{\"@type\":\"PropertyValueSpecification\",\"valueRequired\":true,\"valueName\":\"search_term_string\"}}],\"inLanguage\":\"ro-RO\"},{\"@type\":\"Organization\",\"@id\":\"https:\/\/xstyle.md\/#organization\",\"name\":\"\u041c\u0430\u0433\u0430\u0437\u0438\u043d Xstyle\",\"alternateName\":\"x-style\",\"url\":\"https:\/\/xstyle.md\/\",\"logo\":{\"@type\":\"ImageObject\",\"inLanguage\":\"ro-RO\",\"@id\":\"https:\/\/xstyle.md\/#\/schema\/logo\/image\/\",\"url\":\"https:\/\/xstyle.md\/wp-content\/uploads\/2020\/06\/logoicon.svg\",\"contentUrl\":\"https:\/\/xstyle.md\/wp-content\/uploads\/2020\/06\/logoicon.svg\",\"caption\":\"\u041c\u0430\u0433\u0430\u0437\u0438\u043d Xstyle\"},\"image\":{\"@id\":\"https:\/\/xstyle.md\/#\/schema\/logo\/image\/\"},\"sameAs\":[\"https:\/\/www.facebook.com\/xstylemd\",\"https:\/\/www.instagram.com\/xstyle_md\/\",\"https:\/\/t.me\/xstyle_outdoor\"],\"hasMerchantReturnPolicy\":{\"@type\":\"MerchantReturnPolicy\",\"merchantReturnLink\":\"https:\/\/xstyle.md\/ro\/conditions\/\"}}]}<\/script>\n<meta property=\"product:price:amount\" content=\"260.00\" \/>\n<meta property=\"product:price:currency\" content=\"MDL\" \/>\n<meta property=\"og:availability\" content=\"instock\" \/>\n<meta property=\"product:availability\" content=\"instock\" \/>\n<meta property=\"product:retailer_item_id\" content=\"3665771080575\" \/>\n<meta property=\"product:condition\" content=\"new\" \/>\n<!-- \/ Yoast SEO plugin. -->","yoast_head_json":{"title":"Casc\u0103 \u00eenot Aqua Sphere Tri Cap Black White - Magazin Xstyle","description":"Caciula de \u00eenot Aqua Sphere Tri Cap Black White asigur\u0103 o fixare confortabil\u0103 \u0219i o rezisten\u021b\u0103 minim\u0103 \u00een ap\u0103. Ideal\u0103 pentru antrenamente \u0219i competi\u021bii.","robots":{"index":"index","follow":"follow","max-snippet":"max-snippet:-1","max-image-preview":"max-image-preview:large","max-video-preview":"max-video-preview:-1"},"canonical":"https:\/\/xstyle.md\/ro\/produs\/shapochka-dlya-plavaniya-aqua-sphere-tri-cap-black-white\/","og_locale":"ro_RO","og_type":"article","og_title":"\u0428\u0430\u043f\u043e\u0447\u043a\u0430 \u0434\u043b\u044f \u043f\u043b\u0430\u0432\u0430\u043d\u0438\u044f Aqua Sphere Tri Cap Black White - \u041c\u0430\u0433\u0430\u0437\u0438\u043d Xstyle","og_description":"\u0428\u0430\u043f\u043e\u0447\u043a\u0430 \u0434\u043b\u044f \u043f\u043b\u0430\u0432\u0430\u043d\u0438\u044f Aqua Sphere Tri Cap Black White \u043e\u0431\u0435\u0441\u043f\u0435\u0447\u0438\u0432\u0430\u0435\u0442 \u043a\u043e\u043c\u0444\u043e\u0440\u0442\u043d\u0443\u044e \u0444\u0438\u043a\u0441\u0430\u0446\u0438\u044e \u0438 \u043c\u0438\u043d\u0438\u043c\u0430\u043b\u044c\u043d\u043e\u0435 \u0441\u043e\u043f\u0440\u043e\u0442\u0438\u0432\u043b\u0435\u043d\u0438\u0435 \u0432\u043e\u0434\u0435. \u0418\u0434\u0435\u0430\u043b\u044c\u043d\u043e \u0434\u043b\u044f \u0442\u0440\u0435\u043d\u0438\u0440\u043e\u0432\u043e\u043a \u0438 \u0441\u043e\u0440\u0435\u0432\u043d\u043e\u0432\u0430\u043d\u0438\u0439.","og_url":"https:\/\/xstyle.md\/ro\/produs\/shapochka-dlya-plavaniya-aqua-sphere-tri-cap-black-white\/","og_site_name":"\u041c\u0430\u0433\u0430\u0437\u0438\u043d Xstyle","article_publisher":"https:\/\/www.facebook.com\/xstylemd","article_modified_time":"2024-10-02T22:05:10+00:00","og_image":[{"width":853,"height":794,"url":"https:\/\/xstyle.md\/wp-content\/uploads\/2023\/04\/aqua-sphere-tri-cap-black-white.jpg","type":"image\/jpeg"}],"twitter_card":"summary_large_image","twitter_misc":{"Pre\u021b":"260&nbsp;MDL","Disponibilitate":"\u00cen stoc"},"schema":{"@context":"https:\/\/schema.org","@graph":[{"@type":"WebPage","@id":"https:\/\/xstyle.md\/product\/shapochka-dlya-plavaniya-aqua-sphere-tri-cap-black-white\/","url":"https:\/\/xstyle.md\/product\/shapochka-dlya-plavaniya-aqua-sphere-tri-cap-black-white\/","name":"Casc\u0103 \u00eenot Aqua Sphere Tri Cap Black White - Magazin Xstyle","isPartOf":{"@id":"https:\/\/xstyle.md\/#website"},"primaryImageOfPage":{"@id":"https:\/\/xstyle.md\/product\/shapochka-dlya-plavaniya-aqua-sphere-tri-cap-black-white\/#primaryimage"},"image":{"@id":"https:\/\/xstyle.md\/product\/shapochka-dlya-plavaniya-aqua-sphere-tri-cap-black-white\/#primaryimage"},"thumbnailUrl":"https:\/\/xstyle.md\/wp-content\/uploads\/2023\/04\/aqua-sphere-tri-cap-black-white.jpg","datePublished":"2023-04-05T15:47:56+00:00","dateModified":"2024-10-02T22:05:10+00:00","description":"Caciula de \u00eenot Aqua Sphere Tri Cap Black White asigur\u0103 o fixare confortabil\u0103 \u0219i o rezisten\u021b\u0103 minim\u0103 \u00een ap\u0103. Ideal\u0103 pentru antrenamente \u0219i competi\u021bii.","breadcrumb":{"@id":"https:\/\/xstyle.md\/product\/shapochka-dlya-plavaniya-aqua-sphere-tri-cap-black-white\/#breadcrumb"},"inLanguage":"ro-RO","potentialAction":[{"@type":"ReadAction","target":["https:\/\/xstyle.md\/product\/shapochka-dlya-plavaniya-aqua-sphere-tri-cap-black-white\/"]}]},{"@type":"ImageObject","inLanguage":"ro-RO","@id":"https:\/\/xstyle.md\/product\/shapochka-dlya-plavaniya-aqua-sphere-tri-cap-black-white\/#primaryimage","url":"https:\/\/xstyle.md\/wp-content\/uploads\/2023\/04\/aqua-sphere-tri-cap-black-white.jpg","contentUrl":"https:\/\/xstyle.md\/wp-content\/uploads\/2023\/04\/aqua-sphere-tri-cap-black-white.jpg","width":853,"height":794,"caption":"\u0422\u0440\u0435\u0445\u0447\u0430\u0441\u0442\u043d\u0430\u044f \u0448\u0430\u043f\u043e\u0447\u043a\u0430 \u0434\u043b\u044f \u043f\u043b\u0430\u0432\u0430\u043d\u0438\u044f Aqua Sphere Tri Cap Black White \u0434\u043b\u044f \u0430\u043a\u0442\u0438\u0432\u043d\u043e\u0433\u043e \u043e\u0442\u0434\u044b\u0445\u0430 \u043f\u043b\u0430\u0432\u0430\u043d\u0438\u044f \u0438 \u0441\u043f\u043e\u0440\u0442\u0430, \u044d\u043a\u0438\u043f\u0438\u0440\u043e\u0432\u043a\u0430 \u0434\u043b\u044f \u043a\u0443\u043f\u0430\u043d\u0438\u044f, \u043e\u0431\u0443\u0432\u044c \u0438 \u043e\u0434\u0435\u0436\u0434\u0430 \u0434\u043b\u044f \u043f\u0443\u0442\u0435\u0448\u0435\u0441\u0442\u0432\u0438\u0439 \u0438 \u043f\u043e\u0445\u043e\u0434\u043e\u0432 \u0434\u043b\u044f \u043e\u043d\u043b\u0430\u0439\u043d \u043c\u0430\u0433\u0430\u0437\u0438\u043d\u0430 \u0442\u043e\u0432\u0430\u0440\u043e\u0432 \u0434\u043b\u044f \u0430\u043a\u0442\u0438\u0432\u043d\u043e\u0439 \u0436\u0438\u0437\u043d\u0438"},{"@type":"BreadcrumbList","@id":"https:\/\/xstyle.md\/product\/shapochka-dlya-plavaniya-aqua-sphere-tri-cap-black-white\/#breadcrumb","itemListElement":[{"@type":"ListItem","position":1,"name":"\u0413\u043b\u0430\u0432\u043d\u0430\u044f \u0441\u0442\u0440\u0430\u043d\u0438\u0446\u0430","item":"https:\/\/xstyle.md\/"},{"@type":"ListItem","position":2,"name":"\u041c\u0430\u0433\u0430\u0437\u0438\u043d","item":"https:\/\/xstyle.md\/shop\/"},{"@type":"ListItem","position":3,"name":"\u0428\u0430\u043f\u043e\u0447\u043a\u0430 \u0434\u043b\u044f \u043f\u043b\u0430\u0432\u0430\u043d\u0438\u044f Aqua Sphere Tri Cap Black White"}]},{"@type":"WebSite","@id":"https:\/\/xstyle.md\/#website","url":"https:\/\/xstyle.md\/","name":"Magazinul X-Style","description":"Echipamente pentru turism \u0219i sporturi extreme \u00een Moldova. Pre\u021buri, fotografii, caracteristici \u00een Moldova.","publisher":{"@id":"https:\/\/xstyle.md\/#organization"},"alternateName":"X-Style","potentialAction":[{"@type":"SearchAction","target":{"@type":"EntryPoint","urlTemplate":"https:\/\/xstyle.md\/?s={search_term_string}"},"query-input":{"@type":"PropertyValueSpecification","valueRequired":true,"valueName":"search_term_string"}}],"inLanguage":"ro-RO"},{"@type":"Organization","@id":"https:\/\/xstyle.md\/#organization","name":"Magazinul X-Style","alternateName":"x-style","url":"https:\/\/xstyle.md\/","logo":{"@type":"ImageObject","inLanguage":"ro-RO","@id":"https:\/\/xstyle.md\/#\/schema\/logo\/image\/","url":"https:\/\/xstyle.md\/wp-content\/uploads\/2020\/06\/logoicon.svg","contentUrl":"https:\/\/xstyle.md\/wp-content\/uploads\/2020\/06\/logoicon.svg","caption":"\u041c\u0430\u0433\u0430\u0437\u0438\u043d Xstyle"},"image":{"@id":"https:\/\/xstyle.md\/#\/schema\/logo\/image\/"},"sameAs":["https:\/\/www.facebook.com\/xstylemd","https:\/\/www.instagram.com\/xstyle_md\/","https:\/\/t.me\/xstyle_outdoor"],"hasMerchantReturnPolicy":{"@type":"MerchantReturnPolicy","merchantReturnLink":"https:\/\/xstyle.md\/ro\/conditions\/"}}]},"product_price_amount":"260.00","product_price_currency":"MDL","og_availability":"instock","product_availability":"instock","product_retailer_item_id":"3665771080575","product_condition":"new"},"post_mailing_queue_ids":[],"_links":{"self":[{"href":"https:\/\/xstyle.md\/ro\/wp-json\/wp\/v2\/product\/66636","targetHints":{"allow":["GET"]}}],"collection":[{"href":"https:\/\/xstyle.md\/ro\/wp-json\/wp\/v2\/product"}],"about":[{"href":"https:\/\/xstyle.md\/ro\/wp-json\/wp\/v2\/types\/product"}],"replies":[{"embeddable":true,"href":"https:\/\/xstyle.md\/ro\/wp-json\/wp\/v2\/comments?post=66636"}],"wp:featuredmedia":[{"embeddable":true,"href":"https:\/\/xstyle.md\/ro\/wp-json\/wp\/v2\/media\/72040"}],"wp:attachment":[{"href":"https:\/\/xstyle.md\/ro\/wp-json\/wp\/v2\/media?parent=66636"}],"wp:term":[{"taxonomy":"product_brand","embeddable":true,"href":"https:\/\/xstyle.md\/ro\/wp-json\/wp\/v2\/product_brand?post=66636"},{"taxonomy":"product_cat","embeddable":true,"href":"https:\/\/xstyle.md\/ro\/wp-json\/wp\/v2\/product_cat?post=66636"},{"taxonomy":"product_tag","embeddable":true,"href":"https:\/\/xstyle.md\/ro\/wp-json\/wp\/v2\/product_tag?post=66636"}],"curies":[{"name":"wp","href":"https:\/\/api.w.org\/{rel}","templated":true}]}}