{"id":6658,"date":"2020-07-16T21:55:09","date_gmt":"2020-07-16T18:55:09","guid":{"rendered":"https:\/\/xstyle.md\/product\/taburet-robens-geographic-high-red"},"modified":"2026-03-19T16:33:40","modified_gmt":"2026-03-19T13:33:40","slug":"taburet-robens-geographic-high-red","status":"publish","type":"product","link":"https:\/\/xstyle.md\/ro\/produs\/taburet-robens-geographic-high-red\/","title":{"rendered":"Scaun pliabil Robens Geographic High Red"},"content":{"rendered":"<\/p>\n<p><strong>Robens Geographic High Red<\/strong> \u2013 este un taburet u\u0219or \u0219i compact, cu un cadru triunghiular robust. Dimensiunile sale reduse \u00eel fac u\u0219or de luat cu dvs. \u00een excursiile de camping \u0219i poate fi desf\u0103\u0219urat rapid atunci c\u00e2nd este necesar. Fabricat din aluminiu robust, va rezista ani de zile. Scaunul este fabricat din Oxford 600D durabil. Husa de transport este inclus\u0103 \u00een set.<\/p>\n<h3>Particularit\u0103\u021bi<\/h3>\n<ul>\n<li>Dimensiune mic\u0103 a pachetului<\/li>\n<li>Cadru robust din aluminiu<\/li>\n<li>Hus\u0103 inclus\u0103.<\/li>\n<\/ul>\n<h3>Caracteristici<\/h3>\n<ul>\n<li>Material scaun &#8212; 600D Oxford 100% poliester<\/li>\n<li>Material cadru &#8212; aluminiu<\/li>\n<li>Dimensiuni desf\u0103\u0219urat &#8212; 33 x 32 cm<\/li>\n<li>Dimensiuni \u00eempachetate &#8212; 42 x 7 x 7 x 7 cm<\/li>\n<li>Incarcare maxim\u0103 &#8212; 120 kg<\/li>\n<li>Greutate &#8212; 340g.<\/li>\n<\/ul>\n<h3>Marca<\/h3>\n<p>Istoria m\u0103rcii Robens \u00eencepe \u00een 1973, c\u00e2nd Klaus Robens \u0219i so\u021bia sa au \u00eenfiin\u021bat compania \u00een casa lor din Wenfort, Germania. Biroul companiei se afla la subsol, iar showroom-ul pe peluza din fa\u021b\u0103. Cuno\u0219tin\u021bele vaste ale lui Robens \u00een ceea ce prive\u0219te activit\u0103\u021bile \u00een aer liber \u0219i calitatea ridicat\u0103 au dus la un succes at\u00e2t de mare \u00eenc\u00e2t, \u00een 1988, compania s-a mutat \u00eentr-o cl\u0103dire nou\u0103 \u0219i a colaborat cu designerul industrial Olaf Bracht, care \u00eemp\u0103rt\u0103\u0219ea pasiunea lui Robens.<\/p>\n<p>Marca Robens este considerat\u0103 ca fiind \u021binuta ideal\u0103 pentru viata in aer liber, pun\u00e2nd accentul pe o calitate ridicat\u0103 la pre\u021buri rezonabile. \u00cen 2000, Robens a fost achizi\u021bionat\u0103 de OASE Outdoors \u0219i a fost redenumit\u0103 \u00een 2012. Ast\u0103zi, Robens continu\u0103 s\u0103 avanseze, ajut\u00e2nd oamenii s\u0103 \u00ee\u0219i realizeze pasiunea pentru activit\u0103\u021bile \u00een aer liber.<\/p>\n<p><\/p>","protected":false},"excerpt":{"rendered":"<p>Scaun pliabil Robens Geographic High Red<\/p>","protected":false},"featured_media":6657,"comment_status":"open","ping_status":"closed","template":"","meta":{"_acf_changed":false,"inline_featured_image":false},"product_brand":[1329],"product_cat":[120],"product_tag":[],"class_list":{"0":"post-6658","1":"product","2":"type-product","3":"status-publish","4":"has-post-thumbnail","6":"product_brand-robens","7":"product_cat-sun-loungers","9":"first","10":"instock","11":"shipping-taxable","12":"purchasable","13":"product-type-simple"},"acf":[],"yoast_head":"<!-- This site is optimized with the Yoast SEO plugin v27.4 - https:\/\/yoast.com\/product\/yoast-seo-wordpress\/ -->\n<title>\u0422\u0430\u0431\u0443\u0440\u0435\u0442 Robens Geographic High Red - \u041c\u0430\u0433\u0430\u0437\u0438\u043d Xstyle<\/title>\n<meta name=\"description\" content=\"\u0422\u0430\u0431\u0443\u0440\u0435\u0442 Robens Geographic High Red - \u043b\u0435\u0433\u043a\u0438\u0439 \u0438 \u043a\u043e\u043c\u043f\u0430\u043a\u0442\u043d\u044b\u0439, \u0441 \u043f\u0440\u043e\u0447\u043d\u044b\u043c \u0442\u0440\u0435\u0443\u0433\u043e\u043b\u044c\u043d\u044b\u043c \u043a\u0430\u0440\u043a\u0430\u0441\u043e\u043c. \u0418\u0434\u0435\u0430\u043b\u0435\u043d \u0434\u043b\u044f \u043a\u0435\u043c\u043f\u0438\u043d\u0433\u0430 \u0438 \u0434\u043b\u0438\u0442\u0435\u043b\u044c\u043d\u043e\u0433\u043e \u0438\u0441\u043f\u043e\u043b\u044c\u0437\u043e\u0432\u0430\u043d\u0438\u044f \u043d\u0430 \u043f\u0440\u0438\u0440\u043e\u0434\u0435.\" \/>\n<meta name=\"robots\" content=\"index, follow, max-snippet:-1, max-image-preview:large, max-video-preview:-1\" \/>\n<link rel=\"canonical\" href=\"https:\/\/xstyle.md\/ro\/produs\/taburet-robens-geographic-high-red\/\" \/>\n<meta property=\"og:locale\" content=\"ro_RO\" \/>\n<meta property=\"og:type\" content=\"article\" \/>\n<meta property=\"og:title\" content=\"\u0422\u0430\u0431\u0443\u0440\u0435\u0442 Robens Geographic High Red - \u041c\u0430\u0433\u0430\u0437\u0438\u043d Xstyle\" \/>\n<meta property=\"og:description\" content=\"\u0422\u0430\u0431\u0443\u0440\u0435\u0442 Robens Geographic High Red - \u043b\u0435\u0433\u043a\u0438\u0439 \u0438 \u043a\u043e\u043c\u043f\u0430\u043a\u0442\u043d\u044b\u0439, \u0441 \u043f\u0440\u043e\u0447\u043d\u044b\u043c \u0442\u0440\u0435\u0443\u0433\u043e\u043b\u044c\u043d\u044b\u043c \u043a\u0430\u0440\u043a\u0430\u0441\u043e\u043c. \u0418\u0434\u0435\u0430\u043b\u0435\u043d \u0434\u043b\u044f \u043a\u0435\u043c\u043f\u0438\u043d\u0433\u0430 \u0438 \u0434\u043b\u0438\u0442\u0435\u043b\u044c\u043d\u043e\u0433\u043e \u0438\u0441\u043f\u043e\u043b\u044c\u0437\u043e\u0432\u0430\u043d\u0438\u044f \u043d\u0430 \u043f\u0440\u0438\u0440\u043e\u0434\u0435.\" \/>\n<meta property=\"og:url\" content=\"https:\/\/xstyle.md\/ro\/produs\/taburet-robens-geographic-high-red\/\" \/>\n<meta property=\"og:site_name\" content=\"\u041c\u0430\u0433\u0430\u0437\u0438\u043d Xstyle\" \/>\n<meta property=\"article:publisher\" content=\"https:\/\/www.facebook.com\/xstylemd\" \/>\n<meta property=\"article:modified_time\" content=\"2026-03-19T13:33:40+00:00\" \/>\n<meta property=\"og:image\" content=\"https:\/\/xstyle.md\/wp-content\/uploads\/2020\/07\/73-b5-d6-b5-cd-9b-e9-d9-06-73-69-ff-66-aa-a7-22.jpg\" \/>\n\t<meta property=\"og:image:width\" content=\"1280\" \/>\n\t<meta property=\"og:image:height\" content=\"720\" \/>\n\t<meta property=\"og:image:type\" content=\"image\/jpeg\" \/>\n<meta name=\"twitter:card\" content=\"summary_large_image\" \/>\n<meta name=\"twitter:label1\" content=\"Pre\u021b\" \/>\n\t<meta name=\"twitter:data1\" content=\"795&nbsp;MDL\" \/>\n\t<meta name=\"twitter:label2\" content=\"Disponibilitate\" \/>\n\t<meta name=\"twitter:data2\" content=\"\u00cen stoc\" \/>\n<script type=\"application\/ld+json\" class=\"yoast-schema-graph\">{\"@context\":\"https:\\\/\\\/schema.org\",\"@graph\":[{\"@type\":\"WebPage\",\"@id\":\"https:\\\/\\\/xstyle.md\\\/product\\\/taburet-robens-geographic-high-red\\\/\",\"url\":\"https:\\\/\\\/xstyle.md\\\/product\\\/taburet-robens-geographic-high-red\\\/\",\"name\":\"\u0422\u0430\u0431\u0443\u0440\u0435\u0442 Robens Geographic High Red - \u041c\u0430\u0433\u0430\u0437\u0438\u043d Xstyle\",\"isPartOf\":{\"@id\":\"https:\\\/\\\/xstyle.md\\\/#website\"},\"primaryImageOfPage\":{\"@id\":\"https:\\\/\\\/xstyle.md\\\/product\\\/taburet-robens-geographic-high-red\\\/#primaryimage\"},\"image\":{\"@id\":\"https:\\\/\\\/xstyle.md\\\/product\\\/taburet-robens-geographic-high-red\\\/#primaryimage\"},\"thumbnailUrl\":\"https:\\\/\\\/xstyle.md\\\/wp-content\\\/uploads\\\/2020\\\/07\\\/73-b5-d6-b5-cd-9b-e9-d9-06-73-69-ff-66-aa-a7-22.jpg\",\"datePublished\":\"2020-07-16T18:55:09+00:00\",\"dateModified\":\"2026-03-19T13:33:40+00:00\",\"description\":\"\u0422\u0430\u0431\u0443\u0440\u0435\u0442 Robens Geographic High Red - \u043b\u0435\u0433\u043a\u0438\u0439 \u0438 \u043a\u043e\u043c\u043f\u0430\u043a\u0442\u043d\u044b\u0439, \u0441 \u043f\u0440\u043e\u0447\u043d\u044b\u043c \u0442\u0440\u0435\u0443\u0433\u043e\u043b\u044c\u043d\u044b\u043c \u043a\u0430\u0440\u043a\u0430\u0441\u043e\u043c. \u0418\u0434\u0435\u0430\u043b\u0435\u043d \u0434\u043b\u044f \u043a\u0435\u043c\u043f\u0438\u043d\u0433\u0430 \u0438 \u0434\u043b\u0438\u0442\u0435\u043b\u044c\u043d\u043e\u0433\u043e \u0438\u0441\u043f\u043e\u043b\u044c\u0437\u043e\u0432\u0430\u043d\u0438\u044f \u043d\u0430 \u043f\u0440\u0438\u0440\u043e\u0434\u0435.\",\"breadcrumb\":{\"@id\":\"https:\\\/\\\/xstyle.md\\\/product\\\/taburet-robens-geographic-high-red\\\/#breadcrumb\"},\"inLanguage\":\"ro-RO\",\"potentialAction\":[{\"@type\":\"ReadAction\",\"target\":[\"https:\\\/\\\/xstyle.md\\\/product\\\/taburet-robens-geographic-high-red\\\/\"]}]},{\"@type\":\"ImageObject\",\"inLanguage\":\"ro-RO\",\"@id\":\"https:\\\/\\\/xstyle.md\\\/product\\\/taburet-robens-geographic-high-red\\\/#primaryimage\",\"url\":\"https:\\\/\\\/xstyle.md\\\/wp-content\\\/uploads\\\/2020\\\/07\\\/73-b5-d6-b5-cd-9b-e9-d9-06-73-69-ff-66-aa-a7-22.jpg\",\"contentUrl\":\"https:\\\/\\\/xstyle.md\\\/wp-content\\\/uploads\\\/2020\\\/07\\\/73-b5-d6-b5-cd-9b-e9-d9-06-73-69-ff-66-aa-a7-22.jpg\",\"width\":1280,\"height\":720},{\"@type\":\"BreadcrumbList\",\"@id\":\"https:\\\/\\\/xstyle.md\\\/product\\\/taburet-robens-geographic-high-red\\\/#breadcrumb\",\"itemListElement\":[{\"@type\":\"ListItem\",\"position\":1,\"name\":\"\u0413\u043b\u0430\u0432\u043d\u0430\u044f \u0441\u0442\u0440\u0430\u043d\u0438\u0446\u0430\",\"item\":\"https:\\\/\\\/xstyle.md\\\/\"},{\"@type\":\"ListItem\",\"position\":2,\"name\":\"\u041c\u0430\u0433\u0430\u0437\u0438\u043d\",\"item\":\"https:\\\/\\\/xstyle.md\\\/shop\\\/\"},{\"@type\":\"ListItem\",\"position\":3,\"name\":\"\u0422\u0430\u0431\u0443\u0440\u0435\u0442 Robens Geographic High Red\"}]},{\"@type\":\"WebSite\",\"@id\":\"https:\\\/\\\/xstyle.md\\\/#website\",\"url\":\"https:\\\/\\\/xstyle.md\\\/\",\"name\":\"\u041c\u0430\u0433\u0430\u0437\u0438\u043d Xstyle\",\"description\":\"C\u043d\u0430\u0440\u044f\u0436\u0435\u043d\u0438\u0435 \u0434\u043b\u044f \u0442\u0443\u0440\u0438\u0437\u043c\u0430 \u0438 \u044d\u043a\u0441\u0442\u0440\u0435\u043c\u0430\u043b\u044c\u043d\u044b\u0445 \u0432\u0438\u0434\u043e\u0432 \u0441\u043f\u043e\u0440\u0442\u0430 \u0432 \u041c\u043e\u043b\u0434\u043e\u0432\u0435.. \u0426\u0435\u043d\u044b, \u0444\u043e\u0442\u043e, \u0445\u0430\u0440\u0430\u043a\u0442\u0435\u0440\u0438\u0441\u0442\u0438\u043a\u0438 \u0432 \u041c\u043e\u043b\u0434\u043e\u0432\u0435.\",\"publisher\":{\"@id\":\"https:\\\/\\\/xstyle.md\\\/#organization\"},\"alternateName\":\"X-Style\",\"potentialAction\":[{\"@type\":\"SearchAction\",\"target\":{\"@type\":\"EntryPoint\",\"urlTemplate\":\"https:\\\/\\\/xstyle.md\\\/?s={search_term_string}\"},\"query-input\":{\"@type\":\"PropertyValueSpecification\",\"valueRequired\":true,\"valueName\":\"search_term_string\"}}],\"inLanguage\":\"ro-RO\"},{\"@type\":\"Organization\",\"@id\":\"https:\\\/\\\/xstyle.md\\\/#organization\",\"name\":\"\u041c\u0430\u0433\u0430\u0437\u0438\u043d Xstyle\",\"alternateName\":\"x-style\",\"url\":\"https:\\\/\\\/xstyle.md\\\/\",\"logo\":{\"@type\":\"ImageObject\",\"inLanguage\":\"ro-RO\",\"@id\":\"https:\\\/\\\/xstyle.md\\\/#\\\/schema\\\/logo\\\/image\\\/\",\"url\":\"https:\\\/\\\/xstyle.md\\\/wp-content\\\/uploads\\\/2020\\\/06\\\/logoicon.svg\",\"contentUrl\":\"https:\\\/\\\/xstyle.md\\\/wp-content\\\/uploads\\\/2020\\\/06\\\/logoicon.svg\",\"caption\":\"\u041c\u0430\u0433\u0430\u0437\u0438\u043d Xstyle\"},\"image\":{\"@id\":\"https:\\\/\\\/xstyle.md\\\/#\\\/schema\\\/logo\\\/image\\\/\"},\"sameAs\":[\"https:\\\/\\\/www.facebook.com\\\/xstylemd\",\"https:\\\/\\\/www.instagram.com\\\/xstyle_md\\\/\",\"https:\\\/\\\/t.me\\\/xstyle_outdoor\"],\"hasMerchantReturnPolicy\":{\"@type\":\"MerchantReturnPolicy\",\"merchantReturnLink\":\"https:\\\/\\\/xstyle.md\\\/ro\\\/conditions\\\/\"}}]}<\/script>\n<meta property=\"product:price:amount\" content=\"795.00\" \/>\n<meta property=\"product:price:currency\" content=\"MDL\" \/>\n<meta property=\"og:availability\" content=\"instock\" \/>\n<meta property=\"product:availability\" content=\"instock\" \/>\n<meta property=\"product:retailer_item_id\" content=\"5709388064288\" \/>\n<meta property=\"product:condition\" content=\"new\" \/>\n<!-- \/ Yoast SEO plugin. -->","yoast_head_json":{"title":"Scaun pliabil Robens Geographic High Red - Magazin Xstyle","description":"Taburetul Robens Geographic High Red - u\u0219or \u0219i compact, cu un cadru triangular durabil. Este ideal pentru camping \u0219i utilizare prelungit\u0103 \u00een natur\u0103.","robots":{"index":"index","follow":"follow","max-snippet":"max-snippet:-1","max-image-preview":"max-image-preview:large","max-video-preview":"max-video-preview:-1"},"canonical":"https:\/\/xstyle.md\/ro\/produs\/taburet-robens-geographic-high-red\/","og_locale":"ro_RO","og_type":"article","og_title":"\u0422\u0430\u0431\u0443\u0440\u0435\u0442 Robens Geographic High Red - \u041c\u0430\u0433\u0430\u0437\u0438\u043d Xstyle","og_description":"\u0422\u0430\u0431\u0443\u0440\u0435\u0442 Robens Geographic High Red - \u043b\u0435\u0433\u043a\u0438\u0439 \u0438 \u043a\u043e\u043c\u043f\u0430\u043a\u0442\u043d\u044b\u0439, \u0441 \u043f\u0440\u043e\u0447\u043d\u044b\u043c \u0442\u0440\u0435\u0443\u0433\u043e\u043b\u044c\u043d\u044b\u043c \u043a\u0430\u0440\u043a\u0430\u0441\u043e\u043c. \u0418\u0434\u0435\u0430\u043b\u0435\u043d \u0434\u043b\u044f \u043a\u0435\u043c\u043f\u0438\u043d\u0433\u0430 \u0438 \u0434\u043b\u0438\u0442\u0435\u043b\u044c\u043d\u043e\u0433\u043e \u0438\u0441\u043f\u043e\u043b\u044c\u0437\u043e\u0432\u0430\u043d\u0438\u044f \u043d\u0430 \u043f\u0440\u0438\u0440\u043e\u0434\u0435.","og_url":"https:\/\/xstyle.md\/ro\/produs\/taburet-robens-geographic-high-red\/","og_site_name":"\u041c\u0430\u0433\u0430\u0437\u0438\u043d Xstyle","article_publisher":"https:\/\/www.facebook.com\/xstylemd","article_modified_time":"2026-03-19T13:33:40+00:00","og_image":[{"width":1280,"height":720,"url":"https:\/\/xstyle.md\/wp-content\/uploads\/2020\/07\/73-b5-d6-b5-cd-9b-e9-d9-06-73-69-ff-66-aa-a7-22.jpg","type":"image\/jpeg"}],"twitter_card":"summary_large_image","twitter_misc":{"Pre\u021b":"795&nbsp;MDL","Disponibilitate":"\u00cen stoc"},"schema":{"@context":"https:\/\/schema.org","@graph":[{"@type":"WebPage","@id":"https:\/\/xstyle.md\/product\/taburet-robens-geographic-high-red\/","url":"https:\/\/xstyle.md\/product\/taburet-robens-geographic-high-red\/","name":"Scaun pliabil Robens Geographic High Red - Magazin Xstyle","isPartOf":{"@id":"https:\/\/xstyle.md\/#website"},"primaryImageOfPage":{"@id":"https:\/\/xstyle.md\/product\/taburet-robens-geographic-high-red\/#primaryimage"},"image":{"@id":"https:\/\/xstyle.md\/product\/taburet-robens-geographic-high-red\/#primaryimage"},"thumbnailUrl":"https:\/\/xstyle.md\/wp-content\/uploads\/2020\/07\/73-b5-d6-b5-cd-9b-e9-d9-06-73-69-ff-66-aa-a7-22.jpg","datePublished":"2020-07-16T18:55:09+00:00","dateModified":"2026-03-19T13:33:40+00:00","description":"Taburetul Robens Geographic High Red - u\u0219or \u0219i compact, cu un cadru triangular durabil. Este ideal pentru camping \u0219i utilizare prelungit\u0103 \u00een natur\u0103.","breadcrumb":{"@id":"https:\/\/xstyle.md\/product\/taburet-robens-geographic-high-red\/#breadcrumb"},"inLanguage":"ro-RO","potentialAction":[{"@type":"ReadAction","target":["https:\/\/xstyle.md\/product\/taburet-robens-geographic-high-red\/"]}]},{"@type":"ImageObject","inLanguage":"ro-RO","@id":"https:\/\/xstyle.md\/product\/taburet-robens-geographic-high-red\/#primaryimage","url":"https:\/\/xstyle.md\/wp-content\/uploads\/2020\/07\/73-b5-d6-b5-cd-9b-e9-d9-06-73-69-ff-66-aa-a7-22.jpg","contentUrl":"https:\/\/xstyle.md\/wp-content\/uploads\/2020\/07\/73-b5-d6-b5-cd-9b-e9-d9-06-73-69-ff-66-aa-a7-22.jpg","width":1280,"height":720},{"@type":"BreadcrumbList","@id":"https:\/\/xstyle.md\/product\/taburet-robens-geographic-high-red\/#breadcrumb","itemListElement":[{"@type":"ListItem","position":1,"name":"\u0413\u043b\u0430\u0432\u043d\u0430\u044f \u0441\u0442\u0440\u0430\u043d\u0438\u0446\u0430","item":"https:\/\/xstyle.md\/"},{"@type":"ListItem","position":2,"name":"\u041c\u0430\u0433\u0430\u0437\u0438\u043d","item":"https:\/\/xstyle.md\/shop\/"},{"@type":"ListItem","position":3,"name":"\u0422\u0430\u0431\u0443\u0440\u0435\u0442 Robens Geographic High Red"}]},{"@type":"WebSite","@id":"https:\/\/xstyle.md\/#website","url":"https:\/\/xstyle.md\/","name":"Magazinul X-Style","description":"Echipamente pentru turism \u0219i sporturi extreme \u00een Moldova. Pre\u021buri, fotografii, caracteristici \u00een Moldova.","publisher":{"@id":"https:\/\/xstyle.md\/#organization"},"alternateName":"X-Style","potentialAction":[{"@type":"SearchAction","target":{"@type":"EntryPoint","urlTemplate":"https:\/\/xstyle.md\/?s={search_term_string}"},"query-input":{"@type":"PropertyValueSpecification","valueRequired":true,"valueName":"search_term_string"}}],"inLanguage":"ro-RO"},{"@type":"Organization","@id":"https:\/\/xstyle.md\/#organization","name":"Magazinul X-Style","alternateName":"x-style","url":"https:\/\/xstyle.md\/","logo":{"@type":"ImageObject","inLanguage":"ro-RO","@id":"https:\/\/xstyle.md\/#\/schema\/logo\/image\/","url":"https:\/\/xstyle.md\/wp-content\/uploads\/2020\/06\/logoicon.svg","contentUrl":"https:\/\/xstyle.md\/wp-content\/uploads\/2020\/06\/logoicon.svg","caption":"\u041c\u0430\u0433\u0430\u0437\u0438\u043d Xstyle"},"image":{"@id":"https:\/\/xstyle.md\/#\/schema\/logo\/image\/"},"sameAs":["https:\/\/www.facebook.com\/xstylemd","https:\/\/www.instagram.com\/xstyle_md\/","https:\/\/t.me\/xstyle_outdoor"],"hasMerchantReturnPolicy":{"@type":"MerchantReturnPolicy","merchantReturnLink":"https:\/\/xstyle.md\/ro\/conditions\/"}}]},"product_price_amount":"795.00","product_price_currency":"MDL","og_availability":"instock","product_availability":"instock","product_retailer_item_id":"5709388064288","product_condition":"new"},"_links":{"self":[{"href":"https:\/\/xstyle.md\/ro\/wp-json\/wp\/v2\/product\/6658","targetHints":{"allow":["GET"]}}],"collection":[{"href":"https:\/\/xstyle.md\/ro\/wp-json\/wp\/v2\/product"}],"about":[{"href":"https:\/\/xstyle.md\/ro\/wp-json\/wp\/v2\/types\/product"}],"replies":[{"embeddable":true,"href":"https:\/\/xstyle.md\/ro\/wp-json\/wp\/v2\/comments?post=6658"}],"wp:featuredmedia":[{"embeddable":true,"href":"https:\/\/xstyle.md\/ro\/wp-json\/wp\/v2\/media\/6657"}],"wp:attachment":[{"href":"https:\/\/xstyle.md\/ro\/wp-json\/wp\/v2\/media?parent=6658"}],"wp:term":[{"taxonomy":"product_brand","embeddable":true,"href":"https:\/\/xstyle.md\/ro\/wp-json\/wp\/v2\/product_brand?post=6658"},{"taxonomy":"product_cat","embeddable":true,"href":"https:\/\/xstyle.md\/ro\/wp-json\/wp\/v2\/product_cat?post=6658"},{"taxonomy":"product_tag","embeddable":true,"href":"https:\/\/xstyle.md\/ro\/wp-json\/wp\/v2\/product_tag?post=6658"}],"curies":[{"name":"wp","href":"https:\/\/api.w.org\/{rel}","templated":true}]}}