{"id":66414,"date":"2023-03-30T11:55:13","date_gmt":"2023-03-30T08:55:13","guid":{"rendered":"https:\/\/xstyle.md\/?post_type=product&#038;p=66414"},"modified":"2025-10-24T12:57:27","modified_gmt":"2025-10-24T09:57:27","slug":"nozh-opinel-n12-explore-green","status":"publish","type":"product","link":"https:\/\/xstyle.md\/ro\/produs\/nozh-opinel-n12-explore-green\/","title":{"rendered":"Cu\u021bit Opinel \u211612 Explore green"},"content":{"rendered":"<\/p>\n<p><strong>Opinel \u211612 Explore <\/strong>&#8212; un instrument multifunc\u021bional care va fi util\u0103 pentru aproape orice tip de activitate \u00een aer liber. \u0218i o lam\u0103 puternic\u0103, dar maleabil\u0103 la ascu\u021bire, cu o \u00eengrijire corespunz\u0103toare v\u0103 poate servi pentru foarte mult timp. \u00cen plus, cu\u021bitul este echipat cu un fluier la cap\u0103tul m\u00e2nerului, al c\u0103rui volum maxim ajunge la 110 dB. De asemenea, l\u00e2ng\u0103 fluier exist\u0103 un dispozitiv de aprindere a focului \u0219i un c\u00e2rlig, care poate fi folosit pentru a t\u0103ia p\u00e2nz\u0103 \u0219i fr\u00e2nghie. Pe de alt\u0103 parte, acest m\u00e2ner este completat de o gaur\u0103 pentru un templu sau un carabinier.<\/p>\n<p>Materialul lamei Sandvik 12C27 este un o\u021bel cromat martensitic rezistent la coroziune, dezvoltat \u0219i fabricat de Sandvik (Suedia). Acesta combin\u0103 o bun\u0103 rezisten\u021b\u0103 la coroziune cu o duritate satisf\u0103c\u0103toare \u0219i o rezisten\u021b\u0103 la uzur\u0103 a t\u0103i\u0219ului, la un cost relativ sc\u0103zut. O\u021belul este popular printre produc\u0103torii de cu\u021bite din diferite \u021b\u0103ri.<\/p>\n<p>M\u00e2nerul este fabricat din poliamid\u0103 armat\u0103 cu fibr\u0103 de sticl\u0103. Acest material poate suporta o sarcin\u0103 destul de mare, este rezistent la c\u0103deri, la ap\u0103 \u0219i nu se teme de temperaturi extreme (de la -40 la +80 C).<\/p>\n<h3>Caracteristici<\/h3>\n<ul>\n<li>Tip cu\u021bit: pliabil<\/li>\n<li>Tip de t\u0103i\u0219: obi\u0219nuit<\/li>\n<li>Tip de blocare: Virobloc<\/li>\n<li>Lungime total\u0103: 26 cm<\/li>\n<li>Lungimea lamei: 10 cm<\/li>\n<li>Material m\u00e2ner: ABS-plastic<\/li>\n<li>Duritatea o\u021belului: 56-57 HRC<\/li>\n<li>Calitatea o\u021belului: Sandvik 12C27<\/li>\n<li>Greutate: 150 g.<\/li>\n<\/ul>\n<h3>Marca<\/h3>\n<p>Opinel este unul dintre cei mai renumi\u021bi produc\u0103tori de cu\u021bite, tac\u00e2muri \u0219i unelte de gr\u0103din\u0103. Istoria sa a \u00eenceput \u00een 1890, c\u00e2nd artizanul francez Joseph Opinel a creat primul s\u0103u cu\u021bit pliabil. Datorit\u0103 durabilit\u0103\u021bii \u0219i calit\u0103\u021bii materialelor, cum ar fi o\u021belul inoxidabil Sandvik 12C27 pentru lame \u0219i o varietate de esen\u021be de lemn pentru m\u00e2nere, cu\u021bitele Opinel au c\u00e2\u0219tigat dragostea \u0219i recunoa\u0219terea universal\u0103. \u00cen mod tradi\u021bional, cu\u021bitele Opinel sunt disponibile \u00een unsprezece dimensiuni: exist\u0103 cu\u021bite miniaturale pentru lucr\u0103ri fine, cu\u021bite pentru filetare, cu\u021bite universale \u0219i cu\u021bitul gigant num\u0103rul 13 \u0219i diverse accesorii pentru \u00eengrijirea cu\u021bitelor.<\/p>\n<p><\/p>","protected":false},"excerpt":{"rendered":"","protected":false},"featured_media":66735,"comment_status":"open","ping_status":"closed","template":"","meta":{"_acf_changed":false,"inline_featured_image":false},"product_brand":[1268],"product_cat":[169],"product_tag":[],"class_list":{"0":"post-66414","1":"product","2":"type-product","3":"status-publish","4":"has-post-thumbnail","6":"product_brand-opinel","7":"product_cat-knives","9":"first","10":"instock","11":"shipping-taxable","12":"purchasable","13":"product-type-simple"},"acf":[],"yoast_head":"<!-- This site is optimized with the Yoast SEO plugin v27.4 - https:\/\/yoast.com\/product\/yoast-seo-wordpress\/ -->\n<title>\u041d\u043e\u0436 Opinel \u211612 Explore green - \u041c\u0430\u0433\u0430\u0437\u0438\u043d Xstyle<\/title>\n<meta name=\"description\" content=\"\u041d\u043e\u0436 Opinel \u211612 Explore \u0437\u0435\u043b\u0435\u043d\u044b\u0439 \u2014 \u0438\u0434\u0435\u0430\u043b\u044c\u043d\u044b\u0439 \u043a\u043e\u043c\u043f\u0430\u043d\u044c\u043e\u043d \u0434\u043b\u044f \u0430\u043a\u0442\u0438\u0432\u043d\u043e\u0433\u043e \u043e\u0442\u0434\u044b\u0445\u0430. \u041c\u043d\u043e\u0433\u043e\u0444\u0443\u043d\u043a\u0446\u0438\u043e\u043d\u0430\u043b\u044c\u043d\u044b\u0439, \u0441 \u043f\u0440\u043e\u0447\u043d\u043e\u0439 \u043b\u0435\u0437\u0432\u0438\u0435\u043c \u0438 \u0432\u0441\u0442\u0440\u043e\u0435\u043d\u043d\u044b\u043c \u0441\u0432\u0438\u0441\u0442\u043a\u043e\u043c \u0434\u043b\u044f \u0431\u0435\u0437\u043e\u043f\u0430\u0441\u043d\u043e\u0441\u0442\u0438.\" \/>\n<meta name=\"robots\" content=\"index, follow, max-snippet:-1, max-image-preview:large, max-video-preview:-1\" \/>\n<link rel=\"canonical\" href=\"https:\/\/xstyle.md\/ro\/produs\/nozh-opinel-n12-explore-green\/\" \/>\n<meta property=\"og:locale\" content=\"ro_RO\" \/>\n<meta property=\"og:type\" content=\"article\" \/>\n<meta property=\"og:title\" content=\"\u041d\u043e\u0436 Opinel \u211612 Explore green - \u041c\u0430\u0433\u0430\u0437\u0438\u043d Xstyle\" \/>\n<meta property=\"og:description\" content=\"\u041d\u043e\u0436 Opinel \u211612 Explore \u0437\u0435\u043b\u0435\u043d\u044b\u0439 \u2014 \u0438\u0434\u0435\u0430\u043b\u044c\u043d\u044b\u0439 \u043a\u043e\u043c\u043f\u0430\u043d\u044c\u043e\u043d \u0434\u043b\u044f \u0430\u043a\u0442\u0438\u0432\u043d\u043e\u0433\u043e \u043e\u0442\u0434\u044b\u0445\u0430. \u041c\u043d\u043e\u0433\u043e\u0444\u0443\u043d\u043a\u0446\u0438\u043e\u043d\u0430\u043b\u044c\u043d\u044b\u0439, \u0441 \u043f\u0440\u043e\u0447\u043d\u043e\u0439 \u043b\u0435\u0437\u0432\u0438\u0435\u043c \u0438 \u0432\u0441\u0442\u0440\u043e\u0435\u043d\u043d\u044b\u043c \u0441\u0432\u0438\u0441\u0442\u043a\u043e\u043c \u0434\u043b\u044f \u0431\u0435\u0437\u043e\u043f\u0430\u0441\u043d\u043e\u0441\u0442\u0438.\" \/>\n<meta property=\"og:url\" content=\"https:\/\/xstyle.md\/ro\/produs\/nozh-opinel-n12-explore-green\/\" \/>\n<meta property=\"og:site_name\" content=\"\u041c\u0430\u0433\u0430\u0437\u0438\u043d Xstyle\" \/>\n<meta property=\"article:publisher\" content=\"https:\/\/www.facebook.com\/xstylemd\" \/>\n<meta property=\"article:modified_time\" content=\"2025-10-24T09:57:27+00:00\" \/>\n<meta property=\"og:image\" content=\"https:\/\/xstyle.md\/wp-content\/uploads\/2023\/03\/opinel-explore-green-tick-remover-n12-2-rotated.jpg\" \/>\n\t<meta property=\"og:image:width\" content=\"800\" \/>\n\t<meta property=\"og:image:height\" content=\"800\" \/>\n\t<meta property=\"og:image:type\" content=\"image\/jpeg\" \/>\n<meta name=\"twitter:card\" content=\"summary_large_image\" \/>\n<meta name=\"twitter:label1\" content=\"Pre\u021b\" \/>\n\t<meta name=\"twitter:data1\" content=\"960&nbsp;MDL\" \/>\n\t<meta name=\"twitter:label2\" content=\"Disponibilitate\" \/>\n\t<meta name=\"twitter:data2\" content=\"\u00cen stoc\" \/>\n<script type=\"application\/ld+json\" class=\"yoast-schema-graph\">{\"@context\":\"https:\\\/\\\/schema.org\",\"@graph\":[{\"@type\":\"WebPage\",\"@id\":\"https:\\\/\\\/xstyle.md\\\/product\\\/nozh-opinel-n12-explore-green\\\/\",\"url\":\"https:\\\/\\\/xstyle.md\\\/product\\\/nozh-opinel-n12-explore-green\\\/\",\"name\":\"\u041d\u043e\u0436 Opinel \u211612 Explore green - \u041c\u0430\u0433\u0430\u0437\u0438\u043d Xstyle\",\"isPartOf\":{\"@id\":\"https:\\\/\\\/xstyle.md\\\/#website\"},\"primaryImageOfPage\":{\"@id\":\"https:\\\/\\\/xstyle.md\\\/product\\\/nozh-opinel-n12-explore-green\\\/#primaryimage\"},\"image\":{\"@id\":\"https:\\\/\\\/xstyle.md\\\/product\\\/nozh-opinel-n12-explore-green\\\/#primaryimage\"},\"thumbnailUrl\":\"https:\\\/\\\/xstyle.md\\\/wp-content\\\/uploads\\\/2023\\\/03\\\/opinel-explore-green-tick-remover-n12-2-rotated.jpg\",\"datePublished\":\"2023-03-30T08:55:13+00:00\",\"dateModified\":\"2025-10-24T09:57:27+00:00\",\"description\":\"\u041d\u043e\u0436 Opinel \u211612 Explore \u0437\u0435\u043b\u0435\u043d\u044b\u0439 \u2014 \u0438\u0434\u0435\u0430\u043b\u044c\u043d\u044b\u0439 \u043a\u043e\u043c\u043f\u0430\u043d\u044c\u043e\u043d \u0434\u043b\u044f \u0430\u043a\u0442\u0438\u0432\u043d\u043e\u0433\u043e \u043e\u0442\u0434\u044b\u0445\u0430. \u041c\u043d\u043e\u0433\u043e\u0444\u0443\u043d\u043a\u0446\u0438\u043e\u043d\u0430\u043b\u044c\u043d\u044b\u0439, \u0441 \u043f\u0440\u043e\u0447\u043d\u043e\u0439 \u043b\u0435\u0437\u0432\u0438\u0435\u043c \u0438 \u0432\u0441\u0442\u0440\u043e\u0435\u043d\u043d\u044b\u043c \u0441\u0432\u0438\u0441\u0442\u043a\u043e\u043c \u0434\u043b\u044f \u0431\u0435\u0437\u043e\u043f\u0430\u0441\u043d\u043e\u0441\u0442\u0438.\",\"breadcrumb\":{\"@id\":\"https:\\\/\\\/xstyle.md\\\/product\\\/nozh-opinel-n12-explore-green\\\/#breadcrumb\"},\"inLanguage\":\"ro-RO\",\"potentialAction\":[{\"@type\":\"ReadAction\",\"target\":[\"https:\\\/\\\/xstyle.md\\\/product\\\/nozh-opinel-n12-explore-green\\\/\"]}]},{\"@type\":\"ImageObject\",\"inLanguage\":\"ro-RO\",\"@id\":\"https:\\\/\\\/xstyle.md\\\/product\\\/nozh-opinel-n12-explore-green\\\/#primaryimage\",\"url\":\"https:\\\/\\\/xstyle.md\\\/wp-content\\\/uploads\\\/2023\\\/03\\\/opinel-explore-green-tick-remover-n12-2-rotated.jpg\",\"contentUrl\":\"https:\\\/\\\/xstyle.md\\\/wp-content\\\/uploads\\\/2023\\\/03\\\/opinel-explore-green-tick-remover-n12-2-rotated.jpg\",\"width\":800,\"height\":800,\"caption\":\"\u041d\u043e\u0436 Opinel \u211612 Explore \u0437\u0435\u043b\u0435\u043d\u044b\u0439 \u0434\u043b\u044f \u0430\u043a\u0442\u0438\u0432\u043d\u043e\u0433\u043e \u043e\u0442\u0434\u044b\u0445\u0430 \u043f\u0443\u0442\u0435\u0448\u0435\u0441\u0442\u0432\u0438\u0439 \u0438 \u0430\u043b\u044c\u043f\u0438\u043d\u0438\u0437\u043c\u0430 \u043d\u0430 \u0441\u0430\u0439\u0442\u0435 \u043c\u0430\u0433\u0430\u0437\u0438\u043d\u0430 \u0441 \u044d\u043a\u0438\u043f\u0438\u0440\u043e\u0432\u043a\u043e\u0439 \u0434\u043b\u044f \u0442\u0443\u0440\u0438\u0437\u043c\u0430, \u0442\u0440\u0435\u043a\u0438\u043d\u0433\u0430 \u0438 \u0441\u043f\u043e\u0440\u0442\u0438\u0432\u043d\u043e\u0439 \u043e\u0434\u0435\u0436\u0434\u044b\"},{\"@type\":\"BreadcrumbList\",\"@id\":\"https:\\\/\\\/xstyle.md\\\/product\\\/nozh-opinel-n12-explore-green\\\/#breadcrumb\",\"itemListElement\":[{\"@type\":\"ListItem\",\"position\":1,\"name\":\"\u0413\u043b\u0430\u0432\u043d\u0430\u044f \u0441\u0442\u0440\u0430\u043d\u0438\u0446\u0430\",\"item\":\"https:\\\/\\\/xstyle.md\\\/\"},{\"@type\":\"ListItem\",\"position\":2,\"name\":\"\u041c\u0430\u0433\u0430\u0437\u0438\u043d\",\"item\":\"https:\\\/\\\/xstyle.md\\\/shop\\\/\"},{\"@type\":\"ListItem\",\"position\":3,\"name\":\"\u041d\u043e\u0436 Opinel \u211612 Explore green\"}]},{\"@type\":\"WebSite\",\"@id\":\"https:\\\/\\\/xstyle.md\\\/#website\",\"url\":\"https:\\\/\\\/xstyle.md\\\/\",\"name\":\"\u041c\u0430\u0433\u0430\u0437\u0438\u043d Xstyle\",\"description\":\"C\u043d\u0430\u0440\u044f\u0436\u0435\u043d\u0438\u0435 \u0434\u043b\u044f \u0442\u0443\u0440\u0438\u0437\u043c\u0430 \u0438 \u044d\u043a\u0441\u0442\u0440\u0435\u043c\u0430\u043b\u044c\u043d\u044b\u0445 \u0432\u0438\u0434\u043e\u0432 \u0441\u043f\u043e\u0440\u0442\u0430 \u0432 \u041c\u043e\u043b\u0434\u043e\u0432\u0435.. \u0426\u0435\u043d\u044b, \u0444\u043e\u0442\u043e, \u0445\u0430\u0440\u0430\u043a\u0442\u0435\u0440\u0438\u0441\u0442\u0438\u043a\u0438 \u0432 \u041c\u043e\u043b\u0434\u043e\u0432\u0435.\",\"publisher\":{\"@id\":\"https:\\\/\\\/xstyle.md\\\/#organization\"},\"alternateName\":\"X-Style\",\"potentialAction\":[{\"@type\":\"SearchAction\",\"target\":{\"@type\":\"EntryPoint\",\"urlTemplate\":\"https:\\\/\\\/xstyle.md\\\/?s={search_term_string}\"},\"query-input\":{\"@type\":\"PropertyValueSpecification\",\"valueRequired\":true,\"valueName\":\"search_term_string\"}}],\"inLanguage\":\"ro-RO\"},{\"@type\":\"Organization\",\"@id\":\"https:\\\/\\\/xstyle.md\\\/#organization\",\"name\":\"\u041c\u0430\u0433\u0430\u0437\u0438\u043d Xstyle\",\"alternateName\":\"x-style\",\"url\":\"https:\\\/\\\/xstyle.md\\\/\",\"logo\":{\"@type\":\"ImageObject\",\"inLanguage\":\"ro-RO\",\"@id\":\"https:\\\/\\\/xstyle.md\\\/#\\\/schema\\\/logo\\\/image\\\/\",\"url\":\"https:\\\/\\\/xstyle.md\\\/wp-content\\\/uploads\\\/2020\\\/06\\\/logoicon.svg\",\"contentUrl\":\"https:\\\/\\\/xstyle.md\\\/wp-content\\\/uploads\\\/2020\\\/06\\\/logoicon.svg\",\"caption\":\"\u041c\u0430\u0433\u0430\u0437\u0438\u043d Xstyle\"},\"image\":{\"@id\":\"https:\\\/\\\/xstyle.md\\\/#\\\/schema\\\/logo\\\/image\\\/\"},\"sameAs\":[\"https:\\\/\\\/www.facebook.com\\\/xstylemd\",\"https:\\\/\\\/www.instagram.com\\\/xstyle_md\\\/\",\"https:\\\/\\\/t.me\\\/xstyle_outdoor\"],\"hasMerchantReturnPolicy\":{\"@type\":\"MerchantReturnPolicy\",\"merchantReturnLink\":\"https:\\\/\\\/xstyle.md\\\/ro\\\/conditions\\\/\"}}]}<\/script>\n<meta property=\"product:price:amount\" content=\"960.00\" \/>\n<meta property=\"product:price:currency\" content=\"MDL\" \/>\n<meta property=\"og:availability\" content=\"instock\" \/>\n<meta property=\"product:availability\" content=\"instock\" \/>\n<meta property=\"product:retailer_item_id\" content=\"3123840024894\" \/>\n<meta property=\"product:condition\" content=\"new\" \/>\n<!-- \/ Yoast SEO plugin. -->","yoast_head_json":{"title":"Cu\u021bit Opinel \u211612 Explore green - Magazin Xstyle","description":"Cutitul Opinel \u211612 Explore verde \u2014 companionul ideal pentru activit\u0103\u021bi \u00een aer liber. Multifunc\u021bional, cu o lam\u0103 rezistent\u0103 \u0219i un fluier \u00eencorporat pentru siguran\u021b\u0103.","robots":{"index":"index","follow":"follow","max-snippet":"max-snippet:-1","max-image-preview":"max-image-preview:large","max-video-preview":"max-video-preview:-1"},"canonical":"https:\/\/xstyle.md\/ro\/produs\/nozh-opinel-n12-explore-green\/","og_locale":"ro_RO","og_type":"article","og_title":"\u041d\u043e\u0436 Opinel \u211612 Explore green - \u041c\u0430\u0433\u0430\u0437\u0438\u043d Xstyle","og_description":"\u041d\u043e\u0436 Opinel \u211612 Explore \u0437\u0435\u043b\u0435\u043d\u044b\u0439 \u2014 \u0438\u0434\u0435\u0430\u043b\u044c\u043d\u044b\u0439 \u043a\u043e\u043c\u043f\u0430\u043d\u044c\u043e\u043d \u0434\u043b\u044f \u0430\u043a\u0442\u0438\u0432\u043d\u043e\u0433\u043e \u043e\u0442\u0434\u044b\u0445\u0430. \u041c\u043d\u043e\u0433\u043e\u0444\u0443\u043d\u043a\u0446\u0438\u043e\u043d\u0430\u043b\u044c\u043d\u044b\u0439, \u0441 \u043f\u0440\u043e\u0447\u043d\u043e\u0439 \u043b\u0435\u0437\u0432\u0438\u0435\u043c \u0438 \u0432\u0441\u0442\u0440\u043e\u0435\u043d\u043d\u044b\u043c \u0441\u0432\u0438\u0441\u0442\u043a\u043e\u043c \u0434\u043b\u044f \u0431\u0435\u0437\u043e\u043f\u0430\u0441\u043d\u043e\u0441\u0442\u0438.","og_url":"https:\/\/xstyle.md\/ro\/produs\/nozh-opinel-n12-explore-green\/","og_site_name":"\u041c\u0430\u0433\u0430\u0437\u0438\u043d Xstyle","article_publisher":"https:\/\/www.facebook.com\/xstylemd","article_modified_time":"2025-10-24T09:57:27+00:00","og_image":[{"width":800,"height":800,"url":"https:\/\/xstyle.md\/wp-content\/uploads\/2023\/03\/opinel-explore-green-tick-remover-n12-2-rotated.jpg","type":"image\/jpeg"}],"twitter_card":"summary_large_image","twitter_misc":{"Pre\u021b":"960&nbsp;MDL","Disponibilitate":"\u00cen stoc"},"schema":{"@context":"https:\/\/schema.org","@graph":[{"@type":"WebPage","@id":"https:\/\/xstyle.md\/product\/nozh-opinel-n12-explore-green\/","url":"https:\/\/xstyle.md\/product\/nozh-opinel-n12-explore-green\/","name":"Cu\u021bit Opinel \u211612 Explore green - Magazin Xstyle","isPartOf":{"@id":"https:\/\/xstyle.md\/#website"},"primaryImageOfPage":{"@id":"https:\/\/xstyle.md\/product\/nozh-opinel-n12-explore-green\/#primaryimage"},"image":{"@id":"https:\/\/xstyle.md\/product\/nozh-opinel-n12-explore-green\/#primaryimage"},"thumbnailUrl":"https:\/\/xstyle.md\/wp-content\/uploads\/2023\/03\/opinel-explore-green-tick-remover-n12-2-rotated.jpg","datePublished":"2023-03-30T08:55:13+00:00","dateModified":"2025-10-24T09:57:27+00:00","description":"Cutitul Opinel \u211612 Explore verde \u2014 companionul ideal pentru activit\u0103\u021bi \u00een aer liber. Multifunc\u021bional, cu o lam\u0103 rezistent\u0103 \u0219i un fluier \u00eencorporat pentru siguran\u021b\u0103.","breadcrumb":{"@id":"https:\/\/xstyle.md\/product\/nozh-opinel-n12-explore-green\/#breadcrumb"},"inLanguage":"ro-RO","potentialAction":[{"@type":"ReadAction","target":["https:\/\/xstyle.md\/product\/nozh-opinel-n12-explore-green\/"]}]},{"@type":"ImageObject","inLanguage":"ro-RO","@id":"https:\/\/xstyle.md\/product\/nozh-opinel-n12-explore-green\/#primaryimage","url":"https:\/\/xstyle.md\/wp-content\/uploads\/2023\/03\/opinel-explore-green-tick-remover-n12-2-rotated.jpg","contentUrl":"https:\/\/xstyle.md\/wp-content\/uploads\/2023\/03\/opinel-explore-green-tick-remover-n12-2-rotated.jpg","width":800,"height":800,"caption":"\u041d\u043e\u0436 Opinel \u211612 Explore \u0437\u0435\u043b\u0435\u043d\u044b\u0439 \u0434\u043b\u044f \u0430\u043a\u0442\u0438\u0432\u043d\u043e\u0433\u043e \u043e\u0442\u0434\u044b\u0445\u0430 \u043f\u0443\u0442\u0435\u0448\u0435\u0441\u0442\u0432\u0438\u0439 \u0438 \u0430\u043b\u044c\u043f\u0438\u043d\u0438\u0437\u043c\u0430 \u043d\u0430 \u0441\u0430\u0439\u0442\u0435 \u043c\u0430\u0433\u0430\u0437\u0438\u043d\u0430 \u0441 \u044d\u043a\u0438\u043f\u0438\u0440\u043e\u0432\u043a\u043e\u0439 \u0434\u043b\u044f \u0442\u0443\u0440\u0438\u0437\u043c\u0430, \u0442\u0440\u0435\u043a\u0438\u043d\u0433\u0430 \u0438 \u0441\u043f\u043e\u0440\u0442\u0438\u0432\u043d\u043e\u0439 \u043e\u0434\u0435\u0436\u0434\u044b"},{"@type":"BreadcrumbList","@id":"https:\/\/xstyle.md\/product\/nozh-opinel-n12-explore-green\/#breadcrumb","itemListElement":[{"@type":"ListItem","position":1,"name":"\u0413\u043b\u0430\u0432\u043d\u0430\u044f \u0441\u0442\u0440\u0430\u043d\u0438\u0446\u0430","item":"https:\/\/xstyle.md\/"},{"@type":"ListItem","position":2,"name":"\u041c\u0430\u0433\u0430\u0437\u0438\u043d","item":"https:\/\/xstyle.md\/shop\/"},{"@type":"ListItem","position":3,"name":"\u041d\u043e\u0436 Opinel \u211612 Explore green"}]},{"@type":"WebSite","@id":"https:\/\/xstyle.md\/#website","url":"https:\/\/xstyle.md\/","name":"Magazinul X-Style","description":"Echipamente pentru turism \u0219i sporturi extreme \u00een Moldova. Pre\u021buri, fotografii, caracteristici \u00een Moldova.","publisher":{"@id":"https:\/\/xstyle.md\/#organization"},"alternateName":"X-Style","potentialAction":[{"@type":"SearchAction","target":{"@type":"EntryPoint","urlTemplate":"https:\/\/xstyle.md\/?s={search_term_string}"},"query-input":{"@type":"PropertyValueSpecification","valueRequired":true,"valueName":"search_term_string"}}],"inLanguage":"ro-RO"},{"@type":"Organization","@id":"https:\/\/xstyle.md\/#organization","name":"Magazinul X-Style","alternateName":"x-style","url":"https:\/\/xstyle.md\/","logo":{"@type":"ImageObject","inLanguage":"ro-RO","@id":"https:\/\/xstyle.md\/#\/schema\/logo\/image\/","url":"https:\/\/xstyle.md\/wp-content\/uploads\/2020\/06\/logoicon.svg","contentUrl":"https:\/\/xstyle.md\/wp-content\/uploads\/2020\/06\/logoicon.svg","caption":"\u041c\u0430\u0433\u0430\u0437\u0438\u043d Xstyle"},"image":{"@id":"https:\/\/xstyle.md\/#\/schema\/logo\/image\/"},"sameAs":["https:\/\/www.facebook.com\/xstylemd","https:\/\/www.instagram.com\/xstyle_md\/","https:\/\/t.me\/xstyle_outdoor"],"hasMerchantReturnPolicy":{"@type":"MerchantReturnPolicy","merchantReturnLink":"https:\/\/xstyle.md\/ro\/conditions\/"}}]},"product_price_amount":"960.00","product_price_currency":"MDL","og_availability":"instock","product_availability":"instock","product_retailer_item_id":"3123840024894","product_condition":"new"},"_links":{"self":[{"href":"https:\/\/xstyle.md\/ro\/wp-json\/wp\/v2\/product\/66414","targetHints":{"allow":["GET"]}}],"collection":[{"href":"https:\/\/xstyle.md\/ro\/wp-json\/wp\/v2\/product"}],"about":[{"href":"https:\/\/xstyle.md\/ro\/wp-json\/wp\/v2\/types\/product"}],"replies":[{"embeddable":true,"href":"https:\/\/xstyle.md\/ro\/wp-json\/wp\/v2\/comments?post=66414"}],"wp:featuredmedia":[{"embeddable":true,"href":"https:\/\/xstyle.md\/ro\/wp-json\/wp\/v2\/media\/66735"}],"wp:attachment":[{"href":"https:\/\/xstyle.md\/ro\/wp-json\/wp\/v2\/media?parent=66414"}],"wp:term":[{"taxonomy":"product_brand","embeddable":true,"href":"https:\/\/xstyle.md\/ro\/wp-json\/wp\/v2\/product_brand?post=66414"},{"taxonomy":"product_cat","embeddable":true,"href":"https:\/\/xstyle.md\/ro\/wp-json\/wp\/v2\/product_cat?post=66414"},{"taxonomy":"product_tag","embeddable":true,"href":"https:\/\/xstyle.md\/ro\/wp-json\/wp\/v2\/product_tag?post=66414"}],"curies":[{"name":"wp","href":"https:\/\/api.w.org\/{rel}","templated":true}]}}