{"id":66412,"date":"2023-03-30T11:55:12","date_gmt":"2023-03-30T08:55:12","guid":{"rendered":"https:\/\/xstyle.md\/?post_type=product&#038;p=66412"},"modified":"2025-10-24T12:57:15","modified_gmt":"2025-10-24T09:57:15","slug":"tochilnyj-kamen-opinel-sharpener-10-cm","status":"publish","type":"product","link":"https:\/\/xstyle.md\/ro\/produs\/tochilnyj-kamen-opinel-sharpener-10-cm\/","title":{"rendered":"Cu\u021bit + hus\u0103 Opinel Sharpener 10 cm"},"content":{"rendered":"<\/p>\n<p><strong>Opinel Sharpener 10 cm<\/strong>\u00a0 &#8212; piatr\u0103 de ascu\u021bit care utilizeaz\u0103 piatr\u0103 natural\u0103 din Lombardia (Italia), care a fost apreciat\u0103 \u00eenc\u0103 din secolul al XV-lea pentru calitatea sa excelent\u0103 de ascu\u021bire datorit\u0103 raportului perfect \u0219i optim \u00eentre cuar\u021b \u0219i roc\u0103 carbonat\u0103. Carierele din Lombardia sunt renumite ca furnizori ai unora dintre cele mai bune pietre de ascu\u021bit naturale din lume.<\/p>\n<h3>Caracteristici<\/h3>\n<ul>\n<li>Material &#8212; piatr\u0103 natural\u0103<\/li>\n<li>Dimensiuni &#8212; 10 x 2,3 x 0,5 cm<\/li>\n<li>Greutate &#8212; 36 g.<\/li>\n<\/ul>\n<h3>Marca<\/h3>\n<p>Opinel este unul dintre cei mai renumi\u021bi produc\u0103tori de cu\u021bite, tac\u00e2muri \u0219i unelte de gr\u0103din\u0103. Istoria sa a \u00eenceput \u00een 1890, c\u00e2nd artizanul francez Joseph Opinel a creat primul s\u0103u cu\u021bit pliabil. Datorit\u0103 durabilit\u0103\u021bii \u0219i calit\u0103\u021bii materialelor, cum ar fi o\u021belul inoxidabil Sandvik 12C27 pentru lame \u0219i o varietate de esen\u021be de lemn pentru m\u00e2nere, cu\u021bitele Opinel au c\u00e2\u0219tigat dragostea \u0219i recunoa\u0219terea universal\u0103. \u00cen mod tradi\u021bional, cu\u021bitele Opinel sunt disponibile \u00een unsprezece dimensiuni: exist\u0103 cu\u021bite miniaturale pentru lucr\u0103ri fine, cu\u021bite pentru filetare, cu\u021bite universale \u0219i cu\u021bitul gigant num\u0103rul 13 \u0219i diverse accesorii pentru \u00eengrijirea cu\u021bitelor.<\/p>\n<p><\/p>","protected":false},"excerpt":{"rendered":"","protected":false},"featured_media":66746,"comment_status":"open","ping_status":"closed","template":"","meta":{"_acf_changed":false,"inline_featured_image":false},"product_brand":[1268],"product_cat":[169],"product_tag":[],"class_list":{"0":"post-66412","1":"product","2":"type-product","3":"status-publish","4":"has-post-thumbnail","6":"product_brand-opinel","7":"product_cat-knives","9":"first","10":"instock","11":"shipping-taxable","12":"purchasable","13":"product-type-simple"},"acf":[],"yoast_head":"<!-- This site is optimized with the Yoast SEO plugin v27.4 - https:\/\/yoast.com\/product\/yoast-seo-wordpress\/ -->\n<title>\u0422\u043e\u0447\u0438\u043b\u044c\u043d\u044b\u0439 \u043a\u0430\u043c\u0435\u043d\u044c Opinel Sharpener 10 cm - \u041c\u0430\u0433\u0430\u0437\u0438\u043d Xstyle<\/title>\n<meta name=\"description\" content=\"\u0422\u043e\u0447\u0438\u043b\u044c\u043d\u044b\u0439 \u043a\u0430\u043c\u0435\u043d\u044c Opinel 10 \u0441\u043c \u0438\u0437 \u043d\u0430\u0442\u0443\u0440\u0430\u043b\u044c\u043d\u043e\u0433\u043e \u043a\u0430\u043c\u043d\u044f \u041b\u043e\u043c\u0431\u0430\u0440\u0434\u0438, \u0418\u0442\u0430\u043b\u0438\u044f. \u0418\u0434\u0435\u0430\u043b\u0435\u043d \u0434\u043b\u044f \u043a\u0430\u0447\u0435\u0441\u0442\u0432\u0435\u043d\u043d\u043e\u0439 \u0437\u0430\u0442\u043e\u0447\u043a\u0438. \u041e\u0442\u043b\u0438\u0447\u043d\u043e\u0435 \u0441\u043e\u043e\u0442\u043d\u043e\u0448\u0435\u043d\u0438\u0435 \u043a\u0432\u0430\u0440\u0446\u0430 \u0438 \u0438\u0437\u0432\u0435\u0441\u0442\u043d\u044f\u043a\u0430!\" \/>\n<meta name=\"robots\" content=\"index, follow, max-snippet:-1, max-image-preview:large, max-video-preview:-1\" \/>\n<link rel=\"canonical\" href=\"https:\/\/xstyle.md\/ro\/produs\/tochilnyj-kamen-opinel-sharpener-10-cm\/\" \/>\n<meta property=\"og:locale\" content=\"ro_RO\" \/>\n<meta property=\"og:type\" content=\"article\" \/>\n<meta property=\"og:title\" content=\"\u0422\u043e\u0447\u0438\u043b\u044c\u043d\u044b\u0439 \u043a\u0430\u043c\u0435\u043d\u044c Opinel Sharpener 10 cm - \u041c\u0430\u0433\u0430\u0437\u0438\u043d Xstyle\" \/>\n<meta property=\"og:description\" content=\"\u0422\u043e\u0447\u0438\u043b\u044c\u043d\u044b\u0439 \u043a\u0430\u043c\u0435\u043d\u044c Opinel 10 \u0441\u043c \u0438\u0437 \u043d\u0430\u0442\u0443\u0440\u0430\u043b\u044c\u043d\u043e\u0433\u043e \u043a\u0430\u043c\u043d\u044f \u041b\u043e\u043c\u0431\u0430\u0440\u0434\u0438, \u0418\u0442\u0430\u043b\u0438\u044f. \u0418\u0434\u0435\u0430\u043b\u0435\u043d \u0434\u043b\u044f \u043a\u0430\u0447\u0435\u0441\u0442\u0432\u0435\u043d\u043d\u043e\u0439 \u0437\u0430\u0442\u043e\u0447\u043a\u0438. \u041e\u0442\u043b\u0438\u0447\u043d\u043e\u0435 \u0441\u043e\u043e\u0442\u043d\u043e\u0448\u0435\u043d\u0438\u0435 \u043a\u0432\u0430\u0440\u0446\u0430 \u0438 \u0438\u0437\u0432\u0435\u0441\u0442\u043d\u044f\u043a\u0430!\" \/>\n<meta property=\"og:url\" content=\"https:\/\/xstyle.md\/ro\/produs\/tochilnyj-kamen-opinel-sharpener-10-cm\/\" \/>\n<meta property=\"og:site_name\" content=\"\u041c\u0430\u0433\u0430\u0437\u0438\u043d Xstyle\" \/>\n<meta property=\"article:publisher\" content=\"https:\/\/www.facebook.com\/xstylemd\" \/>\n<meta property=\"article:modified_time\" content=\"2025-10-24T09:57:15+00:00\" \/>\n<meta property=\"og:image\" content=\"https:\/\/xstyle.md\/wp-content\/uploads\/2023\/03\/opinel-sharpener-10-cm.jpg\" \/>\n\t<meta property=\"og:image:width\" content=\"600\" \/>\n\t<meta property=\"og:image:height\" content=\"600\" \/>\n\t<meta property=\"og:image:type\" content=\"image\/jpeg\" \/>\n<meta name=\"twitter:card\" content=\"summary_large_image\" \/>\n<meta name=\"twitter:label1\" content=\"Pre\u021b\" \/>\n\t<meta name=\"twitter:data1\" content=\"180&nbsp;MDL\" \/>\n\t<meta name=\"twitter:label2\" content=\"Disponibilitate\" \/>\n\t<meta name=\"twitter:data2\" content=\"\u00cen stoc\" \/>\n<script type=\"application\/ld+json\" class=\"yoast-schema-graph\">{\"@context\":\"https:\\\/\\\/schema.org\",\"@graph\":[{\"@type\":\"WebPage\",\"@id\":\"https:\\\/\\\/xstyle.md\\\/product\\\/tochilnyj-kamen-opinel-sharpener-10-cm\\\/\",\"url\":\"https:\\\/\\\/xstyle.md\\\/product\\\/tochilnyj-kamen-opinel-sharpener-10-cm\\\/\",\"name\":\"\u0422\u043e\u0447\u0438\u043b\u044c\u043d\u044b\u0439 \u043a\u0430\u043c\u0435\u043d\u044c Opinel Sharpener 10 cm - \u041c\u0430\u0433\u0430\u0437\u0438\u043d Xstyle\",\"isPartOf\":{\"@id\":\"https:\\\/\\\/xstyle.md\\\/#website\"},\"primaryImageOfPage\":{\"@id\":\"https:\\\/\\\/xstyle.md\\\/product\\\/tochilnyj-kamen-opinel-sharpener-10-cm\\\/#primaryimage\"},\"image\":{\"@id\":\"https:\\\/\\\/xstyle.md\\\/product\\\/tochilnyj-kamen-opinel-sharpener-10-cm\\\/#primaryimage\"},\"thumbnailUrl\":\"https:\\\/\\\/xstyle.md\\\/wp-content\\\/uploads\\\/2023\\\/03\\\/opinel-sharpener-10-cm.jpg\",\"datePublished\":\"2023-03-30T08:55:12+00:00\",\"dateModified\":\"2025-10-24T09:57:15+00:00\",\"description\":\"\u0422\u043e\u0447\u0438\u043b\u044c\u043d\u044b\u0439 \u043a\u0430\u043c\u0435\u043d\u044c Opinel 10 \u0441\u043c \u0438\u0437 \u043d\u0430\u0442\u0443\u0440\u0430\u043b\u044c\u043d\u043e\u0433\u043e \u043a\u0430\u043c\u043d\u044f \u041b\u043e\u043c\u0431\u0430\u0440\u0434\u0438, \u0418\u0442\u0430\u043b\u0438\u044f. \u0418\u0434\u0435\u0430\u043b\u0435\u043d \u0434\u043b\u044f \u043a\u0430\u0447\u0435\u0441\u0442\u0432\u0435\u043d\u043d\u043e\u0439 \u0437\u0430\u0442\u043e\u0447\u043a\u0438. \u041e\u0442\u043b\u0438\u0447\u043d\u043e\u0435 \u0441\u043e\u043e\u0442\u043d\u043e\u0448\u0435\u043d\u0438\u0435 \u043a\u0432\u0430\u0440\u0446\u0430 \u0438 \u0438\u0437\u0432\u0435\u0441\u0442\u043d\u044f\u043a\u0430!\",\"breadcrumb\":{\"@id\":\"https:\\\/\\\/xstyle.md\\\/product\\\/tochilnyj-kamen-opinel-sharpener-10-cm\\\/#breadcrumb\"},\"inLanguage\":\"ro-RO\",\"potentialAction\":[{\"@type\":\"ReadAction\",\"target\":[\"https:\\\/\\\/xstyle.md\\\/product\\\/tochilnyj-kamen-opinel-sharpener-10-cm\\\/\"]}]},{\"@type\":\"ImageObject\",\"inLanguage\":\"ro-RO\",\"@id\":\"https:\\\/\\\/xstyle.md\\\/product\\\/tochilnyj-kamen-opinel-sharpener-10-cm\\\/#primaryimage\",\"url\":\"https:\\\/\\\/xstyle.md\\\/wp-content\\\/uploads\\\/2023\\\/03\\\/opinel-sharpener-10-cm.jpg\",\"contentUrl\":\"https:\\\/\\\/xstyle.md\\\/wp-content\\\/uploads\\\/2023\\\/03\\\/opinel-sharpener-10-cm.jpg\",\"width\":600,\"height\":600,\"caption\":\"\u0422\u043e\u0447\u0438\u043b\u044c\u043d\u044b\u0439 \u043a\u0430\u043c\u0435\u043d\u044c Opinel 10 \u0441\u043c \u0434\u043b\u044f \u0437\u0430\u0442\u043e\u0447\u043a\u0438 \u043d\u043e\u0436\u0435\u0439, \u0430\u043a\u0442\u0438\u0432\u043d\u0430\u044f \u0436\u0438\u0437\u043d\u044c, \u043f\u043e\u0445\u043e\u0434\u044b, \u043f\u0443\u0442\u0435\u0448\u0435\u0441\u0442\u0432\u0438\u044f, \u0442\u0443\u0440\u0438\u0441\u0442\u0438\u0447\u0435\u0441\u043a\u0430\u044f \u044d\u043a\u0438\u043f\u0438\u0440\u043e\u0432\u043a\u0430, \u043e\u0431\u0443\u0432\u044c \u0438 \u043e\u0434\u0435\u0436\u0434\u0430 \u0434\u043b\u044f \u0430\u043a\u0442\u0438\u0432\u043d\u043e\u0433\u043e \u043e\u0442\u0434\u044b\u0445\u0430\"},{\"@type\":\"BreadcrumbList\",\"@id\":\"https:\\\/\\\/xstyle.md\\\/product\\\/tochilnyj-kamen-opinel-sharpener-10-cm\\\/#breadcrumb\",\"itemListElement\":[{\"@type\":\"ListItem\",\"position\":1,\"name\":\"\u0413\u043b\u0430\u0432\u043d\u0430\u044f \u0441\u0442\u0440\u0430\u043d\u0438\u0446\u0430\",\"item\":\"https:\\\/\\\/xstyle.md\\\/\"},{\"@type\":\"ListItem\",\"position\":2,\"name\":\"\u041c\u0430\u0433\u0430\u0437\u0438\u043d\",\"item\":\"https:\\\/\\\/xstyle.md\\\/shop\\\/\"},{\"@type\":\"ListItem\",\"position\":3,\"name\":\"\u0422\u043e\u0447\u0438\u043b\u044c\u043d\u044b\u0439 \u043a\u0430\u043c\u0435\u043d\u044c Opinel Sharpener 10 cm\"}]},{\"@type\":\"WebSite\",\"@id\":\"https:\\\/\\\/xstyle.md\\\/#website\",\"url\":\"https:\\\/\\\/xstyle.md\\\/\",\"name\":\"\u041c\u0430\u0433\u0430\u0437\u0438\u043d Xstyle\",\"description\":\"C\u043d\u0430\u0440\u044f\u0436\u0435\u043d\u0438\u0435 \u0434\u043b\u044f \u0442\u0443\u0440\u0438\u0437\u043c\u0430 \u0438 \u044d\u043a\u0441\u0442\u0440\u0435\u043c\u0430\u043b\u044c\u043d\u044b\u0445 \u0432\u0438\u0434\u043e\u0432 \u0441\u043f\u043e\u0440\u0442\u0430 \u0432 \u041c\u043e\u043b\u0434\u043e\u0432\u0435.. \u0426\u0435\u043d\u044b, \u0444\u043e\u0442\u043e, \u0445\u0430\u0440\u0430\u043a\u0442\u0435\u0440\u0438\u0441\u0442\u0438\u043a\u0438 \u0432 \u041c\u043e\u043b\u0434\u043e\u0432\u0435.\",\"publisher\":{\"@id\":\"https:\\\/\\\/xstyle.md\\\/#organization\"},\"alternateName\":\"X-Style\",\"potentialAction\":[{\"@type\":\"SearchAction\",\"target\":{\"@type\":\"EntryPoint\",\"urlTemplate\":\"https:\\\/\\\/xstyle.md\\\/?s={search_term_string}\"},\"query-input\":{\"@type\":\"PropertyValueSpecification\",\"valueRequired\":true,\"valueName\":\"search_term_string\"}}],\"inLanguage\":\"ro-RO\"},{\"@type\":\"Organization\",\"@id\":\"https:\\\/\\\/xstyle.md\\\/#organization\",\"name\":\"\u041c\u0430\u0433\u0430\u0437\u0438\u043d Xstyle\",\"alternateName\":\"x-style\",\"url\":\"https:\\\/\\\/xstyle.md\\\/\",\"logo\":{\"@type\":\"ImageObject\",\"inLanguage\":\"ro-RO\",\"@id\":\"https:\\\/\\\/xstyle.md\\\/#\\\/schema\\\/logo\\\/image\\\/\",\"url\":\"https:\\\/\\\/xstyle.md\\\/wp-content\\\/uploads\\\/2020\\\/06\\\/logoicon.svg\",\"contentUrl\":\"https:\\\/\\\/xstyle.md\\\/wp-content\\\/uploads\\\/2020\\\/06\\\/logoicon.svg\",\"caption\":\"\u041c\u0430\u0433\u0430\u0437\u0438\u043d Xstyle\"},\"image\":{\"@id\":\"https:\\\/\\\/xstyle.md\\\/#\\\/schema\\\/logo\\\/image\\\/\"},\"sameAs\":[\"https:\\\/\\\/www.facebook.com\\\/xstylemd\",\"https:\\\/\\\/www.instagram.com\\\/xstyle_md\\\/\",\"https:\\\/\\\/t.me\\\/xstyle_outdoor\"],\"hasMerchantReturnPolicy\":{\"@type\":\"MerchantReturnPolicy\",\"merchantReturnLink\":\"https:\\\/\\\/xstyle.md\\\/ro\\\/conditions\\\/\"}}]}<\/script>\n<meta property=\"product:price:amount\" content=\"180.00\" \/>\n<meta property=\"product:price:currency\" content=\"MDL\" \/>\n<meta property=\"og:availability\" content=\"instock\" \/>\n<meta property=\"product:availability\" content=\"instock\" \/>\n<meta property=\"product:retailer_item_id\" content=\"3123840025679\" \/>\n<meta property=\"product:condition\" content=\"new\" \/>\n<!-- \/ Yoast SEO plugin. -->","yoast_head_json":{"title":"Cu\u021bit + hus\u0103 Opinel Sharpener 10 cm - Magazin Xstyle","description":"\u0218mirghelul Opinel de 10 cm din piatr\u0103 natural\u0103 Lombardi, Italia. Ideal pentru ascu\u021birea de calitate. O propor\u021bie excelent\u0103 de cuar\u021b \u0219i calcar!","robots":{"index":"index","follow":"follow","max-snippet":"max-snippet:-1","max-image-preview":"max-image-preview:large","max-video-preview":"max-video-preview:-1"},"canonical":"https:\/\/xstyle.md\/ro\/produs\/tochilnyj-kamen-opinel-sharpener-10-cm\/","og_locale":"ro_RO","og_type":"article","og_title":"\u0422\u043e\u0447\u0438\u043b\u044c\u043d\u044b\u0439 \u043a\u0430\u043c\u0435\u043d\u044c Opinel Sharpener 10 cm - \u041c\u0430\u0433\u0430\u0437\u0438\u043d Xstyle","og_description":"\u0422\u043e\u0447\u0438\u043b\u044c\u043d\u044b\u0439 \u043a\u0430\u043c\u0435\u043d\u044c Opinel 10 \u0441\u043c \u0438\u0437 \u043d\u0430\u0442\u0443\u0440\u0430\u043b\u044c\u043d\u043e\u0433\u043e \u043a\u0430\u043c\u043d\u044f \u041b\u043e\u043c\u0431\u0430\u0440\u0434\u0438, \u0418\u0442\u0430\u043b\u0438\u044f. \u0418\u0434\u0435\u0430\u043b\u0435\u043d \u0434\u043b\u044f \u043a\u0430\u0447\u0435\u0441\u0442\u0432\u0435\u043d\u043d\u043e\u0439 \u0437\u0430\u0442\u043e\u0447\u043a\u0438. \u041e\u0442\u043b\u0438\u0447\u043d\u043e\u0435 \u0441\u043e\u043e\u0442\u043d\u043e\u0448\u0435\u043d\u0438\u0435 \u043a\u0432\u0430\u0440\u0446\u0430 \u0438 \u0438\u0437\u0432\u0435\u0441\u0442\u043d\u044f\u043a\u0430!","og_url":"https:\/\/xstyle.md\/ro\/produs\/tochilnyj-kamen-opinel-sharpener-10-cm\/","og_site_name":"\u041c\u0430\u0433\u0430\u0437\u0438\u043d Xstyle","article_publisher":"https:\/\/www.facebook.com\/xstylemd","article_modified_time":"2025-10-24T09:57:15+00:00","og_image":[{"width":600,"height":600,"url":"https:\/\/xstyle.md\/wp-content\/uploads\/2023\/03\/opinel-sharpener-10-cm.jpg","type":"image\/jpeg"}],"twitter_card":"summary_large_image","twitter_misc":{"Pre\u021b":"180&nbsp;MDL","Disponibilitate":"\u00cen stoc"},"schema":{"@context":"https:\/\/schema.org","@graph":[{"@type":"WebPage","@id":"https:\/\/xstyle.md\/product\/tochilnyj-kamen-opinel-sharpener-10-cm\/","url":"https:\/\/xstyle.md\/product\/tochilnyj-kamen-opinel-sharpener-10-cm\/","name":"Cu\u021bit + hus\u0103 Opinel Sharpener 10 cm - Magazin Xstyle","isPartOf":{"@id":"https:\/\/xstyle.md\/#website"},"primaryImageOfPage":{"@id":"https:\/\/xstyle.md\/product\/tochilnyj-kamen-opinel-sharpener-10-cm\/#primaryimage"},"image":{"@id":"https:\/\/xstyle.md\/product\/tochilnyj-kamen-opinel-sharpener-10-cm\/#primaryimage"},"thumbnailUrl":"https:\/\/xstyle.md\/wp-content\/uploads\/2023\/03\/opinel-sharpener-10-cm.jpg","datePublished":"2023-03-30T08:55:12+00:00","dateModified":"2025-10-24T09:57:15+00:00","description":"\u0218mirghelul Opinel de 10 cm din piatr\u0103 natural\u0103 Lombardi, Italia. Ideal pentru ascu\u021birea de calitate. O propor\u021bie excelent\u0103 de cuar\u021b \u0219i calcar!","breadcrumb":{"@id":"https:\/\/xstyle.md\/product\/tochilnyj-kamen-opinel-sharpener-10-cm\/#breadcrumb"},"inLanguage":"ro-RO","potentialAction":[{"@type":"ReadAction","target":["https:\/\/xstyle.md\/product\/tochilnyj-kamen-opinel-sharpener-10-cm\/"]}]},{"@type":"ImageObject","inLanguage":"ro-RO","@id":"https:\/\/xstyle.md\/product\/tochilnyj-kamen-opinel-sharpener-10-cm\/#primaryimage","url":"https:\/\/xstyle.md\/wp-content\/uploads\/2023\/03\/opinel-sharpener-10-cm.jpg","contentUrl":"https:\/\/xstyle.md\/wp-content\/uploads\/2023\/03\/opinel-sharpener-10-cm.jpg","width":600,"height":600,"caption":"\u0422\u043e\u0447\u0438\u043b\u044c\u043d\u044b\u0439 \u043a\u0430\u043c\u0435\u043d\u044c Opinel 10 \u0441\u043c \u0434\u043b\u044f \u0437\u0430\u0442\u043e\u0447\u043a\u0438 \u043d\u043e\u0436\u0435\u0439, \u0430\u043a\u0442\u0438\u0432\u043d\u0430\u044f \u0436\u0438\u0437\u043d\u044c, \u043f\u043e\u0445\u043e\u0434\u044b, \u043f\u0443\u0442\u0435\u0448\u0435\u0441\u0442\u0432\u0438\u044f, \u0442\u0443\u0440\u0438\u0441\u0442\u0438\u0447\u0435\u0441\u043a\u0430\u044f \u044d\u043a\u0438\u043f\u0438\u0440\u043e\u0432\u043a\u0430, \u043e\u0431\u0443\u0432\u044c \u0438 \u043e\u0434\u0435\u0436\u0434\u0430 \u0434\u043b\u044f \u0430\u043a\u0442\u0438\u0432\u043d\u043e\u0433\u043e \u043e\u0442\u0434\u044b\u0445\u0430"},{"@type":"BreadcrumbList","@id":"https:\/\/xstyle.md\/product\/tochilnyj-kamen-opinel-sharpener-10-cm\/#breadcrumb","itemListElement":[{"@type":"ListItem","position":1,"name":"\u0413\u043b\u0430\u0432\u043d\u0430\u044f \u0441\u0442\u0440\u0430\u043d\u0438\u0446\u0430","item":"https:\/\/xstyle.md\/"},{"@type":"ListItem","position":2,"name":"\u041c\u0430\u0433\u0430\u0437\u0438\u043d","item":"https:\/\/xstyle.md\/shop\/"},{"@type":"ListItem","position":3,"name":"\u0422\u043e\u0447\u0438\u043b\u044c\u043d\u044b\u0439 \u043a\u0430\u043c\u0435\u043d\u044c Opinel Sharpener 10 cm"}]},{"@type":"WebSite","@id":"https:\/\/xstyle.md\/#website","url":"https:\/\/xstyle.md\/","name":"Magazinul X-Style","description":"Echipamente pentru turism \u0219i sporturi extreme \u00een Moldova. Pre\u021buri, fotografii, caracteristici \u00een Moldova.","publisher":{"@id":"https:\/\/xstyle.md\/#organization"},"alternateName":"X-Style","potentialAction":[{"@type":"SearchAction","target":{"@type":"EntryPoint","urlTemplate":"https:\/\/xstyle.md\/?s={search_term_string}"},"query-input":{"@type":"PropertyValueSpecification","valueRequired":true,"valueName":"search_term_string"}}],"inLanguage":"ro-RO"},{"@type":"Organization","@id":"https:\/\/xstyle.md\/#organization","name":"Magazinul X-Style","alternateName":"x-style","url":"https:\/\/xstyle.md\/","logo":{"@type":"ImageObject","inLanguage":"ro-RO","@id":"https:\/\/xstyle.md\/#\/schema\/logo\/image\/","url":"https:\/\/xstyle.md\/wp-content\/uploads\/2020\/06\/logoicon.svg","contentUrl":"https:\/\/xstyle.md\/wp-content\/uploads\/2020\/06\/logoicon.svg","caption":"\u041c\u0430\u0433\u0430\u0437\u0438\u043d Xstyle"},"image":{"@id":"https:\/\/xstyle.md\/#\/schema\/logo\/image\/"},"sameAs":["https:\/\/www.facebook.com\/xstylemd","https:\/\/www.instagram.com\/xstyle_md\/","https:\/\/t.me\/xstyle_outdoor"],"hasMerchantReturnPolicy":{"@type":"MerchantReturnPolicy","merchantReturnLink":"https:\/\/xstyle.md\/ro\/conditions\/"}}]},"product_price_amount":"180.00","product_price_currency":"MDL","og_availability":"instock","product_availability":"instock","product_retailer_item_id":"3123840025679","product_condition":"new"},"_links":{"self":[{"href":"https:\/\/xstyle.md\/ro\/wp-json\/wp\/v2\/product\/66412","targetHints":{"allow":["GET"]}}],"collection":[{"href":"https:\/\/xstyle.md\/ro\/wp-json\/wp\/v2\/product"}],"about":[{"href":"https:\/\/xstyle.md\/ro\/wp-json\/wp\/v2\/types\/product"}],"replies":[{"embeddable":true,"href":"https:\/\/xstyle.md\/ro\/wp-json\/wp\/v2\/comments?post=66412"}],"wp:featuredmedia":[{"embeddable":true,"href":"https:\/\/xstyle.md\/ro\/wp-json\/wp\/v2\/media\/66746"}],"wp:attachment":[{"href":"https:\/\/xstyle.md\/ro\/wp-json\/wp\/v2\/media?parent=66412"}],"wp:term":[{"taxonomy":"product_brand","embeddable":true,"href":"https:\/\/xstyle.md\/ro\/wp-json\/wp\/v2\/product_brand?post=66412"},{"taxonomy":"product_cat","embeddable":true,"href":"https:\/\/xstyle.md\/ro\/wp-json\/wp\/v2\/product_cat?post=66412"},{"taxonomy":"product_tag","embeddable":true,"href":"https:\/\/xstyle.md\/ro\/wp-json\/wp\/v2\/product_tag?post=66412"}],"curies":[{"name":"wp","href":"https:\/\/api.w.org\/{rel}","templated":true}]}}