{"id":66360,"date":"2023-03-29T16:53:23","date_gmt":"2023-03-29T13:53:23","guid":{"rendered":"https:\/\/xstyle.md\/?post_type=product&#038;p=66360"},"modified":"2025-02-11T19:10:05","modified_gmt":"2025-02-11T16:10:05","slug":"suhoe-goryuchee-yate-solid-fuel-200-g","status":"publish","type":"product","link":"https:\/\/xstyle.md\/ro\/produs\/suhoe-goryuchee-yate-solid-fuel-200-g\/","title":{"rendered":"Combustibil uscat Yate Solid Fuel 200 g"},"content":{"rendered":"<\/p>\n<p><strong>Yate Solid Fuel 200 g<\/strong> &#8212; combustibil uscat sub form\u0103 de tablete solide de etanol. Este o surs\u0103 de c\u0103ldur\u0103 simpl\u0103, compact\u0103 \u0219i puternic\u0103. De obicei, se utilizeaz\u0103 pentru \u00eenc\u0103lzirea sau g\u0103titul alimentelor pe teren. De asemenea, este potrivit\u0103 pentru a aprinde focul \u00eentr-un aragaz sau \u0219emineu.<\/p>\n<h3>Caracteristici<\/h3>\n<ul>\n<li>Material &#8212; etanolul solid<\/li>\n<li>Greutate &#8212; 200 g.<\/li>\n<\/ul>\n<h3>Marca<\/h3>\n<p>YATE a fost fondat\u0103 \u00een 1991 \u0219i ini\u021bial s-a axat doar pe sport, camping \u0219i activit\u0103\u021bi \u00een aer liber. Din 1995, proceseaz\u0103 spum\u0103 de polietilen\u0103, extinz\u00e2ndu-\u0219i \u0219i \u00eembun\u0103t\u0103\u021bind treptat produsele. Datorit\u0103 noii tehnologii, produc\u021bia s-a extins nu numai \u00een domeniul sportului, ci \u0219i \u00een alte sectoare, cum ar fi produsele pentru industria auto \u0219i materialele de ambalare.<\/p>\n<p>\u00cen domeniul sportului, marca continu\u0103 s\u0103 se concentreze pe activit\u0103\u021bile \u00een aer liber \u0219i pe fitness, unde covora\u0219ele din spum\u0103 (karemats, covora\u0219e de yoga etc.) formeaz\u0103 gama principal\u0103. Din 2014, au \u00eenceput, de asemenea, s\u0103 dezvolte \u0219i s\u0103 produc\u0103 intensiv \u021binte pentru tir cu arcul, bine\u00een\u021beles, din spum\u0103 de polietilen\u0103.<\/p>\n<p><\/p>","protected":false},"excerpt":{"rendered":"","protected":false},"featured_media":66847,"comment_status":"open","ping_status":"closed","template":"","meta":{"_acf_changed":false,"inline_featured_image":false},"product_brand":[1449],"product_cat":[147],"product_tag":[],"class_list":{"0":"post-66360","1":"product","2":"type-product","3":"status-publish","4":"has-post-thumbnail","6":"product_brand-yate","7":"product_cat-gas-bottles","9":"first","10":"instock","11":"shipping-taxable","12":"purchasable","13":"product-type-simple"},"acf":[],"yoast_head":"<!-- This site is optimized with the Yoast SEO plugin v27.2 - https:\/\/yoast.com\/product\/yoast-seo-wordpress\/ -->\n<title>\u0421\u0443\u0445\u043e\u0435 \u0433\u043e\u0440\u044e\u0447\u0435\u0435 Yate Solid Fuel 200 g - \u041c\u0430\u0433\u0430\u0437\u0438\u043d Xstyle<\/title>\n<meta name=\"description\" content=\"\u0421\u0443\u0445\u043e\u0435 \u0433\u043e\u0440\u044e\u0447\u0435\u0435 Yate Solid Fuel 200 \u0433 - \u043a\u043e\u043c\u043f\u0430\u043a\u0442\u043d\u043e\u0435 \u0438 \u043c\u043e\u0449\u043d\u043e\u0435 \u0442\u043e\u043f\u043b\u0438\u0432\u043e \u043d\u0430 \u043e\u0441\u043d\u043e\u0432\u0435 \u044d\u0442\u0430\u043d\u043e\u043b\u0430 \u0434\u043b\u044f \u043b\u0435\u0433\u043a\u043e\u0433\u043e \u043f\u043e\u0434\u043e\u0433\u0440\u0435\u0432\u0430 \u0438 \u0433\u043e\u0442\u043e\u0432\u043a\u0438 \u043d\u0430 \u043f\u0440\u0438\u0440\u043e\u0434\u0435. \u0418\u0434\u0435\u0430\u043b\u044c\u043d\u043e \u0434\u043b\u044f \u0442\u0443\u0440\u0438\u0441\u0442\u043e\u0432!\" \/>\n<meta name=\"robots\" content=\"index, follow, max-snippet:-1, max-image-preview:large, max-video-preview:-1\" \/>\n<link rel=\"canonical\" href=\"https:\/\/xstyle.md\/ro\/produs\/suhoe-goryuchee-yate-solid-fuel-200-g\/\" \/>\n<meta property=\"og:locale\" content=\"ro_RO\" \/>\n<meta property=\"og:type\" content=\"article\" \/>\n<meta property=\"og:title\" content=\"\u0421\u0443\u0445\u043e\u0435 \u0433\u043e\u0440\u044e\u0447\u0435\u0435 Yate Solid Fuel 200 g - \u041c\u0430\u0433\u0430\u0437\u0438\u043d Xstyle\" \/>\n<meta property=\"og:description\" content=\"\u0421\u0443\u0445\u043e\u0435 \u0433\u043e\u0440\u044e\u0447\u0435\u0435 Yate Solid Fuel 200 \u0433 - \u043a\u043e\u043c\u043f\u0430\u043a\u0442\u043d\u043e\u0435 \u0438 \u043c\u043e\u0449\u043d\u043e\u0435 \u0442\u043e\u043f\u043b\u0438\u0432\u043e \u043d\u0430 \u043e\u0441\u043d\u043e\u0432\u0435 \u044d\u0442\u0430\u043d\u043e\u043b\u0430 \u0434\u043b\u044f \u043b\u0435\u0433\u043a\u043e\u0433\u043e \u043f\u043e\u0434\u043e\u0433\u0440\u0435\u0432\u0430 \u0438 \u0433\u043e\u0442\u043e\u0432\u043a\u0438 \u043d\u0430 \u043f\u0440\u0438\u0440\u043e\u0434\u0435. \u0418\u0434\u0435\u0430\u043b\u044c\u043d\u043e \u0434\u043b\u044f \u0442\u0443\u0440\u0438\u0441\u0442\u043e\u0432!\" \/>\n<meta property=\"og:url\" content=\"https:\/\/xstyle.md\/ro\/produs\/suhoe-goryuchee-yate-solid-fuel-200-g\/\" \/>\n<meta property=\"og:site_name\" content=\"\u041c\u0430\u0433\u0430\u0437\u0438\u043d Xstyle\" \/>\n<meta property=\"article:publisher\" content=\"https:\/\/www.facebook.com\/xstylemd\" \/>\n<meta property=\"article:modified_time\" content=\"2025-02-11T16:10:05+00:00\" \/>\n<meta property=\"og:image\" content=\"https:\/\/xstyle.md\/wp-content\/uploads\/2023\/03\/yate-solid-fuel-200-g.jpg\" \/>\n\t<meta property=\"og:image:width\" content=\"1000\" \/>\n\t<meta property=\"og:image:height\" content=\"1000\" \/>\n\t<meta property=\"og:image:type\" content=\"image\/jpeg\" \/>\n<meta name=\"twitter:card\" content=\"summary_large_image\" \/>\n<meta name=\"twitter:label1\" content=\"Pre\u021b\" \/>\n\t<meta name=\"twitter:data1\" content=\"85&nbsp;MDL\" \/>\n\t<meta name=\"twitter:label2\" content=\"Disponibilitate\" \/>\n\t<meta name=\"twitter:data2\" content=\"\u00cen stoc\" \/>\n<script type=\"application\/ld+json\" class=\"yoast-schema-graph\">{\"@context\":\"https:\/\/schema.org\",\"@graph\":[{\"@type\":\"WebPage\",\"@id\":\"https:\/\/xstyle.md\/product\/suhoe-goryuchee-yate-solid-fuel-200-g\/\",\"url\":\"https:\/\/xstyle.md\/product\/suhoe-goryuchee-yate-solid-fuel-200-g\/\",\"name\":\"\u0421\u0443\u0445\u043e\u0435 \u0433\u043e\u0440\u044e\u0447\u0435\u0435 Yate Solid Fuel 200 g - \u041c\u0430\u0433\u0430\u0437\u0438\u043d Xstyle\",\"isPartOf\":{\"@id\":\"https:\/\/xstyle.md\/#website\"},\"primaryImageOfPage\":{\"@id\":\"https:\/\/xstyle.md\/product\/suhoe-goryuchee-yate-solid-fuel-200-g\/#primaryimage\"},\"image\":{\"@id\":\"https:\/\/xstyle.md\/product\/suhoe-goryuchee-yate-solid-fuel-200-g\/#primaryimage\"},\"thumbnailUrl\":\"https:\/\/xstyle.md\/wp-content\/uploads\/2023\/03\/yate-solid-fuel-200-g.jpg\",\"datePublished\":\"2023-03-29T13:53:23+00:00\",\"dateModified\":\"2025-02-11T16:10:05+00:00\",\"description\":\"\u0421\u0443\u0445\u043e\u0435 \u0433\u043e\u0440\u044e\u0447\u0435\u0435 Yate Solid Fuel 200 \u0433 - \u043a\u043e\u043c\u043f\u0430\u043a\u0442\u043d\u043e\u0435 \u0438 \u043c\u043e\u0449\u043d\u043e\u0435 \u0442\u043e\u043f\u043b\u0438\u0432\u043e \u043d\u0430 \u043e\u0441\u043d\u043e\u0432\u0435 \u044d\u0442\u0430\u043d\u043e\u043b\u0430 \u0434\u043b\u044f \u043b\u0435\u0433\u043a\u043e\u0433\u043e \u043f\u043e\u0434\u043e\u0433\u0440\u0435\u0432\u0430 \u0438 \u0433\u043e\u0442\u043e\u0432\u043a\u0438 \u043d\u0430 \u043f\u0440\u0438\u0440\u043e\u0434\u0435. \u0418\u0434\u0435\u0430\u043b\u044c\u043d\u043e \u0434\u043b\u044f \u0442\u0443\u0440\u0438\u0441\u0442\u043e\u0432!\",\"breadcrumb\":{\"@id\":\"https:\/\/xstyle.md\/product\/suhoe-goryuchee-yate-solid-fuel-200-g\/#breadcrumb\"},\"inLanguage\":\"ro-RO\",\"potentialAction\":[{\"@type\":\"ReadAction\",\"target\":[\"https:\/\/xstyle.md\/product\/suhoe-goryuchee-yate-solid-fuel-200-g\/\"]}]},{\"@type\":\"ImageObject\",\"inLanguage\":\"ro-RO\",\"@id\":\"https:\/\/xstyle.md\/product\/suhoe-goryuchee-yate-solid-fuel-200-g\/#primaryimage\",\"url\":\"https:\/\/xstyle.md\/wp-content\/uploads\/2023\/03\/yate-solid-fuel-200-g.jpg\",\"contentUrl\":\"https:\/\/xstyle.md\/wp-content\/uploads\/2023\/03\/yate-solid-fuel-200-g.jpg\",\"width\":1000,\"height\":1000,\"caption\":\"\u0422\u043e\u043f\u043b\u0438\u0432\u043e Yate Solid Fuel 200 \u0433 \u0434\u043b\u044f \u0430\u043a\u0442\u0438\u0432\u043d\u043e\u0433\u043e \u043e\u0442\u0434\u044b\u0445\u0430 \u0438 \u043f\u0443\u0442\u0435\u0448\u0435\u0441\u0442\u0432\u0438\u0439 \u0441 \u043e\u0434\u0435\u0436\u0434\u043e\u0439 \u0438 \u043e\u0431\u0443\u0432\u044c\u044e \u0434\u043b\u044f \u0442\u0443\u0440\u0438\u0437\u043c\u0430, \u0445\u0430\u0439\u043a\u0438\u043d\u0433\u0430 \u0438 \u0430\u043b\u044c\u043f\u0438\u043d\u0438\u0437\u043c\u0430\"},{\"@type\":\"BreadcrumbList\",\"@id\":\"https:\/\/xstyle.md\/product\/suhoe-goryuchee-yate-solid-fuel-200-g\/#breadcrumb\",\"itemListElement\":[{\"@type\":\"ListItem\",\"position\":1,\"name\":\"\u0413\u043b\u0430\u0432\u043d\u0430\u044f \u0441\u0442\u0440\u0430\u043d\u0438\u0446\u0430\",\"item\":\"https:\/\/xstyle.md\/\"},{\"@type\":\"ListItem\",\"position\":2,\"name\":\"\u041c\u0430\u0433\u0430\u0437\u0438\u043d\",\"item\":\"https:\/\/xstyle.md\/shop\/\"},{\"@type\":\"ListItem\",\"position\":3,\"name\":\"\u0421\u0443\u0445\u043e\u0435 \u0433\u043e\u0440\u044e\u0447\u0435\u0435 Yate Solid Fuel 200 g\"}]},{\"@type\":\"WebSite\",\"@id\":\"https:\/\/xstyle.md\/#website\",\"url\":\"https:\/\/xstyle.md\/\",\"name\":\"\u041c\u0430\u0433\u0430\u0437\u0438\u043d Xstyle\",\"description\":\"C\u043d\u0430\u0440\u044f\u0436\u0435\u043d\u0438\u0435 \u0434\u043b\u044f \u0442\u0443\u0440\u0438\u0437\u043c\u0430 \u0438 \u044d\u043a\u0441\u0442\u0440\u0435\u043c\u0430\u043b\u044c\u043d\u044b\u0445 \u0432\u0438\u0434\u043e\u0432 \u0441\u043f\u043e\u0440\u0442\u0430 \u0432 \u041c\u043e\u043b\u0434\u043e\u0432\u0435.. \u0426\u0435\u043d\u044b, \u0444\u043e\u0442\u043e, \u0445\u0430\u0440\u0430\u043a\u0442\u0435\u0440\u0438\u0441\u0442\u0438\u043a\u0438 \u0432 \u041c\u043e\u043b\u0434\u043e\u0432\u0435.\",\"publisher\":{\"@id\":\"https:\/\/xstyle.md\/#organization\"},\"alternateName\":\"X-Style\",\"potentialAction\":[{\"@type\":\"SearchAction\",\"target\":{\"@type\":\"EntryPoint\",\"urlTemplate\":\"https:\/\/xstyle.md\/?s={search_term_string}\"},\"query-input\":{\"@type\":\"PropertyValueSpecification\",\"valueRequired\":true,\"valueName\":\"search_term_string\"}}],\"inLanguage\":\"ro-RO\"},{\"@type\":\"Organization\",\"@id\":\"https:\/\/xstyle.md\/#organization\",\"name\":\"\u041c\u0430\u0433\u0430\u0437\u0438\u043d Xstyle\",\"alternateName\":\"x-style\",\"url\":\"https:\/\/xstyle.md\/\",\"logo\":{\"@type\":\"ImageObject\",\"inLanguage\":\"ro-RO\",\"@id\":\"https:\/\/xstyle.md\/#\/schema\/logo\/image\/\",\"url\":\"https:\/\/xstyle.md\/wp-content\/uploads\/2020\/06\/logoicon.svg\",\"contentUrl\":\"https:\/\/xstyle.md\/wp-content\/uploads\/2020\/06\/logoicon.svg\",\"caption\":\"\u041c\u0430\u0433\u0430\u0437\u0438\u043d Xstyle\"},\"image\":{\"@id\":\"https:\/\/xstyle.md\/#\/schema\/logo\/image\/\"},\"sameAs\":[\"https:\/\/www.facebook.com\/xstylemd\",\"https:\/\/www.instagram.com\/xstyle_md\/\",\"https:\/\/t.me\/xstyle_outdoor\"],\"hasMerchantReturnPolicy\":{\"@type\":\"MerchantReturnPolicy\",\"merchantReturnLink\":\"https:\/\/xstyle.md\/ro\/conditions\/\"}}]}<\/script>\n<meta property=\"product:price:amount\" content=\"85.00\" \/>\n<meta property=\"product:price:currency\" content=\"MDL\" \/>\n<meta property=\"og:availability\" content=\"instock\" \/>\n<meta property=\"product:availability\" content=\"instock\" \/>\n<meta property=\"product:retailer_item_id\" content=\"8595053901814\" \/>\n<meta property=\"product:condition\" content=\"new\" \/>\n<!-- \/ Yoast SEO plugin. -->","yoast_head_json":{"title":"Combustibil uscat Yate Solid Fuel 200 g - Magazin Xstyle","description":"Combustibil solid Yate 200 g - un combustibil compact \u0219i puternic pe baz\u0103 de etanol pentru \u00eenc\u0103lzirea \u0219i g\u0103tirea u\u0219oar\u0103 \u00een natur\u0103. Perfect pentru turi\u0219ti!","robots":{"index":"index","follow":"follow","max-snippet":"max-snippet:-1","max-image-preview":"max-image-preview:large","max-video-preview":"max-video-preview:-1"},"canonical":"https:\/\/xstyle.md\/ro\/produs\/suhoe-goryuchee-yate-solid-fuel-200-g\/","og_locale":"ro_RO","og_type":"article","og_title":"\u0421\u0443\u0445\u043e\u0435 \u0433\u043e\u0440\u044e\u0447\u0435\u0435 Yate Solid Fuel 200 g - \u041c\u0430\u0433\u0430\u0437\u0438\u043d Xstyle","og_description":"\u0421\u0443\u0445\u043e\u0435 \u0433\u043e\u0440\u044e\u0447\u0435\u0435 Yate Solid Fuel 200 \u0433 - \u043a\u043e\u043c\u043f\u0430\u043a\u0442\u043d\u043e\u0435 \u0438 \u043c\u043e\u0449\u043d\u043e\u0435 \u0442\u043e\u043f\u043b\u0438\u0432\u043e \u043d\u0430 \u043e\u0441\u043d\u043e\u0432\u0435 \u044d\u0442\u0430\u043d\u043e\u043b\u0430 \u0434\u043b\u044f \u043b\u0435\u0433\u043a\u043e\u0433\u043e \u043f\u043e\u0434\u043e\u0433\u0440\u0435\u0432\u0430 \u0438 \u0433\u043e\u0442\u043e\u0432\u043a\u0438 \u043d\u0430 \u043f\u0440\u0438\u0440\u043e\u0434\u0435. \u0418\u0434\u0435\u0430\u043b\u044c\u043d\u043e \u0434\u043b\u044f \u0442\u0443\u0440\u0438\u0441\u0442\u043e\u0432!","og_url":"https:\/\/xstyle.md\/ro\/produs\/suhoe-goryuchee-yate-solid-fuel-200-g\/","og_site_name":"\u041c\u0430\u0433\u0430\u0437\u0438\u043d Xstyle","article_publisher":"https:\/\/www.facebook.com\/xstylemd","article_modified_time":"2025-02-11T16:10:05+00:00","og_image":[{"width":1000,"height":1000,"url":"https:\/\/xstyle.md\/wp-content\/uploads\/2023\/03\/yate-solid-fuel-200-g.jpg","type":"image\/jpeg"}],"twitter_card":"summary_large_image","twitter_misc":{"Pre\u021b":"85&nbsp;MDL","Disponibilitate":"\u00cen stoc"},"schema":{"@context":"https:\/\/schema.org","@graph":[{"@type":"WebPage","@id":"https:\/\/xstyle.md\/product\/suhoe-goryuchee-yate-solid-fuel-200-g\/","url":"https:\/\/xstyle.md\/product\/suhoe-goryuchee-yate-solid-fuel-200-g\/","name":"Combustibil uscat Yate Solid Fuel 200 g - Magazin Xstyle","isPartOf":{"@id":"https:\/\/xstyle.md\/#website"},"primaryImageOfPage":{"@id":"https:\/\/xstyle.md\/product\/suhoe-goryuchee-yate-solid-fuel-200-g\/#primaryimage"},"image":{"@id":"https:\/\/xstyle.md\/product\/suhoe-goryuchee-yate-solid-fuel-200-g\/#primaryimage"},"thumbnailUrl":"https:\/\/xstyle.md\/wp-content\/uploads\/2023\/03\/yate-solid-fuel-200-g.jpg","datePublished":"2023-03-29T13:53:23+00:00","dateModified":"2025-02-11T16:10:05+00:00","description":"Combustibil solid Yate 200 g - un combustibil compact \u0219i puternic pe baz\u0103 de etanol pentru \u00eenc\u0103lzirea \u0219i g\u0103tirea u\u0219oar\u0103 \u00een natur\u0103. Perfect pentru turi\u0219ti!","breadcrumb":{"@id":"https:\/\/xstyle.md\/product\/suhoe-goryuchee-yate-solid-fuel-200-g\/#breadcrumb"},"inLanguage":"ro-RO","potentialAction":[{"@type":"ReadAction","target":["https:\/\/xstyle.md\/product\/suhoe-goryuchee-yate-solid-fuel-200-g\/"]}]},{"@type":"ImageObject","inLanguage":"ro-RO","@id":"https:\/\/xstyle.md\/product\/suhoe-goryuchee-yate-solid-fuel-200-g\/#primaryimage","url":"https:\/\/xstyle.md\/wp-content\/uploads\/2023\/03\/yate-solid-fuel-200-g.jpg","contentUrl":"https:\/\/xstyle.md\/wp-content\/uploads\/2023\/03\/yate-solid-fuel-200-g.jpg","width":1000,"height":1000,"caption":"\u0422\u043e\u043f\u043b\u0438\u0432\u043e Yate Solid Fuel 200 \u0433 \u0434\u043b\u044f \u0430\u043a\u0442\u0438\u0432\u043d\u043e\u0433\u043e \u043e\u0442\u0434\u044b\u0445\u0430 \u0438 \u043f\u0443\u0442\u0435\u0448\u0435\u0441\u0442\u0432\u0438\u0439 \u0441 \u043e\u0434\u0435\u0436\u0434\u043e\u0439 \u0438 \u043e\u0431\u0443\u0432\u044c\u044e \u0434\u043b\u044f \u0442\u0443\u0440\u0438\u0437\u043c\u0430, \u0445\u0430\u0439\u043a\u0438\u043d\u0433\u0430 \u0438 \u0430\u043b\u044c\u043f\u0438\u043d\u0438\u0437\u043c\u0430"},{"@type":"BreadcrumbList","@id":"https:\/\/xstyle.md\/product\/suhoe-goryuchee-yate-solid-fuel-200-g\/#breadcrumb","itemListElement":[{"@type":"ListItem","position":1,"name":"\u0413\u043b\u0430\u0432\u043d\u0430\u044f \u0441\u0442\u0440\u0430\u043d\u0438\u0446\u0430","item":"https:\/\/xstyle.md\/"},{"@type":"ListItem","position":2,"name":"\u041c\u0430\u0433\u0430\u0437\u0438\u043d","item":"https:\/\/xstyle.md\/shop\/"},{"@type":"ListItem","position":3,"name":"\u0421\u0443\u0445\u043e\u0435 \u0433\u043e\u0440\u044e\u0447\u0435\u0435 Yate Solid Fuel 200 g"}]},{"@type":"WebSite","@id":"https:\/\/xstyle.md\/#website","url":"https:\/\/xstyle.md\/","name":"Magazinul X-Style","description":"Echipamente pentru turism \u0219i sporturi extreme \u00een Moldova. Pre\u021buri, fotografii, caracteristici \u00een Moldova.","publisher":{"@id":"https:\/\/xstyle.md\/#organization"},"alternateName":"X-Style","potentialAction":[{"@type":"SearchAction","target":{"@type":"EntryPoint","urlTemplate":"https:\/\/xstyle.md\/?s={search_term_string}"},"query-input":{"@type":"PropertyValueSpecification","valueRequired":true,"valueName":"search_term_string"}}],"inLanguage":"ro-RO"},{"@type":"Organization","@id":"https:\/\/xstyle.md\/#organization","name":"Magazinul X-Style","alternateName":"x-style","url":"https:\/\/xstyle.md\/","logo":{"@type":"ImageObject","inLanguage":"ro-RO","@id":"https:\/\/xstyle.md\/#\/schema\/logo\/image\/","url":"https:\/\/xstyle.md\/wp-content\/uploads\/2020\/06\/logoicon.svg","contentUrl":"https:\/\/xstyle.md\/wp-content\/uploads\/2020\/06\/logoicon.svg","caption":"\u041c\u0430\u0433\u0430\u0437\u0438\u043d Xstyle"},"image":{"@id":"https:\/\/xstyle.md\/#\/schema\/logo\/image\/"},"sameAs":["https:\/\/www.facebook.com\/xstylemd","https:\/\/www.instagram.com\/xstyle_md\/","https:\/\/t.me\/xstyle_outdoor"],"hasMerchantReturnPolicy":{"@type":"MerchantReturnPolicy","merchantReturnLink":"https:\/\/xstyle.md\/ro\/conditions\/"}}]},"product_price_amount":"85.00","product_price_currency":"MDL","og_availability":"instock","product_availability":"instock","product_retailer_item_id":"8595053901814","product_condition":"new"},"post_mailing_queue_ids":[],"_links":{"self":[{"href":"https:\/\/xstyle.md\/ro\/wp-json\/wp\/v2\/product\/66360","targetHints":{"allow":["GET"]}}],"collection":[{"href":"https:\/\/xstyle.md\/ro\/wp-json\/wp\/v2\/product"}],"about":[{"href":"https:\/\/xstyle.md\/ro\/wp-json\/wp\/v2\/types\/product"}],"replies":[{"embeddable":true,"href":"https:\/\/xstyle.md\/ro\/wp-json\/wp\/v2\/comments?post=66360"}],"wp:featuredmedia":[{"embeddable":true,"href":"https:\/\/xstyle.md\/ro\/wp-json\/wp\/v2\/media\/66847"}],"wp:attachment":[{"href":"https:\/\/xstyle.md\/ro\/wp-json\/wp\/v2\/media?parent=66360"}],"wp:term":[{"taxonomy":"product_brand","embeddable":true,"href":"https:\/\/xstyle.md\/ro\/wp-json\/wp\/v2\/product_brand?post=66360"},{"taxonomy":"product_cat","embeddable":true,"href":"https:\/\/xstyle.md\/ro\/wp-json\/wp\/v2\/product_cat?post=66360"},{"taxonomy":"product_tag","embeddable":true,"href":"https:\/\/xstyle.md\/ro\/wp-json\/wp\/v2\/product_tag?post=66360"}],"curies":[{"name":"wp","href":"https:\/\/api.w.org\/{rel}","templated":true}]}}