{"id":66353,"date":"2023-03-29T16:53:22","date_gmt":"2023-03-29T13:53:22","guid":{"rendered":"https:\/\/xstyle.md\/?post_type=product&#038;p=66353"},"modified":"2024-10-21T09:45:56","modified_gmt":"2024-10-21T06:45:56","slug":"fonar-goal-zero-lighthouse-600","status":"publish","type":"product","link":"https:\/\/xstyle.md\/ro\/produs\/fonar-goal-zero-lighthouse-600\/","title":{"rendered":"Lantern\u0103 Goal Zero Lighthouse 600"},"content":{"rendered":"<\/p>\n<p><strong>Goal Zero Lighthouse 600<\/strong> &#8212; o versiune actualizat\u0103 a popularei lanterne din seria LightHouse.<\/p>\n<p>LightHouse 600 ofer\u0103 p\u00e2n\u0103 la 600 de lumeni de lumin\u0103, iar lumina este reglabil\u0103 at\u00e2t \u00een ceea ce prive\u0219te puterea, c\u00e2t \u0219i unghiul de dispersie.<\/p>\n<p>Lanterna este ideal\u0103 pentru utilizarea \u00een camping sau \u00een tab\u0103ra de baz\u0103, sau ca surs\u0103 de rezerv\u0103 de lumin\u0103 \u0219i energie \u00een caz de pan\u0103 de curent.<\/p>\n<p>LightHouse 600 are o baterie de litiu de 5200mAh \u00eencorporat\u0103 \u0219i un port USB, ceea ce o face convenabil\u0103 pentru \u00eenc\u0103rcarea gadgeturilor mici.<\/p>\n<h3>Particularit\u0103\u021bi<\/h3>\n<ul>\n<li>Iluminare puternic\u0103 oriunde. Lanterna LightHouse 600 are un dinam \u00eencorporat pentru a \u00eenc\u0103rca bateria \u00een absen\u021ba oric\u0103rei surse externe de alimentare.<\/li>\n<li>\u00cenc\u0103rcarea dispozitivelor externe. \u00cenc\u0103rca\u021bi dispozitive USB mici, cum ar fi telefoane sau l\u0103mpi frontale, direct de la bateria \u00eencorporat\u0103 \u00een modul autonom.<\/li>\n<li>Suporturi pliabile. Suporturile pliabile permit ridicarea lanternei pentru a ilumina o zon\u0103 mai mare. Atunci c\u00e2nd sunt pliate, suporturile nu dep\u0103\u0219esc dimensiunile lanternei, astfel \u00eenc\u00e2t aceasta ocup\u0103 un spa\u021biu minim \u00een timpul transportului.<\/li>\n<li>Unghi de iluminare reglabil. Lanterna LightHouse 600 poate ilumina 360\u00b0 \u00een jurul unui spa\u021biu, cu op\u021biunea de a reduce unghiul la 180\u00b0 pentru a economisi energie.<\/li>\n<\/ul>\n<h3>Modalit\u0103\u021bi de \u00eenc\u0103rcare a lanternei LightHouse 600:<\/h3>\n<ul>\n<li>De la soare. lanterna poate fi \u00eenc\u0103rcat\u0103 de la panouri solare, cum ar fi Goal Zero Nomad 10. Timpul de \u00eenc\u0103rcare de la panoul solar Nomad 10 este de aproximativ 6 ore*.<\/li>\n<li>Prin portul USB. Lanterna LightHouse 600 este echipat\u0103 cu un port USB, care poate fi utilizat pentru a o \u00eenc\u0103rca \u00eenainte de c\u0103l\u0103torie \u00een aproximativ 6 ore. Cablul de \u00eenc\u0103rcare este \u00eencorporat, astfel \u00eenc\u00e2t acesta va fi \u00eentotdeauna la \u00eendem\u00e2n\u0103.<\/li>\n<li>Cu ajutorul unui dynamo. LightHouse 600 este echipat cu un dinam integrat, al c\u0103rui m\u00e2ner este situat \u00een partea superioar\u0103 a carcasei \u0219i poate fi pliat atunci c\u00e2nd este necesar. Un minut de rotire a manivelei ofer\u0103 aproximativ 10 minute de func\u021bionare a luminii.<\/li>\n<\/ul>\n<h3>Porturi<\/h3>\n<ul>\n<li>Port USB (ie\u0219ire): 5V, p\u00e2n\u0103 la 1,5A (max. 7,5W), reglabil<\/li>\n<li>Port USB (intrare): 5V, p\u00e2n\u0103 la 1A (max. 5W)<\/li>\n<\/ul>\n<h3>Timp de \u00eenc\u0103rcare<\/h3>\n<ul>\n<li>Nomad 10: 6 ore<\/li>\n<li>Surs\u0103 USB: 6 ore<\/li>\n<\/ul>\n<h3>Timp de func\u021bionare<\/h3>\n<ul>\n<li>Iluminare pe o singur\u0103 fa\u021b\u0103 (putere redus\u0103): 320 ore<\/li>\n<li>Iluminare pe o singur\u0103 parte (putere mare): 5 ore<\/li>\n<li>2 fe\u021be (putere redus\u0103): 180 de ore<\/li>\n<li>2 fe\u021be (putere mare): 2,5 ore<\/li>\n<li>Dinamo: 1 W (pornire la 120 rpm)<\/li>\n<li>1 minut de pornire = 10 minute de lumin\u0103 la putere redus\u0103<\/li>\n<\/ul>\n<h3>Caracteristici<\/h3>\n<ul>\n<li>Tip: Li-ion NMC<\/li>\n<li>Capacitate: 5200 mAh<\/li>\n<li>Tensiune de ie\u0219ire: 3.6 V<\/li>\n<li>Putere: 18.7Wh<\/li>\n<li>LED: 600 lm, 3500K lumin\u0103 alb\u0103 cald\u0103<\/li>\n<li>\u00cen conformitate cu standardele: CE<\/li>\n<li>Dimensiuni: 11.4 x 12.7 x 16.5cm<\/li>\n<li>Greutate: 498g<\/li>\n<\/ul>\n<h3>Marca<\/h3>\n<p>Goal Zero este un brand american care produce surse de energie pentru c\u0103l\u0103torii autonome. Acum, lipsa civiliza\u021biei nu v\u0103 va \u00eempiedica s\u0103 v\u0103 folosi\u021bi gadgeturile obi\u0219nuite &#8212; le pute\u021bi \u00eenc\u0103rca cu ajutorul luminii solare. \u00cenc\u0103rc\u0103toarele portabile Goal Zero pot fi \u00eenc\u0103rcate at\u00e2t de la re\u021bea, c\u00e2t \u0219i de la panouri solare. Sursele de energie u\u0219oare \u0219i compacte sunt potrivite pentru turi\u0219ti \u0219i pentru oricine este interesat de greutatea redus\u0103, \u00een timp ce modelele puternice sunt capabile s\u0103 furnizeze energie pentru o tab\u0103r\u0103 de baz\u0103 sau pentru camping, de exemplu, pentru a \u00eenc\u0103rca un frigider portabil, un televizor sau mai multe laptopuri.<\/p>\n<p><\/p>","protected":false},"excerpt":{"rendered":"","protected":false},"featured_media":66870,"comment_status":"open","ping_status":"closed","template":"","meta":{"_acf_changed":false,"inline_featured_image":false},"product_brand":[1459],"product_cat":[329],"product_tag":[],"class_list":{"0":"post-66353","1":"product","2":"type-product","3":"status-publish","4":"has-post-thumbnail","6":"product_brand-goal-zero","7":"product_cat-camping-lights","9":"first","10":"instock","11":"shipping-taxable","12":"purchasable","13":"product-type-simple"},"acf":[],"yoast_head":"<!-- This site is optimized with the Yoast SEO plugin v27.4 - https:\/\/yoast.com\/product\/yoast-seo-wordpress\/ -->\n<title>\u0424\u043e\u043d\u0430\u0440\u044c Goal Zero Lighthouse 600 - \u041c\u0430\u0433\u0430\u0437\u0438\u043d Xstyle<\/title>\n<meta name=\"description\" content=\"\u0424\u043e\u043d\u0430\u0440\u044c Goal Zero Lighthouse 600: \u043c\u043e\u0449\u043d\u043e\u0435 \u043e\u0441\u0432\u0435\u0449\u0435\u043d\u0438\u0435 \u0441 USB-\u043f\u043e\u0440\u0442\u043e\u043c, \u0438\u0434\u0435\u0430\u043b\u0435\u043d \u0434\u043b\u044f \u043a\u0435\u043c\u043f\u0438\u043d\u0433\u0430 \u0438 \u0430\u043a\u0442\u0438\u0432\u043d\u043e\u0433\u043e \u043e\u0442\u0434\u044b\u0445\u0430. \u0414\u043e\u043b\u0433\u043e\u0432\u0435\u0447\u043d\u0430\u044f \u0431\u0430\u0442\u0430\u0440\u0435\u044f, \u043a\u043e\u043c\u043f\u0430\u043a\u0442\u043d\u044b\u0439 \u0434\u0438\u0437\u0430\u0439\u043d.\" \/>\n<meta name=\"robots\" content=\"index, follow, max-snippet:-1, max-image-preview:large, max-video-preview:-1\" \/>\n<link rel=\"canonical\" href=\"https:\/\/xstyle.md\/ro\/produs\/fonar-goal-zero-lighthouse-600\/\" \/>\n<meta property=\"og:locale\" content=\"ro_RO\" \/>\n<meta property=\"og:type\" content=\"article\" \/>\n<meta property=\"og:title\" content=\"\u0424\u043e\u043d\u0430\u0440\u044c Goal Zero Lighthouse 600 - \u041c\u0430\u0433\u0430\u0437\u0438\u043d Xstyle\" \/>\n<meta property=\"og:description\" content=\"\u0424\u043e\u043d\u0430\u0440\u044c Goal Zero Lighthouse 600: \u043c\u043e\u0449\u043d\u043e\u0435 \u043e\u0441\u0432\u0435\u0449\u0435\u043d\u0438\u0435 \u0441 USB-\u043f\u043e\u0440\u0442\u043e\u043c, \u0438\u0434\u0435\u0430\u043b\u0435\u043d \u0434\u043b\u044f \u043a\u0435\u043c\u043f\u0438\u043d\u0433\u0430 \u0438 \u0430\u043a\u0442\u0438\u0432\u043d\u043e\u0433\u043e \u043e\u0442\u0434\u044b\u0445\u0430. \u0414\u043e\u043b\u0433\u043e\u0432\u0435\u0447\u043d\u0430\u044f \u0431\u0430\u0442\u0430\u0440\u0435\u044f, \u043a\u043e\u043c\u043f\u0430\u043a\u0442\u043d\u044b\u0439 \u0434\u0438\u0437\u0430\u0439\u043d.\" \/>\n<meta property=\"og:url\" content=\"https:\/\/xstyle.md\/ro\/produs\/fonar-goal-zero-lighthouse-600\/\" \/>\n<meta property=\"og:site_name\" content=\"\u041c\u0430\u0433\u0430\u0437\u0438\u043d Xstyle\" \/>\n<meta property=\"article:publisher\" content=\"https:\/\/www.facebook.com\/xstylemd\" \/>\n<meta property=\"article:modified_time\" content=\"2024-10-21T06:45:56+00:00\" \/>\n<meta property=\"og:image\" content=\"https:\/\/xstyle.md\/wp-content\/uploads\/2023\/03\/goal-zero-lighthouse-600.jpg\" \/>\n\t<meta property=\"og:image:width\" content=\"1081\" \/>\n\t<meta property=\"og:image:height\" content=\"1021\" \/>\n\t<meta property=\"og:image:type\" content=\"image\/jpeg\" \/>\n<meta name=\"twitter:card\" content=\"summary_large_image\" \/>\n<meta name=\"twitter:label1\" content=\"Pre\u021b\" \/>\n\t<meta name=\"twitter:data1\" content=\"2.100&nbsp;MDL\" \/>\n\t<meta name=\"twitter:label2\" content=\"Disponibilitate\" \/>\n\t<meta name=\"twitter:data2\" content=\"\u00cen stoc\" \/>\n<script type=\"application\/ld+json\" class=\"yoast-schema-graph\">{\"@context\":\"https:\\\/\\\/schema.org\",\"@graph\":[{\"@type\":\"WebPage\",\"@id\":\"https:\\\/\\\/xstyle.md\\\/product\\\/fonar-goal-zero-lighthouse-600\\\/\",\"url\":\"https:\\\/\\\/xstyle.md\\\/product\\\/fonar-goal-zero-lighthouse-600\\\/\",\"name\":\"\u0424\u043e\u043d\u0430\u0440\u044c Goal Zero Lighthouse 600 - \u041c\u0430\u0433\u0430\u0437\u0438\u043d Xstyle\",\"isPartOf\":{\"@id\":\"https:\\\/\\\/xstyle.md\\\/#website\"},\"primaryImageOfPage\":{\"@id\":\"https:\\\/\\\/xstyle.md\\\/product\\\/fonar-goal-zero-lighthouse-600\\\/#primaryimage\"},\"image\":{\"@id\":\"https:\\\/\\\/xstyle.md\\\/product\\\/fonar-goal-zero-lighthouse-600\\\/#primaryimage\"},\"thumbnailUrl\":\"https:\\\/\\\/xstyle.md\\\/wp-content\\\/uploads\\\/2023\\\/03\\\/goal-zero-lighthouse-600.jpg\",\"datePublished\":\"2023-03-29T13:53:22+00:00\",\"dateModified\":\"2024-10-21T06:45:56+00:00\",\"description\":\"\u0424\u043e\u043d\u0430\u0440\u044c Goal Zero Lighthouse 600: \u043c\u043e\u0449\u043d\u043e\u0435 \u043e\u0441\u0432\u0435\u0449\u0435\u043d\u0438\u0435 \u0441 USB-\u043f\u043e\u0440\u0442\u043e\u043c, \u0438\u0434\u0435\u0430\u043b\u0435\u043d \u0434\u043b\u044f \u043a\u0435\u043c\u043f\u0438\u043d\u0433\u0430 \u0438 \u0430\u043a\u0442\u0438\u0432\u043d\u043e\u0433\u043e \u043e\u0442\u0434\u044b\u0445\u0430. \u0414\u043e\u043b\u0433\u043e\u0432\u0435\u0447\u043d\u0430\u044f \u0431\u0430\u0442\u0430\u0440\u0435\u044f, \u043a\u043e\u043c\u043f\u0430\u043a\u0442\u043d\u044b\u0439 \u0434\u0438\u0437\u0430\u0439\u043d.\",\"breadcrumb\":{\"@id\":\"https:\\\/\\\/xstyle.md\\\/product\\\/fonar-goal-zero-lighthouse-600\\\/#breadcrumb\"},\"inLanguage\":\"ro-RO\",\"potentialAction\":[{\"@type\":\"ReadAction\",\"target\":[\"https:\\\/\\\/xstyle.md\\\/product\\\/fonar-goal-zero-lighthouse-600\\\/\"]}]},{\"@type\":\"ImageObject\",\"inLanguage\":\"ro-RO\",\"@id\":\"https:\\\/\\\/xstyle.md\\\/product\\\/fonar-goal-zero-lighthouse-600\\\/#primaryimage\",\"url\":\"https:\\\/\\\/xstyle.md\\\/wp-content\\\/uploads\\\/2023\\\/03\\\/goal-zero-lighthouse-600.jpg\",\"contentUrl\":\"https:\\\/\\\/xstyle.md\\\/wp-content\\\/uploads\\\/2023\\\/03\\\/goal-zero-lighthouse-600.jpg\",\"width\":1081,\"height\":1021,\"caption\":\"\u041f\u043e\u0440\u0442\u0430\u0442\u0438\u0432\u043d\u044b\u0439 \u0444\u043e\u043d\u0430\u0440\u044c Goal Zero Lighthouse 600 \u0434\u043b\u044f \u0430\u043a\u0442\u0438\u0432\u043d\u043e\u0433\u043e \u043e\u0442\u0434\u044b\u0445\u0430 \u043f\u043e\u0445\u043e\u0434\u043e\u0432 \u0438 \u043f\u0443\u0442\u0435\u0448\u0435\u0441\u0442\u0432\u0438\u0439 \u043e\u0431\u0443\u0432\u044c \u043e\u0434\u0435\u0436\u0434\u0430 \u0438 \u0441\u043d\u0430\u0440\u044f\u0436\u0435\u043d\u0438\u0435 \u0434\u043b\u044f \u0441\u043a\u0430\u043b\u043e\u043b\u0430\u0437\u0430\u043d\u0438\u044f, \u0445\u0430\u0439\u043a\u0438\u043d\u0433\u0430 \u0438 \u0430\u043b\u044c\u043f\u0438\u043d\u0438\u0437\u043c\u0430\"},{\"@type\":\"BreadcrumbList\",\"@id\":\"https:\\\/\\\/xstyle.md\\\/product\\\/fonar-goal-zero-lighthouse-600\\\/#breadcrumb\",\"itemListElement\":[{\"@type\":\"ListItem\",\"position\":1,\"name\":\"\u0413\u043b\u0430\u0432\u043d\u0430\u044f \u0441\u0442\u0440\u0430\u043d\u0438\u0446\u0430\",\"item\":\"https:\\\/\\\/xstyle.md\\\/\"},{\"@type\":\"ListItem\",\"position\":2,\"name\":\"\u041c\u0430\u0433\u0430\u0437\u0438\u043d\",\"item\":\"https:\\\/\\\/xstyle.md\\\/shop\\\/\"},{\"@type\":\"ListItem\",\"position\":3,\"name\":\"\u0424\u043e\u043d\u0430\u0440\u044c Goal Zero Lighthouse 600\"}]},{\"@type\":\"WebSite\",\"@id\":\"https:\\\/\\\/xstyle.md\\\/#website\",\"url\":\"https:\\\/\\\/xstyle.md\\\/\",\"name\":\"\u041c\u0430\u0433\u0430\u0437\u0438\u043d Xstyle\",\"description\":\"C\u043d\u0430\u0440\u044f\u0436\u0435\u043d\u0438\u0435 \u0434\u043b\u044f \u0442\u0443\u0440\u0438\u0437\u043c\u0430 \u0438 \u044d\u043a\u0441\u0442\u0440\u0435\u043c\u0430\u043b\u044c\u043d\u044b\u0445 \u0432\u0438\u0434\u043e\u0432 \u0441\u043f\u043e\u0440\u0442\u0430 \u0432 \u041c\u043e\u043b\u0434\u043e\u0432\u0435.. \u0426\u0435\u043d\u044b, \u0444\u043e\u0442\u043e, \u0445\u0430\u0440\u0430\u043a\u0442\u0435\u0440\u0438\u0441\u0442\u0438\u043a\u0438 \u0432 \u041c\u043e\u043b\u0434\u043e\u0432\u0435.\",\"publisher\":{\"@id\":\"https:\\\/\\\/xstyle.md\\\/#organization\"},\"alternateName\":\"X-Style\",\"potentialAction\":[{\"@type\":\"SearchAction\",\"target\":{\"@type\":\"EntryPoint\",\"urlTemplate\":\"https:\\\/\\\/xstyle.md\\\/?s={search_term_string}\"},\"query-input\":{\"@type\":\"PropertyValueSpecification\",\"valueRequired\":true,\"valueName\":\"search_term_string\"}}],\"inLanguage\":\"ro-RO\"},{\"@type\":\"Organization\",\"@id\":\"https:\\\/\\\/xstyle.md\\\/#organization\",\"name\":\"\u041c\u0430\u0433\u0430\u0437\u0438\u043d Xstyle\",\"alternateName\":\"x-style\",\"url\":\"https:\\\/\\\/xstyle.md\\\/\",\"logo\":{\"@type\":\"ImageObject\",\"inLanguage\":\"ro-RO\",\"@id\":\"https:\\\/\\\/xstyle.md\\\/#\\\/schema\\\/logo\\\/image\\\/\",\"url\":\"https:\\\/\\\/xstyle.md\\\/wp-content\\\/uploads\\\/2020\\\/06\\\/logoicon.svg\",\"contentUrl\":\"https:\\\/\\\/xstyle.md\\\/wp-content\\\/uploads\\\/2020\\\/06\\\/logoicon.svg\",\"caption\":\"\u041c\u0430\u0433\u0430\u0437\u0438\u043d Xstyle\"},\"image\":{\"@id\":\"https:\\\/\\\/xstyle.md\\\/#\\\/schema\\\/logo\\\/image\\\/\"},\"sameAs\":[\"https:\\\/\\\/www.facebook.com\\\/xstylemd\",\"https:\\\/\\\/www.instagram.com\\\/xstyle_md\\\/\",\"https:\\\/\\\/t.me\\\/xstyle_outdoor\"],\"hasMerchantReturnPolicy\":{\"@type\":\"MerchantReturnPolicy\",\"merchantReturnLink\":\"https:\\\/\\\/xstyle.md\\\/ro\\\/conditions\\\/\"}}]}<\/script>\n<meta property=\"product:price:amount\" content=\"2100.00\" \/>\n<meta property=\"product:price:currency\" content=\"MDL\" \/>\n<meta property=\"og:availability\" content=\"instock\" \/>\n<meta property=\"product:availability\" content=\"instock\" \/>\n<meta property=\"product:retailer_item_id\" content=\"2000999768781\" \/>\n<meta property=\"product:condition\" content=\"new\" \/>\n<!-- \/ Yoast SEO plugin. -->","yoast_head_json":{"title":"Lanterna Goal Zero Lighthouse 600 - Magazin Xstyle","description":"Lanterna Goal Zero Lighthouse 600: iluminare puternic\u0103 cu port USB, ideal\u0103 pentru camping \u0219i activit\u0103\u021bi \u00een aer liber. Baterie durabil\u0103, design compact.","robots":{"index":"index","follow":"follow","max-snippet":"max-snippet:-1","max-image-preview":"max-image-preview:large","max-video-preview":"max-video-preview:-1"},"canonical":"https:\/\/xstyle.md\/ro\/produs\/fonar-goal-zero-lighthouse-600\/","og_locale":"ro_RO","og_type":"article","og_title":"\u0424\u043e\u043d\u0430\u0440\u044c Goal Zero Lighthouse 600 - \u041c\u0430\u0433\u0430\u0437\u0438\u043d Xstyle","og_description":"\u0424\u043e\u043d\u0430\u0440\u044c Goal Zero Lighthouse 600: \u043c\u043e\u0449\u043d\u043e\u0435 \u043e\u0441\u0432\u0435\u0449\u0435\u043d\u0438\u0435 \u0441 USB-\u043f\u043e\u0440\u0442\u043e\u043c, \u0438\u0434\u0435\u0430\u043b\u0435\u043d \u0434\u043b\u044f \u043a\u0435\u043c\u043f\u0438\u043d\u0433\u0430 \u0438 \u0430\u043a\u0442\u0438\u0432\u043d\u043e\u0433\u043e \u043e\u0442\u0434\u044b\u0445\u0430. \u0414\u043e\u043b\u0433\u043e\u0432\u0435\u0447\u043d\u0430\u044f \u0431\u0430\u0442\u0430\u0440\u0435\u044f, \u043a\u043e\u043c\u043f\u0430\u043a\u0442\u043d\u044b\u0439 \u0434\u0438\u0437\u0430\u0439\u043d.","og_url":"https:\/\/xstyle.md\/ro\/produs\/fonar-goal-zero-lighthouse-600\/","og_site_name":"\u041c\u0430\u0433\u0430\u0437\u0438\u043d Xstyle","article_publisher":"https:\/\/www.facebook.com\/xstylemd","article_modified_time":"2024-10-21T06:45:56+00:00","og_image":[{"width":1081,"height":1021,"url":"https:\/\/xstyle.md\/wp-content\/uploads\/2023\/03\/goal-zero-lighthouse-600.jpg","type":"image\/jpeg"}],"twitter_card":"summary_large_image","twitter_misc":{"Pre\u021b":"2.100&nbsp;MDL","Disponibilitate":"\u00cen stoc"},"schema":{"@context":"https:\/\/schema.org","@graph":[{"@type":"WebPage","@id":"https:\/\/xstyle.md\/product\/fonar-goal-zero-lighthouse-600\/","url":"https:\/\/xstyle.md\/product\/fonar-goal-zero-lighthouse-600\/","name":"Lanterna Goal Zero Lighthouse 600 - Magazin Xstyle","isPartOf":{"@id":"https:\/\/xstyle.md\/#website"},"primaryImageOfPage":{"@id":"https:\/\/xstyle.md\/product\/fonar-goal-zero-lighthouse-600\/#primaryimage"},"image":{"@id":"https:\/\/xstyle.md\/product\/fonar-goal-zero-lighthouse-600\/#primaryimage"},"thumbnailUrl":"https:\/\/xstyle.md\/wp-content\/uploads\/2023\/03\/goal-zero-lighthouse-600.jpg","datePublished":"2023-03-29T13:53:22+00:00","dateModified":"2024-10-21T06:45:56+00:00","description":"Lanterna Goal Zero Lighthouse 600: iluminare puternic\u0103 cu port USB, ideal\u0103 pentru camping \u0219i activit\u0103\u021bi \u00een aer liber. Baterie durabil\u0103, design compact.","breadcrumb":{"@id":"https:\/\/xstyle.md\/product\/fonar-goal-zero-lighthouse-600\/#breadcrumb"},"inLanguage":"ro-RO","potentialAction":[{"@type":"ReadAction","target":["https:\/\/xstyle.md\/product\/fonar-goal-zero-lighthouse-600\/"]}]},{"@type":"ImageObject","inLanguage":"ro-RO","@id":"https:\/\/xstyle.md\/product\/fonar-goal-zero-lighthouse-600\/#primaryimage","url":"https:\/\/xstyle.md\/wp-content\/uploads\/2023\/03\/goal-zero-lighthouse-600.jpg","contentUrl":"https:\/\/xstyle.md\/wp-content\/uploads\/2023\/03\/goal-zero-lighthouse-600.jpg","width":1081,"height":1021,"caption":"\u041f\u043e\u0440\u0442\u0430\u0442\u0438\u0432\u043d\u044b\u0439 \u0444\u043e\u043d\u0430\u0440\u044c Goal Zero Lighthouse 600 \u0434\u043b\u044f \u0430\u043a\u0442\u0438\u0432\u043d\u043e\u0433\u043e \u043e\u0442\u0434\u044b\u0445\u0430 \u043f\u043e\u0445\u043e\u0434\u043e\u0432 \u0438 \u043f\u0443\u0442\u0435\u0448\u0435\u0441\u0442\u0432\u0438\u0439 \u043e\u0431\u0443\u0432\u044c \u043e\u0434\u0435\u0436\u0434\u0430 \u0438 \u0441\u043d\u0430\u0440\u044f\u0436\u0435\u043d\u0438\u0435 \u0434\u043b\u044f \u0441\u043a\u0430\u043b\u043e\u043b\u0430\u0437\u0430\u043d\u0438\u044f, \u0445\u0430\u0439\u043a\u0438\u043d\u0433\u0430 \u0438 \u0430\u043b\u044c\u043f\u0438\u043d\u0438\u0437\u043c\u0430"},{"@type":"BreadcrumbList","@id":"https:\/\/xstyle.md\/product\/fonar-goal-zero-lighthouse-600\/#breadcrumb","itemListElement":[{"@type":"ListItem","position":1,"name":"\u0413\u043b\u0430\u0432\u043d\u0430\u044f \u0441\u0442\u0440\u0430\u043d\u0438\u0446\u0430","item":"https:\/\/xstyle.md\/"},{"@type":"ListItem","position":2,"name":"\u041c\u0430\u0433\u0430\u0437\u0438\u043d","item":"https:\/\/xstyle.md\/shop\/"},{"@type":"ListItem","position":3,"name":"\u0424\u043e\u043d\u0430\u0440\u044c Goal Zero Lighthouse 600"}]},{"@type":"WebSite","@id":"https:\/\/xstyle.md\/#website","url":"https:\/\/xstyle.md\/","name":"Magazinul X-Style","description":"Echipamente pentru turism \u0219i sporturi extreme \u00een Moldova. Pre\u021buri, fotografii, caracteristici \u00een Moldova.","publisher":{"@id":"https:\/\/xstyle.md\/#organization"},"alternateName":"X-Style","potentialAction":[{"@type":"SearchAction","target":{"@type":"EntryPoint","urlTemplate":"https:\/\/xstyle.md\/?s={search_term_string}"},"query-input":{"@type":"PropertyValueSpecification","valueRequired":true,"valueName":"search_term_string"}}],"inLanguage":"ro-RO"},{"@type":"Organization","@id":"https:\/\/xstyle.md\/#organization","name":"Magazinul X-Style","alternateName":"x-style","url":"https:\/\/xstyle.md\/","logo":{"@type":"ImageObject","inLanguage":"ro-RO","@id":"https:\/\/xstyle.md\/#\/schema\/logo\/image\/","url":"https:\/\/xstyle.md\/wp-content\/uploads\/2020\/06\/logoicon.svg","contentUrl":"https:\/\/xstyle.md\/wp-content\/uploads\/2020\/06\/logoicon.svg","caption":"\u041c\u0430\u0433\u0430\u0437\u0438\u043d Xstyle"},"image":{"@id":"https:\/\/xstyle.md\/#\/schema\/logo\/image\/"},"sameAs":["https:\/\/www.facebook.com\/xstylemd","https:\/\/www.instagram.com\/xstyle_md\/","https:\/\/t.me\/xstyle_outdoor"],"hasMerchantReturnPolicy":{"@type":"MerchantReturnPolicy","merchantReturnLink":"https:\/\/xstyle.md\/ro\/conditions\/"}}]},"product_price_amount":"2100.00","product_price_currency":"MDL","og_availability":"instock","product_availability":"instock","product_retailer_item_id":"2000999768781","product_condition":"new"},"_links":{"self":[{"href":"https:\/\/xstyle.md\/ro\/wp-json\/wp\/v2\/product\/66353","targetHints":{"allow":["GET"]}}],"collection":[{"href":"https:\/\/xstyle.md\/ro\/wp-json\/wp\/v2\/product"}],"about":[{"href":"https:\/\/xstyle.md\/ro\/wp-json\/wp\/v2\/types\/product"}],"replies":[{"embeddable":true,"href":"https:\/\/xstyle.md\/ro\/wp-json\/wp\/v2\/comments?post=66353"}],"wp:featuredmedia":[{"embeddable":true,"href":"https:\/\/xstyle.md\/ro\/wp-json\/wp\/v2\/media\/66870"}],"wp:attachment":[{"href":"https:\/\/xstyle.md\/ro\/wp-json\/wp\/v2\/media?parent=66353"}],"wp:term":[{"taxonomy":"product_brand","embeddable":true,"href":"https:\/\/xstyle.md\/ro\/wp-json\/wp\/v2\/product_brand?post=66353"},{"taxonomy":"product_cat","embeddable":true,"href":"https:\/\/xstyle.md\/ro\/wp-json\/wp\/v2\/product_cat?post=66353"},{"taxonomy":"product_tag","embeddable":true,"href":"https:\/\/xstyle.md\/ro\/wp-json\/wp\/v2\/product_tag?post=66353"}],"curies":[{"name":"wp","href":"https:\/\/api.w.org\/{rel}","templated":true}]}}