{"id":66352,"date":"2023-03-29T16:53:22","date_gmt":"2023-03-29T13:53:22","guid":{"rendered":"https:\/\/xstyle.md\/?post_type=product&#038;p=66352"},"modified":"2024-10-21T09:45:55","modified_gmt":"2024-10-21T06:45:55","slug":"fonar-goal-zero-crush-chroma-light","status":"publish","type":"product","link":"https:\/\/xstyle.md\/ro\/produs\/fonar-goal-zero-crush-chroma-light\/","title":{"rendered":"Lantern\u0103 Goal Zero Crush Chroma Light"},"content":{"rendered":"<\/p>\n<p><strong>Goal Zero Crush Chroma Light<\/strong> &#8212; lamp\u0103 de camping cu lantern\u0103 pliabil\u0103, echipat\u0103 cu o baterie re\u00eenc\u0103rcabil\u0103 \u0219i un panou solar. Putere de iluminare de p\u00e2n\u0103 la 60 de lumeni. 4 moduri de func\u021bionare pentru lumin\u0103 alb\u0103, 7 moduri pentru lumin\u0103 colorat\u0103. Folosit\u0103 ca surs\u0103 de iluminat personal auxiliar \u00een timpul activit\u0103\u021bilor de recreere sau de lucru \u00een natur\u0103. De asemenea, poate fi folosit\u0103 ca lumin\u0103 de urgen\u021b\u0103 pentru cas\u0103 sau caban\u0103 de var\u0103.<\/p>\n<h3>Particularit\u0103\u021bi<\/h3>\n<ul>\n<li>4 moduri de func\u021bionare pentru o lumin\u0103 alb\u0103 moale: trei moduri diferite de putere \u0219i un mod intermitent<\/li>\n<li>7 moduri de func\u021bionare pentru diferite lumini colorate: 6 moduri monocolore (verde, cyan, albastru, magenta, ro\u0219u, portocaliu) \u0219i un mod multicolor (toate culorile alterneaz\u0103)<\/li>\n<li>Durata de func\u021bionare pentru modurile de lumin\u0103 colorat\u0103 depinde de fiecare culoare \u00een parte<\/li>\n<li>Un singur buton de control pentru a porni, opri \u0219i schimba modul de func\u021bionare<\/li>\n<li>Bateria l\u0103mpii poate fi \u00eenc\u0103rcat\u0103 prin intermediul panoului solar \u00eencorporat sau prin cablu USB<\/li>\n<li>Indicator de stare de \u00eenc\u0103rcare a bateriei (pentru \u00eenc\u0103rcare prin USB)<\/li>\n<li>Plafonul flexibil \u0219i pliabil poate fi modelat \u00eentr-o varietate de forme<\/li>\n<li>Cu soclul complet pliat, lampa are o grosime de numai 15 mm \u0219i poate str\u0103luci \u00een continuare.<\/li>\n<li>M\u00e2ner pliabil pentru a transporta sau ag\u0103\u021ba lampa<\/li>\n<li>2 inele \u00een partea de jos a l\u0103mpii, de care aceasta poate fi suspendat\u0103 convenabil pentru re\u00eenc\u0103rcarea prin intermediul propriului panou solar.<\/li>\n<\/ul>\n<h3>Moduri de lucru<\/h3>\n<ul>\n<li>Luminozitate ridicat\u0103: flux luminos: 60 lm; timp de func\u021bionare: 3 ore<\/li>\n<li>Luminozitate medie: flux luminos: 25 lm; timp de func\u021bionare: 6 ore<\/li>\n<li>Luminozitate sc\u0103zut\u0103: flux luminos: 6 lm; timp de func\u021bionare: 35 de ore<\/li>\n<li>Flicker: timp de func\u021bionare: 3,5 ore.<\/li>\n<\/ul>\n<h3>Timp de \u00eenc\u0103rcare<\/h3>\n<ul>\n<li>Timp de \u00eenc\u0103rcare (surs\u0103 de alimentare cu port USB): 2,5 ore<\/li>\n<li>Timp de \u00eenc\u0103rcare (panou solar Nomad 7): 2,5 ore<\/li>\n<li>Timp de \u00eenc\u0103rcare (panou solar \u00eencorporat): 20 de ore.<\/li>\n<\/ul>\n<h3>Caracteristici<\/h3>\n<ul>\n<li>Putere de iluminare: 60 lumeni<\/li>\n<li>Sursa de alimentare: Li-ion NMC \/ 1,85Wh (3,7V, 500mAh)<\/li>\n<li>Tip LED: LED<\/li>\n<li>Dimensiuni: 125 x 125 x 100 mm<\/li>\n<li>Dimensiuni ambalate: 125 x 125 x 15 mm<\/li>\n<li>Greutate: 91g.<\/li>\n<\/ul>\n<h3>Panou solar integrat<\/h3>\n<ul>\n<li>Putere nominal\u0103: ~0,12 W<\/li>\n<li>Tip de celule fotovoltaice: monocristalin\u0103.<\/li>\n<\/ul>\n<h3>Marca<\/h3>\n<p>Goal Zero este un brand american care produce surse de energie pentru c\u0103l\u0103torii autonome. Acum, lipsa civiliza\u021biei nu v\u0103 va \u00eempiedica s\u0103 v\u0103 folosi\u021bi gadgeturile obi\u0219nuite &#8212; le pute\u021bi \u00eenc\u0103rca cu ajutorul luminii solare. \u00cenc\u0103rc\u0103toarele portabile Goal Zero pot fi \u00eenc\u0103rcate at\u00e2t de la re\u021beaua electric\u0103, c\u00e2t \u0219i de la panourile solare. Sursele de energie u\u0219oare \u0219i compacte sunt potrivite pentru turi\u0219ti \u0219i pentru oricine este interesat de greutate redus\u0103, \u00een timp ce modelele puternice sunt capabile s\u0103 furnizeze energie pentru o tab\u0103r\u0103 de baz\u0103 sau camping, de exemplu, pentru a \u00eenc\u0103rca un frigider portabil, un televizor sau mai multe laptopuri.<\/p>\n<p><\/p>","protected":false},"excerpt":{"rendered":"","protected":false},"featured_media":66868,"comment_status":"open","ping_status":"closed","template":"","meta":{"_acf_changed":false,"inline_featured_image":false},"product_brand":[1459],"product_cat":[329],"product_tag":[],"class_list":{"0":"post-66352","1":"product","2":"type-product","3":"status-publish","4":"has-post-thumbnail","6":"product_brand-goal-zero","7":"product_cat-camping-lights","9":"first","10":"instock","11":"shipping-taxable","12":"purchasable","13":"product-type-simple"},"acf":[],"yoast_head":"<!-- This site is optimized with the Yoast SEO plugin v27.4 - https:\/\/yoast.com\/product\/yoast-seo-wordpress\/ -->\n<title>\u0424\u043e\u043d\u0430\u0440\u044c Goal Zero Crush Chroma Light - \u041c\u0430\u0433\u0430\u0437\u0438\u043d Xstyle<\/title>\n<meta name=\"description\" content=\"\u0424\u043e\u043d\u0430\u0440\u044c Goal Zero Crush Chroma Light: \u0441\u043a\u043b\u0430\u0434\u043d\u043e\u0439, \u0441 \u0441\u043e\u043b\u043d\u0435\u0447\u043d\u043e\u0439 \u043f\u0430\u043d\u0435\u043b\u044c\u044e \u0438 \u0430\u043a\u043a\u0443\u043c\u0443\u043b\u044f\u0442\u043e\u0440\u043e\u043c. \u042f\u0440\u043a\u043e\u0441\u0442\u044c \u0434\u043e 60 \u043b\u044e\u043c\u0435\u043d \u0438 4 \u0440\u0435\u0436\u0438\u043c\u0430. \u0418\u0434\u0435\u0430\u043b\u0435\u043d \u0434\u043b\u044f \u043a\u0435\u043c\u043f\u0438\u043d\u0433\u0430!\" \/>\n<meta name=\"robots\" content=\"index, follow, max-snippet:-1, max-image-preview:large, max-video-preview:-1\" \/>\n<link rel=\"canonical\" href=\"https:\/\/xstyle.md\/ro\/produs\/fonar-goal-zero-crush-chroma-light\/\" \/>\n<meta property=\"og:locale\" content=\"ro_RO\" \/>\n<meta property=\"og:type\" content=\"article\" \/>\n<meta property=\"og:title\" content=\"\u0424\u043e\u043d\u0430\u0440\u044c Goal Zero Crush Chroma Light - \u041c\u0430\u0433\u0430\u0437\u0438\u043d Xstyle\" \/>\n<meta property=\"og:description\" content=\"\u0424\u043e\u043d\u0430\u0440\u044c Goal Zero Crush Chroma Light: \u0441\u043a\u043b\u0430\u0434\u043d\u043e\u0439, \u0441 \u0441\u043e\u043b\u043d\u0435\u0447\u043d\u043e\u0439 \u043f\u0430\u043d\u0435\u043b\u044c\u044e \u0438 \u0430\u043a\u043a\u0443\u043c\u0443\u043b\u044f\u0442\u043e\u0440\u043e\u043c. \u042f\u0440\u043a\u043e\u0441\u0442\u044c \u0434\u043e 60 \u043b\u044e\u043c\u0435\u043d \u0438 4 \u0440\u0435\u0436\u0438\u043c\u0430. \u0418\u0434\u0435\u0430\u043b\u0435\u043d \u0434\u043b\u044f \u043a\u0435\u043c\u043f\u0438\u043d\u0433\u0430!\" \/>\n<meta property=\"og:url\" content=\"https:\/\/xstyle.md\/ro\/produs\/fonar-goal-zero-crush-chroma-light\/\" \/>\n<meta property=\"og:site_name\" content=\"\u041c\u0430\u0433\u0430\u0437\u0438\u043d Xstyle\" \/>\n<meta property=\"article:publisher\" content=\"https:\/\/www.facebook.com\/xstylemd\" \/>\n<meta property=\"article:modified_time\" content=\"2024-10-21T06:45:55+00:00\" \/>\n<meta property=\"og:image\" content=\"https:\/\/xstyle.md\/wp-content\/uploads\/2023\/03\/goal-zero-crush-chroma-light.jpg\" \/>\n\t<meta property=\"og:image:width\" content=\"1576\" \/>\n\t<meta property=\"og:image:height\" content=\"1444\" \/>\n\t<meta property=\"og:image:type\" content=\"image\/jpeg\" \/>\n<meta name=\"twitter:card\" content=\"summary_large_image\" \/>\n<meta name=\"twitter:label1\" content=\"Pre\u021b\" \/>\n\t<meta name=\"twitter:data1\" content=\"890&nbsp;MDL\" \/>\n\t<meta name=\"twitter:label2\" content=\"Disponibilitate\" \/>\n\t<meta name=\"twitter:data2\" content=\"\u00cen stoc\" \/>\n<script type=\"application\/ld+json\" class=\"yoast-schema-graph\">{\"@context\":\"https:\\\/\\\/schema.org\",\"@graph\":[{\"@type\":\"WebPage\",\"@id\":\"https:\\\/\\\/xstyle.md\\\/product\\\/fonar-goal-zero-crush-chroma-light\\\/\",\"url\":\"https:\\\/\\\/xstyle.md\\\/product\\\/fonar-goal-zero-crush-chroma-light\\\/\",\"name\":\"\u0424\u043e\u043d\u0430\u0440\u044c Goal Zero Crush Chroma Light - \u041c\u0430\u0433\u0430\u0437\u0438\u043d Xstyle\",\"isPartOf\":{\"@id\":\"https:\\\/\\\/xstyle.md\\\/#website\"},\"primaryImageOfPage\":{\"@id\":\"https:\\\/\\\/xstyle.md\\\/product\\\/fonar-goal-zero-crush-chroma-light\\\/#primaryimage\"},\"image\":{\"@id\":\"https:\\\/\\\/xstyle.md\\\/product\\\/fonar-goal-zero-crush-chroma-light\\\/#primaryimage\"},\"thumbnailUrl\":\"https:\\\/\\\/xstyle.md\\\/wp-content\\\/uploads\\\/2023\\\/03\\\/goal-zero-crush-chroma-light.jpg\",\"datePublished\":\"2023-03-29T13:53:22+00:00\",\"dateModified\":\"2024-10-21T06:45:55+00:00\",\"description\":\"\u0424\u043e\u043d\u0430\u0440\u044c Goal Zero Crush Chroma Light: \u0441\u043a\u043b\u0430\u0434\u043d\u043e\u0439, \u0441 \u0441\u043e\u043b\u043d\u0435\u0447\u043d\u043e\u0439 \u043f\u0430\u043d\u0435\u043b\u044c\u044e \u0438 \u0430\u043a\u043a\u0443\u043c\u0443\u043b\u044f\u0442\u043e\u0440\u043e\u043c. \u042f\u0440\u043a\u043e\u0441\u0442\u044c \u0434\u043e 60 \u043b\u044e\u043c\u0435\u043d \u0438 4 \u0440\u0435\u0436\u0438\u043c\u0430. \u0418\u0434\u0435\u0430\u043b\u0435\u043d \u0434\u043b\u044f \u043a\u0435\u043c\u043f\u0438\u043d\u0433\u0430!\",\"breadcrumb\":{\"@id\":\"https:\\\/\\\/xstyle.md\\\/product\\\/fonar-goal-zero-crush-chroma-light\\\/#breadcrumb\"},\"inLanguage\":\"ro-RO\",\"potentialAction\":[{\"@type\":\"ReadAction\",\"target\":[\"https:\\\/\\\/xstyle.md\\\/product\\\/fonar-goal-zero-crush-chroma-light\\\/\"]}]},{\"@type\":\"ImageObject\",\"inLanguage\":\"ro-RO\",\"@id\":\"https:\\\/\\\/xstyle.md\\\/product\\\/fonar-goal-zero-crush-chroma-light\\\/#primaryimage\",\"url\":\"https:\\\/\\\/xstyle.md\\\/wp-content\\\/uploads\\\/2023\\\/03\\\/goal-zero-crush-chroma-light.jpg\",\"contentUrl\":\"https:\\\/\\\/xstyle.md\\\/wp-content\\\/uploads\\\/2023\\\/03\\\/goal-zero-crush-chroma-light.jpg\",\"width\":1576,\"height\":1444,\"caption\":\"\u041c\u0430\u043b\u0435\u043d\u044c\u043a\u0438\u0439 \u043f\u043e\u0440\u0442\u0430\u0442\u0438\u0432\u043d\u044b\u0439 \u0444\u043e\u043d\u0430\u0440\u044c Goal Zero Crush Chroma Light \u0434\u043b\u044f \u0430\u043a\u0442\u0438\u0432\u043d\u043e\u0433\u043e \u043e\u0442\u0434\u044b\u0445\u0430 \u043f\u043e\u0445\u043e\u0434\u043e\u0432 \u043f\u0443\u0442\u0435\u0448\u0435\u0441\u0442\u0432\u0438\u0439 \u0438 \u0430\u043b\u044c\u043f\u0438\u043d\u0438\u0437\u043c\u0430, \u043f\u043e\u0434\u0445\u043e\u0434\u044f\u0449\u0438\u0439 \u0434\u043b\u044f \u043e\u0434\u0435\u0436\u0434\u044b \u0438 \u043e\u0431\u0443\u0432\u0438 \u0434\u043b\u044f \u0430\u043a\u0442\u0438\u0432\u043d\u043e\u0439 \u0436\u0438\u0437\u043d\u0438\"},{\"@type\":\"BreadcrumbList\",\"@id\":\"https:\\\/\\\/xstyle.md\\\/product\\\/fonar-goal-zero-crush-chroma-light\\\/#breadcrumb\",\"itemListElement\":[{\"@type\":\"ListItem\",\"position\":1,\"name\":\"\u0413\u043b\u0430\u0432\u043d\u0430\u044f \u0441\u0442\u0440\u0430\u043d\u0438\u0446\u0430\",\"item\":\"https:\\\/\\\/xstyle.md\\\/\"},{\"@type\":\"ListItem\",\"position\":2,\"name\":\"\u041c\u0430\u0433\u0430\u0437\u0438\u043d\",\"item\":\"https:\\\/\\\/xstyle.md\\\/shop\\\/\"},{\"@type\":\"ListItem\",\"position\":3,\"name\":\"\u0424\u043e\u043d\u0430\u0440\u044c Goal Zero Crush Chroma Light\"}]},{\"@type\":\"WebSite\",\"@id\":\"https:\\\/\\\/xstyle.md\\\/#website\",\"url\":\"https:\\\/\\\/xstyle.md\\\/\",\"name\":\"\u041c\u0430\u0433\u0430\u0437\u0438\u043d Xstyle\",\"description\":\"C\u043d\u0430\u0440\u044f\u0436\u0435\u043d\u0438\u0435 \u0434\u043b\u044f \u0442\u0443\u0440\u0438\u0437\u043c\u0430 \u0438 \u044d\u043a\u0441\u0442\u0440\u0435\u043c\u0430\u043b\u044c\u043d\u044b\u0445 \u0432\u0438\u0434\u043e\u0432 \u0441\u043f\u043e\u0440\u0442\u0430 \u0432 \u041c\u043e\u043b\u0434\u043e\u0432\u0435.. \u0426\u0435\u043d\u044b, \u0444\u043e\u0442\u043e, \u0445\u0430\u0440\u0430\u043a\u0442\u0435\u0440\u0438\u0441\u0442\u0438\u043a\u0438 \u0432 \u041c\u043e\u043b\u0434\u043e\u0432\u0435.\",\"publisher\":{\"@id\":\"https:\\\/\\\/xstyle.md\\\/#organization\"},\"alternateName\":\"X-Style\",\"potentialAction\":[{\"@type\":\"SearchAction\",\"target\":{\"@type\":\"EntryPoint\",\"urlTemplate\":\"https:\\\/\\\/xstyle.md\\\/?s={search_term_string}\"},\"query-input\":{\"@type\":\"PropertyValueSpecification\",\"valueRequired\":true,\"valueName\":\"search_term_string\"}}],\"inLanguage\":\"ro-RO\"},{\"@type\":\"Organization\",\"@id\":\"https:\\\/\\\/xstyle.md\\\/#organization\",\"name\":\"\u041c\u0430\u0433\u0430\u0437\u0438\u043d Xstyle\",\"alternateName\":\"x-style\",\"url\":\"https:\\\/\\\/xstyle.md\\\/\",\"logo\":{\"@type\":\"ImageObject\",\"inLanguage\":\"ro-RO\",\"@id\":\"https:\\\/\\\/xstyle.md\\\/#\\\/schema\\\/logo\\\/image\\\/\",\"url\":\"https:\\\/\\\/xstyle.md\\\/wp-content\\\/uploads\\\/2020\\\/06\\\/logoicon.svg\",\"contentUrl\":\"https:\\\/\\\/xstyle.md\\\/wp-content\\\/uploads\\\/2020\\\/06\\\/logoicon.svg\",\"caption\":\"\u041c\u0430\u0433\u0430\u0437\u0438\u043d Xstyle\"},\"image\":{\"@id\":\"https:\\\/\\\/xstyle.md\\\/#\\\/schema\\\/logo\\\/image\\\/\"},\"sameAs\":[\"https:\\\/\\\/www.facebook.com\\\/xstylemd\",\"https:\\\/\\\/www.instagram.com\\\/xstyle_md\\\/\",\"https:\\\/\\\/t.me\\\/xstyle_outdoor\"],\"hasMerchantReturnPolicy\":{\"@type\":\"MerchantReturnPolicy\",\"merchantReturnLink\":\"https:\\\/\\\/xstyle.md\\\/ro\\\/conditions\\\/\"}}]}<\/script>\n<meta property=\"product:price:amount\" content=\"890.00\" \/>\n<meta property=\"product:price:currency\" content=\"MDL\" \/>\n<meta property=\"og:availability\" content=\"instock\" \/>\n<meta property=\"product:availability\" content=\"instock\" \/>\n<meta property=\"product:retailer_item_id\" content=\"2000999768774\" \/>\n<meta property=\"product:condition\" content=\"new\" \/>\n<!-- \/ Yoast SEO plugin. -->","yoast_head_json":{"title":"Lantern\u0103 Goal Zero Crush Chroma Light - Magazin Xstyle","description":"Lanterna Goal Zero Crush Chroma Light: pliabil\u0103, cu panou solar \u0219i acumulator. Brightness de p\u00e2n\u0103 la 60 de lumeni \u0219i 4 moduri. Ideal pentru camping!","robots":{"index":"index","follow":"follow","max-snippet":"max-snippet:-1","max-image-preview":"max-image-preview:large","max-video-preview":"max-video-preview:-1"},"canonical":"https:\/\/xstyle.md\/ro\/produs\/fonar-goal-zero-crush-chroma-light\/","og_locale":"ro_RO","og_type":"article","og_title":"\u0424\u043e\u043d\u0430\u0440\u044c Goal Zero Crush Chroma Light - \u041c\u0430\u0433\u0430\u0437\u0438\u043d Xstyle","og_description":"\u0424\u043e\u043d\u0430\u0440\u044c Goal Zero Crush Chroma Light: \u0441\u043a\u043b\u0430\u0434\u043d\u043e\u0439, \u0441 \u0441\u043e\u043b\u043d\u0435\u0447\u043d\u043e\u0439 \u043f\u0430\u043d\u0435\u043b\u044c\u044e \u0438 \u0430\u043a\u043a\u0443\u043c\u0443\u043b\u044f\u0442\u043e\u0440\u043e\u043c. \u042f\u0440\u043a\u043e\u0441\u0442\u044c \u0434\u043e 60 \u043b\u044e\u043c\u0435\u043d \u0438 4 \u0440\u0435\u0436\u0438\u043c\u0430. \u0418\u0434\u0435\u0430\u043b\u0435\u043d \u0434\u043b\u044f \u043a\u0435\u043c\u043f\u0438\u043d\u0433\u0430!","og_url":"https:\/\/xstyle.md\/ro\/produs\/fonar-goal-zero-crush-chroma-light\/","og_site_name":"\u041c\u0430\u0433\u0430\u0437\u0438\u043d Xstyle","article_publisher":"https:\/\/www.facebook.com\/xstylemd","article_modified_time":"2024-10-21T06:45:55+00:00","og_image":[{"width":1576,"height":1444,"url":"https:\/\/xstyle.md\/wp-content\/uploads\/2023\/03\/goal-zero-crush-chroma-light.jpg","type":"image\/jpeg"}],"twitter_card":"summary_large_image","twitter_misc":{"Pre\u021b":"890&nbsp;MDL","Disponibilitate":"\u00cen stoc"},"schema":{"@context":"https:\/\/schema.org","@graph":[{"@type":"WebPage","@id":"https:\/\/xstyle.md\/product\/fonar-goal-zero-crush-chroma-light\/","url":"https:\/\/xstyle.md\/product\/fonar-goal-zero-crush-chroma-light\/","name":"Lantern\u0103 Goal Zero Crush Chroma Light - Magazin Xstyle","isPartOf":{"@id":"https:\/\/xstyle.md\/#website"},"primaryImageOfPage":{"@id":"https:\/\/xstyle.md\/product\/fonar-goal-zero-crush-chroma-light\/#primaryimage"},"image":{"@id":"https:\/\/xstyle.md\/product\/fonar-goal-zero-crush-chroma-light\/#primaryimage"},"thumbnailUrl":"https:\/\/xstyle.md\/wp-content\/uploads\/2023\/03\/goal-zero-crush-chroma-light.jpg","datePublished":"2023-03-29T13:53:22+00:00","dateModified":"2024-10-21T06:45:55+00:00","description":"Lanterna Goal Zero Crush Chroma Light: pliabil\u0103, cu panou solar \u0219i acumulator. Brightness de p\u00e2n\u0103 la 60 de lumeni \u0219i 4 moduri. Ideal pentru camping!","breadcrumb":{"@id":"https:\/\/xstyle.md\/product\/fonar-goal-zero-crush-chroma-light\/#breadcrumb"},"inLanguage":"ro-RO","potentialAction":[{"@type":"ReadAction","target":["https:\/\/xstyle.md\/product\/fonar-goal-zero-crush-chroma-light\/"]}]},{"@type":"ImageObject","inLanguage":"ro-RO","@id":"https:\/\/xstyle.md\/product\/fonar-goal-zero-crush-chroma-light\/#primaryimage","url":"https:\/\/xstyle.md\/wp-content\/uploads\/2023\/03\/goal-zero-crush-chroma-light.jpg","contentUrl":"https:\/\/xstyle.md\/wp-content\/uploads\/2023\/03\/goal-zero-crush-chroma-light.jpg","width":1576,"height":1444,"caption":"\u041c\u0430\u043b\u0435\u043d\u044c\u043a\u0438\u0439 \u043f\u043e\u0440\u0442\u0430\u0442\u0438\u0432\u043d\u044b\u0439 \u0444\u043e\u043d\u0430\u0440\u044c Goal Zero Crush Chroma Light \u0434\u043b\u044f \u0430\u043a\u0442\u0438\u0432\u043d\u043e\u0433\u043e \u043e\u0442\u0434\u044b\u0445\u0430 \u043f\u043e\u0445\u043e\u0434\u043e\u0432 \u043f\u0443\u0442\u0435\u0448\u0435\u0441\u0442\u0432\u0438\u0439 \u0438 \u0430\u043b\u044c\u043f\u0438\u043d\u0438\u0437\u043c\u0430, \u043f\u043e\u0434\u0445\u043e\u0434\u044f\u0449\u0438\u0439 \u0434\u043b\u044f \u043e\u0434\u0435\u0436\u0434\u044b \u0438 \u043e\u0431\u0443\u0432\u0438 \u0434\u043b\u044f \u0430\u043a\u0442\u0438\u0432\u043d\u043e\u0439 \u0436\u0438\u0437\u043d\u0438"},{"@type":"BreadcrumbList","@id":"https:\/\/xstyle.md\/product\/fonar-goal-zero-crush-chroma-light\/#breadcrumb","itemListElement":[{"@type":"ListItem","position":1,"name":"\u0413\u043b\u0430\u0432\u043d\u0430\u044f \u0441\u0442\u0440\u0430\u043d\u0438\u0446\u0430","item":"https:\/\/xstyle.md\/"},{"@type":"ListItem","position":2,"name":"\u041c\u0430\u0433\u0430\u0437\u0438\u043d","item":"https:\/\/xstyle.md\/shop\/"},{"@type":"ListItem","position":3,"name":"\u0424\u043e\u043d\u0430\u0440\u044c Goal Zero Crush Chroma Light"}]},{"@type":"WebSite","@id":"https:\/\/xstyle.md\/#website","url":"https:\/\/xstyle.md\/","name":"Magazinul X-Style","description":"Echipamente pentru turism \u0219i sporturi extreme \u00een Moldova. Pre\u021buri, fotografii, caracteristici \u00een Moldova.","publisher":{"@id":"https:\/\/xstyle.md\/#organization"},"alternateName":"X-Style","potentialAction":[{"@type":"SearchAction","target":{"@type":"EntryPoint","urlTemplate":"https:\/\/xstyle.md\/?s={search_term_string}"},"query-input":{"@type":"PropertyValueSpecification","valueRequired":true,"valueName":"search_term_string"}}],"inLanguage":"ro-RO"},{"@type":"Organization","@id":"https:\/\/xstyle.md\/#organization","name":"Magazinul X-Style","alternateName":"x-style","url":"https:\/\/xstyle.md\/","logo":{"@type":"ImageObject","inLanguage":"ro-RO","@id":"https:\/\/xstyle.md\/#\/schema\/logo\/image\/","url":"https:\/\/xstyle.md\/wp-content\/uploads\/2020\/06\/logoicon.svg","contentUrl":"https:\/\/xstyle.md\/wp-content\/uploads\/2020\/06\/logoicon.svg","caption":"\u041c\u0430\u0433\u0430\u0437\u0438\u043d Xstyle"},"image":{"@id":"https:\/\/xstyle.md\/#\/schema\/logo\/image\/"},"sameAs":["https:\/\/www.facebook.com\/xstylemd","https:\/\/www.instagram.com\/xstyle_md\/","https:\/\/t.me\/xstyle_outdoor"],"hasMerchantReturnPolicy":{"@type":"MerchantReturnPolicy","merchantReturnLink":"https:\/\/xstyle.md\/ro\/conditions\/"}}]},"product_price_amount":"890.00","product_price_currency":"MDL","og_availability":"instock","product_availability":"instock","product_retailer_item_id":"2000999768774","product_condition":"new"},"post_mailing_queue_ids":[],"_links":{"self":[{"href":"https:\/\/xstyle.md\/ro\/wp-json\/wp\/v2\/product\/66352","targetHints":{"allow":["GET"]}}],"collection":[{"href":"https:\/\/xstyle.md\/ro\/wp-json\/wp\/v2\/product"}],"about":[{"href":"https:\/\/xstyle.md\/ro\/wp-json\/wp\/v2\/types\/product"}],"replies":[{"embeddable":true,"href":"https:\/\/xstyle.md\/ro\/wp-json\/wp\/v2\/comments?post=66352"}],"wp:featuredmedia":[{"embeddable":true,"href":"https:\/\/xstyle.md\/ro\/wp-json\/wp\/v2\/media\/66868"}],"wp:attachment":[{"href":"https:\/\/xstyle.md\/ro\/wp-json\/wp\/v2\/media?parent=66352"}],"wp:term":[{"taxonomy":"product_brand","embeddable":true,"href":"https:\/\/xstyle.md\/ro\/wp-json\/wp\/v2\/product_brand?post=66352"},{"taxonomy":"product_cat","embeddable":true,"href":"https:\/\/xstyle.md\/ro\/wp-json\/wp\/v2\/product_cat?post=66352"},{"taxonomy":"product_tag","embeddable":true,"href":"https:\/\/xstyle.md\/ro\/wp-json\/wp\/v2\/product_tag?post=66352"}],"curies":[{"name":"wp","href":"https:\/\/api.w.org\/{rel}","templated":true}]}}