{"id":66350,"date":"2023-03-29T16:53:22","date_gmt":"2023-03-29T13:53:22","guid":{"rendered":"https:\/\/xstyle.md\/?post_type=product&#038;p=66350"},"modified":"2025-01-10T15:12:12","modified_gmt":"2025-01-10T12:12:12","slug":"zaryadnoe-ustrojstvo-goalzero-sherpa-100-pd-power-pack","status":"publish","type":"product","link":"https:\/\/xstyle.md\/ro\/produs\/zaryadnoe-ustrojstvo-goalzero-sherpa-100-pd-power-pack\/","title":{"rendered":"\u00cenc\u0103rc\u0103tor Goal Zero Sherpa 100 PD Power Pack"},"content":{"rendered":"<p><strong>GoalZero Sherpa 100 PD Power Pack<\/strong> - Baterie extern\u0103 de 6400 mA-g (powerbank) pentru c\u0103l\u0103torii lungi. Echipat cu diferite tipuri de conectori pentru conectarea dispozitivelor, cum ar fi transmi\u021b\u0103tor pentru \u00eenc\u0103rcare wireless, porturi USB de mare vitez\u0103 \u0219i obi\u0219nuite. Se \u00eencarc\u0103 de la priz\u0103 de perete, USB sau panou solar. Echipat cu un cablu de \u00eenc\u0103rcare USB.<\/p>\n<p>Conceput pentru \u00eenc\u0103rcarea smartphone-urilor, tabletelor, camerelor DSLR, laptopurilor (numai prin USB). Dimensiunea compact\u0103 (pu\u021bin mai mare dec\u00e2t o carte A5) v\u0103 permite s\u0103 plasa\u021bi cu u\u0219urin\u021b\u0103 Powerbank \u00een rucsac sau \u00een geanta pentru laptop. Este permis s\u0103 fie transportat\u0103 \u00een bagajul de m\u00e2n\u0103 atunci c\u00e2nd c\u0103l\u0103tori\u021bi cu avionul.<\/p>\n<h3>Particularit\u0103\u021bi<\/h3>\n<ul>\n<li>afi\u0219ajul digital arat\u0103 nivelul de \u00eenc\u0103rcare al Powerbank<\/li>\n<li>Banca de alimentare este controlat\u0103 de 2 butoane<\/li>\n<li>Powerbank-ul se poate \u00eenc\u0103rca singur \u0219i v\u0103 poate \u00eenc\u0103rca gadget-ul \u00een acela\u0219i timp<\/li>\n<li>Optimizat pentru \u00eenc\u0103rcarea de la panourile solare Goal Zero Nomad, dar poate fi \u00eenc\u0103rcat de la panourile solare ale altor produc\u0103tori<\/li>\n<\/ul>\n<h3>Dispozitive \u00eenc\u0103rcabile<\/h3>\n<ul>\n<li>Smartphone (12W): p\u00e2n\u0103 la 7 \u00eenc\u0103rc\u0103ri complete, \u00een func\u021bie de model<\/li>\n<li>Camer\u0103 POV (camer\u0103 de ac\u021biune) (5W): p\u00e2n\u0103 la 19 \u00eenc\u0103rc\u0103ri complete, \u00een func\u021bie de model<\/li>\n<li>Tablet\u0103 (30W): p\u00e2n\u0103 la 3 \u00eenc\u0103rc\u0103ri complete, \u00een func\u021bie de model<\/li>\n<li>Laptop USB-C (50W): p\u00e2n\u0103 la 1,5 \u00eenc\u0103rc\u0103ri complete, \u00een func\u021bie de model<\/li>\n<\/ul>\n<h3>Caracteristici<\/h3>\n<p><em>comune<\/em><\/p>\n<ul>\n<li>Greutate: 635 g<\/li>\n<li>Dimensiuni: 190 x 254 x 94 mm<\/li>\n<li>Pachet: baterie extern\u0103, cablu USB-A la USB-C (991 mm), manual (pe h\u00e2rtie sau electronic)<\/li>\n<li>\u00cen conformitate cu standardele: CE, FCC, RoHS<\/li>\n<li>Garan\u021bie: 12 luni<\/li>\n<\/ul>\n<p><em>conectori<\/em><\/p>\n<ul>\n<li>Transmi\u021b\u0103tor de putere pentru \u00eenc\u0103rcare f\u0103r\u0103 fir Qi (ie\u0219ire): max. 5W<\/li>\n<li>2 \u00d7 prize USB-A (ie\u0219ire): 5 V, p\u00e2n\u0103 la 2,4 A, maxim 12 W, reglabil<\/li>\n<li>Priz\u0103 USB-C Power Delivery (conector de intrare\/ie\u0219ire bidirec\u021bional): 5V, 9V, 12V, 20V, p\u00e2n\u0103 la 3.0A, maxim 60W, reglabil<\/li>\n<\/ul>\n<p><em>baterie re\u00eenc\u0103rcabil\u0103<\/em><\/p>\n<ul>\n<li>Tip: Li-ion<\/li>\n<li>Capacitate pentru laptopuri \u0219i alte dispozitive pline de resurse: 6400 mAh<\/li>\n<li>Capacitate echivalent\u0103 la 3,7 V: 25600 mAh<\/li>\n<li>Tensiunea de ie\u0219ire: 14,8 V<\/li>\n<li>Putere: 94.7Wh<\/li>\n<li>Intervalul de temperatur\u0103 de func\u021bionare: 0\u00b0C...40\u00b0C<\/li>\n<\/ul>\n<p><em>timp de \u00eenc\u0103rcare complet\u0103 Goal Zero Sherpa 100PD Power Bank<\/em><\/p>\n<ul>\n<li>Alimentare cu USB-C Power Delivery (60W): 2,5 ore<\/li>\n<li>Priz\u0103 de uz casnic (220 V, 45 W): 3 ore<\/li>\n<li>Alimentare cu port USB-A (2.4A): 9 ore<\/li>\n<li>Panou solar Goal Zero Nomad 10: 15 - 30 de ore<\/li>\n<li>Panou solar Goal Zero Nomad 20: 8 - 16 ore<\/li>\n<\/ul>\n<h3>Marca<\/h3>\n<p>Goal Zero este un brand american care produce surse de energie pentru c\u0103l\u0103torii autonome. Acum, lipsa civiliza\u021biei nu v\u0103 va \u00eempiedica s\u0103 v\u0103 folosi\u021bi gadgeturile obi\u0219nuite - le pute\u021bi \u00eenc\u0103rca cu ajutorul luminii solare. \u00cenc\u0103rc\u0103toarele portabile Goal Zero se \u00eencarc\u0103 at\u00e2t de la re\u021bea, c\u00e2t \u0219i de la panouri solare. Sursele de alimentare u\u0219oare \u0219i compacte sunt potrivite pentru turi\u0219ti \u0219i pentru oricine este interesat de greutatea redus\u0103, \u00een timp ce modelele puternice sunt capabile s\u0103 furnizeze energie pentru o tab\u0103r\u0103 de baz\u0103 sau pentru camping, de exemplu, pentru a \u00eenc\u0103rca un frigider portabil, un televizor sau mai multe laptopuri.<\/p>","protected":false},"excerpt":{"rendered":"<p>GoalZero Sherpa 100 PD Power Pack &#8212; \u043d\u0430\u0440\u0443\u0436\u043d\u044b\u0439 \u0430\u043a\u043a\u0443\u043c\u0443\u043b\u044f\u0442\u043e\u0440 (\u043f\u0430\u0443\u044d\u0440\u0431\u0430\u043d\u043a) \u0435\u043c\u043a\u043e\u0441\u0442\u044c\u044e 6400 \u043c\u0410-\u0433 \u0434\u043b\u044f \u0434\u043b\u0438\u0442\u0435\u043b\u044c\u043d\u044b\u0445 \u043f\u0443\u0442\u0435\u0448\u0435\u0441\u0442\u0432\u0438\u0439. \u041e\u0441\u043d\u0430\u0449\u0435\u043d \u0440\u0430\u0437\u043d\u044b\u043c\u0438 \u0442\u0438\u043f\u0430\u043c\u0438 \u0440\u0430\u0437\u044a\u0435\u043c\u043e\u0432 \u0434\u043b\u044f \u043f\u043e\u0434\u043a\u043b\u044e\u0447\u0435\u043d\u0438\u044f \u0443\u0441\u0442\u0440\u043e\u0439\u0441\u0442\u0432, \u0442\u0430\u043a\u0438\u043c\u0438 \u043a\u0430\u043a \u043f\u0435\u0440\u0435\u0434\u0430\u0442\u0447\u0438\u043a \u0434\u043b\u044f \u0431\u0435\u0441\u043f\u0440\u043e\u0432\u043e\u0434\u043d\u043e\u0439 \u0437\u0430\u0440\u044f\u0434\u043a\u0438, \u0432\u044b\u0441\u043e\u043a\u043e\u0441\u043a\u043e\u0440\u043e\u0441\u0442\u043d\u043e\u0439 \u0438 \u043e\u0431\u044b\u0447\u043d\u044b\u0435 \u043f\u043e\u0440\u0442\u044b USB. \u0417\u0430\u0440\u044f\u0436\u0430\u0435\u0442\u0441\u044f \u043e\u0442 \u0440\u043e\u0437\u0435\u0442\u043a\u0438, USB \u0438\u043b\u0438 \u0441\u043e\u043b\u043d\u0435\u0447\u043d\u043e\u0439 \u043f\u0430\u043d\u0435\u043b\u0438. \u0423\u043a\u043e\u043c\u043f\u043b\u0435\u043a\u0442\u043e\u0432\u0430\u043d USB \u043a\u0430\u0431\u0435\u043b\u0435\u043c \u0434\u043b\u044f \u0437\u0430\u0440\u044f\u0434\u043a\u0438. \u041f\u0440\u0435\u0434\u043d\u0430\u0437\u043d\u0430\u0447\u0435\u043d \u0434\u043b\u044f \u0437\u0430\u0440\u044f\u0434\u043a\u0438 \u0441\u043c\u0430\u0440\u0442\u0444\u043e\u043d\u043e\u0432, \u043f\u043b\u0430\u043d\u0448\u0435\u0442\u043e\u0432, DSLR \u043a\u0430\u043c\u0435\u0440, \u043d\u043e\u0443\u0442\u0431\u0443\u043a\u043e\u0432 (\u0442\u043e\u043b\u044c\u043a\u043e [&hellip;]<\/p>\n","protected":false},"featured_media":66860,"comment_status":"open","ping_status":"closed","template":"","meta":{"_acf_changed":false,"inline_featured_image":false},"product_brand":[1459],"product_cat":[523],"product_tag":[],"class_list":{"0":"post-66350","1":"product","2":"type-product","3":"status-publish","4":"has-post-thumbnail","6":"product_brand-goal-zero","7":"product_cat-zareadnie-ustroistva","9":"first","10":"instock","11":"shipping-taxable","12":"purchasable","13":"product-type-simple"},"acf":[],"yoast_head":"<!-- This site is optimized with the Yoast SEO plugin v27.4 - https:\/\/yoast.com\/product\/yoast-seo-wordpress\/ -->\n<title>\u0417\u0430\u0440\u044f\u0434\u043d\u043e\u0435 \u0443\u0441\u0442\u0440\u043e\u0439\u0441\u0442\u0432\u043e Goal Zero Sherpa 100 PD Power Pack - \u041c\u0430\u0433\u0430\u0437\u0438\u043d Xstyle<\/title>\n<meta name=\"description\" content=\"\u0417\u0430\u0440\u044f\u0434\u043d\u043e\u0435 \u0443\u0441\u0442\u0440\u043e\u0439\u0441\u0442\u0432\u043e GoalZero Sherpa 100 PD Power Pack: \u043c\u043e\u0449\u043d\u044b\u0439, \u043d\u0430\u0434\u0435\u0436\u043d\u044b\u0439 \u0438 \u0443\u043d\u0438\u0432\u0435\u0440\u0441\u0430\u043b\u044c\u043d\u044b\u0439 \u043f\u0430\u0443\u044d\u0440\u0431\u0430\u043d\u043a \u0441 \u043f\u043e\u0434\u0434\u0435\u0440\u0436\u043a\u043e\u0439 USB-C \u0438 Qi \u0434\u043b\u044f \u0432\u0430\u0448\u0438\u0445 \u0433\u0430\u0434\u0436\u0435\u0442\u043e\u0432.\" \/>\n<meta name=\"robots\" content=\"index, follow, max-snippet:-1, max-image-preview:large, max-video-preview:-1\" \/>\n<link rel=\"canonical\" href=\"https:\/\/xstyle.md\/ro\/produs\/zaryadnoe-ustrojstvo-goalzero-sherpa-100-pd-power-pack\/\" \/>\n<meta property=\"og:locale\" content=\"ro_RO\" \/>\n<meta property=\"og:type\" content=\"article\" \/>\n<meta property=\"og:title\" content=\"\u0417\u0430\u0440\u044f\u0434\u043d\u043e\u0435 \u0443\u0441\u0442\u0440\u043e\u0439\u0441\u0442\u0432\u043e Goal Zero Sherpa 100 PD Power Pack - \u041c\u0430\u0433\u0430\u0437\u0438\u043d Xstyle\" \/>\n<meta property=\"og:description\" content=\"\u0417\u0430\u0440\u044f\u0434\u043d\u043e\u0435 \u0443\u0441\u0442\u0440\u043e\u0439\u0441\u0442\u0432\u043e GoalZero Sherpa 100 PD Power Pack: \u043c\u043e\u0449\u043d\u044b\u0439, \u043d\u0430\u0434\u0435\u0436\u043d\u044b\u0439 \u0438 \u0443\u043d\u0438\u0432\u0435\u0440\u0441\u0430\u043b\u044c\u043d\u044b\u0439 \u043f\u0430\u0443\u044d\u0440\u0431\u0430\u043d\u043a \u0441 \u043f\u043e\u0434\u0434\u0435\u0440\u0436\u043a\u043e\u0439 USB-C \u0438 Qi \u0434\u043b\u044f \u0432\u0430\u0448\u0438\u0445 \u0433\u0430\u0434\u0436\u0435\u0442\u043e\u0432.\" \/>\n<meta property=\"og:url\" content=\"https:\/\/xstyle.md\/ro\/produs\/zaryadnoe-ustrojstvo-goalzero-sherpa-100-pd-power-pack\/\" \/>\n<meta property=\"og:site_name\" content=\"\u041c\u0430\u0433\u0430\u0437\u0438\u043d Xstyle\" \/>\n<meta property=\"article:publisher\" content=\"https:\/\/www.facebook.com\/xstylemd\" \/>\n<meta property=\"article:modified_time\" content=\"2025-01-10T12:12:12+00:00\" \/>\n<meta property=\"og:image\" content=\"https:\/\/xstyle.md\/wp-content\/uploads\/2023\/03\/goalzero-sherpa-100-pd-power-pack.jpg\" \/>\n\t<meta property=\"og:image:width\" content=\"597\" \/>\n\t<meta property=\"og:image:height\" content=\"598\" \/>\n\t<meta property=\"og:image:type\" content=\"image\/jpeg\" \/>\n<meta name=\"twitter:card\" content=\"summary_large_image\" \/>\n<meta name=\"twitter:label1\" content=\"Pre\u021b\" \/>\n\t<meta name=\"twitter:data1\" content=\"5.590&nbsp;MDL\" \/>\n\t<meta name=\"twitter:label2\" content=\"Disponibilitate\" \/>\n\t<meta name=\"twitter:data2\" content=\"\u00cen stoc\" \/>\n<script type=\"application\/ld+json\" class=\"yoast-schema-graph\">{\"@context\":\"https:\\\/\\\/schema.org\",\"@graph\":[{\"@type\":\"WebPage\",\"@id\":\"https:\\\/\\\/xstyle.md\\\/product\\\/zaryadnoe-ustrojstvo-goalzero-sherpa-100-pd-power-pack\\\/\",\"url\":\"https:\\\/\\\/xstyle.md\\\/product\\\/zaryadnoe-ustrojstvo-goalzero-sherpa-100-pd-power-pack\\\/\",\"name\":\"\u0417\u0430\u0440\u044f\u0434\u043d\u043e\u0435 \u0443\u0441\u0442\u0440\u043e\u0439\u0441\u0442\u0432\u043e Goal Zero Sherpa 100 PD Power Pack - \u041c\u0430\u0433\u0430\u0437\u0438\u043d Xstyle\",\"isPartOf\":{\"@id\":\"https:\\\/\\\/xstyle.md\\\/#website\"},\"primaryImageOfPage\":{\"@id\":\"https:\\\/\\\/xstyle.md\\\/product\\\/zaryadnoe-ustrojstvo-goalzero-sherpa-100-pd-power-pack\\\/#primaryimage\"},\"image\":{\"@id\":\"https:\\\/\\\/xstyle.md\\\/product\\\/zaryadnoe-ustrojstvo-goalzero-sherpa-100-pd-power-pack\\\/#primaryimage\"},\"thumbnailUrl\":\"https:\\\/\\\/xstyle.md\\\/wp-content\\\/uploads\\\/2023\\\/03\\\/goalzero-sherpa-100-pd-power-pack.jpg\",\"datePublished\":\"2023-03-29T13:53:22+00:00\",\"dateModified\":\"2025-01-10T12:12:12+00:00\",\"description\":\"\u0417\u0430\u0440\u044f\u0434\u043d\u043e\u0435 \u0443\u0441\u0442\u0440\u043e\u0439\u0441\u0442\u0432\u043e GoalZero Sherpa 100 PD Power Pack: \u043c\u043e\u0449\u043d\u044b\u0439, \u043d\u0430\u0434\u0435\u0436\u043d\u044b\u0439 \u0438 \u0443\u043d\u0438\u0432\u0435\u0440\u0441\u0430\u043b\u044c\u043d\u044b\u0439 \u043f\u0430\u0443\u044d\u0440\u0431\u0430\u043d\u043a \u0441 \u043f\u043e\u0434\u0434\u0435\u0440\u0436\u043a\u043e\u0439 USB-C \u0438 Qi \u0434\u043b\u044f \u0432\u0430\u0448\u0438\u0445 \u0433\u0430\u0434\u0436\u0435\u0442\u043e\u0432.\",\"breadcrumb\":{\"@id\":\"https:\\\/\\\/xstyle.md\\\/product\\\/zaryadnoe-ustrojstvo-goalzero-sherpa-100-pd-power-pack\\\/#breadcrumb\"},\"inLanguage\":\"ro-RO\",\"potentialAction\":[{\"@type\":\"ReadAction\",\"target\":[\"https:\\\/\\\/xstyle.md\\\/product\\\/zaryadnoe-ustrojstvo-goalzero-sherpa-100-pd-power-pack\\\/\"]}]},{\"@type\":\"ImageObject\",\"inLanguage\":\"ro-RO\",\"@id\":\"https:\\\/\\\/xstyle.md\\\/product\\\/zaryadnoe-ustrojstvo-goalzero-sherpa-100-pd-power-pack\\\/#primaryimage\",\"url\":\"https:\\\/\\\/xstyle.md\\\/wp-content\\\/uploads\\\/2023\\\/03\\\/goalzero-sherpa-100-pd-power-pack.jpg\",\"contentUrl\":\"https:\\\/\\\/xstyle.md\\\/wp-content\\\/uploads\\\/2023\\\/03\\\/goalzero-sherpa-100-pd-power-pack.jpg\",\"width\":597,\"height\":598,\"caption\":\"\u041c\u043e\u0431\u0438\u043b\u044c\u043d\u044b\u0439 \u0437\u0430\u0440\u044f\u0434\u043d\u043e\u0435 \u0443\u0441\u0442\u0440\u043e\u0439\u0441\u0442\u0432\u043e Goal Zero Sherpa 100 PD \u0434\u043b\u044f \u0430\u043a\u0442\u0438\u0432\u043d\u043e\u0433\u043e \u043e\u0442\u0434\u044b\u0445\u0430 \u043f\u043e\u0445\u043e\u0434\u043e\u0432 \u043f\u0443\u0442\u0435\u0448\u0435\u0441\u0442\u0432\u0438\u0439 \u0438 \u0441\u043f\u043e\u0440\u0442\u0438\u0432\u043d\u043e\u0439 \u043e\u0434\u0435\u0436\u0434\u044b \u0438 \u043e\u0431\u0443\u0432\u0438 \u0434\u043b\u044f \u0442\u0443\u0440\u0438\u0437\u043c\u0430 \u0438 \u0430\u043b\u044c\u043f\u0438\u043d\u0438\u0437\u043c\u0430\"},{\"@type\":\"BreadcrumbList\",\"@id\":\"https:\\\/\\\/xstyle.md\\\/product\\\/zaryadnoe-ustrojstvo-goalzero-sherpa-100-pd-power-pack\\\/#breadcrumb\",\"itemListElement\":[{\"@type\":\"ListItem\",\"position\":1,\"name\":\"\u0413\u043b\u0430\u0432\u043d\u0430\u044f \u0441\u0442\u0440\u0430\u043d\u0438\u0446\u0430\",\"item\":\"https:\\\/\\\/xstyle.md\\\/\"},{\"@type\":\"ListItem\",\"position\":2,\"name\":\"\u041c\u0430\u0433\u0430\u0437\u0438\u043d\",\"item\":\"https:\\\/\\\/xstyle.md\\\/shop\\\/\"},{\"@type\":\"ListItem\",\"position\":3,\"name\":\"\u0417\u0430\u0440\u044f\u0434\u043d\u043e\u0435 \u0443\u0441\u0442\u0440\u043e\u0439\u0441\u0442\u0432\u043e Goal Zero Sherpa 100 PD Power Pack\"}]},{\"@type\":\"WebSite\",\"@id\":\"https:\\\/\\\/xstyle.md\\\/#website\",\"url\":\"https:\\\/\\\/xstyle.md\\\/\",\"name\":\"\u041c\u0430\u0433\u0430\u0437\u0438\u043d Xstyle\",\"description\":\"C\u043d\u0430\u0440\u044f\u0436\u0435\u043d\u0438\u0435 \u0434\u043b\u044f \u0442\u0443\u0440\u0438\u0437\u043c\u0430 \u0438 \u044d\u043a\u0441\u0442\u0440\u0435\u043c\u0430\u043b\u044c\u043d\u044b\u0445 \u0432\u0438\u0434\u043e\u0432 \u0441\u043f\u043e\u0440\u0442\u0430 \u0432 \u041c\u043e\u043b\u0434\u043e\u0432\u0435.. \u0426\u0435\u043d\u044b, \u0444\u043e\u0442\u043e, \u0445\u0430\u0440\u0430\u043a\u0442\u0435\u0440\u0438\u0441\u0442\u0438\u043a\u0438 \u0432 \u041c\u043e\u043b\u0434\u043e\u0432\u0435.\",\"publisher\":{\"@id\":\"https:\\\/\\\/xstyle.md\\\/#organization\"},\"alternateName\":\"X-Style\",\"potentialAction\":[{\"@type\":\"SearchAction\",\"target\":{\"@type\":\"EntryPoint\",\"urlTemplate\":\"https:\\\/\\\/xstyle.md\\\/?s={search_term_string}\"},\"query-input\":{\"@type\":\"PropertyValueSpecification\",\"valueRequired\":true,\"valueName\":\"search_term_string\"}}],\"inLanguage\":\"ro-RO\"},{\"@type\":\"Organization\",\"@id\":\"https:\\\/\\\/xstyle.md\\\/#organization\",\"name\":\"\u041c\u0430\u0433\u0430\u0437\u0438\u043d Xstyle\",\"alternateName\":\"x-style\",\"url\":\"https:\\\/\\\/xstyle.md\\\/\",\"logo\":{\"@type\":\"ImageObject\",\"inLanguage\":\"ro-RO\",\"@id\":\"https:\\\/\\\/xstyle.md\\\/#\\\/schema\\\/logo\\\/image\\\/\",\"url\":\"https:\\\/\\\/xstyle.md\\\/wp-content\\\/uploads\\\/2020\\\/06\\\/logoicon.svg\",\"contentUrl\":\"https:\\\/\\\/xstyle.md\\\/wp-content\\\/uploads\\\/2020\\\/06\\\/logoicon.svg\",\"caption\":\"\u041c\u0430\u0433\u0430\u0437\u0438\u043d Xstyle\"},\"image\":{\"@id\":\"https:\\\/\\\/xstyle.md\\\/#\\\/schema\\\/logo\\\/image\\\/\"},\"sameAs\":[\"https:\\\/\\\/www.facebook.com\\\/xstylemd\",\"https:\\\/\\\/www.instagram.com\\\/xstyle_md\\\/\",\"https:\\\/\\\/t.me\\\/xstyle_outdoor\"],\"hasMerchantReturnPolicy\":{\"@type\":\"MerchantReturnPolicy\",\"merchantReturnLink\":\"https:\\\/\\\/xstyle.md\\\/ro\\\/conditions\\\/\"}}]}<\/script>\n<meta property=\"product:price:amount\" content=\"5590.00\" \/>\n<meta property=\"product:price:currency\" content=\"MDL\" \/>\n<meta property=\"og:availability\" content=\"instock\" \/>\n<meta property=\"product:availability\" content=\"instock\" \/>\n<meta property=\"product:retailer_item_id\" content=\"2000999768750\" \/>\n<meta property=\"product:condition\" content=\"new\" \/>\n<!-- \/ Yoast SEO plugin. -->","yoast_head_json":{"title":"\u0417\u0430\u0440\u044f\u0434\u043d\u043e\u0435 \u0443\u0441\u0442\u0440\u043e\u0439\u0441\u0442\u0432\u043e Goal Zero Sherpa 100 PD Power Pack - \u041c\u0430\u0433\u0430\u0437\u0438\u043d Xstyle","description":"\u00cenc\u0103rc\u0103tor GoalZero Sherpa 100 PD Power Pack: un power bank puternic, fiabil \u0219i versatil, cu suport pentru USB-C \u0219i Qi pentru gadgeturile tale.","robots":{"index":"index","follow":"follow","max-snippet":"max-snippet:-1","max-image-preview":"max-image-preview:large","max-video-preview":"max-video-preview:-1"},"canonical":"https:\/\/xstyle.md\/ro\/produs\/zaryadnoe-ustrojstvo-goalzero-sherpa-100-pd-power-pack\/","og_locale":"ro_RO","og_type":"article","og_title":"\u0417\u0430\u0440\u044f\u0434\u043d\u043e\u0435 \u0443\u0441\u0442\u0440\u043e\u0439\u0441\u0442\u0432\u043e Goal Zero Sherpa 100 PD Power Pack - \u041c\u0430\u0433\u0430\u0437\u0438\u043d Xstyle","og_description":"\u0417\u0430\u0440\u044f\u0434\u043d\u043e\u0435 \u0443\u0441\u0442\u0440\u043e\u0439\u0441\u0442\u0432\u043e GoalZero Sherpa 100 PD Power Pack: \u043c\u043e\u0449\u043d\u044b\u0439, \u043d\u0430\u0434\u0435\u0436\u043d\u044b\u0439 \u0438 \u0443\u043d\u0438\u0432\u0435\u0440\u0441\u0430\u043b\u044c\u043d\u044b\u0439 \u043f\u0430\u0443\u044d\u0440\u0431\u0430\u043d\u043a \u0441 \u043f\u043e\u0434\u0434\u0435\u0440\u0436\u043a\u043e\u0439 USB-C \u0438 Qi \u0434\u043b\u044f \u0432\u0430\u0448\u0438\u0445 \u0433\u0430\u0434\u0436\u0435\u0442\u043e\u0432.","og_url":"https:\/\/xstyle.md\/ro\/produs\/zaryadnoe-ustrojstvo-goalzero-sherpa-100-pd-power-pack\/","og_site_name":"\u041c\u0430\u0433\u0430\u0437\u0438\u043d Xstyle","article_publisher":"https:\/\/www.facebook.com\/xstylemd","article_modified_time":"2025-01-10T12:12:12+00:00","og_image":[{"width":597,"height":598,"url":"https:\/\/xstyle.md\/wp-content\/uploads\/2023\/03\/goalzero-sherpa-100-pd-power-pack.jpg","type":"image\/jpeg"}],"twitter_card":"summary_large_image","twitter_misc":{"Pre\u021b":"5.590&nbsp;MDL","Disponibilitate":"\u00cen stoc"},"schema":{"@context":"https:\/\/schema.org","@graph":[{"@type":"WebPage","@id":"https:\/\/xstyle.md\/product\/zaryadnoe-ustrojstvo-goalzero-sherpa-100-pd-power-pack\/","url":"https:\/\/xstyle.md\/product\/zaryadnoe-ustrojstvo-goalzero-sherpa-100-pd-power-pack\/","name":"\u0417\u0430\u0440\u044f\u0434\u043d\u043e\u0435 \u0443\u0441\u0442\u0440\u043e\u0439\u0441\u0442\u0432\u043e Goal Zero Sherpa 100 PD Power Pack - \u041c\u0430\u0433\u0430\u0437\u0438\u043d Xstyle","isPartOf":{"@id":"https:\/\/xstyle.md\/#website"},"primaryImageOfPage":{"@id":"https:\/\/xstyle.md\/product\/zaryadnoe-ustrojstvo-goalzero-sherpa-100-pd-power-pack\/#primaryimage"},"image":{"@id":"https:\/\/xstyle.md\/product\/zaryadnoe-ustrojstvo-goalzero-sherpa-100-pd-power-pack\/#primaryimage"},"thumbnailUrl":"https:\/\/xstyle.md\/wp-content\/uploads\/2023\/03\/goalzero-sherpa-100-pd-power-pack.jpg","datePublished":"2023-03-29T13:53:22+00:00","dateModified":"2025-01-10T12:12:12+00:00","description":"\u00cenc\u0103rc\u0103tor GoalZero Sherpa 100 PD Power Pack: un power bank puternic, fiabil \u0219i versatil, cu suport pentru USB-C \u0219i Qi pentru gadgeturile tale.","breadcrumb":{"@id":"https:\/\/xstyle.md\/product\/zaryadnoe-ustrojstvo-goalzero-sherpa-100-pd-power-pack\/#breadcrumb"},"inLanguage":"ro-RO","potentialAction":[{"@type":"ReadAction","target":["https:\/\/xstyle.md\/product\/zaryadnoe-ustrojstvo-goalzero-sherpa-100-pd-power-pack\/"]}]},{"@type":"ImageObject","inLanguage":"ro-RO","@id":"https:\/\/xstyle.md\/product\/zaryadnoe-ustrojstvo-goalzero-sherpa-100-pd-power-pack\/#primaryimage","url":"https:\/\/xstyle.md\/wp-content\/uploads\/2023\/03\/goalzero-sherpa-100-pd-power-pack.jpg","contentUrl":"https:\/\/xstyle.md\/wp-content\/uploads\/2023\/03\/goalzero-sherpa-100-pd-power-pack.jpg","width":597,"height":598,"caption":"\u041c\u043e\u0431\u0438\u043b\u044c\u043d\u044b\u0439 \u0437\u0430\u0440\u044f\u0434\u043d\u043e\u0435 \u0443\u0441\u0442\u0440\u043e\u0439\u0441\u0442\u0432\u043e Goal Zero Sherpa 100 PD \u0434\u043b\u044f \u0430\u043a\u0442\u0438\u0432\u043d\u043e\u0433\u043e \u043e\u0442\u0434\u044b\u0445\u0430 \u043f\u043e\u0445\u043e\u0434\u043e\u0432 \u043f\u0443\u0442\u0435\u0448\u0435\u0441\u0442\u0432\u0438\u0439 \u0438 \u0441\u043f\u043e\u0440\u0442\u0438\u0432\u043d\u043e\u0439 \u043e\u0434\u0435\u0436\u0434\u044b \u0438 \u043e\u0431\u0443\u0432\u0438 \u0434\u043b\u044f \u0442\u0443\u0440\u0438\u0437\u043c\u0430 \u0438 \u0430\u043b\u044c\u043f\u0438\u043d\u0438\u0437\u043c\u0430"},{"@type":"BreadcrumbList","@id":"https:\/\/xstyle.md\/product\/zaryadnoe-ustrojstvo-goalzero-sherpa-100-pd-power-pack\/#breadcrumb","itemListElement":[{"@type":"ListItem","position":1,"name":"\u0413\u043b\u0430\u0432\u043d\u0430\u044f \u0441\u0442\u0440\u0430\u043d\u0438\u0446\u0430","item":"https:\/\/xstyle.md\/"},{"@type":"ListItem","position":2,"name":"\u041c\u0430\u0433\u0430\u0437\u0438\u043d","item":"https:\/\/xstyle.md\/shop\/"},{"@type":"ListItem","position":3,"name":"\u0417\u0430\u0440\u044f\u0434\u043d\u043e\u0435 \u0443\u0441\u0442\u0440\u043e\u0439\u0441\u0442\u0432\u043e Goal Zero Sherpa 100 PD Power Pack"}]},{"@type":"WebSite","@id":"https:\/\/xstyle.md\/#website","url":"https:\/\/xstyle.md\/","name":"Magazinul X-Style","description":"Echipamente pentru turism \u0219i sporturi extreme \u00een Moldova. Pre\u021buri, fotografii, caracteristici \u00een Moldova.","publisher":{"@id":"https:\/\/xstyle.md\/#organization"},"alternateName":"X-Style","potentialAction":[{"@type":"SearchAction","target":{"@type":"EntryPoint","urlTemplate":"https:\/\/xstyle.md\/?s={search_term_string}"},"query-input":{"@type":"PropertyValueSpecification","valueRequired":true,"valueName":"search_term_string"}}],"inLanguage":"ro-RO"},{"@type":"Organization","@id":"https:\/\/xstyle.md\/#organization","name":"Magazinul X-Style","alternateName":"x-style","url":"https:\/\/xstyle.md\/","logo":{"@type":"ImageObject","inLanguage":"ro-RO","@id":"https:\/\/xstyle.md\/#\/schema\/logo\/image\/","url":"https:\/\/xstyle.md\/wp-content\/uploads\/2020\/06\/logoicon.svg","contentUrl":"https:\/\/xstyle.md\/wp-content\/uploads\/2020\/06\/logoicon.svg","caption":"\u041c\u0430\u0433\u0430\u0437\u0438\u043d Xstyle"},"image":{"@id":"https:\/\/xstyle.md\/#\/schema\/logo\/image\/"},"sameAs":["https:\/\/www.facebook.com\/xstylemd","https:\/\/www.instagram.com\/xstyle_md\/","https:\/\/t.me\/xstyle_outdoor"],"hasMerchantReturnPolicy":{"@type":"MerchantReturnPolicy","merchantReturnLink":"https:\/\/xstyle.md\/ro\/conditions\/"}}]},"product_price_amount":"5590.00","product_price_currency":"MDL","og_availability":"instock","product_availability":"instock","product_retailer_item_id":"2000999768750","product_condition":"new"},"_links":{"self":[{"href":"https:\/\/xstyle.md\/ro\/wp-json\/wp\/v2\/product\/66350","targetHints":{"allow":["GET"]}}],"collection":[{"href":"https:\/\/xstyle.md\/ro\/wp-json\/wp\/v2\/product"}],"about":[{"href":"https:\/\/xstyle.md\/ro\/wp-json\/wp\/v2\/types\/product"}],"replies":[{"embeddable":true,"href":"https:\/\/xstyle.md\/ro\/wp-json\/wp\/v2\/comments?post=66350"}],"wp:featuredmedia":[{"embeddable":true,"href":"https:\/\/xstyle.md\/ro\/wp-json\/wp\/v2\/media\/66860"}],"wp:attachment":[{"href":"https:\/\/xstyle.md\/ro\/wp-json\/wp\/v2\/media?parent=66350"}],"wp:term":[{"taxonomy":"product_brand","embeddable":true,"href":"https:\/\/xstyle.md\/ro\/wp-json\/wp\/v2\/product_brand?post=66350"},{"taxonomy":"product_cat","embeddable":true,"href":"https:\/\/xstyle.md\/ro\/wp-json\/wp\/v2\/product_cat?post=66350"},{"taxonomy":"product_tag","embeddable":true,"href":"https:\/\/xstyle.md\/ro\/wp-json\/wp\/v2\/product_tag?post=66350"}],"curies":[{"name":"wp","href":"https:\/\/api.w.org\/{rel}","templated":true}]}}