{"id":66300,"date":"2023-03-29T16:53:11","date_gmt":"2023-03-29T13:53:11","guid":{"rendered":"https:\/\/xstyle.md\/?post_type=product&#038;p=66300"},"modified":"2024-10-21T09:33:41","modified_gmt":"2024-10-21T06:33:41","slug":"veloperchatki-bluegrass-react-black-2","status":"publish","type":"product","link":"https:\/\/xstyle.md\/ro\/produs\/veloperchatki-bluegrass-react-black-2\/","title":{"rendered":"M\u0103nu\u0219i Bluegrass React black"},"content":{"rendered":"<\/p>\n<p><strong>Bluegrass React black<\/strong> &#8212; o pereche de m\u0103nu\u0219i de ciclism fiabile \u0219i durabile, potrivite pentru downhill, trail \u0219i cross country. Palma sub\u021bire \u0219i moale ofer\u0103 confort pe ghidon, chiar \u0219i atunci c\u00e2nd faci freeride pe zg\u00e2rie-nori. \u021aes\u0103tura din partea superioar\u0103 este o plas\u0103 elastic\u0103 u\u0219oar\u0103 \u0219i respirabil\u0103, care v\u0103 va men\u021bine m\u00e2inile proaspete \u00een timpul celor mai lungi plimb\u0103ri. Combina\u021bia perfect\u0103 de confort \u0219i calitate.<\/p>\n<h3>Particularit\u0103\u021bi<\/h3>\n<ul>\n<li>Inser\u021biile de amortizare sunt plasate pe palm\u0103 pentru a preveni durerea cauzat\u0103 de c\u0103l\u0103ria prelungit\u0103.<\/li>\n<li>Zona flexibil\u0103 din zona articula\u021biilor degetelor de fr\u00e2n\u0103 nu \u00eempiedic\u0103 mi\u0219carea. Dungile de silicon de pe degetele ar\u0103t\u0103tor \u0219i mijlociu \u00eent\u0103resc aderen\u021ba.<\/li>\n<li>Partea exterioar\u0103 a m\u00e2inii este acoperit\u0103 cu o plas\u0103 durabil\u0103 \u0219i elastic\u0103 \u00een patru direc\u021bii, care \u00eembun\u0103t\u0103\u021be\u0219te schimbul de c\u0103ldur\u0103 \u0219i elimin\u0103 umezeala.<\/li>\n<li>Materialul perforat de pe partea palmei contribuie la ventila\u021bie \u0219i confort.<\/li>\n<li>Man\u0219eta de neopren bine ajustat\u0103 fixeaz\u0103 m\u0103nu\u0219a la \u00eencheietura m\u00e2inii.<\/li>\n<li>\u00cenchiderea superioar\u0103 cu silicon permite ajustarea individual\u0103 a diametrului man\u0219etei.<\/li>\n<li>Degetele sunt acoperite cu un material moale la atingere pentru \u00eendep\u0103rtarea u\u0219oar\u0103 a murd\u0103riei \u0219i a transpira\u021biei de pe fa\u021b\u0103 \u0219i de pe ochelari.<\/li>\n<li>Exist\u0103, de asemenea, tampoane de cavitate pe degete care \u00eent\u0103resc durabilitatea \u0219i ajut\u0103 la evitarea ud\u0103rii asociate cu o pedalare agresiv\u0103 prelungit\u0103.<\/li>\n<li>Exist\u0103 o inser\u021bie suplimentar\u0103 de \u00eent\u0103rire \u00een zona degetului mare.<\/li>\n<li>Cus\u0103turile conductoare din v\u00e2rful degetelor permit utilizarea dispozitivelor cu ecran tactil f\u0103r\u0103 a scoate m\u0103nu\u0219ile.<\/li>\n<li>Imprimeul color este imprimat prin sublimare, care este durabil: nu se decoloreaz\u0103 la soare \u0219i nu se estompeaz\u0103 la sp\u0103lare.<\/li>\n<\/ul>\n<p><\/p>\n<h3>Marca<\/h3>\n<p>Bluegrass - este o filial\u0103 a renumitei companii italiene MET, unul dintre cei mai importan\u021bi produc\u0103tori de c\u0103\u0219ti de ciclism din lume, cu o istorie de peste 30 de ani. Se concentreaz\u0103 pe produc\u021bia de protec\u021bie pentru discipline extreme: downhill, enduro, BMX etc. Sportivi de renume particip\u0103 la dezvoltarea \u0219i testarea modelelor. Marca ofer\u0103 o varietate de echipamente de siguran\u021b\u0103, inclusiv genunchi articula\u021bi, protec\u021bii pentru coate, protec\u021bii capitonate pentru articula\u021bii, m\u0103nu\u0219i, c\u0103\u0219ti de bowler \u0219i multe altele. Produsele Bluegrass sunt conforme cu cerin\u021bele interna\u021bionale de siguran\u021b\u0103 \u0219i au un design elegant.<\/p>","protected":false},"excerpt":{"rendered":"<p>\u0411\u0440\u0435\u043d\u0434 Bluegrass &#8212; \u0434\u043e\u0447\u0435\u0440\u043d\u0438\u0439 \u0431\u0440\u0435\u043d\u0434 \u0437\u043d\u0430\u043c\u0435\u043d\u0438\u0442\u043e\u0439 \u0438\u0442\u0430\u043b\u044c\u044f\u043d\u0441\u043a\u043e\u0439 \u043a\u043e\u043c\u043f\u0430\u043d\u0438\u0438 MET, \u043e\u0434\u043d\u043e\u0433\u043e \u0438\u0437 \u0432\u0435\u0434\u0443\u0449\u0438\u0445 \u043c\u0438\u0440\u043e\u0432\u044b\u0445 \u043f\u0440\u043e\u0438\u0437\u0432\u043e\u0434\u0438\u0442\u0435\u043b\u0435\u0439 \u0432\u0435\u043b\u043e\u0441\u0438\u043f\u0435\u0434\u043d\u044b\u0445 \u0448\u043b\u0435\u043c\u043e\u0432 \u0441 \u0431\u043e\u043b\u0435\u0435 \u0447\u0435\u043c 30-\u043b\u0435\u0442\u043d\u0435\u0439 \u0438\u0441\u0442\u043e\u0440\u0438\u0435\u0439. \u0424\u043e\u043a\u0443\u0441\u0438\u0440\u0443\u0435\u0442\u0441\u044f \u043d\u0430 \u043f\u0440\u043e\u0438\u0437\u0432\u043e\u0434\u0441\u0442\u0432\u0435 \u0437\u0430\u0449\u0438\u0442\u044b \u0434\u043b\u044f \u044d\u043a\u0441\u0442\u0440\u0435\u043c\u0430\u043b\u044c\u043d\u044b\u0445 \u0434\u0438\u0441\u0446\u0438\u043f\u043b\u0438\u043d: \u0434\u0430\u0443\u043d\u0445\u0438\u043b\u043b\u0430, \u044d\u043d\u0434\u0443\u0440\u043e, BMX \u0438 \u043f\u0440. \u0412 \u0440\u0430\u0437\u0440\u0430\u0431\u043e\u0442\u043a\u0435 \u0438 \u0442\u0435\u0441\u0442\u0438\u0440\u043e\u0432\u0430\u043d\u0438\u0438 \u043c\u043e\u0434\u0435\u043b\u0435\u0439 \u043f\u0440\u0438\u043d\u0438\u043c\u0430\u044e\u0442 \u0443\u0447\u0430\u0441\u0442\u0438\u0435 \u0432\u0435\u0434\u0443\u0449\u0438\u0435 \u0441\u043f\u043e\u0440\u0442\u0441\u043c\u0435\u043d\u044b. \u0412 \u0430\u0441\u0441\u043e\u0440\u0442\u0438\u043c\u0435\u043d\u0442\u0435 \u0431\u0440\u0435\u043d\u0434\u0430 \u043c\u043e\u0436\u043d\u043e \u0432\u0441\u0442\u0440\u0435\u0442\u0438\u0442\u044c \u0440\u0430\u0437\u043b\u0438\u0447\u043d\u044b\u0435 \u043c\u043e\u0434\u0435\u043b\u0438 \u0437\u0430\u0449\u0438\u0442\u043d\u043e\u0439 \u044d\u043a\u0438\u043f\u0438\u0440\u043e\u0432\u043a\u0438, \u0432 \u0442\u043e\u043c \u0447\u0438\u0441\u043b\u0435 \u0431\u0435\u0441\u0448\u0430\u0440\u043d\u0438\u0440\u043d\u044b\u0435 [&hellip;]<\/p>\n","protected":false},"featured_media":66396,"comment_status":"open","ping_status":"closed","template":"","meta":{"_acf_changed":false,"inline_featured_image":false},"product_brand":[1371],"product_cat":[886],"product_tag":[],"class_list":{"0":"post-66300","1":"product","2":"type-product","3":"status-publish","4":"has-post-thumbnail","6":"product_brand-met","7":"product_cat-manusi-de-ciclism","9":"first","10":"instock","11":"shipping-taxable","12":"purchasable","13":"product-type-simple"},"acf":[],"yoast_head":"<!-- This site is optimized with the Yoast SEO plugin v27.2 - https:\/\/yoast.com\/product\/yoast-seo-wordpress\/ -->\n<title>\u0412\u0435\u043b\u043e\u043f\u0435\u0440\u0447\u0430\u0442\u043a\u0438 Bluegrass React black - \u041c\u0430\u0433\u0430\u0437\u0438\u043d Xstyle<\/title>\n<meta name=\"description\" content=\"\u0412\u0435\u043b\u043e\u043f\u0435\u0440\u0447\u0430\u0442\u043a\u0438 Bluegrass React black \u2013 \u043d\u0430\u0434\u0435\u0436\u043d\u044b\u0435 \u0438 \u0443\u0434\u043e\u0431\u043d\u044b\u0435 \u0434\u043b\u044f \u0441\u043f\u0443\u0441\u043a\u0430 \u0438 \u043a\u0440\u043e\u0441\u0441-\u043a\u0430\u043d\u0442\u0440\u0438. \u041b\u0435\u0433\u043a\u0430\u044f \u0438 \u0434\u044b\u0448\u0430\u0449\u0430\u044f \u0442\u043a\u0430\u043d\u044c \u043e\u0431\u0435\u0441\u043f\u0435\u0447\u0438\u0442 \u043a\u043e\u043c\u0444\u043e\u0440\u0442 \u043d\u0430 \u0434\u043e\u043b\u0433\u0438\u0445 \u043f\u043e\u0435\u0437\u0434\u043a\u0430\u0445.\" \/>\n<meta name=\"robots\" content=\"index, follow, max-snippet:-1, max-image-preview:large, max-video-preview:-1\" \/>\n<link rel=\"canonical\" href=\"https:\/\/xstyle.md\/ro\/produs\/veloperchatki-bluegrass-react-black-2\/\" \/>\n<meta property=\"og:locale\" content=\"ro_RO\" \/>\n<meta property=\"og:type\" content=\"article\" \/>\n<meta property=\"og:title\" content=\"\u0412\u0435\u043b\u043e\u043f\u0435\u0440\u0447\u0430\u0442\u043a\u0438 Bluegrass React black - \u041c\u0430\u0433\u0430\u0437\u0438\u043d Xstyle\" \/>\n<meta property=\"og:description\" content=\"\u0412\u0435\u043b\u043e\u043f\u0435\u0440\u0447\u0430\u0442\u043a\u0438 Bluegrass React black \u2013 \u043d\u0430\u0434\u0435\u0436\u043d\u044b\u0435 \u0438 \u0443\u0434\u043e\u0431\u043d\u044b\u0435 \u0434\u043b\u044f \u0441\u043f\u0443\u0441\u043a\u0430 \u0438 \u043a\u0440\u043e\u0441\u0441-\u043a\u0430\u043d\u0442\u0440\u0438. \u041b\u0435\u0433\u043a\u0430\u044f \u0438 \u0434\u044b\u0448\u0430\u0449\u0430\u044f \u0442\u043a\u0430\u043d\u044c \u043e\u0431\u0435\u0441\u043f\u0435\u0447\u0438\u0442 \u043a\u043e\u043c\u0444\u043e\u0440\u0442 \u043d\u0430 \u0434\u043e\u043b\u0433\u0438\u0445 \u043f\u043e\u0435\u0437\u0434\u043a\u0430\u0445.\" \/>\n<meta property=\"og:url\" content=\"https:\/\/xstyle.md\/ro\/produs\/veloperchatki-bluegrass-react-black-2\/\" \/>\n<meta property=\"og:site_name\" content=\"\u041c\u0430\u0433\u0430\u0437\u0438\u043d Xstyle\" \/>\n<meta property=\"article:publisher\" content=\"https:\/\/www.facebook.com\/xstylemd\" \/>\n<meta property=\"article:modified_time\" content=\"2024-10-21T06:33:41+00:00\" \/>\n<meta property=\"og:image\" content=\"https:\/\/xstyle.md\/wp-content\/uploads\/2023\/03\/bluegrass-react-black.jpg\" \/>\n\t<meta property=\"og:image:width\" content=\"1200\" \/>\n\t<meta property=\"og:image:height\" content=\"780\" \/>\n\t<meta property=\"og:image:type\" content=\"image\/jpeg\" \/>\n<meta name=\"twitter:card\" content=\"summary_large_image\" \/>\n<meta name=\"twitter:label1\" content=\"Pre\u021b\" \/>\n\t<meta name=\"twitter:data1\" content=\"895&nbsp;MDL\" \/>\n\t<meta name=\"twitter:label2\" content=\"Disponibilitate\" \/>\n\t<meta name=\"twitter:data2\" content=\"\u00cen stoc\" \/>\n<script type=\"application\/ld+json\" class=\"yoast-schema-graph\">{\"@context\":\"https:\/\/schema.org\",\"@graph\":[{\"@type\":\"WebPage\",\"@id\":\"https:\/\/xstyle.md\/product\/veloperchatki-bluegrass-react-black-2\/\",\"url\":\"https:\/\/xstyle.md\/product\/veloperchatki-bluegrass-react-black-2\/\",\"name\":\"\u0412\u0435\u043b\u043e\u043f\u0435\u0440\u0447\u0430\u0442\u043a\u0438 Bluegrass React black - \u041c\u0430\u0433\u0430\u0437\u0438\u043d Xstyle\",\"isPartOf\":{\"@id\":\"https:\/\/xstyle.md\/#website\"},\"primaryImageOfPage\":{\"@id\":\"https:\/\/xstyle.md\/product\/veloperchatki-bluegrass-react-black-2\/#primaryimage\"},\"image\":{\"@id\":\"https:\/\/xstyle.md\/product\/veloperchatki-bluegrass-react-black-2\/#primaryimage\"},\"thumbnailUrl\":\"https:\/\/xstyle.md\/wp-content\/uploads\/2023\/03\/bluegrass-react-black.jpg\",\"datePublished\":\"2023-03-29T13:53:11+00:00\",\"dateModified\":\"2024-10-21T06:33:41+00:00\",\"description\":\"\u0412\u0435\u043b\u043e\u043f\u0435\u0440\u0447\u0430\u0442\u043a\u0438 Bluegrass React black \u2013 \u043d\u0430\u0434\u0435\u0436\u043d\u044b\u0435 \u0438 \u0443\u0434\u043e\u0431\u043d\u044b\u0435 \u0434\u043b\u044f \u0441\u043f\u0443\u0441\u043a\u0430 \u0438 \u043a\u0440\u043e\u0441\u0441-\u043a\u0430\u043d\u0442\u0440\u0438. \u041b\u0435\u0433\u043a\u0430\u044f \u0438 \u0434\u044b\u0448\u0430\u0449\u0430\u044f \u0442\u043a\u0430\u043d\u044c \u043e\u0431\u0435\u0441\u043f\u0435\u0447\u0438\u0442 \u043a\u043e\u043c\u0444\u043e\u0440\u0442 \u043d\u0430 \u0434\u043e\u043b\u0433\u0438\u0445 \u043f\u043e\u0435\u0437\u0434\u043a\u0430\u0445.\",\"breadcrumb\":{\"@id\":\"https:\/\/xstyle.md\/product\/veloperchatki-bluegrass-react-black-2\/#breadcrumb\"},\"inLanguage\":\"ro-RO\",\"potentialAction\":[{\"@type\":\"ReadAction\",\"target\":[\"https:\/\/xstyle.md\/product\/veloperchatki-bluegrass-react-black-2\/\"]}]},{\"@type\":\"ImageObject\",\"inLanguage\":\"ro-RO\",\"@id\":\"https:\/\/xstyle.md\/product\/veloperchatki-bluegrass-react-black-2\/#primaryimage\",\"url\":\"https:\/\/xstyle.md\/wp-content\/uploads\/2023\/03\/bluegrass-react-black.jpg\",\"contentUrl\":\"https:\/\/xstyle.md\/wp-content\/uploads\/2023\/03\/bluegrass-react-black.jpg\",\"width\":1200,\"height\":780,\"caption\":\"\u0412\u0435\u043b\u043e\u043f\u0435\u0440\u0447\u0430\u0442\u043a\u0438 Bluegrass React \u0447\u0435\u0440\u043d\u044b\u0435 \u0434\u043b\u044f \u0430\u043a\u0442\u0438\u0432\u043d\u043e\u0433\u043e \u043e\u0442\u0434\u044b\u0445\u0430, \u043f\u0443\u0442\u0435\u0448\u0435\u0441\u0442\u0432\u0438\u0439, \u0445\u0430\u0439\u043a\u0438\u043d\u0433\u0430 \u0438 \u0430\u043b\u044c\u043f\u0438\u043d\u0438\u0437\u043c\u0430 \u0434\u043b\u044f \u043e\u043d\u043b\u0430\u0439\u043d \u043c\u0430\u0433\u0430\u0437\u0438\u043d\u0430 \u0441\u043f\u043e\u0440\u0442\u0438\u0432\u043d\u043e\u0439 \u043e\u0434\u0435\u0436\u0434\u044b \u0438 \u043e\u0431\u0443\u0432\u0438\"},{\"@type\":\"BreadcrumbList\",\"@id\":\"https:\/\/xstyle.md\/product\/veloperchatki-bluegrass-react-black-2\/#breadcrumb\",\"itemListElement\":[{\"@type\":\"ListItem\",\"position\":1,\"name\":\"\u0413\u043b\u0430\u0432\u043d\u0430\u044f \u0441\u0442\u0440\u0430\u043d\u0438\u0446\u0430\",\"item\":\"https:\/\/xstyle.md\/\"},{\"@type\":\"ListItem\",\"position\":2,\"name\":\"\u041c\u0430\u0433\u0430\u0437\u0438\u043d\",\"item\":\"https:\/\/xstyle.md\/shop\/\"},{\"@type\":\"ListItem\",\"position\":3,\"name\":\"\u0412\u0435\u043b\u043e\u043f\u0435\u0440\u0447\u0430\u0442\u043a\u0438 Bluegrass React black\"}]},{\"@type\":\"WebSite\",\"@id\":\"https:\/\/xstyle.md\/#website\",\"url\":\"https:\/\/xstyle.md\/\",\"name\":\"\u041c\u0430\u0433\u0430\u0437\u0438\u043d Xstyle\",\"description\":\"C\u043d\u0430\u0440\u044f\u0436\u0435\u043d\u0438\u0435 \u0434\u043b\u044f \u0442\u0443\u0440\u0438\u0437\u043c\u0430 \u0438 \u044d\u043a\u0441\u0442\u0440\u0435\u043c\u0430\u043b\u044c\u043d\u044b\u0445 \u0432\u0438\u0434\u043e\u0432 \u0441\u043f\u043e\u0440\u0442\u0430 \u0432 \u041c\u043e\u043b\u0434\u043e\u0432\u0435.. \u0426\u0435\u043d\u044b, \u0444\u043e\u0442\u043e, \u0445\u0430\u0440\u0430\u043a\u0442\u0435\u0440\u0438\u0441\u0442\u0438\u043a\u0438 \u0432 \u041c\u043e\u043b\u0434\u043e\u0432\u0435.\",\"publisher\":{\"@id\":\"https:\/\/xstyle.md\/#organization\"},\"alternateName\":\"X-Style\",\"potentialAction\":[{\"@type\":\"SearchAction\",\"target\":{\"@type\":\"EntryPoint\",\"urlTemplate\":\"https:\/\/xstyle.md\/?s={search_term_string}\"},\"query-input\":{\"@type\":\"PropertyValueSpecification\",\"valueRequired\":true,\"valueName\":\"search_term_string\"}}],\"inLanguage\":\"ro-RO\"},{\"@type\":\"Organization\",\"@id\":\"https:\/\/xstyle.md\/#organization\",\"name\":\"\u041c\u0430\u0433\u0430\u0437\u0438\u043d Xstyle\",\"alternateName\":\"x-style\",\"url\":\"https:\/\/xstyle.md\/\",\"logo\":{\"@type\":\"ImageObject\",\"inLanguage\":\"ro-RO\",\"@id\":\"https:\/\/xstyle.md\/#\/schema\/logo\/image\/\",\"url\":\"https:\/\/xstyle.md\/wp-content\/uploads\/2020\/06\/logoicon.svg\",\"contentUrl\":\"https:\/\/xstyle.md\/wp-content\/uploads\/2020\/06\/logoicon.svg\",\"caption\":\"\u041c\u0430\u0433\u0430\u0437\u0438\u043d Xstyle\"},\"image\":{\"@id\":\"https:\/\/xstyle.md\/#\/schema\/logo\/image\/\"},\"sameAs\":[\"https:\/\/www.facebook.com\/xstylemd\",\"https:\/\/www.instagram.com\/xstyle_md\/\",\"https:\/\/t.me\/xstyle_outdoor\"],\"hasMerchantReturnPolicy\":{\"@type\":\"MerchantReturnPolicy\",\"merchantReturnLink\":\"https:\/\/xstyle.md\/ro\/conditions\/\"}}]}<\/script>\n<meta property=\"product:price:amount\" content=\"895.00\" \/>\n<meta property=\"product:price:currency\" content=\"MDL\" \/>\n<meta property=\"og:availability\" content=\"instock\" \/>\n<meta property=\"product:availability\" content=\"instock\" \/>\n<meta property=\"product:retailer_item_id\" content=\"8015190285825\" \/>\n<meta property=\"product:condition\" content=\"new\" \/>\n<!-- \/ Yoast SEO plugin. -->","yoast_head_json":{"title":"M\u0103nu\u0219i Bluegrass React black - Magazin Xstyle","description":"M\u0103nu\u0219ile de ciclism Bluegrass React black \u2013 fiabile \u0219i confortabile pentru cobor\u00e2re \u0219i cross-country. Materialul u\u0219or \u0219i respirabil va asigura confortul pe distan\u021be lungi.","robots":{"index":"index","follow":"follow","max-snippet":"max-snippet:-1","max-image-preview":"max-image-preview:large","max-video-preview":"max-video-preview:-1"},"canonical":"https:\/\/xstyle.md\/ro\/produs\/veloperchatki-bluegrass-react-black-2\/","og_locale":"ro_RO","og_type":"article","og_title":"\u0412\u0435\u043b\u043e\u043f\u0435\u0440\u0447\u0430\u0442\u043a\u0438 Bluegrass React black - \u041c\u0430\u0433\u0430\u0437\u0438\u043d Xstyle","og_description":"\u0412\u0435\u043b\u043e\u043f\u0435\u0440\u0447\u0430\u0442\u043a\u0438 Bluegrass React black \u2013 \u043d\u0430\u0434\u0435\u0436\u043d\u044b\u0435 \u0438 \u0443\u0434\u043e\u0431\u043d\u044b\u0435 \u0434\u043b\u044f \u0441\u043f\u0443\u0441\u043a\u0430 \u0438 \u043a\u0440\u043e\u0441\u0441-\u043a\u0430\u043d\u0442\u0440\u0438. \u041b\u0435\u0433\u043a\u0430\u044f \u0438 \u0434\u044b\u0448\u0430\u0449\u0430\u044f \u0442\u043a\u0430\u043d\u044c \u043e\u0431\u0435\u0441\u043f\u0435\u0447\u0438\u0442 \u043a\u043e\u043c\u0444\u043e\u0440\u0442 \u043d\u0430 \u0434\u043e\u043b\u0433\u0438\u0445 \u043f\u043e\u0435\u0437\u0434\u043a\u0430\u0445.","og_url":"https:\/\/xstyle.md\/ro\/produs\/veloperchatki-bluegrass-react-black-2\/","og_site_name":"\u041c\u0430\u0433\u0430\u0437\u0438\u043d Xstyle","article_publisher":"https:\/\/www.facebook.com\/xstylemd","article_modified_time":"2024-10-21T06:33:41+00:00","og_image":[{"width":1200,"height":780,"url":"https:\/\/xstyle.md\/wp-content\/uploads\/2023\/03\/bluegrass-react-black.jpg","type":"image\/jpeg"}],"twitter_card":"summary_large_image","twitter_misc":{"Pre\u021b":"895&nbsp;MDL","Disponibilitate":"\u00cen stoc"},"schema":{"@context":"https:\/\/schema.org","@graph":[{"@type":"WebPage","@id":"https:\/\/xstyle.md\/product\/veloperchatki-bluegrass-react-black-2\/","url":"https:\/\/xstyle.md\/product\/veloperchatki-bluegrass-react-black-2\/","name":"M\u0103nu\u0219i Bluegrass React black - Magazin Xstyle","isPartOf":{"@id":"https:\/\/xstyle.md\/#website"},"primaryImageOfPage":{"@id":"https:\/\/xstyle.md\/product\/veloperchatki-bluegrass-react-black-2\/#primaryimage"},"image":{"@id":"https:\/\/xstyle.md\/product\/veloperchatki-bluegrass-react-black-2\/#primaryimage"},"thumbnailUrl":"https:\/\/xstyle.md\/wp-content\/uploads\/2023\/03\/bluegrass-react-black.jpg","datePublished":"2023-03-29T13:53:11+00:00","dateModified":"2024-10-21T06:33:41+00:00","description":"M\u0103nu\u0219ile de ciclism Bluegrass React black \u2013 fiabile \u0219i confortabile pentru cobor\u00e2re \u0219i cross-country. Materialul u\u0219or \u0219i respirabil va asigura confortul pe distan\u021be lungi.","breadcrumb":{"@id":"https:\/\/xstyle.md\/product\/veloperchatki-bluegrass-react-black-2\/#breadcrumb"},"inLanguage":"ro-RO","potentialAction":[{"@type":"ReadAction","target":["https:\/\/xstyle.md\/product\/veloperchatki-bluegrass-react-black-2\/"]}]},{"@type":"ImageObject","inLanguage":"ro-RO","@id":"https:\/\/xstyle.md\/product\/veloperchatki-bluegrass-react-black-2\/#primaryimage","url":"https:\/\/xstyle.md\/wp-content\/uploads\/2023\/03\/bluegrass-react-black.jpg","contentUrl":"https:\/\/xstyle.md\/wp-content\/uploads\/2023\/03\/bluegrass-react-black.jpg","width":1200,"height":780,"caption":"\u0412\u0435\u043b\u043e\u043f\u0435\u0440\u0447\u0430\u0442\u043a\u0438 Bluegrass React \u0447\u0435\u0440\u043d\u044b\u0435 \u0434\u043b\u044f \u0430\u043a\u0442\u0438\u0432\u043d\u043e\u0433\u043e \u043e\u0442\u0434\u044b\u0445\u0430, \u043f\u0443\u0442\u0435\u0448\u0435\u0441\u0442\u0432\u0438\u0439, \u0445\u0430\u0439\u043a\u0438\u043d\u0433\u0430 \u0438 \u0430\u043b\u044c\u043f\u0438\u043d\u0438\u0437\u043c\u0430 \u0434\u043b\u044f \u043e\u043d\u043b\u0430\u0439\u043d \u043c\u0430\u0433\u0430\u0437\u0438\u043d\u0430 \u0441\u043f\u043e\u0440\u0442\u0438\u0432\u043d\u043e\u0439 \u043e\u0434\u0435\u0436\u0434\u044b \u0438 \u043e\u0431\u0443\u0432\u0438"},{"@type":"BreadcrumbList","@id":"https:\/\/xstyle.md\/product\/veloperchatki-bluegrass-react-black-2\/#breadcrumb","itemListElement":[{"@type":"ListItem","position":1,"name":"\u0413\u043b\u0430\u0432\u043d\u0430\u044f \u0441\u0442\u0440\u0430\u043d\u0438\u0446\u0430","item":"https:\/\/xstyle.md\/"},{"@type":"ListItem","position":2,"name":"\u041c\u0430\u0433\u0430\u0437\u0438\u043d","item":"https:\/\/xstyle.md\/shop\/"},{"@type":"ListItem","position":3,"name":"\u0412\u0435\u043b\u043e\u043f\u0435\u0440\u0447\u0430\u0442\u043a\u0438 Bluegrass React black"}]},{"@type":"WebSite","@id":"https:\/\/xstyle.md\/#website","url":"https:\/\/xstyle.md\/","name":"Magazinul X-Style","description":"Echipamente pentru turism \u0219i sporturi extreme \u00een Moldova. Pre\u021buri, fotografii, caracteristici \u00een Moldova.","publisher":{"@id":"https:\/\/xstyle.md\/#organization"},"alternateName":"X-Style","potentialAction":[{"@type":"SearchAction","target":{"@type":"EntryPoint","urlTemplate":"https:\/\/xstyle.md\/?s={search_term_string}"},"query-input":{"@type":"PropertyValueSpecification","valueRequired":true,"valueName":"search_term_string"}}],"inLanguage":"ro-RO"},{"@type":"Organization","@id":"https:\/\/xstyle.md\/#organization","name":"Magazinul X-Style","alternateName":"x-style","url":"https:\/\/xstyle.md\/","logo":{"@type":"ImageObject","inLanguage":"ro-RO","@id":"https:\/\/xstyle.md\/#\/schema\/logo\/image\/","url":"https:\/\/xstyle.md\/wp-content\/uploads\/2020\/06\/logoicon.svg","contentUrl":"https:\/\/xstyle.md\/wp-content\/uploads\/2020\/06\/logoicon.svg","caption":"\u041c\u0430\u0433\u0430\u0437\u0438\u043d Xstyle"},"image":{"@id":"https:\/\/xstyle.md\/#\/schema\/logo\/image\/"},"sameAs":["https:\/\/www.facebook.com\/xstylemd","https:\/\/www.instagram.com\/xstyle_md\/","https:\/\/t.me\/xstyle_outdoor"],"hasMerchantReturnPolicy":{"@type":"MerchantReturnPolicy","merchantReturnLink":"https:\/\/xstyle.md\/ro\/conditions\/"}}]},"product_price_amount":"895.00","product_price_currency":"MDL","og_availability":"instock","product_availability":"instock","product_retailer_item_id":"8015190285825","product_condition":"new"},"post_mailing_queue_ids":[],"_links":{"self":[{"href":"https:\/\/xstyle.md\/ro\/wp-json\/wp\/v2\/product\/66300","targetHints":{"allow":["GET"]}}],"collection":[{"href":"https:\/\/xstyle.md\/ro\/wp-json\/wp\/v2\/product"}],"about":[{"href":"https:\/\/xstyle.md\/ro\/wp-json\/wp\/v2\/types\/product"}],"replies":[{"embeddable":true,"href":"https:\/\/xstyle.md\/ro\/wp-json\/wp\/v2\/comments?post=66300"}],"wp:featuredmedia":[{"embeddable":true,"href":"https:\/\/xstyle.md\/ro\/wp-json\/wp\/v2\/media\/66396"}],"wp:attachment":[{"href":"https:\/\/xstyle.md\/ro\/wp-json\/wp\/v2\/media?parent=66300"}],"wp:term":[{"taxonomy":"product_brand","embeddable":true,"href":"https:\/\/xstyle.md\/ro\/wp-json\/wp\/v2\/product_brand?post=66300"},{"taxonomy":"product_cat","embeddable":true,"href":"https:\/\/xstyle.md\/ro\/wp-json\/wp\/v2\/product_cat?post=66300"},{"taxonomy":"product_tag","embeddable":true,"href":"https:\/\/xstyle.md\/ro\/wp-json\/wp\/v2\/product_tag?post=66300"}],"curies":[{"name":"wp","href":"https:\/\/api.w.org\/{rel}","templated":true}]}}