{"id":65195,"date":"2023-03-02T15:55:34","date_gmt":"2023-03-02T12:55:34","guid":{"rendered":"https:\/\/xstyle.md\/?post_type=product&#038;p=65195"},"modified":"2024-10-03T01:01:28","modified_gmt":"2024-10-02T22:01:28","slug":"legkij-merinosovyj-buff-den-bark","status":"publish","type":"product","link":"https:\/\/xstyle.md\/ro\/produs\/legkij-merinosovyj-buff-den-bark\/","title":{"rendered":"Buff u\u0219or din l\u00e2n\u0103 merino Den Bark"},"content":{"rendered":"<\/p>\n<p><strong>Buff Den Bark<\/strong> &#8212; baful u\u0219or din merino ofer\u0103 un echilibru excelent \u00een zilele r\u0103coroase. Ideal pentru plimb\u0103ri, drume\u021bii sau activit\u0103\u021bi sportive de intensitate sc\u0103zut\u0103. Re\u021bine perfect c\u0103ldura \u0219i absoarbe \u0219i elimin\u0103 bine umezeala.<\/p>\n<p>Bufantele versatile din gama Merino Wool Buff din l\u00e2n\u0103 Merino sunt fabricate din l\u00e2n\u0103 merino 100% de \u00eenalt\u0103 calitate \u0219i moale, astfel \u00eenc\u00e2t le pute\u021bi purta \u00een jurul g\u00e2tului sau pe fa\u021b\u0103 f\u0103r\u0103 a provoca irita\u021bii.<\/p>\n<h3>Particularit\u0103\u021bi<\/h3>\n<ul>\n<li>Poate fi folosit\u0103 ca o p\u0103l\u0103rie u\u0219oar\u0103 cu strat dublu<\/li>\n<li>Ideal\u0103 pentru plimb\u0103ri, drume\u021bii sau sporturi de intensitate redus\u0103<\/li>\n<li>100% l\u00e2n\u0103 merinos natural\u0103<\/li>\n<li>U\u0219oar\u0103 \u0219i foarte izolatoareMaterialul absoarbe mirosurile nepl\u0103cute<\/li>\n<li>\u021aes\u0103tura e\u0219arfei este tratat\u0103 cu tehnologia special\u0103 Polygiene\u00ae cu s\u0103ruri de argint, care \u00eempiedic\u0103 dezvoltarea bacteriilor \u0219i ciupercilor pe \u021bes\u0103tura sintetic\u0103<\/li>\n<li>Certificat OEKO-TEX standart 100: sistem independent de testare a produselor pentru toate etapele de produc\u021bie<\/li>\n<\/ul>\n<h3>Caracteristici<\/h3>\n<ul>\n<li>Material \u2014 100% Merino Wool<\/li>\n<li>Densitate &#8212; 125g\/m\u00b2<\/li>\n<li>Lungime \u2014 66 cm<\/li>\n<li>L\u0103\u021bime \u2014 24,5 cm<\/li>\n<\/ul>\n<h3>Tehnologie<\/h3>\n<ul>\n<li><strong>Polygiene<\/strong>\u00a0(Tehnologie natural\u0103 cu sare de argint) \u2014 este o tehnologie care previne mirosurile nepl\u0103cute. Este o tehnologie activ\u0103 de control al mirosurilor datorit\u0103 firelor de argint naturale, care au propriet\u0103\u021bi antibacteriene. F\u0103r\u0103 r\u0103sp\u00e2ndire bacterian\u0103, nu trebuie s\u0103 v\u0103 face\u021bi griji cu privire la mirosurile nepl\u0103cute. Aceast\u0103 proprietate a materialului se p\u0103streaz\u0103 \u0219i dup\u0103 multe sp\u0103l\u0103ri.<\/li>\n<li><strong>L\u00e2n\u0103 Merino<\/strong> &#8212; este o l\u00e2n\u0103 de oaie Merino australian\u0103 cu caracteristici unice. Este un material natural, foarte moale, al c\u0103rui centru de fibre este higroscopic. Materialul v\u0103 \u021bine de cald chiar \u0219i atunci c\u00e2nd este umed \u0219i izoleaz\u0103 umezeala de piele. Tehnologia ajut\u0103 s\u0103 reziste chiar \u0219i la temperaturi foarte sc\u0103zute. Lungimea mare (65-100 mm) \u0219i diametrul mic (mai pu\u021bin de 24 de microni) al fibrei o face foarte sub\u021bire, iar materialul \u00een sine are propriet\u0103\u021bi excelente de termoreglare cu eliminarea transpira\u021biei, permi\u021b\u00e2nd pielii s\u0103 respire.<\/li>\n<\/ul>\n<p><\/p>\n<h3>Marca<\/h3>\n<p>BUFF\u00ae este un brand spaniol a c\u0103rui istorie a \u00eenceput \u00een 1992, c\u00e2nd Juan Rojas, pasionat de cursele de motociclete \u0219i proprietar al unei fabrici de textile din Catalonia, a decis c\u0103 are nevoie de un accesoriu simplu care s\u0103 \u00eei protejeze g\u00e2tul \u0219i capul de v\u00e2ntul care se apropie, de frig \u0219i de soarele arz\u0103tor, pentru a face c\u0103l\u0103toria mai confortabil\u0103.<\/p>\n<p>Lui Rojas i-a pl\u0103cut ideea unei e\u0219arfe militare multifunc\u021bionale, care s\u0103 poat\u0103 fi transformat\u0103 \u00een masc\u0103, c\u0103p\u0103t\u00e2i sau e\u0219arf\u0103. Experimentarea \u00een fabrica de textile a familiei sale cu diferite materiale \u0219i forme t\u0103iate a culminat cu g\u0103sirea de c\u0103tre Rojas a unei modalit\u0103\u021bi de a produce o e\u0219arf\u0103 cilindric\u0103 f\u0103r\u0103 cus\u0103turi din microfibr\u0103. Dup\u0103 ce prototipurile au fost testate de rudele, prietenii \u0219i cuno\u0219tin\u021bele sportivilor lui Rojas, \u00een 1992 a fost lansat\u0103 prima colec\u021bie de bandane f\u0103r\u0103 cus\u0103turi sub sigla BUFF\u00ae.<\/p>\n<p>\u00cen 2017, BUFF\u00ae \u0219i-a extins considerabil gama de modele, produc\u00e2nd nu numai bandane, ci \u0219i alte articole de acoperit capul, at\u00e2t pentru sport, c\u00e2t \u0219i pentru via\u021ba de zi cu zi.<\/p>","protected":false},"excerpt":{"rendered":"<p>\u0411\u0440\u0435\u043d\u0434 BUFF\u00ae &#8212; \u0438\u0441\u043f\u0430\u043d\u0441\u043a\u0438\u0439 \u0431\u0440\u0435\u043d\u0434, \u0438\u0441\u0442\u043e\u0440\u0438\u044f \u043a\u043e\u0442\u043e\u0440\u043e\u0433\u043e \u043d\u0430\u0447\u0430\u043b\u0430\u0441\u044c \u0432 1992 \u0433\u043e\u0434\u0443, \u043a\u043e\u0433\u0434\u0430 \u0432\u043b\u0430\u0434\u0435\u043b\u0435\u0446 \u043e\u0434\u043d\u043e\u0439 \u0438\u0437 \u043a\u0430\u0442\u0430\u043b\u043e\u043d\u0441\u043a\u0438\u0445 \u0442\u0435\u043a\u0441\u0442\u0438\u043b\u044c\u043d\u044b\u0445 \u0444\u0430\u0431\u0440\u0438\u043a, \u0425\u0443\u0430\u043d \u0420\u043e\u0445\u0430\u0441 (Joan Rojas), \u0443\u0432\u043b\u0435\u043a\u0430\u044e\u0449\u0438\u0439\u0441\u044f \u043c\u043e\u0442\u043e\u0441\u043f\u043e\u0440\u0442\u043e\u043c, \u043f\u0440\u0438\u0448\u0435\u043b \u043a \u0442\u043e\u043c\u0443, \u0447\u0442\u043e \u0434\u043b\u044f \u0431\u043e\u043b\u0435\u0435 \u043a\u043e\u043c\u0444\u043e\u0440\u0442\u043d\u043e\u0433\u043e \u043a\u0430\u0442\u0430\u043d\u0438\u044f \u043d\u0430 \u043c\u043e\u0442\u043e\u0446\u0438\u043a\u043b\u0435 \u043d\u0435\u043e\u0431\u0445\u043e\u0434\u0438\u043c \u043f\u0440\u043e\u0441\u0442\u043e\u0439 \u0430\u043a\u0441\u0435\u0441\u0441\u0443\u0430\u0440, \u0437\u0430\u0449\u0438\u0449\u0430\u044e\u0449\u0435\u0439 \u0448\u0435\u044e \u0438 \u0433\u043e\u043b\u043e\u0432\u0443 \u043e\u0442 \u0432\u0441\u0442\u0440\u0435\u0447\u043d\u043e\u0433\u043e \u0432\u0435\u0442\u0440\u0430, \u0445\u043e\u043b\u043e\u0434\u0430 \u0438 \u043f\u0430\u043b\u044f\u0449\u0435\u0433\u043e \u0441\u043e\u043b\u043d\u0446\u0430. \u0420\u043e\u0445\u0430\u0441\u0443 \u043f\u043e\u043d\u0440\u0430\u0432\u0438\u043b\u0430\u0441\u044c \u0438\u0434\u0435\u044f \u043c\u043d\u043e\u0433\u043e\u0444\u0443\u043d\u043a\u0446\u0438\u043e\u043d\u0430\u043b\u044c\u043d\u043e\u0433\u043e \u0432\u043e\u0435\u043d\u043d\u043e\u0433\u043e \u043f\u043b\u0430\u0442\u043a\u0430, \u043a\u043e\u0442\u043e\u0440\u044b\u0439 [&hellip;]<\/p>\n","protected":false},"featured_media":66033,"comment_status":"open","ping_status":"closed","template":"","meta":{"_acf_changed":false,"inline_featured_image":false},"product_brand":[1302],"product_cat":[522],"product_tag":[],"class_list":{"0":"post-65195","1":"product","2":"type-product","3":"status-publish","4":"has-post-thumbnail","6":"product_brand-buff","7":"product_cat-wool-buff","9":"first","10":"outofstock","11":"shipping-taxable","12":"product-type-simple"},"acf":[],"yoast_head":"<!-- This site is optimized with the Yoast SEO plugin v27.4 - https:\/\/yoast.com\/product\/yoast-seo-wordpress\/ -->\n<title>\u041b\u0435\u0433\u043a\u0438\u0439 \u043c\u0435\u0440\u0438\u043d\u043e\u0441\u043e\u0432\u044b\u0439 Buff Den Bark - \u041c\u0430\u0433\u0430\u0437\u0438\u043d Xstyle<\/title>\n<meta name=\"description\" content=\"\u041b\u0435\u0433\u043a\u0438\u0439 \u043c\u0435\u0440\u0438\u043d\u043e\u0441\u043e\u0432\u044b\u0439 Buff Den Bark \u043e\u0431\u0435\u0441\u043f\u0435\u0447\u0438\u0442 \u0442\u0435\u043f\u043b\u043e \u0438 \u043a\u043e\u043c\u0444\u043e\u0440\u0442 \u0432 \u0445\u043e\u043b\u043e\u0434\u043d\u044b\u0435 \u0434\u043d\u0438. \u0418\u0434\u0435\u0430\u043b\u0435\u043d \u0434\u043b\u044f \u043f\u0440\u043e\u0433\u0443\u043b\u043e\u043a \u0438 \u0430\u043a\u0442\u0438\u0432\u043d\u043e\u0433\u043e \u043e\u0442\u0434\u044b\u0445\u0430. \u041d\u0430\u0442\u0443\u0440\u0430\u043b\u044c\u043d\u0430\u044f \u0448\u0435\u0440\u0441\u0442\u044c \u0438 \u0442\u0435\u0445\u043d\u043e\u043b\u043e\u0433\u0438\u0438 Polygiene.\" \/>\n<meta name=\"robots\" content=\"index, follow, max-snippet:-1, max-image-preview:large, max-video-preview:-1\" \/>\n<link rel=\"canonical\" href=\"https:\/\/xstyle.md\/ro\/produs\/legkij-merinosovyj-buff-den-bark\/\" \/>\n<meta property=\"og:locale\" content=\"ro_RO\" \/>\n<meta property=\"og:type\" content=\"article\" \/>\n<meta property=\"og:title\" content=\"\u041b\u0435\u0433\u043a\u0438\u0439 \u043c\u0435\u0440\u0438\u043d\u043e\u0441\u043e\u0432\u044b\u0439 Buff Den Bark - \u041c\u0430\u0433\u0430\u0437\u0438\u043d Xstyle\" \/>\n<meta property=\"og:description\" content=\"\u041b\u0435\u0433\u043a\u0438\u0439 \u043c\u0435\u0440\u0438\u043d\u043e\u0441\u043e\u0432\u044b\u0439 Buff Den Bark \u043e\u0431\u0435\u0441\u043f\u0435\u0447\u0438\u0442 \u0442\u0435\u043f\u043b\u043e \u0438 \u043a\u043e\u043c\u0444\u043e\u0440\u0442 \u0432 \u0445\u043e\u043b\u043e\u0434\u043d\u044b\u0435 \u0434\u043d\u0438. \u0418\u0434\u0435\u0430\u043b\u0435\u043d \u0434\u043b\u044f \u043f\u0440\u043e\u0433\u0443\u043b\u043e\u043a \u0438 \u0430\u043a\u0442\u0438\u0432\u043d\u043e\u0433\u043e \u043e\u0442\u0434\u044b\u0445\u0430. \u041d\u0430\u0442\u0443\u0440\u0430\u043b\u044c\u043d\u0430\u044f \u0448\u0435\u0440\u0441\u0442\u044c \u0438 \u0442\u0435\u0445\u043d\u043e\u043b\u043e\u0433\u0438\u0438 Polygiene.\" \/>\n<meta property=\"og:url\" content=\"https:\/\/xstyle.md\/ro\/produs\/legkij-merinosovyj-buff-den-bark\/\" \/>\n<meta property=\"og:site_name\" content=\"\u041c\u0430\u0433\u0430\u0437\u0438\u043d Xstyle\" \/>\n<meta property=\"article:publisher\" content=\"https:\/\/www.facebook.com\/xstylemd\" \/>\n<meta property=\"article:modified_time\" content=\"2024-10-02T22:01:28+00:00\" \/>\n<meta property=\"og:image\" content=\"https:\/\/xstyle.md\/wp-content\/uploads\/2023\/03\/legkij-merinosovyj-buff-den-bark.jpg\" \/>\n\t<meta property=\"og:image:width\" content=\"932\" \/>\n\t<meta property=\"og:image:height\" content=\"932\" \/>\n\t<meta property=\"og:image:type\" content=\"image\/jpeg\" \/>\n<meta name=\"twitter:card\" content=\"summary_large_image\" \/>\n<meta name=\"twitter:label1\" content=\"Pre\u021b\" \/>\n\t<meta name=\"twitter:data1\" content=\"450&nbsp;MDL\" \/>\n\t<meta name=\"twitter:label2\" content=\"Disponibilitate\" \/>\n\t<meta name=\"twitter:data2\" content=\"Stoc epuizat\" \/>\n<script type=\"application\/ld+json\" class=\"yoast-schema-graph\">{\"@context\":\"https:\\\/\\\/schema.org\",\"@graph\":[{\"@type\":\"WebPage\",\"@id\":\"https:\\\/\\\/xstyle.md\\\/product\\\/legkij-merinosovyj-buff-den-bark\\\/\",\"url\":\"https:\\\/\\\/xstyle.md\\\/product\\\/legkij-merinosovyj-buff-den-bark\\\/\",\"name\":\"\u041b\u0435\u0433\u043a\u0438\u0439 \u043c\u0435\u0440\u0438\u043d\u043e\u0441\u043e\u0432\u044b\u0439 Buff Den Bark - \u041c\u0430\u0433\u0430\u0437\u0438\u043d Xstyle\",\"isPartOf\":{\"@id\":\"https:\\\/\\\/xstyle.md\\\/#website\"},\"primaryImageOfPage\":{\"@id\":\"https:\\\/\\\/xstyle.md\\\/product\\\/legkij-merinosovyj-buff-den-bark\\\/#primaryimage\"},\"image\":{\"@id\":\"https:\\\/\\\/xstyle.md\\\/product\\\/legkij-merinosovyj-buff-den-bark\\\/#primaryimage\"},\"thumbnailUrl\":\"https:\\\/\\\/xstyle.md\\\/wp-content\\\/uploads\\\/2023\\\/03\\\/legkij-merinosovyj-buff-den-bark.jpg\",\"datePublished\":\"2023-03-02T12:55:34+00:00\",\"dateModified\":\"2024-10-02T22:01:28+00:00\",\"description\":\"\u041b\u0435\u0433\u043a\u0438\u0439 \u043c\u0435\u0440\u0438\u043d\u043e\u0441\u043e\u0432\u044b\u0439 Buff Den Bark \u043e\u0431\u0435\u0441\u043f\u0435\u0447\u0438\u0442 \u0442\u0435\u043f\u043b\u043e \u0438 \u043a\u043e\u043c\u0444\u043e\u0440\u0442 \u0432 \u0445\u043e\u043b\u043e\u0434\u043d\u044b\u0435 \u0434\u043d\u0438. \u0418\u0434\u0435\u0430\u043b\u0435\u043d \u0434\u043b\u044f \u043f\u0440\u043e\u0433\u0443\u043b\u043e\u043a \u0438 \u0430\u043a\u0442\u0438\u0432\u043d\u043e\u0433\u043e \u043e\u0442\u0434\u044b\u0445\u0430. \u041d\u0430\u0442\u0443\u0440\u0430\u043b\u044c\u043d\u0430\u044f \u0448\u0435\u0440\u0441\u0442\u044c \u0438 \u0442\u0435\u0445\u043d\u043e\u043b\u043e\u0433\u0438\u0438 Polygiene.\",\"breadcrumb\":{\"@id\":\"https:\\\/\\\/xstyle.md\\\/product\\\/legkij-merinosovyj-buff-den-bark\\\/#breadcrumb\"},\"inLanguage\":\"ro-RO\",\"potentialAction\":[{\"@type\":\"ReadAction\",\"target\":[\"https:\\\/\\\/xstyle.md\\\/product\\\/legkij-merinosovyj-buff-den-bark\\\/\"]}]},{\"@type\":\"ImageObject\",\"inLanguage\":\"ro-RO\",\"@id\":\"https:\\\/\\\/xstyle.md\\\/product\\\/legkij-merinosovyj-buff-den-bark\\\/#primaryimage\",\"url\":\"https:\\\/\\\/xstyle.md\\\/wp-content\\\/uploads\\\/2023\\\/03\\\/legkij-merinosovyj-buff-den-bark.jpg\",\"contentUrl\":\"https:\\\/\\\/xstyle.md\\\/wp-content\\\/uploads\\\/2023\\\/03\\\/legkij-merinosovyj-buff-den-bark.jpg\",\"width\":932,\"height\":932,\"caption\":\"\u041b\u0435\u0433\u043a\u0438\u0439 \u043c\u0435\u0440\u0438\u043d\u043e\u0441\u043e\u0432\u044b\u0439 Buff Den Bark \u0434\u043b\u044f \u0430\u043a\u0442\u0438\u0432\u043d\u043e\u0433\u043e \u043e\u0442\u0434\u044b\u0445\u0430 \u043f\u0443\u0442\u0435\u0448\u0435\u0441\u0442\u0432\u0438\u0439 \u0438 hiking \u043d\u0430 \u0441\u0430\u0439\u0442\u0435 \u0438\u043d\u0442\u0435\u0440\u043d\u0435\u0442-\u043c\u0430\u0433\u0430\u0437\u0438\u043d\u0430 \u0441 \u043e\u0434\u0435\u0436\u0434\u043e\u0439, \u043e\u0431\u0443\u0432\u044c\u044e \u0438 \u0441\u043d\u0430\u0440\u044f\u0436\u0435\u043d\u0438\u0435\u043c \u0434\u043b\u044f \u0430\u043b\u044c\u043f\u0438\u043d\u0438\u0437\u043c\u0430 \u0438 \u0442\u0443\u0440\u0438\u0437\u043c\u0430\"},{\"@type\":\"BreadcrumbList\",\"@id\":\"https:\\\/\\\/xstyle.md\\\/product\\\/legkij-merinosovyj-buff-den-bark\\\/#breadcrumb\",\"itemListElement\":[{\"@type\":\"ListItem\",\"position\":1,\"name\":\"\u0413\u043b\u0430\u0432\u043d\u0430\u044f \u0441\u0442\u0440\u0430\u043d\u0438\u0446\u0430\",\"item\":\"https:\\\/\\\/xstyle.md\\\/\"},{\"@type\":\"ListItem\",\"position\":2,\"name\":\"\u041c\u0430\u0433\u0430\u0437\u0438\u043d\",\"item\":\"https:\\\/\\\/xstyle.md\\\/shop\\\/\"},{\"@type\":\"ListItem\",\"position\":3,\"name\":\"\u041b\u0435\u0433\u043a\u0438\u0439 \u043c\u0435\u0440\u0438\u043d\u043e\u0441\u043e\u0432\u044b\u0439 Buff Den Bark\"}]},{\"@type\":\"WebSite\",\"@id\":\"https:\\\/\\\/xstyle.md\\\/#website\",\"url\":\"https:\\\/\\\/xstyle.md\\\/\",\"name\":\"\u041c\u0430\u0433\u0430\u0437\u0438\u043d Xstyle\",\"description\":\"C\u043d\u0430\u0440\u044f\u0436\u0435\u043d\u0438\u0435 \u0434\u043b\u044f \u0442\u0443\u0440\u0438\u0437\u043c\u0430 \u0438 \u044d\u043a\u0441\u0442\u0440\u0435\u043c\u0430\u043b\u044c\u043d\u044b\u0445 \u0432\u0438\u0434\u043e\u0432 \u0441\u043f\u043e\u0440\u0442\u0430 \u0432 \u041c\u043e\u043b\u0434\u043e\u0432\u0435.. \u0426\u0435\u043d\u044b, \u0444\u043e\u0442\u043e, \u0445\u0430\u0440\u0430\u043a\u0442\u0435\u0440\u0438\u0441\u0442\u0438\u043a\u0438 \u0432 \u041c\u043e\u043b\u0434\u043e\u0432\u0435.\",\"publisher\":{\"@id\":\"https:\\\/\\\/xstyle.md\\\/#organization\"},\"alternateName\":\"X-Style\",\"potentialAction\":[{\"@type\":\"SearchAction\",\"target\":{\"@type\":\"EntryPoint\",\"urlTemplate\":\"https:\\\/\\\/xstyle.md\\\/?s={search_term_string}\"},\"query-input\":{\"@type\":\"PropertyValueSpecification\",\"valueRequired\":true,\"valueName\":\"search_term_string\"}}],\"inLanguage\":\"ro-RO\"},{\"@type\":\"Organization\",\"@id\":\"https:\\\/\\\/xstyle.md\\\/#organization\",\"name\":\"\u041c\u0430\u0433\u0430\u0437\u0438\u043d Xstyle\",\"alternateName\":\"x-style\",\"url\":\"https:\\\/\\\/xstyle.md\\\/\",\"logo\":{\"@type\":\"ImageObject\",\"inLanguage\":\"ro-RO\",\"@id\":\"https:\\\/\\\/xstyle.md\\\/#\\\/schema\\\/logo\\\/image\\\/\",\"url\":\"https:\\\/\\\/xstyle.md\\\/wp-content\\\/uploads\\\/2020\\\/06\\\/logoicon.svg\",\"contentUrl\":\"https:\\\/\\\/xstyle.md\\\/wp-content\\\/uploads\\\/2020\\\/06\\\/logoicon.svg\",\"caption\":\"\u041c\u0430\u0433\u0430\u0437\u0438\u043d Xstyle\"},\"image\":{\"@id\":\"https:\\\/\\\/xstyle.md\\\/#\\\/schema\\\/logo\\\/image\\\/\"},\"sameAs\":[\"https:\\\/\\\/www.facebook.com\\\/xstylemd\",\"https:\\\/\\\/www.instagram.com\\\/xstyle_md\\\/\",\"https:\\\/\\\/t.me\\\/xstyle_outdoor\"],\"hasMerchantReturnPolicy\":{\"@type\":\"MerchantReturnPolicy\",\"merchantReturnLink\":\"https:\\\/\\\/xstyle.md\\\/ro\\\/conditions\\\/\"}}]}<\/script>\n<meta property=\"product:price:amount\" content=\"450.00\" \/>\n<meta property=\"product:price:currency\" content=\"MDL\" \/>\n<meta property=\"og:availability\" content=\"out of stock\" \/>\n<meta property=\"product:availability\" content=\"out of stock\" \/>\n<meta property=\"product:retailer_item_id\" content=\"8428927485427\" \/>\n<meta property=\"product:condition\" content=\"new\" \/>\n<!-- \/ Yoast SEO plugin. -->","yoast_head_json":{"title":"Buff u\u0219or din l\u00e2n\u0103 merino Den Bark - Magazin Xstyle","description":"Buff Den Bark din merino u\u0219or va oferi c\u0103ldur\u0103 \u0219i confort \u00een zilele reci. Ideal pentru plimb\u0103ri \u0219i activit\u0103\u021bi \u00een aer liber. L\u00e2na natural\u0103 \u0219i tehnologia Polygiene.","robots":{"index":"index","follow":"follow","max-snippet":"max-snippet:-1","max-image-preview":"max-image-preview:large","max-video-preview":"max-video-preview:-1"},"canonical":"https:\/\/xstyle.md\/ro\/produs\/legkij-merinosovyj-buff-den-bark\/","og_locale":"ro_RO","og_type":"article","og_title":"\u041b\u0435\u0433\u043a\u0438\u0439 \u043c\u0435\u0440\u0438\u043d\u043e\u0441\u043e\u0432\u044b\u0439 Buff Den Bark - \u041c\u0430\u0433\u0430\u0437\u0438\u043d Xstyle","og_description":"\u041b\u0435\u0433\u043a\u0438\u0439 \u043c\u0435\u0440\u0438\u043d\u043e\u0441\u043e\u0432\u044b\u0439 Buff Den Bark \u043e\u0431\u0435\u0441\u043f\u0435\u0447\u0438\u0442 \u0442\u0435\u043f\u043b\u043e \u0438 \u043a\u043e\u043c\u0444\u043e\u0440\u0442 \u0432 \u0445\u043e\u043b\u043e\u0434\u043d\u044b\u0435 \u0434\u043d\u0438. \u0418\u0434\u0435\u0430\u043b\u0435\u043d \u0434\u043b\u044f \u043f\u0440\u043e\u0433\u0443\u043b\u043e\u043a \u0438 \u0430\u043a\u0442\u0438\u0432\u043d\u043e\u0433\u043e \u043e\u0442\u0434\u044b\u0445\u0430. \u041d\u0430\u0442\u0443\u0440\u0430\u043b\u044c\u043d\u0430\u044f \u0448\u0435\u0440\u0441\u0442\u044c \u0438 \u0442\u0435\u0445\u043d\u043e\u043b\u043e\u0433\u0438\u0438 Polygiene.","og_url":"https:\/\/xstyle.md\/ro\/produs\/legkij-merinosovyj-buff-den-bark\/","og_site_name":"\u041c\u0430\u0433\u0430\u0437\u0438\u043d Xstyle","article_publisher":"https:\/\/www.facebook.com\/xstylemd","article_modified_time":"2024-10-02T22:01:28+00:00","og_image":[{"width":932,"height":932,"url":"https:\/\/xstyle.md\/wp-content\/uploads\/2023\/03\/legkij-merinosovyj-buff-den-bark.jpg","type":"image\/jpeg"}],"twitter_card":"summary_large_image","twitter_misc":{"Pre\u021b":"450&nbsp;MDL","Disponibilitate":"Stoc epuizat"},"schema":{"@context":"https:\/\/schema.org","@graph":[{"@type":"WebPage","@id":"https:\/\/xstyle.md\/product\/legkij-merinosovyj-buff-den-bark\/","url":"https:\/\/xstyle.md\/product\/legkij-merinosovyj-buff-den-bark\/","name":"Buff u\u0219or din l\u00e2n\u0103 merino Den Bark - Magazin Xstyle","isPartOf":{"@id":"https:\/\/xstyle.md\/#website"},"primaryImageOfPage":{"@id":"https:\/\/xstyle.md\/product\/legkij-merinosovyj-buff-den-bark\/#primaryimage"},"image":{"@id":"https:\/\/xstyle.md\/product\/legkij-merinosovyj-buff-den-bark\/#primaryimage"},"thumbnailUrl":"https:\/\/xstyle.md\/wp-content\/uploads\/2023\/03\/legkij-merinosovyj-buff-den-bark.jpg","datePublished":"2023-03-02T12:55:34+00:00","dateModified":"2024-10-02T22:01:28+00:00","description":"Buff Den Bark din merino u\u0219or va oferi c\u0103ldur\u0103 \u0219i confort \u00een zilele reci. Ideal pentru plimb\u0103ri \u0219i activit\u0103\u021bi \u00een aer liber. L\u00e2na natural\u0103 \u0219i tehnologia Polygiene.","breadcrumb":{"@id":"https:\/\/xstyle.md\/product\/legkij-merinosovyj-buff-den-bark\/#breadcrumb"},"inLanguage":"ro-RO","potentialAction":[{"@type":"ReadAction","target":["https:\/\/xstyle.md\/product\/legkij-merinosovyj-buff-den-bark\/"]}]},{"@type":"ImageObject","inLanguage":"ro-RO","@id":"https:\/\/xstyle.md\/product\/legkij-merinosovyj-buff-den-bark\/#primaryimage","url":"https:\/\/xstyle.md\/wp-content\/uploads\/2023\/03\/legkij-merinosovyj-buff-den-bark.jpg","contentUrl":"https:\/\/xstyle.md\/wp-content\/uploads\/2023\/03\/legkij-merinosovyj-buff-den-bark.jpg","width":932,"height":932,"caption":"\u041b\u0435\u0433\u043a\u0438\u0439 \u043c\u0435\u0440\u0438\u043d\u043e\u0441\u043e\u0432\u044b\u0439 Buff Den Bark \u0434\u043b\u044f \u0430\u043a\u0442\u0438\u0432\u043d\u043e\u0433\u043e \u043e\u0442\u0434\u044b\u0445\u0430 \u043f\u0443\u0442\u0435\u0448\u0435\u0441\u0442\u0432\u0438\u0439 \u0438 hiking \u043d\u0430 \u0441\u0430\u0439\u0442\u0435 \u0438\u043d\u0442\u0435\u0440\u043d\u0435\u0442-\u043c\u0430\u0433\u0430\u0437\u0438\u043d\u0430 \u0441 \u043e\u0434\u0435\u0436\u0434\u043e\u0439, \u043e\u0431\u0443\u0432\u044c\u044e \u0438 \u0441\u043d\u0430\u0440\u044f\u0436\u0435\u043d\u0438\u0435\u043c \u0434\u043b\u044f \u0430\u043b\u044c\u043f\u0438\u043d\u0438\u0437\u043c\u0430 \u0438 \u0442\u0443\u0440\u0438\u0437\u043c\u0430"},{"@type":"BreadcrumbList","@id":"https:\/\/xstyle.md\/product\/legkij-merinosovyj-buff-den-bark\/#breadcrumb","itemListElement":[{"@type":"ListItem","position":1,"name":"\u0413\u043b\u0430\u0432\u043d\u0430\u044f \u0441\u0442\u0440\u0430\u043d\u0438\u0446\u0430","item":"https:\/\/xstyle.md\/"},{"@type":"ListItem","position":2,"name":"\u041c\u0430\u0433\u0430\u0437\u0438\u043d","item":"https:\/\/xstyle.md\/shop\/"},{"@type":"ListItem","position":3,"name":"\u041b\u0435\u0433\u043a\u0438\u0439 \u043c\u0435\u0440\u0438\u043d\u043e\u0441\u043e\u0432\u044b\u0439 Buff Den Bark"}]},{"@type":"WebSite","@id":"https:\/\/xstyle.md\/#website","url":"https:\/\/xstyle.md\/","name":"Magazinul X-Style","description":"Echipamente pentru turism \u0219i sporturi extreme \u00een Moldova. Pre\u021buri, fotografii, caracteristici \u00een Moldova.","publisher":{"@id":"https:\/\/xstyle.md\/#organization"},"alternateName":"X-Style","potentialAction":[{"@type":"SearchAction","target":{"@type":"EntryPoint","urlTemplate":"https:\/\/xstyle.md\/?s={search_term_string}"},"query-input":{"@type":"PropertyValueSpecification","valueRequired":true,"valueName":"search_term_string"}}],"inLanguage":"ro-RO"},{"@type":"Organization","@id":"https:\/\/xstyle.md\/#organization","name":"Magazinul X-Style","alternateName":"x-style","url":"https:\/\/xstyle.md\/","logo":{"@type":"ImageObject","inLanguage":"ro-RO","@id":"https:\/\/xstyle.md\/#\/schema\/logo\/image\/","url":"https:\/\/xstyle.md\/wp-content\/uploads\/2020\/06\/logoicon.svg","contentUrl":"https:\/\/xstyle.md\/wp-content\/uploads\/2020\/06\/logoicon.svg","caption":"\u041c\u0430\u0433\u0430\u0437\u0438\u043d Xstyle"},"image":{"@id":"https:\/\/xstyle.md\/#\/schema\/logo\/image\/"},"sameAs":["https:\/\/www.facebook.com\/xstylemd","https:\/\/www.instagram.com\/xstyle_md\/","https:\/\/t.me\/xstyle_outdoor"],"hasMerchantReturnPolicy":{"@type":"MerchantReturnPolicy","merchantReturnLink":"https:\/\/xstyle.md\/ro\/conditions\/"}}]},"product_price_amount":"450.00","product_price_currency":"MDL","og_availability":"out of stock","product_availability":"out of stock","product_retailer_item_id":"8428927485427","product_condition":"new"},"_links":{"self":[{"href":"https:\/\/xstyle.md\/ro\/wp-json\/wp\/v2\/product\/65195","targetHints":{"allow":["GET"]}}],"collection":[{"href":"https:\/\/xstyle.md\/ro\/wp-json\/wp\/v2\/product"}],"about":[{"href":"https:\/\/xstyle.md\/ro\/wp-json\/wp\/v2\/types\/product"}],"replies":[{"embeddable":true,"href":"https:\/\/xstyle.md\/ro\/wp-json\/wp\/v2\/comments?post=65195"}],"wp:featuredmedia":[{"embeddable":true,"href":"https:\/\/xstyle.md\/ro\/wp-json\/wp\/v2\/media\/66033"}],"wp:attachment":[{"href":"https:\/\/xstyle.md\/ro\/wp-json\/wp\/v2\/media?parent=65195"}],"wp:term":[{"taxonomy":"product_brand","embeddable":true,"href":"https:\/\/xstyle.md\/ro\/wp-json\/wp\/v2\/product_brand?post=65195"},{"taxonomy":"product_cat","embeddable":true,"href":"https:\/\/xstyle.md\/ro\/wp-json\/wp\/v2\/product_cat?post=65195"},{"taxonomy":"product_tag","embeddable":true,"href":"https:\/\/xstyle.md\/ro\/wp-json\/wp\/v2\/product_tag?post=65195"}],"curies":[{"name":"wp","href":"https:\/\/api.w.org\/{rel}","templated":true}]}}