{"id":65184,"date":"2023-03-02T15:55:32","date_gmt":"2023-03-02T12:55:32","guid":{"rendered":"https:\/\/xstyle.md\/?post_type=product&#038;p=65184"},"modified":"2026-03-19T17:12:37","modified_gmt":"2026-03-19T14:12:37","slug":"shapka-svetootrazhayushhaya-buff-dryflx-solid-light","status":"publish","type":"product","link":"https:\/\/xstyle.md\/ro\/produs\/shapka-svetootrazhayushhaya-buff-dryflx-solid-light\/","title":{"rendered":"C\u0103ciul\u0103 reflectorizant\u0103 Buff Dryflx Solid Light Grey"},"content":{"rendered":"<\/p>\n<p><strong>Buff Dryflx Solid Light Grey<\/strong> &#8212; c\u0103ciul\u0103 ultrau\u0219oar\u0103 \u0219i f\u0103r\u0103 cus\u0103turi, special conceput\u0103 pentru alergare \u0219i activit\u0103\u021bi sportive pe timp de noapte, cu dungi reflectorizante pe toat\u0103 suprafa\u021ba. Materialul extrem de respirabil \u0219i elastic ofer\u0103 un plus de c\u0103ldur\u0103.<\/p>\n<h3>Particularit\u0103\u021bi<\/h3>\n<ul>\n<li>Permeabilitate excelent\u0103 la aer \u0219i control al umidit\u0103\u021bii<\/li>\n<li>Certificat OEKO-TEX standart 100: un sistem independent de testare a produselor \u00een toate etapele de produc\u021bie.<\/li>\n<li>Ultra Stretch, o \u021bes\u0103tur\u0103 extrem de extensibil\u0103 realizat\u0103 dintr-o combina\u021bie de poliester \u0219i elastan, se \u00eentinde \u00een patru direc\u021bii pentru a oferi o potrivire confortabil\u0103, str\u00e2ns\u0103 \u0219i precis\u0103<\/li>\n<li>\u021aes\u0103tur\u0103 special conceput\u0103 pentru protec\u021bie UV<\/li>\n<li>Tehnologia de lipire a cus\u0103turilor asigur\u0103 cus\u0103turi netede<\/li>\n<\/ul>\n<h3>Caracteristici<\/h3>\n<ul>\n<li>Material &#8212; 47% poliester, 49% poliamid\u0103, 4% elastan<\/li>\n<li>Aplicare\u00a0 &#8212; activit\u0103\u021bi \u00een aer liber\/ alergare\/ schi<\/li>\n<li>Model &#8212; unisex<\/li>\n<\/ul>\n<h3>Tehnologie<\/h3>\n<ul>\n<li><strong>Ultrastretch<\/strong> &#8212; este o \u021bes\u0103tur\u0103 elastic\u0103 care se \u00eentinde uniform \u00een toate direc\u021biile datorit\u0103 adaosului de elastan. Principalele avantaje ale acestui material sunt: higroscopic, respirabil, hipoalergenic \u0219i termoconductor.<\/li>\n<li><strong>Protec\u021bie UV ridicat\u0103<\/strong>\u00a0&#8212; este o \u00eembr\u0103c\u0103minte special conceput\u0103 pentru a proteja \u00eempotriva razelor UV, reduc\u00e2nd efectele negative ale acestora asupra organismului.<\/li>\n<\/ul>\n<p><\/p>\n<h3>Marca<\/h3>\n<p>BUFF\u00ae este un brand spaniol a c\u0103rui istorie a \u00eenceput \u00een 1992, c\u00e2nd Joan Rojas, pasionat de motociclete \u0219i proprietar al unei fabrici de textile catalane, a venit cu ideea unui accesoriu simplu care s\u0103 protejeze g\u00e2tul \u0219i capul de v\u00e2ntul, frigul \u0219i soarele arz\u0103tor pentru a face mai confortabil\u0103 c\u0103l\u0103toria pe motociclet\u0103.<\/p>\n<p>Lui Rojas i-a pl\u0103cut ideea unei e\u0219arfe militare multifunc\u021bionale, care s\u0103 poat\u0103 fi transformat\u0103 \u00een masc\u0103, c\u0103p\u0103t\u00e2i sau e\u0219arf\u0103. Experimentarea \u00een fabrica de textile a familiei sale cu diferite materiale \u0219i forme t\u0103iate a culminat cu g\u0103sirea de c\u0103tre Rojas a unei modalit\u0103\u021bi de a produce o e\u0219arf\u0103 cilindric\u0103 f\u0103r\u0103 cus\u0103turi din microfibr\u0103. Dup\u0103 ce prototipurile au fost testate de rudele, prietenii \u0219i cuno\u0219tin\u021bele sportivilor lui Rojas, \u00een 1992 a fost lansat\u0103 prima colec\u021bie de bandane f\u0103r\u0103 cus\u0103turi sub sigla BUFF\u00ae.<\/p>\n<p>\u00cen 2017, BUFF\u00ae \u0219i-a extins considerabil gama de modele, produc\u00e2nd nu numai bandane, ci \u0219i alte articole de acoperit capul, at\u00e2t pentru sport, c\u00e2t \u0219i pentru via\u021ba de zi cu zi.<\/p>","protected":false},"excerpt":{"rendered":"<p>\u0411\u0440\u0435\u043d\u0434 BUFF\u00ae \u2013 \u0438\u0441\u043f\u0430\u043d\u0441\u043a\u0438\u0439 \u0431\u0440\u0435\u043d\u0434, \u0438\u0441\u0442\u043e\u0440\u0438\u044f \u043a\u043e\u0442\u043e\u0440\u043e\u0433\u043e \u043d\u0430\u0447\u0430\u043b\u0430\u0441\u044c \u0432 1992 \u0433\u043e\u0434\u0443, \u043a\u043e\u0433\u0434\u0430 \u0432\u043b\u0430\u0434\u0435\u043b\u0435\u0446 \u043e\u0434\u043d\u043e\u0439 \u0438\u0437 \u043a\u0430\u0442\u0430\u043b\u043e\u043d\u0441\u043a\u0438\u0445 \u0442\u0435\u043a\u0441\u0442\u0438\u043b\u044c\u043d\u044b\u0445 \u0444\u0430\u0431\u0440\u0438\u043a, \u0425\u0443\u0430\u043d \u0420\u043e\u0445\u0430\u0441 (Joan Rojas), \u0443\u0432\u043b\u0435\u043a\u0430\u044e\u0449\u0438\u0439\u0441\u044f \u043c\u043e\u0442\u043e\u0441\u043f\u043e\u0440\u0442\u043e\u043c, \u043f\u0440\u0438\u0448\u0435\u043b \u043a \u0442\u043e\u043c\u0443, \u0447\u0442\u043e \u0434\u043b\u044f \u0431\u043e\u043b\u0435\u0435 \u043a\u043e\u043c\u0444\u043e\u0440\u0442\u043d\u043e\u0433\u043e \u043a\u0430\u0442\u0430\u043d\u0438\u044f \u043d\u0430 \u043c\u043e\u0442\u043e\u0446\u0438\u043a\u043b\u0435 \u043d\u0435\u043e\u0431\u0445\u043e\u0434\u0438\u043c \u043f\u0440\u043e\u0441\u0442\u043e\u0439 \u0430\u043a\u0441\u0435\u0441\u0441\u0443\u0430\u0440, \u0437\u0430\u0449\u0438\u0449\u0430\u044e\u0449\u0435\u0439 \u0448\u0435\u044e \u0438 \u0433\u043e\u043b\u043e\u0432\u0443 \u043e\u0442 \u0432\u0441\u0442\u0440\u0435\u0447\u043d\u043e\u0433\u043e \u0432\u0435\u0442\u0440\u0430, \u0445\u043e\u043b\u043e\u0434\u0430 \u0438 \u043f\u0430\u043b\u044f\u0449\u0435\u0433\u043e \u0441\u043e\u043b\u043d\u0446\u0430. \u0420\u043e\u0445\u0430\u0441\u0443 \u043f\u043e\u043d\u0440\u0430\u0432\u0438\u043b\u0430\u0441\u044c \u0438\u0434\u0435\u044f \u043c\u043d\u043e\u0433\u043e\u0444\u0443\u043d\u043a\u0446\u0438\u043e\u043d\u0430\u043b\u044c\u043d\u043e\u0433\u043e \u0432\u043e\u0435\u043d\u043d\u043e\u0433\u043e \u043f\u043b\u0430\u0442\u043a\u0430, \u043a\u043e\u0442\u043e\u0440\u044b\u0439 [&hellip;]<\/p>\n","protected":false},"featured_media":65642,"comment_status":"open","ping_status":"closed","template":"","meta":{"_acf_changed":false,"inline_featured_image":false},"product_brand":[1302],"product_cat":[520],"product_tag":[],"class_list":{"0":"post-65184","1":"product","2":"type-product","3":"status-publish","4":"has-post-thumbnail","6":"product_brand-buff","7":"product_cat-hat-buff","9":"first","10":"instock","11":"shipping-taxable","12":"purchasable","13":"product-type-simple"},"acf":[],"yoast_head":"<!-- This site is optimized with the Yoast SEO plugin v27.2 - https:\/\/yoast.com\/product\/yoast-seo-wordpress\/ -->\n<title>\u0428\u0430\u043f\u043a\u0430 \u0441\u0432\u0435\u0442\u043e\u043e\u0442\u0440\u0430\u0436\u0430\u044e\u0449\u0430\u044f Buff Dryflx Solid Light Grey - \u041c\u0430\u0433\u0430\u0437\u0438\u043d Xstyle<\/title>\n<meta name=\"description\" content=\"\u0428\u0430\u043f\u043a\u0430 \u0441\u0432\u0435\u0442\u043e\u043e\u0442\u0440\u0430\u0436\u0430\u044e\u0449\u0430\u044f Buff Dryflx Solid Light Grey \u043e\u0431\u0435\u0441\u043f\u0435\u0447\u0438\u0432\u0430\u0435\u0442 \u0443\u043b\u044c\u0442\u0440\u0430\u0441\u0442\u0440\u0435\u0442\u0447, \u0437\u0430\u0449\u0438\u0442\u0443 \u043e\u0442 UV \u0438 \u0438\u0434\u0435\u0430\u043b\u044c\u043d\u0430 \u0434\u043b\u044f \u043d\u043e\u0447\u043d\u044b\u0445 \u043f\u0440\u043e\u0431\u0435\u0436\u0435\u043a \u0438 \u0430\u043a\u0442\u0438\u0432\u043d\u043e\u0433\u043e \u043e\u0442\u0434\u044b\u0445\u0430.\" \/>\n<meta name=\"robots\" content=\"index, follow, max-snippet:-1, max-image-preview:large, max-video-preview:-1\" \/>\n<link rel=\"canonical\" href=\"https:\/\/xstyle.md\/ro\/produs\/shapka-svetootrazhayushhaya-buff-dryflx-solid-light\/\" \/>\n<meta property=\"og:locale\" content=\"ro_RO\" \/>\n<meta property=\"og:type\" content=\"article\" \/>\n<meta property=\"og:title\" content=\"\u0428\u0430\u043f\u043a\u0430 \u0441\u0432\u0435\u0442\u043e\u043e\u0442\u0440\u0430\u0436\u0430\u044e\u0449\u0430\u044f Buff Dryflx Solid Light Grey - \u041c\u0430\u0433\u0430\u0437\u0438\u043d Xstyle\" \/>\n<meta property=\"og:description\" content=\"\u0428\u0430\u043f\u043a\u0430 \u0441\u0432\u0435\u0442\u043e\u043e\u0442\u0440\u0430\u0436\u0430\u044e\u0449\u0430\u044f Buff Dryflx Solid Light Grey \u043e\u0431\u0435\u0441\u043f\u0435\u0447\u0438\u0432\u0430\u0435\u0442 \u0443\u043b\u044c\u0442\u0440\u0430\u0441\u0442\u0440\u0435\u0442\u0447, \u0437\u0430\u0449\u0438\u0442\u0443 \u043e\u0442 UV \u0438 \u0438\u0434\u0435\u0430\u043b\u044c\u043d\u0430 \u0434\u043b\u044f \u043d\u043e\u0447\u043d\u044b\u0445 \u043f\u0440\u043e\u0431\u0435\u0436\u0435\u043a \u0438 \u0430\u043a\u0442\u0438\u0432\u043d\u043e\u0433\u043e \u043e\u0442\u0434\u044b\u0445\u0430.\" \/>\n<meta property=\"og:url\" content=\"https:\/\/xstyle.md\/ro\/produs\/shapka-svetootrazhayushhaya-buff-dryflx-solid-light\/\" \/>\n<meta property=\"og:site_name\" content=\"\u041c\u0430\u0433\u0430\u0437\u0438\u043d Xstyle\" \/>\n<meta property=\"article:publisher\" content=\"https:\/\/www.facebook.com\/xstylemd\" \/>\n<meta property=\"article:modified_time\" content=\"2026-03-19T14:12:37+00:00\" \/>\n<meta property=\"og:image\" content=\"https:\/\/xstyle.md\/wp-content\/uploads\/2023\/03\/shapka-svetootrazhayushhaya-buff-dryflx-solid-light-grey.jpg\" \/>\n\t<meta property=\"og:image:width\" content=\"1166\" \/>\n\t<meta property=\"og:image:height\" content=\"1082\" \/>\n\t<meta property=\"og:image:type\" content=\"image\/jpeg\" \/>\n<meta name=\"twitter:card\" content=\"summary_large_image\" \/>\n<meta name=\"twitter:label1\" content=\"Pre\u021b\" \/>\n\t<meta name=\"twitter:data1\" content=\"435&nbsp;MDL\" \/>\n\t<meta name=\"twitter:label2\" content=\"Disponibilitate\" \/>\n\t<meta name=\"twitter:data2\" content=\"\u00cen stoc\" \/>\n<script type=\"application\/ld+json\" class=\"yoast-schema-graph\">{\"@context\":\"https:\/\/schema.org\",\"@graph\":[{\"@type\":\"WebPage\",\"@id\":\"https:\/\/xstyle.md\/product\/shapka-svetootrazhayushhaya-buff-dryflx-solid-light\/\",\"url\":\"https:\/\/xstyle.md\/product\/shapka-svetootrazhayushhaya-buff-dryflx-solid-light\/\",\"name\":\"\u0428\u0430\u043f\u043a\u0430 \u0441\u0432\u0435\u0442\u043e\u043e\u0442\u0440\u0430\u0436\u0430\u044e\u0449\u0430\u044f Buff Dryflx Solid Light Grey - \u041c\u0430\u0433\u0430\u0437\u0438\u043d Xstyle\",\"isPartOf\":{\"@id\":\"https:\/\/xstyle.md\/#website\"},\"primaryImageOfPage\":{\"@id\":\"https:\/\/xstyle.md\/product\/shapka-svetootrazhayushhaya-buff-dryflx-solid-light\/#primaryimage\"},\"image\":{\"@id\":\"https:\/\/xstyle.md\/product\/shapka-svetootrazhayushhaya-buff-dryflx-solid-light\/#primaryimage\"},\"thumbnailUrl\":\"https:\/\/xstyle.md\/wp-content\/uploads\/2023\/03\/shapka-svetootrazhayushhaya-buff-dryflx-solid-light-grey.jpg\",\"datePublished\":\"2023-03-02T12:55:32+00:00\",\"dateModified\":\"2026-03-19T14:12:37+00:00\",\"description\":\"\u0428\u0430\u043f\u043a\u0430 \u0441\u0432\u0435\u0442\u043e\u043e\u0442\u0440\u0430\u0436\u0430\u044e\u0449\u0430\u044f Buff Dryflx Solid Light Grey \u043e\u0431\u0435\u0441\u043f\u0435\u0447\u0438\u0432\u0430\u0435\u0442 \u0443\u043b\u044c\u0442\u0440\u0430\u0441\u0442\u0440\u0435\u0442\u0447, \u0437\u0430\u0449\u0438\u0442\u0443 \u043e\u0442 UV \u0438 \u0438\u0434\u0435\u0430\u043b\u044c\u043d\u0430 \u0434\u043b\u044f \u043d\u043e\u0447\u043d\u044b\u0445 \u043f\u0440\u043e\u0431\u0435\u0436\u0435\u043a \u0438 \u0430\u043a\u0442\u0438\u0432\u043d\u043e\u0433\u043e \u043e\u0442\u0434\u044b\u0445\u0430.\",\"breadcrumb\":{\"@id\":\"https:\/\/xstyle.md\/product\/shapka-svetootrazhayushhaya-buff-dryflx-solid-light\/#breadcrumb\"},\"inLanguage\":\"ro-RO\",\"potentialAction\":[{\"@type\":\"ReadAction\",\"target\":[\"https:\/\/xstyle.md\/product\/shapka-svetootrazhayushhaya-buff-dryflx-solid-light\/\"]}]},{\"@type\":\"ImageObject\",\"inLanguage\":\"ro-RO\",\"@id\":\"https:\/\/xstyle.md\/product\/shapka-svetootrazhayushhaya-buff-dryflx-solid-light\/#primaryimage\",\"url\":\"https:\/\/xstyle.md\/wp-content\/uploads\/2023\/03\/shapka-svetootrazhayushhaya-buff-dryflx-solid-light-grey.jpg\",\"contentUrl\":\"https:\/\/xstyle.md\/wp-content\/uploads\/2023\/03\/shapka-svetootrazhayushhaya-buff-dryflx-solid-light-grey.jpg\",\"width\":1166,\"height\":1082,\"caption\":\"\u0421\u0432\u0435\u0442\u043e\u043e\u0442\u0440\u0430\u0436\u0430\u044e\u0449\u0430\u044f \u0448\u0430\u043f\u043a\u0430 Buff Dryflx Solid Light Grey \u0434\u043b\u044f \u0430\u043a\u0442\u0438\u0432\u043d\u043e\u0433\u043e \u043e\u0442\u0434\u044b\u0445\u0430, \u043f\u0440\u043e\u0433\u0443\u043b\u043e\u043a, \u0431\u0435\u0433\u0430, \u043f\u043e\u0445\u043e\u0434\u043e\u0432, \u0430\u043b\u044c\u043f\u0438\u043d\u0438\u0437\u043c\u0430, \u043f\u0443\u0442\u0435\u0448\u0435\u0441\u0442\u0432\u0438\u0439 \u0438 \u0441\u043f\u043e\u0440\u0442\u0438\u0432\u043d\u043e\u0439 \u043e\u0434\u0435\u0436\u0434\u044b\"},{\"@type\":\"BreadcrumbList\",\"@id\":\"https:\/\/xstyle.md\/product\/shapka-svetootrazhayushhaya-buff-dryflx-solid-light\/#breadcrumb\",\"itemListElement\":[{\"@type\":\"ListItem\",\"position\":1,\"name\":\"\u0413\u043b\u0430\u0432\u043d\u0430\u044f \u0441\u0442\u0440\u0430\u043d\u0438\u0446\u0430\",\"item\":\"https:\/\/xstyle.md\/\"},{\"@type\":\"ListItem\",\"position\":2,\"name\":\"\u041c\u0430\u0433\u0430\u0437\u0438\u043d\",\"item\":\"https:\/\/xstyle.md\/shop\/\"},{\"@type\":\"ListItem\",\"position\":3,\"name\":\"\u0428\u0430\u043f\u043a\u0430 \u0441\u0432\u0435\u0442\u043e\u043e\u0442\u0440\u0430\u0436\u0430\u044e\u0449\u0430\u044f Buff Dryflx Solid Light Grey\"}]},{\"@type\":\"WebSite\",\"@id\":\"https:\/\/xstyle.md\/#website\",\"url\":\"https:\/\/xstyle.md\/\",\"name\":\"\u041c\u0430\u0433\u0430\u0437\u0438\u043d Xstyle\",\"description\":\"C\u043d\u0430\u0440\u044f\u0436\u0435\u043d\u0438\u0435 \u0434\u043b\u044f \u0442\u0443\u0440\u0438\u0437\u043c\u0430 \u0438 \u044d\u043a\u0441\u0442\u0440\u0435\u043c\u0430\u043b\u044c\u043d\u044b\u0445 \u0432\u0438\u0434\u043e\u0432 \u0441\u043f\u043e\u0440\u0442\u0430 \u0432 \u041c\u043e\u043b\u0434\u043e\u0432\u0435.. \u0426\u0435\u043d\u044b, \u0444\u043e\u0442\u043e, \u0445\u0430\u0440\u0430\u043a\u0442\u0435\u0440\u0438\u0441\u0442\u0438\u043a\u0438 \u0432 \u041c\u043e\u043b\u0434\u043e\u0432\u0435.\",\"publisher\":{\"@id\":\"https:\/\/xstyle.md\/#organization\"},\"alternateName\":\"X-Style\",\"potentialAction\":[{\"@type\":\"SearchAction\",\"target\":{\"@type\":\"EntryPoint\",\"urlTemplate\":\"https:\/\/xstyle.md\/?s={search_term_string}\"},\"query-input\":{\"@type\":\"PropertyValueSpecification\",\"valueRequired\":true,\"valueName\":\"search_term_string\"}}],\"inLanguage\":\"ro-RO\"},{\"@type\":\"Organization\",\"@id\":\"https:\/\/xstyle.md\/#organization\",\"name\":\"\u041c\u0430\u0433\u0430\u0437\u0438\u043d Xstyle\",\"alternateName\":\"x-style\",\"url\":\"https:\/\/xstyle.md\/\",\"logo\":{\"@type\":\"ImageObject\",\"inLanguage\":\"ro-RO\",\"@id\":\"https:\/\/xstyle.md\/#\/schema\/logo\/image\/\",\"url\":\"https:\/\/xstyle.md\/wp-content\/uploads\/2020\/06\/logoicon.svg\",\"contentUrl\":\"https:\/\/xstyle.md\/wp-content\/uploads\/2020\/06\/logoicon.svg\",\"caption\":\"\u041c\u0430\u0433\u0430\u0437\u0438\u043d Xstyle\"},\"image\":{\"@id\":\"https:\/\/xstyle.md\/#\/schema\/logo\/image\/\"},\"sameAs\":[\"https:\/\/www.facebook.com\/xstylemd\",\"https:\/\/www.instagram.com\/xstyle_md\/\",\"https:\/\/t.me\/xstyle_outdoor\"],\"hasMerchantReturnPolicy\":{\"@type\":\"MerchantReturnPolicy\",\"merchantReturnLink\":\"https:\/\/xstyle.md\/ro\/conditions\/\"}}]}<\/script>\n<meta property=\"product:price:amount\" content=\"435.00\" \/>\n<meta property=\"product:price:currency\" content=\"MDL\" \/>\n<meta property=\"og:availability\" content=\"instock\" \/>\n<meta property=\"product:availability\" content=\"instock\" \/>\n<meta property=\"product:retailer_item_id\" content=\"8428927369161\" \/>\n<meta property=\"product:condition\" content=\"new\" \/>\n<!-- \/ Yoast SEO plugin. -->","yoast_head_json":{"title":"C\u0103ciul\u0103 reflectorizant\u0103 Buff Dryflx Solid Light Grey - Magazin Xstyle","description":"\u0218apca reflectorizant\u0103 Buff Dryflx Solid Light Grey ofer\u0103 ultrastretch, protec\u021bie UV \u0219i este ideal\u0103 pentru alerg\u0103ri nocturne \u0219i activit\u0103\u021bi \u00een aer liber.","robots":{"index":"index","follow":"follow","max-snippet":"max-snippet:-1","max-image-preview":"max-image-preview:large","max-video-preview":"max-video-preview:-1"},"canonical":"https:\/\/xstyle.md\/ro\/produs\/shapka-svetootrazhayushhaya-buff-dryflx-solid-light\/","og_locale":"ro_RO","og_type":"article","og_title":"\u0428\u0430\u043f\u043a\u0430 \u0441\u0432\u0435\u0442\u043e\u043e\u0442\u0440\u0430\u0436\u0430\u044e\u0449\u0430\u044f Buff Dryflx Solid Light Grey - \u041c\u0430\u0433\u0430\u0437\u0438\u043d Xstyle","og_description":"\u0428\u0430\u043f\u043a\u0430 \u0441\u0432\u0435\u0442\u043e\u043e\u0442\u0440\u0430\u0436\u0430\u044e\u0449\u0430\u044f Buff Dryflx Solid Light Grey \u043e\u0431\u0435\u0441\u043f\u0435\u0447\u0438\u0432\u0430\u0435\u0442 \u0443\u043b\u044c\u0442\u0440\u0430\u0441\u0442\u0440\u0435\u0442\u0447, \u0437\u0430\u0449\u0438\u0442\u0443 \u043e\u0442 UV \u0438 \u0438\u0434\u0435\u0430\u043b\u044c\u043d\u0430 \u0434\u043b\u044f \u043d\u043e\u0447\u043d\u044b\u0445 \u043f\u0440\u043e\u0431\u0435\u0436\u0435\u043a \u0438 \u0430\u043a\u0442\u0438\u0432\u043d\u043e\u0433\u043e \u043e\u0442\u0434\u044b\u0445\u0430.","og_url":"https:\/\/xstyle.md\/ro\/produs\/shapka-svetootrazhayushhaya-buff-dryflx-solid-light\/","og_site_name":"\u041c\u0430\u0433\u0430\u0437\u0438\u043d Xstyle","article_publisher":"https:\/\/www.facebook.com\/xstylemd","article_modified_time":"2026-03-19T14:12:37+00:00","og_image":[{"width":1166,"height":1082,"url":"https:\/\/xstyle.md\/wp-content\/uploads\/2023\/03\/shapka-svetootrazhayushhaya-buff-dryflx-solid-light-grey.jpg","type":"image\/jpeg"}],"twitter_card":"summary_large_image","twitter_misc":{"Pre\u021b":"435&nbsp;MDL","Disponibilitate":"\u00cen stoc"},"schema":{"@context":"https:\/\/schema.org","@graph":[{"@type":"WebPage","@id":"https:\/\/xstyle.md\/product\/shapka-svetootrazhayushhaya-buff-dryflx-solid-light\/","url":"https:\/\/xstyle.md\/product\/shapka-svetootrazhayushhaya-buff-dryflx-solid-light\/","name":"C\u0103ciul\u0103 reflectorizant\u0103 Buff Dryflx Solid Light Grey - Magazin Xstyle","isPartOf":{"@id":"https:\/\/xstyle.md\/#website"},"primaryImageOfPage":{"@id":"https:\/\/xstyle.md\/product\/shapka-svetootrazhayushhaya-buff-dryflx-solid-light\/#primaryimage"},"image":{"@id":"https:\/\/xstyle.md\/product\/shapka-svetootrazhayushhaya-buff-dryflx-solid-light\/#primaryimage"},"thumbnailUrl":"https:\/\/xstyle.md\/wp-content\/uploads\/2023\/03\/shapka-svetootrazhayushhaya-buff-dryflx-solid-light-grey.jpg","datePublished":"2023-03-02T12:55:32+00:00","dateModified":"2026-03-19T14:12:37+00:00","description":"\u0218apca reflectorizant\u0103 Buff Dryflx Solid Light Grey ofer\u0103 ultrastretch, protec\u021bie UV \u0219i este ideal\u0103 pentru alerg\u0103ri nocturne \u0219i activit\u0103\u021bi \u00een aer liber.","breadcrumb":{"@id":"https:\/\/xstyle.md\/product\/shapka-svetootrazhayushhaya-buff-dryflx-solid-light\/#breadcrumb"},"inLanguage":"ro-RO","potentialAction":[{"@type":"ReadAction","target":["https:\/\/xstyle.md\/product\/shapka-svetootrazhayushhaya-buff-dryflx-solid-light\/"]}]},{"@type":"ImageObject","inLanguage":"ro-RO","@id":"https:\/\/xstyle.md\/product\/shapka-svetootrazhayushhaya-buff-dryflx-solid-light\/#primaryimage","url":"https:\/\/xstyle.md\/wp-content\/uploads\/2023\/03\/shapka-svetootrazhayushhaya-buff-dryflx-solid-light-grey.jpg","contentUrl":"https:\/\/xstyle.md\/wp-content\/uploads\/2023\/03\/shapka-svetootrazhayushhaya-buff-dryflx-solid-light-grey.jpg","width":1166,"height":1082,"caption":"\u0421\u0432\u0435\u0442\u043e\u043e\u0442\u0440\u0430\u0436\u0430\u044e\u0449\u0430\u044f \u0448\u0430\u043f\u043a\u0430 Buff Dryflx Solid Light Grey \u0434\u043b\u044f \u0430\u043a\u0442\u0438\u0432\u043d\u043e\u0433\u043e \u043e\u0442\u0434\u044b\u0445\u0430, \u043f\u0440\u043e\u0433\u0443\u043b\u043e\u043a, \u0431\u0435\u0433\u0430, \u043f\u043e\u0445\u043e\u0434\u043e\u0432, \u0430\u043b\u044c\u043f\u0438\u043d\u0438\u0437\u043c\u0430, \u043f\u0443\u0442\u0435\u0448\u0435\u0441\u0442\u0432\u0438\u0439 \u0438 \u0441\u043f\u043e\u0440\u0442\u0438\u0432\u043d\u043e\u0439 \u043e\u0434\u0435\u0436\u0434\u044b"},{"@type":"BreadcrumbList","@id":"https:\/\/xstyle.md\/product\/shapka-svetootrazhayushhaya-buff-dryflx-solid-light\/#breadcrumb","itemListElement":[{"@type":"ListItem","position":1,"name":"\u0413\u043b\u0430\u0432\u043d\u0430\u044f \u0441\u0442\u0440\u0430\u043d\u0438\u0446\u0430","item":"https:\/\/xstyle.md\/"},{"@type":"ListItem","position":2,"name":"\u041c\u0430\u0433\u0430\u0437\u0438\u043d","item":"https:\/\/xstyle.md\/shop\/"},{"@type":"ListItem","position":3,"name":"\u0428\u0430\u043f\u043a\u0430 \u0441\u0432\u0435\u0442\u043e\u043e\u0442\u0440\u0430\u0436\u0430\u044e\u0449\u0430\u044f Buff Dryflx Solid Light Grey"}]},{"@type":"WebSite","@id":"https:\/\/xstyle.md\/#website","url":"https:\/\/xstyle.md\/","name":"Magazinul X-Style","description":"Echipamente pentru turism \u0219i sporturi extreme \u00een Moldova. Pre\u021buri, fotografii, caracteristici \u00een Moldova.","publisher":{"@id":"https:\/\/xstyle.md\/#organization"},"alternateName":"X-Style","potentialAction":[{"@type":"SearchAction","target":{"@type":"EntryPoint","urlTemplate":"https:\/\/xstyle.md\/?s={search_term_string}"},"query-input":{"@type":"PropertyValueSpecification","valueRequired":true,"valueName":"search_term_string"}}],"inLanguage":"ro-RO"},{"@type":"Organization","@id":"https:\/\/xstyle.md\/#organization","name":"Magazinul X-Style","alternateName":"x-style","url":"https:\/\/xstyle.md\/","logo":{"@type":"ImageObject","inLanguage":"ro-RO","@id":"https:\/\/xstyle.md\/#\/schema\/logo\/image\/","url":"https:\/\/xstyle.md\/wp-content\/uploads\/2020\/06\/logoicon.svg","contentUrl":"https:\/\/xstyle.md\/wp-content\/uploads\/2020\/06\/logoicon.svg","caption":"\u041c\u0430\u0433\u0430\u0437\u0438\u043d Xstyle"},"image":{"@id":"https:\/\/xstyle.md\/#\/schema\/logo\/image\/"},"sameAs":["https:\/\/www.facebook.com\/xstylemd","https:\/\/www.instagram.com\/xstyle_md\/","https:\/\/t.me\/xstyle_outdoor"],"hasMerchantReturnPolicy":{"@type":"MerchantReturnPolicy","merchantReturnLink":"https:\/\/xstyle.md\/ro\/conditions\/"}}]},"product_price_amount":"435.00","product_price_currency":"MDL","og_availability":"instock","product_availability":"instock","product_retailer_item_id":"8428927369161","product_condition":"new"},"post_mailing_queue_ids":[],"_links":{"self":[{"href":"https:\/\/xstyle.md\/ro\/wp-json\/wp\/v2\/product\/65184","targetHints":{"allow":["GET"]}}],"collection":[{"href":"https:\/\/xstyle.md\/ro\/wp-json\/wp\/v2\/product"}],"about":[{"href":"https:\/\/xstyle.md\/ro\/wp-json\/wp\/v2\/types\/product"}],"replies":[{"embeddable":true,"href":"https:\/\/xstyle.md\/ro\/wp-json\/wp\/v2\/comments?post=65184"}],"wp:featuredmedia":[{"embeddable":true,"href":"https:\/\/xstyle.md\/ro\/wp-json\/wp\/v2\/media\/65642"}],"wp:attachment":[{"href":"https:\/\/xstyle.md\/ro\/wp-json\/wp\/v2\/media?parent=65184"}],"wp:term":[{"taxonomy":"product_brand","embeddable":true,"href":"https:\/\/xstyle.md\/ro\/wp-json\/wp\/v2\/product_brand?post=65184"},{"taxonomy":"product_cat","embeddable":true,"href":"https:\/\/xstyle.md\/ro\/wp-json\/wp\/v2\/product_cat?post=65184"},{"taxonomy":"product_tag","embeddable":true,"href":"https:\/\/xstyle.md\/ro\/wp-json\/wp\/v2\/product_tag?post=65184"}],"curies":[{"name":"wp","href":"https:\/\/api.w.org\/{rel}","templated":true}]}}