{"id":65167,"date":"2023-03-02T15:55:29","date_gmt":"2023-03-02T12:55:29","guid":{"rendered":"https:\/\/xstyle.md\/?post_type=product&#038;p=65167"},"modified":"2025-12-24T18:40:34","modified_gmt":"2025-12-24T15:40:34","slug":"kovrik-dlya-jogi-manduka-pro-71-black","status":"publish","type":"product","link":"https:\/\/xstyle.md\/ro\/produs\/kovrik-dlya-jogi-manduka-pro-71-black\/","title":{"rendered":"Covora\u0219 Yoga Manduka Pro 71 Black"},"content":{"rendered":"<\/p>\n<p><strong>Saltea pentru yoga Manduka Pro<\/strong> &#8212; concepute pentru o via\u021b\u0103 \u00eentreag\u0103 (sau dou\u0103) de utilizare. Un covora\u0219 de yoga foarte dens \u0219i spa\u021bios, cu un confort \u0219i o amortizare de neegalat. Covora\u0219ele din seria PRO sunt fabricate folosind un proces care asigur\u0103 c\u0103 nu sunt eliberate emisii toxice \u00een atmosfer\u0103.<\/p>\n<h3>Particularit\u0103\u021bi<\/h3>\n<ul>\n<li>Covora\u0219 de \u00eenalt\u0103 densitate, protec\u021bie a articula\u021biilor \u0219i suport de neegalat.<\/li>\n<li>Garantat s\u0103 nu se uzeze niciodat\u0103 atunci c\u00e2nd practica\u021bi yoga.<\/li>\n<li>Suprafa\u021ba cu celule \u00eenchise \u00eempiedic\u0103 p\u0103trunderea transpira\u021biei \u00een covora\u0219 \u0219i formarea de bacterii.<\/li>\n<li>Materialele de \u00eenalt\u0103 calitate nu se exfoliaz\u0103 \u0219i nu se decoloreaz\u0103.<\/li>\n<li>Produc\u021bie non-toxic\u0103, 100% f\u0103r\u0103 latex, sigur\u0103 pentru utilizarea de c\u0103tre majoritatea persoanelor sensibile la latex.<\/li>\n<li>Manduka PRO este certificat\u0103 de OEKO-TEX\u00ae, agen\u021bia european\u0103 de certificare a materialelor pentru industria textil\u0103.<\/li>\n<\/ul>\n<h4>Ce este diferit la categoria de covora\u0219e PRO?<\/h4>\n<p>Aceast\u0103 categorie de covora\u0219e se caracterizeaz\u0103 prin versatilitatea sa, put\u00e2nd fi utilizate pe orice suprafa\u021b\u0103: (covor, ciment, parchet etc.). Datorit\u0103 modelului de puncte care \u00eel caracterizeaz\u0103, acesta men\u021bine covora\u0219ul la locul s\u0103u pe orice suprafa\u021b\u0103. Seria PRO v\u0103 permite s\u0103 v\u0103 deplasa\u021bi \u00eentre pozi\u021bii f\u0103r\u0103 a v\u0103 lipi de saltea. \u00centotdeauna asocia\u021bi covora\u0219ul PRO cu un prosop pentru a absorbi umezeala \u0219i a cre\u0219te aderen\u021ba. Seria PRO este, de asemenea, certificat\u0103 STANDARD 100 de c\u0103tre OEKO-TEX\u00ae\ufe0f (12.HUS.17706 | Hohenstein HTTI) pentru a v\u0103 proteja pe dvs. \u0219i familia dvs. de substan\u021be nocive.<\/p>\n<h4>\u00cengrijire<\/h4>\n<p>Nu puneti covora\u0219ul \u00een ma\u0219ina de sp\u0103lat, deoarece acest lucru va distruge materialul. Nu \u00eel \u00eenmuia\u021bi sau scufunda\u021bi \u00een ap\u0103. Covora\u0219ul poate fi cur\u0103\u021bat cu un burete umed sau pulverizat cu un spray antibacterian. Nu l\u0103sa\u021bi covora\u0219ul pe un calorifer sau pe usc\u0103tor.<\/p>\n<h4>A pastra<\/h4>\n<p>\u00cenf\u0103\u0219ura\u021bi covora\u0219ele Manduka PRO cu partea de sus (finisajul textil) orientat\u0103 spre exterior. Acest lucru men\u021bine col\u021burile covora\u0219ului drepte \u00een timpul antrenamentului. Nu l\u0103sa\u021bi salteaua \u00een lumina direct\u0103 a soarelui. Dac\u0103 este ud, l\u0103sa\u021bi covora\u0219ul s\u0103 se usuce \u00eenainte de a-l rula. Pentru cele mai bune rezultate, p\u0103stra\u021bi covora\u0219ul \u00eentr-o hus\u0103 atunci c\u00e2nd nu \u00eel folosi\u021bi, deoarece expunerea prelungit\u0103 la aer \u0219i la soare poate deteriora cauciucul de pe covora\u0219. Utilizarea acestui produs \u00eentr-un mediu cald necesit\u0103 o \u00eentre\u021binere regulat\u0103 pentru a men\u021bine performan\u021ba cauciucului.<\/p>\n<h3>Caracteristici<\/h3>\n<ul>\n<li>Dimensiune: 180 x 66 cm<\/li>\n<li>Grosime: 6 mm<\/li>\n<li>Greutate: 3,4 kg.<\/li>\n<\/ul>\n<p><\/p>","protected":false},"excerpt":{"rendered":"","protected":false},"featured_media":65413,"comment_status":"open","ping_status":"closed","template":"","meta":{"_acf_changed":false,"inline_featured_image":false},"product_brand":[1468],"product_cat":[474],"product_tag":[],"class_list":{"0":"post-65167","1":"product","2":"type-product","3":"status-publish","4":"has-post-thumbnail","6":"product_brand-manduka","7":"product_cat-yoga-mats","9":"first","10":"instock","11":"shipping-taxable","12":"purchasable","13":"product-type-simple"},"acf":[],"yoast_head":"<!-- This site is optimized with the Yoast SEO plugin v27.2 - https:\/\/yoast.com\/product\/yoast-seo-wordpress\/ -->\n<title>\u041a\u043e\u0432\u0440\u0438\u043a \u0434\u043b\u044f \u0439\u043e\u0433\u0438 Manduka Pro 71 Black - \u041c\u0430\u0433\u0430\u0437\u0438\u043d Xstyle<\/title>\n<meta name=\"description\" content=\"\u041a\u043e\u0432\u0440\u0438\u043a \u0434\u043b\u044f \u0439\u043e\u0433\u0438 Manduka Pro 71 Black: \u0432\u044b\u0441\u043e\u0447\u0430\u0439\u0448\u0435\u0435 \u043a\u0430\u0447\u0435\u0441\u0442\u0432\u043e, \u043a\u043e\u043c\u0444\u043e\u0440\u0442 \u0438 \u0434\u043e\u043b\u0433\u043e\u0432\u0435\u0447\u043d\u043e\u0441\u0442\u044c. \u0418\u0434\u0435\u0430\u043b\u0435\u043d \u0434\u043b\u044f \u043f\u0440\u0430\u043a\u0442\u0438\u043a\u0438 \u0441 \u043e\u0442\u043b\u0438\u0447\u043d\u043e\u0439 \u0430\u043c\u043e\u0440\u0442\u0438\u0437\u0430\u0446\u0438\u0435\u0439 \u0438 \u0431\u0435\u0437 \u0442\u043e\u043a\u0441\u0438\u0447\u043d\u044b\u0445 \u0432\u044b\u0431\u0440\u043e\u0441\u043e\u0432.\" \/>\n<meta name=\"robots\" content=\"index, follow, max-snippet:-1, max-image-preview:large, max-video-preview:-1\" \/>\n<link rel=\"canonical\" href=\"https:\/\/xstyle.md\/ro\/produs\/kovrik-dlya-jogi-manduka-pro-71-black\/\" \/>\n<meta property=\"og:locale\" content=\"ro_RO\" \/>\n<meta property=\"og:type\" content=\"article\" \/>\n<meta property=\"og:title\" content=\"\u041a\u043e\u0432\u0440\u0438\u043a \u0434\u043b\u044f \u0439\u043e\u0433\u0438 Manduka Pro 71 Black - \u041c\u0430\u0433\u0430\u0437\u0438\u043d Xstyle\" \/>\n<meta property=\"og:description\" content=\"\u041a\u043e\u0432\u0440\u0438\u043a \u0434\u043b\u044f \u0439\u043e\u0433\u0438 Manduka Pro 71 Black: \u0432\u044b\u0441\u043e\u0447\u0430\u0439\u0448\u0435\u0435 \u043a\u0430\u0447\u0435\u0441\u0442\u0432\u043e, \u043a\u043e\u043c\u0444\u043e\u0440\u0442 \u0438 \u0434\u043e\u043b\u0433\u043e\u0432\u0435\u0447\u043d\u043e\u0441\u0442\u044c. \u0418\u0434\u0435\u0430\u043b\u0435\u043d \u0434\u043b\u044f \u043f\u0440\u0430\u043a\u0442\u0438\u043a\u0438 \u0441 \u043e\u0442\u043b\u0438\u0447\u043d\u043e\u0439 \u0430\u043c\u043e\u0440\u0442\u0438\u0437\u0430\u0446\u0438\u0435\u0439 \u0438 \u0431\u0435\u0437 \u0442\u043e\u043a\u0441\u0438\u0447\u043d\u044b\u0445 \u0432\u044b\u0431\u0440\u043e\u0441\u043e\u0432.\" \/>\n<meta property=\"og:url\" content=\"https:\/\/xstyle.md\/ro\/produs\/kovrik-dlya-jogi-manduka-pro-71-black\/\" \/>\n<meta property=\"og:site_name\" content=\"\u041c\u0430\u0433\u0430\u0437\u0438\u043d Xstyle\" \/>\n<meta property=\"article:publisher\" content=\"https:\/\/www.facebook.com\/xstylemd\" \/>\n<meta property=\"article:modified_time\" content=\"2025-12-24T15:40:34+00:00\" \/>\n<meta property=\"og:image\" content=\"https:\/\/xstyle.md\/wp-content\/uploads\/2023\/03\/manduka-pro-71-black.jpg\" \/>\n\t<meta property=\"og:image:width\" content=\"936\" \/>\n\t<meta property=\"og:image:height\" content=\"990\" \/>\n\t<meta property=\"og:image:type\" content=\"image\/jpeg\" \/>\n<meta name=\"twitter:card\" content=\"summary_large_image\" \/>\n<meta name=\"twitter:label1\" content=\"Pre\u021b\" \/>\n\t<meta name=\"twitter:data1\" content=\"3.290&nbsp;MDL\" \/>\n\t<meta name=\"twitter:label2\" content=\"Disponibilitate\" \/>\n\t<meta name=\"twitter:data2\" content=\"\u00cen stoc\" \/>\n<script type=\"application\/ld+json\" class=\"yoast-schema-graph\">{\"@context\":\"https:\/\/schema.org\",\"@graph\":[{\"@type\":\"WebPage\",\"@id\":\"https:\/\/xstyle.md\/product\/kovrik-dlya-jogi-manduka-pro-71-black\/\",\"url\":\"https:\/\/xstyle.md\/product\/kovrik-dlya-jogi-manduka-pro-71-black\/\",\"name\":\"\u041a\u043e\u0432\u0440\u0438\u043a \u0434\u043b\u044f \u0439\u043e\u0433\u0438 Manduka Pro 71 Black - \u041c\u0430\u0433\u0430\u0437\u0438\u043d Xstyle\",\"isPartOf\":{\"@id\":\"https:\/\/xstyle.md\/#website\"},\"primaryImageOfPage\":{\"@id\":\"https:\/\/xstyle.md\/product\/kovrik-dlya-jogi-manduka-pro-71-black\/#primaryimage\"},\"image\":{\"@id\":\"https:\/\/xstyle.md\/product\/kovrik-dlya-jogi-manduka-pro-71-black\/#primaryimage\"},\"thumbnailUrl\":\"https:\/\/xstyle.md\/wp-content\/uploads\/2023\/03\/manduka-pro-71-black.jpg\",\"datePublished\":\"2023-03-02T12:55:29+00:00\",\"dateModified\":\"2025-12-24T15:40:34+00:00\",\"description\":\"\u041a\u043e\u0432\u0440\u0438\u043a \u0434\u043b\u044f \u0439\u043e\u0433\u0438 Manduka Pro 71 Black: \u0432\u044b\u0441\u043e\u0447\u0430\u0439\u0448\u0435\u0435 \u043a\u0430\u0447\u0435\u0441\u0442\u0432\u043e, \u043a\u043e\u043c\u0444\u043e\u0440\u0442 \u0438 \u0434\u043e\u043b\u0433\u043e\u0432\u0435\u0447\u043d\u043e\u0441\u0442\u044c. \u0418\u0434\u0435\u0430\u043b\u0435\u043d \u0434\u043b\u044f \u043f\u0440\u0430\u043a\u0442\u0438\u043a\u0438 \u0441 \u043e\u0442\u043b\u0438\u0447\u043d\u043e\u0439 \u0430\u043c\u043e\u0440\u0442\u0438\u0437\u0430\u0446\u0438\u0435\u0439 \u0438 \u0431\u0435\u0437 \u0442\u043e\u043a\u0441\u0438\u0447\u043d\u044b\u0445 \u0432\u044b\u0431\u0440\u043e\u0441\u043e\u0432.\",\"breadcrumb\":{\"@id\":\"https:\/\/xstyle.md\/product\/kovrik-dlya-jogi-manduka-pro-71-black\/#breadcrumb\"},\"inLanguage\":\"ro-RO\",\"potentialAction\":[{\"@type\":\"ReadAction\",\"target\":[\"https:\/\/xstyle.md\/product\/kovrik-dlya-jogi-manduka-pro-71-black\/\"]}]},{\"@type\":\"ImageObject\",\"inLanguage\":\"ro-RO\",\"@id\":\"https:\/\/xstyle.md\/product\/kovrik-dlya-jogi-manduka-pro-71-black\/#primaryimage\",\"url\":\"https:\/\/xstyle.md\/wp-content\/uploads\/2023\/03\/manduka-pro-71-black.jpg\",\"contentUrl\":\"https:\/\/xstyle.md\/wp-content\/uploads\/2023\/03\/manduka-pro-71-black.jpg\",\"width\":936,\"height\":990,\"caption\":\"\u041a\u043e\u0432\u0440\u0438\u043a \u0434\u043b\u044f \u0439\u043e\u0433\u0438 Manduka Pro 71 Black \u0434\u043b\u044f \u0430\u043a\u0442\u0438\u0432\u043d\u043e\u0433\u043e \u043e\u0431\u0440\u0430\u0437\u0430 \u0436\u0438\u0437\u043d\u0438, \u0441\u043f\u043e\u0440\u0442\u0438\u0432\u043d\u043e\u0439 \u043e\u0434\u0435\u0436\u0434\u044b, \u043e\u0431\u0443\u0432\u0438, \u0442\u0443\u0440\u0438\u0437\u043c\u0430 \u0438 \u0430\u043b\u044c\u043f\u0438\u043d\u0438\u0437\u043c\u0430 \u0432 \u0438\u043d\u0442\u0435\u0440\u043d\u0435\u0442-\u043c\u0430\u0433\u0430\u0437\u0438\u043d\u0435\"},{\"@type\":\"BreadcrumbList\",\"@id\":\"https:\/\/xstyle.md\/product\/kovrik-dlya-jogi-manduka-pro-71-black\/#breadcrumb\",\"itemListElement\":[{\"@type\":\"ListItem\",\"position\":1,\"name\":\"\u0413\u043b\u0430\u0432\u043d\u0430\u044f \u0441\u0442\u0440\u0430\u043d\u0438\u0446\u0430\",\"item\":\"https:\/\/xstyle.md\/\"},{\"@type\":\"ListItem\",\"position\":2,\"name\":\"\u041c\u0430\u0433\u0430\u0437\u0438\u043d\",\"item\":\"https:\/\/xstyle.md\/shop\/\"},{\"@type\":\"ListItem\",\"position\":3,\"name\":\"\u041a\u043e\u0432\u0440\u0438\u043a \u0434\u043b\u044f \u0439\u043e\u0433\u0438 Manduka Pro 71 Black\"}]},{\"@type\":\"WebSite\",\"@id\":\"https:\/\/xstyle.md\/#website\",\"url\":\"https:\/\/xstyle.md\/\",\"name\":\"\u041c\u0430\u0433\u0430\u0437\u0438\u043d Xstyle\",\"description\":\"C\u043d\u0430\u0440\u044f\u0436\u0435\u043d\u0438\u0435 \u0434\u043b\u044f \u0442\u0443\u0440\u0438\u0437\u043c\u0430 \u0438 \u044d\u043a\u0441\u0442\u0440\u0435\u043c\u0430\u043b\u044c\u043d\u044b\u0445 \u0432\u0438\u0434\u043e\u0432 \u0441\u043f\u043e\u0440\u0442\u0430 \u0432 \u041c\u043e\u043b\u0434\u043e\u0432\u0435.. \u0426\u0435\u043d\u044b, \u0444\u043e\u0442\u043e, \u0445\u0430\u0440\u0430\u043a\u0442\u0435\u0440\u0438\u0441\u0442\u0438\u043a\u0438 \u0432 \u041c\u043e\u043b\u0434\u043e\u0432\u0435.\",\"publisher\":{\"@id\":\"https:\/\/xstyle.md\/#organization\"},\"alternateName\":\"X-Style\",\"potentialAction\":[{\"@type\":\"SearchAction\",\"target\":{\"@type\":\"EntryPoint\",\"urlTemplate\":\"https:\/\/xstyle.md\/?s={search_term_string}\"},\"query-input\":{\"@type\":\"PropertyValueSpecification\",\"valueRequired\":true,\"valueName\":\"search_term_string\"}}],\"inLanguage\":\"ro-RO\"},{\"@type\":\"Organization\",\"@id\":\"https:\/\/xstyle.md\/#organization\",\"name\":\"\u041c\u0430\u0433\u0430\u0437\u0438\u043d Xstyle\",\"alternateName\":\"x-style\",\"url\":\"https:\/\/xstyle.md\/\",\"logo\":{\"@type\":\"ImageObject\",\"inLanguage\":\"ro-RO\",\"@id\":\"https:\/\/xstyle.md\/#\/schema\/logo\/image\/\",\"url\":\"https:\/\/xstyle.md\/wp-content\/uploads\/2020\/06\/logoicon.svg\",\"contentUrl\":\"https:\/\/xstyle.md\/wp-content\/uploads\/2020\/06\/logoicon.svg\",\"caption\":\"\u041c\u0430\u0433\u0430\u0437\u0438\u043d Xstyle\"},\"image\":{\"@id\":\"https:\/\/xstyle.md\/#\/schema\/logo\/image\/\"},\"sameAs\":[\"https:\/\/www.facebook.com\/xstylemd\",\"https:\/\/www.instagram.com\/xstyle_md\/\",\"https:\/\/t.me\/xstyle_outdoor\"],\"hasMerchantReturnPolicy\":{\"@type\":\"MerchantReturnPolicy\",\"merchantReturnLink\":\"https:\/\/xstyle.md\/ro\/conditions\/\"}}]}<\/script>\n<meta property=\"product:price:amount\" content=\"3290.00\" \/>\n<meta property=\"product:price:currency\" content=\"MDL\" \/>\n<meta property=\"og:availability\" content=\"instock\" \/>\n<meta property=\"product:availability\" content=\"instock\" \/>\n<meta property=\"product:retailer_item_id\" content=\"846698058943\" \/>\n<meta property=\"product:condition\" content=\"new\" \/>\n<!-- \/ Yoast SEO plugin. -->","yoast_head_json":{"title":"Saltea pentru yoga Manduka Pro 71 Black - Magazin Xstyle","description":"Covor de yoga Manduka Pro 71 Black: calitate superioar\u0103, confort \u0219i durabilitate. Ideal pentru practic\u0103, cu o amortizare excelent\u0103 \u0219i f\u0103r\u0103 emisii toxice.","robots":{"index":"index","follow":"follow","max-snippet":"max-snippet:-1","max-image-preview":"max-image-preview:large","max-video-preview":"max-video-preview:-1"},"canonical":"https:\/\/xstyle.md\/ro\/produs\/kovrik-dlya-jogi-manduka-pro-71-black\/","og_locale":"ro_RO","og_type":"article","og_title":"\u041a\u043e\u0432\u0440\u0438\u043a \u0434\u043b\u044f \u0439\u043e\u0433\u0438 Manduka Pro 71 Black - \u041c\u0430\u0433\u0430\u0437\u0438\u043d Xstyle","og_description":"\u041a\u043e\u0432\u0440\u0438\u043a \u0434\u043b\u044f \u0439\u043e\u0433\u0438 Manduka Pro 71 Black: \u0432\u044b\u0441\u043e\u0447\u0430\u0439\u0448\u0435\u0435 \u043a\u0430\u0447\u0435\u0441\u0442\u0432\u043e, \u043a\u043e\u043c\u0444\u043e\u0440\u0442 \u0438 \u0434\u043e\u043b\u0433\u043e\u0432\u0435\u0447\u043d\u043e\u0441\u0442\u044c. \u0418\u0434\u0435\u0430\u043b\u0435\u043d \u0434\u043b\u044f \u043f\u0440\u0430\u043a\u0442\u0438\u043a\u0438 \u0441 \u043e\u0442\u043b\u0438\u0447\u043d\u043e\u0439 \u0430\u043c\u043e\u0440\u0442\u0438\u0437\u0430\u0446\u0438\u0435\u0439 \u0438 \u0431\u0435\u0437 \u0442\u043e\u043a\u0441\u0438\u0447\u043d\u044b\u0445 \u0432\u044b\u0431\u0440\u043e\u0441\u043e\u0432.","og_url":"https:\/\/xstyle.md\/ro\/produs\/kovrik-dlya-jogi-manduka-pro-71-black\/","og_site_name":"\u041c\u0430\u0433\u0430\u0437\u0438\u043d Xstyle","article_publisher":"https:\/\/www.facebook.com\/xstylemd","article_modified_time":"2025-12-24T15:40:34+00:00","og_image":[{"width":936,"height":990,"url":"https:\/\/xstyle.md\/wp-content\/uploads\/2023\/03\/manduka-pro-71-black.jpg","type":"image\/jpeg"}],"twitter_card":"summary_large_image","twitter_misc":{"Pre\u021b":"3.290&nbsp;MDL","Disponibilitate":"\u00cen stoc"},"schema":{"@context":"https:\/\/schema.org","@graph":[{"@type":"WebPage","@id":"https:\/\/xstyle.md\/product\/kovrik-dlya-jogi-manduka-pro-71-black\/","url":"https:\/\/xstyle.md\/product\/kovrik-dlya-jogi-manduka-pro-71-black\/","name":"Saltea pentru yoga Manduka Pro 71 Black - Magazin Xstyle","isPartOf":{"@id":"https:\/\/xstyle.md\/#website"},"primaryImageOfPage":{"@id":"https:\/\/xstyle.md\/product\/kovrik-dlya-jogi-manduka-pro-71-black\/#primaryimage"},"image":{"@id":"https:\/\/xstyle.md\/product\/kovrik-dlya-jogi-manduka-pro-71-black\/#primaryimage"},"thumbnailUrl":"https:\/\/xstyle.md\/wp-content\/uploads\/2023\/03\/manduka-pro-71-black.jpg","datePublished":"2023-03-02T12:55:29+00:00","dateModified":"2025-12-24T15:40:34+00:00","description":"Covor de yoga Manduka Pro 71 Black: calitate superioar\u0103, confort \u0219i durabilitate. Ideal pentru practic\u0103, cu o amortizare excelent\u0103 \u0219i f\u0103r\u0103 emisii toxice.","breadcrumb":{"@id":"https:\/\/xstyle.md\/product\/kovrik-dlya-jogi-manduka-pro-71-black\/#breadcrumb"},"inLanguage":"ro-RO","potentialAction":[{"@type":"ReadAction","target":["https:\/\/xstyle.md\/product\/kovrik-dlya-jogi-manduka-pro-71-black\/"]}]},{"@type":"ImageObject","inLanguage":"ro-RO","@id":"https:\/\/xstyle.md\/product\/kovrik-dlya-jogi-manduka-pro-71-black\/#primaryimage","url":"https:\/\/xstyle.md\/wp-content\/uploads\/2023\/03\/manduka-pro-71-black.jpg","contentUrl":"https:\/\/xstyle.md\/wp-content\/uploads\/2023\/03\/manduka-pro-71-black.jpg","width":936,"height":990,"caption":"\u041a\u043e\u0432\u0440\u0438\u043a \u0434\u043b\u044f \u0439\u043e\u0433\u0438 Manduka Pro 71 Black \u0434\u043b\u044f \u0430\u043a\u0442\u0438\u0432\u043d\u043e\u0433\u043e \u043e\u0431\u0440\u0430\u0437\u0430 \u0436\u0438\u0437\u043d\u0438, \u0441\u043f\u043e\u0440\u0442\u0438\u0432\u043d\u043e\u0439 \u043e\u0434\u0435\u0436\u0434\u044b, \u043e\u0431\u0443\u0432\u0438, \u0442\u0443\u0440\u0438\u0437\u043c\u0430 \u0438 \u0430\u043b\u044c\u043f\u0438\u043d\u0438\u0437\u043c\u0430 \u0432 \u0438\u043d\u0442\u0435\u0440\u043d\u0435\u0442-\u043c\u0430\u0433\u0430\u0437\u0438\u043d\u0435"},{"@type":"BreadcrumbList","@id":"https:\/\/xstyle.md\/product\/kovrik-dlya-jogi-manduka-pro-71-black\/#breadcrumb","itemListElement":[{"@type":"ListItem","position":1,"name":"\u0413\u043b\u0430\u0432\u043d\u0430\u044f \u0441\u0442\u0440\u0430\u043d\u0438\u0446\u0430","item":"https:\/\/xstyle.md\/"},{"@type":"ListItem","position":2,"name":"\u041c\u0430\u0433\u0430\u0437\u0438\u043d","item":"https:\/\/xstyle.md\/shop\/"},{"@type":"ListItem","position":3,"name":"\u041a\u043e\u0432\u0440\u0438\u043a \u0434\u043b\u044f \u0439\u043e\u0433\u0438 Manduka Pro 71 Black"}]},{"@type":"WebSite","@id":"https:\/\/xstyle.md\/#website","url":"https:\/\/xstyle.md\/","name":"Magazinul X-Style","description":"Echipamente pentru turism \u0219i sporturi extreme \u00een Moldova. Pre\u021buri, fotografii, caracteristici \u00een Moldova.","publisher":{"@id":"https:\/\/xstyle.md\/#organization"},"alternateName":"X-Style","potentialAction":[{"@type":"SearchAction","target":{"@type":"EntryPoint","urlTemplate":"https:\/\/xstyle.md\/?s={search_term_string}"},"query-input":{"@type":"PropertyValueSpecification","valueRequired":true,"valueName":"search_term_string"}}],"inLanguage":"ro-RO"},{"@type":"Organization","@id":"https:\/\/xstyle.md\/#organization","name":"Magazinul X-Style","alternateName":"x-style","url":"https:\/\/xstyle.md\/","logo":{"@type":"ImageObject","inLanguage":"ro-RO","@id":"https:\/\/xstyle.md\/#\/schema\/logo\/image\/","url":"https:\/\/xstyle.md\/wp-content\/uploads\/2020\/06\/logoicon.svg","contentUrl":"https:\/\/xstyle.md\/wp-content\/uploads\/2020\/06\/logoicon.svg","caption":"\u041c\u0430\u0433\u0430\u0437\u0438\u043d Xstyle"},"image":{"@id":"https:\/\/xstyle.md\/#\/schema\/logo\/image\/"},"sameAs":["https:\/\/www.facebook.com\/xstylemd","https:\/\/www.instagram.com\/xstyle_md\/","https:\/\/t.me\/xstyle_outdoor"],"hasMerchantReturnPolicy":{"@type":"MerchantReturnPolicy","merchantReturnLink":"https:\/\/xstyle.md\/ro\/conditions\/"}}]},"product_price_amount":"3290.00","product_price_currency":"MDL","og_availability":"instock","product_availability":"instock","product_retailer_item_id":"846698058943","product_condition":"new"},"post_mailing_queue_ids":[],"_links":{"self":[{"href":"https:\/\/xstyle.md\/ro\/wp-json\/wp\/v2\/product\/65167","targetHints":{"allow":["GET"]}}],"collection":[{"href":"https:\/\/xstyle.md\/ro\/wp-json\/wp\/v2\/product"}],"about":[{"href":"https:\/\/xstyle.md\/ro\/wp-json\/wp\/v2\/types\/product"}],"replies":[{"embeddable":true,"href":"https:\/\/xstyle.md\/ro\/wp-json\/wp\/v2\/comments?post=65167"}],"wp:featuredmedia":[{"embeddable":true,"href":"https:\/\/xstyle.md\/ro\/wp-json\/wp\/v2\/media\/65413"}],"wp:attachment":[{"href":"https:\/\/xstyle.md\/ro\/wp-json\/wp\/v2\/media?parent=65167"}],"wp:term":[{"taxonomy":"product_brand","embeddable":true,"href":"https:\/\/xstyle.md\/ro\/wp-json\/wp\/v2\/product_brand?post=65167"},{"taxonomy":"product_cat","embeddable":true,"href":"https:\/\/xstyle.md\/ro\/wp-json\/wp\/v2\/product_cat?post=65167"},{"taxonomy":"product_tag","embeddable":true,"href":"https:\/\/xstyle.md\/ro\/wp-json\/wp\/v2\/product_tag?post=65167"}],"curies":[{"name":"wp","href":"https:\/\/api.w.org\/{rel}","templated":true}]}}