{"id":6450,"date":"2020-07-16T21:41:02","date_gmt":"2020-07-16T18:41:02","guid":{"rendered":"https:\/\/xstyle.md\/product\/import-placeholder-for-8595033336650"},"modified":"2026-04-07T15:22:45","modified_gmt":"2026-04-07T12:22:45","slug":"singing-rock-magnum-tube-liquid-chalk-150-ml","status":"publish","type":"product","link":"https:\/\/xstyle.md\/ro\/produs\/singing-rock-magnum-tube-liquid-chalk-150-ml\/","title":{"rendered":"\u041c\u0430\u0433\u043d\u0435\u0437\u0438\u044f Singing Rock Magnum tube &#8212; liquid chalk 150 ml"},"content":{"rendered":"<p><\/p>\n<p><strong>Magneziu Singing Rock Magnum tube &#8212; liquid chalk 150 ml &#8212;\u00a0<\/strong>lichid\u0103, cu uscare rapid\u0103, destinat\u0103 sportivilor, alpini\u0219tilor. Principalul s\u0103u avantaj fa\u021b\u0103 de magnezia conven\u021bional\u0103 din praf este lipsa de praf. Indicatorul transparent pe tub v\u0103 permite s\u0103 monitoriza\u021bi cantitatea r\u0103mas\u0103.<\/p>\n<h3><strong>Particularit\u0103\u021bi<\/strong><\/h3>\n<ul>\n<li>magneziu de \u00eenalt\u0103 calitate pentru alpinism<\/li>\n<li>nu face praf<\/li>\n<li>absoarbe perfect umezeala \u0219i transpira\u021bia<\/li>\n<li>asigur\u0103 o bun\u0103 prindere a degetelor \u0219i a st\u00e2ncii<\/li>\n<li>ideal pentru alpinism \u0219i bouldering, alpinism \u00een sal\u0103<\/li>\n<li>cantitatea de magneziu r\u0103mas\u0103 \u00een tub poate fi v\u0103zut\u0103 printr-o band\u0103 transparent\u0103 special\u0103 cu un marcaj de volum<\/li>\n<\/ul>\n<h3>Caracteristici<\/h3>\n<ul>\n<li>Volum: 150 ml<\/li>\n<li>Ingrediente: carbonat de magneziu (MgCO3), agent de \u00eengro\u0219are, regenerator de piele, alcool<\/li>\n<\/ul>\n<h3>Marca<\/h3>\n<p>SINGING ROCK este o companie ceh\u0103 implicat\u0103 \u00een produc\u021bia de echipamente de alpinism \u0219i escalad\u0103. A fost fondat\u0103 \u00een 1992 de c\u0103tre doi alpini\u0219ti cehi \u0219i un om de afaceri belgian. De la \u00eenceputurile sale \u0219i p\u00e2n\u0103 \u00een prezent, compania s-a concentrat pe utilizarea celor mai moderne progrese \u0219i evolu\u021bii \u00een produc\u021bie. SingingRock lucreaz\u0103 \u00een str\u00e2ns\u0103 leg\u0103tur\u0103 cu mul\u021bi alpini\u0219ti renumi\u021bi care testeaz\u0103 noile produse \u0219i ale c\u0103ror opinii sunt \u00eentotdeauna luate \u00een considerare \u00een timpul dezvolt\u0103rii.<\/p>\n<p>\u00cen prezent, SINGING ROCK este unul dintre liderii mondiali pe pia\u021ba echipamentelor profesionale pentru munca la \u00een\u0103l\u021bime, pentru armat\u0103 \u0219i pentru serviciile de urgen\u021b\u0103. Compania ofer\u0103 hamuri, fr\u00e2nghii, scripe\u021bi \u0219i carabiniere, dispozitive de rapel, dispozitive de siguran\u021b\u0103 pentru lucrul la \u00een\u0103l\u021bime, c\u00e2rlige de ancorare, fr\u00e2nghii de siguran\u021b\u0103 \u0219i alte echipamente necesare pentru acest tip de munc\u0103. Toate aceste produse sunt dezvoltate \u0219i fabricate \u00een Republica Ceh\u0103, \u00een Europa. Ele sunt certificate \u0219i respect\u0103 pe deplin standardele interna\u021bionale de securitate a muncii.<\/p>\n<p><\/p>","protected":false},"excerpt":{"rendered":"<p>\u041c\u0430\u0433\u043d\u0435\u0437\u0438\u044f Singing Rock Magnum tube &#8212; liquid chalk 150 ml<\/p>","protected":false},"featured_media":86279,"comment_status":"open","ping_status":"closed","template":"","meta":{"_acf_changed":false,"inline_featured_image":false},"product_brand":[1276],"product_cat":[296],"product_tag":[],"class_list":{"0":"post-6450","1":"product","2":"type-product","3":"status-publish","4":"has-post-thumbnail","6":"product_brand-singing-rock","7":"product_cat-chalk-and-bags","9":"first","10":"instock","11":"shipping-taxable","12":"purchasable","13":"product-type-simple"},"acf":[],"yoast_head":"<!-- This site is optimized with the Yoast SEO plugin v27.2 - https:\/\/yoast.com\/product\/yoast-seo-wordpress\/ -->\n<title>\u041c\u0430\u0433\u043d\u0435\u0437\u0438\u044f Singing Rock Magnum tube - liquid chalk 150 ml - \u041c\u0430\u0433\u0430\u0437\u0438\u043d Xstyle<\/title>\n<meta name=\"description\" content=\"\u041e\u0442\u043a\u0440\u043e\u0439\u0442\u0435 \u0434\u043b\u044f \u0441\u0435\u0431\u044f \u043c\u0430\u0433\u043d\u0435\u0437\u0438\u044e Singing Rock Magnum 150 \u043c\u043b \u2014 \u0436\u0438\u0434\u043a\u0438\u0439 \u043c\u0435\u043b \u0434\u043b\u044f \u0430\u043b\u044c\u043f\u0438\u043d\u0438\u0437\u043c\u0430! \u0411\u044b\u0441\u0442\u0440\u043e\u0435 \u0432\u044b\u0441\u044b\u0445\u0430\u043d\u0438\u0435 \u0438 \u043e\u0442\u0441\u0443\u0442\u0441\u0442\u0432\u0438\u0435 \u043f\u044b\u043b\u0438. \u0418\u0434\u0435\u0430\u043b\u044c\u043d\u043e \u0434\u043b\u044f \u0441\u043f\u043e\u0440\u0442\u0441\u043c\u0435\u043d\u043e\u0432!\" \/>\n<meta name=\"robots\" content=\"index, follow, max-snippet:-1, max-image-preview:large, max-video-preview:-1\" \/>\n<link rel=\"canonical\" href=\"https:\/\/xstyle.md\/ro\/produs\/singing-rock-magnum-tube-liquid-chalk-150-ml\/\" \/>\n<meta property=\"og:locale\" content=\"ro_RO\" \/>\n<meta property=\"og:type\" content=\"article\" \/>\n<meta property=\"og:title\" content=\"\u041c\u0430\u0433\u043d\u0435\u0437\u0438\u044f Singing Rock Magnum tube - liquid chalk 150 ml - \u041c\u0430\u0433\u0430\u0437\u0438\u043d Xstyle\" \/>\n<meta property=\"og:description\" content=\"\u041e\u0442\u043a\u0440\u043e\u0439\u0442\u0435 \u0434\u043b\u044f \u0441\u0435\u0431\u044f \u043c\u0430\u0433\u043d\u0435\u0437\u0438\u044e Singing Rock Magnum 150 \u043c\u043b \u2014 \u0436\u0438\u0434\u043a\u0438\u0439 \u043c\u0435\u043b \u0434\u043b\u044f \u0430\u043b\u044c\u043f\u0438\u043d\u0438\u0437\u043c\u0430! \u0411\u044b\u0441\u0442\u0440\u043e\u0435 \u0432\u044b\u0441\u044b\u0445\u0430\u043d\u0438\u0435 \u0438 \u043e\u0442\u0441\u0443\u0442\u0441\u0442\u0432\u0438\u0435 \u043f\u044b\u043b\u0438. \u0418\u0434\u0435\u0430\u043b\u044c\u043d\u043e \u0434\u043b\u044f \u0441\u043f\u043e\u0440\u0442\u0441\u043c\u0435\u043d\u043e\u0432!\" \/>\n<meta property=\"og:url\" content=\"https:\/\/xstyle.md\/ro\/produs\/singing-rock-magnum-tube-liquid-chalk-150-ml\/\" \/>\n<meta property=\"og:site_name\" content=\"\u041c\u0430\u0433\u0430\u0437\u0438\u043d Xstyle\" \/>\n<meta property=\"article:publisher\" content=\"https:\/\/www.facebook.com\/xstylemd\" \/>\n<meta property=\"article:modified_time\" content=\"2026-04-07T12:22:45+00:00\" \/>\n<meta property=\"og:image\" content=\"https:\/\/xstyle.md\/wp-content\/uploads\/2020\/07\/singing-rock-magnum-tube-liquid-chalk-150-ml.jpg\" \/>\n\t<meta property=\"og:image:width\" content=\"1000\" \/>\n\t<meta property=\"og:image:height\" content=\"1000\" \/>\n\t<meta property=\"og:image:type\" content=\"image\/jpeg\" \/>\n<meta name=\"twitter:card\" content=\"summary_large_image\" \/>\n<meta name=\"twitter:label1\" content=\"Pre\u021b\" \/>\n\t<meta name=\"twitter:data1\" content=\"165&nbsp;MDL\" \/>\n\t<meta name=\"twitter:label2\" content=\"Disponibilitate\" \/>\n\t<meta name=\"twitter:data2\" content=\"\u00cen stoc\" \/>\n<script type=\"application\/ld+json\" class=\"yoast-schema-graph\">{\"@context\":\"https:\/\/schema.org\",\"@graph\":[{\"@type\":\"WebPage\",\"@id\":\"https:\/\/xstyle.md\/product\/singing-rock-magnum-tube-liquid-chalk-150-ml\/\",\"url\":\"https:\/\/xstyle.md\/product\/singing-rock-magnum-tube-liquid-chalk-150-ml\/\",\"name\":\"\u041c\u0430\u0433\u043d\u0435\u0437\u0438\u044f Singing Rock Magnum tube - liquid chalk 150 ml - \u041c\u0430\u0433\u0430\u0437\u0438\u043d Xstyle\",\"isPartOf\":{\"@id\":\"https:\/\/xstyle.md\/#website\"},\"primaryImageOfPage\":{\"@id\":\"https:\/\/xstyle.md\/product\/singing-rock-magnum-tube-liquid-chalk-150-ml\/#primaryimage\"},\"image\":{\"@id\":\"https:\/\/xstyle.md\/product\/singing-rock-magnum-tube-liquid-chalk-150-ml\/#primaryimage\"},\"thumbnailUrl\":\"https:\/\/xstyle.md\/wp-content\/uploads\/2020\/07\/singing-rock-magnum-tube-liquid-chalk-150-ml.jpg\",\"datePublished\":\"2020-07-16T18:41:02+00:00\",\"dateModified\":\"2026-04-07T12:22:45+00:00\",\"description\":\"\u041e\u0442\u043a\u0440\u043e\u0439\u0442\u0435 \u0434\u043b\u044f \u0441\u0435\u0431\u044f \u043c\u0430\u0433\u043d\u0435\u0437\u0438\u044e Singing Rock Magnum 150 \u043c\u043b \u2014 \u0436\u0438\u0434\u043a\u0438\u0439 \u043c\u0435\u043b \u0434\u043b\u044f \u0430\u043b\u044c\u043f\u0438\u043d\u0438\u0437\u043c\u0430! \u0411\u044b\u0441\u0442\u0440\u043e\u0435 \u0432\u044b\u0441\u044b\u0445\u0430\u043d\u0438\u0435 \u0438 \u043e\u0442\u0441\u0443\u0442\u0441\u0442\u0432\u0438\u0435 \u043f\u044b\u043b\u0438. \u0418\u0434\u0435\u0430\u043b\u044c\u043d\u043e \u0434\u043b\u044f \u0441\u043f\u043e\u0440\u0442\u0441\u043c\u0435\u043d\u043e\u0432!\",\"breadcrumb\":{\"@id\":\"https:\/\/xstyle.md\/product\/singing-rock-magnum-tube-liquid-chalk-150-ml\/#breadcrumb\"},\"inLanguage\":\"ro-RO\",\"potentialAction\":[{\"@type\":\"ReadAction\",\"target\":[\"https:\/\/xstyle.md\/product\/singing-rock-magnum-tube-liquid-chalk-150-ml\/\"]}]},{\"@type\":\"ImageObject\",\"inLanguage\":\"ro-RO\",\"@id\":\"https:\/\/xstyle.md\/product\/singing-rock-magnum-tube-liquid-chalk-150-ml\/#primaryimage\",\"url\":\"https:\/\/xstyle.md\/wp-content\/uploads\/2020\/07\/singing-rock-magnum-tube-liquid-chalk-150-ml.jpg\",\"contentUrl\":\"https:\/\/xstyle.md\/wp-content\/uploads\/2020\/07\/singing-rock-magnum-tube-liquid-chalk-150-ml.jpg\",\"width\":1000,\"height\":1000,\"caption\":\"\u0416\u0438\u0434\u043a\u0430\u044f \u043c\u0435\u043b\u0430 \u0434\u043b\u044f \u0430\u043b\u044c\u043f\u0438\u043d\u0438\u0437\u043c\u0430 \u0438 \u0430\u043a\u0442\u0438\u0432\u043d\u043e\u0433\u043e \u043e\u0442\u0434\u044b\u0445\u0430 \u0432 \u0438\u043d\u0442\u0435\u0440\u043d\u0435\u0442 \u043c\u0430\u0433\u0430\u0437\u0438\u043d\u0435 \u0442\u043e\u0432\u0430\u0440\u043e\u0432 \u0434\u043b\u044f \u0442\u0443\u0440\u0438\u0437\u043c\u0430, \u043f\u043e\u0445\u043e\u0434\u043e\u0432 \u0438 \u0441\u043f\u043e\u0440\u0442\u0438\u0432\u043d\u043e\u0439 \u043e\u0434\u0435\u0436\u0434\u044b, \u043e\u0431\u0443\u0432\u0438 \u0438 \u0441\u043d\u0430\u0440\u044f\u0436\u0435\u043d\u0438\u044f\"},{\"@type\":\"BreadcrumbList\",\"@id\":\"https:\/\/xstyle.md\/product\/singing-rock-magnum-tube-liquid-chalk-150-ml\/#breadcrumb\",\"itemListElement\":[{\"@type\":\"ListItem\",\"position\":1,\"name\":\"\u0413\u043b\u0430\u0432\u043d\u0430\u044f \u0441\u0442\u0440\u0430\u043d\u0438\u0446\u0430\",\"item\":\"https:\/\/xstyle.md\/\"},{\"@type\":\"ListItem\",\"position\":2,\"name\":\"\u041c\u0430\u0433\u0430\u0437\u0438\u043d\",\"item\":\"https:\/\/xstyle.md\/shop\/\"},{\"@type\":\"ListItem\",\"position\":3,\"name\":\"\u041c\u0430\u0433\u043d\u0435\u0437\u0438\u044f Singing Rock Magnum tube &#8211; liquid chalk 150 ml\"}]},{\"@type\":\"WebSite\",\"@id\":\"https:\/\/xstyle.md\/#website\",\"url\":\"https:\/\/xstyle.md\/\",\"name\":\"\u041c\u0430\u0433\u0430\u0437\u0438\u043d Xstyle\",\"description\":\"C\u043d\u0430\u0440\u044f\u0436\u0435\u043d\u0438\u0435 \u0434\u043b\u044f \u0442\u0443\u0440\u0438\u0437\u043c\u0430 \u0438 \u044d\u043a\u0441\u0442\u0440\u0435\u043c\u0430\u043b\u044c\u043d\u044b\u0445 \u0432\u0438\u0434\u043e\u0432 \u0441\u043f\u043e\u0440\u0442\u0430 \u0432 \u041c\u043e\u043b\u0434\u043e\u0432\u0435.. \u0426\u0435\u043d\u044b, \u0444\u043e\u0442\u043e, \u0445\u0430\u0440\u0430\u043a\u0442\u0435\u0440\u0438\u0441\u0442\u0438\u043a\u0438 \u0432 \u041c\u043e\u043b\u0434\u043e\u0432\u0435.\",\"publisher\":{\"@id\":\"https:\/\/xstyle.md\/#organization\"},\"alternateName\":\"X-Style\",\"potentialAction\":[{\"@type\":\"SearchAction\",\"target\":{\"@type\":\"EntryPoint\",\"urlTemplate\":\"https:\/\/xstyle.md\/?s={search_term_string}\"},\"query-input\":{\"@type\":\"PropertyValueSpecification\",\"valueRequired\":true,\"valueName\":\"search_term_string\"}}],\"inLanguage\":\"ro-RO\"},{\"@type\":\"Organization\",\"@id\":\"https:\/\/xstyle.md\/#organization\",\"name\":\"\u041c\u0430\u0433\u0430\u0437\u0438\u043d Xstyle\",\"alternateName\":\"x-style\",\"url\":\"https:\/\/xstyle.md\/\",\"logo\":{\"@type\":\"ImageObject\",\"inLanguage\":\"ro-RO\",\"@id\":\"https:\/\/xstyle.md\/#\/schema\/logo\/image\/\",\"url\":\"https:\/\/xstyle.md\/wp-content\/uploads\/2020\/06\/logoicon.svg\",\"contentUrl\":\"https:\/\/xstyle.md\/wp-content\/uploads\/2020\/06\/logoicon.svg\",\"caption\":\"\u041c\u0430\u0433\u0430\u0437\u0438\u043d Xstyle\"},\"image\":{\"@id\":\"https:\/\/xstyle.md\/#\/schema\/logo\/image\/\"},\"sameAs\":[\"https:\/\/www.facebook.com\/xstylemd\",\"https:\/\/www.instagram.com\/xstyle_md\/\",\"https:\/\/t.me\/xstyle_outdoor\"],\"hasMerchantReturnPolicy\":{\"@type\":\"MerchantReturnPolicy\",\"merchantReturnLink\":\"https:\/\/xstyle.md\/ro\/conditions\/\"}}]}<\/script>\n<meta property=\"product:price:amount\" content=\"165.00\" \/>\n<meta property=\"product:price:currency\" content=\"MDL\" \/>\n<meta property=\"og:availability\" content=\"instock\" \/>\n<meta property=\"product:availability\" content=\"instock\" \/>\n<meta property=\"product:retailer_item_id\" content=\"8595033336650\" \/>\n<meta property=\"product:condition\" content=\"new\" \/>\n<!-- \/ Yoast SEO plugin. -->","yoast_head_json":{"title":"Magneziu Singing Rock Magnum tube - liquid chalk 150 ml - Magazin Xstyle","description":"Descoperi\u021bi magneziul Singing Rock Magnum 150 ml \u2014 pudr\u0103 lichid\u0103 pentru alpinism! Uscare rapid\u0103 \u0219i f\u0103r\u0103 praf. Ideal pentru sportivi!","robots":{"index":"index","follow":"follow","max-snippet":"max-snippet:-1","max-image-preview":"max-image-preview:large","max-video-preview":"max-video-preview:-1"},"canonical":"https:\/\/xstyle.md\/ro\/produs\/singing-rock-magnum-tube-liquid-chalk-150-ml\/","og_locale":"ro_RO","og_type":"article","og_title":"\u041c\u0430\u0433\u043d\u0435\u0437\u0438\u044f Singing Rock Magnum tube - liquid chalk 150 ml - \u041c\u0430\u0433\u0430\u0437\u0438\u043d Xstyle","og_description":"\u041e\u0442\u043a\u0440\u043e\u0439\u0442\u0435 \u0434\u043b\u044f \u0441\u0435\u0431\u044f \u043c\u0430\u0433\u043d\u0435\u0437\u0438\u044e Singing Rock Magnum 150 \u043c\u043b \u2014 \u0436\u0438\u0434\u043a\u0438\u0439 \u043c\u0435\u043b \u0434\u043b\u044f \u0430\u043b\u044c\u043f\u0438\u043d\u0438\u0437\u043c\u0430! \u0411\u044b\u0441\u0442\u0440\u043e\u0435 \u0432\u044b\u0441\u044b\u0445\u0430\u043d\u0438\u0435 \u0438 \u043e\u0442\u0441\u0443\u0442\u0441\u0442\u0432\u0438\u0435 \u043f\u044b\u043b\u0438. \u0418\u0434\u0435\u0430\u043b\u044c\u043d\u043e \u0434\u043b\u044f \u0441\u043f\u043e\u0440\u0442\u0441\u043c\u0435\u043d\u043e\u0432!","og_url":"https:\/\/xstyle.md\/ro\/produs\/singing-rock-magnum-tube-liquid-chalk-150-ml\/","og_site_name":"\u041c\u0430\u0433\u0430\u0437\u0438\u043d Xstyle","article_publisher":"https:\/\/www.facebook.com\/xstylemd","article_modified_time":"2026-04-07T12:22:45+00:00","og_image":[{"width":1000,"height":1000,"url":"https:\/\/xstyle.md\/wp-content\/uploads\/2020\/07\/singing-rock-magnum-tube-liquid-chalk-150-ml.jpg","type":"image\/jpeg"}],"twitter_card":"summary_large_image","twitter_misc":{"Pre\u021b":"165&nbsp;MDL","Disponibilitate":"\u00cen stoc"},"schema":{"@context":"https:\/\/schema.org","@graph":[{"@type":"WebPage","@id":"https:\/\/xstyle.md\/product\/singing-rock-magnum-tube-liquid-chalk-150-ml\/","url":"https:\/\/xstyle.md\/product\/singing-rock-magnum-tube-liquid-chalk-150-ml\/","name":"Magneziu Singing Rock Magnum tube - liquid chalk 150 ml - Magazin Xstyle","isPartOf":{"@id":"https:\/\/xstyle.md\/#website"},"primaryImageOfPage":{"@id":"https:\/\/xstyle.md\/product\/singing-rock-magnum-tube-liquid-chalk-150-ml\/#primaryimage"},"image":{"@id":"https:\/\/xstyle.md\/product\/singing-rock-magnum-tube-liquid-chalk-150-ml\/#primaryimage"},"thumbnailUrl":"https:\/\/xstyle.md\/wp-content\/uploads\/2020\/07\/singing-rock-magnum-tube-liquid-chalk-150-ml.jpg","datePublished":"2020-07-16T18:41:02+00:00","dateModified":"2026-04-07T12:22:45+00:00","description":"Descoperi\u021bi magneziul Singing Rock Magnum 150 ml \u2014 pudr\u0103 lichid\u0103 pentru alpinism! Uscare rapid\u0103 \u0219i f\u0103r\u0103 praf. Ideal pentru sportivi!","breadcrumb":{"@id":"https:\/\/xstyle.md\/product\/singing-rock-magnum-tube-liquid-chalk-150-ml\/#breadcrumb"},"inLanguage":"ro-RO","potentialAction":[{"@type":"ReadAction","target":["https:\/\/xstyle.md\/product\/singing-rock-magnum-tube-liquid-chalk-150-ml\/"]}]},{"@type":"ImageObject","inLanguage":"ro-RO","@id":"https:\/\/xstyle.md\/product\/singing-rock-magnum-tube-liquid-chalk-150-ml\/#primaryimage","url":"https:\/\/xstyle.md\/wp-content\/uploads\/2020\/07\/singing-rock-magnum-tube-liquid-chalk-150-ml.jpg","contentUrl":"https:\/\/xstyle.md\/wp-content\/uploads\/2020\/07\/singing-rock-magnum-tube-liquid-chalk-150-ml.jpg","width":1000,"height":1000,"caption":"\u0416\u0438\u0434\u043a\u0430\u044f \u043c\u0435\u043b\u0430 \u0434\u043b\u044f \u0430\u043b\u044c\u043f\u0438\u043d\u0438\u0437\u043c\u0430 \u0438 \u0430\u043a\u0442\u0438\u0432\u043d\u043e\u0433\u043e \u043e\u0442\u0434\u044b\u0445\u0430 \u0432 \u0438\u043d\u0442\u0435\u0440\u043d\u0435\u0442 \u043c\u0430\u0433\u0430\u0437\u0438\u043d\u0435 \u0442\u043e\u0432\u0430\u0440\u043e\u0432 \u0434\u043b\u044f \u0442\u0443\u0440\u0438\u0437\u043c\u0430, \u043f\u043e\u0445\u043e\u0434\u043e\u0432 \u0438 \u0441\u043f\u043e\u0440\u0442\u0438\u0432\u043d\u043e\u0439 \u043e\u0434\u0435\u0436\u0434\u044b, \u043e\u0431\u0443\u0432\u0438 \u0438 \u0441\u043d\u0430\u0440\u044f\u0436\u0435\u043d\u0438\u044f"},{"@type":"BreadcrumbList","@id":"https:\/\/xstyle.md\/product\/singing-rock-magnum-tube-liquid-chalk-150-ml\/#breadcrumb","itemListElement":[{"@type":"ListItem","position":1,"name":"\u0413\u043b\u0430\u0432\u043d\u0430\u044f \u0441\u0442\u0440\u0430\u043d\u0438\u0446\u0430","item":"https:\/\/xstyle.md\/"},{"@type":"ListItem","position":2,"name":"\u041c\u0430\u0433\u0430\u0437\u0438\u043d","item":"https:\/\/xstyle.md\/shop\/"},{"@type":"ListItem","position":3,"name":"\u041c\u0430\u0433\u043d\u0435\u0437\u0438\u044f Singing Rock Magnum tube &#8211; liquid chalk 150 ml"}]},{"@type":"WebSite","@id":"https:\/\/xstyle.md\/#website","url":"https:\/\/xstyle.md\/","name":"Magazinul X-Style","description":"Echipamente pentru turism \u0219i sporturi extreme \u00een Moldova. Pre\u021buri, fotografii, caracteristici \u00een Moldova.","publisher":{"@id":"https:\/\/xstyle.md\/#organization"},"alternateName":"X-Style","potentialAction":[{"@type":"SearchAction","target":{"@type":"EntryPoint","urlTemplate":"https:\/\/xstyle.md\/?s={search_term_string}"},"query-input":{"@type":"PropertyValueSpecification","valueRequired":true,"valueName":"search_term_string"}}],"inLanguage":"ro-RO"},{"@type":"Organization","@id":"https:\/\/xstyle.md\/#organization","name":"Magazinul X-Style","alternateName":"x-style","url":"https:\/\/xstyle.md\/","logo":{"@type":"ImageObject","inLanguage":"ro-RO","@id":"https:\/\/xstyle.md\/#\/schema\/logo\/image\/","url":"https:\/\/xstyle.md\/wp-content\/uploads\/2020\/06\/logoicon.svg","contentUrl":"https:\/\/xstyle.md\/wp-content\/uploads\/2020\/06\/logoicon.svg","caption":"\u041c\u0430\u0433\u0430\u0437\u0438\u043d Xstyle"},"image":{"@id":"https:\/\/xstyle.md\/#\/schema\/logo\/image\/"},"sameAs":["https:\/\/www.facebook.com\/xstylemd","https:\/\/www.instagram.com\/xstyle_md\/","https:\/\/t.me\/xstyle_outdoor"],"hasMerchantReturnPolicy":{"@type":"MerchantReturnPolicy","merchantReturnLink":"https:\/\/xstyle.md\/ro\/conditions\/"}}]},"product_price_amount":"165.00","product_price_currency":"MDL","og_availability":"instock","product_availability":"instock","product_retailer_item_id":"8595033336650","product_condition":"new"},"post_mailing_queue_ids":[],"_links":{"self":[{"href":"https:\/\/xstyle.md\/ro\/wp-json\/wp\/v2\/product\/6450","targetHints":{"allow":["GET"]}}],"collection":[{"href":"https:\/\/xstyle.md\/ro\/wp-json\/wp\/v2\/product"}],"about":[{"href":"https:\/\/xstyle.md\/ro\/wp-json\/wp\/v2\/types\/product"}],"replies":[{"embeddable":true,"href":"https:\/\/xstyle.md\/ro\/wp-json\/wp\/v2\/comments?post=6450"}],"wp:featuredmedia":[{"embeddable":true,"href":"https:\/\/xstyle.md\/ro\/wp-json\/wp\/v2\/media\/86279"}],"wp:attachment":[{"href":"https:\/\/xstyle.md\/ro\/wp-json\/wp\/v2\/media?parent=6450"}],"wp:term":[{"taxonomy":"product_brand","embeddable":true,"href":"https:\/\/xstyle.md\/ro\/wp-json\/wp\/v2\/product_brand?post=6450"},{"taxonomy":"product_cat","embeddable":true,"href":"https:\/\/xstyle.md\/ro\/wp-json\/wp\/v2\/product_cat?post=6450"},{"taxonomy":"product_tag","embeddable":true,"href":"https:\/\/xstyle.md\/ro\/wp-json\/wp\/v2\/product_tag?post=6450"}],"curies":[{"name":"wp","href":"https:\/\/api.w.org\/{rel}","templated":true}]}}