{"id":63983,"date":"2023-02-02T19:31:15","date_gmt":"2023-02-02T16:31:15","guid":{"rendered":"https:\/\/xstyle.md\/?post_type=product&#038;p=63983"},"modified":"2026-03-19T17:12:32","modified_gmt":"2026-03-19T14:12:32","slug":"trp_language-languageru_rubotinki-la-sportiva-stream-gtx-black-topaz-trp_languagetrp_language-languagero_robocanci-la-sportiva-stream-gtx-black-topaz-trp_language","status":"publish","type":"product","link":"https:\/\/xstyle.md\/ro\/produs\/trp_language-languageru_rubotinki-la-sportiva-stream-gtx-black-topaz-trp_languagetrp_language-languagero_robocanci-la-sportiva-stream-gtx-black-topaz-trp_language\/","title":{"rendered":"Bocanci La Sportiva Stream GTX black\/topaz"},"content":{"rendered":"<br \/>\n<strong>La Sportiva Stream GTX<\/strong> &#8212; bocanci \u00eenalti, cu o curea \u00eenalt\u0103 la glezn\u0103 pentru a proteja glezna. Excelen\u021bi pentru v\u00e2n\u0103tori, pescari \u0219i activit\u0103\u021bi \u00een aer liber.<\/p>\n<p>Partea superioar\u0103 rezistent\u0103 \u0219i respirabil\u0103, realizat\u0103 prin combinarea nylonului laminat cu poliuretan cu pl\u0103cu\u021be de protec\u021bie din poliuretan termic. La interior, se aplic\u0103 o membran\u0103 Gore-Tex din dou\u0103 piese, respectiv Gore-Tex Surround \u0219i Gore-Tex Extended Comfort, precum \u0219i o talp\u0103 anatomic\u0103 Ortholite de 5 mm.<\/p>\n<p>Talpa intermediar\u0103 Stream GTX se bazeaz\u0103 pe talpa versatil\u0103 Vibram XS Trek. Talpa este completat\u0103 de o talp\u0103 median\u0103 larg\u0103 din spum\u0103 EVA \u0219i de pl\u0103cu\u021be laterale de sus\u021binere \u0219i de poliuretan termic permeabil la vapori. \u00cen plus fa\u021b\u0103 de amortizarea din dou\u0103 piese, talpa este format\u0103 dintr-un strat de amortizare lat din spum\u0103 EVA \u0219i un stabilizator de c\u0103lc\u00e2i din termopolipiuretan.<\/p>\n<h3>Particularit\u0103\u021bi<\/h3>\n<ul>\n<li>Membrana protejeaz\u0103 picioarele de umezeal\u0103<\/li>\n<li>Talpa exterioar\u0103 asigur\u0103 o aderen\u021b\u0103 sigur\u0103 chiar \u0219i \u00een condi\u021bii de umezeal\u0103 sau ploaie<\/li>\n<li>Talpa intermediar\u0103 dispune de o tehnologie unic\u0103 \u00een trei straturi pentru o potrivire perfect\u0103, individualizat\u0103.<\/li>\n<li>Lipsa cus\u0103turilor de pe partea superioar\u0103 face ca pantoful de antrenament s\u0103 fie extrem de confortabil.<\/li>\n<li>Sistem de \u0219ireturi TrailCage<\/li>\n<li>Talpa dubl\u0103 cu banda de rulare exclusiv\u0103 Trail Rocker ofer\u0103 cea mai bun\u0103 aderen\u021b\u0103 posibil\u0103 pe orice tip de teren: sol moale \u0219i umed, roci, pietre sau travers\u0103ri<\/li>\n<\/ul>\n<h3>Caracteristici<\/h3>\n<ul>\n<li>Material superior &#8212; Air Mesh+Nano Cell<\/li>\n<li>Membran\u0103 &#8212; Gore-Tex\u00ae Surround<\/li>\n<li>Talp\u0103 &#8212; Ortholite\u00ae<\/li>\n<li>Talp\u0103 exterioar\u0103 &#8212; Vibram\u00ae XS Trek<\/li>\n<li>Protec\u021bie &#8212; PU TechLite pentru c\u0103lc\u00e2i \u0219i v\u00e2rfuri<\/li>\n<li>Scop &#8212; trekking, drume\u021bii u\u0219oare<\/li>\n<li>Greutate &#8212; 850g<\/li>\n<\/ul>\n<h3>Tehnologie<\/h3>\n<ul>\n<li><strong>Gore-Tex<\/strong>\u00ae &#8212; este o membran\u0103 care ofer\u0103 protec\u021bie impermeabil\u0103 \u0219i are o respirabilitate excelent\u0103 \u00een condi\u021bii de vreme moderat\u0103 p\u00e2n\u0103 la cald\u0103 \u0219i niveluri ridicate de activitate. Excelent\u0103 pentru aplica\u021biile \u00een care reten\u021bia de c\u0103ldur\u0103 \u00een interiorul bocancii trebuie s\u0103 fie redus\u0103 la minimum.<\/li>\n<li><strong>Vibram<\/strong>\u00ae &#8212; este lider mondial \u00een produc\u021bia de t\u0103lpi pentru \u00eenc\u0103l\u021b\u0103minte de alpinism \u0219i trekking. Talpa este fabricat\u0103 dintr-un cauciuc foarte rezistent \u0219i are o trac\u021biune excelent\u0103. Garanteaz\u0103 o sus\u021binere \u0219i o durabilitate maxim\u0103.<\/li>\n<li><strong>Ortholite<\/strong>\u00ae &#8212; este o talp\u0103 de \u00eenalt\u0103 tehnologie care asigur\u0103 o transportare excelent\u0103 a umidit\u0103\u021bii din picior. Designul special al cupei pentru c\u0103lc\u00e2i asigur\u0103 o amortizare suplimentar\u0103, \u0219i un confort mai mare. De asemenea, tratat\u0103 cu impregnare bactericid\u0103 care previne formarea de bacterii \u0219i mirosuri.<\/li>\n<li><strong>TrailCage System<\/strong> &#8212; sistem de lacing introdus \u00eentre cele dou\u0103 straturi exterioare ale pantofului de antrenament, care reduce volumul intern al pantofului, precum \u0219i asigur\u0103 o ajustare \u0219i o potrivire excelente.<\/li>\n<\/ul>\n<p><\/p>\n<h3>Marca<\/h3>\n<p>Compania italian\u0103 este cunoscut\u0103 de to\u021bi alpini\u0219tii \u2014 \u00eenc\u0103l\u021b\u0103mintea pentru alpinism La Sportiva \u0219i ghetele pentru altitudini mari sunt considerate cele mai bune din lume. Istoria brandului a \u00eenceput cu fabricarea \u00eenc\u0103l\u021b\u0103mintei din lemn, iar acum este unul dintre liderii mondiali \u00een produc\u021bia \u00eenc\u0103l\u021b\u0103mintei pentru munte. Toat\u0103 \u00eenc\u0103l\u021b\u0103mintea este \u00een continuare cusut\u0103 manual \u0219i numai din materiale de \u00eenalt\u0103 calitate, este confortabil\u0103, de \u00eencredere \u0219i are o durabilitate excelent\u0103. Al\u0103turi de \u00eenc\u0103l\u021b\u0103minte, compania produce \u0219i \u00eembr\u0103c\u0103minte high-tech pentru pasiona\u021bii de alpinism. Standardele \u00eenalte de calitate ale companiei \u0219i tehnologia \u00een evolu\u021bie au ajutat La Sportiva s\u0103 devin\u0103 unul dintre cele mai importante m\u0103rci de \u00eenc\u0103l\u021b\u0103minte \u0219i \u00eembr\u0103c\u0103minte la nivel mondial.<\/p>","protected":false},"excerpt":{"rendered":"<p>\u0411\u0440\u0435\u043d\u0434 \u0418\u0442\u0430\u043b\u044c\u044f\u043d\u0441\u043a\u0430\u044f \u043a\u043e\u043c\u043f\u0430\u043d\u0438\u044f \u0438\u0437\u0432\u0435\u0441\u0442\u043d\u0430 \u0432\u0441\u0435\u043c \u0441\u043a\u0430\u043b\u043e\u043b\u0430\u0437\u0430\u043c \u0438 \u0430\u043b\u044c\u043f\u0438\u043d\u0438\u0441\u0442\u0430\u043c &#8212; \u0441\u043a\u0430\u043b\u044c\u043d\u044b\u0435 \u0442\u0443\u0444\u043b\u0438 \u0438 \u0432\u044b\u0441\u043e\u0442\u043d\u044b\u0435 \u0431\u043e\u0442\u0438\u043d\u043a\u0438 La Sportiva \u0441\u0447\u0438\u0442\u0430\u044e\u0442\u0441\u044f \u043b\u0443\u0447\u0448\u0438\u043c\u0438 \u0432 \u043c\u0438\u0440\u0435. \u0418\u0441\u0442\u043e\u0440\u0438\u044f \u0431\u0440\u0435\u043d\u0434\u0430 \u043d\u0430\u0447\u0430\u043b\u0430\u0441\u044c \u0441 \u0438\u0437\u0433\u043e\u0442\u043e\u0432\u043b\u0435\u043d\u0438\u044f \u0434\u0435\u0440\u0435\u0432\u044f\u043d\u043d\u044b\u0445 \u0431\u0430\u0448\u043c\u0430\u043a\u043e\u0432, \u0430 \u0441\u0435\u0439\u0447\u0430\u0441 \u044d\u0442\u043e \u043e\u0434\u0438\u043d \u0438\u0437 \u043c\u0438\u0440\u043e\u0432\u044b\u0445 \u043b\u0438\u0434\u0435\u0440\u043e\u0432 \u0432 \u043f\u0440\u043e\u0438\u0437\u0432\u043e\u0434\u0441\u0442\u0432\u0435 \u043e\u0431\u0443\u0432\u0438 \u0434\u043b\u044f \u0433\u043e\u0440. \u0412\u0441\u044f \u043e\u0431\u0443\u0432\u044c \u043f\u043e-\u043f\u0440\u0435\u0436\u043d\u0435\u043c\u0443 \u0448\u044c\u0435\u0442\u0441\u044f \u0432\u0440\u0443\u0447\u043d\u0443\u044e \u0438 \u0442\u043e\u043b\u044c\u043a\u043e \u0438\u0437 \u043a\u0430\u0447\u0435\u0441\u0442\u0432\u0435\u043d\u043d\u044b\u0445 \u043c\u0430\u0442\u0435\u0440\u0438\u0430\u043b\u043e\u0432, \u043e\u043d\u0430 \u043a\u043e\u043c\u0444\u043e\u0440\u0442\u043d\u0430\u044f, \u043d\u0430\u0434\u0435\u0436\u043d\u0430\u044f \u0438 \u0434\u043e\u043b\u0433\u043e\u0432\u0435\u0447\u043d\u0430\u044f. \u041d\u0430\u0440\u044f\u0434\u0443 [&hellip;]<\/p>\n","protected":false},"featured_media":65076,"comment_status":"open","ping_status":"closed","template":"","meta":{"_acf_changed":false,"inline_featured_image":false},"product_brand":[1410],"product_cat":[143],"product_tag":[],"class_list":{"0":"post-63983","1":"product","2":"type-product","3":"status-publish","4":"has-post-thumbnail","6":"product_brand-la-sportiva","7":"product_cat-trekking","9":"first","10":"instock","11":"shipping-taxable","12":"purchasable","13":"product-type-simple"},"acf":[],"yoast_head":"<!-- This site is optimized with the Yoast SEO plugin v27.2 - https:\/\/yoast.com\/product\/yoast-seo-wordpress\/ -->\n<title>\u0411\u043e\u0442\u0438\u043d\u043a\u0438 La Sportiva Stream GTX black\/topaz - \u041c\u0430\u0433\u0430\u0437\u0438\u043d Xstyle<\/title>\n<meta name=\"description\" content=\"\u0411\u043e\u0442\u0438\u043d\u043a\u0438 La Sportiva Stream GTX black\/topaz \u0441 GoreTex, Vibram XS Trek \u0438 TrailCage System \u043e\u0431\u0435\u0441\u043f\u0435\u0447\u0430\u0442 \u043a\u043e\u043c\u0444\u043e\u0440\u0442 \u0438 \u0437\u0430\u0449\u0438\u0442\u0443 \u043d\u0430 \u043b\u044e\u0431\u043e\u043c \u043f\u043e\u043a\u0440\u044b\u0442\u0438\u0438. \u0418\u0434\u0435\u0430\u043b\u044c\u043d\u044b \u0434\u043b\u044f \u0430\u043a\u0442\u0438\u0432\u043d\u043e\u0433\u043e \u043e\u0442\u0434\u044b\u0445\u0430!\" \/>\n<meta name=\"robots\" content=\"index, follow, max-snippet:-1, max-image-preview:large, max-video-preview:-1\" \/>\n<link rel=\"canonical\" href=\"https:\/\/xstyle.md\/ro\/produs\/trp_language-languageru_rubotinki-la-sportiva-stream-gtx-black-topaz-trp_languagetrp_language-languagero_robocanci-la-sportiva-stream-gtx-black-topaz-trp_language\/\" \/>\n<meta property=\"og:locale\" content=\"ro_RO\" \/>\n<meta property=\"og:type\" content=\"article\" \/>\n<meta property=\"og:title\" content=\"\u0411\u043e\u0442\u0438\u043d\u043a\u0438 La Sportiva Stream GTX black\/topaz - \u041c\u0430\u0433\u0430\u0437\u0438\u043d Xstyle\" \/>\n<meta property=\"og:description\" content=\"\u0411\u043e\u0442\u0438\u043d\u043a\u0438 La Sportiva Stream GTX black\/topaz \u0441 GoreTex, Vibram XS Trek \u0438 TrailCage System \u043e\u0431\u0435\u0441\u043f\u0435\u0447\u0430\u0442 \u043a\u043e\u043c\u0444\u043e\u0440\u0442 \u0438 \u0437\u0430\u0449\u0438\u0442\u0443 \u043d\u0430 \u043b\u044e\u0431\u043e\u043c \u043f\u043e\u043a\u0440\u044b\u0442\u0438\u0438. \u0418\u0434\u0435\u0430\u043b\u044c\u043d\u044b \u0434\u043b\u044f \u0430\u043a\u0442\u0438\u0432\u043d\u043e\u0433\u043e \u043e\u0442\u0434\u044b\u0445\u0430!\" \/>\n<meta property=\"og:url\" content=\"https:\/\/xstyle.md\/ro\/produs\/trp_language-languageru_rubotinki-la-sportiva-stream-gtx-black-topaz-trp_languagetrp_language-languagero_robocanci-la-sportiva-stream-gtx-black-topaz-trp_language\/\" \/>\n<meta property=\"og:site_name\" content=\"\u041c\u0430\u0433\u0430\u0437\u0438\u043d Xstyle\" \/>\n<meta property=\"article:publisher\" content=\"https:\/\/www.facebook.com\/xstylemd\" \/>\n<meta property=\"article:modified_time\" content=\"2026-03-19T14:12:32+00:00\" \/>\n<meta property=\"og:image\" content=\"https:\/\/xstyle.md\/wp-content\/uploads\/2023\/02\/la-sportiva-stream-gtx-black-topaz.jpg\" \/>\n\t<meta property=\"og:image:width\" content=\"1075\" \/>\n\t<meta property=\"og:image:height\" content=\"1047\" \/>\n\t<meta property=\"og:image:type\" content=\"image\/jpeg\" \/>\n<meta name=\"twitter:card\" content=\"summary_large_image\" \/>\n<meta name=\"twitter:label1\" content=\"Pre\u021b\" \/>\n\t<meta name=\"twitter:data1\" content=\"4.990&nbsp;MDL\" \/>\n\t<meta name=\"twitter:label2\" content=\"Disponibilitate\" \/>\n\t<meta name=\"twitter:data2\" content=\"\u00cen stoc\" \/>\n<script type=\"application\/ld+json\" class=\"yoast-schema-graph\">{\"@context\":\"https:\/\/schema.org\",\"@graph\":[{\"@type\":\"WebPage\",\"@id\":\"https:\/\/xstyle.md\/product\/trp_language-languageru_rubotinki-la-sportiva-stream-gtx-black-topaz-trp_languagetrp_language-languagero_robocanci-la-sportiva-stream-gtx-black-topaz-trp_language\/\",\"url\":\"https:\/\/xstyle.md\/product\/trp_language-languageru_rubotinki-la-sportiva-stream-gtx-black-topaz-trp_languagetrp_language-languagero_robocanci-la-sportiva-stream-gtx-black-topaz-trp_language\/\",\"name\":\"\u0411\u043e\u0442\u0438\u043d\u043a\u0438 La Sportiva Stream GTX black\/topaz - \u041c\u0430\u0433\u0430\u0437\u0438\u043d Xstyle\",\"isPartOf\":{\"@id\":\"https:\/\/xstyle.md\/#website\"},\"primaryImageOfPage\":{\"@id\":\"https:\/\/xstyle.md\/product\/trp_language-languageru_rubotinki-la-sportiva-stream-gtx-black-topaz-trp_languagetrp_language-languagero_robocanci-la-sportiva-stream-gtx-black-topaz-trp_language\/#primaryimage\"},\"image\":{\"@id\":\"https:\/\/xstyle.md\/product\/trp_language-languageru_rubotinki-la-sportiva-stream-gtx-black-topaz-trp_languagetrp_language-languagero_robocanci-la-sportiva-stream-gtx-black-topaz-trp_language\/#primaryimage\"},\"thumbnailUrl\":\"https:\/\/xstyle.md\/wp-content\/uploads\/2023\/02\/la-sportiva-stream-gtx-black-topaz.jpg\",\"datePublished\":\"2023-02-02T16:31:15+00:00\",\"dateModified\":\"2026-03-19T14:12:32+00:00\",\"description\":\"\u0411\u043e\u0442\u0438\u043d\u043a\u0438 La Sportiva Stream GTX black\/topaz \u0441 GoreTex, Vibram XS Trek \u0438 TrailCage System \u043e\u0431\u0435\u0441\u043f\u0435\u0447\u0430\u0442 \u043a\u043e\u043c\u0444\u043e\u0440\u0442 \u0438 \u0437\u0430\u0449\u0438\u0442\u0443 \u043d\u0430 \u043b\u044e\u0431\u043e\u043c \u043f\u043e\u043a\u0440\u044b\u0442\u0438\u0438. \u0418\u0434\u0435\u0430\u043b\u044c\u043d\u044b \u0434\u043b\u044f \u0430\u043a\u0442\u0438\u0432\u043d\u043e\u0433\u043e \u043e\u0442\u0434\u044b\u0445\u0430!\",\"breadcrumb\":{\"@id\":\"https:\/\/xstyle.md\/product\/trp_language-languageru_rubotinki-la-sportiva-stream-gtx-black-topaz-trp_languagetrp_language-languagero_robocanci-la-sportiva-stream-gtx-black-topaz-trp_language\/#breadcrumb\"},\"inLanguage\":\"ro-RO\",\"potentialAction\":[{\"@type\":\"ReadAction\",\"target\":[\"https:\/\/xstyle.md\/product\/trp_language-languageru_rubotinki-la-sportiva-stream-gtx-black-topaz-trp_languagetrp_language-languagero_robocanci-la-sportiva-stream-gtx-black-topaz-trp_language\/\"]}]},{\"@type\":\"ImageObject\",\"inLanguage\":\"ro-RO\",\"@id\":\"https:\/\/xstyle.md\/product\/trp_language-languageru_rubotinki-la-sportiva-stream-gtx-black-topaz-trp_languagetrp_language-languagero_robocanci-la-sportiva-stream-gtx-black-topaz-trp_language\/#primaryimage\",\"url\":\"https:\/\/xstyle.md\/wp-content\/uploads\/2023\/02\/la-sportiva-stream-gtx-black-topaz.jpg\",\"contentUrl\":\"https:\/\/xstyle.md\/wp-content\/uploads\/2023\/02\/la-sportiva-stream-gtx-black-topaz.jpg\",\"width\":1075,\"height\":1047,\"caption\":\"\u041a\u0443\u043f\u0438\u0442\u044c \u0431\u043e\u0442\u0438\u043d\u043a\u0438 La Sportiva Stream GTX \u0447\u0435\u0440\u043d\u044b\u0439 \u0442\u043e\u043f\u0430\u0437 \u0434\u043b\u044f \u0430\u043a\u0442\u0438\u0432\u043d\u043e\u0433\u043e \u043e\u0442\u0434\u044b\u0445\u0430, \u043f\u043e\u0445\u043e\u0434\u043e\u0432, \u0430\u043b\u044c\u043f\u0438\u043d\u0438\u0437\u043c\u0430 \u0438 \u043f\u0443\u0442\u0435\u0448\u0435\u0441\u0442\u0432\u0438\u0439 \u2014 \u043e\u0431\u0443\u0432\u044c \u0434\u043b\u044f \u0442\u0443\u0440\u0438\u0437\u043c\u0430 \u0438 \u0430\u043b\u044c\u043f\u0438\u043d\u0438\u0437\u043c\u0430 \u0432 \u0438\u043d\u0442\u0435\u0440\u043d\u0435\u0442 \u043c\u0430\u0433\u0430\u0437\u0438\u043d\u0435\"},{\"@type\":\"BreadcrumbList\",\"@id\":\"https:\/\/xstyle.md\/product\/trp_language-languageru_rubotinki-la-sportiva-stream-gtx-black-topaz-trp_languagetrp_language-languagero_robocanci-la-sportiva-stream-gtx-black-topaz-trp_language\/#breadcrumb\",\"itemListElement\":[{\"@type\":\"ListItem\",\"position\":1,\"name\":\"\u0413\u043b\u0430\u0432\u043d\u0430\u044f \u0441\u0442\u0440\u0430\u043d\u0438\u0446\u0430\",\"item\":\"https:\/\/xstyle.md\/\"},{\"@type\":\"ListItem\",\"position\":2,\"name\":\"\u041c\u0430\u0433\u0430\u0437\u0438\u043d\",\"item\":\"https:\/\/xstyle.md\/shop\/\"},{\"@type\":\"ListItem\",\"position\":3,\"name\":\"\u0411\u043e\u0442\u0438\u043d\u043a\u0438 La Sportiva Stream GTX black\/topaz\"}]},{\"@type\":\"WebSite\",\"@id\":\"https:\/\/xstyle.md\/#website\",\"url\":\"https:\/\/xstyle.md\/\",\"name\":\"\u041c\u0430\u0433\u0430\u0437\u0438\u043d Xstyle\",\"description\":\"C\u043d\u0430\u0440\u044f\u0436\u0435\u043d\u0438\u0435 \u0434\u043b\u044f \u0442\u0443\u0440\u0438\u0437\u043c\u0430 \u0438 \u044d\u043a\u0441\u0442\u0440\u0435\u043c\u0430\u043b\u044c\u043d\u044b\u0445 \u0432\u0438\u0434\u043e\u0432 \u0441\u043f\u043e\u0440\u0442\u0430 \u0432 \u041c\u043e\u043b\u0434\u043e\u0432\u0435.. \u0426\u0435\u043d\u044b, \u0444\u043e\u0442\u043e, \u0445\u0430\u0440\u0430\u043a\u0442\u0435\u0440\u0438\u0441\u0442\u0438\u043a\u0438 \u0432 \u041c\u043e\u043b\u0434\u043e\u0432\u0435.\",\"publisher\":{\"@id\":\"https:\/\/xstyle.md\/#organization\"},\"alternateName\":\"X-Style\",\"potentialAction\":[{\"@type\":\"SearchAction\",\"target\":{\"@type\":\"EntryPoint\",\"urlTemplate\":\"https:\/\/xstyle.md\/?s={search_term_string}\"},\"query-input\":{\"@type\":\"PropertyValueSpecification\",\"valueRequired\":true,\"valueName\":\"search_term_string\"}}],\"inLanguage\":\"ro-RO\"},{\"@type\":\"Organization\",\"@id\":\"https:\/\/xstyle.md\/#organization\",\"name\":\"\u041c\u0430\u0433\u0430\u0437\u0438\u043d Xstyle\",\"alternateName\":\"x-style\",\"url\":\"https:\/\/xstyle.md\/\",\"logo\":{\"@type\":\"ImageObject\",\"inLanguage\":\"ro-RO\",\"@id\":\"https:\/\/xstyle.md\/#\/schema\/logo\/image\/\",\"url\":\"https:\/\/xstyle.md\/wp-content\/uploads\/2020\/06\/logoicon.svg\",\"contentUrl\":\"https:\/\/xstyle.md\/wp-content\/uploads\/2020\/06\/logoicon.svg\",\"caption\":\"\u041c\u0430\u0433\u0430\u0437\u0438\u043d Xstyle\"},\"image\":{\"@id\":\"https:\/\/xstyle.md\/#\/schema\/logo\/image\/\"},\"sameAs\":[\"https:\/\/www.facebook.com\/xstylemd\",\"https:\/\/www.instagram.com\/xstyle_md\/\",\"https:\/\/t.me\/xstyle_outdoor\"],\"hasMerchantReturnPolicy\":{\"@type\":\"MerchantReturnPolicy\",\"merchantReturnLink\":\"https:\/\/xstyle.md\/ro\/conditions\/\"}}]}<\/script>\n<meta property=\"product:price:amount\" content=\"4990.00\" \/>\n<meta property=\"product:price:currency\" content=\"MDL\" \/>\n<meta property=\"og:availability\" content=\"instock\" \/>\n<meta property=\"product:availability\" content=\"instock\" \/>\n<meta property=\"product:retailer_item_id\" content=\"8020647945153\" \/>\n<meta property=\"product:condition\" content=\"new\" \/>\n<!-- \/ Yoast SEO plugin. -->","yoast_head_json":{"title":"Bocanci La Sportiva Stream GTX black\/topaz - Magazin Xstyle","description":"Bocancii La Sportiva Stream GTX negru\/topaz cu GoreTex, Vibram XS Trek \u0219i TrailCage System vor asigura confort \u0219i protec\u021bie pe orice suprafa\u021b\u0103. Sunt ideali pentru activit\u0103\u021bi \u00een aer liber!","robots":{"index":"index","follow":"follow","max-snippet":"max-snippet:-1","max-image-preview":"max-image-preview:large","max-video-preview":"max-video-preview:-1"},"canonical":"https:\/\/xstyle.md\/ro\/produs\/trp_language-languageru_rubotinki-la-sportiva-stream-gtx-black-topaz-trp_languagetrp_language-languagero_robocanci-la-sportiva-stream-gtx-black-topaz-trp_language\/","og_locale":"ro_RO","og_type":"article","og_title":"\u0411\u043e\u0442\u0438\u043d\u043a\u0438 La Sportiva Stream GTX black\/topaz - \u041c\u0430\u0433\u0430\u0437\u0438\u043d Xstyle","og_description":"\u0411\u043e\u0442\u0438\u043d\u043a\u0438 La Sportiva Stream GTX black\/topaz \u0441 GoreTex, Vibram XS Trek \u0438 TrailCage System \u043e\u0431\u0435\u0441\u043f\u0435\u0447\u0430\u0442 \u043a\u043e\u043c\u0444\u043e\u0440\u0442 \u0438 \u0437\u0430\u0449\u0438\u0442\u0443 \u043d\u0430 \u043b\u044e\u0431\u043e\u043c \u043f\u043e\u043a\u0440\u044b\u0442\u0438\u0438. \u0418\u0434\u0435\u0430\u043b\u044c\u043d\u044b \u0434\u043b\u044f \u0430\u043a\u0442\u0438\u0432\u043d\u043e\u0433\u043e \u043e\u0442\u0434\u044b\u0445\u0430!","og_url":"https:\/\/xstyle.md\/ro\/produs\/trp_language-languageru_rubotinki-la-sportiva-stream-gtx-black-topaz-trp_languagetrp_language-languagero_robocanci-la-sportiva-stream-gtx-black-topaz-trp_language\/","og_site_name":"\u041c\u0430\u0433\u0430\u0437\u0438\u043d Xstyle","article_publisher":"https:\/\/www.facebook.com\/xstylemd","article_modified_time":"2026-03-19T14:12:32+00:00","og_image":[{"width":1075,"height":1047,"url":"https:\/\/xstyle.md\/wp-content\/uploads\/2023\/02\/la-sportiva-stream-gtx-black-topaz.jpg","type":"image\/jpeg"}],"twitter_card":"summary_large_image","twitter_misc":{"Pre\u021b":"4.990&nbsp;MDL","Disponibilitate":"\u00cen stoc"},"schema":{"@context":"https:\/\/schema.org","@graph":[{"@type":"WebPage","@id":"https:\/\/xstyle.md\/product\/trp_language-languageru_rubotinki-la-sportiva-stream-gtx-black-topaz-trp_languagetrp_language-languagero_robocanci-la-sportiva-stream-gtx-black-topaz-trp_language\/","url":"https:\/\/xstyle.md\/product\/trp_language-languageru_rubotinki-la-sportiva-stream-gtx-black-topaz-trp_languagetrp_language-languagero_robocanci-la-sportiva-stream-gtx-black-topaz-trp_language\/","name":"Bocanci La Sportiva Stream GTX black\/topaz - Magazin Xstyle","isPartOf":{"@id":"https:\/\/xstyle.md\/#website"},"primaryImageOfPage":{"@id":"https:\/\/xstyle.md\/product\/trp_language-languageru_rubotinki-la-sportiva-stream-gtx-black-topaz-trp_languagetrp_language-languagero_robocanci-la-sportiva-stream-gtx-black-topaz-trp_language\/#primaryimage"},"image":{"@id":"https:\/\/xstyle.md\/product\/trp_language-languageru_rubotinki-la-sportiva-stream-gtx-black-topaz-trp_languagetrp_language-languagero_robocanci-la-sportiva-stream-gtx-black-topaz-trp_language\/#primaryimage"},"thumbnailUrl":"https:\/\/xstyle.md\/wp-content\/uploads\/2023\/02\/la-sportiva-stream-gtx-black-topaz.jpg","datePublished":"2023-02-02T16:31:15+00:00","dateModified":"2026-03-19T14:12:32+00:00","description":"Bocancii La Sportiva Stream GTX negru\/topaz cu GoreTex, Vibram XS Trek \u0219i TrailCage System vor asigura confort \u0219i protec\u021bie pe orice suprafa\u021b\u0103. Sunt ideali pentru activit\u0103\u021bi \u00een aer liber!","breadcrumb":{"@id":"https:\/\/xstyle.md\/product\/trp_language-languageru_rubotinki-la-sportiva-stream-gtx-black-topaz-trp_languagetrp_language-languagero_robocanci-la-sportiva-stream-gtx-black-topaz-trp_language\/#breadcrumb"},"inLanguage":"ro-RO","potentialAction":[{"@type":"ReadAction","target":["https:\/\/xstyle.md\/product\/trp_language-languageru_rubotinki-la-sportiva-stream-gtx-black-topaz-trp_languagetrp_language-languagero_robocanci-la-sportiva-stream-gtx-black-topaz-trp_language\/"]}]},{"@type":"ImageObject","inLanguage":"ro-RO","@id":"https:\/\/xstyle.md\/product\/trp_language-languageru_rubotinki-la-sportiva-stream-gtx-black-topaz-trp_languagetrp_language-languagero_robocanci-la-sportiva-stream-gtx-black-topaz-trp_language\/#primaryimage","url":"https:\/\/xstyle.md\/wp-content\/uploads\/2023\/02\/la-sportiva-stream-gtx-black-topaz.jpg","contentUrl":"https:\/\/xstyle.md\/wp-content\/uploads\/2023\/02\/la-sportiva-stream-gtx-black-topaz.jpg","width":1075,"height":1047,"caption":"\u041a\u0443\u043f\u0438\u0442\u044c \u0431\u043e\u0442\u0438\u043d\u043a\u0438 La Sportiva Stream GTX \u0447\u0435\u0440\u043d\u044b\u0439 \u0442\u043e\u043f\u0430\u0437 \u0434\u043b\u044f \u0430\u043a\u0442\u0438\u0432\u043d\u043e\u0433\u043e \u043e\u0442\u0434\u044b\u0445\u0430, \u043f\u043e\u0445\u043e\u0434\u043e\u0432, \u0430\u043b\u044c\u043f\u0438\u043d\u0438\u0437\u043c\u0430 \u0438 \u043f\u0443\u0442\u0435\u0448\u0435\u0441\u0442\u0432\u0438\u0439 \u2014 \u043e\u0431\u0443\u0432\u044c \u0434\u043b\u044f \u0442\u0443\u0440\u0438\u0437\u043c\u0430 \u0438 \u0430\u043b\u044c\u043f\u0438\u043d\u0438\u0437\u043c\u0430 \u0432 \u0438\u043d\u0442\u0435\u0440\u043d\u0435\u0442 \u043c\u0430\u0433\u0430\u0437\u0438\u043d\u0435"},{"@type":"BreadcrumbList","@id":"https:\/\/xstyle.md\/product\/trp_language-languageru_rubotinki-la-sportiva-stream-gtx-black-topaz-trp_languagetrp_language-languagero_robocanci-la-sportiva-stream-gtx-black-topaz-trp_language\/#breadcrumb","itemListElement":[{"@type":"ListItem","position":1,"name":"\u0413\u043b\u0430\u0432\u043d\u0430\u044f \u0441\u0442\u0440\u0430\u043d\u0438\u0446\u0430","item":"https:\/\/xstyle.md\/"},{"@type":"ListItem","position":2,"name":"\u041c\u0430\u0433\u0430\u0437\u0438\u043d","item":"https:\/\/xstyle.md\/shop\/"},{"@type":"ListItem","position":3,"name":"\u0411\u043e\u0442\u0438\u043d\u043a\u0438 La Sportiva Stream GTX black\/topaz"}]},{"@type":"WebSite","@id":"https:\/\/xstyle.md\/#website","url":"https:\/\/xstyle.md\/","name":"Magazinul X-Style","description":"Echipamente pentru turism \u0219i sporturi extreme \u00een Moldova. Pre\u021buri, fotografii, caracteristici \u00een Moldova.","publisher":{"@id":"https:\/\/xstyle.md\/#organization"},"alternateName":"X-Style","potentialAction":[{"@type":"SearchAction","target":{"@type":"EntryPoint","urlTemplate":"https:\/\/xstyle.md\/?s={search_term_string}"},"query-input":{"@type":"PropertyValueSpecification","valueRequired":true,"valueName":"search_term_string"}}],"inLanguage":"ro-RO"},{"@type":"Organization","@id":"https:\/\/xstyle.md\/#organization","name":"Magazinul X-Style","alternateName":"x-style","url":"https:\/\/xstyle.md\/","logo":{"@type":"ImageObject","inLanguage":"ro-RO","@id":"https:\/\/xstyle.md\/#\/schema\/logo\/image\/","url":"https:\/\/xstyle.md\/wp-content\/uploads\/2020\/06\/logoicon.svg","contentUrl":"https:\/\/xstyle.md\/wp-content\/uploads\/2020\/06\/logoicon.svg","caption":"\u041c\u0430\u0433\u0430\u0437\u0438\u043d Xstyle"},"image":{"@id":"https:\/\/xstyle.md\/#\/schema\/logo\/image\/"},"sameAs":["https:\/\/www.facebook.com\/xstylemd","https:\/\/www.instagram.com\/xstyle_md\/","https:\/\/t.me\/xstyle_outdoor"],"hasMerchantReturnPolicy":{"@type":"MerchantReturnPolicy","merchantReturnLink":"https:\/\/xstyle.md\/ro\/conditions\/"}}]},"product_price_amount":"4990.00","product_price_currency":"MDL","og_availability":"instock","product_availability":"instock","product_retailer_item_id":"8020647945153","product_condition":"new"},"post_mailing_queue_ids":[],"_links":{"self":[{"href":"https:\/\/xstyle.md\/ro\/wp-json\/wp\/v2\/product\/63983","targetHints":{"allow":["GET"]}}],"collection":[{"href":"https:\/\/xstyle.md\/ro\/wp-json\/wp\/v2\/product"}],"about":[{"href":"https:\/\/xstyle.md\/ro\/wp-json\/wp\/v2\/types\/product"}],"replies":[{"embeddable":true,"href":"https:\/\/xstyle.md\/ro\/wp-json\/wp\/v2\/comments?post=63983"}],"wp:featuredmedia":[{"embeddable":true,"href":"https:\/\/xstyle.md\/ro\/wp-json\/wp\/v2\/media\/65076"}],"wp:attachment":[{"href":"https:\/\/xstyle.md\/ro\/wp-json\/wp\/v2\/media?parent=63983"}],"wp:term":[{"taxonomy":"product_brand","embeddable":true,"href":"https:\/\/xstyle.md\/ro\/wp-json\/wp\/v2\/product_brand?post=63983"},{"taxonomy":"product_cat","embeddable":true,"href":"https:\/\/xstyle.md\/ro\/wp-json\/wp\/v2\/product_cat?post=63983"},{"taxonomy":"product_tag","embeddable":true,"href":"https:\/\/xstyle.md\/ro\/wp-json\/wp\/v2\/product_tag?post=63983"}],"curies":[{"name":"wp","href":"https:\/\/api.w.org\/{rel}","templated":true}]}}