{"id":63982,"date":"2023-02-02T19:31:14","date_gmt":"2023-02-02T16:31:14","guid":{"rendered":"https:\/\/xstyle.md\/?post_type=product&#038;p=63982"},"modified":"2026-03-19T17:12:31","modified_gmt":"2026-03-19T14:12:31","slug":"trp_language-languageru_rubotinki-la-sportiva-trango-trk-leather-gtx-carbon-alpine-trp_languagetrp_language-languagero_robocanci-la-sportiva-trango-trk-leather-gtx-carbon-alpine-trp_l","status":"publish","type":"product","link":"https:\/\/xstyle.md\/ro\/produs\/trp_language-languageru_rubotinki-la-sportiva-trango-trk-leather-gtx-carbon-alpine-trp_languagetrp_language-languagero_robocanci-la-sportiva-trango-trk-leather-gtx-carbon-alpine-trp_l\/","title":{"rendered":"Bocanci La Sportiva Trango Trk Leather GTX carbon\/alpine"},"content":{"rendered":"<\/p>\n<p>Bocanci <strong>La Sportiva Trango Trk Leather GTX<\/strong> sunt perfect pentru drume\u021bii clasice, drume\u021bii \u00een p\u0103dure sau drume\u021bii cu un rucsac greu \u00een spatele umerilor. Utilizarea tehnologiei 3D Flex combin\u0103 stabilitatea bun\u0103 a gleznei cu flexibilitatea necesar\u0103 pentru o mobilitate u\u0219oar\u0103. Acest lucru este ob\u021binut prin utilizarea unui material special \u00een zona gleznei cizmei, care se curbeaz\u0103 \u00een fa\u021b\u0103 atunci c\u00e2nd p\u0103\u0219e\u0219ti, dar care are o rigiditate la \u00eendoire perpendicular\u0103, ceea ce va preveni r\u0103nirea gleznei \u00een cazul unei mi\u0219c\u0103ri ne\u00eendem\u00e2natice, dac\u0103 \u00eenchei bocancul str\u00e2ns.<\/p>\n<h3>Particularit\u0103\u021bi<\/h3>\n<ul>\n<li>\u021ain umezeala afar\u0103, dar sunt respirabile \u0219i elimin\u0103 umezeala din interior<\/li>\n<li>Talp\u0103 Vibram rezistent\u0103 la uzur\u0103, cu o calitate dovedit\u0103 pe teren<\/li>\n<li>Un ochi de cauciuc \u00een jurul gleznei protejeaz\u0103 talpa intermediar\u0103 de uzur\u0103 pe cobor\u00e2rile dure \u0219i st\u00e2ncoase<\/li>\n<li>Sistemul Impact Brake System de pe talpa intermediar\u0103 ofer\u0103 o amortizare sporit\u0103 care pune mai pu\u021bin stresul de \u0219oc asupra articula\u021biilor \u0219i o trac\u021biune mai bun\u0103 pe teren<\/li>\n<\/ul>\n<h3>Caracteristici<\/h3>\n<ul>\n<li>Material superior &#8212; piele impermeabil\u0103 Perwanger\u00ae + microfibr\u0103<\/li>\n<li>Membrana &#8212; Extended Comfort GORE-TEX\u00ae<\/li>\n<li>Talp\u0103 interioar\u0103 &#8212; Memlex Eva<\/li>\n<li>Talp\u0103 exterioar\u0103 &#8212; Vibram\u00ae Impact Brake System (IBS)<\/li>\n<li>Talp\u0103 anatomic\u0103 &#8212; Spark<\/li>\n<li>Scop &#8212; drume\u021bie<\/li>\n<li>Sezonul - demi-sezon<\/li>\n<li>Greutate &#8212; 1440g<\/li>\n<\/ul>\n<h3>Tehnologie<\/h3>\n<ul>\n<li><strong>Gore-Tex<\/strong>\u00ae <strong>Extended Comfort<\/strong> &#8212; este o membran\u0103 care ofer\u0103 protec\u021bie impermeabil\u0103 \u0219i are o respirabilitate excelent\u0103 \u00een condi\u021bii de vreme moderat\u0103 p\u00e2n\u0103 la cald\u0103 \u0219i niveluri ridicate de activitate. Excelent\u0103 pentru aplica\u021biile \u00een care reten\u021bia de c\u0103ldur\u0103 \u00een interiorul bocancii trebuie s\u0103 fie redus\u0103 la minimum.<\/li>\n<li><strong>Vibram<\/strong>\u00ae &#8212; este lider mondial \u00een produc\u021bia de t\u0103lpi pentru \u00eenc\u0103l\u021b\u0103minte de alpinism \u0219i trekking. Talpa este fabricat\u0103 dintr-un cauciuc foarte rezistent \u0219i are o trac\u021biune excelent\u0103. Garanteaz\u0103 o sus\u021binere \u0219i o durabilitate maxim\u0103.<\/li>\n<li><strong>Perwanger<\/strong>\u00ae &#8212; este un produc\u0103tor renumit de piele natural\u0103 pentru sporturi montane. Pielea Perwanger provine de la o t\u0103b\u0103c\u0103rie care func\u021bioneaz\u0103 din 1780 \u00een Alpii tirolezi. \u00cen acest timp, numele a devenit sinonim cu durabilitatea \u0219i rezisten\u021ba la uzur\u0103. Pielea Perwanger este potrivit\u0103 pentru utilizarea pe terenuri ascu\u021bite \u0219i st\u00e2ncoase, este hidrofug\u0103 \u0219i este capabil\u0103 s\u0103 elimine eficient umezeala.<\/li>\n<\/ul>\n<p><\/p>\n<h3>Marca<\/h3>\n<p>Compania italian\u0103 este cunoscut\u0103 de to\u021bi alpini\u0219tii \u2014 \u00eenc\u0103l\u021b\u0103mintea pentru alpinism La Sportiva \u0219i ghetele pentru altitudini mari sunt considerate cele mai bune din lume. Istoria brandului a \u00eenceput cu fabricarea \u00eenc\u0103l\u021b\u0103mintei din lemn, iar acum este unul dintre liderii mondiali \u00een produc\u021bia \u00eenc\u0103l\u021b\u0103mintei pentru munte. Toat\u0103 \u00eenc\u0103l\u021b\u0103mintea este \u00een continuare cusut\u0103 manual \u0219i numai din materiale de \u00eenalt\u0103 calitate, este confortabil\u0103, de \u00eencredere \u0219i are o durabilitate excelent\u0103. Al\u0103turi de \u00eenc\u0103l\u021b\u0103minte, compania produce \u0219i \u00eembr\u0103c\u0103minte high-tech pentru pasiona\u021bii de alpinism. Standardele \u00eenalte de calitate ale companiei \u0219i tehnologia \u00een evolu\u021bie au ajutat La Sportiva s\u0103 devin\u0103 unul dintre cele mai importante m\u0103rci de \u00eenc\u0103l\u021b\u0103minte \u0219i \u00eembr\u0103c\u0103minte la nivel mondial.<\/p>","protected":false},"excerpt":{"rendered":"<p>\u0411\u0440\u0435\u043d\u0434 \u0418\u0442\u0430\u043b\u044c\u044f\u043d\u0441\u043a\u0430\u044f \u043a\u043e\u043c\u043f\u0430\u043d\u0438\u044f \u0438\u0437\u0432\u0435\u0441\u0442\u043d\u0430 \u0432\u0441\u0435\u043c \u0441\u043a\u0430\u043b\u043e\u043b\u0430\u0437\u0430\u043c \u0438 \u0430\u043b\u044c\u043f\u0438\u043d\u0438\u0441\u0442\u0430\u043c \u2013 \u0441\u043a\u0430\u043b\u044c\u043d\u044b\u0435 \u0442\u0443\u0444\u043b\u0438 \u0438 \u0432\u044b\u0441\u043e\u0442\u043d\u044b\u0435 \u0431\u043e\u0442\u0438\u043d\u043a\u0438 La Sportiva \u0441\u0447\u0438\u0442\u0430\u044e\u0442\u0441\u044f \u043b\u0443\u0447\u0448\u0438\u043c\u0438 \u0432 \u043c\u0438\u0440\u0435. \u0418\u0441\u0442\u043e\u0440\u0438\u044f \u0431\u0440\u0435\u043d\u0434\u0430 \u043d\u0430\u0447\u0430\u043b\u0430\u0441\u044c \u0441 \u0438\u0437\u0433\u043e\u0442\u043e\u0432\u043b\u0435\u043d\u0438\u044f \u0434\u0435\u0440\u0435\u0432\u044f\u043d\u043d\u044b\u0445 \u0431\u0430\u0448\u043c\u0430\u043a\u043e\u0432, \u0430 \u0441\u0435\u0439\u0447\u0430\u0441 \u044d\u0442\u043e \u043e\u0434\u0438\u043d \u0438\u0437 \u043c\u0438\u0440\u043e\u0432\u044b\u0445 \u043b\u0438\u0434\u0435\u0440\u043e\u0432 \u0432 \u043f\u0440\u043e\u0438\u0437\u0432\u043e\u0434\u0441\u0442\u0432\u0435 \u043e\u0431\u0443\u0432\u0438 \u0434\u043b\u044f \u0433\u043e\u0440. \u0412\u0441\u044f \u043e\u0431\u0443\u0432\u044c \u043f\u043e-\u043f\u0440\u0435\u0436\u043d\u0435\u043c\u0443 \u0448\u044c\u0435\u0442\u0441\u044f \u0432\u0440\u0443\u0447\u043d\u0443\u044e \u0438 \u0442\u043e\u043b\u044c\u043a\u043e \u0438\u0437 \u043a\u0430\u0447\u0435\u0441\u0442\u0432\u0435\u043d\u043d\u044b\u0445 \u043c\u0430\u0442\u0435\u0440\u0438\u0430\u043b\u043e\u0432, \u043e\u043d\u0430 \u043a\u043e\u043c\u0444\u043e\u0440\u0442\u043d\u0430\u044f, \u043d\u0430\u0434\u0435\u0436\u043d\u0430\u044f \u0438 \u0434\u043e\u043b\u0433\u043e\u0432\u0435\u0447\u043d\u0430\u044f. \u041d\u0430\u0440\u044f\u0434\u0443 [&hellip;]<\/p>\n","protected":false},"featured_media":65083,"comment_status":"open","ping_status":"closed","template":"","meta":{"_acf_changed":false,"inline_featured_image":false},"product_brand":[1410],"product_cat":[143],"product_tag":[],"class_list":{"0":"post-63982","1":"product","2":"type-product","3":"status-publish","4":"has-post-thumbnail","6":"product_brand-la-sportiva","7":"product_cat-trekking","9":"first","10":"instock","11":"shipping-taxable","12":"purchasable","13":"product-type-simple"},"acf":[],"yoast_head":"<!-- This site is optimized with the Yoast SEO plugin v27.2 - https:\/\/yoast.com\/product\/yoast-seo-wordpress\/ -->\n<title>\u0411\u043e\u0442\u0438\u043d\u043a\u0438 La Sportiva Trango Trk Leather GTX carbon\/alpine - \u041c\u0430\u0433\u0430\u0437\u0438\u043d Xstyle<\/title>\n<meta name=\"description\" content=\"\u041e\u0442\u043a\u0440\u043e\u0439\u0442\u0435 \u0434\u043b\u044f \u0441\u0435\u0431\u044f \u0431\u043e\u0442\u0438\u043d\u043a\u0438 La Sportiva Trango Trk Leather GTX: \u0438\u0434\u0435\u0430\u043b\u044c\u043d\u044b \u0434\u043b\u044f \u043a\u043b\u0430\u0441\u0441\u0438\u0447\u0435\u0441\u043a\u0438\u0445 \u043f\u043e\u0445\u043e\u0434\u043e\u0432, \u043e\u0431\u0435\u0441\u043f\u0435\u0447\u0438\u0432\u0430\u044e\u0442 \u0441\u0442\u0430\u0431\u0438\u043b\u044c\u043d\u043e\u0441\u0442\u044c \u0438 \u043a\u043e\u043c\u0444\u043e\u0440\u0442 \u043d\u0430 \u043a\u0430\u0436\u0434\u043e\u043c \u0448\u0430\u0433\u0435.\" \/>\n<meta name=\"robots\" content=\"index, follow, max-snippet:-1, max-image-preview:large, max-video-preview:-1\" \/>\n<link rel=\"canonical\" href=\"https:\/\/xstyle.md\/ro\/produs\/trp_language-languageru_rubotinki-la-sportiva-trango-trk-leather-gtx-carbon-alpine-trp_languagetrp_language-languagero_robocanci-la-sportiva-trango-trk-leather-gtx-carbon-alpine-trp_l\/\" \/>\n<meta property=\"og:locale\" content=\"ro_RO\" \/>\n<meta property=\"og:type\" content=\"article\" \/>\n<meta property=\"og:title\" content=\"\u0411\u043e\u0442\u0438\u043d\u043a\u0438 La Sportiva Trango Trk Leather GTX carbon\/alpine - \u041c\u0430\u0433\u0430\u0437\u0438\u043d Xstyle\" \/>\n<meta property=\"og:description\" content=\"\u041e\u0442\u043a\u0440\u043e\u0439\u0442\u0435 \u0434\u043b\u044f \u0441\u0435\u0431\u044f \u0431\u043e\u0442\u0438\u043d\u043a\u0438 La Sportiva Trango Trk Leather GTX: \u0438\u0434\u0435\u0430\u043b\u044c\u043d\u044b \u0434\u043b\u044f \u043a\u043b\u0430\u0441\u0441\u0438\u0447\u0435\u0441\u043a\u0438\u0445 \u043f\u043e\u0445\u043e\u0434\u043e\u0432, \u043e\u0431\u0435\u0441\u043f\u0435\u0447\u0438\u0432\u0430\u044e\u0442 \u0441\u0442\u0430\u0431\u0438\u043b\u044c\u043d\u043e\u0441\u0442\u044c \u0438 \u043a\u043e\u043c\u0444\u043e\u0440\u0442 \u043d\u0430 \u043a\u0430\u0436\u0434\u043e\u043c \u0448\u0430\u0433\u0435.\" \/>\n<meta property=\"og:url\" content=\"https:\/\/xstyle.md\/ro\/produs\/trp_language-languageru_rubotinki-la-sportiva-trango-trk-leather-gtx-carbon-alpine-trp_languagetrp_language-languagero_robocanci-la-sportiva-trango-trk-leather-gtx-carbon-alpine-trp_l\/\" \/>\n<meta property=\"og:site_name\" content=\"\u041c\u0430\u0433\u0430\u0437\u0438\u043d Xstyle\" \/>\n<meta property=\"article:publisher\" content=\"https:\/\/www.facebook.com\/xstylemd\" \/>\n<meta property=\"article:modified_time\" content=\"2026-03-19T14:12:31+00:00\" \/>\n<meta property=\"og:image\" content=\"https:\/\/xstyle.md\/wp-content\/uploads\/2023\/02\/la-sportiva-trango-trk-leather-gtx-carbon-alpine.jpg\" \/>\n\t<meta property=\"og:image:width\" content=\"1080\" \/>\n\t<meta property=\"og:image:height\" content=\"997\" \/>\n\t<meta property=\"og:image:type\" content=\"image\/jpeg\" \/>\n<meta name=\"twitter:card\" content=\"summary_large_image\" \/>\n<meta name=\"twitter:label1\" content=\"Pre\u021b\" \/>\n\t<meta name=\"twitter:data1\" content=\"5.590&nbsp;MDL\" \/>\n\t<meta name=\"twitter:label2\" content=\"Disponibilitate\" \/>\n\t<meta name=\"twitter:data2\" content=\"\u00cen stoc\" \/>\n<script type=\"application\/ld+json\" class=\"yoast-schema-graph\">{\"@context\":\"https:\/\/schema.org\",\"@graph\":[{\"@type\":\"WebPage\",\"@id\":\"https:\/\/xstyle.md\/product\/trp_language-languageru_rubotinki-la-sportiva-trango-trk-leather-gtx-carbon-alpine-trp_languagetrp_language-languagero_robocanci-la-sportiva-trango-trk-leather-gtx-carbon-alpine-trp_l\/\",\"url\":\"https:\/\/xstyle.md\/product\/trp_language-languageru_rubotinki-la-sportiva-trango-trk-leather-gtx-carbon-alpine-trp_languagetrp_language-languagero_robocanci-la-sportiva-trango-trk-leather-gtx-carbon-alpine-trp_l\/\",\"name\":\"\u0411\u043e\u0442\u0438\u043d\u043a\u0438 La Sportiva Trango Trk Leather GTX carbon\/alpine - \u041c\u0430\u0433\u0430\u0437\u0438\u043d Xstyle\",\"isPartOf\":{\"@id\":\"https:\/\/xstyle.md\/#website\"},\"primaryImageOfPage\":{\"@id\":\"https:\/\/xstyle.md\/product\/trp_language-languageru_rubotinki-la-sportiva-trango-trk-leather-gtx-carbon-alpine-trp_languagetrp_language-languagero_robocanci-la-sportiva-trango-trk-leather-gtx-carbon-alpine-trp_l\/#primaryimage\"},\"image\":{\"@id\":\"https:\/\/xstyle.md\/product\/trp_language-languageru_rubotinki-la-sportiva-trango-trk-leather-gtx-carbon-alpine-trp_languagetrp_language-languagero_robocanci-la-sportiva-trango-trk-leather-gtx-carbon-alpine-trp_l\/#primaryimage\"},\"thumbnailUrl\":\"https:\/\/xstyle.md\/wp-content\/uploads\/2023\/02\/la-sportiva-trango-trk-leather-gtx-carbon-alpine.jpg\",\"datePublished\":\"2023-02-02T16:31:14+00:00\",\"dateModified\":\"2026-03-19T14:12:31+00:00\",\"description\":\"\u041e\u0442\u043a\u0440\u043e\u0439\u0442\u0435 \u0434\u043b\u044f \u0441\u0435\u0431\u044f \u0431\u043e\u0442\u0438\u043d\u043a\u0438 La Sportiva Trango Trk Leather GTX: \u0438\u0434\u0435\u0430\u043b\u044c\u043d\u044b \u0434\u043b\u044f \u043a\u043b\u0430\u0441\u0441\u0438\u0447\u0435\u0441\u043a\u0438\u0445 \u043f\u043e\u0445\u043e\u0434\u043e\u0432, \u043e\u0431\u0435\u0441\u043f\u0435\u0447\u0438\u0432\u0430\u044e\u0442 \u0441\u0442\u0430\u0431\u0438\u043b\u044c\u043d\u043e\u0441\u0442\u044c \u0438 \u043a\u043e\u043c\u0444\u043e\u0440\u0442 \u043d\u0430 \u043a\u0430\u0436\u0434\u043e\u043c \u0448\u0430\u0433\u0435.\",\"breadcrumb\":{\"@id\":\"https:\/\/xstyle.md\/product\/trp_language-languageru_rubotinki-la-sportiva-trango-trk-leather-gtx-carbon-alpine-trp_languagetrp_language-languagero_robocanci-la-sportiva-trango-trk-leather-gtx-carbon-alpine-trp_l\/#breadcrumb\"},\"inLanguage\":\"ro-RO\",\"potentialAction\":[{\"@type\":\"ReadAction\",\"target\":[\"https:\/\/xstyle.md\/product\/trp_language-languageru_rubotinki-la-sportiva-trango-trk-leather-gtx-carbon-alpine-trp_languagetrp_language-languagero_robocanci-la-sportiva-trango-trk-leather-gtx-carbon-alpine-trp_l\/\"]}]},{\"@type\":\"ImageObject\",\"inLanguage\":\"ro-RO\",\"@id\":\"https:\/\/xstyle.md\/product\/trp_language-languageru_rubotinki-la-sportiva-trango-trk-leather-gtx-carbon-alpine-trp_languagetrp_language-languagero_robocanci-la-sportiva-trango-trk-leather-gtx-carbon-alpine-trp_l\/#primaryimage\",\"url\":\"https:\/\/xstyle.md\/wp-content\/uploads\/2023\/02\/la-sportiva-trango-trk-leather-gtx-carbon-alpine.jpg\",\"contentUrl\":\"https:\/\/xstyle.md\/wp-content\/uploads\/2023\/02\/la-sportiva-trango-trk-leather-gtx-carbon-alpine.jpg\",\"width\":1080,\"height\":997,\"caption\":\"\u0411\u043e\u0442\u0438\u043d\u043a\u0438 La Sportiva Trango Trk Leather GTX \u0434\u043b\u044f \u0430\u043a\u0442\u0438\u0432\u043d\u043e\u0433\u043e \u043e\u0442\u0434\u044b\u0445\u0430, \u0430\u043b\u044c\u043f\u0438\u043d\u0438\u0437\u043c\u0430, \u043f\u0443\u0442\u0435\u0448\u0435\u0441\u0442\u0432\u0438\u0439 \u0438 \u0442\u0440\u0435\u043a\u0438\u043d\u0433\u0430 \u0432 \u043e\u043d\u043b\u0430\u0439\u043d \u043c\u0430\u0433\u0430\u0437\u0438\u043d\u0435 \u043e\u0434\u0435\u0436\u0434\u044b \u0438 \u043e\u0431\u0443\u0432\u0438 \u0434\u043b\u044f \u0430\u043a\u0442\u0438\u0432\u043d\u043e\u0433\u043e \u043e\u0431\u0440\u0430\u0437\u0430 \u0436\u0438\u0437\u043d\u0438\"},{\"@type\":\"BreadcrumbList\",\"@id\":\"https:\/\/xstyle.md\/product\/trp_language-languageru_rubotinki-la-sportiva-trango-trk-leather-gtx-carbon-alpine-trp_languagetrp_language-languagero_robocanci-la-sportiva-trango-trk-leather-gtx-carbon-alpine-trp_l\/#breadcrumb\",\"itemListElement\":[{\"@type\":\"ListItem\",\"position\":1,\"name\":\"\u0413\u043b\u0430\u0432\u043d\u0430\u044f \u0441\u0442\u0440\u0430\u043d\u0438\u0446\u0430\",\"item\":\"https:\/\/xstyle.md\/\"},{\"@type\":\"ListItem\",\"position\":2,\"name\":\"\u041c\u0430\u0433\u0430\u0437\u0438\u043d\",\"item\":\"https:\/\/xstyle.md\/shop\/\"},{\"@type\":\"ListItem\",\"position\":3,\"name\":\"\u0411\u043e\u0442\u0438\u043d\u043a\u0438 La Sportiva Trango Trk Leather GTX carbon\/alpine\"}]},{\"@type\":\"WebSite\",\"@id\":\"https:\/\/xstyle.md\/#website\",\"url\":\"https:\/\/xstyle.md\/\",\"name\":\"\u041c\u0430\u0433\u0430\u0437\u0438\u043d Xstyle\",\"description\":\"C\u043d\u0430\u0440\u044f\u0436\u0435\u043d\u0438\u0435 \u0434\u043b\u044f \u0442\u0443\u0440\u0438\u0437\u043c\u0430 \u0438 \u044d\u043a\u0441\u0442\u0440\u0435\u043c\u0430\u043b\u044c\u043d\u044b\u0445 \u0432\u0438\u0434\u043e\u0432 \u0441\u043f\u043e\u0440\u0442\u0430 \u0432 \u041c\u043e\u043b\u0434\u043e\u0432\u0435.. \u0426\u0435\u043d\u044b, \u0444\u043e\u0442\u043e, \u0445\u0430\u0440\u0430\u043a\u0442\u0435\u0440\u0438\u0441\u0442\u0438\u043a\u0438 \u0432 \u041c\u043e\u043b\u0434\u043e\u0432\u0435.\",\"publisher\":{\"@id\":\"https:\/\/xstyle.md\/#organization\"},\"alternateName\":\"X-Style\",\"potentialAction\":[{\"@type\":\"SearchAction\",\"target\":{\"@type\":\"EntryPoint\",\"urlTemplate\":\"https:\/\/xstyle.md\/?s={search_term_string}\"},\"query-input\":{\"@type\":\"PropertyValueSpecification\",\"valueRequired\":true,\"valueName\":\"search_term_string\"}}],\"inLanguage\":\"ro-RO\"},{\"@type\":\"Organization\",\"@id\":\"https:\/\/xstyle.md\/#organization\",\"name\":\"\u041c\u0430\u0433\u0430\u0437\u0438\u043d Xstyle\",\"alternateName\":\"x-style\",\"url\":\"https:\/\/xstyle.md\/\",\"logo\":{\"@type\":\"ImageObject\",\"inLanguage\":\"ro-RO\",\"@id\":\"https:\/\/xstyle.md\/#\/schema\/logo\/image\/\",\"url\":\"https:\/\/xstyle.md\/wp-content\/uploads\/2020\/06\/logoicon.svg\",\"contentUrl\":\"https:\/\/xstyle.md\/wp-content\/uploads\/2020\/06\/logoicon.svg\",\"caption\":\"\u041c\u0430\u0433\u0430\u0437\u0438\u043d Xstyle\"},\"image\":{\"@id\":\"https:\/\/xstyle.md\/#\/schema\/logo\/image\/\"},\"sameAs\":[\"https:\/\/www.facebook.com\/xstylemd\",\"https:\/\/www.instagram.com\/xstyle_md\/\",\"https:\/\/t.me\/xstyle_outdoor\"],\"hasMerchantReturnPolicy\":{\"@type\":\"MerchantReturnPolicy\",\"merchantReturnLink\":\"https:\/\/xstyle.md\/ro\/conditions\/\"}}]}<\/script>\n<meta property=\"product:price:amount\" content=\"5590.00\" \/>\n<meta property=\"product:price:currency\" content=\"MDL\" \/>\n<meta property=\"og:availability\" content=\"instock\" \/>\n<meta property=\"product:availability\" content=\"instock\" \/>\n<meta property=\"product:retailer_item_id\" content=\"8020647107490\" \/>\n<meta property=\"product:condition\" content=\"new\" \/>\n<!-- \/ Yoast SEO plugin. -->","yoast_head_json":{"title":"Bocanci La Sportiva Trango Trk Leather GTX carbon\/alpine - Magazin Xstyle","description":"Descoperi\u021bi ghetele La Sportiva Trango Trk Leather GTX: ideale pentru drume\u021bii clasice, oferind stabilitate \u0219i confort la fiecare pas.","robots":{"index":"index","follow":"follow","max-snippet":"max-snippet:-1","max-image-preview":"max-image-preview:large","max-video-preview":"max-video-preview:-1"},"canonical":"https:\/\/xstyle.md\/ro\/produs\/trp_language-languageru_rubotinki-la-sportiva-trango-trk-leather-gtx-carbon-alpine-trp_languagetrp_language-languagero_robocanci-la-sportiva-trango-trk-leather-gtx-carbon-alpine-trp_l\/","og_locale":"ro_RO","og_type":"article","og_title":"\u0411\u043e\u0442\u0438\u043d\u043a\u0438 La Sportiva Trango Trk Leather GTX carbon\/alpine - \u041c\u0430\u0433\u0430\u0437\u0438\u043d Xstyle","og_description":"\u041e\u0442\u043a\u0440\u043e\u0439\u0442\u0435 \u0434\u043b\u044f \u0441\u0435\u0431\u044f \u0431\u043e\u0442\u0438\u043d\u043a\u0438 La Sportiva Trango Trk Leather GTX: \u0438\u0434\u0435\u0430\u043b\u044c\u043d\u044b \u0434\u043b\u044f \u043a\u043b\u0430\u0441\u0441\u0438\u0447\u0435\u0441\u043a\u0438\u0445 \u043f\u043e\u0445\u043e\u0434\u043e\u0432, \u043e\u0431\u0435\u0441\u043f\u0435\u0447\u0438\u0432\u0430\u044e\u0442 \u0441\u0442\u0430\u0431\u0438\u043b\u044c\u043d\u043e\u0441\u0442\u044c \u0438 \u043a\u043e\u043c\u0444\u043e\u0440\u0442 \u043d\u0430 \u043a\u0430\u0436\u0434\u043e\u043c \u0448\u0430\u0433\u0435.","og_url":"https:\/\/xstyle.md\/ro\/produs\/trp_language-languageru_rubotinki-la-sportiva-trango-trk-leather-gtx-carbon-alpine-trp_languagetrp_language-languagero_robocanci-la-sportiva-trango-trk-leather-gtx-carbon-alpine-trp_l\/","og_site_name":"\u041c\u0430\u0433\u0430\u0437\u0438\u043d Xstyle","article_publisher":"https:\/\/www.facebook.com\/xstylemd","article_modified_time":"2026-03-19T14:12:31+00:00","og_image":[{"width":1080,"height":997,"url":"https:\/\/xstyle.md\/wp-content\/uploads\/2023\/02\/la-sportiva-trango-trk-leather-gtx-carbon-alpine.jpg","type":"image\/jpeg"}],"twitter_card":"summary_large_image","twitter_misc":{"Pre\u021b":"5.590&nbsp;MDL","Disponibilitate":"\u00cen stoc"},"schema":{"@context":"https:\/\/schema.org","@graph":[{"@type":"WebPage","@id":"https:\/\/xstyle.md\/product\/trp_language-languageru_rubotinki-la-sportiva-trango-trk-leather-gtx-carbon-alpine-trp_languagetrp_language-languagero_robocanci-la-sportiva-trango-trk-leather-gtx-carbon-alpine-trp_l\/","url":"https:\/\/xstyle.md\/product\/trp_language-languageru_rubotinki-la-sportiva-trango-trk-leather-gtx-carbon-alpine-trp_languagetrp_language-languagero_robocanci-la-sportiva-trango-trk-leather-gtx-carbon-alpine-trp_l\/","name":"Bocanci La Sportiva Trango Trk Leather GTX carbon\/alpine - Magazin Xstyle","isPartOf":{"@id":"https:\/\/xstyle.md\/#website"},"primaryImageOfPage":{"@id":"https:\/\/xstyle.md\/product\/trp_language-languageru_rubotinki-la-sportiva-trango-trk-leather-gtx-carbon-alpine-trp_languagetrp_language-languagero_robocanci-la-sportiva-trango-trk-leather-gtx-carbon-alpine-trp_l\/#primaryimage"},"image":{"@id":"https:\/\/xstyle.md\/product\/trp_language-languageru_rubotinki-la-sportiva-trango-trk-leather-gtx-carbon-alpine-trp_languagetrp_language-languagero_robocanci-la-sportiva-trango-trk-leather-gtx-carbon-alpine-trp_l\/#primaryimage"},"thumbnailUrl":"https:\/\/xstyle.md\/wp-content\/uploads\/2023\/02\/la-sportiva-trango-trk-leather-gtx-carbon-alpine.jpg","datePublished":"2023-02-02T16:31:14+00:00","dateModified":"2026-03-19T14:12:31+00:00","description":"Descoperi\u021bi ghetele La Sportiva Trango Trk Leather GTX: ideale pentru drume\u021bii clasice, oferind stabilitate \u0219i confort la fiecare pas.","breadcrumb":{"@id":"https:\/\/xstyle.md\/product\/trp_language-languageru_rubotinki-la-sportiva-trango-trk-leather-gtx-carbon-alpine-trp_languagetrp_language-languagero_robocanci-la-sportiva-trango-trk-leather-gtx-carbon-alpine-trp_l\/#breadcrumb"},"inLanguage":"ro-RO","potentialAction":[{"@type":"ReadAction","target":["https:\/\/xstyle.md\/product\/trp_language-languageru_rubotinki-la-sportiva-trango-trk-leather-gtx-carbon-alpine-trp_languagetrp_language-languagero_robocanci-la-sportiva-trango-trk-leather-gtx-carbon-alpine-trp_l\/"]}]},{"@type":"ImageObject","inLanguage":"ro-RO","@id":"https:\/\/xstyle.md\/product\/trp_language-languageru_rubotinki-la-sportiva-trango-trk-leather-gtx-carbon-alpine-trp_languagetrp_language-languagero_robocanci-la-sportiva-trango-trk-leather-gtx-carbon-alpine-trp_l\/#primaryimage","url":"https:\/\/xstyle.md\/wp-content\/uploads\/2023\/02\/la-sportiva-trango-trk-leather-gtx-carbon-alpine.jpg","contentUrl":"https:\/\/xstyle.md\/wp-content\/uploads\/2023\/02\/la-sportiva-trango-trk-leather-gtx-carbon-alpine.jpg","width":1080,"height":997,"caption":"\u0411\u043e\u0442\u0438\u043d\u043a\u0438 La Sportiva Trango Trk Leather GTX \u0434\u043b\u044f \u0430\u043a\u0442\u0438\u0432\u043d\u043e\u0433\u043e \u043e\u0442\u0434\u044b\u0445\u0430, \u0430\u043b\u044c\u043f\u0438\u043d\u0438\u0437\u043c\u0430, \u043f\u0443\u0442\u0435\u0448\u0435\u0441\u0442\u0432\u0438\u0439 \u0438 \u0442\u0440\u0435\u043a\u0438\u043d\u0433\u0430 \u0432 \u043e\u043d\u043b\u0430\u0439\u043d \u043c\u0430\u0433\u0430\u0437\u0438\u043d\u0435 \u043e\u0434\u0435\u0436\u0434\u044b \u0438 \u043e\u0431\u0443\u0432\u0438 \u0434\u043b\u044f \u0430\u043a\u0442\u0438\u0432\u043d\u043e\u0433\u043e \u043e\u0431\u0440\u0430\u0437\u0430 \u0436\u0438\u0437\u043d\u0438"},{"@type":"BreadcrumbList","@id":"https:\/\/xstyle.md\/product\/trp_language-languageru_rubotinki-la-sportiva-trango-trk-leather-gtx-carbon-alpine-trp_languagetrp_language-languagero_robocanci-la-sportiva-trango-trk-leather-gtx-carbon-alpine-trp_l\/#breadcrumb","itemListElement":[{"@type":"ListItem","position":1,"name":"\u0413\u043b\u0430\u0432\u043d\u0430\u044f \u0441\u0442\u0440\u0430\u043d\u0438\u0446\u0430","item":"https:\/\/xstyle.md\/"},{"@type":"ListItem","position":2,"name":"\u041c\u0430\u0433\u0430\u0437\u0438\u043d","item":"https:\/\/xstyle.md\/shop\/"},{"@type":"ListItem","position":3,"name":"\u0411\u043e\u0442\u0438\u043d\u043a\u0438 La Sportiva Trango Trk Leather GTX carbon\/alpine"}]},{"@type":"WebSite","@id":"https:\/\/xstyle.md\/#website","url":"https:\/\/xstyle.md\/","name":"Magazinul X-Style","description":"Echipamente pentru turism \u0219i sporturi extreme \u00een Moldova. Pre\u021buri, fotografii, caracteristici \u00een Moldova.","publisher":{"@id":"https:\/\/xstyle.md\/#organization"},"alternateName":"X-Style","potentialAction":[{"@type":"SearchAction","target":{"@type":"EntryPoint","urlTemplate":"https:\/\/xstyle.md\/?s={search_term_string}"},"query-input":{"@type":"PropertyValueSpecification","valueRequired":true,"valueName":"search_term_string"}}],"inLanguage":"ro-RO"},{"@type":"Organization","@id":"https:\/\/xstyle.md\/#organization","name":"Magazinul X-Style","alternateName":"x-style","url":"https:\/\/xstyle.md\/","logo":{"@type":"ImageObject","inLanguage":"ro-RO","@id":"https:\/\/xstyle.md\/#\/schema\/logo\/image\/","url":"https:\/\/xstyle.md\/wp-content\/uploads\/2020\/06\/logoicon.svg","contentUrl":"https:\/\/xstyle.md\/wp-content\/uploads\/2020\/06\/logoicon.svg","caption":"\u041c\u0430\u0433\u0430\u0437\u0438\u043d Xstyle"},"image":{"@id":"https:\/\/xstyle.md\/#\/schema\/logo\/image\/"},"sameAs":["https:\/\/www.facebook.com\/xstylemd","https:\/\/www.instagram.com\/xstyle_md\/","https:\/\/t.me\/xstyle_outdoor"],"hasMerchantReturnPolicy":{"@type":"MerchantReturnPolicy","merchantReturnLink":"https:\/\/xstyle.md\/ro\/conditions\/"}}]},"product_price_amount":"5590.00","product_price_currency":"MDL","og_availability":"instock","product_availability":"instock","product_retailer_item_id":"8020647107490","product_condition":"new"},"post_mailing_queue_ids":[],"_links":{"self":[{"href":"https:\/\/xstyle.md\/ro\/wp-json\/wp\/v2\/product\/63982","targetHints":{"allow":["GET"]}}],"collection":[{"href":"https:\/\/xstyle.md\/ro\/wp-json\/wp\/v2\/product"}],"about":[{"href":"https:\/\/xstyle.md\/ro\/wp-json\/wp\/v2\/types\/product"}],"replies":[{"embeddable":true,"href":"https:\/\/xstyle.md\/ro\/wp-json\/wp\/v2\/comments?post=63982"}],"wp:featuredmedia":[{"embeddable":true,"href":"https:\/\/xstyle.md\/ro\/wp-json\/wp\/v2\/media\/65083"}],"wp:attachment":[{"href":"https:\/\/xstyle.md\/ro\/wp-json\/wp\/v2\/media?parent=63982"}],"wp:term":[{"taxonomy":"product_brand","embeddable":true,"href":"https:\/\/xstyle.md\/ro\/wp-json\/wp\/v2\/product_brand?post=63982"},{"taxonomy":"product_cat","embeddable":true,"href":"https:\/\/xstyle.md\/ro\/wp-json\/wp\/v2\/product_cat?post=63982"},{"taxonomy":"product_tag","embeddable":true,"href":"https:\/\/xstyle.md\/ro\/wp-json\/wp\/v2\/product_tag?post=63982"}],"curies":[{"name":"wp","href":"https:\/\/api.w.org\/{rel}","templated":true}]}}