{"id":63979,"date":"2023-02-02T19:31:14","date_gmt":"2023-02-02T16:31:14","guid":{"rendered":"https:\/\/xstyle.md\/?post_type=product&#038;p=63979"},"modified":"2026-02-25T13:38:56","modified_gmt":"2026-02-25T10:38:56","slug":"trp_language-languageru_rukrossovki-la-sportiva-ultra-raptor-ii-jr-carbon-goj-trp_languagetrp_language-languagero_roadidasi-pentru-copii-la-sportiva-ultra-raptor-ii-jr-carbon-goj-trp_","status":"publish","type":"product","link":"https:\/\/xstyle.md\/ro\/produs\/trp_language-languageru_rukrossovki-la-sportiva-ultra-raptor-ii-jr-carbon-goj-trp_languagetrp_language-languagero_roadidasi-pentru-copii-la-sportiva-ultra-raptor-ii-jr-carbon-goj-trp_\/","title":{"rendered":"Adida\u0219i La Sportiva Ultra Raptor II JR carbon\/goj"},"content":{"rendered":"<\/p>\n<p><strong>La Sportiva Ultra Raptor II<\/strong> &#8212; adida\u0219i de sport sunt concepu\u021bi pentru micii drume\u021bi \u0219i pentru primii lor pa\u0219i \u00een off-road. Partea superioar\u0103 este confec\u021bionat\u0103 din \u021bes\u0103tur\u0103 din plas\u0103 rezistent\u0103 la abraziune \u0219i respirabil\u0103, cu o ranforsare termic\u0103 din microfibre \u0219i margine rezistent\u0103 la abraziune. \u00cenc\u0103l\u021b\u0103mintea are o talp\u0103 exterioar\u0103 combinat\u0103 Frixion Blue cu sistem de fr\u00e2nare cu absorb\u021bie de \u0219ocuri \u0219i c\u0103lc\u00e2i Trail Bite, care asigur\u0103 o trac\u021biune excelent\u0103 chiar \u0219i pe suprafe\u021be umede \u0219i alunecoase. Stabilizatorul c\u0103lc\u00e2iului \u00eembun\u0103t\u0103\u021be\u0219te controlul atunci c\u00e2nd traversezi teren accidentat. Talp\u0103 Ortholite\u00ae Hybrid fabricat\u0103 din material reciclat. Reglarea volumetric\u0103 \u0219i acoperirea optim\u0103 se realizeaz\u0103 printr-un sistem inovator de \u0219ireturi. O protec\u021bie suplimentar\u0103 este asigurat\u0103 de o talp\u0103 cauciucat\u0103 anti\u0219oc.<\/p>\n<h3>Particularit\u0103\u021bi<\/h3>\n<ul>\n<li>Construc\u021bie superioar\u0103 f\u0103r\u0103 cus\u0103turi pentru durabilitate sporit\u0103 \u0219i greutate redus\u0103<\/li>\n<li>V\u00e2rful cauciucat protejeaz\u0103 \u00eempotriva loviturilor de piatr\u0103<\/li>\n<li>Partea superioar\u0103 respirabil\u0103 \u0219i durabil\u0103<\/li>\n<li>Sistemul Quick Lacing System v\u0103 permite s\u0103 ajusta\u021bi cu u\u0219urin\u021b\u0103 formatorul pentru a se potrivi piciorului dvs.<\/li>\n<li>Sistemul de fr\u00e2nare Impact Brake System asigur\u0103 o aderen\u021b\u0103 bun\u0103, at\u00e2t la urcare c\u00e2t \u0219i la cobor\u00e2re, reduc\u00e2nd \u00een acela\u0219i timp stresul asupra articula\u021biilor<\/li>\n<li>Talpa intermediar\u0103 EVA asigur\u0103 o amortizare bun\u0103<\/li>\n<li>Elementele din microfibr\u0103 de pe zona c\u0103lc\u00e2iului sporesc protec\u021bia \u0219i stabilitatea<\/li>\n<li>Talp\u0103 ergonomic\u0103 Ortholite Hybrid Kids pentru copii<\/li>\n<li>Compusul de cauciuc Frixion Blue rezistent la uzur\u0103 este ideal pentru o varietate de suprafe\u021be dificile<\/li>\n<\/ul>\n<h3>Caracteristici<\/h3>\n<ul>\n<li>Partea superioar\u0103 &#8212; plas\u0103 respirabil\u0103 + microfibr\u0103<\/li>\n<li>Talp\u0103 &#8212; Memlex EVA<\/li>\n<li>Talp\u0103 exterioar\u0103 &#8212; Frixion\u00ae Blue<\/li>\n<li>Talp\u0103 &#8212; Ortholite\u00ae Hybrid Kid&#8217;s<\/li>\n<li>Greutate &#8212; 400g<\/li>\n<\/ul>\n<h3>Tehnologie<\/h3>\n<ul>\n<li><strong>Impact Brake System<\/strong> (IBS) &#8212; este o tehnologie inovatoare pentru talpa bocancilor \u0219i a pantofilor de sport. Dezvoltat\u0103 \u00een cadrul departamentului de cercetare \u0219i dezvoltare al La Sportiva. Reduce semnificativ sarcina de impact asupra articula\u021biilor \u00een timpul mersului \u0219i alerg\u0103rii. Dispunerea \u00eenclinat\u0103 a elementelor benzii de rulare asigur\u0103 o absorb\u021bie cu 20% mai mare a \u0219ocurilor la nivelul gleznei, genunchiului \u0219i spatelui la fiecare pas pe suprafe\u021be dure. Ofer\u0103 o trac\u021biune excelent\u0103 \u00een timpul alerg\u0103rilor la cobor\u00e2re sau la urcare, chiar \u0219i \u00een condi\u021bii de umiditate.<\/li>\n<li><strong>Ortholite<\/strong>\u00ae &#8212; este o talp\u0103 de \u00eenalt\u0103 tehnologie care asigur\u0103 o disipare excelent\u0103 a umezelii de pe picior. Designul special al cupei pentru c\u0103lc\u00e2i asigur\u0103 o amortizare suplimentar\u0103, \u0219i un confort mai mare. De asemenea, este tratat\u0103 cu impregnare bactericid\u0103, care previne formarea de bacterii \u0219i mirosuri.<\/li>\n<\/ul>\n<p><\/p>\n<h3>Marca<\/h3>\n<p>Compania italian\u0103 este cunoscut\u0103 de to\u021bi alpini\u0219tii \u2014 \u00eenc\u0103l\u021b\u0103mintea pentru alpinism La Sportiva \u0219i ghetele pentru altitudini mari sunt considerate cele mai bune din lume. Istoria brandului a \u00eenceput cu fabricarea \u00eenc\u0103l\u021b\u0103mintei din lemn, iar acum este unul dintre liderii mondiali \u00een produc\u021bia \u00eenc\u0103l\u021b\u0103mintei pentru munte. Toat\u0103 \u00eenc\u0103l\u021b\u0103mintea este \u00een continuare cusut\u0103 manual \u0219i numai din materiale de \u00eenalt\u0103 calitate, este confortabil\u0103, de \u00eencredere \u0219i are o durabilitate excelent\u0103. Al\u0103turi de \u00eenc\u0103l\u021b\u0103minte, compania produce \u0219i \u00eembr\u0103c\u0103minte high-tech pentru pasiona\u021bii de alpinism. Standardele \u00eenalte de calitate ale companiei \u0219i tehnologia \u00een evolu\u021bie au ajutat La Sportiva s\u0103 devin\u0103 unul dintre cele mai importante m\u0103rci de \u00eenc\u0103l\u021b\u0103minte \u0219i \u00eembr\u0103c\u0103minte la nivel mondial.<\/p>","protected":false},"excerpt":{"rendered":"<p>\u0411\u0440\u0435\u043d\u0434 \u0418\u0442\u0430\u043b\u044c\u044f\u043d\u0441\u043a\u0430\u044f \u043a\u043e\u043c\u043f\u0430\u043d\u0438\u044f \u0438\u0437\u0432\u0435\u0441\u0442\u043d\u0430 \u0432\u0441\u0435\u043c \u0441\u043a\u0430\u043b\u043e\u043b\u0430\u0437\u0430\u043c \u0438 \u0430\u043b\u044c\u043f\u0438\u043d\u0438\u0441\u0442\u0430\u043c &#8212; \u0441\u043a\u0430\u043b\u044c\u043d\u044b\u0435 \u0442\u0443\u0444\u043b\u0438 \u0438 \u0432\u044b\u0441\u043e\u0442\u043d\u044b\u0435 \u0431\u043e\u0442\u0438\u043d\u043a\u0438 La Sportiva \u0441\u0447\u0438\u0442\u0430\u044e\u0442\u0441\u044f \u043b\u0443\u0447\u0448\u0438\u043c\u0438 \u0432 \u043c\u0438\u0440\u0435. \u0418\u0441\u0442\u043e\u0440\u0438\u044f \u0431\u0440\u0435\u043d\u0434\u0430 \u043d\u0430\u0447\u0430\u043b\u0430\u0441\u044c \u0441 \u0438\u0437\u0433\u043e\u0442\u043e\u0432\u043b\u0435\u043d\u0438\u044f \u0434\u0435\u0440\u0435\u0432\u044f\u043d\u043d\u044b\u0445 \u0431\u0430\u0448\u043c\u0430\u043a\u043e\u0432, \u0430 \u0441\u0435\u0439\u0447\u0430\u0441 \u044d\u0442\u043e \u043e\u0434\u0438\u043d \u0438\u0437 \u043c\u0438\u0440\u043e\u0432\u044b\u0445 \u043b\u0438\u0434\u0435\u0440\u043e\u0432 \u0432 \u043f\u0440\u043e\u0438\u0437\u0432\u043e\u0434\u0441\u0442\u0432\u0435 \u043e\u0431\u0443\u0432\u0438 \u0434\u043b\u044f \u0433\u043e\u0440. \u0412\u0441\u044f \u043e\u0431\u0443\u0432\u044c \u043f\u043e-\u043f\u0440\u0435\u0436\u043d\u0435\u043c\u0443 \u0448\u044c\u0435\u0442\u0441\u044f \u0432\u0440\u0443\u0447\u043d\u0443\u044e \u0438 \u0442\u043e\u043b\u044c\u043a\u043e \u0438\u0437 \u043a\u0430\u0447\u0435\u0441\u0442\u0432\u0435\u043d\u043d\u044b\u0445 \u043c\u0430\u0442\u0435\u0440\u0438\u0430\u043b\u043e\u0432, \u043e\u043d\u0430 \u043a\u043e\u043c\u0444\u043e\u0440\u0442\u043d\u0430\u044f, \u043d\u0430\u0434\u0435\u0436\u043d\u0430\u044f \u0438 \u0434\u043e\u043b\u0433\u043e\u0432\u0435\u0447\u043d\u0430\u044f. \u041d\u0430\u0440\u044f\u0434\u0443 [&hellip;]<\/p>\n","protected":false},"featured_media":65094,"comment_status":"open","ping_status":"closed","template":"","meta":{"_acf_changed":false,"inline_featured_image":false},"product_brand":[1410],"product_cat":[905],"product_tag":[],"class_list":{"0":"post-63979","1":"product","2":"type-product","3":"status-publish","4":"has-post-thumbnail","6":"product_brand-la-sportiva","7":"product_cat-kids-sport-shoes","8":"pa_razmer-shoes-1212","9":"pa_razmer-shoes-1032","11":"first","12":"instock","13":"shipping-taxable","14":"purchasable","15":"product-type-variable"},"acf":[],"yoast_head":"<!-- This site is optimized with the Yoast SEO plugin v27.2 - https:\/\/yoast.com\/product\/yoast-seo-wordpress\/ -->\n<title>\u041a\u0440\u043e\u0441\u0441\u043e\u0432\u043a\u0438 La Sportiva Ultra Raptor II JR carbon\/goj - \u041c\u0430\u0433\u0430\u0437\u0438\u043d Xstyle<\/title>\n<meta name=\"description\" content=\"\u041a\u0440\u043e\u0441\u0441\u043e\u0432\u043a\u0438 La Sportiva Ultra Raptor II JR carbon\/goj \u2013 \u0438\u0434\u0435\u0430\u043b\u044c\u043d\u044b\u0439 \u0432\u044b\u0431\u043e\u0440 \u0434\u043b\u044f \u044e\u043d\u044b\u0445 \u043b\u044e\u0431\u0438\u0442\u0435\u043b\u0435\u0439 \u0430\u043a\u0442\u0438\u0432\u043d\u043e\u0433\u043e \u043e\u0442\u0434\u044b\u0445\u0430. \u041b\u0435\u0433\u043a\u043e\u0441\u0442\u044c, \u043a\u043e\u043c\u0444\u043e\u0440\u0442 \u0438 \u043d\u0430\u0434\u0435\u0436\u043d\u0430\u044f \u0437\u0430\u0449\u0438\u0442\u0430 \u0434\u043b\u044f \u043d\u043e\u0433!\" \/>\n<meta name=\"robots\" content=\"index, follow, max-snippet:-1, max-image-preview:large, max-video-preview:-1\" \/>\n<link rel=\"canonical\" href=\"https:\/\/xstyle.md\/ro\/produs\/trp_language-languageru_rukrossovki-la-sportiva-ultra-raptor-ii-jr-carbon-goj-trp_languagetrp_language-languagero_roadidasi-pentru-copii-la-sportiva-ultra-raptor-ii-jr-carbon-goj-trp_\/\" \/>\n<meta property=\"og:locale\" content=\"ro_RO\" \/>\n<meta property=\"og:type\" content=\"article\" \/>\n<meta property=\"og:title\" content=\"\u041a\u0440\u043e\u0441\u0441\u043e\u0432\u043a\u0438 La Sportiva Ultra Raptor II JR carbon\/goj - \u041c\u0430\u0433\u0430\u0437\u0438\u043d Xstyle\" \/>\n<meta property=\"og:description\" content=\"\u041a\u0440\u043e\u0441\u0441\u043e\u0432\u043a\u0438 La Sportiva Ultra Raptor II JR carbon\/goj \u2013 \u0438\u0434\u0435\u0430\u043b\u044c\u043d\u044b\u0439 \u0432\u044b\u0431\u043e\u0440 \u0434\u043b\u044f \u044e\u043d\u044b\u0445 \u043b\u044e\u0431\u0438\u0442\u0435\u043b\u0435\u0439 \u0430\u043a\u0442\u0438\u0432\u043d\u043e\u0433\u043e \u043e\u0442\u0434\u044b\u0445\u0430. \u041b\u0435\u0433\u043a\u043e\u0441\u0442\u044c, \u043a\u043e\u043c\u0444\u043e\u0440\u0442 \u0438 \u043d\u0430\u0434\u0435\u0436\u043d\u0430\u044f \u0437\u0430\u0449\u0438\u0442\u0430 \u0434\u043b\u044f \u043d\u043e\u0433!\" \/>\n<meta property=\"og:url\" content=\"https:\/\/xstyle.md\/ro\/produs\/trp_language-languageru_rukrossovki-la-sportiva-ultra-raptor-ii-jr-carbon-goj-trp_languagetrp_language-languagero_roadidasi-pentru-copii-la-sportiva-ultra-raptor-ii-jr-carbon-goj-trp_\/\" \/>\n<meta property=\"og:site_name\" content=\"\u041c\u0430\u0433\u0430\u0437\u0438\u043d Xstyle\" \/>\n<meta property=\"article:publisher\" content=\"https:\/\/www.facebook.com\/xstylemd\" \/>\n<meta property=\"article:modified_time\" content=\"2026-02-25T10:38:56+00:00\" \/>\n<meta property=\"og:image\" content=\"https:\/\/xstyle.md\/wp-content\/uploads\/2023\/02\/la-sportiva-ultra-raptor-ii-jr-carbon-goj.jpg\" \/>\n\t<meta property=\"og:image:width\" content=\"1029\" \/>\n\t<meta property=\"og:image:height\" content=\"949\" \/>\n\t<meta property=\"og:image:type\" content=\"image\/jpeg\" \/>\n<meta name=\"twitter:card\" content=\"summary_large_image\" \/>\n<meta name=\"twitter:label1\" content=\"Disponibilitate\" \/>\n\t<meta name=\"twitter:data1\" content=\"\u00cen stoc\" \/>\n<script type=\"application\/ld+json\" class=\"yoast-schema-graph\">{\"@context\":\"https:\/\/schema.org\",\"@graph\":[{\"@type\":\"WebPage\",\"@id\":\"https:\/\/xstyle.md\/product\/trp_language-languageru_rukrossovki-la-sportiva-ultra-raptor-ii-jr-carbon-goj-trp_languagetrp_language-languagero_roadidasi-pentru-copii-la-sportiva-ultra-raptor-ii-jr-carbon-goj-trp_\/\",\"url\":\"https:\/\/xstyle.md\/product\/trp_language-languageru_rukrossovki-la-sportiva-ultra-raptor-ii-jr-carbon-goj-trp_languagetrp_language-languagero_roadidasi-pentru-copii-la-sportiva-ultra-raptor-ii-jr-carbon-goj-trp_\/\",\"name\":\"\u041a\u0440\u043e\u0441\u0441\u043e\u0432\u043a\u0438 La Sportiva Ultra Raptor II JR carbon\/goj - \u041c\u0430\u0433\u0430\u0437\u0438\u043d Xstyle\",\"isPartOf\":{\"@id\":\"https:\/\/xstyle.md\/#website\"},\"primaryImageOfPage\":{\"@id\":\"https:\/\/xstyle.md\/product\/trp_language-languageru_rukrossovki-la-sportiva-ultra-raptor-ii-jr-carbon-goj-trp_languagetrp_language-languagero_roadidasi-pentru-copii-la-sportiva-ultra-raptor-ii-jr-carbon-goj-trp_\/#primaryimage\"},\"image\":{\"@id\":\"https:\/\/xstyle.md\/product\/trp_language-languageru_rukrossovki-la-sportiva-ultra-raptor-ii-jr-carbon-goj-trp_languagetrp_language-languagero_roadidasi-pentru-copii-la-sportiva-ultra-raptor-ii-jr-carbon-goj-trp_\/#primaryimage\"},\"thumbnailUrl\":\"https:\/\/xstyle.md\/wp-content\/uploads\/2023\/02\/la-sportiva-ultra-raptor-ii-jr-carbon-goj.jpg\",\"datePublished\":\"2023-02-02T16:31:14+00:00\",\"dateModified\":\"2026-02-25T10:38:56+00:00\",\"description\":\"\u041a\u0440\u043e\u0441\u0441\u043e\u0432\u043a\u0438 La Sportiva Ultra Raptor II JR carbon\/goj \u2013 \u0438\u0434\u0435\u0430\u043b\u044c\u043d\u044b\u0439 \u0432\u044b\u0431\u043e\u0440 \u0434\u043b\u044f \u044e\u043d\u044b\u0445 \u043b\u044e\u0431\u0438\u0442\u0435\u043b\u0435\u0439 \u0430\u043a\u0442\u0438\u0432\u043d\u043e\u0433\u043e \u043e\u0442\u0434\u044b\u0445\u0430. \u041b\u0435\u0433\u043a\u043e\u0441\u0442\u044c, \u043a\u043e\u043c\u0444\u043e\u0440\u0442 \u0438 \u043d\u0430\u0434\u0435\u0436\u043d\u0430\u044f \u0437\u0430\u0449\u0438\u0442\u0430 \u0434\u043b\u044f \u043d\u043e\u0433!\",\"breadcrumb\":{\"@id\":\"https:\/\/xstyle.md\/product\/trp_language-languageru_rukrossovki-la-sportiva-ultra-raptor-ii-jr-carbon-goj-trp_languagetrp_language-languagero_roadidasi-pentru-copii-la-sportiva-ultra-raptor-ii-jr-carbon-goj-trp_\/#breadcrumb\"},\"inLanguage\":\"ro-RO\",\"potentialAction\":[{\"@type\":\"ReadAction\",\"target\":[\"https:\/\/xstyle.md\/product\/trp_language-languageru_rukrossovki-la-sportiva-ultra-raptor-ii-jr-carbon-goj-trp_languagetrp_language-languagero_roadidasi-pentru-copii-la-sportiva-ultra-raptor-ii-jr-carbon-goj-trp_\/\"]}]},{\"@type\":\"ImageObject\",\"inLanguage\":\"ro-RO\",\"@id\":\"https:\/\/xstyle.md\/product\/trp_language-languageru_rukrossovki-la-sportiva-ultra-raptor-ii-jr-carbon-goj-trp_languagetrp_language-languagero_roadidasi-pentru-copii-la-sportiva-ultra-raptor-ii-jr-carbon-goj-trp_\/#primaryimage\",\"url\":\"https:\/\/xstyle.md\/wp-content\/uploads\/2023\/02\/la-sportiva-ultra-raptor-ii-jr-carbon-goj.jpg\",\"contentUrl\":\"https:\/\/xstyle.md\/wp-content\/uploads\/2023\/02\/la-sportiva-ultra-raptor-ii-jr-carbon-goj.jpg\",\"width\":1029,\"height\":949,\"caption\":\"\u0414\u0435\u0442\u0441\u043a\u0438\u0435 \u043a\u0440\u043e\u0441\u0441\u043e\u0432\u043a\u0438 La Sportiva Ultra Raptor II JR \u0434\u043b\u044f \u0430\u043a\u0442\u0438\u0432\u043d\u043e\u0433\u043e \u043e\u0442\u0434\u044b\u0445\u0430 \u043d\u0430 \u043f\u0440\u0438\u0440\u043e\u0434\u0435, \u043f\u043e\u0445\u043e\u0434\u043e\u0432, \u043f\u0443\u0442\u0435\u0448\u0435\u0441\u0442\u0432\u0438\u0439 \u0438 \u0430\u043b\u044c\u043f\u0438\u043d\u0438\u0437\u043c\u0430 \u0432 \u043e\u043d\u043b\u0430\u0439\u043d \u043c\u0430\u0433\u0430\u0437\u0438\u043d\u0435 \u0441\u043f\u043e\u0440\u0442\u0438\u0432\u043d\u043e\u0439 \u043e\u0434\u0435\u0436\u0434\u044b \u0438 \u043e\u0431\u0443\u0432\u0438\"},{\"@type\":\"BreadcrumbList\",\"@id\":\"https:\/\/xstyle.md\/product\/trp_language-languageru_rukrossovki-la-sportiva-ultra-raptor-ii-jr-carbon-goj-trp_languagetrp_language-languagero_roadidasi-pentru-copii-la-sportiva-ultra-raptor-ii-jr-carbon-goj-trp_\/#breadcrumb\",\"itemListElement\":[{\"@type\":\"ListItem\",\"position\":1,\"name\":\"\u0413\u043b\u0430\u0432\u043d\u0430\u044f \u0441\u0442\u0440\u0430\u043d\u0438\u0446\u0430\",\"item\":\"https:\/\/xstyle.md\/\"},{\"@type\":\"ListItem\",\"position\":2,\"name\":\"\u041c\u0430\u0433\u0430\u0437\u0438\u043d\",\"item\":\"https:\/\/xstyle.md\/shop\/\"},{\"@type\":\"ListItem\",\"position\":3,\"name\":\"\u041a\u0440\u043e\u0441\u0441\u043e\u0432\u043a\u0438 La Sportiva Ultra Raptor II JR carbon\/goj\"}]},{\"@type\":\"WebSite\",\"@id\":\"https:\/\/xstyle.md\/#website\",\"url\":\"https:\/\/xstyle.md\/\",\"name\":\"\u041c\u0430\u0433\u0430\u0437\u0438\u043d Xstyle\",\"description\":\"C\u043d\u0430\u0440\u044f\u0436\u0435\u043d\u0438\u0435 \u0434\u043b\u044f \u0442\u0443\u0440\u0438\u0437\u043c\u0430 \u0438 \u044d\u043a\u0441\u0442\u0440\u0435\u043c\u0430\u043b\u044c\u043d\u044b\u0445 \u0432\u0438\u0434\u043e\u0432 \u0441\u043f\u043e\u0440\u0442\u0430 \u0432 \u041c\u043e\u043b\u0434\u043e\u0432\u0435.. \u0426\u0435\u043d\u044b, \u0444\u043e\u0442\u043e, \u0445\u0430\u0440\u0430\u043a\u0442\u0435\u0440\u0438\u0441\u0442\u0438\u043a\u0438 \u0432 \u041c\u043e\u043b\u0434\u043e\u0432\u0435.\",\"publisher\":{\"@id\":\"https:\/\/xstyle.md\/#organization\"},\"alternateName\":\"X-Style\",\"potentialAction\":[{\"@type\":\"SearchAction\",\"target\":{\"@type\":\"EntryPoint\",\"urlTemplate\":\"https:\/\/xstyle.md\/?s={search_term_string}\"},\"query-input\":{\"@type\":\"PropertyValueSpecification\",\"valueRequired\":true,\"valueName\":\"search_term_string\"}}],\"inLanguage\":\"ro-RO\"},{\"@type\":\"Organization\",\"@id\":\"https:\/\/xstyle.md\/#organization\",\"name\":\"\u041c\u0430\u0433\u0430\u0437\u0438\u043d Xstyle\",\"alternateName\":\"x-style\",\"url\":\"https:\/\/xstyle.md\/\",\"logo\":{\"@type\":\"ImageObject\",\"inLanguage\":\"ro-RO\",\"@id\":\"https:\/\/xstyle.md\/#\/schema\/logo\/image\/\",\"url\":\"https:\/\/xstyle.md\/wp-content\/uploads\/2020\/06\/logoicon.svg\",\"contentUrl\":\"https:\/\/xstyle.md\/wp-content\/uploads\/2020\/06\/logoicon.svg\",\"caption\":\"\u041c\u0430\u0433\u0430\u0437\u0438\u043d Xstyle\"},\"image\":{\"@id\":\"https:\/\/xstyle.md\/#\/schema\/logo\/image\/\"},\"sameAs\":[\"https:\/\/www.facebook.com\/xstylemd\",\"https:\/\/www.instagram.com\/xstyle_md\/\",\"https:\/\/t.me\/xstyle_outdoor\"],\"hasMerchantReturnPolicy\":{\"@type\":\"MerchantReturnPolicy\",\"merchantReturnLink\":\"https:\/\/xstyle.md\/ro\/conditions\/\"}}]}<\/script>\n<meta property=\"og:availability\" content=\"instock\" \/>\n<meta property=\"product:availability\" content=\"instock\" \/>\n<meta property=\"product:retailer_item_id\" content=\"X8020647043873\" \/>\n<meta property=\"product:condition\" content=\"new\" \/>\n<!-- \/ Yoast SEO plugin. -->","yoast_head_json":{"title":"Adida\u0219i pentru copii La Sportiva Ultra Raptor II JR carbon\/goj - Magazin Xstyle","description":"Adida\u0219i La Sportiva Ultra Raptor II JR carbon\/goj \u2013 alegerea perfect\u0103 pentru tinerii iubitori de activit\u0103\u021bi \u00een aer liber. U\u0219urin\u021b\u0103, confort \u0219i protec\u021bie fiabil\u0103 pentru picioare!","robots":{"index":"index","follow":"follow","max-snippet":"max-snippet:-1","max-image-preview":"max-image-preview:large","max-video-preview":"max-video-preview:-1"},"canonical":"https:\/\/xstyle.md\/ro\/produs\/trp_language-languageru_rukrossovki-la-sportiva-ultra-raptor-ii-jr-carbon-goj-trp_languagetrp_language-languagero_roadidasi-pentru-copii-la-sportiva-ultra-raptor-ii-jr-carbon-goj-trp_\/","og_locale":"ro_RO","og_type":"article","og_title":"\u041a\u0440\u043e\u0441\u0441\u043e\u0432\u043a\u0438 La Sportiva Ultra Raptor II JR carbon\/goj - \u041c\u0430\u0433\u0430\u0437\u0438\u043d Xstyle","og_description":"\u041a\u0440\u043e\u0441\u0441\u043e\u0432\u043a\u0438 La Sportiva Ultra Raptor II JR carbon\/goj \u2013 \u0438\u0434\u0435\u0430\u043b\u044c\u043d\u044b\u0439 \u0432\u044b\u0431\u043e\u0440 \u0434\u043b\u044f \u044e\u043d\u044b\u0445 \u043b\u044e\u0431\u0438\u0442\u0435\u043b\u0435\u0439 \u0430\u043a\u0442\u0438\u0432\u043d\u043e\u0433\u043e \u043e\u0442\u0434\u044b\u0445\u0430. \u041b\u0435\u0433\u043a\u043e\u0441\u0442\u044c, \u043a\u043e\u043c\u0444\u043e\u0440\u0442 \u0438 \u043d\u0430\u0434\u0435\u0436\u043d\u0430\u044f \u0437\u0430\u0449\u0438\u0442\u0430 \u0434\u043b\u044f \u043d\u043e\u0433!","og_url":"https:\/\/xstyle.md\/ro\/produs\/trp_language-languageru_rukrossovki-la-sportiva-ultra-raptor-ii-jr-carbon-goj-trp_languagetrp_language-languagero_roadidasi-pentru-copii-la-sportiva-ultra-raptor-ii-jr-carbon-goj-trp_\/","og_site_name":"\u041c\u0430\u0433\u0430\u0437\u0438\u043d Xstyle","article_publisher":"https:\/\/www.facebook.com\/xstylemd","article_modified_time":"2026-02-25T10:38:56+00:00","og_image":[{"width":1029,"height":949,"url":"https:\/\/xstyle.md\/wp-content\/uploads\/2023\/02\/la-sportiva-ultra-raptor-ii-jr-carbon-goj.jpg","type":"image\/jpeg"}],"twitter_card":"summary_large_image","twitter_misc":{"Disponibilitate":"\u00cen stoc"},"schema":{"@context":"https:\/\/schema.org","@graph":[{"@type":"WebPage","@id":"https:\/\/xstyle.md\/product\/trp_language-languageru_rukrossovki-la-sportiva-ultra-raptor-ii-jr-carbon-goj-trp_languagetrp_language-languagero_roadidasi-pentru-copii-la-sportiva-ultra-raptor-ii-jr-carbon-goj-trp_\/","url":"https:\/\/xstyle.md\/product\/trp_language-languageru_rukrossovki-la-sportiva-ultra-raptor-ii-jr-carbon-goj-trp_languagetrp_language-languagero_roadidasi-pentru-copii-la-sportiva-ultra-raptor-ii-jr-carbon-goj-trp_\/","name":"Adida\u0219i pentru copii La Sportiva Ultra Raptor II JR carbon\/goj - Magazin Xstyle","isPartOf":{"@id":"https:\/\/xstyle.md\/#website"},"primaryImageOfPage":{"@id":"https:\/\/xstyle.md\/product\/trp_language-languageru_rukrossovki-la-sportiva-ultra-raptor-ii-jr-carbon-goj-trp_languagetrp_language-languagero_roadidasi-pentru-copii-la-sportiva-ultra-raptor-ii-jr-carbon-goj-trp_\/#primaryimage"},"image":{"@id":"https:\/\/xstyle.md\/product\/trp_language-languageru_rukrossovki-la-sportiva-ultra-raptor-ii-jr-carbon-goj-trp_languagetrp_language-languagero_roadidasi-pentru-copii-la-sportiva-ultra-raptor-ii-jr-carbon-goj-trp_\/#primaryimage"},"thumbnailUrl":"https:\/\/xstyle.md\/wp-content\/uploads\/2023\/02\/la-sportiva-ultra-raptor-ii-jr-carbon-goj.jpg","datePublished":"2023-02-02T16:31:14+00:00","dateModified":"2026-02-25T10:38:56+00:00","description":"Adida\u0219i La Sportiva Ultra Raptor II JR carbon\/goj \u2013 alegerea perfect\u0103 pentru tinerii iubitori de activit\u0103\u021bi \u00een aer liber. U\u0219urin\u021b\u0103, confort \u0219i protec\u021bie fiabil\u0103 pentru picioare!","breadcrumb":{"@id":"https:\/\/xstyle.md\/product\/trp_language-languageru_rukrossovki-la-sportiva-ultra-raptor-ii-jr-carbon-goj-trp_languagetrp_language-languagero_roadidasi-pentru-copii-la-sportiva-ultra-raptor-ii-jr-carbon-goj-trp_\/#breadcrumb"},"inLanguage":"ro-RO","potentialAction":[{"@type":"ReadAction","target":["https:\/\/xstyle.md\/product\/trp_language-languageru_rukrossovki-la-sportiva-ultra-raptor-ii-jr-carbon-goj-trp_languagetrp_language-languagero_roadidasi-pentru-copii-la-sportiva-ultra-raptor-ii-jr-carbon-goj-trp_\/"]}]},{"@type":"ImageObject","inLanguage":"ro-RO","@id":"https:\/\/xstyle.md\/product\/trp_language-languageru_rukrossovki-la-sportiva-ultra-raptor-ii-jr-carbon-goj-trp_languagetrp_language-languagero_roadidasi-pentru-copii-la-sportiva-ultra-raptor-ii-jr-carbon-goj-trp_\/#primaryimage","url":"https:\/\/xstyle.md\/wp-content\/uploads\/2023\/02\/la-sportiva-ultra-raptor-ii-jr-carbon-goj.jpg","contentUrl":"https:\/\/xstyle.md\/wp-content\/uploads\/2023\/02\/la-sportiva-ultra-raptor-ii-jr-carbon-goj.jpg","width":1029,"height":949,"caption":"\u0414\u0435\u0442\u0441\u043a\u0438\u0435 \u043a\u0440\u043e\u0441\u0441\u043e\u0432\u043a\u0438 La Sportiva Ultra Raptor II JR \u0434\u043b\u044f \u0430\u043a\u0442\u0438\u0432\u043d\u043e\u0433\u043e \u043e\u0442\u0434\u044b\u0445\u0430 \u043d\u0430 \u043f\u0440\u0438\u0440\u043e\u0434\u0435, \u043f\u043e\u0445\u043e\u0434\u043e\u0432, \u043f\u0443\u0442\u0435\u0448\u0435\u0441\u0442\u0432\u0438\u0439 \u0438 \u0430\u043b\u044c\u043f\u0438\u043d\u0438\u0437\u043c\u0430 \u0432 \u043e\u043d\u043b\u0430\u0439\u043d \u043c\u0430\u0433\u0430\u0437\u0438\u043d\u0435 \u0441\u043f\u043e\u0440\u0442\u0438\u0432\u043d\u043e\u0439 \u043e\u0434\u0435\u0436\u0434\u044b \u0438 \u043e\u0431\u0443\u0432\u0438"},{"@type":"BreadcrumbList","@id":"https:\/\/xstyle.md\/product\/trp_language-languageru_rukrossovki-la-sportiva-ultra-raptor-ii-jr-carbon-goj-trp_languagetrp_language-languagero_roadidasi-pentru-copii-la-sportiva-ultra-raptor-ii-jr-carbon-goj-trp_\/#breadcrumb","itemListElement":[{"@type":"ListItem","position":1,"name":"\u0413\u043b\u0430\u0432\u043d\u0430\u044f \u0441\u0442\u0440\u0430\u043d\u0438\u0446\u0430","item":"https:\/\/xstyle.md\/"},{"@type":"ListItem","position":2,"name":"\u041c\u0430\u0433\u0430\u0437\u0438\u043d","item":"https:\/\/xstyle.md\/shop\/"},{"@type":"ListItem","position":3,"name":"\u041a\u0440\u043e\u0441\u0441\u043e\u0432\u043a\u0438 La Sportiva Ultra Raptor II JR carbon\/goj"}]},{"@type":"WebSite","@id":"https:\/\/xstyle.md\/#website","url":"https:\/\/xstyle.md\/","name":"Magazinul X-Style","description":"Echipamente pentru turism \u0219i sporturi extreme \u00een Moldova. Pre\u021buri, fotografii, caracteristici \u00een Moldova.","publisher":{"@id":"https:\/\/xstyle.md\/#organization"},"alternateName":"X-Style","potentialAction":[{"@type":"SearchAction","target":{"@type":"EntryPoint","urlTemplate":"https:\/\/xstyle.md\/?s={search_term_string}"},"query-input":{"@type":"PropertyValueSpecification","valueRequired":true,"valueName":"search_term_string"}}],"inLanguage":"ro-RO"},{"@type":"Organization","@id":"https:\/\/xstyle.md\/#organization","name":"Magazinul X-Style","alternateName":"x-style","url":"https:\/\/xstyle.md\/","logo":{"@type":"ImageObject","inLanguage":"ro-RO","@id":"https:\/\/xstyle.md\/#\/schema\/logo\/image\/","url":"https:\/\/xstyle.md\/wp-content\/uploads\/2020\/06\/logoicon.svg","contentUrl":"https:\/\/xstyle.md\/wp-content\/uploads\/2020\/06\/logoicon.svg","caption":"\u041c\u0430\u0433\u0430\u0437\u0438\u043d Xstyle"},"image":{"@id":"https:\/\/xstyle.md\/#\/schema\/logo\/image\/"},"sameAs":["https:\/\/www.facebook.com\/xstylemd","https:\/\/www.instagram.com\/xstyle_md\/","https:\/\/t.me\/xstyle_outdoor"],"hasMerchantReturnPolicy":{"@type":"MerchantReturnPolicy","merchantReturnLink":"https:\/\/xstyle.md\/ro\/conditions\/"}}]},"og_availability":"instock","product_availability":"instock","product_retailer_item_id":"X8020647043873","product_condition":"new"},"post_mailing_queue_ids":[],"_links":{"self":[{"href":"https:\/\/xstyle.md\/ro\/wp-json\/wp\/v2\/product\/63979","targetHints":{"allow":["GET"]}}],"collection":[{"href":"https:\/\/xstyle.md\/ro\/wp-json\/wp\/v2\/product"}],"about":[{"href":"https:\/\/xstyle.md\/ro\/wp-json\/wp\/v2\/types\/product"}],"replies":[{"embeddable":true,"href":"https:\/\/xstyle.md\/ro\/wp-json\/wp\/v2\/comments?post=63979"}],"wp:featuredmedia":[{"embeddable":true,"href":"https:\/\/xstyle.md\/ro\/wp-json\/wp\/v2\/media\/65094"}],"wp:attachment":[{"href":"https:\/\/xstyle.md\/ro\/wp-json\/wp\/v2\/media?parent=63979"}],"wp:term":[{"taxonomy":"product_brand","embeddable":true,"href":"https:\/\/xstyle.md\/ro\/wp-json\/wp\/v2\/product_brand?post=63979"},{"taxonomy":"product_cat","embeddable":true,"href":"https:\/\/xstyle.md\/ro\/wp-json\/wp\/v2\/product_cat?post=63979"},{"taxonomy":"product_tag","embeddable":true,"href":"https:\/\/xstyle.md\/ro\/wp-json\/wp\/v2\/product_tag?post=63979"}],"curies":[{"name":"wp","href":"https:\/\/api.w.org\/{rel}","templated":true}]}}