{"id":6384,"date":"2020-07-16T21:37:30","date_gmt":"2020-07-16T18:37:30","guid":{"rendered":"https:\/\/xstyle.md\/product\/nabor-posudy-msr-quick-solo-system"},"modified":"2024-10-19T23:45:48","modified_gmt":"2024-10-19T20:45:48","slug":"nabor-posudy-msr-quick-solo-system","status":"publish","type":"product","link":"https:\/\/xstyle.md\/ro\/produs\/nabor-posudy-msr-quick-solo-system\/","title":{"rendered":"Set vesel\u0103 MSR Quick Solo System"},"content":{"rendered":"<\/p>\n<p><strong>Set vesel\u0103 MSR Quick Solo System<\/strong> &#8212; unul dintre cele mai compacte \u0219i mai u\u0219oare, orientate spre preg\u0103tirea rapid\u0103 a hranei simple pentru o singur\u0103 persoan\u0103. Vasul este din aluminiu anodizat, cana din o\u021bel inoxidabil cu izola\u021bie termic\u0103.<\/p>\n<h3>Particularit\u0103\u021bi<\/h3>\n<ul>\n<li>Un set de vase de g\u0103tit excelent \u0219i practic<\/li>\n<li>M\u00e2nerul bine conceput se fixeaz\u0103 ferm \u00een oal\u0103 \u00een punctul de fixare, f\u0103r\u0103 a se desprinde atunci c\u00e2nd elibera\u021bi m\u00e2na<\/li>\n<li>Capacul se potrive\u0219te perfect pe oal\u0103 (sub o clem\u0103 metalic\u0103 special\u0103) \u0219i este \u021binut str\u00e2ns de m\u00e2ner (prins pe m\u00e2nerul de cauciuc al capacului)<\/li>\n<li>\u00cen acest fel, pute\u021bi transporta m\u00e2ncarea \u00een oal\u0103 cu capacul \u00eenchis, f\u0103r\u0103 teama c\u0103 aceasta se va v\u0103rsa.<\/li>\n<\/ul>\n<h3>Setul include<\/h3>\n<ul>\n<li>Wok de 1,3 l din aluminiu anodizat<\/li>\n<li>Can\u0103 izolat\u0103 cu capac<\/li>\n<li>Capac<\/li>\n<li>M\u00e2ner deta\u0219abil.<\/li>\n<\/ul>\n<h3>Caracteristici<\/h3>\n<ul>\n<li>Dimensiuni &#8212; 17,2 x 9,5 cm<\/li>\n<li>Greutate &#8212; 0,323 kg.<\/li>\n<\/ul>\n<h3>Marca<\/h3>\n<p>MSR \u2013 un cunoscut produc\u0103tor de articole sportive care produce echipamente pentru alpini\u0219tii profesioni\u0219ti \u0219i pentru cei care prefer\u0103 activit\u0103\u021bile de agrement \u00een aer liber. Produsele sunt concepute pentru a face c\u00e2t mai u\u0219or posibil ca o persoan\u0103 s\u0103 r\u0103m\u00e2n\u0103 \u00een aer liber pentru perioade lungi de timp. Acestea sunt dispozitive universale care pot fi folosite at\u00e2t \u00eentr-o drume\u021bie obi\u0219nuit\u0103, c\u00e2t \u0219i \u00eentr-o expedi\u021bie complex\u0103.<\/p>\n<p><\/p>","protected":false},"excerpt":{"rendered":"<p>Set vesel\u0103 MSR Quick Solo System<\/p>","protected":false},"featured_media":6383,"comment_status":"open","ping_status":"closed","template":"","meta":{"_acf_changed":false,"inline_featured_image":false},"product_brand":[1279],"product_cat":[84],"product_tag":[],"class_list":{"0":"post-6384","1":"product","2":"type-product","3":"status-publish","4":"has-post-thumbnail","6":"product_brand-msr","7":"product_cat-pots","9":"first","10":"instock","11":"sale","12":"shipping-taxable","13":"purchasable","14":"product-type-simple"},"acf":[],"yoast_head":"<!-- This site is optimized with the Yoast SEO plugin v27.2 - https:\/\/yoast.com\/product\/yoast-seo-wordpress\/ -->\n<title>\u041d\u0430\u0431\u043e\u0440 \u043f\u043e\u0441\u0443\u0434\u044b MSR Quick Solo System - \u041c\u0430\u0433\u0430\u0437\u0438\u043d Xstyle<\/title>\n<meta name=\"description\" content=\"\u041d\u0430\u0431\u043e\u0440 \u043f\u043e\u0441\u0443\u0434\u044b MSR Quick Solo System - \u043a\u043e\u043c\u043f\u0430\u043a\u0442\u043d\u044b\u0439 \u0438 \u043b\u0435\u0433\u043a\u0438\u0439 \u043a\u043e\u043c\u043f\u043b\u0435\u043a\u0442 \u0434\u043b\u044f \u0431\u044b\u0441\u0442\u0440\u043e\u0433\u043e \u043f\u0440\u0438\u0433\u043e\u0442\u043e\u0432\u043b\u0435\u043d\u0438\u044f \u0435\u0434\u044b \u043d\u0430 \u043e\u0434\u043d\u043e\u0433\u043e. \u0410\u043d\u043e\u0434\u0438\u0440\u043e\u0432\u0430\u043d\u043d\u044b\u0439 \u0430\u043b\u044e\u043c\u0438\u043d\u0438\u0439 \u0438 \u0438\u0437\u043e\u043b\u0438\u0440\u043e\u0432\u0430\u043d\u043d\u0430\u044f \u0441\u0442\u0430\u043b\u044c\u043d\u0430\u044f \u043a\u0440\u0443\u0436\u043a\u0430.\" \/>\n<meta name=\"robots\" content=\"index, follow, max-snippet:-1, max-image-preview:large, max-video-preview:-1\" \/>\n<link rel=\"canonical\" href=\"https:\/\/xstyle.md\/ro\/produs\/nabor-posudy-msr-quick-solo-system\/\" \/>\n<meta property=\"og:locale\" content=\"ro_RO\" \/>\n<meta property=\"og:type\" content=\"article\" \/>\n<meta property=\"og:title\" content=\"\u041d\u0430\u0431\u043e\u0440 \u043f\u043e\u0441\u0443\u0434\u044b MSR Quick Solo System - \u041c\u0430\u0433\u0430\u0437\u0438\u043d Xstyle\" \/>\n<meta property=\"og:description\" content=\"\u041d\u0430\u0431\u043e\u0440 \u043f\u043e\u0441\u0443\u0434\u044b MSR Quick Solo System - \u043a\u043e\u043c\u043f\u0430\u043a\u0442\u043d\u044b\u0439 \u0438 \u043b\u0435\u0433\u043a\u0438\u0439 \u043a\u043e\u043c\u043f\u043b\u0435\u043a\u0442 \u0434\u043b\u044f \u0431\u044b\u0441\u0442\u0440\u043e\u0433\u043e \u043f\u0440\u0438\u0433\u043e\u0442\u043e\u0432\u043b\u0435\u043d\u0438\u044f \u0435\u0434\u044b \u043d\u0430 \u043e\u0434\u043d\u043e\u0433\u043e. \u0410\u043d\u043e\u0434\u0438\u0440\u043e\u0432\u0430\u043d\u043d\u044b\u0439 \u0430\u043b\u044e\u043c\u0438\u043d\u0438\u0439 \u0438 \u0438\u0437\u043e\u043b\u0438\u0440\u043e\u0432\u0430\u043d\u043d\u0430\u044f \u0441\u0442\u0430\u043b\u044c\u043d\u0430\u044f \u043a\u0440\u0443\u0436\u043a\u0430.\" \/>\n<meta property=\"og:url\" content=\"https:\/\/xstyle.md\/ro\/produs\/nabor-posudy-msr-quick-solo-system\/\" \/>\n<meta property=\"og:site_name\" content=\"\u041c\u0430\u0433\u0430\u0437\u0438\u043d Xstyle\" \/>\n<meta property=\"article:publisher\" content=\"https:\/\/www.facebook.com\/xstylemd\" \/>\n<meta property=\"article:modified_time\" content=\"2024-10-19T20:45:48+00:00\" \/>\n<meta property=\"og:image\" content=\"https:\/\/xstyle.md\/wp-content\/uploads\/2020\/07\/1360339298-72926200.jpg\" \/>\n\t<meta property=\"og:image:width\" content=\"1000\" \/>\n\t<meta property=\"og:image:height\" content=\"1000\" \/>\n\t<meta property=\"og:image:type\" content=\"image\/jpeg\" \/>\n<meta name=\"twitter:card\" content=\"summary_large_image\" \/>\n<meta name=\"twitter:label1\" content=\"Pre\u021b\" \/>\n\t<meta name=\"twitter:data1\" content=\"1.036&nbsp;MDL\" \/>\n\t<meta name=\"twitter:label2\" content=\"Disponibilitate\" \/>\n\t<meta name=\"twitter:data2\" content=\"\u00cen stoc\" \/>\n<script type=\"application\/ld+json\" class=\"yoast-schema-graph\">{\"@context\":\"https:\/\/schema.org\",\"@graph\":[{\"@type\":\"WebPage\",\"@id\":\"https:\/\/xstyle.md\/product\/nabor-posudy-msr-quick-solo-system\/\",\"url\":\"https:\/\/xstyle.md\/product\/nabor-posudy-msr-quick-solo-system\/\",\"name\":\"\u041d\u0430\u0431\u043e\u0440 \u043f\u043e\u0441\u0443\u0434\u044b MSR Quick Solo System - \u041c\u0430\u0433\u0430\u0437\u0438\u043d Xstyle\",\"isPartOf\":{\"@id\":\"https:\/\/xstyle.md\/#website\"},\"primaryImageOfPage\":{\"@id\":\"https:\/\/xstyle.md\/product\/nabor-posudy-msr-quick-solo-system\/#primaryimage\"},\"image\":{\"@id\":\"https:\/\/xstyle.md\/product\/nabor-posudy-msr-quick-solo-system\/#primaryimage\"},\"thumbnailUrl\":\"https:\/\/xstyle.md\/wp-content\/uploads\/2020\/07\/1360339298-72926200.jpg\",\"datePublished\":\"2020-07-16T18:37:30+00:00\",\"dateModified\":\"2024-10-19T20:45:48+00:00\",\"description\":\"\u041d\u0430\u0431\u043e\u0440 \u043f\u043e\u0441\u0443\u0434\u044b MSR Quick Solo System - \u043a\u043e\u043c\u043f\u0430\u043a\u0442\u043d\u044b\u0439 \u0438 \u043b\u0435\u0433\u043a\u0438\u0439 \u043a\u043e\u043c\u043f\u043b\u0435\u043a\u0442 \u0434\u043b\u044f \u0431\u044b\u0441\u0442\u0440\u043e\u0433\u043e \u043f\u0440\u0438\u0433\u043e\u0442\u043e\u0432\u043b\u0435\u043d\u0438\u044f \u0435\u0434\u044b \u043d\u0430 \u043e\u0434\u043d\u043e\u0433\u043e. \u0410\u043d\u043e\u0434\u0438\u0440\u043e\u0432\u0430\u043d\u043d\u044b\u0439 \u0430\u043b\u044e\u043c\u0438\u043d\u0438\u0439 \u0438 \u0438\u0437\u043e\u043b\u0438\u0440\u043e\u0432\u0430\u043d\u043d\u0430\u044f \u0441\u0442\u0430\u043b\u044c\u043d\u0430\u044f \u043a\u0440\u0443\u0436\u043a\u0430.\",\"breadcrumb\":{\"@id\":\"https:\/\/xstyle.md\/product\/nabor-posudy-msr-quick-solo-system\/#breadcrumb\"},\"inLanguage\":\"ro-RO\",\"potentialAction\":[{\"@type\":\"ReadAction\",\"target\":[\"https:\/\/xstyle.md\/product\/nabor-posudy-msr-quick-solo-system\/\"]}]},{\"@type\":\"ImageObject\",\"inLanguage\":\"ro-RO\",\"@id\":\"https:\/\/xstyle.md\/product\/nabor-posudy-msr-quick-solo-system\/#primaryimage\",\"url\":\"https:\/\/xstyle.md\/wp-content\/uploads\/2020\/07\/1360339298-72926200.jpg\",\"contentUrl\":\"https:\/\/xstyle.md\/wp-content\/uploads\/2020\/07\/1360339298-72926200.jpg\",\"width\":1000,\"height\":1000},{\"@type\":\"BreadcrumbList\",\"@id\":\"https:\/\/xstyle.md\/product\/nabor-posudy-msr-quick-solo-system\/#breadcrumb\",\"itemListElement\":[{\"@type\":\"ListItem\",\"position\":1,\"name\":\"\u0413\u043b\u0430\u0432\u043d\u0430\u044f \u0441\u0442\u0440\u0430\u043d\u0438\u0446\u0430\",\"item\":\"https:\/\/xstyle.md\/\"},{\"@type\":\"ListItem\",\"position\":2,\"name\":\"\u041c\u0430\u0433\u0430\u0437\u0438\u043d\",\"item\":\"https:\/\/xstyle.md\/shop\/\"},{\"@type\":\"ListItem\",\"position\":3,\"name\":\"\u041d\u0430\u0431\u043e\u0440 \u043f\u043e\u0441\u0443\u0434\u044b MSR Quick Solo System\"}]},{\"@type\":\"WebSite\",\"@id\":\"https:\/\/xstyle.md\/#website\",\"url\":\"https:\/\/xstyle.md\/\",\"name\":\"\u041c\u0430\u0433\u0430\u0437\u0438\u043d Xstyle\",\"description\":\"C\u043d\u0430\u0440\u044f\u0436\u0435\u043d\u0438\u0435 \u0434\u043b\u044f \u0442\u0443\u0440\u0438\u0437\u043c\u0430 \u0438 \u044d\u043a\u0441\u0442\u0440\u0435\u043c\u0430\u043b\u044c\u043d\u044b\u0445 \u0432\u0438\u0434\u043e\u0432 \u0441\u043f\u043e\u0440\u0442\u0430 \u0432 \u041c\u043e\u043b\u0434\u043e\u0432\u0435.. \u0426\u0435\u043d\u044b, \u0444\u043e\u0442\u043e, \u0445\u0430\u0440\u0430\u043a\u0442\u0435\u0440\u0438\u0441\u0442\u0438\u043a\u0438 \u0432 \u041c\u043e\u043b\u0434\u043e\u0432\u0435.\",\"publisher\":{\"@id\":\"https:\/\/xstyle.md\/#organization\"},\"alternateName\":\"X-Style\",\"potentialAction\":[{\"@type\":\"SearchAction\",\"target\":{\"@type\":\"EntryPoint\",\"urlTemplate\":\"https:\/\/xstyle.md\/?s={search_term_string}\"},\"query-input\":{\"@type\":\"PropertyValueSpecification\",\"valueRequired\":true,\"valueName\":\"search_term_string\"}}],\"inLanguage\":\"ro-RO\"},{\"@type\":\"Organization\",\"@id\":\"https:\/\/xstyle.md\/#organization\",\"name\":\"\u041c\u0430\u0433\u0430\u0437\u0438\u043d Xstyle\",\"alternateName\":\"x-style\",\"url\":\"https:\/\/xstyle.md\/\",\"logo\":{\"@type\":\"ImageObject\",\"inLanguage\":\"ro-RO\",\"@id\":\"https:\/\/xstyle.md\/#\/schema\/logo\/image\/\",\"url\":\"https:\/\/xstyle.md\/wp-content\/uploads\/2020\/06\/logoicon.svg\",\"contentUrl\":\"https:\/\/xstyle.md\/wp-content\/uploads\/2020\/06\/logoicon.svg\",\"caption\":\"\u041c\u0430\u0433\u0430\u0437\u0438\u043d Xstyle\"},\"image\":{\"@id\":\"https:\/\/xstyle.md\/#\/schema\/logo\/image\/\"},\"sameAs\":[\"https:\/\/www.facebook.com\/xstylemd\",\"https:\/\/www.instagram.com\/xstyle_md\/\",\"https:\/\/t.me\/xstyle_outdoor\"],\"hasMerchantReturnPolicy\":{\"@type\":\"MerchantReturnPolicy\",\"merchantReturnLink\":\"https:\/\/xstyle.md\/ro\/conditions\/\"}}]}<\/script>\n<meta property=\"product:price:amount\" content=\"1036.00\" \/>\n<meta property=\"product:price:currency\" content=\"MDL\" \/>\n<meta property=\"og:availability\" content=\"instock\" \/>\n<meta property=\"product:availability\" content=\"instock\" \/>\n<meta property=\"product:retailer_item_id\" content=\"40818065969\" \/>\n<meta property=\"product:condition\" content=\"new\" \/>\n<!-- \/ Yoast SEO plugin. -->","yoast_head_json":{"title":"Set vesel\u0103 MSR Quick Solo System - Magazin Xstyle","description":"Set de vase MSR Quick Solo System - un set compact \u0219i u\u0219or pentru g\u0103titul rapid al mesei pentru o persoan\u0103. Aluminiu anodizat \u0219i can\u0103 din o\u021bel izolat.","robots":{"index":"index","follow":"follow","max-snippet":"max-snippet:-1","max-image-preview":"max-image-preview:large","max-video-preview":"max-video-preview:-1"},"canonical":"https:\/\/xstyle.md\/ro\/produs\/nabor-posudy-msr-quick-solo-system\/","og_locale":"ro_RO","og_type":"article","og_title":"\u041d\u0430\u0431\u043e\u0440 \u043f\u043e\u0441\u0443\u0434\u044b MSR Quick Solo System - \u041c\u0430\u0433\u0430\u0437\u0438\u043d Xstyle","og_description":"\u041d\u0430\u0431\u043e\u0440 \u043f\u043e\u0441\u0443\u0434\u044b MSR Quick Solo System - \u043a\u043e\u043c\u043f\u0430\u043a\u0442\u043d\u044b\u0439 \u0438 \u043b\u0435\u0433\u043a\u0438\u0439 \u043a\u043e\u043c\u043f\u043b\u0435\u043a\u0442 \u0434\u043b\u044f \u0431\u044b\u0441\u0442\u0440\u043e\u0433\u043e \u043f\u0440\u0438\u0433\u043e\u0442\u043e\u0432\u043b\u0435\u043d\u0438\u044f \u0435\u0434\u044b \u043d\u0430 \u043e\u0434\u043d\u043e\u0433\u043e. \u0410\u043d\u043e\u0434\u0438\u0440\u043e\u0432\u0430\u043d\u043d\u044b\u0439 \u0430\u043b\u044e\u043c\u0438\u043d\u0438\u0439 \u0438 \u0438\u0437\u043e\u043b\u0438\u0440\u043e\u0432\u0430\u043d\u043d\u0430\u044f \u0441\u0442\u0430\u043b\u044c\u043d\u0430\u044f \u043a\u0440\u0443\u0436\u043a\u0430.","og_url":"https:\/\/xstyle.md\/ro\/produs\/nabor-posudy-msr-quick-solo-system\/","og_site_name":"\u041c\u0430\u0433\u0430\u0437\u0438\u043d Xstyle","article_publisher":"https:\/\/www.facebook.com\/xstylemd","article_modified_time":"2024-10-19T20:45:48+00:00","og_image":[{"width":1000,"height":1000,"url":"https:\/\/xstyle.md\/wp-content\/uploads\/2020\/07\/1360339298-72926200.jpg","type":"image\/jpeg"}],"twitter_card":"summary_large_image","twitter_misc":{"Pre\u021b":"1.036&nbsp;MDL","Disponibilitate":"\u00cen stoc"},"schema":{"@context":"https:\/\/schema.org","@graph":[{"@type":"WebPage","@id":"https:\/\/xstyle.md\/product\/nabor-posudy-msr-quick-solo-system\/","url":"https:\/\/xstyle.md\/product\/nabor-posudy-msr-quick-solo-system\/","name":"Set vesel\u0103 MSR Quick Solo System - Magazin Xstyle","isPartOf":{"@id":"https:\/\/xstyle.md\/#website"},"primaryImageOfPage":{"@id":"https:\/\/xstyle.md\/product\/nabor-posudy-msr-quick-solo-system\/#primaryimage"},"image":{"@id":"https:\/\/xstyle.md\/product\/nabor-posudy-msr-quick-solo-system\/#primaryimage"},"thumbnailUrl":"https:\/\/xstyle.md\/wp-content\/uploads\/2020\/07\/1360339298-72926200.jpg","datePublished":"2020-07-16T18:37:30+00:00","dateModified":"2024-10-19T20:45:48+00:00","description":"Set de vase MSR Quick Solo System - un set compact \u0219i u\u0219or pentru g\u0103titul rapid al mesei pentru o persoan\u0103. Aluminiu anodizat \u0219i can\u0103 din o\u021bel izolat.","breadcrumb":{"@id":"https:\/\/xstyle.md\/product\/nabor-posudy-msr-quick-solo-system\/#breadcrumb"},"inLanguage":"ro-RO","potentialAction":[{"@type":"ReadAction","target":["https:\/\/xstyle.md\/product\/nabor-posudy-msr-quick-solo-system\/"]}]},{"@type":"ImageObject","inLanguage":"ro-RO","@id":"https:\/\/xstyle.md\/product\/nabor-posudy-msr-quick-solo-system\/#primaryimage","url":"https:\/\/xstyle.md\/wp-content\/uploads\/2020\/07\/1360339298-72926200.jpg","contentUrl":"https:\/\/xstyle.md\/wp-content\/uploads\/2020\/07\/1360339298-72926200.jpg","width":1000,"height":1000},{"@type":"BreadcrumbList","@id":"https:\/\/xstyle.md\/product\/nabor-posudy-msr-quick-solo-system\/#breadcrumb","itemListElement":[{"@type":"ListItem","position":1,"name":"\u0413\u043b\u0430\u0432\u043d\u0430\u044f \u0441\u0442\u0440\u0430\u043d\u0438\u0446\u0430","item":"https:\/\/xstyle.md\/"},{"@type":"ListItem","position":2,"name":"\u041c\u0430\u0433\u0430\u0437\u0438\u043d","item":"https:\/\/xstyle.md\/shop\/"},{"@type":"ListItem","position":3,"name":"\u041d\u0430\u0431\u043e\u0440 \u043f\u043e\u0441\u0443\u0434\u044b MSR Quick Solo System"}]},{"@type":"WebSite","@id":"https:\/\/xstyle.md\/#website","url":"https:\/\/xstyle.md\/","name":"Magazinul X-Style","description":"Echipamente pentru turism \u0219i sporturi extreme \u00een Moldova. Pre\u021buri, fotografii, caracteristici \u00een Moldova.","publisher":{"@id":"https:\/\/xstyle.md\/#organization"},"alternateName":"X-Style","potentialAction":[{"@type":"SearchAction","target":{"@type":"EntryPoint","urlTemplate":"https:\/\/xstyle.md\/?s={search_term_string}"},"query-input":{"@type":"PropertyValueSpecification","valueRequired":true,"valueName":"search_term_string"}}],"inLanguage":"ro-RO"},{"@type":"Organization","@id":"https:\/\/xstyle.md\/#organization","name":"Magazinul X-Style","alternateName":"x-style","url":"https:\/\/xstyle.md\/","logo":{"@type":"ImageObject","inLanguage":"ro-RO","@id":"https:\/\/xstyle.md\/#\/schema\/logo\/image\/","url":"https:\/\/xstyle.md\/wp-content\/uploads\/2020\/06\/logoicon.svg","contentUrl":"https:\/\/xstyle.md\/wp-content\/uploads\/2020\/06\/logoicon.svg","caption":"\u041c\u0430\u0433\u0430\u0437\u0438\u043d Xstyle"},"image":{"@id":"https:\/\/xstyle.md\/#\/schema\/logo\/image\/"},"sameAs":["https:\/\/www.facebook.com\/xstylemd","https:\/\/www.instagram.com\/xstyle_md\/","https:\/\/t.me\/xstyle_outdoor"],"hasMerchantReturnPolicy":{"@type":"MerchantReturnPolicy","merchantReturnLink":"https:\/\/xstyle.md\/ro\/conditions\/"}}]},"product_price_amount":"1036.00","product_price_currency":"MDL","og_availability":"instock","product_availability":"instock","product_retailer_item_id":"40818065969","product_condition":"new"},"post_mailing_queue_ids":[],"_links":{"self":[{"href":"https:\/\/xstyle.md\/ro\/wp-json\/wp\/v2\/product\/6384","targetHints":{"allow":["GET"]}}],"collection":[{"href":"https:\/\/xstyle.md\/ro\/wp-json\/wp\/v2\/product"}],"about":[{"href":"https:\/\/xstyle.md\/ro\/wp-json\/wp\/v2\/types\/product"}],"replies":[{"embeddable":true,"href":"https:\/\/xstyle.md\/ro\/wp-json\/wp\/v2\/comments?post=6384"}],"wp:featuredmedia":[{"embeddable":true,"href":"https:\/\/xstyle.md\/ro\/wp-json\/wp\/v2\/media\/6383"}],"wp:attachment":[{"href":"https:\/\/xstyle.md\/ro\/wp-json\/wp\/v2\/media?parent=6384"}],"wp:term":[{"taxonomy":"product_brand","embeddable":true,"href":"https:\/\/xstyle.md\/ro\/wp-json\/wp\/v2\/product_brand?post=6384"},{"taxonomy":"product_cat","embeddable":true,"href":"https:\/\/xstyle.md\/ro\/wp-json\/wp\/v2\/product_cat?post=6384"},{"taxonomy":"product_tag","embeddable":true,"href":"https:\/\/xstyle.md\/ro\/wp-json\/wp\/v2\/product_tag?post=6384"}],"curies":[{"name":"wp","href":"https:\/\/api.w.org\/{rel}","templated":true}]}}