{"id":63548,"date":"2023-01-25T13:47:21","date_gmt":"2023-01-25T10:47:21","guid":{"rendered":"https:\/\/xstyle.md\/?post_type=product&#038;p=63548"},"modified":"2024-10-21T10:07:09","modified_gmt":"2024-10-21T07:07:09","slug":"butylka-dlya-vody-camelbak-peak-fitness-chill-710-ml","status":"publish","type":"product","link":"https:\/\/xstyle.md\/ro\/produs\/butylka-dlya-vody-camelbak-peak-fitness-chill-710-ml\/","title":{"rendered":"Sticl\u0103 pentru ap\u0103 CamelBak Peak Fitness Chill 710 ml"},"content":{"rendered":"<\/p>\n<p>Sticla de ap\u0103 <strong>CamelBak Peak Fitness Chill 710 ml<\/strong> este fabricat\u0103 din materiale sigure \u0219i este 100% rezistent\u0103 la scurgeri, u\u0219or de utilizat \u0219i foarte durabil\u0103. Peak Fitness este un nou produs conceput pentru industria s\u0103lii de sport \u0219i a fitness-ului. Sticla are o prindere confortabil\u0103 pentru transport (2-3 degete) \u0219i un dop pentru a proteja g\u00e2tul de contaminare. Designul supapei previne scurgerile spontane de lichid, iar sticla are un mecanism de blocare pentru utilizare \u00een timpul transportului. Supapa fabricat\u0103 din silicon autosigilant de calitate medical\u0103 poate fi dezasamblat\u0103 \u00een piese mici \u0219i cur\u0103\u021bat\u0103 temeinic. Interiorul este lipsit de substan\u021be nocive, cum ar fi BPA, BPS, BPS \u0219i este realizat cu ioni de argint care \u00eei protejeaz\u0103 stratul de acoperire \u00eempotriva bacteriilor \u0219i nu absoarbe gustul sau mirosul lichidului stocat.<\/p>\n<h3>Particularit\u0103\u021bi<\/h3>\n<ul>\n<li>Fabricat cu tehnologia Trutaste cu ioni de argint Hydroguard &#8212; nu absoarbe gustul \u0219i mirosul b\u0103uturii<\/li>\n<li>Are o bun\u0103 izolare termic\u0103, astfel \u00eenc\u00e2t apa r\u0103m\u00e2ne rece pentru o perioad\u0103 lung\u0103 de timp<\/li>\n<li>M\u00e2ner convenabil pentru transportul sticlei<\/li>\n<li>\u00cenchidere automat\u0103 a piesei de gur\u0103 cu supap\u0103 de \u00eenchidere mecanic\u0103 \u0219i dop<\/li>\n<li>Dotat\u0103 cu un design conic, astfel \u00eenc\u00e2t s\u0103 se potriveasc\u0103 confortabil \u00een m\u00e2n\u0103<\/li>\n<li>Produsul nu con\u021bine substan\u021be cancerigene BPA\/BPS\/BPF, deci este sigur pentru s\u0103n\u0103tatea dumneavoastr\u0103<\/li>\n<li>Capacul se potrive\u0219te la toate sticlele Podium \u0219i Peak Fitness noi \u0219i vechi.<\/li>\n<\/ul>\n<h3>Caracteristici<\/h3>\n<ul>\n<li>Volum &#8212; 710 ml<\/li>\n<li>Dimensiuni &#8212; 27,6 x 7,7 x 9,9 cm<\/li>\n<li>Material &#8212; polipropilen\u0103 TruTaste\u2122.<\/li>\n<\/ul>\n<p><\/p>","protected":false},"excerpt":{"rendered":"","protected":false},"featured_media":64961,"comment_status":"open","ping_status":"closed","template":"","meta":{"_acf_changed":false,"inline_featured_image":false},"product_brand":[1314],"product_cat":[885],"product_tag":[],"class_list":{"0":"post-63548","1":"product","2":"type-product","3":"status-publish","4":"has-post-thumbnail","6":"product_brand-viking","7":"product_cat-bottle","9":"first","10":"instock","11":"shipping-taxable","12":"purchasable","13":"product-type-simple"},"acf":[],"yoast_head":"<!-- This site is optimized with the Yoast SEO plugin v27.2 - https:\/\/yoast.com\/product\/yoast-seo-wordpress\/ -->\n<title>\u0411\u0443\u0442\u044b\u043b\u043a\u0430 \u0434\u043b\u044f \u0432\u043e\u0434\u044b CamelBak Peak Fitness Chill 710 ml - \u041c\u0430\u0433\u0430\u0437\u0438\u043d Xstyle<\/title>\n<meta name=\"description\" content=\"\u041a\u0443\u043f\u0438\u0442\u0435 \u0431\u0443\u0442\u044b\u043b\u043a\u0443 \u0434\u043b\u044f \u0432\u043e\u0434\u044b CamelBak Peak Fitness Chill 710 \u043c\u043b \u2013 \u0431\u0435\u0437\u043e\u043f\u0430\u0441\u043d\u0443\u044e, \u0443\u0434\u043e\u0431\u043d\u0443\u044e \u0438 \u043d\u0430\u0434\u0435\u0436\u043d\u0443\u044e, \u0438\u0434\u0435\u0430\u043b\u044c\u043d\u0443\u044e \u0434\u043b\u044f \u0441\u043f\u043e\u0440\u0442\u0430 \u0438 \u0444\u0438\u0442\u043d\u0435\u0441\u0430. 100% \u0437\u0430\u0449\u0438\u0442\u0430 \u043e\u0442 \u043f\u0440\u043e\u0442\u0435\u0447\u0435\u043a!\" \/>\n<meta name=\"robots\" content=\"index, follow, max-snippet:-1, max-image-preview:large, max-video-preview:-1\" \/>\n<link rel=\"canonical\" href=\"https:\/\/xstyle.md\/ro\/produs\/butylka-dlya-vody-camelbak-peak-fitness-chill-710-ml\/\" \/>\n<meta property=\"og:locale\" content=\"ro_RO\" \/>\n<meta property=\"og:type\" content=\"article\" \/>\n<meta property=\"og:title\" content=\"\u0411\u0443\u0442\u044b\u043b\u043a\u0430 \u0434\u043b\u044f \u0432\u043e\u0434\u044b CamelBak Peak Fitness Chill 710 ml - \u041c\u0430\u0433\u0430\u0437\u0438\u043d Xstyle\" \/>\n<meta property=\"og:description\" content=\"\u041a\u0443\u043f\u0438\u0442\u0435 \u0431\u0443\u0442\u044b\u043b\u043a\u0443 \u0434\u043b\u044f \u0432\u043e\u0434\u044b CamelBak Peak Fitness Chill 710 \u043c\u043b \u2013 \u0431\u0435\u0437\u043e\u043f\u0430\u0441\u043d\u0443\u044e, \u0443\u0434\u043e\u0431\u043d\u0443\u044e \u0438 \u043d\u0430\u0434\u0435\u0436\u043d\u0443\u044e, \u0438\u0434\u0435\u0430\u043b\u044c\u043d\u0443\u044e \u0434\u043b\u044f \u0441\u043f\u043e\u0440\u0442\u0430 \u0438 \u0444\u0438\u0442\u043d\u0435\u0441\u0430. 100% \u0437\u0430\u0449\u0438\u0442\u0430 \u043e\u0442 \u043f\u0440\u043e\u0442\u0435\u0447\u0435\u043a!\" \/>\n<meta property=\"og:url\" content=\"https:\/\/xstyle.md\/ro\/produs\/butylka-dlya-vody-camelbak-peak-fitness-chill-710-ml\/\" \/>\n<meta property=\"og:site_name\" content=\"\u041c\u0430\u0433\u0430\u0437\u0438\u043d Xstyle\" \/>\n<meta property=\"article:publisher\" content=\"https:\/\/www.facebook.com\/xstylemd\" \/>\n<meta property=\"article:modified_time\" content=\"2024-10-21T07:07:09+00:00\" \/>\n<meta property=\"og:image\" content=\"https:\/\/xstyle.md\/wp-content\/uploads\/2023\/01\/camelbak-peak-fitness-chill-710-ml.jpg\" \/>\n\t<meta property=\"og:image:width\" content=\"540\" \/>\n\t<meta property=\"og:image:height\" content=\"532\" \/>\n\t<meta property=\"og:image:type\" content=\"image\/jpeg\" \/>\n<meta name=\"twitter:card\" content=\"summary_large_image\" \/>\n<meta name=\"twitter:label1\" content=\"Pre\u021b\" \/>\n\t<meta name=\"twitter:data1\" content=\"690&nbsp;MDL\" \/>\n\t<meta name=\"twitter:label2\" content=\"Disponibilitate\" \/>\n\t<meta name=\"twitter:data2\" content=\"\u00cen stoc\" \/>\n<script type=\"application\/ld+json\" class=\"yoast-schema-graph\">{\"@context\":\"https:\/\/schema.org\",\"@graph\":[{\"@type\":\"WebPage\",\"@id\":\"https:\/\/xstyle.md\/product\/butylka-dlya-vody-camelbak-peak-fitness-chill-710-ml\/\",\"url\":\"https:\/\/xstyle.md\/product\/butylka-dlya-vody-camelbak-peak-fitness-chill-710-ml\/\",\"name\":\"\u0411\u0443\u0442\u044b\u043b\u043a\u0430 \u0434\u043b\u044f \u0432\u043e\u0434\u044b CamelBak Peak Fitness Chill 710 ml - \u041c\u0430\u0433\u0430\u0437\u0438\u043d Xstyle\",\"isPartOf\":{\"@id\":\"https:\/\/xstyle.md\/#website\"},\"primaryImageOfPage\":{\"@id\":\"https:\/\/xstyle.md\/product\/butylka-dlya-vody-camelbak-peak-fitness-chill-710-ml\/#primaryimage\"},\"image\":{\"@id\":\"https:\/\/xstyle.md\/product\/butylka-dlya-vody-camelbak-peak-fitness-chill-710-ml\/#primaryimage\"},\"thumbnailUrl\":\"https:\/\/xstyle.md\/wp-content\/uploads\/2023\/01\/camelbak-peak-fitness-chill-710-ml.jpg\",\"datePublished\":\"2023-01-25T10:47:21+00:00\",\"dateModified\":\"2024-10-21T07:07:09+00:00\",\"description\":\"\u041a\u0443\u043f\u0438\u0442\u0435 \u0431\u0443\u0442\u044b\u043b\u043a\u0443 \u0434\u043b\u044f \u0432\u043e\u0434\u044b CamelBak Peak Fitness Chill 710 \u043c\u043b \u2013 \u0431\u0435\u0437\u043e\u043f\u0430\u0441\u043d\u0443\u044e, \u0443\u0434\u043e\u0431\u043d\u0443\u044e \u0438 \u043d\u0430\u0434\u0435\u0436\u043d\u0443\u044e, \u0438\u0434\u0435\u0430\u043b\u044c\u043d\u0443\u044e \u0434\u043b\u044f \u0441\u043f\u043e\u0440\u0442\u0430 \u0438 \u0444\u0438\u0442\u043d\u0435\u0441\u0430. 100% \u0437\u0430\u0449\u0438\u0442\u0430 \u043e\u0442 \u043f\u0440\u043e\u0442\u0435\u0447\u0435\u043a!\",\"breadcrumb\":{\"@id\":\"https:\/\/xstyle.md\/product\/butylka-dlya-vody-camelbak-peak-fitness-chill-710-ml\/#breadcrumb\"},\"inLanguage\":\"ro-RO\",\"potentialAction\":[{\"@type\":\"ReadAction\",\"target\":[\"https:\/\/xstyle.md\/product\/butylka-dlya-vody-camelbak-peak-fitness-chill-710-ml\/\"]}]},{\"@type\":\"ImageObject\",\"inLanguage\":\"ro-RO\",\"@id\":\"https:\/\/xstyle.md\/product\/butylka-dlya-vody-camelbak-peak-fitness-chill-710-ml\/#primaryimage\",\"url\":\"https:\/\/xstyle.md\/wp-content\/uploads\/2023\/01\/camelbak-peak-fitness-chill-710-ml.jpg\",\"contentUrl\":\"https:\/\/xstyle.md\/wp-content\/uploads\/2023\/01\/camelbak-peak-fitness-chill-710-ml.jpg\",\"width\":540,\"height\":532,\"caption\":\"\u0411\u0443\u0442\u044b\u043b\u043a\u0430 \u0434\u043b\u044f \u0432\u043e\u0434\u044b CamelBak Peak Fitness Chill 710 \u043c\u043b \u0434\u043b\u044f \u0430\u043a\u0442\u0438\u0432\u043d\u043e\u0433\u043e \u043e\u0442\u0434\u044b\u0445\u0430 \u0441\u043f\u043e\u0440\u0442 \u043e\u0434\u0435\u0436\u0434\u044b \u043e\u0431\u0443\u0432\u0438 \u0438 \u0441\u043d\u0430\u0440\u044f\u0436\u0435\u043d\u0438\u044f \u0434\u043b\u044f \u043f\u043e\u0445\u043e\u0434\u043e\u0432 \u0442\u0440\u0435\u043a\u0438\u043d\u0433\u0430 \u0438 \u043f\u0443\u0442\u0435\u0448\u0435\u0441\u0442\u0432\u0438\u0439 \u0434\u043b\u044f \u043e\u043d\u043b\u0430\u0439\u043d \u043c\u0430\u0433\u0430\u0437\u0438\u043d\u0430 \u0442\u043e\u0432\u0430\u0440\u043e\u0432 \u0434\u043b\u044f \u0430\u043a\u0442\u0438\u0432\u043d\u043e\u0433\u043e \u043e\u0431\u0440\u0430\u0437\u0430 \u0436\u0438\u0437\u043d\u0438\"},{\"@type\":\"BreadcrumbList\",\"@id\":\"https:\/\/xstyle.md\/product\/butylka-dlya-vody-camelbak-peak-fitness-chill-710-ml\/#breadcrumb\",\"itemListElement\":[{\"@type\":\"ListItem\",\"position\":1,\"name\":\"\u0413\u043b\u0430\u0432\u043d\u0430\u044f \u0441\u0442\u0440\u0430\u043d\u0438\u0446\u0430\",\"item\":\"https:\/\/xstyle.md\/\"},{\"@type\":\"ListItem\",\"position\":2,\"name\":\"\u041c\u0430\u0433\u0430\u0437\u0438\u043d\",\"item\":\"https:\/\/xstyle.md\/shop\/\"},{\"@type\":\"ListItem\",\"position\":3,\"name\":\"\u0411\u0443\u0442\u044b\u043b\u043a\u0430 \u0434\u043b\u044f \u0432\u043e\u0434\u044b CamelBak Peak Fitness Chill 710 ml\"}]},{\"@type\":\"WebSite\",\"@id\":\"https:\/\/xstyle.md\/#website\",\"url\":\"https:\/\/xstyle.md\/\",\"name\":\"\u041c\u0430\u0433\u0430\u0437\u0438\u043d Xstyle\",\"description\":\"C\u043d\u0430\u0440\u044f\u0436\u0435\u043d\u0438\u0435 \u0434\u043b\u044f \u0442\u0443\u0440\u0438\u0437\u043c\u0430 \u0438 \u044d\u043a\u0441\u0442\u0440\u0435\u043c\u0430\u043b\u044c\u043d\u044b\u0445 \u0432\u0438\u0434\u043e\u0432 \u0441\u043f\u043e\u0440\u0442\u0430 \u0432 \u041c\u043e\u043b\u0434\u043e\u0432\u0435.. \u0426\u0435\u043d\u044b, \u0444\u043e\u0442\u043e, \u0445\u0430\u0440\u0430\u043a\u0442\u0435\u0440\u0438\u0441\u0442\u0438\u043a\u0438 \u0432 \u041c\u043e\u043b\u0434\u043e\u0432\u0435.\",\"publisher\":{\"@id\":\"https:\/\/xstyle.md\/#organization\"},\"alternateName\":\"X-Style\",\"potentialAction\":[{\"@type\":\"SearchAction\",\"target\":{\"@type\":\"EntryPoint\",\"urlTemplate\":\"https:\/\/xstyle.md\/?s={search_term_string}\"},\"query-input\":{\"@type\":\"PropertyValueSpecification\",\"valueRequired\":true,\"valueName\":\"search_term_string\"}}],\"inLanguage\":\"ro-RO\"},{\"@type\":\"Organization\",\"@id\":\"https:\/\/xstyle.md\/#organization\",\"name\":\"\u041c\u0430\u0433\u0430\u0437\u0438\u043d Xstyle\",\"alternateName\":\"x-style\",\"url\":\"https:\/\/xstyle.md\/\",\"logo\":{\"@type\":\"ImageObject\",\"inLanguage\":\"ro-RO\",\"@id\":\"https:\/\/xstyle.md\/#\/schema\/logo\/image\/\",\"url\":\"https:\/\/xstyle.md\/wp-content\/uploads\/2020\/06\/logoicon.svg\",\"contentUrl\":\"https:\/\/xstyle.md\/wp-content\/uploads\/2020\/06\/logoicon.svg\",\"caption\":\"\u041c\u0430\u0433\u0430\u0437\u0438\u043d Xstyle\"},\"image\":{\"@id\":\"https:\/\/xstyle.md\/#\/schema\/logo\/image\/\"},\"sameAs\":[\"https:\/\/www.facebook.com\/xstylemd\",\"https:\/\/www.instagram.com\/xstyle_md\/\",\"https:\/\/t.me\/xstyle_outdoor\"],\"hasMerchantReturnPolicy\":{\"@type\":\"MerchantReturnPolicy\",\"merchantReturnLink\":\"https:\/\/xstyle.md\/ro\/conditions\/\"}}]}<\/script>\n<meta property=\"product:price:amount\" content=\"690.00\" \/>\n<meta property=\"product:price:currency\" content=\"MDL\" \/>\n<meta property=\"og:availability\" content=\"instock\" \/>\n<meta property=\"product:availability\" content=\"instock\" \/>\n<meta property=\"product:retailer_item_id\" content=\"886798024806\" \/>\n<meta property=\"product:condition\" content=\"new\" \/>\n<!-- \/ Yoast SEO plugin. -->","yoast_head_json":{"title":"Sticl\u0103 pentru ap\u0103 CamelBak Peak Fitness Chill 710 ml - Magazin Xstyle","description":"Cump\u0103ra\u021bi o sticl\u0103 pentru ap\u0103 CamelBak Peak Fitness Chill de 710 ml \u2013 sigur\u0103, comod\u0103 \u0219i fiabil\u0103, ideal\u0103 pentru sport \u0219i fitness. 100% protec\u021bie \u00eempotriva scurgerilor!","robots":{"index":"index","follow":"follow","max-snippet":"max-snippet:-1","max-image-preview":"max-image-preview:large","max-video-preview":"max-video-preview:-1"},"canonical":"https:\/\/xstyle.md\/ro\/produs\/butylka-dlya-vody-camelbak-peak-fitness-chill-710-ml\/","og_locale":"ro_RO","og_type":"article","og_title":"\u0411\u0443\u0442\u044b\u043b\u043a\u0430 \u0434\u043b\u044f \u0432\u043e\u0434\u044b CamelBak Peak Fitness Chill 710 ml - \u041c\u0430\u0433\u0430\u0437\u0438\u043d Xstyle","og_description":"\u041a\u0443\u043f\u0438\u0442\u0435 \u0431\u0443\u0442\u044b\u043b\u043a\u0443 \u0434\u043b\u044f \u0432\u043e\u0434\u044b CamelBak Peak Fitness Chill 710 \u043c\u043b \u2013 \u0431\u0435\u0437\u043e\u043f\u0430\u0441\u043d\u0443\u044e, \u0443\u0434\u043e\u0431\u043d\u0443\u044e \u0438 \u043d\u0430\u0434\u0435\u0436\u043d\u0443\u044e, \u0438\u0434\u0435\u0430\u043b\u044c\u043d\u0443\u044e \u0434\u043b\u044f \u0441\u043f\u043e\u0440\u0442\u0430 \u0438 \u0444\u0438\u0442\u043d\u0435\u0441\u0430. 100% \u0437\u0430\u0449\u0438\u0442\u0430 \u043e\u0442 \u043f\u0440\u043e\u0442\u0435\u0447\u0435\u043a!","og_url":"https:\/\/xstyle.md\/ro\/produs\/butylka-dlya-vody-camelbak-peak-fitness-chill-710-ml\/","og_site_name":"\u041c\u0430\u0433\u0430\u0437\u0438\u043d Xstyle","article_publisher":"https:\/\/www.facebook.com\/xstylemd","article_modified_time":"2024-10-21T07:07:09+00:00","og_image":[{"width":540,"height":532,"url":"https:\/\/xstyle.md\/wp-content\/uploads\/2023\/01\/camelbak-peak-fitness-chill-710-ml.jpg","type":"image\/jpeg"}],"twitter_card":"summary_large_image","twitter_misc":{"Pre\u021b":"690&nbsp;MDL","Disponibilitate":"\u00cen stoc"},"schema":{"@context":"https:\/\/schema.org","@graph":[{"@type":"WebPage","@id":"https:\/\/xstyle.md\/product\/butylka-dlya-vody-camelbak-peak-fitness-chill-710-ml\/","url":"https:\/\/xstyle.md\/product\/butylka-dlya-vody-camelbak-peak-fitness-chill-710-ml\/","name":"Sticl\u0103 pentru ap\u0103 CamelBak Peak Fitness Chill 710 ml - Magazin Xstyle","isPartOf":{"@id":"https:\/\/xstyle.md\/#website"},"primaryImageOfPage":{"@id":"https:\/\/xstyle.md\/product\/butylka-dlya-vody-camelbak-peak-fitness-chill-710-ml\/#primaryimage"},"image":{"@id":"https:\/\/xstyle.md\/product\/butylka-dlya-vody-camelbak-peak-fitness-chill-710-ml\/#primaryimage"},"thumbnailUrl":"https:\/\/xstyle.md\/wp-content\/uploads\/2023\/01\/camelbak-peak-fitness-chill-710-ml.jpg","datePublished":"2023-01-25T10:47:21+00:00","dateModified":"2024-10-21T07:07:09+00:00","description":"Cump\u0103ra\u021bi o sticl\u0103 pentru ap\u0103 CamelBak Peak Fitness Chill de 710 ml \u2013 sigur\u0103, comod\u0103 \u0219i fiabil\u0103, ideal\u0103 pentru sport \u0219i fitness. 100% protec\u021bie \u00eempotriva scurgerilor!","breadcrumb":{"@id":"https:\/\/xstyle.md\/product\/butylka-dlya-vody-camelbak-peak-fitness-chill-710-ml\/#breadcrumb"},"inLanguage":"ro-RO","potentialAction":[{"@type":"ReadAction","target":["https:\/\/xstyle.md\/product\/butylka-dlya-vody-camelbak-peak-fitness-chill-710-ml\/"]}]},{"@type":"ImageObject","inLanguage":"ro-RO","@id":"https:\/\/xstyle.md\/product\/butylka-dlya-vody-camelbak-peak-fitness-chill-710-ml\/#primaryimage","url":"https:\/\/xstyle.md\/wp-content\/uploads\/2023\/01\/camelbak-peak-fitness-chill-710-ml.jpg","contentUrl":"https:\/\/xstyle.md\/wp-content\/uploads\/2023\/01\/camelbak-peak-fitness-chill-710-ml.jpg","width":540,"height":532,"caption":"\u0411\u0443\u0442\u044b\u043b\u043a\u0430 \u0434\u043b\u044f \u0432\u043e\u0434\u044b CamelBak Peak Fitness Chill 710 \u043c\u043b \u0434\u043b\u044f \u0430\u043a\u0442\u0438\u0432\u043d\u043e\u0433\u043e \u043e\u0442\u0434\u044b\u0445\u0430 \u0441\u043f\u043e\u0440\u0442 \u043e\u0434\u0435\u0436\u0434\u044b \u043e\u0431\u0443\u0432\u0438 \u0438 \u0441\u043d\u0430\u0440\u044f\u0436\u0435\u043d\u0438\u044f \u0434\u043b\u044f \u043f\u043e\u0445\u043e\u0434\u043e\u0432 \u0442\u0440\u0435\u043a\u0438\u043d\u0433\u0430 \u0438 \u043f\u0443\u0442\u0435\u0448\u0435\u0441\u0442\u0432\u0438\u0439 \u0434\u043b\u044f \u043e\u043d\u043b\u0430\u0439\u043d \u043c\u0430\u0433\u0430\u0437\u0438\u043d\u0430 \u0442\u043e\u0432\u0430\u0440\u043e\u0432 \u0434\u043b\u044f \u0430\u043a\u0442\u0438\u0432\u043d\u043e\u0433\u043e \u043e\u0431\u0440\u0430\u0437\u0430 \u0436\u0438\u0437\u043d\u0438"},{"@type":"BreadcrumbList","@id":"https:\/\/xstyle.md\/product\/butylka-dlya-vody-camelbak-peak-fitness-chill-710-ml\/#breadcrumb","itemListElement":[{"@type":"ListItem","position":1,"name":"\u0413\u043b\u0430\u0432\u043d\u0430\u044f \u0441\u0442\u0440\u0430\u043d\u0438\u0446\u0430","item":"https:\/\/xstyle.md\/"},{"@type":"ListItem","position":2,"name":"\u041c\u0430\u0433\u0430\u0437\u0438\u043d","item":"https:\/\/xstyle.md\/shop\/"},{"@type":"ListItem","position":3,"name":"\u0411\u0443\u0442\u044b\u043b\u043a\u0430 \u0434\u043b\u044f \u0432\u043e\u0434\u044b CamelBak Peak Fitness Chill 710 ml"}]},{"@type":"WebSite","@id":"https:\/\/xstyle.md\/#website","url":"https:\/\/xstyle.md\/","name":"Magazinul X-Style","description":"Echipamente pentru turism \u0219i sporturi extreme \u00een Moldova. Pre\u021buri, fotografii, caracteristici \u00een Moldova.","publisher":{"@id":"https:\/\/xstyle.md\/#organization"},"alternateName":"X-Style","potentialAction":[{"@type":"SearchAction","target":{"@type":"EntryPoint","urlTemplate":"https:\/\/xstyle.md\/?s={search_term_string}"},"query-input":{"@type":"PropertyValueSpecification","valueRequired":true,"valueName":"search_term_string"}}],"inLanguage":"ro-RO"},{"@type":"Organization","@id":"https:\/\/xstyle.md\/#organization","name":"Magazinul X-Style","alternateName":"x-style","url":"https:\/\/xstyle.md\/","logo":{"@type":"ImageObject","inLanguage":"ro-RO","@id":"https:\/\/xstyle.md\/#\/schema\/logo\/image\/","url":"https:\/\/xstyle.md\/wp-content\/uploads\/2020\/06\/logoicon.svg","contentUrl":"https:\/\/xstyle.md\/wp-content\/uploads\/2020\/06\/logoicon.svg","caption":"\u041c\u0430\u0433\u0430\u0437\u0438\u043d Xstyle"},"image":{"@id":"https:\/\/xstyle.md\/#\/schema\/logo\/image\/"},"sameAs":["https:\/\/www.facebook.com\/xstylemd","https:\/\/www.instagram.com\/xstyle_md\/","https:\/\/t.me\/xstyle_outdoor"],"hasMerchantReturnPolicy":{"@type":"MerchantReturnPolicy","merchantReturnLink":"https:\/\/xstyle.md\/ro\/conditions\/"}}]},"product_price_amount":"690.00","product_price_currency":"MDL","og_availability":"instock","product_availability":"instock","product_retailer_item_id":"886798024806","product_condition":"new"},"post_mailing_queue_ids":[],"_links":{"self":[{"href":"https:\/\/xstyle.md\/ro\/wp-json\/wp\/v2\/product\/63548","targetHints":{"allow":["GET"]}}],"collection":[{"href":"https:\/\/xstyle.md\/ro\/wp-json\/wp\/v2\/product"}],"about":[{"href":"https:\/\/xstyle.md\/ro\/wp-json\/wp\/v2\/types\/product"}],"replies":[{"embeddable":true,"href":"https:\/\/xstyle.md\/ro\/wp-json\/wp\/v2\/comments?post=63548"}],"wp:featuredmedia":[{"embeddable":true,"href":"https:\/\/xstyle.md\/ro\/wp-json\/wp\/v2\/media\/64961"}],"wp:attachment":[{"href":"https:\/\/xstyle.md\/ro\/wp-json\/wp\/v2\/media?parent=63548"}],"wp:term":[{"taxonomy":"product_brand","embeddable":true,"href":"https:\/\/xstyle.md\/ro\/wp-json\/wp\/v2\/product_brand?post=63548"},{"taxonomy":"product_cat","embeddable":true,"href":"https:\/\/xstyle.md\/ro\/wp-json\/wp\/v2\/product_cat?post=63548"},{"taxonomy":"product_tag","embeddable":true,"href":"https:\/\/xstyle.md\/ro\/wp-json\/wp\/v2\/product_tag?post=63548"}],"curies":[{"name":"wp","href":"https:\/\/api.w.org\/{rel}","templated":true}]}}