{"id":63545,"date":"2023-01-25T13:47:20","date_gmt":"2023-01-25T10:47:20","guid":{"rendered":"https:\/\/xstyle.md\/?post_type=product&#038;p=63545"},"modified":"2025-10-22T17:25:15","modified_gmt":"2025-10-22T14:25:15","slug":"kurtka-viking-bart-warm-pro-750-24-3231-0900","status":"publish","type":"product","link":"https:\/\/xstyle.md\/ro\/produs\/kurtka-viking-bart-warm-pro-750-24-3231-0900\/","title":{"rendered":"Geac\u0103 Viking Bart Warm Pro 750\/24\/3231\/0900"},"content":{"rendered":"<\/p>\n<p><strong>Viking Bart Warm Pro<\/strong> &#8212; jacheta pentru b\u0103rba\u021bi este fabricat\u0103 din materiale reciclate \u0219i este potrivit\u0103 pentru uzura zilnic\u0103, precum \u0219i pentru utilizarea \u00een timpul sporturilor active. Panourile laterale \u0219i o parte din m\u00e2neci sunt realizate din Polartec\u00ae Power Stretch\u00ae reciclat, cunoscut pentru elasticitatea sa incredibil\u0103. Materialul nu se ruleaz\u0103 \u0219i rezist\u0103 mult timp. Pentru izolare, se folose\u0219te izola\u021bia PrimaLoft\u00aeGold, care ofer\u0103 o protec\u021bie excelent\u0103 \u00eempotriva frigului \u0219i are o respirabilitate excep\u021bional\u0103, ceea ce face ca jacheta s\u0103 fie \u0219i mai confortabil\u0103 de purtat. \u00cen plus, aceast\u0103 izola\u021bie este fabricat\u0103 din materiale reciclate \u0219i este complet biodegradabil\u0103.<\/p>\n<h3>Particularit\u0103\u021bi<\/h3>\n<ul>\n<li>Glug\u0103 confortabil\u0103<\/li>\n<li>Man\u0219ete \u0219i partea de jos elastice<\/li>\n<li>2 buzunare laterale cu fermoar<\/li>\n<li>Elemente reflectorizante<\/li>\n<li>Materiale prietenoase cu mediul \u00eenconjur\u0103tor.<\/li>\n<\/ul>\n<h3>Caracteristici<\/h3>\n<ul>\n<li>Material &#8212; 100% poliamid\u0103 reciclat\u0103<\/li>\n<li>Izola\u021bie &#8212; Primaloft\u00ae Gold<\/li>\n<li>Destina\u021bie &#8212; activit\u0103\u021bi \u00een aer liber\/tracking\/turism\/activit\u0103\u021bi urbane<\/li>\n<li>Model - b\u0103rba\u021bi.<\/li>\n<\/ul>\n<h3>Tehnologie<\/h3>\n<ul>\n<li><strong>Primaloft<\/strong>\u00ae <strong>Gold<\/strong> &#8212; este o izola\u021bie de referin\u021b\u0103 care vine \u00een ajutor \u00een cele mai extreme condi\u021bii. Microfibrele re\u021bin c\u0103ldura \u00een interiorul materialului, p\u0103str\u00e2nd aceast\u0103 proprietate cu p\u00e2n\u0103 la 98% atunci c\u00e2nd este umed. \u00cen plus, izola\u021bia se caracterizeaz\u0103 prin moliciune, respirabilitate \u0219i u\u0219urin\u021b\u0103 de \u00eempachetare de neegalat.<\/li>\n<li><strong>POLARTEC<\/strong>\u00ae <strong>Power Stretch<\/strong>\u00ae <strong>Pro<\/strong> &#8212; este un nou nivel al \u021bes\u0103turilor elastice Polartec\u00ae de baz\u0103. Partea exterioar\u0103 a \u021bes\u0103turii este \u00eent\u0103rit\u0103 cu fibre de nailon, ceea ce confer\u0103 o elasticitate \u0219i mai mare \u00een 4 direc\u021bii, pentru o sus\u021binere excelent\u0103 \u0219i durabilitate a materialului \u00een timpul activit\u0103\u021bii fizice. Structura unic\u0103 a crescut elasticitatea \u0219i durabilitatea \u021bes\u0103turii, men\u021bin\u00e2nd \u00een acela\u0219i timp respirabilitatea \u0219i confortul.<br \/>\nMaterialul re\u021bine c\u0103ldura f\u0103r\u0103 a restric\u021biona libertatea de mi\u0219care \u00een timpul activit\u0103\u021bii fizice. Suprafa\u021ba exterioar\u0103 este f\u0103cut\u0103 mai neted\u0103 pentru a reduce frecarea \u0219i riscul de deteriorare atunci c\u00e2nd este purtat\u0103 cu alte straturi de \u00eembr\u0103c\u0103minte. Stratul interior, aflat \u00een contact direct cu pielea, r\u0103m\u00e2ne uscat \u0219i respirabil, elimin\u00e2nd continuu vaporii de umiditate pentru o evaporare rapid\u0103.<\/li>\n<\/ul>\n<h3>Marca<\/h3>\n<p>VIKING este o marc\u0103 polonez\u0103 de \u00eembr\u0103c\u0103minte sportiv\u0103 care opereaz\u0103 cu succes pe pia\u021ba polonez\u0103 de mul\u021bi ani \u0219i este distribuitor al m\u0103rcilor sportive globale. A fost \u00eenfiin\u021bat\u0103 \u00een 1996, la acea vreme fiind produse doar dou\u0103 categorii de produse: m\u0103nu\u0219i de schi \u0219i m\u0103nu\u0219i de snowboard. \u00cenc\u0103 de la \u00eenceput, au fost definite principiile care ghideaz\u0103 compania p\u00e2n\u0103 \u00een prezent: selectarea materialelor moderne, performan\u021b\u0103 de \u00eenalt\u0103 calitate, func\u021bionalitate, precum \u0219i conformitatea designului cu cele mai recente tendin\u021be ale modei sportive.<\/p>\n<p>Prestigiul m\u0103rcii a crescut propor\u021bional cu participarea sa pe pia\u021ba polonez\u0103 de accesorii sportive, r\u0103m\u00e2n\u00e2nd lider pentru o perioad\u0103 foarte lung\u0103 de timp. \u00cen plus, produsele Viking sunt disponibile \u00een Ucraina, Slovacia \u0219i Moldova, precum \u0219i \u00een Rusia, Spania, Fran\u021ba, Republica Ceh\u0103, Serbia \u0219i Germania. Viking \u00eembin\u0103 pasiunea, solu\u021biile tehnologice moderne \u0219i cele mai relevante, f\u0103r\u0103 nicio limit\u0103.<\/p>\n<p><\/p>","protected":false},"excerpt":{"rendered":"","protected":false},"featured_media":64966,"comment_status":"open","ping_status":"closed","template":"","meta":{"_acf_changed":false,"inline_featured_image":false},"product_brand":[1314],"product_cat":[908],"product_tag":[],"class_list":{"0":"post-63545","1":"product","2":"type-product","3":"status-publish","4":"has-post-thumbnail","6":"product_brand-viking","7":"product_cat-city-scurta-barbati","9":"first","10":"outofstock","11":"shipping-taxable","12":"product-type-simple"},"acf":[],"yoast_head":"<!-- This site is optimized with the Yoast SEO plugin v27.4 - https:\/\/yoast.com\/product\/yoast-seo-wordpress\/ -->\n<title>\u041a\u0443\u0440\u0442\u043a\u0430 Viking Bart Warm Pro 750\/24\/3231\/0900 - \u041c\u0430\u0433\u0430\u0437\u0438\u043d Xstyle<\/title>\n<meta name=\"description\" content=\"\u041a\u0443\u0440\u0442\u043a\u0430 Viking Bart Warm Pro 750\/24\/3231\/0900 \u0438\u0437 Polartec Power Stretch \u0438 PrimaLoft Gold - \u0438\u0434\u0435\u0430\u043b\u044c\u043d\u0430 \u0434\u043b\u044f \u0430\u043a\u0442\u0438\u0432\u043d\u043e\u0433\u043e \u043e\u0442\u0434\u044b\u0445\u0430 \u0438 \u043f\u043e\u0432\u0441\u0435\u0434\u043d\u0435\u0432\u043d\u043e\u0439 \u043d\u043e\u0441\u043a\u0438.\" \/>\n<meta name=\"robots\" content=\"index, follow, max-snippet:-1, max-image-preview:large, max-video-preview:-1\" \/>\n<link rel=\"canonical\" href=\"https:\/\/xstyle.md\/ro\/produs\/kurtka-viking-bart-warm-pro-750-24-3231-0900\/\" \/>\n<meta property=\"og:locale\" content=\"ro_RO\" \/>\n<meta property=\"og:type\" content=\"article\" \/>\n<meta property=\"og:title\" content=\"\u041a\u0443\u0440\u0442\u043a\u0430 Viking Bart Warm Pro 750\/24\/3231\/0900 - \u041c\u0430\u0433\u0430\u0437\u0438\u043d Xstyle\" \/>\n<meta property=\"og:description\" content=\"\u041a\u0443\u0440\u0442\u043a\u0430 Viking Bart Warm Pro 750\/24\/3231\/0900 \u0438\u0437 Polartec Power Stretch \u0438 PrimaLoft Gold - \u0438\u0434\u0435\u0430\u043b\u044c\u043d\u0430 \u0434\u043b\u044f \u0430\u043a\u0442\u0438\u0432\u043d\u043e\u0433\u043e \u043e\u0442\u0434\u044b\u0445\u0430 \u0438 \u043f\u043e\u0432\u0441\u0435\u0434\u043d\u0435\u0432\u043d\u043e\u0439 \u043d\u043e\u0441\u043a\u0438.\" \/>\n<meta property=\"og:url\" content=\"https:\/\/xstyle.md\/ro\/produs\/kurtka-viking-bart-warm-pro-750-24-3231-0900\/\" \/>\n<meta property=\"og:site_name\" content=\"\u041c\u0430\u0433\u0430\u0437\u0438\u043d Xstyle\" \/>\n<meta property=\"article:publisher\" content=\"https:\/\/www.facebook.com\/xstylemd\" \/>\n<meta property=\"article:modified_time\" content=\"2025-10-22T14:25:15+00:00\" \/>\n<meta property=\"og:image\" content=\"https:\/\/xstyle.md\/wp-content\/uploads\/2023\/01\/viking-bart-warm-pro-09.jpg\" \/>\n\t<meta property=\"og:image:width\" content=\"2001\" \/>\n\t<meta property=\"og:image:height\" content=\"2000\" \/>\n\t<meta property=\"og:image:type\" content=\"image\/jpeg\" \/>\n<meta name=\"twitter:card\" content=\"summary_large_image\" \/>\n<meta name=\"twitter:label1\" content=\"Pre\u021b\" \/>\n\t<meta name=\"twitter:data1\" content=\"2.580&nbsp;MDL\" \/>\n\t<meta name=\"twitter:label2\" content=\"Disponibilitate\" \/>\n\t<meta name=\"twitter:data2\" content=\"Stoc epuizat\" \/>\n<script type=\"application\/ld+json\" class=\"yoast-schema-graph\">{\"@context\":\"https:\\\/\\\/schema.org\",\"@graph\":[{\"@type\":\"WebPage\",\"@id\":\"https:\\\/\\\/xstyle.md\\\/product\\\/kurtka-viking-bart-warm-pro-750-24-3231-0900\\\/\",\"url\":\"https:\\\/\\\/xstyle.md\\\/product\\\/kurtka-viking-bart-warm-pro-750-24-3231-0900\\\/\",\"name\":\"\u041a\u0443\u0440\u0442\u043a\u0430 Viking Bart Warm Pro 750\\\/24\\\/3231\\\/0900 - \u041c\u0430\u0433\u0430\u0437\u0438\u043d Xstyle\",\"isPartOf\":{\"@id\":\"https:\\\/\\\/xstyle.md\\\/#website\"},\"primaryImageOfPage\":{\"@id\":\"https:\\\/\\\/xstyle.md\\\/product\\\/kurtka-viking-bart-warm-pro-750-24-3231-0900\\\/#primaryimage\"},\"image\":{\"@id\":\"https:\\\/\\\/xstyle.md\\\/product\\\/kurtka-viking-bart-warm-pro-750-24-3231-0900\\\/#primaryimage\"},\"thumbnailUrl\":\"https:\\\/\\\/xstyle.md\\\/wp-content\\\/uploads\\\/2023\\\/01\\\/viking-bart-warm-pro-09.jpg\",\"datePublished\":\"2023-01-25T10:47:20+00:00\",\"dateModified\":\"2025-10-22T14:25:15+00:00\",\"description\":\"\u041a\u0443\u0440\u0442\u043a\u0430 Viking Bart Warm Pro 750\\\/24\\\/3231\\\/0900 \u0438\u0437 Polartec Power Stretch \u0438 PrimaLoft Gold - \u0438\u0434\u0435\u0430\u043b\u044c\u043d\u0430 \u0434\u043b\u044f \u0430\u043a\u0442\u0438\u0432\u043d\u043e\u0433\u043e \u043e\u0442\u0434\u044b\u0445\u0430 \u0438 \u043f\u043e\u0432\u0441\u0435\u0434\u043d\u0435\u0432\u043d\u043e\u0439 \u043d\u043e\u0441\u043a\u0438.\",\"breadcrumb\":{\"@id\":\"https:\\\/\\\/xstyle.md\\\/product\\\/kurtka-viking-bart-warm-pro-750-24-3231-0900\\\/#breadcrumb\"},\"inLanguage\":\"ro-RO\",\"potentialAction\":[{\"@type\":\"ReadAction\",\"target\":[\"https:\\\/\\\/xstyle.md\\\/product\\\/kurtka-viking-bart-warm-pro-750-24-3231-0900\\\/\"]}]},{\"@type\":\"ImageObject\",\"inLanguage\":\"ro-RO\",\"@id\":\"https:\\\/\\\/xstyle.md\\\/product\\\/kurtka-viking-bart-warm-pro-750-24-3231-0900\\\/#primaryimage\",\"url\":\"https:\\\/\\\/xstyle.md\\\/wp-content\\\/uploads\\\/2023\\\/01\\\/viking-bart-warm-pro-09.jpg\",\"contentUrl\":\"https:\\\/\\\/xstyle.md\\\/wp-content\\\/uploads\\\/2023\\\/01\\\/viking-bart-warm-pro-09.jpg\",\"width\":1920,\"height\":1920,\"caption\":\"\u0422\u0435\u043f\u043b\u0430\u044f \u043a\u0443\u0440\u0442\u043a\u0430 Viking Bart Warm Pro \u0434\u043b\u044f \u0430\u043a\u0442\u0438\u0432\u043d\u043e\u0433\u043e \u043e\u0442\u0434\u044b\u0445\u0430, \u043f\u0443\u0442\u0435\u0448\u0435\u0441\u0442\u0432\u0438\u0439 \u0438 \u0445\u0430\u0439\u043a\u0438\u043d\u0433\u0430, \u043e\u0431\u0443\u0432\u044c \u0438 \u044d\u043a\u0438\u043f\u0438\u0440\u043e\u0432\u043a\u0430 \u0434\u043b\u044f \u0430\u043b\u044c\u043f\u0438\u043d\u0438\u0437\u043c\u0430 \u0438 \u0442\u0443\u0440\u0438\u0437\u043c\u0430 \u0432 \u0438\u043d\u0442\u0435\u0440\u043d\u0435\u0442-\u043c\u0430\u0433\u0430\u0437\u0438\u043d\u0435\"},{\"@type\":\"BreadcrumbList\",\"@id\":\"https:\\\/\\\/xstyle.md\\\/product\\\/kurtka-viking-bart-warm-pro-750-24-3231-0900\\\/#breadcrumb\",\"itemListElement\":[{\"@type\":\"ListItem\",\"position\":1,\"name\":\"\u0413\u043b\u0430\u0432\u043d\u0430\u044f \u0441\u0442\u0440\u0430\u043d\u0438\u0446\u0430\",\"item\":\"https:\\\/\\\/xstyle.md\\\/\"},{\"@type\":\"ListItem\",\"position\":2,\"name\":\"\u041c\u0430\u0433\u0430\u0437\u0438\u043d\",\"item\":\"https:\\\/\\\/xstyle.md\\\/shop\\\/\"},{\"@type\":\"ListItem\",\"position\":3,\"name\":\"\u041a\u0443\u0440\u0442\u043a\u0430 Viking Bart Warm Pro 750\\\/24\\\/3231\\\/0900\"}]},{\"@type\":\"WebSite\",\"@id\":\"https:\\\/\\\/xstyle.md\\\/#website\",\"url\":\"https:\\\/\\\/xstyle.md\\\/\",\"name\":\"\u041c\u0430\u0433\u0430\u0437\u0438\u043d Xstyle\",\"description\":\"C\u043d\u0430\u0440\u044f\u0436\u0435\u043d\u0438\u0435 \u0434\u043b\u044f \u0442\u0443\u0440\u0438\u0437\u043c\u0430 \u0438 \u044d\u043a\u0441\u0442\u0440\u0435\u043c\u0430\u043b\u044c\u043d\u044b\u0445 \u0432\u0438\u0434\u043e\u0432 \u0441\u043f\u043e\u0440\u0442\u0430 \u0432 \u041c\u043e\u043b\u0434\u043e\u0432\u0435.. \u0426\u0435\u043d\u044b, \u0444\u043e\u0442\u043e, \u0445\u0430\u0440\u0430\u043a\u0442\u0435\u0440\u0438\u0441\u0442\u0438\u043a\u0438 \u0432 \u041c\u043e\u043b\u0434\u043e\u0432\u0435.\",\"publisher\":{\"@id\":\"https:\\\/\\\/xstyle.md\\\/#organization\"},\"alternateName\":\"X-Style\",\"potentialAction\":[{\"@type\":\"SearchAction\",\"target\":{\"@type\":\"EntryPoint\",\"urlTemplate\":\"https:\\\/\\\/xstyle.md\\\/?s={search_term_string}\"},\"query-input\":{\"@type\":\"PropertyValueSpecification\",\"valueRequired\":true,\"valueName\":\"search_term_string\"}}],\"inLanguage\":\"ro-RO\"},{\"@type\":\"Organization\",\"@id\":\"https:\\\/\\\/xstyle.md\\\/#organization\",\"name\":\"\u041c\u0430\u0433\u0430\u0437\u0438\u043d Xstyle\",\"alternateName\":\"x-style\",\"url\":\"https:\\\/\\\/xstyle.md\\\/\",\"logo\":{\"@type\":\"ImageObject\",\"inLanguage\":\"ro-RO\",\"@id\":\"https:\\\/\\\/xstyle.md\\\/#\\\/schema\\\/logo\\\/image\\\/\",\"url\":\"https:\\\/\\\/xstyle.md\\\/wp-content\\\/uploads\\\/2020\\\/06\\\/logoicon.svg\",\"contentUrl\":\"https:\\\/\\\/xstyle.md\\\/wp-content\\\/uploads\\\/2020\\\/06\\\/logoicon.svg\",\"caption\":\"\u041c\u0430\u0433\u0430\u0437\u0438\u043d Xstyle\"},\"image\":{\"@id\":\"https:\\\/\\\/xstyle.md\\\/#\\\/schema\\\/logo\\\/image\\\/\"},\"sameAs\":[\"https:\\\/\\\/www.facebook.com\\\/xstylemd\",\"https:\\\/\\\/www.instagram.com\\\/xstyle_md\\\/\",\"https:\\\/\\\/t.me\\\/xstyle_outdoor\"],\"hasMerchantReturnPolicy\":{\"@type\":\"MerchantReturnPolicy\",\"merchantReturnLink\":\"https:\\\/\\\/xstyle.md\\\/ro\\\/conditions\\\/\"}}]}<\/script>\n<meta property=\"product:price:amount\" content=\"2580.00\" \/>\n<meta property=\"product:price:currency\" content=\"MDL\" \/>\n<meta property=\"og:availability\" content=\"out of stock\" \/>\n<meta property=\"product:availability\" content=\"out of stock\" \/>\n<meta property=\"product:retailer_item_id\" content=\"5901115811558\" \/>\n<meta property=\"product:condition\" content=\"new\" \/>\n<!-- \/ Yoast SEO plugin. -->","yoast_head_json":{"title":"Geac\u0103 Viking Bart Warm Pro 750\/24\/3231\/0900 - Magazin Xstyle","description":"Jacheta Viking Bart Warm Pro 750\/24\/3231\/0900 din Polartec Power Stretch \u0219i PrimaLoft Gold este ideal\u0103 pentru activit\u0103\u021bi \u00een aer liber \u0219i uz cotidian.","robots":{"index":"index","follow":"follow","max-snippet":"max-snippet:-1","max-image-preview":"max-image-preview:large","max-video-preview":"max-video-preview:-1"},"canonical":"https:\/\/xstyle.md\/ro\/produs\/kurtka-viking-bart-warm-pro-750-24-3231-0900\/","og_locale":"ro_RO","og_type":"article","og_title":"\u041a\u0443\u0440\u0442\u043a\u0430 Viking Bart Warm Pro 750\/24\/3231\/0900 - \u041c\u0430\u0433\u0430\u0437\u0438\u043d Xstyle","og_description":"\u041a\u0443\u0440\u0442\u043a\u0430 Viking Bart Warm Pro 750\/24\/3231\/0900 \u0438\u0437 Polartec Power Stretch \u0438 PrimaLoft Gold - \u0438\u0434\u0435\u0430\u043b\u044c\u043d\u0430 \u0434\u043b\u044f \u0430\u043a\u0442\u0438\u0432\u043d\u043e\u0433\u043e \u043e\u0442\u0434\u044b\u0445\u0430 \u0438 \u043f\u043e\u0432\u0441\u0435\u0434\u043d\u0435\u0432\u043d\u043e\u0439 \u043d\u043e\u0441\u043a\u0438.","og_url":"https:\/\/xstyle.md\/ro\/produs\/kurtka-viking-bart-warm-pro-750-24-3231-0900\/","og_site_name":"\u041c\u0430\u0433\u0430\u0437\u0438\u043d Xstyle","article_publisher":"https:\/\/www.facebook.com\/xstylemd","article_modified_time":"2025-10-22T14:25:15+00:00","og_image":[{"width":2001,"height":2000,"url":"https:\/\/xstyle.md\/wp-content\/uploads\/2023\/01\/viking-bart-warm-pro-09.jpg","type":"image\/jpeg"}],"twitter_card":"summary_large_image","twitter_misc":{"Pre\u021b":"2.580&nbsp;MDL","Disponibilitate":"Stoc epuizat"},"schema":{"@context":"https:\/\/schema.org","@graph":[{"@type":"WebPage","@id":"https:\/\/xstyle.md\/product\/kurtka-viking-bart-warm-pro-750-24-3231-0900\/","url":"https:\/\/xstyle.md\/product\/kurtka-viking-bart-warm-pro-750-24-3231-0900\/","name":"Geac\u0103 Viking Bart Warm Pro 750\/24\/3231\/0900 - Magazin Xstyle","isPartOf":{"@id":"https:\/\/xstyle.md\/#website"},"primaryImageOfPage":{"@id":"https:\/\/xstyle.md\/product\/kurtka-viking-bart-warm-pro-750-24-3231-0900\/#primaryimage"},"image":{"@id":"https:\/\/xstyle.md\/product\/kurtka-viking-bart-warm-pro-750-24-3231-0900\/#primaryimage"},"thumbnailUrl":"https:\/\/xstyle.md\/wp-content\/uploads\/2023\/01\/viking-bart-warm-pro-09.jpg","datePublished":"2023-01-25T10:47:20+00:00","dateModified":"2025-10-22T14:25:15+00:00","description":"Jacheta Viking Bart Warm Pro 750\/24\/3231\/0900 din Polartec Power Stretch \u0219i PrimaLoft Gold este ideal\u0103 pentru activit\u0103\u021bi \u00een aer liber \u0219i uz cotidian.","breadcrumb":{"@id":"https:\/\/xstyle.md\/product\/kurtka-viking-bart-warm-pro-750-24-3231-0900\/#breadcrumb"},"inLanguage":"ro-RO","potentialAction":[{"@type":"ReadAction","target":["https:\/\/xstyle.md\/product\/kurtka-viking-bart-warm-pro-750-24-3231-0900\/"]}]},{"@type":"ImageObject","inLanguage":"ro-RO","@id":"https:\/\/xstyle.md\/product\/kurtka-viking-bart-warm-pro-750-24-3231-0900\/#primaryimage","url":"https:\/\/xstyle.md\/wp-content\/uploads\/2023\/01\/viking-bart-warm-pro-09.jpg","contentUrl":"https:\/\/xstyle.md\/wp-content\/uploads\/2023\/01\/viking-bart-warm-pro-09.jpg","width":1920,"height":1920,"caption":"\u0422\u0435\u043f\u043b\u0430\u044f \u043a\u0443\u0440\u0442\u043a\u0430 Viking Bart Warm Pro \u0434\u043b\u044f \u0430\u043a\u0442\u0438\u0432\u043d\u043e\u0433\u043e \u043e\u0442\u0434\u044b\u0445\u0430, \u043f\u0443\u0442\u0435\u0448\u0435\u0441\u0442\u0432\u0438\u0439 \u0438 \u0445\u0430\u0439\u043a\u0438\u043d\u0433\u0430, \u043e\u0431\u0443\u0432\u044c \u0438 \u044d\u043a\u0438\u043f\u0438\u0440\u043e\u0432\u043a\u0430 \u0434\u043b\u044f \u0430\u043b\u044c\u043f\u0438\u043d\u0438\u0437\u043c\u0430 \u0438 \u0442\u0443\u0440\u0438\u0437\u043c\u0430 \u0432 \u0438\u043d\u0442\u0435\u0440\u043d\u0435\u0442-\u043c\u0430\u0433\u0430\u0437\u0438\u043d\u0435"},{"@type":"BreadcrumbList","@id":"https:\/\/xstyle.md\/product\/kurtka-viking-bart-warm-pro-750-24-3231-0900\/#breadcrumb","itemListElement":[{"@type":"ListItem","position":1,"name":"\u0413\u043b\u0430\u0432\u043d\u0430\u044f \u0441\u0442\u0440\u0430\u043d\u0438\u0446\u0430","item":"https:\/\/xstyle.md\/"},{"@type":"ListItem","position":2,"name":"\u041c\u0430\u0433\u0430\u0437\u0438\u043d","item":"https:\/\/xstyle.md\/shop\/"},{"@type":"ListItem","position":3,"name":"\u041a\u0443\u0440\u0442\u043a\u0430 Viking Bart Warm Pro 750\/24\/3231\/0900"}]},{"@type":"WebSite","@id":"https:\/\/xstyle.md\/#website","url":"https:\/\/xstyle.md\/","name":"Magazinul X-Style","description":"Echipamente pentru turism \u0219i sporturi extreme \u00een Moldova. Pre\u021buri, fotografii, caracteristici \u00een Moldova.","publisher":{"@id":"https:\/\/xstyle.md\/#organization"},"alternateName":"X-Style","potentialAction":[{"@type":"SearchAction","target":{"@type":"EntryPoint","urlTemplate":"https:\/\/xstyle.md\/?s={search_term_string}"},"query-input":{"@type":"PropertyValueSpecification","valueRequired":true,"valueName":"search_term_string"}}],"inLanguage":"ro-RO"},{"@type":"Organization","@id":"https:\/\/xstyle.md\/#organization","name":"Magazinul X-Style","alternateName":"x-style","url":"https:\/\/xstyle.md\/","logo":{"@type":"ImageObject","inLanguage":"ro-RO","@id":"https:\/\/xstyle.md\/#\/schema\/logo\/image\/","url":"https:\/\/xstyle.md\/wp-content\/uploads\/2020\/06\/logoicon.svg","contentUrl":"https:\/\/xstyle.md\/wp-content\/uploads\/2020\/06\/logoicon.svg","caption":"\u041c\u0430\u0433\u0430\u0437\u0438\u043d Xstyle"},"image":{"@id":"https:\/\/xstyle.md\/#\/schema\/logo\/image\/"},"sameAs":["https:\/\/www.facebook.com\/xstylemd","https:\/\/www.instagram.com\/xstyle_md\/","https:\/\/t.me\/xstyle_outdoor"],"hasMerchantReturnPolicy":{"@type":"MerchantReturnPolicy","merchantReturnLink":"https:\/\/xstyle.md\/ro\/conditions\/"}}]},"product_price_amount":"2580.00","product_price_currency":"MDL","og_availability":"out of stock","product_availability":"out of stock","product_retailer_item_id":"5901115811558","product_condition":"new"},"_links":{"self":[{"href":"https:\/\/xstyle.md\/ro\/wp-json\/wp\/v2\/product\/63545","targetHints":{"allow":["GET"]}}],"collection":[{"href":"https:\/\/xstyle.md\/ro\/wp-json\/wp\/v2\/product"}],"about":[{"href":"https:\/\/xstyle.md\/ro\/wp-json\/wp\/v2\/types\/product"}],"replies":[{"embeddable":true,"href":"https:\/\/xstyle.md\/ro\/wp-json\/wp\/v2\/comments?post=63545"}],"wp:featuredmedia":[{"embeddable":true,"href":"https:\/\/xstyle.md\/ro\/wp-json\/wp\/v2\/media\/64966"}],"wp:attachment":[{"href":"https:\/\/xstyle.md\/ro\/wp-json\/wp\/v2\/media?parent=63545"}],"wp:term":[{"taxonomy":"product_brand","embeddable":true,"href":"https:\/\/xstyle.md\/ro\/wp-json\/wp\/v2\/product_brand?post=63545"},{"taxonomy":"product_cat","embeddable":true,"href":"https:\/\/xstyle.md\/ro\/wp-json\/wp\/v2\/product_cat?post=63545"},{"taxonomy":"product_tag","embeddable":true,"href":"https:\/\/xstyle.md\/ro\/wp-json\/wp\/v2\/product_tag?post=63545"}],"curies":[{"name":"wp","href":"https:\/\/api.w.org\/{rel}","templated":true}]}}