{"id":6354,"date":"2020-07-16T21:35:39","date_gmt":"2020-07-16T18:35:39","guid":{"rendered":"https:\/\/xstyle.md\/product\/palatka-msr-elixir-3"},"modified":"2026-03-19T16:33:38","modified_gmt":"2026-03-19T13:33:38","slug":"palatka-msr-elixir-3","status":"publish","type":"product","link":"https:\/\/xstyle.md\/ro\/produs\/palatka-msr-elixir-3\/","title":{"rendered":"Cort MSR Elixir 3"},"content":{"rendered":"<\/p>\n<p><strong>MSR&reg; Elixir&trade; 3<\/strong> este un cort de 3 anotimpuri pentru trei persoane av&acirc;nd un raport greutate\/spa\u021biu util foarte bun. Cel mai bun pre\u021b in categoria sa raportat la calitate si performante, recomandat celor condi\u021bionati de buget.<\/p>\n<p><strong>Caracteristici<\/strong><\/p>\n<ul>\n<li>Structura de rezisten\u021b\u0103 realizat\u0103 cu 3 bete din aluminiu<\/li>\n<li>Tenda este confec\u021bionat\u0103 din \u021bes\u0103tura de poliester ripstop peliculizat\u0103 profesional cu poliuretan \u0219i silicon<\/li>\n<li>Cortul este confec\u021bionat din \u021besatur\u0103 din nailon ripstop \u0219i plas\u0103<\/li>\n<li>Plasa asigur\u0103 o bun\u0103 ventilare \u0219i &icirc;mpiedic\u0103 formarea condensului<\/li>\n<li>Talpa &icirc;n form\u0103 de &#171;cada de baie&#187; este confec\u021bionat\u0103 din \u021bes\u0103tur\u0103 de nailon taffeta peliculizat\u0103 profesional cu poliuretan \u0219i silicon<\/li>\n<li>Tratamentul Durashield&trade; aplicat tendei \u0219i t\u0103lpii cortului &icirc;mbun\u0103t\u0103\u021be\u0219te performan\u021bele fa\u021b\u0103 de alte modelele, m\u0103rind rezisten\u021ba la solicit\u0103ri mecanice \u0219i la razele ultraviolete<\/li>\n<li>Toate cus\u0103turile sunt sigilate cu band\u0103 special\u0103<\/li>\n<li>Abside spa\u021bioase pentru stocarea echipamentului<\/li>\n<li>Intr\u0103ri mari pentru acces u\u0219or \u0219i rapid<\/li>\n<li>Fermoare tratate s\u0103 resping\u0103 apa<\/li>\n<li>Ancore reflectorizante<\/li>\n<li>Buzunare interioare din plas\u0103<\/li>\n<li>Se poate monta &icirc;n trei configura\u021bii diferite: cort \u0219i tenda, ad\u0103post u\u0219or realizat din tenda, be\u021be \u0219i protectia suplimentara la sol, adapost minimal realizat din tenda si bete<\/li>\n<li>Se livreaz\u0103 cu protec\u021bie suplimentar\u0103 la sol<\/li>\n<\/ul>\n<div><strong>Specifica\u021bii:<\/strong><\/div>\n<div><strong><br \/><\/strong><\/div>\n<div>\n<table border=\"0\">\n<tbody>\n<tr>\n<td>Seria\/Activitate<\/td>\n<td>ULTRA LIGHT<\/td>\n<\/tr>\n<tr>\n<td>Anotimp<\/td>\n<td>3 anotimpuri<\/td>\n<\/tr>\n<tr>\n<td colspan=\"2\">Greutate:<\/td>\n<\/tr>\n<tr>\n<td>Greutate minim\u0103<\/td>\n<td>1.91 kg<\/td>\n<\/tr>\n<tr>\n<td>Greutate maxim\u0103<\/td>\n<td>3.20 kg<\/td>\n<\/tr>\n<tr>\n<td colspan=\"2\">Dimensiuni:<\/td>\n<\/tr>\n<tr>\n<td>Dimensiuni interior\/Compartiment dormit&nbsp;&nbsp;<\/td>\n<td>127 x 213 x 102 cm<\/td>\n<\/tr>\n<tr>\n<td>&Icirc;n\u0103l\u021bime interioar\u0103<\/td>\n<td>104 cm<\/td>\n<\/tr>\n<tr>\n<td>&Icirc;mpachetat<\/td>\n<td>51 x 20 x 20 cm<\/td>\n<\/tr>\n<tr>\n<td colspan=\"2\">Material:&nbsp;<\/td>\n<\/tr>\n<tr>\n<td>Interior\/tent<\/td>\n<td>40D Ripstop Nylon, \u0441\u0435\u0442\u043a\u0430- 20D Nylon micromesh<\/td>\n<\/tr>\n<tr>\n<td>Exterior\/cort<\/td>\n<td><span>68 D Ripstop Polyester&nbsp;<\/span><\/td>\n<\/tr>\n<tr>\n<td>Baz\u0103<\/td>\n<td>Nylon Durashield<\/td>\n<\/tr>\n<tr>\n<td>Be\u021be<\/td>\n<td>\u0410luminium<\/td>\n<\/tr>\n<tr>\n<td>\n<p>Rezisten\u021ba la ap\u0103 tent<\/p>\n<\/td>\n<td>1500 mm<\/td>\n<\/tr>\n<tr>\n<td>\n<p>Rezisten\u021ba la ap\u0103 baz\u0103<\/p>\n<\/td>\n<td>3000 mm<\/td>\n<\/tr>\n<tr>\n<td>Locuri<\/td>\n<td>3+1<\/td>\n<\/tr>\n<tr>\n<td>Intr\u0103ri<\/td>\n<td>2<\/td>\n<\/tr>\n<\/tbody>\n<\/table>\n<\/div>\n<div>&nbsp;<\/div>\n<p><iframe loading=\"lazy\" title=\"MSR Elixir 3\" width=\"640\" height=\"360\" src=\"https:\/\/www.youtube.com\/embed\/vyB55dPkdr4?feature=oembed\" frameborder=\"0\" allow=\"accelerometer; autoplay; clipboard-write; encrypted-media; gyroscope; picture-in-picture; web-share\" referrerpolicy=\"strict-origin-when-cross-origin\" allowfullscreen><\/iframe><\/p>\n<p><\/p>","protected":false},"excerpt":{"rendered":"<p>Cort MSR Elixir 3<\/p>","protected":false},"featured_media":6345,"comment_status":"open","ping_status":"closed","template":"","meta":{"_acf_changed":false,"inline_featured_image":false},"product_brand":[1279],"product_cat":[77],"product_tag":[],"class_list":{"0":"post-6354","1":"product","2":"type-product","3":"status-publish","4":"has-post-thumbnail","6":"product_brand-msr","7":"product_cat-corturi-triple","9":"first","10":"instock","11":"shipping-taxable","12":"purchasable","13":"product-type-simple"},"acf":[],"yoast_head":"<!-- This site is optimized with the Yoast SEO plugin v27.2 - https:\/\/yoast.com\/product\/yoast-seo-wordpress\/ -->\n<title>\u041f\u0430\u043b\u0430\u0442\u043a\u0430 MSR Elixir 3 Green - \u041c\u0430\u0433\u0430\u0437\u0438\u043d Xstyle<\/title>\n<meta name=\"description\" content=\"\u041f\u0430\u043b\u0430\u0442\u043a\u0430 MSR Elixir 3 Green - \u0438\u0434\u0435\u0430\u043b\u044c\u043d\u044b\u0439 \u0432\u044b\u0431\u043e\u0440 \u0434\u043b\u044f \u0442\u0440\u0435\u0445 \u0447\u0435\u043b\u043e\u0432\u0435\u043a \u043d\u0430 \u043b\u044e\u0431\u044b\u0435 \u0442\u0440\u0438 \u0441\u0435\u0437\u043e\u043d\u0430. \u041b\u0435\u0433\u043a\u0430\u044f, \u043f\u0440\u043e\u0447\u043d\u0430\u044f \u0438 \u043a\u043e\u043c\u0444\u043e\u0440\u0442\u043d\u0430\u044f. \u0423\u0437\u043d\u0430\u0439\u0442\u0435 \u0431\u043e\u043b\u044c\u0448\u0435 \u0438 \u043f\u043e\u043a\u0443\u043f\u0430\u0439\u0442\u0435 \u0441\u0435\u0439\u0447\u0430\u0441!\" \/>\n<meta name=\"robots\" content=\"index, follow, max-snippet:-1, max-image-preview:large, max-video-preview:-1\" \/>\n<link rel=\"canonical\" href=\"https:\/\/xstyle.md\/ro\/produs\/palatka-msr-elixir-3\/\" \/>\n<meta property=\"og:locale\" content=\"ro_RO\" \/>\n<meta property=\"og:type\" content=\"article\" \/>\n<meta property=\"og:title\" content=\"\u041f\u0430\u043b\u0430\u0442\u043a\u0430 MSR Elixir 3 Green - \u041c\u0430\u0433\u0430\u0437\u0438\u043d Xstyle\" \/>\n<meta property=\"og:description\" content=\"\u041f\u0430\u043b\u0430\u0442\u043a\u0430 MSR Elixir 3 Green - \u0438\u0434\u0435\u0430\u043b\u044c\u043d\u044b\u0439 \u0432\u044b\u0431\u043e\u0440 \u0434\u043b\u044f \u0442\u0440\u0435\u0445 \u0447\u0435\u043b\u043e\u0432\u0435\u043a \u043d\u0430 \u043b\u044e\u0431\u044b\u0435 \u0442\u0440\u0438 \u0441\u0435\u0437\u043e\u043d\u0430. \u041b\u0435\u0433\u043a\u0430\u044f, \u043f\u0440\u043e\u0447\u043d\u0430\u044f \u0438 \u043a\u043e\u043c\u0444\u043e\u0440\u0442\u043d\u0430\u044f. \u0423\u0437\u043d\u0430\u0439\u0442\u0435 \u0431\u043e\u043b\u044c\u0448\u0435 \u0438 \u043f\u043e\u043a\u0443\u043f\u0430\u0439\u0442\u0435 \u0441\u0435\u0439\u0447\u0430\u0441!\" \/>\n<meta property=\"og:url\" content=\"https:\/\/xstyle.md\/ro\/produs\/palatka-msr-elixir-3\/\" \/>\n<meta property=\"og:site_name\" content=\"\u041c\u0430\u0433\u0430\u0437\u0438\u043d Xstyle\" \/>\n<meta property=\"article:publisher\" content=\"https:\/\/www.facebook.com\/xstylemd\" \/>\n<meta property=\"article:modified_time\" content=\"2026-03-19T13:33:38+00:00\" \/>\n<meta property=\"og:image\" content=\"https:\/\/xstyle.md\/wp-content\/uploads\/2020\/07\/1b11a62d26a511e880c9901b0e95a2a8_34f19905a35511e980ca901b0e95a2a8.jpg\" \/>\n\t<meta property=\"og:image:width\" content=\"570\" \/>\n\t<meta property=\"og:image:height\" content=\"339\" \/>\n\t<meta property=\"og:image:type\" content=\"image\/jpeg\" \/>\n<meta name=\"twitter:card\" content=\"summary_large_image\" \/>\n<meta name=\"twitter:label1\" content=\"Pre\u021b\" \/>\n\t<meta name=\"twitter:data1\" content=\"9.790&nbsp;MDL\" \/>\n\t<meta name=\"twitter:label2\" content=\"Disponibilitate\" \/>\n\t<meta name=\"twitter:data2\" content=\"\u00cen stoc\" \/>\n<script type=\"application\/ld+json\" class=\"yoast-schema-graph\">{\"@context\":\"https:\/\/schema.org\",\"@graph\":[{\"@type\":\"WebPage\",\"@id\":\"https:\/\/xstyle.md\/product\/palatka-msr-elixir-3\/\",\"url\":\"https:\/\/xstyle.md\/product\/palatka-msr-elixir-3\/\",\"name\":\"\u041f\u0430\u043b\u0430\u0442\u043a\u0430 MSR Elixir 3 Green - \u041c\u0430\u0433\u0430\u0437\u0438\u043d Xstyle\",\"isPartOf\":{\"@id\":\"https:\/\/xstyle.md\/#website\"},\"primaryImageOfPage\":{\"@id\":\"https:\/\/xstyle.md\/product\/palatka-msr-elixir-3\/#primaryimage\"},\"image\":{\"@id\":\"https:\/\/xstyle.md\/product\/palatka-msr-elixir-3\/#primaryimage\"},\"thumbnailUrl\":\"https:\/\/xstyle.md\/wp-content\/uploads\/2020\/07\/1b11a62d26a511e880c9901b0e95a2a8_34f19905a35511e980ca901b0e95a2a8.jpg\",\"datePublished\":\"2020-07-16T18:35:39+00:00\",\"dateModified\":\"2026-03-19T13:33:38+00:00\",\"description\":\"\u041f\u0430\u043b\u0430\u0442\u043a\u0430 MSR Elixir 3 Green - \u0438\u0434\u0435\u0430\u043b\u044c\u043d\u044b\u0439 \u0432\u044b\u0431\u043e\u0440 \u0434\u043b\u044f \u0442\u0440\u0435\u0445 \u0447\u0435\u043b\u043e\u0432\u0435\u043a \u043d\u0430 \u043b\u044e\u0431\u044b\u0435 \u0442\u0440\u0438 \u0441\u0435\u0437\u043e\u043d\u0430. \u041b\u0435\u0433\u043a\u0430\u044f, \u043f\u0440\u043e\u0447\u043d\u0430\u044f \u0438 \u043a\u043e\u043c\u0444\u043e\u0440\u0442\u043d\u0430\u044f. \u0423\u0437\u043d\u0430\u0439\u0442\u0435 \u0431\u043e\u043b\u044c\u0448\u0435 \u0438 \u043f\u043e\u043a\u0443\u043f\u0430\u0439\u0442\u0435 \u0441\u0435\u0439\u0447\u0430\u0441!\",\"breadcrumb\":{\"@id\":\"https:\/\/xstyle.md\/product\/palatka-msr-elixir-3\/#breadcrumb\"},\"inLanguage\":\"ro-RO\",\"potentialAction\":[{\"@type\":\"ReadAction\",\"target\":[\"https:\/\/xstyle.md\/product\/palatka-msr-elixir-3\/\"]}]},{\"@type\":\"ImageObject\",\"inLanguage\":\"ro-RO\",\"@id\":\"https:\/\/xstyle.md\/product\/palatka-msr-elixir-3\/#primaryimage\",\"url\":\"https:\/\/xstyle.md\/wp-content\/uploads\/2020\/07\/1b11a62d26a511e880c9901b0e95a2a8_34f19905a35511e980ca901b0e95a2a8.jpg\",\"contentUrl\":\"https:\/\/xstyle.md\/wp-content\/uploads\/2020\/07\/1b11a62d26a511e880c9901b0e95a2a8_34f19905a35511e980ca901b0e95a2a8.jpg\",\"width\":570,\"height\":339},{\"@type\":\"BreadcrumbList\",\"@id\":\"https:\/\/xstyle.md\/product\/palatka-msr-elixir-3\/#breadcrumb\",\"itemListElement\":[{\"@type\":\"ListItem\",\"position\":1,\"name\":\"\u0413\u043b\u0430\u0432\u043d\u0430\u044f \u0441\u0442\u0440\u0430\u043d\u0438\u0446\u0430\",\"item\":\"https:\/\/xstyle.md\/\"},{\"@type\":\"ListItem\",\"position\":2,\"name\":\"\u041c\u0430\u0433\u0430\u0437\u0438\u043d\",\"item\":\"https:\/\/xstyle.md\/shop\/\"},{\"@type\":\"ListItem\",\"position\":3,\"name\":\"\u041f\u0430\u043b\u0430\u0442\u043a\u0430 MSR Elixir 3 Green\"}]},{\"@type\":\"WebSite\",\"@id\":\"https:\/\/xstyle.md\/#website\",\"url\":\"https:\/\/xstyle.md\/\",\"name\":\"\u041c\u0430\u0433\u0430\u0437\u0438\u043d Xstyle\",\"description\":\"C\u043d\u0430\u0440\u044f\u0436\u0435\u043d\u0438\u0435 \u0434\u043b\u044f \u0442\u0443\u0440\u0438\u0437\u043c\u0430 \u0438 \u044d\u043a\u0441\u0442\u0440\u0435\u043c\u0430\u043b\u044c\u043d\u044b\u0445 \u0432\u0438\u0434\u043e\u0432 \u0441\u043f\u043e\u0440\u0442\u0430 \u0432 \u041c\u043e\u043b\u0434\u043e\u0432\u0435.. \u0426\u0435\u043d\u044b, \u0444\u043e\u0442\u043e, \u0445\u0430\u0440\u0430\u043a\u0442\u0435\u0440\u0438\u0441\u0442\u0438\u043a\u0438 \u0432 \u041c\u043e\u043b\u0434\u043e\u0432\u0435.\",\"publisher\":{\"@id\":\"https:\/\/xstyle.md\/#organization\"},\"alternateName\":\"X-Style\",\"potentialAction\":[{\"@type\":\"SearchAction\",\"target\":{\"@type\":\"EntryPoint\",\"urlTemplate\":\"https:\/\/xstyle.md\/?s={search_term_string}\"},\"query-input\":{\"@type\":\"PropertyValueSpecification\",\"valueRequired\":true,\"valueName\":\"search_term_string\"}}],\"inLanguage\":\"ro-RO\"},{\"@type\":\"Organization\",\"@id\":\"https:\/\/xstyle.md\/#organization\",\"name\":\"\u041c\u0430\u0433\u0430\u0437\u0438\u043d Xstyle\",\"alternateName\":\"x-style\",\"url\":\"https:\/\/xstyle.md\/\",\"logo\":{\"@type\":\"ImageObject\",\"inLanguage\":\"ro-RO\",\"@id\":\"https:\/\/xstyle.md\/#\/schema\/logo\/image\/\",\"url\":\"https:\/\/xstyle.md\/wp-content\/uploads\/2020\/06\/logoicon.svg\",\"contentUrl\":\"https:\/\/xstyle.md\/wp-content\/uploads\/2020\/06\/logoicon.svg\",\"caption\":\"\u041c\u0430\u0433\u0430\u0437\u0438\u043d Xstyle\"},\"image\":{\"@id\":\"https:\/\/xstyle.md\/#\/schema\/logo\/image\/\"},\"sameAs\":[\"https:\/\/www.facebook.com\/xstylemd\",\"https:\/\/www.instagram.com\/xstyle_md\/\",\"https:\/\/t.me\/xstyle_outdoor\"],\"hasMerchantReturnPolicy\":{\"@type\":\"MerchantReturnPolicy\",\"merchantReturnLink\":\"https:\/\/xstyle.md\/ro\/conditions\/\"}}]}<\/script>\n<meta property=\"product:price:amount\" content=\"9790.00\" \/>\n<meta property=\"product:price:currency\" content=\"MDL\" \/>\n<meta property=\"og:availability\" content=\"instock\" \/>\n<meta property=\"product:availability\" content=\"instock\" \/>\n<meta property=\"product:retailer_item_id\" content=\"40818093061\" \/>\n<meta property=\"product:condition\" content=\"new\" \/>\n<!-- \/ Yoast SEO plugin. -->","yoast_head_json":{"title":"Cort MSR Elixir 3 - Magazin Xstyle","description":"Cort MSR Elixir 3 Green - alegerea ideal\u0103 pentru trei persoane \u00een orice trei sezoane. U\u0219or, durabil \u0219i confortabil. Afl\u0103 mai multe \u0219i cump\u0103r\u0103 acum!","robots":{"index":"index","follow":"follow","max-snippet":"max-snippet:-1","max-image-preview":"max-image-preview:large","max-video-preview":"max-video-preview:-1"},"canonical":"https:\/\/xstyle.md\/ro\/produs\/palatka-msr-elixir-3\/","og_locale":"ro_RO","og_type":"article","og_title":"\u041f\u0430\u043b\u0430\u0442\u043a\u0430 MSR Elixir 3 Green - \u041c\u0430\u0433\u0430\u0437\u0438\u043d Xstyle","og_description":"\u041f\u0430\u043b\u0430\u0442\u043a\u0430 MSR Elixir 3 Green - \u0438\u0434\u0435\u0430\u043b\u044c\u043d\u044b\u0439 \u0432\u044b\u0431\u043e\u0440 \u0434\u043b\u044f \u0442\u0440\u0435\u0445 \u0447\u0435\u043b\u043e\u0432\u0435\u043a \u043d\u0430 \u043b\u044e\u0431\u044b\u0435 \u0442\u0440\u0438 \u0441\u0435\u0437\u043e\u043d\u0430. \u041b\u0435\u0433\u043a\u0430\u044f, \u043f\u0440\u043e\u0447\u043d\u0430\u044f \u0438 \u043a\u043e\u043c\u0444\u043e\u0440\u0442\u043d\u0430\u044f. \u0423\u0437\u043d\u0430\u0439\u0442\u0435 \u0431\u043e\u043b\u044c\u0448\u0435 \u0438 \u043f\u043e\u043a\u0443\u043f\u0430\u0439\u0442\u0435 \u0441\u0435\u0439\u0447\u0430\u0441!","og_url":"https:\/\/xstyle.md\/ro\/produs\/palatka-msr-elixir-3\/","og_site_name":"\u041c\u0430\u0433\u0430\u0437\u0438\u043d Xstyle","article_publisher":"https:\/\/www.facebook.com\/xstylemd","article_modified_time":"2026-03-19T13:33:38+00:00","og_image":[{"width":570,"height":339,"url":"https:\/\/xstyle.md\/wp-content\/uploads\/2020\/07\/1b11a62d26a511e880c9901b0e95a2a8_34f19905a35511e980ca901b0e95a2a8.jpg","type":"image\/jpeg"}],"twitter_card":"summary_large_image","twitter_misc":{"Pre\u021b":"9.790&nbsp;MDL","Disponibilitate":"\u00cen stoc"},"schema":{"@context":"https:\/\/schema.org","@graph":[{"@type":"WebPage","@id":"https:\/\/xstyle.md\/product\/palatka-msr-elixir-3\/","url":"https:\/\/xstyle.md\/product\/palatka-msr-elixir-3\/","name":"Cort MSR Elixir 3 - Magazin Xstyle","isPartOf":{"@id":"https:\/\/xstyle.md\/#website"},"primaryImageOfPage":{"@id":"https:\/\/xstyle.md\/product\/palatka-msr-elixir-3\/#primaryimage"},"image":{"@id":"https:\/\/xstyle.md\/product\/palatka-msr-elixir-3\/#primaryimage"},"thumbnailUrl":"https:\/\/xstyle.md\/wp-content\/uploads\/2020\/07\/1b11a62d26a511e880c9901b0e95a2a8_34f19905a35511e980ca901b0e95a2a8.jpg","datePublished":"2020-07-16T18:35:39+00:00","dateModified":"2026-03-19T13:33:38+00:00","description":"Cort MSR Elixir 3 Green - alegerea ideal\u0103 pentru trei persoane \u00een orice trei sezoane. U\u0219or, durabil \u0219i confortabil. Afl\u0103 mai multe \u0219i cump\u0103r\u0103 acum!","breadcrumb":{"@id":"https:\/\/xstyle.md\/product\/palatka-msr-elixir-3\/#breadcrumb"},"inLanguage":"ro-RO","potentialAction":[{"@type":"ReadAction","target":["https:\/\/xstyle.md\/product\/palatka-msr-elixir-3\/"]}]},{"@type":"ImageObject","inLanguage":"ro-RO","@id":"https:\/\/xstyle.md\/product\/palatka-msr-elixir-3\/#primaryimage","url":"https:\/\/xstyle.md\/wp-content\/uploads\/2020\/07\/1b11a62d26a511e880c9901b0e95a2a8_34f19905a35511e980ca901b0e95a2a8.jpg","contentUrl":"https:\/\/xstyle.md\/wp-content\/uploads\/2020\/07\/1b11a62d26a511e880c9901b0e95a2a8_34f19905a35511e980ca901b0e95a2a8.jpg","width":570,"height":339},{"@type":"BreadcrumbList","@id":"https:\/\/xstyle.md\/product\/palatka-msr-elixir-3\/#breadcrumb","itemListElement":[{"@type":"ListItem","position":1,"name":"\u0413\u043b\u0430\u0432\u043d\u0430\u044f \u0441\u0442\u0440\u0430\u043d\u0438\u0446\u0430","item":"https:\/\/xstyle.md\/"},{"@type":"ListItem","position":2,"name":"\u041c\u0430\u0433\u0430\u0437\u0438\u043d","item":"https:\/\/xstyle.md\/shop\/"},{"@type":"ListItem","position":3,"name":"\u041f\u0430\u043b\u0430\u0442\u043a\u0430 MSR Elixir 3 Green"}]},{"@type":"WebSite","@id":"https:\/\/xstyle.md\/#website","url":"https:\/\/xstyle.md\/","name":"Magazinul X-Style","description":"Echipamente pentru turism \u0219i sporturi extreme \u00een Moldova. Pre\u021buri, fotografii, caracteristici \u00een Moldova.","publisher":{"@id":"https:\/\/xstyle.md\/#organization"},"alternateName":"X-Style","potentialAction":[{"@type":"SearchAction","target":{"@type":"EntryPoint","urlTemplate":"https:\/\/xstyle.md\/?s={search_term_string}"},"query-input":{"@type":"PropertyValueSpecification","valueRequired":true,"valueName":"search_term_string"}}],"inLanguage":"ro-RO"},{"@type":"Organization","@id":"https:\/\/xstyle.md\/#organization","name":"Magazinul X-Style","alternateName":"x-style","url":"https:\/\/xstyle.md\/","logo":{"@type":"ImageObject","inLanguage":"ro-RO","@id":"https:\/\/xstyle.md\/#\/schema\/logo\/image\/","url":"https:\/\/xstyle.md\/wp-content\/uploads\/2020\/06\/logoicon.svg","contentUrl":"https:\/\/xstyle.md\/wp-content\/uploads\/2020\/06\/logoicon.svg","caption":"\u041c\u0430\u0433\u0430\u0437\u0438\u043d Xstyle"},"image":{"@id":"https:\/\/xstyle.md\/#\/schema\/logo\/image\/"},"sameAs":["https:\/\/www.facebook.com\/xstylemd","https:\/\/www.instagram.com\/xstyle_md\/","https:\/\/t.me\/xstyle_outdoor"],"hasMerchantReturnPolicy":{"@type":"MerchantReturnPolicy","merchantReturnLink":"https:\/\/xstyle.md\/ro\/conditions\/"}}]},"product_price_amount":"9790.00","product_price_currency":"MDL","og_availability":"instock","product_availability":"instock","product_retailer_item_id":"40818093061","product_condition":"new"},"post_mailing_queue_ids":[],"_links":{"self":[{"href":"https:\/\/xstyle.md\/ro\/wp-json\/wp\/v2\/product\/6354","targetHints":{"allow":["GET"]}}],"collection":[{"href":"https:\/\/xstyle.md\/ro\/wp-json\/wp\/v2\/product"}],"about":[{"href":"https:\/\/xstyle.md\/ro\/wp-json\/wp\/v2\/types\/product"}],"replies":[{"embeddable":true,"href":"https:\/\/xstyle.md\/ro\/wp-json\/wp\/v2\/comments?post=6354"}],"wp:featuredmedia":[{"embeddable":true,"href":"https:\/\/xstyle.md\/ro\/wp-json\/wp\/v2\/media\/6345"}],"wp:attachment":[{"href":"https:\/\/xstyle.md\/ro\/wp-json\/wp\/v2\/media?parent=6354"}],"wp:term":[{"taxonomy":"product_brand","embeddable":true,"href":"https:\/\/xstyle.md\/ro\/wp-json\/wp\/v2\/product_brand?post=6354"},{"taxonomy":"product_cat","embeddable":true,"href":"https:\/\/xstyle.md\/ro\/wp-json\/wp\/v2\/product_cat?post=6354"},{"taxonomy":"product_tag","embeddable":true,"href":"https:\/\/xstyle.md\/ro\/wp-json\/wp\/v2\/product_tag?post=6354"}],"curies":[{"name":"wp","href":"https:\/\/api.w.org\/{rel}","templated":true}]}}