{"id":63512,"date":"2023-01-25T13:47:14","date_gmt":"2023-01-25T10:47:14","guid":{"rendered":"https:\/\/xstyle.md\/?post_type=product&#038;p=63512"},"modified":"2024-10-21T09:57:21","modified_gmt":"2024-10-21T06:57:21","slug":"spirtovaya-gorelka-tatonka-alcohol-burner-set","status":"publish","type":"product","link":"https:\/\/xstyle.md\/ro\/produs\/spirtovaya-gorelka-tatonka-alcohol-burner-set\/","title":{"rendered":"Arz\u0103tor de alcool Tatonka Alcohol Burner Set"},"content":{"rendered":"<\/p>\n<p><strong>Tatonka Alcohol Burner Set<\/strong> &#8212; un set format dintr-un arz\u0103tor de alcool \u0219i ustensile. Popularul arz\u0103tor cu alcool poate fi cump\u0103rat acum \u00eentr-un set, mai degrab\u0103 dec\u00e2t asamblat pe p\u0103r\u021bi, \u00een care vine cu vase de g\u0103tit, deflector de v\u00e2nt, suport, regulator de flac\u0103r\u0103 \u0219i geant\u0103 de depozitare.<\/p>\n<h3>Particularit\u0103\u021bi<\/h3>\n<ul>\n<li>Un set gata preg\u0103tit la \u00eendem\u00e2n\u0103 pentru a g\u0103ti \u00een mun\u021bi<\/li>\n<li>Arz\u0103tor cu alcool de dimensiuni mici<\/li>\n<li>Suport pentru stabilitate<\/li>\n<li>Suport\u0103 recipiente de p\u00e2n\u0103 la 2 litri<\/li>\n<li>Fierbe rapid \u0219i u\u0219or apa \u0219i g\u0103te\u0219te alimente.<\/li>\n<\/ul>\n<h3>Setul include<\/h3>\n<ul>\n<li>Arz\u0103tor cu suport &#8212; 7,5 x 5,5 cm<\/li>\n<li>Wok cu capac &#8212; 0,35 litri<\/li>\n<li>Parav\u00e2nt din aluminiu &#8212; 8,5 x 7,5 cm<\/li>\n<li>Reglarea fl\u0103c\u0103rii &#8212; \u00d810 cm<\/li>\n<li>Geant\u0103 de transport.<\/li>\n<\/ul>\n<h3>Caracteristici<\/h3>\n<ul>\n<li>Capacitatea arz\u0103torului &#8212; 120 ml<\/li>\n<li>Timp de lucru &#8212; aprox. 40 min.<\/li>\n<li>Greutate &#8212; 550 g.<\/li>\n<\/ul>\n<h3>Marca<\/h3>\n<p>Marca TATONKA este renumit\u0103 \u00een \u00eentreaga lume \u0219i produce echipamente de c\u0103l\u0103torie de \u00eenalt\u0103 calitate \u00eenc\u0103 din 1994. \u00cenc\u0103 de la \u00eenfiin\u021bare, Tatonka ader\u0103 la o politic\u0103 de calitate maxim\u0103 posibil\u0103 a produselor la un pre\u021b accesibil. Fiecare rucsac, geant\u0103, ustensil\u0103 sau accesoriu TATONKA din o\u021bel inoxidabil este dezvoltat pe baza experien\u021bei de mul\u021bi ani a companiei.<\/p>\n<p>Produsele TATONKA sunt din ce \u00een ce mai populare \u00een \u00eentreaga lume. TATONKA \u00ee\u0219i \u00eembun\u0103t\u0103\u021be\u0219te constant produsele \u0219i utilizeaz\u0103 cele mai recente progrese tehnologice \u0219i materiale de ultim\u0103 genera\u021bie pentru a satisface cele mai \u00eenalte cerin\u021be.<\/p>\n<p><\/p>","protected":false},"excerpt":{"rendered":"","protected":false},"featured_media":64523,"comment_status":"open","ping_status":"closed","template":"","meta":{"_acf_changed":false,"inline_featured_image":false},"product_brand":[1262],"product_cat":[273],"product_tag":[],"class_list":{"0":"post-63512","1":"product","2":"type-product","3":"status-publish","4":"has-post-thumbnail","6":"product_brand-tatonka","7":"product_cat-arzator-combustibil","9":"first","10":"instock","11":"shipping-taxable","12":"purchasable","13":"product-type-simple"},"acf":[],"yoast_head":"<!-- This site is optimized with the Yoast SEO plugin v27.2 - https:\/\/yoast.com\/product\/yoast-seo-wordpress\/ -->\n<title>\u0421\u043f\u0438\u0440\u0442\u043e\u0432\u0430\u044f \u0433\u043e\u0440\u0435\u043b\u043a\u0430 Tatonka Alcohol Burner Set - \u041c\u0430\u0433\u0430\u0437\u0438\u043d Xstyle<\/title>\n<meta name=\"description\" content=\"\u041d\u0430\u0431\u043e\u0440 \u0441\u043f\u0438\u0440\u0442\u043e\u0432\u043e\u0439 \u0433\u043e\u0440\u0435\u043b\u043a\u0438 Tatonka \u2014 \u0438\u0434\u0435\u0430\u043b\u044c\u043d\u043e\u0435 \u0440\u0435\u0448\u0435\u043d\u0438\u0435 \u0434\u043b\u044f \u043a\u0435\u043c\u043f\u0438\u043d\u0433\u0430: \u0432\u043a\u043b\u044e\u0447\u0430\u0435\u0442 \u0433\u043e\u0440\u0435\u043b\u043a\u0443, \u043f\u043e\u0441\u0443\u0434\u044b, \u0432\u0435\u0442\u0440\u043e\u0437\u0430\u0449\u0438\u0442\u043d\u044b\u0439 \u0449\u0438\u0442\u043e\u043a \u0438 \u0441\u0443\u043c\u043a\u0443 \u0434\u043b\u044f \u0445\u0440\u0430\u043d\u0435\u043d\u0438\u044f.\" \/>\n<meta name=\"robots\" content=\"index, follow, max-snippet:-1, max-image-preview:large, max-video-preview:-1\" \/>\n<link rel=\"canonical\" href=\"https:\/\/xstyle.md\/ro\/produs\/spirtovaya-gorelka-tatonka-alcohol-burner-set\/\" \/>\n<meta property=\"og:locale\" content=\"ro_RO\" \/>\n<meta property=\"og:type\" content=\"article\" \/>\n<meta property=\"og:title\" content=\"\u0421\u043f\u0438\u0440\u0442\u043e\u0432\u0430\u044f \u0433\u043e\u0440\u0435\u043b\u043a\u0430 Tatonka Alcohol Burner Set - \u041c\u0430\u0433\u0430\u0437\u0438\u043d Xstyle\" \/>\n<meta property=\"og:description\" content=\"\u041d\u0430\u0431\u043e\u0440 \u0441\u043f\u0438\u0440\u0442\u043e\u0432\u043e\u0439 \u0433\u043e\u0440\u0435\u043b\u043a\u0438 Tatonka \u2014 \u0438\u0434\u0435\u0430\u043b\u044c\u043d\u043e\u0435 \u0440\u0435\u0448\u0435\u043d\u0438\u0435 \u0434\u043b\u044f \u043a\u0435\u043c\u043f\u0438\u043d\u0433\u0430: \u0432\u043a\u043b\u044e\u0447\u0430\u0435\u0442 \u0433\u043e\u0440\u0435\u043b\u043a\u0443, \u043f\u043e\u0441\u0443\u0434\u044b, \u0432\u0435\u0442\u0440\u043e\u0437\u0430\u0449\u0438\u0442\u043d\u044b\u0439 \u0449\u0438\u0442\u043e\u043a \u0438 \u0441\u0443\u043c\u043a\u0443 \u0434\u043b\u044f \u0445\u0440\u0430\u043d\u0435\u043d\u0438\u044f.\" \/>\n<meta property=\"og:url\" content=\"https:\/\/xstyle.md\/ro\/produs\/spirtovaya-gorelka-tatonka-alcohol-burner-set\/\" \/>\n<meta property=\"og:site_name\" content=\"\u041c\u0430\u0433\u0430\u0437\u0438\u043d Xstyle\" \/>\n<meta property=\"article:publisher\" content=\"https:\/\/www.facebook.com\/xstylemd\" \/>\n<meta property=\"article:modified_time\" content=\"2024-10-21T06:57:21+00:00\" \/>\n<meta property=\"og:image\" content=\"https:\/\/xstyle.md\/wp-content\/uploads\/2023\/01\/tatonka-alcohol-burner-set.jpg\" \/>\n\t<meta property=\"og:image:width\" content=\"1142\" \/>\n\t<meta property=\"og:image:height\" content=\"940\" \/>\n\t<meta property=\"og:image:type\" content=\"image\/jpeg\" \/>\n<meta name=\"twitter:card\" content=\"summary_large_image\" \/>\n<meta name=\"twitter:label1\" content=\"Pre\u021b\" \/>\n\t<meta name=\"twitter:data1\" content=\"1.690&nbsp;MDL\" \/>\n\t<meta name=\"twitter:label2\" content=\"Disponibilitate\" \/>\n\t<meta name=\"twitter:data2\" content=\"\u00cen stoc\" \/>\n<script type=\"application\/ld+json\" class=\"yoast-schema-graph\">{\"@context\":\"https:\/\/schema.org\",\"@graph\":[{\"@type\":\"WebPage\",\"@id\":\"https:\/\/xstyle.md\/product\/spirtovaya-gorelka-tatonka-alcohol-burner-set\/\",\"url\":\"https:\/\/xstyle.md\/product\/spirtovaya-gorelka-tatonka-alcohol-burner-set\/\",\"name\":\"\u0421\u043f\u0438\u0440\u0442\u043e\u0432\u0430\u044f \u0433\u043e\u0440\u0435\u043b\u043a\u0430 Tatonka Alcohol Burner Set - \u041c\u0430\u0433\u0430\u0437\u0438\u043d Xstyle\",\"isPartOf\":{\"@id\":\"https:\/\/xstyle.md\/#website\"},\"primaryImageOfPage\":{\"@id\":\"https:\/\/xstyle.md\/product\/spirtovaya-gorelka-tatonka-alcohol-burner-set\/#primaryimage\"},\"image\":{\"@id\":\"https:\/\/xstyle.md\/product\/spirtovaya-gorelka-tatonka-alcohol-burner-set\/#primaryimage\"},\"thumbnailUrl\":\"https:\/\/xstyle.md\/wp-content\/uploads\/2023\/01\/tatonka-alcohol-burner-set.jpg\",\"datePublished\":\"2023-01-25T10:47:14+00:00\",\"dateModified\":\"2024-10-21T06:57:21+00:00\",\"description\":\"\u041d\u0430\u0431\u043e\u0440 \u0441\u043f\u0438\u0440\u0442\u043e\u0432\u043e\u0439 \u0433\u043e\u0440\u0435\u043b\u043a\u0438 Tatonka \u2014 \u0438\u0434\u0435\u0430\u043b\u044c\u043d\u043e\u0435 \u0440\u0435\u0448\u0435\u043d\u0438\u0435 \u0434\u043b\u044f \u043a\u0435\u043c\u043f\u0438\u043d\u0433\u0430: \u0432\u043a\u043b\u044e\u0447\u0430\u0435\u0442 \u0433\u043e\u0440\u0435\u043b\u043a\u0443, \u043f\u043e\u0441\u0443\u0434\u044b, \u0432\u0435\u0442\u0440\u043e\u0437\u0430\u0449\u0438\u0442\u043d\u044b\u0439 \u0449\u0438\u0442\u043e\u043a \u0438 \u0441\u0443\u043c\u043a\u0443 \u0434\u043b\u044f \u0445\u0440\u0430\u043d\u0435\u043d\u0438\u044f.\",\"breadcrumb\":{\"@id\":\"https:\/\/xstyle.md\/product\/spirtovaya-gorelka-tatonka-alcohol-burner-set\/#breadcrumb\"},\"inLanguage\":\"ro-RO\",\"potentialAction\":[{\"@type\":\"ReadAction\",\"target\":[\"https:\/\/xstyle.md\/product\/spirtovaya-gorelka-tatonka-alcohol-burner-set\/\"]}]},{\"@type\":\"ImageObject\",\"inLanguage\":\"ro-RO\",\"@id\":\"https:\/\/xstyle.md\/product\/spirtovaya-gorelka-tatonka-alcohol-burner-set\/#primaryimage\",\"url\":\"https:\/\/xstyle.md\/wp-content\/uploads\/2023\/01\/tatonka-alcohol-burner-set.jpg\",\"contentUrl\":\"https:\/\/xstyle.md\/wp-content\/uploads\/2023\/01\/tatonka-alcohol-burner-set.jpg\",\"width\":1142,\"height\":940,\"caption\":\"\u041c\u0438\u043d\u0438\u0430\u0442\u044e\u0440\u043d\u0430\u044f \u0441\u043f\u0438\u0440\u0442\u043e\u0432\u0430\u044f \u0433\u043e\u0440\u0435\u043b\u043a\u0430 Tatonka \u0434\u043b\u044f \u0430\u043a\u0442\u0438\u0432\u043d\u043e\u0433\u043e \u043e\u0442\u0434\u044b\u0445\u0430 \u043f\u0443\u0442\u0435\u0448\u0435\u0441\u0442\u0432\u0438\u0439 \u0438 \u043f\u0435\u0448\u0435\u0433\u043e \u0442\u0443\u0440\u0438\u0437\u043c\u0430, \u0442\u043e\u0432\u0430\u0440\u044b \u0434\u043b\u044f \u043f\u043e\u0445\u043e\u0434\u043e\u0432 \u0438 \u0430\u043b\u044c\u043f\u0438\u043d\u0438\u0437\u043c\u0430, \u043e\u0431\u0443\u0432\u044c \u0438 \u043e\u0434\u0435\u0436\u0434\u0430 \u0434\u043b\u044f \u0430\u043a\u0442\u0438\u0432\u043d\u043e\u0433\u043e \u043e\u0431\u0440\u0430\u0437\u0430 \u0436\u0438\u0437\u043d\u0438\"},{\"@type\":\"BreadcrumbList\",\"@id\":\"https:\/\/xstyle.md\/product\/spirtovaya-gorelka-tatonka-alcohol-burner-set\/#breadcrumb\",\"itemListElement\":[{\"@type\":\"ListItem\",\"position\":1,\"name\":\"\u0413\u043b\u0430\u0432\u043d\u0430\u044f \u0441\u0442\u0440\u0430\u043d\u0438\u0446\u0430\",\"item\":\"https:\/\/xstyle.md\/\"},{\"@type\":\"ListItem\",\"position\":2,\"name\":\"\u041c\u0430\u0433\u0430\u0437\u0438\u043d\",\"item\":\"https:\/\/xstyle.md\/shop\/\"},{\"@type\":\"ListItem\",\"position\":3,\"name\":\"\u0421\u043f\u0438\u0440\u0442\u043e\u0432\u0430\u044f \u0433\u043e\u0440\u0435\u043b\u043a\u0430 Tatonka Alcohol Burner Set\"}]},{\"@type\":\"WebSite\",\"@id\":\"https:\/\/xstyle.md\/#website\",\"url\":\"https:\/\/xstyle.md\/\",\"name\":\"\u041c\u0430\u0433\u0430\u0437\u0438\u043d Xstyle\",\"description\":\"C\u043d\u0430\u0440\u044f\u0436\u0435\u043d\u0438\u0435 \u0434\u043b\u044f \u0442\u0443\u0440\u0438\u0437\u043c\u0430 \u0438 \u044d\u043a\u0441\u0442\u0440\u0435\u043c\u0430\u043b\u044c\u043d\u044b\u0445 \u0432\u0438\u0434\u043e\u0432 \u0441\u043f\u043e\u0440\u0442\u0430 \u0432 \u041c\u043e\u043b\u0434\u043e\u0432\u0435.. \u0426\u0435\u043d\u044b, \u0444\u043e\u0442\u043e, \u0445\u0430\u0440\u0430\u043a\u0442\u0435\u0440\u0438\u0441\u0442\u0438\u043a\u0438 \u0432 \u041c\u043e\u043b\u0434\u043e\u0432\u0435.\",\"publisher\":{\"@id\":\"https:\/\/xstyle.md\/#organization\"},\"alternateName\":\"X-Style\",\"potentialAction\":[{\"@type\":\"SearchAction\",\"target\":{\"@type\":\"EntryPoint\",\"urlTemplate\":\"https:\/\/xstyle.md\/?s={search_term_string}\"},\"query-input\":{\"@type\":\"PropertyValueSpecification\",\"valueRequired\":true,\"valueName\":\"search_term_string\"}}],\"inLanguage\":\"ro-RO\"},{\"@type\":\"Organization\",\"@id\":\"https:\/\/xstyle.md\/#organization\",\"name\":\"\u041c\u0430\u0433\u0430\u0437\u0438\u043d Xstyle\",\"alternateName\":\"x-style\",\"url\":\"https:\/\/xstyle.md\/\",\"logo\":{\"@type\":\"ImageObject\",\"inLanguage\":\"ro-RO\",\"@id\":\"https:\/\/xstyle.md\/#\/schema\/logo\/image\/\",\"url\":\"https:\/\/xstyle.md\/wp-content\/uploads\/2020\/06\/logoicon.svg\",\"contentUrl\":\"https:\/\/xstyle.md\/wp-content\/uploads\/2020\/06\/logoicon.svg\",\"caption\":\"\u041c\u0430\u0433\u0430\u0437\u0438\u043d Xstyle\"},\"image\":{\"@id\":\"https:\/\/xstyle.md\/#\/schema\/logo\/image\/\"},\"sameAs\":[\"https:\/\/www.facebook.com\/xstylemd\",\"https:\/\/www.instagram.com\/xstyle_md\/\",\"https:\/\/t.me\/xstyle_outdoor\"],\"hasMerchantReturnPolicy\":{\"@type\":\"MerchantReturnPolicy\",\"merchantReturnLink\":\"https:\/\/xstyle.md\/ro\/conditions\/\"}}]}<\/script>\n<meta property=\"product:price:amount\" content=\"1690.00\" \/>\n<meta property=\"product:price:currency\" content=\"MDL\" \/>\n<meta property=\"og:availability\" content=\"instock\" \/>\n<meta property=\"product:availability\" content=\"instock\" \/>\n<meta property=\"product:retailer_item_id\" content=\"4013236234954\" \/>\n<meta property=\"product:condition\" content=\"new\" \/>\n<!-- \/ Yoast SEO plugin. -->","yoast_head_json":{"title":"Arz\u0103tor de alcool Tatonka Alcohol Burner Set - Magazin Xstyle","description":"Setul de aragaz pe alcool Tatonka este solu\u021bia ideal\u0103 pentru camping: include aragazul, vasele, ecranul de protec\u021bie \u00eempotriva v\u00e2ntului \u0219i o geant\u0103 de stocare.","robots":{"index":"index","follow":"follow","max-snippet":"max-snippet:-1","max-image-preview":"max-image-preview:large","max-video-preview":"max-video-preview:-1"},"canonical":"https:\/\/xstyle.md\/ro\/produs\/spirtovaya-gorelka-tatonka-alcohol-burner-set\/","og_locale":"ro_RO","og_type":"article","og_title":"\u0421\u043f\u0438\u0440\u0442\u043e\u0432\u0430\u044f \u0433\u043e\u0440\u0435\u043b\u043a\u0430 Tatonka Alcohol Burner Set - \u041c\u0430\u0433\u0430\u0437\u0438\u043d Xstyle","og_description":"\u041d\u0430\u0431\u043e\u0440 \u0441\u043f\u0438\u0440\u0442\u043e\u0432\u043e\u0439 \u0433\u043e\u0440\u0435\u043b\u043a\u0438 Tatonka \u2014 \u0438\u0434\u0435\u0430\u043b\u044c\u043d\u043e\u0435 \u0440\u0435\u0448\u0435\u043d\u0438\u0435 \u0434\u043b\u044f \u043a\u0435\u043c\u043f\u0438\u043d\u0433\u0430: \u0432\u043a\u043b\u044e\u0447\u0430\u0435\u0442 \u0433\u043e\u0440\u0435\u043b\u043a\u0443, \u043f\u043e\u0441\u0443\u0434\u044b, \u0432\u0435\u0442\u0440\u043e\u0437\u0430\u0449\u0438\u0442\u043d\u044b\u0439 \u0449\u0438\u0442\u043e\u043a \u0438 \u0441\u0443\u043c\u043a\u0443 \u0434\u043b\u044f \u0445\u0440\u0430\u043d\u0435\u043d\u0438\u044f.","og_url":"https:\/\/xstyle.md\/ro\/produs\/spirtovaya-gorelka-tatonka-alcohol-burner-set\/","og_site_name":"\u041c\u0430\u0433\u0430\u0437\u0438\u043d Xstyle","article_publisher":"https:\/\/www.facebook.com\/xstylemd","article_modified_time":"2024-10-21T06:57:21+00:00","og_image":[{"width":1142,"height":940,"url":"https:\/\/xstyle.md\/wp-content\/uploads\/2023\/01\/tatonka-alcohol-burner-set.jpg","type":"image\/jpeg"}],"twitter_card":"summary_large_image","twitter_misc":{"Pre\u021b":"1.690&nbsp;MDL","Disponibilitate":"\u00cen stoc"},"schema":{"@context":"https:\/\/schema.org","@graph":[{"@type":"WebPage","@id":"https:\/\/xstyle.md\/product\/spirtovaya-gorelka-tatonka-alcohol-burner-set\/","url":"https:\/\/xstyle.md\/product\/spirtovaya-gorelka-tatonka-alcohol-burner-set\/","name":"Arz\u0103tor de alcool Tatonka Alcohol Burner Set - Magazin Xstyle","isPartOf":{"@id":"https:\/\/xstyle.md\/#website"},"primaryImageOfPage":{"@id":"https:\/\/xstyle.md\/product\/spirtovaya-gorelka-tatonka-alcohol-burner-set\/#primaryimage"},"image":{"@id":"https:\/\/xstyle.md\/product\/spirtovaya-gorelka-tatonka-alcohol-burner-set\/#primaryimage"},"thumbnailUrl":"https:\/\/xstyle.md\/wp-content\/uploads\/2023\/01\/tatonka-alcohol-burner-set.jpg","datePublished":"2023-01-25T10:47:14+00:00","dateModified":"2024-10-21T06:57:21+00:00","description":"Setul de aragaz pe alcool Tatonka este solu\u021bia ideal\u0103 pentru camping: include aragazul, vasele, ecranul de protec\u021bie \u00eempotriva v\u00e2ntului \u0219i o geant\u0103 de stocare.","breadcrumb":{"@id":"https:\/\/xstyle.md\/product\/spirtovaya-gorelka-tatonka-alcohol-burner-set\/#breadcrumb"},"inLanguage":"ro-RO","potentialAction":[{"@type":"ReadAction","target":["https:\/\/xstyle.md\/product\/spirtovaya-gorelka-tatonka-alcohol-burner-set\/"]}]},{"@type":"ImageObject","inLanguage":"ro-RO","@id":"https:\/\/xstyle.md\/product\/spirtovaya-gorelka-tatonka-alcohol-burner-set\/#primaryimage","url":"https:\/\/xstyle.md\/wp-content\/uploads\/2023\/01\/tatonka-alcohol-burner-set.jpg","contentUrl":"https:\/\/xstyle.md\/wp-content\/uploads\/2023\/01\/tatonka-alcohol-burner-set.jpg","width":1142,"height":940,"caption":"\u041c\u0438\u043d\u0438\u0430\u0442\u044e\u0440\u043d\u0430\u044f \u0441\u043f\u0438\u0440\u0442\u043e\u0432\u0430\u044f \u0433\u043e\u0440\u0435\u043b\u043a\u0430 Tatonka \u0434\u043b\u044f \u0430\u043a\u0442\u0438\u0432\u043d\u043e\u0433\u043e \u043e\u0442\u0434\u044b\u0445\u0430 \u043f\u0443\u0442\u0435\u0448\u0435\u0441\u0442\u0432\u0438\u0439 \u0438 \u043f\u0435\u0448\u0435\u0433\u043e \u0442\u0443\u0440\u0438\u0437\u043c\u0430, \u0442\u043e\u0432\u0430\u0440\u044b \u0434\u043b\u044f \u043f\u043e\u0445\u043e\u0434\u043e\u0432 \u0438 \u0430\u043b\u044c\u043f\u0438\u043d\u0438\u0437\u043c\u0430, \u043e\u0431\u0443\u0432\u044c \u0438 \u043e\u0434\u0435\u0436\u0434\u0430 \u0434\u043b\u044f \u0430\u043a\u0442\u0438\u0432\u043d\u043e\u0433\u043e \u043e\u0431\u0440\u0430\u0437\u0430 \u0436\u0438\u0437\u043d\u0438"},{"@type":"BreadcrumbList","@id":"https:\/\/xstyle.md\/product\/spirtovaya-gorelka-tatonka-alcohol-burner-set\/#breadcrumb","itemListElement":[{"@type":"ListItem","position":1,"name":"\u0413\u043b\u0430\u0432\u043d\u0430\u044f \u0441\u0442\u0440\u0430\u043d\u0438\u0446\u0430","item":"https:\/\/xstyle.md\/"},{"@type":"ListItem","position":2,"name":"\u041c\u0430\u0433\u0430\u0437\u0438\u043d","item":"https:\/\/xstyle.md\/shop\/"},{"@type":"ListItem","position":3,"name":"\u0421\u043f\u0438\u0440\u0442\u043e\u0432\u0430\u044f \u0433\u043e\u0440\u0435\u043b\u043a\u0430 Tatonka Alcohol Burner Set"}]},{"@type":"WebSite","@id":"https:\/\/xstyle.md\/#website","url":"https:\/\/xstyle.md\/","name":"Magazinul X-Style","description":"Echipamente pentru turism \u0219i sporturi extreme \u00een Moldova. Pre\u021buri, fotografii, caracteristici \u00een Moldova.","publisher":{"@id":"https:\/\/xstyle.md\/#organization"},"alternateName":"X-Style","potentialAction":[{"@type":"SearchAction","target":{"@type":"EntryPoint","urlTemplate":"https:\/\/xstyle.md\/?s={search_term_string}"},"query-input":{"@type":"PropertyValueSpecification","valueRequired":true,"valueName":"search_term_string"}}],"inLanguage":"ro-RO"},{"@type":"Organization","@id":"https:\/\/xstyle.md\/#organization","name":"Magazinul X-Style","alternateName":"x-style","url":"https:\/\/xstyle.md\/","logo":{"@type":"ImageObject","inLanguage":"ro-RO","@id":"https:\/\/xstyle.md\/#\/schema\/logo\/image\/","url":"https:\/\/xstyle.md\/wp-content\/uploads\/2020\/06\/logoicon.svg","contentUrl":"https:\/\/xstyle.md\/wp-content\/uploads\/2020\/06\/logoicon.svg","caption":"\u041c\u0430\u0433\u0430\u0437\u0438\u043d Xstyle"},"image":{"@id":"https:\/\/xstyle.md\/#\/schema\/logo\/image\/"},"sameAs":["https:\/\/www.facebook.com\/xstylemd","https:\/\/www.instagram.com\/xstyle_md\/","https:\/\/t.me\/xstyle_outdoor"],"hasMerchantReturnPolicy":{"@type":"MerchantReturnPolicy","merchantReturnLink":"https:\/\/xstyle.md\/ro\/conditions\/"}}]},"product_price_amount":"1690.00","product_price_currency":"MDL","og_availability":"instock","product_availability":"instock","product_retailer_item_id":"4013236234954","product_condition":"new"},"post_mailing_queue_ids":[],"_links":{"self":[{"href":"https:\/\/xstyle.md\/ro\/wp-json\/wp\/v2\/product\/63512","targetHints":{"allow":["GET"]}}],"collection":[{"href":"https:\/\/xstyle.md\/ro\/wp-json\/wp\/v2\/product"}],"about":[{"href":"https:\/\/xstyle.md\/ro\/wp-json\/wp\/v2\/types\/product"}],"replies":[{"embeddable":true,"href":"https:\/\/xstyle.md\/ro\/wp-json\/wp\/v2\/comments?post=63512"}],"wp:featuredmedia":[{"embeddable":true,"href":"https:\/\/xstyle.md\/ro\/wp-json\/wp\/v2\/media\/64523"}],"wp:attachment":[{"href":"https:\/\/xstyle.md\/ro\/wp-json\/wp\/v2\/media?parent=63512"}],"wp:term":[{"taxonomy":"product_brand","embeddable":true,"href":"https:\/\/xstyle.md\/ro\/wp-json\/wp\/v2\/product_brand?post=63512"},{"taxonomy":"product_cat","embeddable":true,"href":"https:\/\/xstyle.md\/ro\/wp-json\/wp\/v2\/product_cat?post=63512"},{"taxonomy":"product_tag","embeddable":true,"href":"https:\/\/xstyle.md\/ro\/wp-json\/wp\/v2\/product_tag?post=63512"}],"curies":[{"name":"wp","href":"https:\/\/api.w.org\/{rel}","templated":true}]}}