{"id":63500,"date":"2023-01-25T13:47:12","date_gmt":"2023-01-25T10:47:12","guid":{"rendered":"https:\/\/xstyle.md\/?post_type=product&#038;p=63500"},"modified":"2025-11-11T18:08:39","modified_gmt":"2025-11-11T15:08:39","slug":"zhiletka-rab-microlight-wmn-black","status":"publish","type":"product","link":"https:\/\/xstyle.md\/ro\/produs\/zhiletka-rab-microlight-wmn-black\/","title":{"rendered":"Vest\u0103 Rab Microlight Down Vest Mns black"},"content":{"rendered":"<\/p>\n<p><strong>Rab Microlight<\/strong> &#8212; aceast\u0103 vest\u0103 u\u0219oar\u0103 din puf v\u0103 \u021bine de cald datorit\u0103 pufului certificat, 100% reciclat \u0219i a \u021bes\u0103turii cu membran\u0103 Pertex\u00ae Quantum 30D. Noul design dispune, de asemenea, de o izola\u021bie inteligent\u0103. Zonarea micro \u0219i nano deflectoarelor ajut\u0103 la men\u021binerea c\u0103ldurii acolo unde este nevoie, reduc\u00e2nd migra\u021bia \u0219i \u00eembun\u0103t\u0103\u021bind izolarea f\u0103r\u0103 a pierde \u00een greutate, f\u0103r\u0103 a ad\u0103uga volum sau a restric\u021biona mi\u0219carea. Ideal at\u00e2t pentru c\u0103ldura de zi cu zi, c\u00e2t \u0219i pentru alpinism, caracteristicile preg\u0103tite pentru escalad\u0103 includ un strat DWR rezistent la intemperii, dou\u0103 buzunare mari cu fermoar pentru m\u00e2ini, un guler cald umplut cu puf \u0219i un fund reglabil prin cordon.<\/p>\n<p>Noua vest\u0103 pentru femei Microlight combin\u0103 greutatea redus\u0103, izolarea \u0219i u\u0219urin\u021ba de mi\u0219care pentru a oferi o izolare rapid\u0103 atunci c\u00e2nd ave\u021bi nevoie de ea.<\/p>\n<h3>Particularit\u0103\u021bi<\/h3>\n<ul>\n<li>\u021aes\u0103turile Pertex\u00ae Quantum din nailon ripstop sunt moi \u0219i u\u0219or de \u00eempachetat<\/li>\n<li>Micro \u0219i nano baffle u\u0219oare zonale prin \u00eentreaga construc\u021bie<\/li>\n<li>Guler cu guler de puf bine ajustat<\/li>\n<li>Buzunare de m\u00e2n\u0103 cu fermoar YKK\u00ae.<\/li>\n<li>Marginea inferioar\u0103 reglabil\u0103 cu cordon de str\u00e2ngere.<\/li>\n<\/ul>\n<h3>Caracteristici<\/h3>\n<ul>\n<li>Material &#8212; 100% Nylon Ripstop<\/li>\n<li>Izola\u021bie &#8212; 700 Fill Power + Nikwax<\/li>\n<li>Membran\u0103 &#8212; Pertex\u00ae Quantum<\/li>\n<li>Model - pentru femei.<\/li>\n<\/ul>\n<h3>Tehnologie<\/h3>\n<ul>\n<li><strong>Fill Power<\/strong> &#8212; o\u00a0caracteristic\u0103 care descrie capacitatea unei mase limitate de puf de a umple un anumit volum. Semnifica\u021bia fizic\u0103 a puterii de umplere este volumul \u00een centimetri cubi ocupat de o uncie de puf. Cu c\u00e2t este mai mare puterea de umplere, cu at\u00e2t este mai mare calitatea pufului. Hainele de exterior folosesc puf cu o valoare Fill Power de cel pu\u021bin 550 de unit\u0103\u021bi, \u00een timp ce un puf bun este considerat a avea o valoare Fill Power de 650 de unit\u0103\u021bi sau mai mare. Puful cu valori Fill Power ridicate se caracterizeaz\u0103 nu numai printr-un volum mare pe unitatea de mas\u0103, ci \u0219i printr-o rezisten\u021b\u0103 termic\u0103 mai mic\u0103 pe unitatea de grosime dec\u00e2t valorile standard.<\/li>\n<li><strong>Pertex<\/strong>\u00ae<strong>Cuantum<\/strong> &#8212; tes\u0103tur\u0103 de membran\u0103 \u021besut\u0103 din fire incredibil de fine, care se caracterizeaz\u0103 printr-o rezisten\u021b\u0103 relativ\u0103 ridicat\u0103. Moliciunea excep\u021bional\u0103 a acestui material permite pufului sau izola\u021biei sintetice s\u0103 ocupe \u00eentregul volum care \u00eei este alocat, \u00een timp ce \u021bes\u0103tura dens\u0103 \u00eempiedic\u0103 fibrele de izola\u021bie s\u0103 p\u0103trund\u0103 prin \u021bes\u0103tur\u0103.<\/li>\n<li><strong>YKK\u00ae<\/strong> \u2013 fermoare de \u00eenalt\u0103 calitate fabricate de compania japonez\u0103 YKK Group, certificate pentru conformitatea cu standardele interna\u021bionale. Rezistente la sarcini de for\u021b\u0103 mare \u0219i la coroziune. Sunt utilizate \u00een produse cu cel mai \u00eenalt grad de fiabilitate.<\/li>\n<\/ul>\n<h3>Marca<\/h3>\n<p>Rab este un produc\u0103tor britanic de \u00eembr\u0103c\u0103minte \u0219i echipament pentru alpinism \u0219i escalad\u0103, specializat \u00een \u00eembr\u0103c\u0103minte sport tehnic\u0103 de \u00eenalt\u0103 calitate \u0219i avansat\u0103 din punct de vedere tehnologic, izola\u021bie din puf \u0219i c\u0103\u0219ti. De exemplu, cagulele lor sunt printre cele mai bune exemple de pe pia\u021b\u0103, iar sacii lor de dormit se remarc\u0103, de asemenea, prin grija lor.<\/p>\n<p>Compania a fost fondat\u0103 \u00een 1981 de c\u0103tre renumitul alpinist sco\u021bian Rab Carrington. Baz\u00e2ndu-se pe propria experien\u021b\u0103 \u00een numeroase expedi\u021bii, Carrington a creat \u00eembr\u0103c\u0103minte pentru a oferi confort, protec\u021bie \u0219i libertate \u00een mun\u021bi, \u00een drume\u021bii, c\u0103\u021b\u0103rare sau alpinism.<\/p>\n<p>Jachetele din puf, sacii de dormit \u0219i hainele de expedi\u021bie Rab sunt fabricate din puf de g\u00e2sc\u0103 \u0219i ra\u021b\u0103 europene, certificate Responsible Down, ob\u021binute \u00een mod etic. De asemenea, pe puful folosit \u00een hainele \u0219i sacii de dormit se aplic\u0103 o impregnare hidrofug\u0103 f\u0103r\u0103 fluorocarbon, numit\u0103 Nikwax, pentru a preveni \u00eenc\u0103rcarea cu ap\u0103. \u00cen plus, pentru izola\u021bie se folosesc \u0219i materiale sintetice de \u00eenalt\u0103 calitate. \u00cembr\u0103c\u0103mintea Rab a devenit &#171;sinonim\u0103 cu produsele din puf de \u00eenalt\u0103 calitate&#187;.<\/p>\n<p><\/p>","protected":false},"excerpt":{"rendered":"","protected":false},"featured_media":64115,"comment_status":"open","ping_status":"closed","template":"","meta":{"_acf_changed":false,"inline_featured_image":false},"product_brand":[1442],"product_cat":[564],"product_tag":[],"class_list":{"0":"post-63500","1":"product","2":"type-product","3":"status-publish","4":"has-post-thumbnail","6":"product_brand-rab","7":"product_cat-vesta-scurta-femei","9":"first","10":"instock","11":"shipping-taxable","12":"purchasable","13":"product-type-simple"},"acf":[],"yoast_head":"<!-- This site is optimized with the Yoast SEO plugin v27.4 - https:\/\/yoast.com\/product\/yoast-seo-wordpress\/ -->\n<title>\u0416\u0438\u043b\u0435\u0442\u043a\u0430 Rab Microlight Down Vest Mns black - \u041c\u0430\u0433\u0430\u0437\u0438\u043d Xstyle<\/title>\n<meta name=\"description\" content=\"\u041e\u0442\u043a\u0440\u043e\u0439\u0442\u0435 \u0434\u043b\u044f \u0441\u0435\u0431\u044f \u0436\u0438\u043b\u0435\u0442\u043a\u0443 Rab Microlight Wmn black: \u043b\u0435\u0433\u043a\u0430\u044f, \u0442\u0435\u043f\u043b\u0430\u044f, \u0441 100% \u043f\u0435\u0440\u0435\u0440\u0430\u0431\u043e\u0442\u0430\u043d\u043d\u044b\u043c \u043f\u0443\u0445\u043e\u043c \u0438 \u043c\u0435\u043c\u0431\u0440\u0430\u043d\u043e\u0439 Pertex Quantum \u0434\u043b\u044f \u043a\u043e\u043c\u0444\u043e\u0440\u0442\u043d\u043e\u0433\u043e \u043e\u0442\u0434\u044b\u0445\u0430 \u043d\u0430 \u0443\u043b\u0438\u0446\u0435.\" \/>\n<meta name=\"robots\" content=\"index, follow, max-snippet:-1, max-image-preview:large, max-video-preview:-1\" \/>\n<link rel=\"canonical\" href=\"https:\/\/xstyle.md\/ro\/produs\/zhiletka-rab-microlight-wmn-black\/\" \/>\n<meta property=\"og:locale\" content=\"ro_RO\" \/>\n<meta property=\"og:type\" content=\"article\" \/>\n<meta property=\"og:title\" content=\"\u0416\u0438\u043b\u0435\u0442\u043a\u0430 Rab Microlight Down Vest Mns black - \u041c\u0430\u0433\u0430\u0437\u0438\u043d Xstyle\" \/>\n<meta property=\"og:description\" content=\"\u041e\u0442\u043a\u0440\u043e\u0439\u0442\u0435 \u0434\u043b\u044f \u0441\u0435\u0431\u044f \u0436\u0438\u043b\u0435\u0442\u043a\u0443 Rab Microlight Wmn black: \u043b\u0435\u0433\u043a\u0430\u044f, \u0442\u0435\u043f\u043b\u0430\u044f, \u0441 100% \u043f\u0435\u0440\u0435\u0440\u0430\u0431\u043e\u0442\u0430\u043d\u043d\u044b\u043c \u043f\u0443\u0445\u043e\u043c \u0438 \u043c\u0435\u043c\u0431\u0440\u0430\u043d\u043e\u0439 Pertex Quantum \u0434\u043b\u044f \u043a\u043e\u043c\u0444\u043e\u0440\u0442\u043d\u043e\u0433\u043e \u043e\u0442\u0434\u044b\u0445\u0430 \u043d\u0430 \u0443\u043b\u0438\u0446\u0435.\" \/>\n<meta property=\"og:url\" content=\"https:\/\/xstyle.md\/ro\/produs\/zhiletka-rab-microlight-wmn-black\/\" \/>\n<meta property=\"og:site_name\" content=\"\u041c\u0430\u0433\u0430\u0437\u0438\u043d Xstyle\" \/>\n<meta property=\"article:publisher\" content=\"https:\/\/www.facebook.com\/xstylemd\" \/>\n<meta property=\"article:modified_time\" content=\"2025-11-11T15:08:39+00:00\" \/>\n<meta property=\"og:image\" content=\"https:\/\/xstyle.md\/wp-content\/uploads\/2023\/01\/rab-microlight-wmn-black.jpg\" \/>\n\t<meta property=\"og:image:width\" content=\"850\" \/>\n\t<meta property=\"og:image:height\" content=\"850\" \/>\n\t<meta property=\"og:image:type\" content=\"image\/jpeg\" \/>\n<meta name=\"twitter:card\" content=\"summary_large_image\" \/>\n<meta name=\"twitter:label1\" content=\"Pre\u021b\" \/>\n\t<meta name=\"twitter:data1\" content=\"2.490&nbsp;MDL\" \/>\n\t<meta name=\"twitter:label2\" content=\"Disponibilitate\" \/>\n\t<meta name=\"twitter:data2\" content=\"\u00cen stoc\" \/>\n<script type=\"application\/ld+json\" class=\"yoast-schema-graph\">{\"@context\":\"https:\\\/\\\/schema.org\",\"@graph\":[{\"@type\":\"WebPage\",\"@id\":\"https:\\\/\\\/xstyle.md\\\/product\\\/zhiletka-rab-microlight-wmn-black\\\/\",\"url\":\"https:\\\/\\\/xstyle.md\\\/product\\\/zhiletka-rab-microlight-wmn-black\\\/\",\"name\":\"\u0416\u0438\u043b\u0435\u0442\u043a\u0430 Rab Microlight Down Vest Mns black - \u041c\u0430\u0433\u0430\u0437\u0438\u043d Xstyle\",\"isPartOf\":{\"@id\":\"https:\\\/\\\/xstyle.md\\\/#website\"},\"primaryImageOfPage\":{\"@id\":\"https:\\\/\\\/xstyle.md\\\/product\\\/zhiletka-rab-microlight-wmn-black\\\/#primaryimage\"},\"image\":{\"@id\":\"https:\\\/\\\/xstyle.md\\\/product\\\/zhiletka-rab-microlight-wmn-black\\\/#primaryimage\"},\"thumbnailUrl\":\"https:\\\/\\\/xstyle.md\\\/wp-content\\\/uploads\\\/2023\\\/01\\\/rab-microlight-wmn-black.jpg\",\"datePublished\":\"2023-01-25T10:47:12+00:00\",\"dateModified\":\"2025-11-11T15:08:39+00:00\",\"description\":\"\u041e\u0442\u043a\u0440\u043e\u0439\u0442\u0435 \u0434\u043b\u044f \u0441\u0435\u0431\u044f \u0436\u0438\u043b\u0435\u0442\u043a\u0443 Rab Microlight Wmn black: \u043b\u0435\u0433\u043a\u0430\u044f, \u0442\u0435\u043f\u043b\u0430\u044f, \u0441 100% \u043f\u0435\u0440\u0435\u0440\u0430\u0431\u043e\u0442\u0430\u043d\u043d\u044b\u043c \u043f\u0443\u0445\u043e\u043c \u0438 \u043c\u0435\u043c\u0431\u0440\u0430\u043d\u043e\u0439 Pertex Quantum \u0434\u043b\u044f \u043a\u043e\u043c\u0444\u043e\u0440\u0442\u043d\u043e\u0433\u043e \u043e\u0442\u0434\u044b\u0445\u0430 \u043d\u0430 \u0443\u043b\u0438\u0446\u0435.\",\"breadcrumb\":{\"@id\":\"https:\\\/\\\/xstyle.md\\\/product\\\/zhiletka-rab-microlight-wmn-black\\\/#breadcrumb\"},\"inLanguage\":\"ro-RO\",\"potentialAction\":[{\"@type\":\"ReadAction\",\"target\":[\"https:\\\/\\\/xstyle.md\\\/product\\\/zhiletka-rab-microlight-wmn-black\\\/\"]}]},{\"@type\":\"ImageObject\",\"inLanguage\":\"ro-RO\",\"@id\":\"https:\\\/\\\/xstyle.md\\\/product\\\/zhiletka-rab-microlight-wmn-black\\\/#primaryimage\",\"url\":\"https:\\\/\\\/xstyle.md\\\/wp-content\\\/uploads\\\/2023\\\/01\\\/rab-microlight-wmn-black.jpg\",\"contentUrl\":\"https:\\\/\\\/xstyle.md\\\/wp-content\\\/uploads\\\/2023\\\/01\\\/rab-microlight-wmn-black.jpg\",\"width\":850,\"height\":850,\"caption\":\"Using recycled fabrics and down, our classic down vest is lightweight, packable and provides instant warmth when the temperature drops in the mountains.#Pertex Quantum ripstop nylon fabrics are soft and packable#Zoned lightweight micro and nano baffle stitch through construction#Close fitting down filled collar#YKK zipped hand pockets#Drawcord adjustable hem#Main Fabric: Recycled 30D nylon Pertex Quantum, 50g\\\/m\ufffd, with DWR#Lining: Recycled 20D nylon, 38g\\\/m\ufffd#Insulation: Recycled 700 fill-power down Nikwax hydrophobic (water-resistant) finish#Composition: 100% recycled polyamide outer with 100% recycled polyamide lining#Stuff sack included\"},{\"@type\":\"BreadcrumbList\",\"@id\":\"https:\\\/\\\/xstyle.md\\\/product\\\/zhiletka-rab-microlight-wmn-black\\\/#breadcrumb\",\"itemListElement\":[{\"@type\":\"ListItem\",\"position\":1,\"name\":\"\u0413\u043b\u0430\u0432\u043d\u0430\u044f \u0441\u0442\u0440\u0430\u043d\u0438\u0446\u0430\",\"item\":\"https:\\\/\\\/xstyle.md\\\/\"},{\"@type\":\"ListItem\",\"position\":2,\"name\":\"\u041c\u0430\u0433\u0430\u0437\u0438\u043d\",\"item\":\"https:\\\/\\\/xstyle.md\\\/shop\\\/\"},{\"@type\":\"ListItem\",\"position\":3,\"name\":\"\u0416\u0438\u043b\u0435\u0442\u043a\u0430 Rab Microlight Down Vest Mns black\"}]},{\"@type\":\"WebSite\",\"@id\":\"https:\\\/\\\/xstyle.md\\\/#website\",\"url\":\"https:\\\/\\\/xstyle.md\\\/\",\"name\":\"\u041c\u0430\u0433\u0430\u0437\u0438\u043d Xstyle\",\"description\":\"C\u043d\u0430\u0440\u044f\u0436\u0435\u043d\u0438\u0435 \u0434\u043b\u044f \u0442\u0443\u0440\u0438\u0437\u043c\u0430 \u0438 \u044d\u043a\u0441\u0442\u0440\u0435\u043c\u0430\u043b\u044c\u043d\u044b\u0445 \u0432\u0438\u0434\u043e\u0432 \u0441\u043f\u043e\u0440\u0442\u0430 \u0432 \u041c\u043e\u043b\u0434\u043e\u0432\u0435.. \u0426\u0435\u043d\u044b, \u0444\u043e\u0442\u043e, \u0445\u0430\u0440\u0430\u043a\u0442\u0435\u0440\u0438\u0441\u0442\u0438\u043a\u0438 \u0432 \u041c\u043e\u043b\u0434\u043e\u0432\u0435.\",\"publisher\":{\"@id\":\"https:\\\/\\\/xstyle.md\\\/#organization\"},\"alternateName\":\"X-Style\",\"potentialAction\":[{\"@type\":\"SearchAction\",\"target\":{\"@type\":\"EntryPoint\",\"urlTemplate\":\"https:\\\/\\\/xstyle.md\\\/?s={search_term_string}\"},\"query-input\":{\"@type\":\"PropertyValueSpecification\",\"valueRequired\":true,\"valueName\":\"search_term_string\"}}],\"inLanguage\":\"ro-RO\"},{\"@type\":\"Organization\",\"@id\":\"https:\\\/\\\/xstyle.md\\\/#organization\",\"name\":\"\u041c\u0430\u0433\u0430\u0437\u0438\u043d Xstyle\",\"alternateName\":\"x-style\",\"url\":\"https:\\\/\\\/xstyle.md\\\/\",\"logo\":{\"@type\":\"ImageObject\",\"inLanguage\":\"ro-RO\",\"@id\":\"https:\\\/\\\/xstyle.md\\\/#\\\/schema\\\/logo\\\/image\\\/\",\"url\":\"https:\\\/\\\/xstyle.md\\\/wp-content\\\/uploads\\\/2020\\\/06\\\/logoicon.svg\",\"contentUrl\":\"https:\\\/\\\/xstyle.md\\\/wp-content\\\/uploads\\\/2020\\\/06\\\/logoicon.svg\",\"caption\":\"\u041c\u0430\u0433\u0430\u0437\u0438\u043d Xstyle\"},\"image\":{\"@id\":\"https:\\\/\\\/xstyle.md\\\/#\\\/schema\\\/logo\\\/image\\\/\"},\"sameAs\":[\"https:\\\/\\\/www.facebook.com\\\/xstylemd\",\"https:\\\/\\\/www.instagram.com\\\/xstyle_md\\\/\",\"https:\\\/\\\/t.me\\\/xstyle_outdoor\"],\"hasMerchantReturnPolicy\":{\"@type\":\"MerchantReturnPolicy\",\"merchantReturnLink\":\"https:\\\/\\\/xstyle.md\\\/ro\\\/conditions\\\/\"}}]}<\/script>\n<meta property=\"product:price:amount\" content=\"2490.00\" \/>\n<meta property=\"product:price:currency\" content=\"MDL\" \/>\n<meta property=\"og:availability\" content=\"instock\" \/>\n<meta property=\"product:availability\" content=\"instock\" \/>\n<meta property=\"product:retailer_item_id\" content=\"821468930056\" \/>\n<meta property=\"product:condition\" content=\"new\" \/>\n<!-- \/ Yoast SEO plugin. -->","yoast_head_json":{"title":"\u0416\u0438\u043b\u0435\u0442\u043a\u0430 Rab Microlight Down Vest Mns black - \u041c\u0430\u0433\u0430\u0437\u0438\u043d Xstyle","description":"Descoperi\u021bi vestimenta Rab Microlight Wmn neagr\u0103: u\u0219oar\u0103, cald\u0103, cu 100% puf reciclat \u0219i membran\u0103 Pertex Quantum pentru un confort optim \u00een aer liber.","robots":{"index":"index","follow":"follow","max-snippet":"max-snippet:-1","max-image-preview":"max-image-preview:large","max-video-preview":"max-video-preview:-1"},"canonical":"https:\/\/xstyle.md\/ro\/produs\/zhiletka-rab-microlight-wmn-black\/","og_locale":"ro_RO","og_type":"article","og_title":"\u0416\u0438\u043b\u0435\u0442\u043a\u0430 Rab Microlight Down Vest Mns black - \u041c\u0430\u0433\u0430\u0437\u0438\u043d Xstyle","og_description":"\u041e\u0442\u043a\u0440\u043e\u0439\u0442\u0435 \u0434\u043b\u044f \u0441\u0435\u0431\u044f \u0436\u0438\u043b\u0435\u0442\u043a\u0443 Rab Microlight Wmn black: \u043b\u0435\u0433\u043a\u0430\u044f, \u0442\u0435\u043f\u043b\u0430\u044f, \u0441 100% \u043f\u0435\u0440\u0435\u0440\u0430\u0431\u043e\u0442\u0430\u043d\u043d\u044b\u043c \u043f\u0443\u0445\u043e\u043c \u0438 \u043c\u0435\u043c\u0431\u0440\u0430\u043d\u043e\u0439 Pertex Quantum \u0434\u043b\u044f \u043a\u043e\u043c\u0444\u043e\u0440\u0442\u043d\u043e\u0433\u043e \u043e\u0442\u0434\u044b\u0445\u0430 \u043d\u0430 \u0443\u043b\u0438\u0446\u0435.","og_url":"https:\/\/xstyle.md\/ro\/produs\/zhiletka-rab-microlight-wmn-black\/","og_site_name":"\u041c\u0430\u0433\u0430\u0437\u0438\u043d Xstyle","article_publisher":"https:\/\/www.facebook.com\/xstylemd","article_modified_time":"2025-11-11T15:08:39+00:00","og_image":[{"width":850,"height":850,"url":"https:\/\/xstyle.md\/wp-content\/uploads\/2023\/01\/rab-microlight-wmn-black.jpg","type":"image\/jpeg"}],"twitter_card":"summary_large_image","twitter_misc":{"Pre\u021b":"2.490&nbsp;MDL","Disponibilitate":"\u00cen stoc"},"schema":{"@context":"https:\/\/schema.org","@graph":[{"@type":"WebPage","@id":"https:\/\/xstyle.md\/product\/zhiletka-rab-microlight-wmn-black\/","url":"https:\/\/xstyle.md\/product\/zhiletka-rab-microlight-wmn-black\/","name":"\u0416\u0438\u043b\u0435\u0442\u043a\u0430 Rab Microlight Down Vest Mns black - \u041c\u0430\u0433\u0430\u0437\u0438\u043d Xstyle","isPartOf":{"@id":"https:\/\/xstyle.md\/#website"},"primaryImageOfPage":{"@id":"https:\/\/xstyle.md\/product\/zhiletka-rab-microlight-wmn-black\/#primaryimage"},"image":{"@id":"https:\/\/xstyle.md\/product\/zhiletka-rab-microlight-wmn-black\/#primaryimage"},"thumbnailUrl":"https:\/\/xstyle.md\/wp-content\/uploads\/2023\/01\/rab-microlight-wmn-black.jpg","datePublished":"2023-01-25T10:47:12+00:00","dateModified":"2025-11-11T15:08:39+00:00","description":"Descoperi\u021bi vestimenta Rab Microlight Wmn neagr\u0103: u\u0219oar\u0103, cald\u0103, cu 100% puf reciclat \u0219i membran\u0103 Pertex Quantum pentru un confort optim \u00een aer liber.","breadcrumb":{"@id":"https:\/\/xstyle.md\/product\/zhiletka-rab-microlight-wmn-black\/#breadcrumb"},"inLanguage":"ro-RO","potentialAction":[{"@type":"ReadAction","target":["https:\/\/xstyle.md\/product\/zhiletka-rab-microlight-wmn-black\/"]}]},{"@type":"ImageObject","inLanguage":"ro-RO","@id":"https:\/\/xstyle.md\/product\/zhiletka-rab-microlight-wmn-black\/#primaryimage","url":"https:\/\/xstyle.md\/wp-content\/uploads\/2023\/01\/rab-microlight-wmn-black.jpg","contentUrl":"https:\/\/xstyle.md\/wp-content\/uploads\/2023\/01\/rab-microlight-wmn-black.jpg","width":850,"height":850,"caption":"Using recycled fabrics and down, our classic down vest is lightweight, packable and provides instant warmth when the temperature drops in the mountains.#Pertex Quantum ripstop nylon fabrics are soft and packable#Zoned lightweight micro and nano baffle stitch through construction#Close fitting down filled collar#YKK zipped hand pockets#Drawcord adjustable hem#Main Fabric: Recycled 30D nylon Pertex Quantum, 50g\/m\ufffd, with DWR#Lining: Recycled 20D nylon, 38g\/m\ufffd#Insulation: Recycled 700 fill-power down Nikwax hydrophobic (water-resistant) finish#Composition: 100% recycled polyamide outer with 100% recycled polyamide lining#Stuff sack included"},{"@type":"BreadcrumbList","@id":"https:\/\/xstyle.md\/product\/zhiletka-rab-microlight-wmn-black\/#breadcrumb","itemListElement":[{"@type":"ListItem","position":1,"name":"\u0413\u043b\u0430\u0432\u043d\u0430\u044f \u0441\u0442\u0440\u0430\u043d\u0438\u0446\u0430","item":"https:\/\/xstyle.md\/"},{"@type":"ListItem","position":2,"name":"\u041c\u0430\u0433\u0430\u0437\u0438\u043d","item":"https:\/\/xstyle.md\/shop\/"},{"@type":"ListItem","position":3,"name":"\u0416\u0438\u043b\u0435\u0442\u043a\u0430 Rab Microlight Down Vest Mns black"}]},{"@type":"WebSite","@id":"https:\/\/xstyle.md\/#website","url":"https:\/\/xstyle.md\/","name":"Magazinul X-Style","description":"Echipamente pentru turism \u0219i sporturi extreme \u00een Moldova. Pre\u021buri, fotografii, caracteristici \u00een Moldova.","publisher":{"@id":"https:\/\/xstyle.md\/#organization"},"alternateName":"X-Style","potentialAction":[{"@type":"SearchAction","target":{"@type":"EntryPoint","urlTemplate":"https:\/\/xstyle.md\/?s={search_term_string}"},"query-input":{"@type":"PropertyValueSpecification","valueRequired":true,"valueName":"search_term_string"}}],"inLanguage":"ro-RO"},{"@type":"Organization","@id":"https:\/\/xstyle.md\/#organization","name":"Magazinul X-Style","alternateName":"x-style","url":"https:\/\/xstyle.md\/","logo":{"@type":"ImageObject","inLanguage":"ro-RO","@id":"https:\/\/xstyle.md\/#\/schema\/logo\/image\/","url":"https:\/\/xstyle.md\/wp-content\/uploads\/2020\/06\/logoicon.svg","contentUrl":"https:\/\/xstyle.md\/wp-content\/uploads\/2020\/06\/logoicon.svg","caption":"\u041c\u0430\u0433\u0430\u0437\u0438\u043d Xstyle"},"image":{"@id":"https:\/\/xstyle.md\/#\/schema\/logo\/image\/"},"sameAs":["https:\/\/www.facebook.com\/xstylemd","https:\/\/www.instagram.com\/xstyle_md\/","https:\/\/t.me\/xstyle_outdoor"],"hasMerchantReturnPolicy":{"@type":"MerchantReturnPolicy","merchantReturnLink":"https:\/\/xstyle.md\/ro\/conditions\/"}}]},"product_price_amount":"2490.00","product_price_currency":"MDL","og_availability":"instock","product_availability":"instock","product_retailer_item_id":"821468930056","product_condition":"new"},"_links":{"self":[{"href":"https:\/\/xstyle.md\/ro\/wp-json\/wp\/v2\/product\/63500","targetHints":{"allow":["GET"]}}],"collection":[{"href":"https:\/\/xstyle.md\/ro\/wp-json\/wp\/v2\/product"}],"about":[{"href":"https:\/\/xstyle.md\/ro\/wp-json\/wp\/v2\/types\/product"}],"replies":[{"embeddable":true,"href":"https:\/\/xstyle.md\/ro\/wp-json\/wp\/v2\/comments?post=63500"}],"wp:featuredmedia":[{"embeddable":true,"href":"https:\/\/xstyle.md\/ro\/wp-json\/wp\/v2\/media\/64115"}],"wp:attachment":[{"href":"https:\/\/xstyle.md\/ro\/wp-json\/wp\/v2\/media?parent=63500"}],"wp:term":[{"taxonomy":"product_brand","embeddable":true,"href":"https:\/\/xstyle.md\/ro\/wp-json\/wp\/v2\/product_brand?post=63500"},{"taxonomy":"product_cat","embeddable":true,"href":"https:\/\/xstyle.md\/ro\/wp-json\/wp\/v2\/product_cat?post=63500"},{"taxonomy":"product_tag","embeddable":true,"href":"https:\/\/xstyle.md\/ro\/wp-json\/wp\/v2\/product_tag?post=63500"}],"curies":[{"name":"wp","href":"https:\/\/api.w.org\/{rel}","templated":true}]}}