{"id":63486,"date":"2023-01-25T13:47:10","date_gmt":"2023-01-25T10:47:10","guid":{"rendered":"https:\/\/xstyle.md\/?post_type=product&#038;p=63486"},"modified":"2026-03-19T17:12:07","modified_gmt":"2026-03-19T14:12:07","slug":"bryuki-rab-conduit-tights-mns-beluga","status":"publish","type":"product","link":"https:\/\/xstyle.md\/ro\/produs\/bryuki-rab-conduit-tights-mns-beluga\/","title":{"rendered":"Pantaloni Rab Conduit Tights Mns beluga"},"content":{"rendered":"<\/p>\n<p><strong>Rab Conduit Tights<\/strong> &#8212; strat de baz\u0103 conceput pentru alpinism la temperaturi sc\u0103zute. Jambierele sunt confec\u021bionate din fleece Thermic\u2122 G reciclat, care combin\u0103 respirabilitatea \u0219i absorb\u021bia rapid\u0103 a umezelii cu izolarea termic\u0103. Perfec\u021bi pentru a v\u0103 dep\u0103\u0219i limitele \u00een condi\u021bii de iarn\u0103 aspr\u0103.<\/p>\n<p>Ultra-moale la atingere, cu o band\u0103 de talie \u00een dou\u0103 straturi, jambierele Conduit sunt confortabile ca un strat de baz\u0103. \u021aes\u0103tura elastic\u0103 \u0219i genunchii articula\u021bi \u00ee\u021bi permit s\u0103 te mi\u0219ti cu u\u0219urin\u021b\u0103, indiferent dac\u0103 e\u0219ti pe banda de alergare, pe st\u00e2nc\u0103 sau pe o creast\u0103 abrupt\u0103 \u00eenz\u0103pezit\u0103.<\/p>\n<h3>Particularit\u0103\u021bi<\/h3>\n<ul>\n<li>\u021aes\u0103tura u\u0219oar\u0103 din fleece cu plas\u0103 absoarbe umezeala<\/li>\n<li>Band\u0103 de talie ajustat\u0103 cu dublu strat, cu cordon de ajustare<\/li>\n<li>Articula\u021bie la genunchi pentru o mai mare libertate de mi\u0219care<\/li>\n<li>Cus\u0103turi plate pe toat\u0103 lungimea pentru un confort sporit<\/li>\n<li>Man\u0219et\u0103 pentru tibie cu strat dublu.<\/li>\n<\/ul>\n<h3>Caracteristici<\/h3>\n<ul>\n<li>Material &#8212; 92% poliester reciclat, 8% elastan, Thermic\u2122 G<\/li>\n<li>Sezonul &#8212; prim\u0103var\u0103\/toamn\u0103\/iarn\u0103<\/li>\n<li>Utilizare &#8212; drume\u021bii\/c\u0103l\u0103torii\/sport<\/li>\n<li>Model - b\u0103rba\u021bi.<\/li>\n<\/ul>\n<h3>Tehnologie<\/h3>\n<ul>\n<li><strong>Thermic<\/strong>\u2122 <strong>G<\/strong> &#8212; materialul fleece sintetic combin\u0103 c\u0103ldura \u0219i durabilitatea cu uscarea rapid\u0103. Func\u021bioneaz\u0103 eficient \u00een timpul activit\u0103\u021bilor sportive viguroase de munte. Are un suport din plas\u0103 pentru o mai bun\u0103 respirabilitate \u0219i reducerea greut\u0103\u021bii.<\/li>\n<\/ul>\n<h3>Marca<\/h3>\n<p>Rab este un produc\u0103tor britanic de \u00eembr\u0103c\u0103minte \u0219i echipament pentru alpinism \u0219i escalad\u0103, specializat \u00een \u00eembr\u0103c\u0103minte sport tehnic\u0103 de \u00eenalt\u0103 calitate \u0219i avansat\u0103 din punct de vedere tehnologic, izola\u021bie din puf \u0219i c\u0103\u0219ti. De exemplu, cagulele lor sunt printre cele mai bune exemple de pe pia\u021b\u0103, iar sacii lor de dormit se remarc\u0103, de asemenea, prin grija lor.<\/p>\n<p>Compania a fost fondat\u0103 \u00een 1981 de c\u0103tre renumitul alpinist sco\u021bian Rab Carrington. Baz\u00e2ndu-se pe propria experien\u021b\u0103 \u00een numeroase expedi\u021bii, Carrington a creat \u00eembr\u0103c\u0103minte pentru a oferi confort, protec\u021bie \u0219i libertate \u00een mun\u021bi, \u00een drume\u021bii, c\u0103\u021b\u0103rare sau alpinism.<\/p>\n<p>Jachetele din puf, sacii de dormit \u0219i hainele de expedi\u021bie Rab sunt fabricate din puf de g\u00e2sc\u0103 \u0219i ra\u021b\u0103 europene, certificate Responsible Down, ob\u021binute \u00een mod etic. De asemenea, pe puful folosit \u00een hainele \u0219i sacii de dormit se aplic\u0103 o impregnare hidrofug\u0103 f\u0103r\u0103 fluorocarbon, numit\u0103 Nikwax, pentru a preveni \u00eenc\u0103rcarea cu ap\u0103. \u00cen plus, pentru izola\u021bie se folosesc \u0219i materiale sintetice de \u00eenalt\u0103 calitate. \u00cembr\u0103c\u0103mintea Rab a devenit &#171;sinonim\u0103 cu produsele din puf de \u00eenalt\u0103 calitate&#187;.<\/p>\n<p><\/p>","protected":false},"excerpt":{"rendered":"","protected":false},"featured_media":64086,"comment_status":"open","ping_status":"closed","template":"","meta":{"_acf_changed":false,"inline_featured_image":false},"product_brand":[1442],"product_cat":[343,344],"product_tag":[],"class_list":{"0":"post-63486","1":"product","2":"type-product","3":"status-publish","4":"has-post-thumbnail","6":"product_brand-rab","7":"product_cat-haine-de-alergare-barbati","8":"product_cat-haine-de-alpinism-barbati","10":"first","11":"instock","12":"shipping-taxable","13":"purchasable","14":"product-type-simple"},"acf":[],"yoast_head":"<!-- This site is optimized with the Yoast SEO plugin v27.4 - https:\/\/yoast.com\/product\/yoast-seo-wordpress\/ -->\n<title>\u041b\u0435\u0433\u0433\u0438\u043d\u0441\u044b Rab Conduit Tights Mns beluga - \u041c\u0430\u0433\u0430\u0437\u0438\u043d Xstyle<\/title>\n<meta name=\"description\" content=\"\u0411\u0440\u044e\u043a\u0438 Rab Conduit Tights Mns beluga \u043e\u0431\u0435\u0441\u043f\u0435\u0447\u0438\u0432\u0430\u044e\u0442 \u0442\u0435\u043f\u043b\u043e \u0438 \u043a\u043e\u043c\u0444\u043e\u0440\u0442 \u0432 \u0445\u043e\u043b\u043e\u0434\u043d\u0443\u044e \u043f\u043e\u0433\u043e\u0434\u0443. \u0418\u0434\u0435\u0430\u043b\u044c\u043d\u044b \u0434\u043b\u044f \u0430\u043b\u044c\u043f\u0438\u043d\u0438\u0437\u043c\u0430, \u043b\u0435\u0433\u043a\u0438 \u0438 \u0434\u044b\u0448\u0430\u0449\u0438. \u041f\u043e\u0432\u044b\u0441\u044c\u0442\u0435 \u0441\u0432\u043e\u0438 \u0433\u0440\u0430\u043d\u0438\u0446\u044b!\" \/>\n<meta name=\"robots\" content=\"index, follow, max-snippet:-1, max-image-preview:large, max-video-preview:-1\" \/>\n<link rel=\"canonical\" href=\"https:\/\/xstyle.md\/ro\/produs\/bryuki-rab-conduit-tights-mns-beluga\/\" \/>\n<meta property=\"og:locale\" content=\"ro_RO\" \/>\n<meta property=\"og:type\" content=\"article\" \/>\n<meta property=\"og:title\" content=\"\u041b\u0435\u0433\u0433\u0438\u043d\u0441\u044b Rab Conduit Tights Mns beluga - \u041c\u0430\u0433\u0430\u0437\u0438\u043d Xstyle\" \/>\n<meta property=\"og:description\" content=\"\u0411\u0440\u044e\u043a\u0438 Rab Conduit Tights Mns beluga \u043e\u0431\u0435\u0441\u043f\u0435\u0447\u0438\u0432\u0430\u044e\u0442 \u0442\u0435\u043f\u043b\u043e \u0438 \u043a\u043e\u043c\u0444\u043e\u0440\u0442 \u0432 \u0445\u043e\u043b\u043e\u0434\u043d\u0443\u044e \u043f\u043e\u0433\u043e\u0434\u0443. \u0418\u0434\u0435\u0430\u043b\u044c\u043d\u044b \u0434\u043b\u044f \u0430\u043b\u044c\u043f\u0438\u043d\u0438\u0437\u043c\u0430, \u043b\u0435\u0433\u043a\u0438 \u0438 \u0434\u044b\u0448\u0430\u0449\u0438. \u041f\u043e\u0432\u044b\u0441\u044c\u0442\u0435 \u0441\u0432\u043e\u0438 \u0433\u0440\u0430\u043d\u0438\u0446\u044b!\" \/>\n<meta property=\"og:url\" content=\"https:\/\/xstyle.md\/ro\/produs\/bryuki-rab-conduit-tights-mns-beluga\/\" \/>\n<meta property=\"og:site_name\" content=\"\u041c\u0430\u0433\u0430\u0437\u0438\u043d Xstyle\" \/>\n<meta property=\"article:publisher\" content=\"https:\/\/www.facebook.com\/xstylemd\" \/>\n<meta property=\"article:modified_time\" content=\"2026-03-19T14:12:07+00:00\" \/>\n<meta property=\"og:image\" content=\"https:\/\/xstyle.md\/wp-content\/uploads\/2023\/01\/rab-conduit-tights-mns-beluga-0-scaled.jpg\" \/>\n\t<meta property=\"og:image:width\" content=\"1763\" \/>\n\t<meta property=\"og:image:height\" content=\"1920\" \/>\n\t<meta property=\"og:image:type\" content=\"image\/jpeg\" \/>\n<meta name=\"twitter:card\" content=\"summary_large_image\" \/>\n<meta name=\"twitter:label1\" content=\"Pre\u021b\" \/>\n\t<meta name=\"twitter:data1\" content=\"995&nbsp;MDL\" \/>\n\t<meta name=\"twitter:label2\" content=\"Disponibilitate\" \/>\n\t<meta name=\"twitter:data2\" content=\"\u00cen stoc\" \/>\n<script type=\"application\/ld+json\" class=\"yoast-schema-graph\">{\"@context\":\"https:\\\/\\\/schema.org\",\"@graph\":[{\"@type\":\"WebPage\",\"@id\":\"https:\\\/\\\/xstyle.md\\\/product\\\/bryuki-rab-conduit-tights-mns-beluga\\\/\",\"url\":\"https:\\\/\\\/xstyle.md\\\/product\\\/bryuki-rab-conduit-tights-mns-beluga\\\/\",\"name\":\"\u041b\u0435\u0433\u0433\u0438\u043d\u0441\u044b Rab Conduit Tights Mns beluga - \u041c\u0430\u0433\u0430\u0437\u0438\u043d Xstyle\",\"isPartOf\":{\"@id\":\"https:\\\/\\\/xstyle.md\\\/#website\"},\"primaryImageOfPage\":{\"@id\":\"https:\\\/\\\/xstyle.md\\\/product\\\/bryuki-rab-conduit-tights-mns-beluga\\\/#primaryimage\"},\"image\":{\"@id\":\"https:\\\/\\\/xstyle.md\\\/product\\\/bryuki-rab-conduit-tights-mns-beluga\\\/#primaryimage\"},\"thumbnailUrl\":\"https:\\\/\\\/xstyle.md\\\/wp-content\\\/uploads\\\/2023\\\/01\\\/rab-conduit-tights-mns-beluga-0-scaled.jpg\",\"datePublished\":\"2023-01-25T10:47:10+00:00\",\"dateModified\":\"2026-03-19T14:12:07+00:00\",\"description\":\"\u0411\u0440\u044e\u043a\u0438 Rab Conduit Tights Mns beluga \u043e\u0431\u0435\u0441\u043f\u0435\u0447\u0438\u0432\u0430\u044e\u0442 \u0442\u0435\u043f\u043b\u043e \u0438 \u043a\u043e\u043c\u0444\u043e\u0440\u0442 \u0432 \u0445\u043e\u043b\u043e\u0434\u043d\u0443\u044e \u043f\u043e\u0433\u043e\u0434\u0443. \u0418\u0434\u0435\u0430\u043b\u044c\u043d\u044b \u0434\u043b\u044f \u0430\u043b\u044c\u043f\u0438\u043d\u0438\u0437\u043c\u0430, \u043b\u0435\u0433\u043a\u0438 \u0438 \u0434\u044b\u0448\u0430\u0449\u0438. \u041f\u043e\u0432\u044b\u0441\u044c\u0442\u0435 \u0441\u0432\u043e\u0438 \u0433\u0440\u0430\u043d\u0438\u0446\u044b!\",\"breadcrumb\":{\"@id\":\"https:\\\/\\\/xstyle.md\\\/product\\\/bryuki-rab-conduit-tights-mns-beluga\\\/#breadcrumb\"},\"inLanguage\":\"ro-RO\",\"potentialAction\":[{\"@type\":\"ReadAction\",\"target\":[\"https:\\\/\\\/xstyle.md\\\/product\\\/bryuki-rab-conduit-tights-mns-beluga\\\/\"]}]},{\"@type\":\"ImageObject\",\"inLanguage\":\"ro-RO\",\"@id\":\"https:\\\/\\\/xstyle.md\\\/product\\\/bryuki-rab-conduit-tights-mns-beluga\\\/#primaryimage\",\"url\":\"https:\\\/\\\/xstyle.md\\\/wp-content\\\/uploads\\\/2023\\\/01\\\/rab-conduit-tights-mns-beluga-0-scaled.jpg\",\"contentUrl\":\"https:\\\/\\\/xstyle.md\\\/wp-content\\\/uploads\\\/2023\\\/01\\\/rab-conduit-tights-mns-beluga-0-scaled.jpg\",\"width\":1763,\"height\":1920,\"caption\":\"174g\\\/6.1oz (Size M)#Fit: Slim#174g\\\/6.1oz (Size M)\"},{\"@type\":\"BreadcrumbList\",\"@id\":\"https:\\\/\\\/xstyle.md\\\/product\\\/bryuki-rab-conduit-tights-mns-beluga\\\/#breadcrumb\",\"itemListElement\":[{\"@type\":\"ListItem\",\"position\":1,\"name\":\"\u0413\u043b\u0430\u0432\u043d\u0430\u044f \u0441\u0442\u0440\u0430\u043d\u0438\u0446\u0430\",\"item\":\"https:\\\/\\\/xstyle.md\\\/\"},{\"@type\":\"ListItem\",\"position\":2,\"name\":\"\u041c\u0430\u0433\u0430\u0437\u0438\u043d\",\"item\":\"https:\\\/\\\/xstyle.md\\\/shop\\\/\"},{\"@type\":\"ListItem\",\"position\":3,\"name\":\"\u041b\u0435\u0433\u0433\u0438\u043d\u0441\u044b Rab Conduit Tights Mns beluga\"}]},{\"@type\":\"WebSite\",\"@id\":\"https:\\\/\\\/xstyle.md\\\/#website\",\"url\":\"https:\\\/\\\/xstyle.md\\\/\",\"name\":\"\u041c\u0430\u0433\u0430\u0437\u0438\u043d Xstyle\",\"description\":\"C\u043d\u0430\u0440\u044f\u0436\u0435\u043d\u0438\u0435 \u0434\u043b\u044f \u0442\u0443\u0440\u0438\u0437\u043c\u0430 \u0438 \u044d\u043a\u0441\u0442\u0440\u0435\u043c\u0430\u043b\u044c\u043d\u044b\u0445 \u0432\u0438\u0434\u043e\u0432 \u0441\u043f\u043e\u0440\u0442\u0430 \u0432 \u041c\u043e\u043b\u0434\u043e\u0432\u0435.. \u0426\u0435\u043d\u044b, \u0444\u043e\u0442\u043e, \u0445\u0430\u0440\u0430\u043a\u0442\u0435\u0440\u0438\u0441\u0442\u0438\u043a\u0438 \u0432 \u041c\u043e\u043b\u0434\u043e\u0432\u0435.\",\"publisher\":{\"@id\":\"https:\\\/\\\/xstyle.md\\\/#organization\"},\"alternateName\":\"X-Style\",\"potentialAction\":[{\"@type\":\"SearchAction\",\"target\":{\"@type\":\"EntryPoint\",\"urlTemplate\":\"https:\\\/\\\/xstyle.md\\\/?s={search_term_string}\"},\"query-input\":{\"@type\":\"PropertyValueSpecification\",\"valueRequired\":true,\"valueName\":\"search_term_string\"}}],\"inLanguage\":\"ro-RO\"},{\"@type\":\"Organization\",\"@id\":\"https:\\\/\\\/xstyle.md\\\/#organization\",\"name\":\"\u041c\u0430\u0433\u0430\u0437\u0438\u043d Xstyle\",\"alternateName\":\"x-style\",\"url\":\"https:\\\/\\\/xstyle.md\\\/\",\"logo\":{\"@type\":\"ImageObject\",\"inLanguage\":\"ro-RO\",\"@id\":\"https:\\\/\\\/xstyle.md\\\/#\\\/schema\\\/logo\\\/image\\\/\",\"url\":\"https:\\\/\\\/xstyle.md\\\/wp-content\\\/uploads\\\/2020\\\/06\\\/logoicon.svg\",\"contentUrl\":\"https:\\\/\\\/xstyle.md\\\/wp-content\\\/uploads\\\/2020\\\/06\\\/logoicon.svg\",\"caption\":\"\u041c\u0430\u0433\u0430\u0437\u0438\u043d Xstyle\"},\"image\":{\"@id\":\"https:\\\/\\\/xstyle.md\\\/#\\\/schema\\\/logo\\\/image\\\/\"},\"sameAs\":[\"https:\\\/\\\/www.facebook.com\\\/xstylemd\",\"https:\\\/\\\/www.instagram.com\\\/xstyle_md\\\/\",\"https:\\\/\\\/t.me\\\/xstyle_outdoor\"],\"hasMerchantReturnPolicy\":{\"@type\":\"MerchantReturnPolicy\",\"merchantReturnLink\":\"https:\\\/\\\/xstyle.md\\\/ro\\\/conditions\\\/\"}}]}<\/script>\n<meta property=\"product:price:amount\" content=\"995.00\" \/>\n<meta property=\"product:price:currency\" content=\"MDL\" \/>\n<meta property=\"og:availability\" content=\"instock\" \/>\n<meta property=\"product:availability\" content=\"instock\" \/>\n<meta property=\"product:retailer_item_id\" content=\"5059913005614\" \/>\n<meta property=\"product:condition\" content=\"new\" \/>\n<!-- \/ Yoast SEO plugin. -->","yoast_head_json":{"title":"\u041b\u0435\u0433\u0433\u0438\u043d\u0441\u044b Rab Conduit Tights Mns beluga - \u041c\u0430\u0433\u0430\u0437\u0438\u043d Xstyle","description":"Pantalonii Rab Conduit Tights Mns beluga ofer\u0103 c\u0103ldur\u0103 \u0219i confort \u00een vreme rece. Ideali pentru alpinizm, sunt u\u0219ori \u0219i respirabili. Dep\u0103\u0219e\u0219te-\u021bi limitele!","robots":{"index":"index","follow":"follow","max-snippet":"max-snippet:-1","max-image-preview":"max-image-preview:large","max-video-preview":"max-video-preview:-1"},"canonical":"https:\/\/xstyle.md\/ro\/produs\/bryuki-rab-conduit-tights-mns-beluga\/","og_locale":"ro_RO","og_type":"article","og_title":"\u041b\u0435\u0433\u0433\u0438\u043d\u0441\u044b Rab Conduit Tights Mns beluga - \u041c\u0430\u0433\u0430\u0437\u0438\u043d Xstyle","og_description":"\u0411\u0440\u044e\u043a\u0438 Rab Conduit Tights Mns beluga \u043e\u0431\u0435\u0441\u043f\u0435\u0447\u0438\u0432\u0430\u044e\u0442 \u0442\u0435\u043f\u043b\u043e \u0438 \u043a\u043e\u043c\u0444\u043e\u0440\u0442 \u0432 \u0445\u043e\u043b\u043e\u0434\u043d\u0443\u044e \u043f\u043e\u0433\u043e\u0434\u0443. \u0418\u0434\u0435\u0430\u043b\u044c\u043d\u044b \u0434\u043b\u044f \u0430\u043b\u044c\u043f\u0438\u043d\u0438\u0437\u043c\u0430, \u043b\u0435\u0433\u043a\u0438 \u0438 \u0434\u044b\u0448\u0430\u0449\u0438. \u041f\u043e\u0432\u044b\u0441\u044c\u0442\u0435 \u0441\u0432\u043e\u0438 \u0433\u0440\u0430\u043d\u0438\u0446\u044b!","og_url":"https:\/\/xstyle.md\/ro\/produs\/bryuki-rab-conduit-tights-mns-beluga\/","og_site_name":"\u041c\u0430\u0433\u0430\u0437\u0438\u043d Xstyle","article_publisher":"https:\/\/www.facebook.com\/xstylemd","article_modified_time":"2026-03-19T14:12:07+00:00","og_image":[{"width":1763,"height":1920,"url":"https:\/\/xstyle.md\/wp-content\/uploads\/2023\/01\/rab-conduit-tights-mns-beluga-0-scaled.jpg","type":"image\/jpeg"}],"twitter_card":"summary_large_image","twitter_misc":{"Pre\u021b":"995&nbsp;MDL","Disponibilitate":"\u00cen stoc"},"schema":{"@context":"https:\/\/schema.org","@graph":[{"@type":"WebPage","@id":"https:\/\/xstyle.md\/product\/bryuki-rab-conduit-tights-mns-beluga\/","url":"https:\/\/xstyle.md\/product\/bryuki-rab-conduit-tights-mns-beluga\/","name":"\u041b\u0435\u0433\u0433\u0438\u043d\u0441\u044b Rab Conduit Tights Mns beluga - \u041c\u0430\u0433\u0430\u0437\u0438\u043d Xstyle","isPartOf":{"@id":"https:\/\/xstyle.md\/#website"},"primaryImageOfPage":{"@id":"https:\/\/xstyle.md\/product\/bryuki-rab-conduit-tights-mns-beluga\/#primaryimage"},"image":{"@id":"https:\/\/xstyle.md\/product\/bryuki-rab-conduit-tights-mns-beluga\/#primaryimage"},"thumbnailUrl":"https:\/\/xstyle.md\/wp-content\/uploads\/2023\/01\/rab-conduit-tights-mns-beluga-0-scaled.jpg","datePublished":"2023-01-25T10:47:10+00:00","dateModified":"2026-03-19T14:12:07+00:00","description":"Pantalonii Rab Conduit Tights Mns beluga ofer\u0103 c\u0103ldur\u0103 \u0219i confort \u00een vreme rece. Ideali pentru alpinizm, sunt u\u0219ori \u0219i respirabili. Dep\u0103\u0219e\u0219te-\u021bi limitele!","breadcrumb":{"@id":"https:\/\/xstyle.md\/product\/bryuki-rab-conduit-tights-mns-beluga\/#breadcrumb"},"inLanguage":"ro-RO","potentialAction":[{"@type":"ReadAction","target":["https:\/\/xstyle.md\/product\/bryuki-rab-conduit-tights-mns-beluga\/"]}]},{"@type":"ImageObject","inLanguage":"ro-RO","@id":"https:\/\/xstyle.md\/product\/bryuki-rab-conduit-tights-mns-beluga\/#primaryimage","url":"https:\/\/xstyle.md\/wp-content\/uploads\/2023\/01\/rab-conduit-tights-mns-beluga-0-scaled.jpg","contentUrl":"https:\/\/xstyle.md\/wp-content\/uploads\/2023\/01\/rab-conduit-tights-mns-beluga-0-scaled.jpg","width":1763,"height":1920,"caption":"174g\/6.1oz (Size M)#Fit: Slim#174g\/6.1oz (Size M)"},{"@type":"BreadcrumbList","@id":"https:\/\/xstyle.md\/product\/bryuki-rab-conduit-tights-mns-beluga\/#breadcrumb","itemListElement":[{"@type":"ListItem","position":1,"name":"\u0413\u043b\u0430\u0432\u043d\u0430\u044f \u0441\u0442\u0440\u0430\u043d\u0438\u0446\u0430","item":"https:\/\/xstyle.md\/"},{"@type":"ListItem","position":2,"name":"\u041c\u0430\u0433\u0430\u0437\u0438\u043d","item":"https:\/\/xstyle.md\/shop\/"},{"@type":"ListItem","position":3,"name":"\u041b\u0435\u0433\u0433\u0438\u043d\u0441\u044b Rab Conduit Tights Mns beluga"}]},{"@type":"WebSite","@id":"https:\/\/xstyle.md\/#website","url":"https:\/\/xstyle.md\/","name":"Magazinul X-Style","description":"Echipamente pentru turism \u0219i sporturi extreme \u00een Moldova. Pre\u021buri, fotografii, caracteristici \u00een Moldova.","publisher":{"@id":"https:\/\/xstyle.md\/#organization"},"alternateName":"X-Style","potentialAction":[{"@type":"SearchAction","target":{"@type":"EntryPoint","urlTemplate":"https:\/\/xstyle.md\/?s={search_term_string}"},"query-input":{"@type":"PropertyValueSpecification","valueRequired":true,"valueName":"search_term_string"}}],"inLanguage":"ro-RO"},{"@type":"Organization","@id":"https:\/\/xstyle.md\/#organization","name":"Magazinul X-Style","alternateName":"x-style","url":"https:\/\/xstyle.md\/","logo":{"@type":"ImageObject","inLanguage":"ro-RO","@id":"https:\/\/xstyle.md\/#\/schema\/logo\/image\/","url":"https:\/\/xstyle.md\/wp-content\/uploads\/2020\/06\/logoicon.svg","contentUrl":"https:\/\/xstyle.md\/wp-content\/uploads\/2020\/06\/logoicon.svg","caption":"\u041c\u0430\u0433\u0430\u0437\u0438\u043d Xstyle"},"image":{"@id":"https:\/\/xstyle.md\/#\/schema\/logo\/image\/"},"sameAs":["https:\/\/www.facebook.com\/xstylemd","https:\/\/www.instagram.com\/xstyle_md\/","https:\/\/t.me\/xstyle_outdoor"],"hasMerchantReturnPolicy":{"@type":"MerchantReturnPolicy","merchantReturnLink":"https:\/\/xstyle.md\/ro\/conditions\/"}}]},"product_price_amount":"995.00","product_price_currency":"MDL","og_availability":"instock","product_availability":"instock","product_retailer_item_id":"5059913005614","product_condition":"new"},"post_mailing_queue_ids":[],"_links":{"self":[{"href":"https:\/\/xstyle.md\/ro\/wp-json\/wp\/v2\/product\/63486","targetHints":{"allow":["GET"]}}],"collection":[{"href":"https:\/\/xstyle.md\/ro\/wp-json\/wp\/v2\/product"}],"about":[{"href":"https:\/\/xstyle.md\/ro\/wp-json\/wp\/v2\/types\/product"}],"replies":[{"embeddable":true,"href":"https:\/\/xstyle.md\/ro\/wp-json\/wp\/v2\/comments?post=63486"}],"wp:featuredmedia":[{"embeddable":true,"href":"https:\/\/xstyle.md\/ro\/wp-json\/wp\/v2\/media\/64086"}],"wp:attachment":[{"href":"https:\/\/xstyle.md\/ro\/wp-json\/wp\/v2\/media?parent=63486"}],"wp:term":[{"taxonomy":"product_brand","embeddable":true,"href":"https:\/\/xstyle.md\/ro\/wp-json\/wp\/v2\/product_brand?post=63486"},{"taxonomy":"product_cat","embeddable":true,"href":"https:\/\/xstyle.md\/ro\/wp-json\/wp\/v2\/product_cat?post=63486"},{"taxonomy":"product_tag","embeddable":true,"href":"https:\/\/xstyle.md\/ro\/wp-json\/wp\/v2\/product_tag?post=63486"}],"curies":[{"name":"wp","href":"https:\/\/api.w.org\/{rel}","templated":true}]}}