{"id":63478,"date":"2023-01-25T13:47:07","date_gmt":"2023-01-25T10:47:07","guid":{"rendered":"https:\/\/xstyle.md\/?post_type=product&#038;p=63478"},"modified":"2026-01-09T12:32:09","modified_gmt":"2026-01-09T09:32:09","slug":"chuni-rab-down-hut-slipper-atlantis","status":"publish","type":"product","link":"https:\/\/xstyle.md\/ro\/produs\/chuni-rab-down-hut-slipper-atlantis\/","title":{"rendered":"Papuci de cort Rab Down Hut Slipper Atlantis"},"content":{"rendered":"<\/p>\n<p><strong>Rab Cirrus Hut Slipper <\/strong>&#8212; papuci u\u0219ori pentru drume\u021bii, concepu\u021bi pentru a oferi c\u0103ldur\u0103 \u0219i confort maxim la sf\u00e2r\u0219itul unei zile grele de drume\u021bii \u0219i schi, precum \u0219i \u00een jurul unui foc de tab\u0103r\u0103. Sunt confec\u021biona\u021bi din materiale ecologice, reciclate, care nu d\u0103uneaz\u0103 naturii sau picioarelor dumneavoastr\u0103.<\/p>\n<p>Cu izola\u021bia sintetic\u0103 PrimaLoft\u00ae Silver Insulation Luxe\u2122, care imit\u0103 propriet\u0103\u021bile pufului, picioarele vor fi mereu calde. Iar membrana Pertex\u00ae Quantum cu uscare rapid\u0103 protejeaz\u0103 \u00eempotriva v\u00e2ntului \u0219i a umezelii, men\u021bin\u00e2ndu-v\u0103 uscat \u0219i confortabil oriunde a\u021bi r\u0103m\u00e2ne peste noapte. Talpa exterioar\u0103 din EVA \u0219i c\u0103ptu\u0219eala din nailon reciclat ofer\u0103 un confort sporit, \u00een timp ce talpa antiderapant\u0103 garanteaz\u0103 o bun\u0103 trac\u021biune.<\/p>\n<p>Incaltaminte pentru cort Cirrus Hut v\u0103 va permite s\u0103 v\u0103 odihni\u021bi picioarele de cizmele grele de munte \u0219i s\u0103 v\u0103 bucura\u021bi de c\u0103ldur\u0103 p\u00e2n\u0103 \u00een v\u00e2rful degetelor.<\/p>\n<h3>Particularit\u0103\u021bi<\/h3>\n<ul>\n<li>Intrare elastic\u0103 cu inser\u021bii elastice pentru o potrivire perfect\u0103<\/li>\n<li>Izola\u021bia sintetic\u0103 cu umplutur\u0103 liber\u0103 v\u0103 men\u021bine c\u0103ldura<\/li>\n<li>Margine robust\u0103 din nailon 600D pentru rezisten\u021b\u0103 la abraziune<\/li>\n<li>Talp\u0103 intermediar\u0103 EVA antiderapant\u0103<\/li>\n<li>Bucla de tragere din spate.<\/li>\n<\/ul>\n<h3>Caracteristici<\/h3>\n<ul>\n<li>\u021aes\u0103tur\u0103 exterioar\u0103 &#8212; Pertex\u00ae Quantum<\/li>\n<li>Izola\u021bie &#8212; PrimaLoft\u00ae Silver Insulation Luxe\u2122.<\/li>\n<li>Scop &#8212; alpinism, bivuac, camping, activit\u0103\u021bi la altitudine mare \u0219i activit\u0103\u021bi polare.<\/li>\n<li>Greutate &#8212; 172g.<\/li>\n<\/ul>\n<h3>Tehnologie<\/h3>\n<ul>\n<li><strong>Pertex<\/strong>\u00ae <strong>Cuantum <\/strong>&#8212; o \u021bes\u0103tur\u0103 cu membran\u0103 \u021besut\u0103 din fire incredibil de fine, caracterizat\u0103 printr-o rezisten\u021b\u0103 relativ\u0103 ridicat\u0103. Moliciunea excep\u021bional\u0103 a acestei \u021bes\u0103turi permite pufului sau izola\u021biei sintetice s\u0103 ocupe \u00eentregul volum alocat, \u00een timp ce \u021bes\u0103tura dens\u0103 \u00eempiedic\u0103 fibrele de puf s\u0103 p\u0103trund\u0103 \u00een \u021bes\u0103tur\u0103.<\/li>\n<li><strong>PrimaLoft\u00ae Silver Insulation Luxe\u2122<\/strong> &#8212; tehnologia incredibil de fin\u0103 a firelor, conceput\u0103 pentru a re\u021bine aerul \u00een continuare \u0219i pentru a \u00eembun\u0103t\u0103\u021bi performan\u021ba izola\u021biei. Un strat hidrofug durabil (DWR) protejeaz\u0103 \u00eempotriva ploii u\u0219oare \u0219i a z\u0103pezii, oferind protec\u021bie suplimentar\u0103 \u00eempotriva vremii nefavorabile.<\/li>\n<\/ul>\n<h3>Marca<\/h3>\n<p>Rab \u2014 un produc\u0103tor britanic de \u00eembr\u0103c\u0103minte \u0219i echipament pentru alpinism, al c\u0103rui punct forte este \u00eembr\u0103c\u0103mintea sportiv\u0103 de \u00eenalt\u0103 calitate \u0219i tehnologic avansat\u0103, izola\u021bia din puf \u0219i chestii pentru cap. Balaclavele acestui produc\u0103tor, de exemplu, sunt unele dintre cele mai bune exemple de pe pia\u021b\u0103, sacii de dormit se remarc\u0103 prin chibzuin\u021b\u0103.<\/p>\n<p>Compania a fost fondat\u0103 \u00een 1981 de alpinistul Rab Carrington. Baz\u00e2ndu-se pe propria sa experien\u021b\u0103 \u00een expedi\u021bii numeroase, Carrington a conceput ideea unui program ambi\u021bios pentru a asigura confort, protec\u021bie, \u0219 i libertate \u00een muni\u021bie, tobe \u0219 i alpinism.<\/p>\n<p>Gecile, sacii de dormit \u0219i \u00eembr\u0103c\u0103mintea de expedi\u021bie Rab sunt fabricate din puf de g\u00e2sc\u0103 \u0219i ra\u021b\u0103 certificate de c\u0103tre Responsible Down. Un tratament hidrofug f\u0103r\u0103 fluorocarbon numit Nikwax este, de asemenea, folosit \u00een \u00eembr\u0103c\u0103minte \u0219i saci de dormit pentru a preveni \u00eengreunarea lor \u00een ap\u0103. \u00cen plus, pentru izola\u021bie se folosesc materiale sintetice de \u00eenalt\u0103 calitate. \u00cembr\u0103c\u0103mintea Rab a devenit &#171;sinonim cu produsele de calitate superioar\u0103 fabricate din puf&#187;.<\/p>\n<p>","protected":false},"excerpt":{"rendered":"","protected":false},"featured_media":64071,"comment_status":"open","ping_status":"closed","template":"","meta":{"_acf_changed":false,"inline_featured_image":false},"product_brand":[1442],"product_cat":[1097],"product_tag":[],"class_list":{"0":"post-63478","1":"product","2":"type-product","3":"status-publish","4":"has-post-thumbnail","6":"product_brand-rab","7":"product_cat-chuni","9":"first","10":"instock","11":"shipping-taxable","12":"purchasable","13":"product-type-simple"},"acf":[],"yoast_head":"<!-- This site is optimized with the Yoast SEO plugin v27.2 - https:\/\/yoast.com\/product\/yoast-seo-wordpress\/ -->\n<title>\u0427\u0443\u043d\u0438 Rab Down Hut Slipper Atlantis - \u041c\u0430\u0433\u0430\u0437\u0438\u043d Xstyle<\/title>\n<meta name=\"description\" content=\"\u0427\u0443\u043d\u0438 Rab Down Hut Slipper Atlantis - \u043b\u0435\u0433\u043a\u0438\u0435 \u0438 \u0442\u0435\u043f\u043b\u044b\u0435, \u0441 PrimaLoft \u0438 Pertex. \u0418\u0434\u0435\u0430\u043b\u044c\u043d\u044b \u0434\u043b\u044f \u043e\u0442\u0434\u044b\u0445\u0430 \u043f\u043e\u0441\u043b\u0435 \u043f\u043e\u0445\u043e\u0434\u0430, \u043e\u0431\u0435\u0441\u043f\u0435\u0447\u0438\u0432\u0430\u044e\u0442 \u043a\u043e\u043c\u0444\u043e\u0440\u0442 \u0438 \u0442\u0435\u043f\u043b\u043e.\" \/>\n<meta name=\"robots\" content=\"index, follow, max-snippet:-1, max-image-preview:large, max-video-preview:-1\" \/>\n<link rel=\"canonical\" href=\"https:\/\/xstyle.md\/ro\/produs\/chuni-rab-down-hut-slipper-atlantis\/\" \/>\n<meta property=\"og:locale\" content=\"ro_RO\" \/>\n<meta property=\"og:type\" content=\"article\" \/>\n<meta property=\"og:title\" content=\"\u0427\u0443\u043d\u0438 Rab Down Hut Slipper Atlantis - \u041c\u0430\u0433\u0430\u0437\u0438\u043d Xstyle\" \/>\n<meta property=\"og:description\" content=\"\u0427\u0443\u043d\u0438 Rab Down Hut Slipper Atlantis - \u043b\u0435\u0433\u043a\u0438\u0435 \u0438 \u0442\u0435\u043f\u043b\u044b\u0435, \u0441 PrimaLoft \u0438 Pertex. \u0418\u0434\u0435\u0430\u043b\u044c\u043d\u044b \u0434\u043b\u044f \u043e\u0442\u0434\u044b\u0445\u0430 \u043f\u043e\u0441\u043b\u0435 \u043f\u043e\u0445\u043e\u0434\u0430, \u043e\u0431\u0435\u0441\u043f\u0435\u0447\u0438\u0432\u0430\u044e\u0442 \u043a\u043e\u043c\u0444\u043e\u0440\u0442 \u0438 \u0442\u0435\u043f\u043b\u043e.\" \/>\n<meta property=\"og:url\" content=\"https:\/\/xstyle.md\/ro\/produs\/chuni-rab-down-hut-slipper-atlantis\/\" \/>\n<meta property=\"og:site_name\" content=\"\u041c\u0430\u0433\u0430\u0437\u0438\u043d Xstyle\" \/>\n<meta property=\"article:publisher\" content=\"https:\/\/www.facebook.com\/xstylemd\" \/>\n<meta property=\"article:modified_time\" content=\"2026-01-09T09:32:09+00:00\" \/>\n<meta property=\"og:image\" content=\"https:\/\/xstyle.md\/wp-content\/uploads\/2023\/01\/rab-down-hut-slipper-atlantis-1.jpg\" \/>\n\t<meta property=\"og:image:width\" content=\"791\" \/>\n\t<meta property=\"og:image:height\" content=\"749\" \/>\n\t<meta property=\"og:image:type\" content=\"image\/jpeg\" \/>\n<meta name=\"twitter:card\" content=\"summary_large_image\" \/>\n<meta name=\"twitter:label1\" content=\"Pre\u021b\" \/>\n\t<meta name=\"twitter:data1\" content=\"790&nbsp;MDL\" \/>\n\t<meta name=\"twitter:label2\" content=\"Disponibilitate\" \/>\n\t<meta name=\"twitter:data2\" content=\"\u00cen stoc\" \/>\n<script type=\"application\/ld+json\" class=\"yoast-schema-graph\">{\"@context\":\"https:\/\/schema.org\",\"@graph\":[{\"@type\":\"WebPage\",\"@id\":\"https:\/\/xstyle.md\/product\/chuni-rab-down-hut-slipper-atlantis\/\",\"url\":\"https:\/\/xstyle.md\/product\/chuni-rab-down-hut-slipper-atlantis\/\",\"name\":\"\u0427\u0443\u043d\u0438 Rab Down Hut Slipper Atlantis - \u041c\u0430\u0433\u0430\u0437\u0438\u043d Xstyle\",\"isPartOf\":{\"@id\":\"https:\/\/xstyle.md\/#website\"},\"primaryImageOfPage\":{\"@id\":\"https:\/\/xstyle.md\/product\/chuni-rab-down-hut-slipper-atlantis\/#primaryimage\"},\"image\":{\"@id\":\"https:\/\/xstyle.md\/product\/chuni-rab-down-hut-slipper-atlantis\/#primaryimage\"},\"thumbnailUrl\":\"https:\/\/xstyle.md\/wp-content\/uploads\/2023\/01\/rab-down-hut-slipper-atlantis-1.jpg\",\"datePublished\":\"2023-01-25T10:47:07+00:00\",\"dateModified\":\"2026-01-09T09:32:09+00:00\",\"description\":\"\u0427\u0443\u043d\u0438 Rab Down Hut Slipper Atlantis - \u043b\u0435\u0433\u043a\u0438\u0435 \u0438 \u0442\u0435\u043f\u043b\u044b\u0435, \u0441 PrimaLoft \u0438 Pertex. \u0418\u0434\u0435\u0430\u043b\u044c\u043d\u044b \u0434\u043b\u044f \u043e\u0442\u0434\u044b\u0445\u0430 \u043f\u043e\u0441\u043b\u0435 \u043f\u043e\u0445\u043e\u0434\u0430, \u043e\u0431\u0435\u0441\u043f\u0435\u0447\u0438\u0432\u0430\u044e\u0442 \u043a\u043e\u043c\u0444\u043e\u0440\u0442 \u0438 \u0442\u0435\u043f\u043b\u043e.\",\"breadcrumb\":{\"@id\":\"https:\/\/xstyle.md\/product\/chuni-rab-down-hut-slipper-atlantis\/#breadcrumb\"},\"inLanguage\":\"ro-RO\",\"potentialAction\":[{\"@type\":\"ReadAction\",\"target\":[\"https:\/\/xstyle.md\/product\/chuni-rab-down-hut-slipper-atlantis\/\"]}]},{\"@type\":\"ImageObject\",\"inLanguage\":\"ro-RO\",\"@id\":\"https:\/\/xstyle.md\/product\/chuni-rab-down-hut-slipper-atlantis\/#primaryimage\",\"url\":\"https:\/\/xstyle.md\/wp-content\/uploads\/2023\/01\/rab-down-hut-slipper-atlantis-1.jpg\",\"contentUrl\":\"https:\/\/xstyle.md\/wp-content\/uploads\/2023\/01\/rab-down-hut-slipper-atlantis-1.jpg\",\"width\":791,\"height\":749,\"caption\":\"\u0422\u0435\u043f\u043b\u044b\u0435 \u043c\u0435\u0445\u043e\u0432\u044b\u0435 \u0442\u0430\u043f\u043e\u0447\u043a\u0438 Rab Down Hut Slipper Atlantis \u0434\u043b\u044f \u0430\u043a\u0442\u0438\u0432\u043d\u043e\u0433\u043e \u043e\u0442\u0434\u044b\u0445\u0430, \u043f\u043e\u0445\u043e\u0434\u043e\u0432, \u043f\u0443\u0442\u0435\u0448\u0435\u0441\u0442\u0432\u0438\u0439 \u0438 \u0443\u043b\u0438\u0447\u043d\u043e\u0439 \u043e\u0431\u0443\u0432\u0438 \u0434\u043b\u044f \u043f\u0443\u0442\u0435\u0448\u0435\u0441\u0442\u0432\u0435\u043d\u043d\u0438\u043a\u043e\u0432 \u0438 \u043b\u044e\u0431\u0438\u0442\u0435\u043b\u0435\u0439 \u0433\u043e\u0440\u043d\u044b\u0445 \u043f\u043e\u0445\u043e\u0434\u043e\u0432\"},{\"@type\":\"BreadcrumbList\",\"@id\":\"https:\/\/xstyle.md\/product\/chuni-rab-down-hut-slipper-atlantis\/#breadcrumb\",\"itemListElement\":[{\"@type\":\"ListItem\",\"position\":1,\"name\":\"\u0413\u043b\u0430\u0432\u043d\u0430\u044f \u0441\u0442\u0440\u0430\u043d\u0438\u0446\u0430\",\"item\":\"https:\/\/xstyle.md\/\"},{\"@type\":\"ListItem\",\"position\":2,\"name\":\"\u041c\u0430\u0433\u0430\u0437\u0438\u043d\",\"item\":\"https:\/\/xstyle.md\/shop\/\"},{\"@type\":\"ListItem\",\"position\":3,\"name\":\"\u0427\u0443\u043d\u0438 Rab Down Hut Slipper Atlantis\"}]},{\"@type\":\"WebSite\",\"@id\":\"https:\/\/xstyle.md\/#website\",\"url\":\"https:\/\/xstyle.md\/\",\"name\":\"\u041c\u0430\u0433\u0430\u0437\u0438\u043d Xstyle\",\"description\":\"C\u043d\u0430\u0440\u044f\u0436\u0435\u043d\u0438\u0435 \u0434\u043b\u044f \u0442\u0443\u0440\u0438\u0437\u043c\u0430 \u0438 \u044d\u043a\u0441\u0442\u0440\u0435\u043c\u0430\u043b\u044c\u043d\u044b\u0445 \u0432\u0438\u0434\u043e\u0432 \u0441\u043f\u043e\u0440\u0442\u0430 \u0432 \u041c\u043e\u043b\u0434\u043e\u0432\u0435.. \u0426\u0435\u043d\u044b, \u0444\u043e\u0442\u043e, \u0445\u0430\u0440\u0430\u043a\u0442\u0435\u0440\u0438\u0441\u0442\u0438\u043a\u0438 \u0432 \u041c\u043e\u043b\u0434\u043e\u0432\u0435.\",\"publisher\":{\"@id\":\"https:\/\/xstyle.md\/#organization\"},\"alternateName\":\"X-Style\",\"potentialAction\":[{\"@type\":\"SearchAction\",\"target\":{\"@type\":\"EntryPoint\",\"urlTemplate\":\"https:\/\/xstyle.md\/?s={search_term_string}\"},\"query-input\":{\"@type\":\"PropertyValueSpecification\",\"valueRequired\":true,\"valueName\":\"search_term_string\"}}],\"inLanguage\":\"ro-RO\"},{\"@type\":\"Organization\",\"@id\":\"https:\/\/xstyle.md\/#organization\",\"name\":\"\u041c\u0430\u0433\u0430\u0437\u0438\u043d Xstyle\",\"alternateName\":\"x-style\",\"url\":\"https:\/\/xstyle.md\/\",\"logo\":{\"@type\":\"ImageObject\",\"inLanguage\":\"ro-RO\",\"@id\":\"https:\/\/xstyle.md\/#\/schema\/logo\/image\/\",\"url\":\"https:\/\/xstyle.md\/wp-content\/uploads\/2020\/06\/logoicon.svg\",\"contentUrl\":\"https:\/\/xstyle.md\/wp-content\/uploads\/2020\/06\/logoicon.svg\",\"caption\":\"\u041c\u0430\u0433\u0430\u0437\u0438\u043d Xstyle\"},\"image\":{\"@id\":\"https:\/\/xstyle.md\/#\/schema\/logo\/image\/\"},\"sameAs\":[\"https:\/\/www.facebook.com\/xstylemd\",\"https:\/\/www.instagram.com\/xstyle_md\/\",\"https:\/\/t.me\/xstyle_outdoor\"],\"hasMerchantReturnPolicy\":{\"@type\":\"MerchantReturnPolicy\",\"merchantReturnLink\":\"https:\/\/xstyle.md\/ro\/conditions\/\"}}]}<\/script>\n<meta property=\"product:price:amount\" content=\"790.00\" \/>\n<meta property=\"product:price:currency\" content=\"MDL\" \/>\n<meta property=\"og:availability\" content=\"instock\" \/>\n<meta property=\"product:availability\" content=\"instock\" \/>\n<meta property=\"product:retailer_item_id\" content=\"821468971974\" \/>\n<meta property=\"product:condition\" content=\"new\" \/>\n<!-- \/ Yoast SEO plugin. -->","yoast_head_json":{"title":"\u0427\u0443\u043d\u0438 Rab Down Hut Slipper Atlantis - \u041c\u0430\u0433\u0430\u0437\u0438\u043d Xstyle","description":"\u0427\u0443\u043d\u0438 Rab Down Hut Slipper Atlantis - \u043b\u0435\u0433\u043a\u0438\u0435 \u0438 \u0442\u0435\u043f\u043b\u044b\u0435, \u0441 PrimaLoft \u0438 Pertex. \u0418\u0434\u0435\u0430\u043b\u044c\u043d\u044b \u0434\u043b\u044f \u043e\u0442\u0434\u044b\u0445\u0430 \u043f\u043e\u0441\u043b\u0435 \u043f\u043e\u0445\u043e\u0434\u0430, \u043e\u0431\u0435\u0441\u043f\u0435\u0447\u0438\u0432\u0430\u044e\u0442 \u043a\u043e\u043c\u0444\u043e\u0440\u0442 \u0438 \u0442\u0435\u043f\u043b\u043e.","robots":{"index":"index","follow":"follow","max-snippet":"max-snippet:-1","max-image-preview":"max-image-preview:large","max-video-preview":"max-video-preview:-1"},"canonical":"https:\/\/xstyle.md\/ro\/produs\/chuni-rab-down-hut-slipper-atlantis\/","og_locale":"ro_RO","og_type":"article","og_title":"\u0427\u0443\u043d\u0438 Rab Down Hut Slipper Atlantis - \u041c\u0430\u0433\u0430\u0437\u0438\u043d Xstyle","og_description":"\u0427\u0443\u043d\u0438 Rab Down Hut Slipper Atlantis - \u043b\u0435\u0433\u043a\u0438\u0435 \u0438 \u0442\u0435\u043f\u043b\u044b\u0435, \u0441 PrimaLoft \u0438 Pertex. \u0418\u0434\u0435\u0430\u043b\u044c\u043d\u044b \u0434\u043b\u044f \u043e\u0442\u0434\u044b\u0445\u0430 \u043f\u043e\u0441\u043b\u0435 \u043f\u043e\u0445\u043e\u0434\u0430, \u043e\u0431\u0435\u0441\u043f\u0435\u0447\u0438\u0432\u0430\u044e\u0442 \u043a\u043e\u043c\u0444\u043e\u0440\u0442 \u0438 \u0442\u0435\u043f\u043b\u043e.","og_url":"https:\/\/xstyle.md\/ro\/produs\/chuni-rab-down-hut-slipper-atlantis\/","og_site_name":"\u041c\u0430\u0433\u0430\u0437\u0438\u043d Xstyle","article_publisher":"https:\/\/www.facebook.com\/xstylemd","article_modified_time":"2026-01-09T09:32:09+00:00","og_image":[{"width":791,"height":749,"url":"https:\/\/xstyle.md\/wp-content\/uploads\/2023\/01\/rab-down-hut-slipper-atlantis-1.jpg","type":"image\/jpeg"}],"twitter_card":"summary_large_image","twitter_misc":{"Pre\u021b":"790&nbsp;MDL","Disponibilitate":"\u00cen stoc"},"schema":{"@context":"https:\/\/schema.org","@graph":[{"@type":"WebPage","@id":"https:\/\/xstyle.md\/product\/chuni-rab-down-hut-slipper-atlantis\/","url":"https:\/\/xstyle.md\/product\/chuni-rab-down-hut-slipper-atlantis\/","name":"\u0427\u0443\u043d\u0438 Rab Down Hut Slipper Atlantis - \u041c\u0430\u0433\u0430\u0437\u0438\u043d Xstyle","isPartOf":{"@id":"https:\/\/xstyle.md\/#website"},"primaryImageOfPage":{"@id":"https:\/\/xstyle.md\/product\/chuni-rab-down-hut-slipper-atlantis\/#primaryimage"},"image":{"@id":"https:\/\/xstyle.md\/product\/chuni-rab-down-hut-slipper-atlantis\/#primaryimage"},"thumbnailUrl":"https:\/\/xstyle.md\/wp-content\/uploads\/2023\/01\/rab-down-hut-slipper-atlantis-1.jpg","datePublished":"2023-01-25T10:47:07+00:00","dateModified":"2026-01-09T09:32:09+00:00","description":"\u0427\u0443\u043d\u0438 Rab Down Hut Slipper Atlantis - \u043b\u0435\u0433\u043a\u0438\u0435 \u0438 \u0442\u0435\u043f\u043b\u044b\u0435, \u0441 PrimaLoft \u0438 Pertex. \u0418\u0434\u0435\u0430\u043b\u044c\u043d\u044b \u0434\u043b\u044f \u043e\u0442\u0434\u044b\u0445\u0430 \u043f\u043e\u0441\u043b\u0435 \u043f\u043e\u0445\u043e\u0434\u0430, \u043e\u0431\u0435\u0441\u043f\u0435\u0447\u0438\u0432\u0430\u044e\u0442 \u043a\u043e\u043c\u0444\u043e\u0440\u0442 \u0438 \u0442\u0435\u043f\u043b\u043e.","breadcrumb":{"@id":"https:\/\/xstyle.md\/product\/chuni-rab-down-hut-slipper-atlantis\/#breadcrumb"},"inLanguage":"ro-RO","potentialAction":[{"@type":"ReadAction","target":["https:\/\/xstyle.md\/product\/chuni-rab-down-hut-slipper-atlantis\/"]}]},{"@type":"ImageObject","inLanguage":"ro-RO","@id":"https:\/\/xstyle.md\/product\/chuni-rab-down-hut-slipper-atlantis\/#primaryimage","url":"https:\/\/xstyle.md\/wp-content\/uploads\/2023\/01\/rab-down-hut-slipper-atlantis-1.jpg","contentUrl":"https:\/\/xstyle.md\/wp-content\/uploads\/2023\/01\/rab-down-hut-slipper-atlantis-1.jpg","width":791,"height":749,"caption":"\u0422\u0435\u043f\u043b\u044b\u0435 \u043c\u0435\u0445\u043e\u0432\u044b\u0435 \u0442\u0430\u043f\u043e\u0447\u043a\u0438 Rab Down Hut Slipper Atlantis \u0434\u043b\u044f \u0430\u043a\u0442\u0438\u0432\u043d\u043e\u0433\u043e \u043e\u0442\u0434\u044b\u0445\u0430, \u043f\u043e\u0445\u043e\u0434\u043e\u0432, \u043f\u0443\u0442\u0435\u0448\u0435\u0441\u0442\u0432\u0438\u0439 \u0438 \u0443\u043b\u0438\u0447\u043d\u043e\u0439 \u043e\u0431\u0443\u0432\u0438 \u0434\u043b\u044f \u043f\u0443\u0442\u0435\u0448\u0435\u0441\u0442\u0432\u0435\u043d\u043d\u0438\u043a\u043e\u0432 \u0438 \u043b\u044e\u0431\u0438\u0442\u0435\u043b\u0435\u0439 \u0433\u043e\u0440\u043d\u044b\u0445 \u043f\u043e\u0445\u043e\u0434\u043e\u0432"},{"@type":"BreadcrumbList","@id":"https:\/\/xstyle.md\/product\/chuni-rab-down-hut-slipper-atlantis\/#breadcrumb","itemListElement":[{"@type":"ListItem","position":1,"name":"\u0413\u043b\u0430\u0432\u043d\u0430\u044f \u0441\u0442\u0440\u0430\u043d\u0438\u0446\u0430","item":"https:\/\/xstyle.md\/"},{"@type":"ListItem","position":2,"name":"\u041c\u0430\u0433\u0430\u0437\u0438\u043d","item":"https:\/\/xstyle.md\/shop\/"},{"@type":"ListItem","position":3,"name":"\u0427\u0443\u043d\u0438 Rab Down Hut Slipper Atlantis"}]},{"@type":"WebSite","@id":"https:\/\/xstyle.md\/#website","url":"https:\/\/xstyle.md\/","name":"Magazinul X-Style","description":"Echipamente pentru turism \u0219i sporturi extreme \u00een Moldova. Pre\u021buri, fotografii, caracteristici \u00een Moldova.","publisher":{"@id":"https:\/\/xstyle.md\/#organization"},"alternateName":"X-Style","potentialAction":[{"@type":"SearchAction","target":{"@type":"EntryPoint","urlTemplate":"https:\/\/xstyle.md\/?s={search_term_string}"},"query-input":{"@type":"PropertyValueSpecification","valueRequired":true,"valueName":"search_term_string"}}],"inLanguage":"ro-RO"},{"@type":"Organization","@id":"https:\/\/xstyle.md\/#organization","name":"Magazinul X-Style","alternateName":"x-style","url":"https:\/\/xstyle.md\/","logo":{"@type":"ImageObject","inLanguage":"ro-RO","@id":"https:\/\/xstyle.md\/#\/schema\/logo\/image\/","url":"https:\/\/xstyle.md\/wp-content\/uploads\/2020\/06\/logoicon.svg","contentUrl":"https:\/\/xstyle.md\/wp-content\/uploads\/2020\/06\/logoicon.svg","caption":"\u041c\u0430\u0433\u0430\u0437\u0438\u043d Xstyle"},"image":{"@id":"https:\/\/xstyle.md\/#\/schema\/logo\/image\/"},"sameAs":["https:\/\/www.facebook.com\/xstylemd","https:\/\/www.instagram.com\/xstyle_md\/","https:\/\/t.me\/xstyle_outdoor"],"hasMerchantReturnPolicy":{"@type":"MerchantReturnPolicy","merchantReturnLink":"https:\/\/xstyle.md\/ro\/conditions\/"}}]},"product_price_amount":"790.00","product_price_currency":"MDL","og_availability":"instock","product_availability":"instock","product_retailer_item_id":"821468971974","product_condition":"new"},"post_mailing_queue_ids":[],"_links":{"self":[{"href":"https:\/\/xstyle.md\/ro\/wp-json\/wp\/v2\/product\/63478","targetHints":{"allow":["GET"]}}],"collection":[{"href":"https:\/\/xstyle.md\/ro\/wp-json\/wp\/v2\/product"}],"about":[{"href":"https:\/\/xstyle.md\/ro\/wp-json\/wp\/v2\/types\/product"}],"replies":[{"embeddable":true,"href":"https:\/\/xstyle.md\/ro\/wp-json\/wp\/v2\/comments?post=63478"}],"wp:featuredmedia":[{"embeddable":true,"href":"https:\/\/xstyle.md\/ro\/wp-json\/wp\/v2\/media\/64071"}],"wp:attachment":[{"href":"https:\/\/xstyle.md\/ro\/wp-json\/wp\/v2\/media?parent=63478"}],"wp:term":[{"taxonomy":"product_brand","embeddable":true,"href":"https:\/\/xstyle.md\/ro\/wp-json\/wp\/v2\/product_brand?post=63478"},{"taxonomy":"product_cat","embeddable":true,"href":"https:\/\/xstyle.md\/ro\/wp-json\/wp\/v2\/product_cat?post=63478"},{"taxonomy":"product_tag","embeddable":true,"href":"https:\/\/xstyle.md\/ro\/wp-json\/wp\/v2\/product_tag?post=63478"}],"curies":[{"name":"wp","href":"https:\/\/api.w.org\/{rel}","templated":true}]}}