{"id":63471,"date":"2023-01-25T13:47:06","date_gmt":"2023-01-25T10:47:06","guid":{"rendered":"https:\/\/xstyle.md\/?post_type=product&#038;p=63471"},"modified":"2025-10-24T12:44:01","modified_gmt":"2025-10-24T09:44:01","slug":"filtr-katadyn-combi-filter","status":"publish","type":"product","link":"https:\/\/xstyle.md\/ro\/produs\/filtr-katadyn-combi-filter\/","title":{"rendered":"Filtru Katadyn Combi Filter"},"content":{"rendered":"<\/p>\n<p><strong>Katadyn Combi Filter<\/strong> &#8212; filtrul de ap\u0103 universal pentru expedi\u021bii v\u0103 permite s\u0103 be\u021bi \u00een siguran\u021b\u0103 ap\u0103 din corpuri de ap\u0103 deschise &#8212; r\u00e2uri \u0219i lacuri, f\u0103r\u0103 fierbere sau orice alt tratament suplimentar.<\/p>\n<p>Potrivit pentru expedi\u021bii, c\u0103l\u0103torii \u0219i scopuri militare. Dou\u0103 niveluri de filtrare &#8212; ceramic\u0103 \u0219i c\u0103rbune activ &#8212; elimin\u0103 agen\u021bii patogeni \u0219i substan\u021bele chimice \u0219i \u00eembun\u0103t\u0103\u021besc gustul apei. Potrivit pentru ap\u0103 murdar\u0103 \u0219i tulbure. Ideal pentru grupuri de 2 p\u00e2n\u0103 la 5 persoane.<\/p>\n<p>Filtrele Katadyn Combi sunt achizi\u021bionate \u00een mod regulat la nivel guvernamental \u00een scopuri militare \u0219i umanitare.<\/p>\n<h3>Particularit\u0103\u021bi<\/h3>\n<ul>\n<li>Filtru de ap\u0103 universal pentru expedi\u021bie.<\/li>\n<li>Poate fi folosit ca filtru sta\u021bionar \u00een mediul rural, \u00eentr-o remorc\u0103 sau pe o barc\u0103. Datorit\u0103 adaptorului de robinet Plus Add-On Kit, filtrul poate fi conectat la un robinet de ap\u0103.<\/li>\n<li>Potrivit pentru filtrarea apei foarte murdare \u0219i tulbure.<\/li>\n<li>Design simplu \u0219i robust.<\/li>\n<li>Durat\u0103 lung\u0103 de via\u021b\u0103: 50.000 de litri \u00eenainte de schimbarea cartu\u0219ului, \u00een func\u021bie de calitatea apei (cu c\u00e2t apa este mai tulbure, cu at\u00e2t cartu\u0219ul va trebui cur\u0103\u021bat mai des \u0219i durata de via\u021b\u0103 rezultat\u0103 va fi mai scurt\u0103).<\/li>\n<li>Filtrul ceramic de ad\u00e2ncime elimin\u0103 \u00een mod fiabil bacteriile, protozoarele \u0219i al\u021bi agen\u021bi patogeni.<\/li>\n<li>Datorit\u0103 unui adaptor special, Combi poate fi conectat direct, f\u0103r\u0103 furtun, la sticle cu g\u00e2t \u00eengust (PET standard) sau larg (Hydrapak, Nalgene).<\/li>\n<\/ul>\n<h2>Principiul de func\u021bionare<\/h2>\n<h3>Filtrare<\/h3>\n<p>Apa este purificat\u0103 prin trecerea printr-un cartu\u0219 ceramic cu o structur\u0103 microporoas\u0103 complex\u0103. Diametrul porilor cartu\u0219ului este de 0,2 microni (0,002 mm).<\/p>\n<p>Agen\u021bii patogeni r\u0103m\u00e2n pe suprafa\u021ba cartu\u0219ului deoarece nu pot trece prin pori &#8212; dimensiunea lor este mai mare dec\u00e2t diametrul porilor.<\/p>\n<p>Masa ceramic\u0103 a cartu\u0219ului con\u021bine ioni de argint, care au un efect bacteriostatic &#8212; \u00eempiedic\u00e2nd dezvoltarea bacteriilor prinse pe suprafa\u021ba filtrului.<\/p>\n<p>Al doilea nivel de filtrare este reprezentat de c\u0103rbunele activ, care absoarbe compu\u0219ii chimici (metale grele, produse petroliere, amoniac, pesticide \u0219i erbicide, compu\u0219i de azot &#8212; nitra\u021bi, nitri\u021bi etc.), precum \u0219i gustul \u0219i mirosul nepl\u0103cut.<\/p>\n<p>Debitul de ap\u0103 este asigurat de o pomp\u0103 manual\u0103 integrat\u0103. Rata de filtrare este de 1 litru pe minut.<\/p>\n<p>Filtrul func\u021bioneaz\u0103 100% mecanic, f\u0103r\u0103 reactivi sau baterii.<\/p>\n<h3>Cur\u0103\u021barea cartu\u0219ului<\/h3>\n<p>Cartu\u0219ul ceramic poate fi cur\u0103\u021bat \u00een mod repetat, chiar \u0219i pe teren, prin trecerea unui burete abraziv pe suprafa\u021ba sa exterioar\u0103. Cartu\u0219ul se sub\u021biaz\u0103 pe m\u0103sur\u0103 ce este cur\u0103\u021bat. Aparatul de m\u0103surare a duratei de via\u021b\u0103 inclus m\u0103soar\u0103 diametrul cartu\u0219ului \u0219i indic\u0103 momentul \u00een care elementul filtrant trebuie \u00eenlocuit.<\/p>\n<h3>Caracteristici<\/h3>\n<ul>\n<li>Tehnologie: pomp\u0103, filtru ceramic cu ioni de argint (pori de 0,2 microni, c\u0103rbune activ \u00eenlocuibil).<\/li>\n<li>Efect: elimin\u0103 bacteriile, protozoarele, algele, turbiditatea, sporii, chisturile \u0219i virusurile ata\u0219ate la particule mai mari de 0,2 microni. Reduce concentra\u021bia de substan\u021be chimice.<\/li>\n<li>Capacitate: 1 litru\/min.<\/li>\n<li>Resurse cartu\u0219: p\u00e2n\u0103 la 50.000 de litri, \u00een func\u021bie de calitatea apei, c\u0103rbune activ &#8212; p\u00e2n\u0103 la 400 de litri.<\/li>\n<li>Greutate: 580 g.<\/li>\n<li>Dimensiuni: 27 x 6 cm.<\/li>\n<li>Materiale: plastic, o\u021bel inoxidabil, silicon, ceramic\u0103.<\/li>\n<\/ul>\n<h3>Setul include<\/h3>\n<ul>\n<li>Adaptor cu robinet Plus Add-On Kit<\/li>\n<li>Adaptor pentru sticl\u0103<\/li>\n<li>2 pachete de c\u0103rbune activat<\/li>\n<li>Geant\u0103 de transportare<\/li>\n<li>Pre-filtru, flotor, furtun de silicon<\/li>\n<li>Burete de cur\u0103\u021bare, unsoare de silicon, inel O.<\/li>\n<li>Contor de via\u021b\u0103 (integrat \u00een cartu\u0219).<\/li>\n<\/ul>\n<p><\/p>","protected":false},"excerpt":{"rendered":"","protected":false},"featured_media":65460,"comment_status":"open","ping_status":"closed","template":"","meta":{"_acf_changed":false,"inline_featured_image":false},"product_brand":[1304],"product_cat":[860],"product_tag":[],"class_list":{"0":"post-63471","1":"product","2":"type-product","3":"status-publish","4":"has-post-thumbnail","6":"product_brand-katadyn","7":"product_cat-filtre-pentru-apa","9":"first","10":"instock","11":"shipping-taxable","12":"purchasable","13":"product-type-simple"},"acf":[],"yoast_head":"<!-- This site is optimized with the Yoast SEO plugin v27.2 - https:\/\/yoast.com\/product\/yoast-seo-wordpress\/ -->\n<title>\u0424\u0438\u043b\u044c\u0442\u0440 Katadyn Combi Filter - \u041c\u0430\u0433\u0430\u0437\u0438\u043d Xstyle<\/title>\n<meta name=\"description\" content=\"\u0424\u0438\u043b\u044c\u0442\u0440 Katadyn Combi - \u0443\u043d\u0438\u0432\u0435\u0440\u0441\u0430\u043b\u044c\u043d\u043e\u0435 \u0440\u0435\u0448\u0435\u043d\u0438\u0435 \u0434\u043b\u044f \u0431\u0435\u0437\u043e\u043f\u0430\u0441\u043d\u043e\u0433\u043e \u043e\u0447\u0438\u0449\u0435\u043d\u0438\u044f \u0432\u043e\u0434\u044b \u0438\u0437 \u0440\u0435\u043a \u0438 \u043e\u0437\u0451\u0440. \u0418\u0434\u0435\u0430\u043b\u0435\u043d \u0434\u043b\u044f \u044d\u043a\u0441\u043f\u0435\u0434\u0438\u0446\u0438\u0439, \u0431\u0435\u0437 \u043a\u0438\u043f\u044f\u0447\u0435\u043d\u0438\u044f \u0438 \u0434\u043e\u043f\u043e\u043b\u043d\u0438\u0442\u0435\u043b\u044c\u043d\u044b\u0445 \u043e\u0431\u0440\u0430\u0431\u043e\u0442\u043e\u043a.\" \/>\n<meta name=\"robots\" content=\"index, follow, max-snippet:-1, max-image-preview:large, max-video-preview:-1\" \/>\n<link rel=\"canonical\" href=\"https:\/\/xstyle.md\/ro\/produs\/filtr-katadyn-combi-filter\/\" \/>\n<meta property=\"og:locale\" content=\"ro_RO\" \/>\n<meta property=\"og:type\" content=\"article\" \/>\n<meta property=\"og:title\" content=\"\u0424\u0438\u043b\u044c\u0442\u0440 Katadyn Combi Filter - \u041c\u0430\u0433\u0430\u0437\u0438\u043d Xstyle\" \/>\n<meta property=\"og:description\" content=\"\u0424\u0438\u043b\u044c\u0442\u0440 Katadyn Combi - \u0443\u043d\u0438\u0432\u0435\u0440\u0441\u0430\u043b\u044c\u043d\u043e\u0435 \u0440\u0435\u0448\u0435\u043d\u0438\u0435 \u0434\u043b\u044f \u0431\u0435\u0437\u043e\u043f\u0430\u0441\u043d\u043e\u0433\u043e \u043e\u0447\u0438\u0449\u0435\u043d\u0438\u044f \u0432\u043e\u0434\u044b \u0438\u0437 \u0440\u0435\u043a \u0438 \u043e\u0437\u0451\u0440. \u0418\u0434\u0435\u0430\u043b\u0435\u043d \u0434\u043b\u044f \u044d\u043a\u0441\u043f\u0435\u0434\u0438\u0446\u0438\u0439, \u0431\u0435\u0437 \u043a\u0438\u043f\u044f\u0447\u0435\u043d\u0438\u044f \u0438 \u0434\u043e\u043f\u043e\u043b\u043d\u0438\u0442\u0435\u043b\u044c\u043d\u044b\u0445 \u043e\u0431\u0440\u0430\u0431\u043e\u0442\u043e\u043a.\" \/>\n<meta property=\"og:url\" content=\"https:\/\/xstyle.md\/ro\/produs\/filtr-katadyn-combi-filter\/\" \/>\n<meta property=\"og:site_name\" content=\"\u041c\u0430\u0433\u0430\u0437\u0438\u043d Xstyle\" \/>\n<meta property=\"article:publisher\" content=\"https:\/\/www.facebook.com\/xstylemd\" \/>\n<meta property=\"article:modified_time\" content=\"2025-10-24T09:44:01+00:00\" \/>\n<meta property=\"og:image\" content=\"https:\/\/xstyle.md\/wp-content\/uploads\/2023\/01\/katadyn-combi-filter.jpg\" \/>\n\t<meta property=\"og:image:width\" content=\"800\" \/>\n\t<meta property=\"og:image:height\" content=\"800\" \/>\n\t<meta property=\"og:image:type\" content=\"image\/jpeg\" \/>\n<meta name=\"twitter:card\" content=\"summary_large_image\" \/>\n<meta name=\"twitter:label1\" content=\"Pre\u021b\" \/>\n\t<meta name=\"twitter:data1\" content=\"4.990&nbsp;MDL\" \/>\n\t<meta name=\"twitter:label2\" content=\"Disponibilitate\" \/>\n\t<meta name=\"twitter:data2\" content=\"\u00cen stoc\" \/>\n<script type=\"application\/ld+json\" class=\"yoast-schema-graph\">{\"@context\":\"https:\/\/schema.org\",\"@graph\":[{\"@type\":\"WebPage\",\"@id\":\"https:\/\/xstyle.md\/product\/filtr-katadyn-combi-filter\/\",\"url\":\"https:\/\/xstyle.md\/product\/filtr-katadyn-combi-filter\/\",\"name\":\"\u0424\u0438\u043b\u044c\u0442\u0440 Katadyn Combi Filter - \u041c\u0430\u0433\u0430\u0437\u0438\u043d Xstyle\",\"isPartOf\":{\"@id\":\"https:\/\/xstyle.md\/#website\"},\"primaryImageOfPage\":{\"@id\":\"https:\/\/xstyle.md\/product\/filtr-katadyn-combi-filter\/#primaryimage\"},\"image\":{\"@id\":\"https:\/\/xstyle.md\/product\/filtr-katadyn-combi-filter\/#primaryimage\"},\"thumbnailUrl\":\"https:\/\/xstyle.md\/wp-content\/uploads\/2023\/01\/katadyn-combi-filter.jpg\",\"datePublished\":\"2023-01-25T10:47:06+00:00\",\"dateModified\":\"2025-10-24T09:44:01+00:00\",\"description\":\"\u0424\u0438\u043b\u044c\u0442\u0440 Katadyn Combi - \u0443\u043d\u0438\u0432\u0435\u0440\u0441\u0430\u043b\u044c\u043d\u043e\u0435 \u0440\u0435\u0448\u0435\u043d\u0438\u0435 \u0434\u043b\u044f \u0431\u0435\u0437\u043e\u043f\u0430\u0441\u043d\u043e\u0433\u043e \u043e\u0447\u0438\u0449\u0435\u043d\u0438\u044f \u0432\u043e\u0434\u044b \u0438\u0437 \u0440\u0435\u043a \u0438 \u043e\u0437\u0451\u0440. \u0418\u0434\u0435\u0430\u043b\u0435\u043d \u0434\u043b\u044f \u044d\u043a\u0441\u043f\u0435\u0434\u0438\u0446\u0438\u0439, \u0431\u0435\u0437 \u043a\u0438\u043f\u044f\u0447\u0435\u043d\u0438\u044f \u0438 \u0434\u043e\u043f\u043e\u043b\u043d\u0438\u0442\u0435\u043b\u044c\u043d\u044b\u0445 \u043e\u0431\u0440\u0430\u0431\u043e\u0442\u043e\u043a.\",\"breadcrumb\":{\"@id\":\"https:\/\/xstyle.md\/product\/filtr-katadyn-combi-filter\/#breadcrumb\"},\"inLanguage\":\"ro-RO\",\"potentialAction\":[{\"@type\":\"ReadAction\",\"target\":[\"https:\/\/xstyle.md\/product\/filtr-katadyn-combi-filter\/\"]}]},{\"@type\":\"ImageObject\",\"inLanguage\":\"ro-RO\",\"@id\":\"https:\/\/xstyle.md\/product\/filtr-katadyn-combi-filter\/#primaryimage\",\"url\":\"https:\/\/xstyle.md\/wp-content\/uploads\/2023\/01\/katadyn-combi-filter.jpg\",\"contentUrl\":\"https:\/\/xstyle.md\/wp-content\/uploads\/2023\/01\/katadyn-combi-filter.jpg\",\"width\":800,\"height\":800,\"caption\":\"\u0424\u0438\u043b\u044c\u0442\u0440 Katadyn Combi \u0434\u043b\u044f \u0430\u043a\u0442\u0438\u0432\u043d\u043e\u0433\u043e \u043e\u0442\u0434\u044b\u0445\u0430 \u043f\u043e\u0445\u043e\u0434\u044b \u043f\u0443\u0442\u0435\u0448\u0435\u0441\u0442\u0432\u0438\u044f \u044d\u043a\u0438\u043f\u0438\u0440\u043e\u0432\u043a\u0430 \u0434\u043b\u044f \u0442\u0443\u0440\u0438\u0437\u043c\u0430 \u0438 \u0430\u043b\u044c\u043f\u0438\u043d\u0438\u0437\u043c\u0430, \u043e\u0434\u0435\u0436\u0434\u0430 \u0438 \u043e\u0431\u0443\u0432\u044c \u0434\u043b\u044f \u0430\u043a\u0442\u0438\u0432\u043d\u043e\u0433\u043e \u043e\u0431\u0440\u0430\u0437\u0430 \u0436\u0438\u0437\u043d\u0438 \u0432 \u0438\u043d\u0442\u0435\u0440\u043d\u0435\u0442 \u043c\u0430\u0433\u0430\u0437\u0438\u043d\u0435\"},{\"@type\":\"BreadcrumbList\",\"@id\":\"https:\/\/xstyle.md\/product\/filtr-katadyn-combi-filter\/#breadcrumb\",\"itemListElement\":[{\"@type\":\"ListItem\",\"position\":1,\"name\":\"\u0413\u043b\u0430\u0432\u043d\u0430\u044f \u0441\u0442\u0440\u0430\u043d\u0438\u0446\u0430\",\"item\":\"https:\/\/xstyle.md\/\"},{\"@type\":\"ListItem\",\"position\":2,\"name\":\"\u041c\u0430\u0433\u0430\u0437\u0438\u043d\",\"item\":\"https:\/\/xstyle.md\/shop\/\"},{\"@type\":\"ListItem\",\"position\":3,\"name\":\"\u0424\u0438\u043b\u044c\u0442\u0440 Katadyn Combi Filter\"}]},{\"@type\":\"WebSite\",\"@id\":\"https:\/\/xstyle.md\/#website\",\"url\":\"https:\/\/xstyle.md\/\",\"name\":\"\u041c\u0430\u0433\u0430\u0437\u0438\u043d Xstyle\",\"description\":\"C\u043d\u0430\u0440\u044f\u0436\u0435\u043d\u0438\u0435 \u0434\u043b\u044f \u0442\u0443\u0440\u0438\u0437\u043c\u0430 \u0438 \u044d\u043a\u0441\u0442\u0440\u0435\u043c\u0430\u043b\u044c\u043d\u044b\u0445 \u0432\u0438\u0434\u043e\u0432 \u0441\u043f\u043e\u0440\u0442\u0430 \u0432 \u041c\u043e\u043b\u0434\u043e\u0432\u0435.. \u0426\u0435\u043d\u044b, \u0444\u043e\u0442\u043e, \u0445\u0430\u0440\u0430\u043a\u0442\u0435\u0440\u0438\u0441\u0442\u0438\u043a\u0438 \u0432 \u041c\u043e\u043b\u0434\u043e\u0432\u0435.\",\"publisher\":{\"@id\":\"https:\/\/xstyle.md\/#organization\"},\"alternateName\":\"X-Style\",\"potentialAction\":[{\"@type\":\"SearchAction\",\"target\":{\"@type\":\"EntryPoint\",\"urlTemplate\":\"https:\/\/xstyle.md\/?s={search_term_string}\"},\"query-input\":{\"@type\":\"PropertyValueSpecification\",\"valueRequired\":true,\"valueName\":\"search_term_string\"}}],\"inLanguage\":\"ro-RO\"},{\"@type\":\"Organization\",\"@id\":\"https:\/\/xstyle.md\/#organization\",\"name\":\"\u041c\u0430\u0433\u0430\u0437\u0438\u043d Xstyle\",\"alternateName\":\"x-style\",\"url\":\"https:\/\/xstyle.md\/\",\"logo\":{\"@type\":\"ImageObject\",\"inLanguage\":\"ro-RO\",\"@id\":\"https:\/\/xstyle.md\/#\/schema\/logo\/image\/\",\"url\":\"https:\/\/xstyle.md\/wp-content\/uploads\/2020\/06\/logoicon.svg\",\"contentUrl\":\"https:\/\/xstyle.md\/wp-content\/uploads\/2020\/06\/logoicon.svg\",\"caption\":\"\u041c\u0430\u0433\u0430\u0437\u0438\u043d Xstyle\"},\"image\":{\"@id\":\"https:\/\/xstyle.md\/#\/schema\/logo\/image\/\"},\"sameAs\":[\"https:\/\/www.facebook.com\/xstylemd\",\"https:\/\/www.instagram.com\/xstyle_md\/\",\"https:\/\/t.me\/xstyle_outdoor\"],\"hasMerchantReturnPolicy\":{\"@type\":\"MerchantReturnPolicy\",\"merchantReturnLink\":\"https:\/\/xstyle.md\/ro\/conditions\/\"}}]}<\/script>\n<meta property=\"product:price:amount\" content=\"4990.00\" \/>\n<meta property=\"product:price:currency\" content=\"MDL\" \/>\n<meta property=\"og:availability\" content=\"instock\" \/>\n<meta property=\"product:availability\" content=\"instock\" \/>\n<meta property=\"product:retailer_item_id\" content=\"7612013176851\" \/>\n<meta property=\"product:condition\" content=\"new\" \/>\n<!-- \/ Yoast SEO plugin. -->","yoast_head_json":{"title":"\u0424\u0438\u043b\u044c\u0442\u0440 Katadyn Combi Filter - \u041c\u0430\u0433\u0430\u0437\u0438\u043d Xstyle","description":"\u0424\u0438\u043b\u044c\u0442\u0440 Katadyn Combi - \u0443\u043d\u0438\u0432\u0435\u0440\u0441\u0430\u043b\u044c\u043d\u043e\u0435 \u0440\u0435\u0448\u0435\u043d\u0438\u0435 \u0434\u043b\u044f \u0431\u0435\u0437\u043e\u043f\u0430\u0441\u043d\u043e\u0433\u043e \u043e\u0447\u0438\u0449\u0435\u043d\u0438\u044f \u0432\u043e\u0434\u044b \u0438\u0437 \u0440\u0435\u043a \u0438 \u043e\u0437\u0451\u0440. \u0418\u0434\u0435\u0430\u043b\u0435\u043d \u0434\u043b\u044f \u044d\u043a\u0441\u043f\u0435\u0434\u0438\u0446\u0438\u0439, \u0431\u0435\u0437 \u043a\u0438\u043f\u044f\u0447\u0435\u043d\u0438\u044f \u0438 \u0434\u043e\u043f\u043e\u043b\u043d\u0438\u0442\u0435\u043b\u044c\u043d\u044b\u0445 \u043e\u0431\u0440\u0430\u0431\u043e\u0442\u043e\u043a.","robots":{"index":"index","follow":"follow","max-snippet":"max-snippet:-1","max-image-preview":"max-image-preview:large","max-video-preview":"max-video-preview:-1"},"canonical":"https:\/\/xstyle.md\/ro\/produs\/filtr-katadyn-combi-filter\/","og_locale":"ro_RO","og_type":"article","og_title":"\u0424\u0438\u043b\u044c\u0442\u0440 Katadyn Combi Filter - \u041c\u0430\u0433\u0430\u0437\u0438\u043d Xstyle","og_description":"\u0424\u0438\u043b\u044c\u0442\u0440 Katadyn Combi - \u0443\u043d\u0438\u0432\u0435\u0440\u0441\u0430\u043b\u044c\u043d\u043e\u0435 \u0440\u0435\u0448\u0435\u043d\u0438\u0435 \u0434\u043b\u044f \u0431\u0435\u0437\u043e\u043f\u0430\u0441\u043d\u043e\u0433\u043e \u043e\u0447\u0438\u0449\u0435\u043d\u0438\u044f \u0432\u043e\u0434\u044b \u0438\u0437 \u0440\u0435\u043a \u0438 \u043e\u0437\u0451\u0440. \u0418\u0434\u0435\u0430\u043b\u0435\u043d \u0434\u043b\u044f \u044d\u043a\u0441\u043f\u0435\u0434\u0438\u0446\u0438\u0439, \u0431\u0435\u0437 \u043a\u0438\u043f\u044f\u0447\u0435\u043d\u0438\u044f \u0438 \u0434\u043e\u043f\u043e\u043b\u043d\u0438\u0442\u0435\u043b\u044c\u043d\u044b\u0445 \u043e\u0431\u0440\u0430\u0431\u043e\u0442\u043e\u043a.","og_url":"https:\/\/xstyle.md\/ro\/produs\/filtr-katadyn-combi-filter\/","og_site_name":"\u041c\u0430\u0433\u0430\u0437\u0438\u043d Xstyle","article_publisher":"https:\/\/www.facebook.com\/xstylemd","article_modified_time":"2025-10-24T09:44:01+00:00","og_image":[{"width":800,"height":800,"url":"https:\/\/xstyle.md\/wp-content\/uploads\/2023\/01\/katadyn-combi-filter.jpg","type":"image\/jpeg"}],"twitter_card":"summary_large_image","twitter_misc":{"Pre\u021b":"4.990&nbsp;MDL","Disponibilitate":"\u00cen stoc"},"schema":{"@context":"https:\/\/schema.org","@graph":[{"@type":"WebPage","@id":"https:\/\/xstyle.md\/product\/filtr-katadyn-combi-filter\/","url":"https:\/\/xstyle.md\/product\/filtr-katadyn-combi-filter\/","name":"\u0424\u0438\u043b\u044c\u0442\u0440 Katadyn Combi Filter - \u041c\u0430\u0433\u0430\u0437\u0438\u043d Xstyle","isPartOf":{"@id":"https:\/\/xstyle.md\/#website"},"primaryImageOfPage":{"@id":"https:\/\/xstyle.md\/product\/filtr-katadyn-combi-filter\/#primaryimage"},"image":{"@id":"https:\/\/xstyle.md\/product\/filtr-katadyn-combi-filter\/#primaryimage"},"thumbnailUrl":"https:\/\/xstyle.md\/wp-content\/uploads\/2023\/01\/katadyn-combi-filter.jpg","datePublished":"2023-01-25T10:47:06+00:00","dateModified":"2025-10-24T09:44:01+00:00","description":"\u0424\u0438\u043b\u044c\u0442\u0440 Katadyn Combi - \u0443\u043d\u0438\u0432\u0435\u0440\u0441\u0430\u043b\u044c\u043d\u043e\u0435 \u0440\u0435\u0448\u0435\u043d\u0438\u0435 \u0434\u043b\u044f \u0431\u0435\u0437\u043e\u043f\u0430\u0441\u043d\u043e\u0433\u043e \u043e\u0447\u0438\u0449\u0435\u043d\u0438\u044f \u0432\u043e\u0434\u044b \u0438\u0437 \u0440\u0435\u043a \u0438 \u043e\u0437\u0451\u0440. \u0418\u0434\u0435\u0430\u043b\u0435\u043d \u0434\u043b\u044f \u044d\u043a\u0441\u043f\u0435\u0434\u0438\u0446\u0438\u0439, \u0431\u0435\u0437 \u043a\u0438\u043f\u044f\u0447\u0435\u043d\u0438\u044f \u0438 \u0434\u043e\u043f\u043e\u043b\u043d\u0438\u0442\u0435\u043b\u044c\u043d\u044b\u0445 \u043e\u0431\u0440\u0430\u0431\u043e\u0442\u043e\u043a.","breadcrumb":{"@id":"https:\/\/xstyle.md\/product\/filtr-katadyn-combi-filter\/#breadcrumb"},"inLanguage":"ro-RO","potentialAction":[{"@type":"ReadAction","target":["https:\/\/xstyle.md\/product\/filtr-katadyn-combi-filter\/"]}]},{"@type":"ImageObject","inLanguage":"ro-RO","@id":"https:\/\/xstyle.md\/product\/filtr-katadyn-combi-filter\/#primaryimage","url":"https:\/\/xstyle.md\/wp-content\/uploads\/2023\/01\/katadyn-combi-filter.jpg","contentUrl":"https:\/\/xstyle.md\/wp-content\/uploads\/2023\/01\/katadyn-combi-filter.jpg","width":800,"height":800,"caption":"\u0424\u0438\u043b\u044c\u0442\u0440 Katadyn Combi \u0434\u043b\u044f \u0430\u043a\u0442\u0438\u0432\u043d\u043e\u0433\u043e \u043e\u0442\u0434\u044b\u0445\u0430 \u043f\u043e\u0445\u043e\u0434\u044b \u043f\u0443\u0442\u0435\u0448\u0435\u0441\u0442\u0432\u0438\u044f \u044d\u043a\u0438\u043f\u0438\u0440\u043e\u0432\u043a\u0430 \u0434\u043b\u044f \u0442\u0443\u0440\u0438\u0437\u043c\u0430 \u0438 \u0430\u043b\u044c\u043f\u0438\u043d\u0438\u0437\u043c\u0430, \u043e\u0434\u0435\u0436\u0434\u0430 \u0438 \u043e\u0431\u0443\u0432\u044c \u0434\u043b\u044f \u0430\u043a\u0442\u0438\u0432\u043d\u043e\u0433\u043e \u043e\u0431\u0440\u0430\u0437\u0430 \u0436\u0438\u0437\u043d\u0438 \u0432 \u0438\u043d\u0442\u0435\u0440\u043d\u0435\u0442 \u043c\u0430\u0433\u0430\u0437\u0438\u043d\u0435"},{"@type":"BreadcrumbList","@id":"https:\/\/xstyle.md\/product\/filtr-katadyn-combi-filter\/#breadcrumb","itemListElement":[{"@type":"ListItem","position":1,"name":"\u0413\u043b\u0430\u0432\u043d\u0430\u044f \u0441\u0442\u0440\u0430\u043d\u0438\u0446\u0430","item":"https:\/\/xstyle.md\/"},{"@type":"ListItem","position":2,"name":"\u041c\u0430\u0433\u0430\u0437\u0438\u043d","item":"https:\/\/xstyle.md\/shop\/"},{"@type":"ListItem","position":3,"name":"\u0424\u0438\u043b\u044c\u0442\u0440 Katadyn Combi Filter"}]},{"@type":"WebSite","@id":"https:\/\/xstyle.md\/#website","url":"https:\/\/xstyle.md\/","name":"Magazinul X-Style","description":"Echipamente pentru turism \u0219i sporturi extreme \u00een Moldova. Pre\u021buri, fotografii, caracteristici \u00een Moldova.","publisher":{"@id":"https:\/\/xstyle.md\/#organization"},"alternateName":"X-Style","potentialAction":[{"@type":"SearchAction","target":{"@type":"EntryPoint","urlTemplate":"https:\/\/xstyle.md\/?s={search_term_string}"},"query-input":{"@type":"PropertyValueSpecification","valueRequired":true,"valueName":"search_term_string"}}],"inLanguage":"ro-RO"},{"@type":"Organization","@id":"https:\/\/xstyle.md\/#organization","name":"Magazinul X-Style","alternateName":"x-style","url":"https:\/\/xstyle.md\/","logo":{"@type":"ImageObject","inLanguage":"ro-RO","@id":"https:\/\/xstyle.md\/#\/schema\/logo\/image\/","url":"https:\/\/xstyle.md\/wp-content\/uploads\/2020\/06\/logoicon.svg","contentUrl":"https:\/\/xstyle.md\/wp-content\/uploads\/2020\/06\/logoicon.svg","caption":"\u041c\u0430\u0433\u0430\u0437\u0438\u043d Xstyle"},"image":{"@id":"https:\/\/xstyle.md\/#\/schema\/logo\/image\/"},"sameAs":["https:\/\/www.facebook.com\/xstylemd","https:\/\/www.instagram.com\/xstyle_md\/","https:\/\/t.me\/xstyle_outdoor"],"hasMerchantReturnPolicy":{"@type":"MerchantReturnPolicy","merchantReturnLink":"https:\/\/xstyle.md\/ro\/conditions\/"}}]},"product_price_amount":"4990.00","product_price_currency":"MDL","og_availability":"instock","product_availability":"instock","product_retailer_item_id":"7612013176851","product_condition":"new"},"post_mailing_queue_ids":[],"_links":{"self":[{"href":"https:\/\/xstyle.md\/ro\/wp-json\/wp\/v2\/product\/63471","targetHints":{"allow":["GET"]}}],"collection":[{"href":"https:\/\/xstyle.md\/ro\/wp-json\/wp\/v2\/product"}],"about":[{"href":"https:\/\/xstyle.md\/ro\/wp-json\/wp\/v2\/types\/product"}],"replies":[{"embeddable":true,"href":"https:\/\/xstyle.md\/ro\/wp-json\/wp\/v2\/comments?post=63471"}],"wp:featuredmedia":[{"embeddable":true,"href":"https:\/\/xstyle.md\/ro\/wp-json\/wp\/v2\/media\/65460"}],"wp:attachment":[{"href":"https:\/\/xstyle.md\/ro\/wp-json\/wp\/v2\/media?parent=63471"}],"wp:term":[{"taxonomy":"product_brand","embeddable":true,"href":"https:\/\/xstyle.md\/ro\/wp-json\/wp\/v2\/product_brand?post=63471"},{"taxonomy":"product_cat","embeddable":true,"href":"https:\/\/xstyle.md\/ro\/wp-json\/wp\/v2\/product_cat?post=63471"},{"taxonomy":"product_tag","embeddable":true,"href":"https:\/\/xstyle.md\/ro\/wp-json\/wp\/v2\/product_tag?post=63471"}],"curies":[{"name":"wp","href":"https:\/\/api.w.org\/{rel}","templated":true}]}}