{"id":63468,"date":"2023-01-25T13:47:06","date_gmt":"2023-01-25T10:47:06","guid":{"rendered":"https:\/\/xstyle.md\/?post_type=product&#038;p=63468"},"modified":"2025-10-24T12:43:53","modified_gmt":"2025-10-24T09:43:53","slug":"kartridzh-filtr-katadyn-pocket-ceramic-replacement-cartridge","status":"publish","type":"product","link":"https:\/\/xstyle.md\/ro\/produs\/kartridzh-filtr-katadyn-pocket-ceramic-replacement-cartridge\/","title":{"rendered":"Cartu\u0219-filtru Katadyn Pocket Ceramic Replacement Cartridge"},"content":{"rendered":"<\/p>\n<p><strong>Katadyn Pocket Ceramic Replacement Cartridge<\/strong> &#8212; cartu\u0219 ceramic de schimb cu ioni de argint pentru purificarea apei cu seria de filtre portabile Katadyn Pocket. Apa trece prin porii cu diametrul de 0,2 microni \u0219i este purificat\u0103 mecanic, f\u0103r\u0103 a utiliza substan\u021be chimice.<\/p>\n<h3>Particularit\u0103\u021bi<\/h3>\n<ul>\n<li>Filtreaz\u0103 99,9999% din bacterii, 99,9% din protozoare, alge, turbiditate, spori, chisturi \u0219i virusuri ata\u0219ate la particule mai mari de 0,2 microni. Ionii de argint din masa ceramic\u0103 au un efect bacteriostatic &#8212; \u00eempiedic\u00e2nd dezvoltarea bacteriilor \u00een interiorul filtrului, garant\u00e2nd o ap\u0103 proasp\u0103t\u0103 \u0219i sigur\u0103.<\/li>\n<li>Durata de via\u021b\u0103 a cartu\u0219ului &#8212; p\u00e2n\u0103 la 50.000 de litri, \u00een func\u021bie de calitatea apei. N\u0103molul \u0219i turbiditatea vor colmata mai sever filtrul, reduc\u00e2nd durata de via\u021b\u0103 a acestuia. Cartu\u0219ul trebuie utilizat la o temperatur\u0103 a apei de 5-35\u00b0C.<\/li>\n<li>U\u0219or de cur\u0103\u021bat pe teren prin trecerea unui burete abraziv pe suprafa\u021ba exterioar\u0103 a cartu\u0219ului. Poate rezista la p\u00e2n\u0103 la 100 de cicluri de cur\u0103\u021bare. Dup\u0103 fiecare cur\u0103\u021bare sau la fiecare dou\u0103 luni, cartu\u0219ul trebuie s\u0103 fie uscat complet \u00eenainte de a fi reinstalat. Se recomand\u0103 achizi\u021bionarea a dou\u0103 cartu\u0219e interschimbabile pentru comoditate.<\/li>\n<li>Produsul este fabricat \u0219i testat \u00een Elve\u021bia.<\/li>\n<\/ul>\n<h3>Caracteristici<\/h3>\n<ul>\n<li>Debit: 1 litru\/min<\/li>\n<li>Compatibil cu filtrele: Katadyn Pocket, Katadyn Pocket Black Edition, Katadyn Pocket Army<\/li>\n<li>Carcasa: ceramic\u0103.<\/li>\n<\/ul>\n<h3>Setul include<\/h3>\n<ul>\n<li>Cartu\u0219 de filtru<\/li>\n<li>Doi bure\u021bi abrazivi pentru cur\u0103\u021bare<\/li>\n<li>Furtun pentru ap\u0103 curat\u0103<\/li>\n<li>Clem\u0103 pentru furtun<\/li>\n<li>Contor de via\u021b\u0103<\/li>\n<li>O-ring<\/li>\n<li>Unsoare de silicon.<\/li>\n<\/ul>\n<p><\/p>","protected":false},"excerpt":{"rendered":"","protected":false},"featured_media":65475,"comment_status":"open","ping_status":"closed","template":"","meta":{"_acf_changed":false,"inline_featured_image":false},"product_brand":[1304],"product_cat":[860],"product_tag":[],"class_list":{"0":"post-63468","1":"product","2":"type-product","3":"status-publish","4":"has-post-thumbnail","6":"product_brand-katadyn","7":"product_cat-filtre-pentru-apa","9":"first","10":"instock","11":"shipping-taxable","12":"purchasable","13":"product-type-simple"},"acf":[],"yoast_head":"<!-- This site is optimized with the Yoast SEO plugin v27.4 - https:\/\/yoast.com\/product\/yoast-seo-wordpress\/ -->\n<title>\u041a\u0430\u0440\u0442\u0440\u0438\u0434\u0436-\u0444\u0438\u043b\u044c\u0442\u0440 Katadyn Pocket Ceramic Replacement Cartridge - \u041c\u0430\u0433\u0430\u0437\u0438\u043d Xstyle<\/title>\n<meta name=\"description\" content=\"\u041a\u0430\u0440\u0442\u0440\u0438\u0434\u0436-\u0444\u0438\u043b\u044c\u0442\u0440 Katadyn Pocket Ceramic \u043e\u0431\u0435\u0441\u043f\u0435\u0447\u0438\u0432\u0430\u0435\u0442 \u043d\u0430\u0434\u0435\u0436\u043d\u0443\u044e \u043e\u0447\u0438\u0441\u0442\u043a\u0443 \u0432\u043e\u0434\u044b \u0441 \u043f\u043e\u043c\u043e\u0449\u044c\u044e \u0441\u0435\u0440\u0435\u0431\u0440\u044f\u043d\u044b\u0445 \u0438\u043e\u043d\u043e\u0432. \u0418\u0434\u0435\u0430\u043b\u044c\u043d\u043e \u043f\u043e\u0434\u0445\u043e\u0434\u0438\u0442 \u0434\u043b\u044f \u0444\u0438\u043b\u044c\u0442\u0440\u043e\u0432 Katadyn Pocket.\" \/>\n<meta name=\"robots\" content=\"index, follow, max-snippet:-1, max-image-preview:large, max-video-preview:-1\" \/>\n<link rel=\"canonical\" href=\"https:\/\/xstyle.md\/ro\/produs\/kartridzh-filtr-katadyn-pocket-ceramic-replacement-cartridge\/\" \/>\n<meta property=\"og:locale\" content=\"ro_RO\" \/>\n<meta property=\"og:type\" content=\"article\" \/>\n<meta property=\"og:title\" content=\"\u041a\u0430\u0440\u0442\u0440\u0438\u0434\u0436-\u0444\u0438\u043b\u044c\u0442\u0440 Katadyn Pocket Ceramic Replacement Cartridge - \u041c\u0430\u0433\u0430\u0437\u0438\u043d Xstyle\" \/>\n<meta property=\"og:description\" content=\"\u041a\u0430\u0440\u0442\u0440\u0438\u0434\u0436-\u0444\u0438\u043b\u044c\u0442\u0440 Katadyn Pocket Ceramic \u043e\u0431\u0435\u0441\u043f\u0435\u0447\u0438\u0432\u0430\u0435\u0442 \u043d\u0430\u0434\u0435\u0436\u043d\u0443\u044e \u043e\u0447\u0438\u0441\u0442\u043a\u0443 \u0432\u043e\u0434\u044b \u0441 \u043f\u043e\u043c\u043e\u0449\u044c\u044e \u0441\u0435\u0440\u0435\u0431\u0440\u044f\u043d\u044b\u0445 \u0438\u043e\u043d\u043e\u0432. \u0418\u0434\u0435\u0430\u043b\u044c\u043d\u043e \u043f\u043e\u0434\u0445\u043e\u0434\u0438\u0442 \u0434\u043b\u044f \u0444\u0438\u043b\u044c\u0442\u0440\u043e\u0432 Katadyn Pocket.\" \/>\n<meta property=\"og:url\" content=\"https:\/\/xstyle.md\/ro\/produs\/kartridzh-filtr-katadyn-pocket-ceramic-replacement-cartridge\/\" \/>\n<meta property=\"og:site_name\" content=\"\u041c\u0430\u0433\u0430\u0437\u0438\u043d Xstyle\" \/>\n<meta property=\"article:publisher\" content=\"https:\/\/www.facebook.com\/xstylemd\" \/>\n<meta property=\"article:modified_time\" content=\"2025-10-24T09:43:53+00:00\" \/>\n<meta property=\"og:image\" content=\"https:\/\/xstyle.md\/wp-content\/uploads\/2023\/01\/katadyn-pocket-ceramic-replacement-cartridge.jpg\" \/>\n\t<meta property=\"og:image:width\" content=\"1166\" \/>\n\t<meta property=\"og:image:height\" content=\"1228\" \/>\n\t<meta property=\"og:image:type\" content=\"image\/jpeg\" \/>\n<meta name=\"twitter:card\" content=\"summary_large_image\" \/>\n<meta name=\"twitter:label1\" content=\"Pre\u021b\" \/>\n\t<meta name=\"twitter:data1\" content=\"4.990&nbsp;MDL\" \/>\n\t<meta name=\"twitter:label2\" content=\"Disponibilitate\" \/>\n\t<meta name=\"twitter:data2\" content=\"\u00cen stoc\" \/>\n<script type=\"application\/ld+json\" class=\"yoast-schema-graph\">{\"@context\":\"https:\\\/\\\/schema.org\",\"@graph\":[{\"@type\":\"WebPage\",\"@id\":\"https:\\\/\\\/xstyle.md\\\/product\\\/kartridzh-filtr-katadyn-pocket-ceramic-replacement-cartridge\\\/\",\"url\":\"https:\\\/\\\/xstyle.md\\\/product\\\/kartridzh-filtr-katadyn-pocket-ceramic-replacement-cartridge\\\/\",\"name\":\"\u041a\u0430\u0440\u0442\u0440\u0438\u0434\u0436-\u0444\u0438\u043b\u044c\u0442\u0440 Katadyn Pocket Ceramic Replacement Cartridge - \u041c\u0430\u0433\u0430\u0437\u0438\u043d Xstyle\",\"isPartOf\":{\"@id\":\"https:\\\/\\\/xstyle.md\\\/#website\"},\"primaryImageOfPage\":{\"@id\":\"https:\\\/\\\/xstyle.md\\\/product\\\/kartridzh-filtr-katadyn-pocket-ceramic-replacement-cartridge\\\/#primaryimage\"},\"image\":{\"@id\":\"https:\\\/\\\/xstyle.md\\\/product\\\/kartridzh-filtr-katadyn-pocket-ceramic-replacement-cartridge\\\/#primaryimage\"},\"thumbnailUrl\":\"https:\\\/\\\/xstyle.md\\\/wp-content\\\/uploads\\\/2023\\\/01\\\/katadyn-pocket-ceramic-replacement-cartridge.jpg\",\"datePublished\":\"2023-01-25T10:47:06+00:00\",\"dateModified\":\"2025-10-24T09:43:53+00:00\",\"description\":\"\u041a\u0430\u0440\u0442\u0440\u0438\u0434\u0436-\u0444\u0438\u043b\u044c\u0442\u0440 Katadyn Pocket Ceramic \u043e\u0431\u0435\u0441\u043f\u0435\u0447\u0438\u0432\u0430\u0435\u0442 \u043d\u0430\u0434\u0435\u0436\u043d\u0443\u044e \u043e\u0447\u0438\u0441\u0442\u043a\u0443 \u0432\u043e\u0434\u044b \u0441 \u043f\u043e\u043c\u043e\u0449\u044c\u044e \u0441\u0435\u0440\u0435\u0431\u0440\u044f\u043d\u044b\u0445 \u0438\u043e\u043d\u043e\u0432. \u0418\u0434\u0435\u0430\u043b\u044c\u043d\u043e \u043f\u043e\u0434\u0445\u043e\u0434\u0438\u0442 \u0434\u043b\u044f \u0444\u0438\u043b\u044c\u0442\u0440\u043e\u0432 Katadyn Pocket.\",\"breadcrumb\":{\"@id\":\"https:\\\/\\\/xstyle.md\\\/product\\\/kartridzh-filtr-katadyn-pocket-ceramic-replacement-cartridge\\\/#breadcrumb\"},\"inLanguage\":\"ro-RO\",\"potentialAction\":[{\"@type\":\"ReadAction\",\"target\":[\"https:\\\/\\\/xstyle.md\\\/product\\\/kartridzh-filtr-katadyn-pocket-ceramic-replacement-cartridge\\\/\"]}]},{\"@type\":\"ImageObject\",\"inLanguage\":\"ro-RO\",\"@id\":\"https:\\\/\\\/xstyle.md\\\/product\\\/kartridzh-filtr-katadyn-pocket-ceramic-replacement-cartridge\\\/#primaryimage\",\"url\":\"https:\\\/\\\/xstyle.md\\\/wp-content\\\/uploads\\\/2023\\\/01\\\/katadyn-pocket-ceramic-replacement-cartridge.jpg\",\"contentUrl\":\"https:\\\/\\\/xstyle.md\\\/wp-content\\\/uploads\\\/2023\\\/01\\\/katadyn-pocket-ceramic-replacement-cartridge.jpg\",\"width\":1166,\"height\":1228,\"caption\":\"\u0417\u0430\u043f\u0430\u0441\u043d\u043e\u0439 \u043a\u0435\u0440\u0430\u043c\u0438\u0447\u0435\u0441\u043a\u0438\u0439 \u043a\u0430\u0440\u0442\u0440\u0438\u0434\u0436 \u0434\u043b\u044f \u0444\u0438\u043b\u044c\u0442\u0440\u0430 Katadyn Pocket \u0434\u043b\u044f \u0430\u043a\u0442\u0438\u0432\u043d\u043e\u0433\u043e \u043e\u0442\u0434\u044b\u0445\u0430, \u043a\u0435\u043c\u043f\u0438\u043d\u0433\u0430 \u0438 \u043f\u0443\u0442\u0435\u0448\u0435\u0441\u0442\u0432\u0438\u0439 \u043b\u0435\u0433\u043a\u043e \u0438 \u0443\u0434\u043e\u0431\u043d\u043e \u043a\u0443\u043f\u0438\u0442\u044c \u0432 \u0438\u043d\u0442\u0435\u0440\u043d\u0435\u0442-\u043c\u0430\u0433\u0430\u0437\u0438\u043d\u0435 \u044d\u043a\u0438\u043f\u0438\u0440\u043e\u0432\u043a\u0438 \u0434\u043b\u044f \u0430\u043a\u0442\u0438\u0432\u043d\u043e\u0439 \u0436\u0438\u0437\u043d\u0438 \u0438 \u0442\u0443\u0440\u0438\u0437\u043c\u0430\"},{\"@type\":\"BreadcrumbList\",\"@id\":\"https:\\\/\\\/xstyle.md\\\/product\\\/kartridzh-filtr-katadyn-pocket-ceramic-replacement-cartridge\\\/#breadcrumb\",\"itemListElement\":[{\"@type\":\"ListItem\",\"position\":1,\"name\":\"\u0413\u043b\u0430\u0432\u043d\u0430\u044f \u0441\u0442\u0440\u0430\u043d\u0438\u0446\u0430\",\"item\":\"https:\\\/\\\/xstyle.md\\\/\"},{\"@type\":\"ListItem\",\"position\":2,\"name\":\"\u041c\u0430\u0433\u0430\u0437\u0438\u043d\",\"item\":\"https:\\\/\\\/xstyle.md\\\/shop\\\/\"},{\"@type\":\"ListItem\",\"position\":3,\"name\":\"\u041a\u0430\u0440\u0442\u0440\u0438\u0434\u0436-\u0444\u0438\u043b\u044c\u0442\u0440 Katadyn Pocket Ceramic Replacement Cartridge\"}]},{\"@type\":\"WebSite\",\"@id\":\"https:\\\/\\\/xstyle.md\\\/#website\",\"url\":\"https:\\\/\\\/xstyle.md\\\/\",\"name\":\"\u041c\u0430\u0433\u0430\u0437\u0438\u043d Xstyle\",\"description\":\"C\u043d\u0430\u0440\u044f\u0436\u0435\u043d\u0438\u0435 \u0434\u043b\u044f \u0442\u0443\u0440\u0438\u0437\u043c\u0430 \u0438 \u044d\u043a\u0441\u0442\u0440\u0435\u043c\u0430\u043b\u044c\u043d\u044b\u0445 \u0432\u0438\u0434\u043e\u0432 \u0441\u043f\u043e\u0440\u0442\u0430 \u0432 \u041c\u043e\u043b\u0434\u043e\u0432\u0435.. \u0426\u0435\u043d\u044b, \u0444\u043e\u0442\u043e, \u0445\u0430\u0440\u0430\u043a\u0442\u0435\u0440\u0438\u0441\u0442\u0438\u043a\u0438 \u0432 \u041c\u043e\u043b\u0434\u043e\u0432\u0435.\",\"publisher\":{\"@id\":\"https:\\\/\\\/xstyle.md\\\/#organization\"},\"alternateName\":\"X-Style\",\"potentialAction\":[{\"@type\":\"SearchAction\",\"target\":{\"@type\":\"EntryPoint\",\"urlTemplate\":\"https:\\\/\\\/xstyle.md\\\/?s={search_term_string}\"},\"query-input\":{\"@type\":\"PropertyValueSpecification\",\"valueRequired\":true,\"valueName\":\"search_term_string\"}}],\"inLanguage\":\"ro-RO\"},{\"@type\":\"Organization\",\"@id\":\"https:\\\/\\\/xstyle.md\\\/#organization\",\"name\":\"\u041c\u0430\u0433\u0430\u0437\u0438\u043d Xstyle\",\"alternateName\":\"x-style\",\"url\":\"https:\\\/\\\/xstyle.md\\\/\",\"logo\":{\"@type\":\"ImageObject\",\"inLanguage\":\"ro-RO\",\"@id\":\"https:\\\/\\\/xstyle.md\\\/#\\\/schema\\\/logo\\\/image\\\/\",\"url\":\"https:\\\/\\\/xstyle.md\\\/wp-content\\\/uploads\\\/2020\\\/06\\\/logoicon.svg\",\"contentUrl\":\"https:\\\/\\\/xstyle.md\\\/wp-content\\\/uploads\\\/2020\\\/06\\\/logoicon.svg\",\"caption\":\"\u041c\u0430\u0433\u0430\u0437\u0438\u043d Xstyle\"},\"image\":{\"@id\":\"https:\\\/\\\/xstyle.md\\\/#\\\/schema\\\/logo\\\/image\\\/\"},\"sameAs\":[\"https:\\\/\\\/www.facebook.com\\\/xstylemd\",\"https:\\\/\\\/www.instagram.com\\\/xstyle_md\\\/\",\"https:\\\/\\\/t.me\\\/xstyle_outdoor\"],\"hasMerchantReturnPolicy\":{\"@type\":\"MerchantReturnPolicy\",\"merchantReturnLink\":\"https:\\\/\\\/xstyle.md\\\/ro\\\/conditions\\\/\"}}]}<\/script>\n<meta property=\"product:price:amount\" content=\"4990.00\" \/>\n<meta property=\"product:price:currency\" content=\"MDL\" \/>\n<meta property=\"og:availability\" content=\"instock\" \/>\n<meta property=\"product:availability\" content=\"instock\" \/>\n<meta property=\"product:retailer_item_id\" content=\"7612013202000\" \/>\n<meta property=\"product:condition\" content=\"new\" \/>\n<!-- \/ Yoast SEO plugin. -->","yoast_head_json":{"title":"Cartu\u0219-filtru Katadyn Pocket Ceramic Replacement Cartridge - Magazin Xstyle","description":"Cartu\u0219ul filtrant Katadyn Pocket Ceramic asigur\u0103 o purificare fiabil\u0103 a apei cu ajutorul ionilor de argint. Ideal pentru filtrele Katadyn Pocket.","robots":{"index":"index","follow":"follow","max-snippet":"max-snippet:-1","max-image-preview":"max-image-preview:large","max-video-preview":"max-video-preview:-1"},"canonical":"https:\/\/xstyle.md\/ro\/produs\/kartridzh-filtr-katadyn-pocket-ceramic-replacement-cartridge\/","og_locale":"ro_RO","og_type":"article","og_title":"\u041a\u0430\u0440\u0442\u0440\u0438\u0434\u0436-\u0444\u0438\u043b\u044c\u0442\u0440 Katadyn Pocket Ceramic Replacement Cartridge - \u041c\u0430\u0433\u0430\u0437\u0438\u043d Xstyle","og_description":"\u041a\u0430\u0440\u0442\u0440\u0438\u0434\u0436-\u0444\u0438\u043b\u044c\u0442\u0440 Katadyn Pocket Ceramic \u043e\u0431\u0435\u0441\u043f\u0435\u0447\u0438\u0432\u0430\u0435\u0442 \u043d\u0430\u0434\u0435\u0436\u043d\u0443\u044e \u043e\u0447\u0438\u0441\u0442\u043a\u0443 \u0432\u043e\u0434\u044b \u0441 \u043f\u043e\u043c\u043e\u0449\u044c\u044e \u0441\u0435\u0440\u0435\u0431\u0440\u044f\u043d\u044b\u0445 \u0438\u043e\u043d\u043e\u0432. \u0418\u0434\u0435\u0430\u043b\u044c\u043d\u043e \u043f\u043e\u0434\u0445\u043e\u0434\u0438\u0442 \u0434\u043b\u044f \u0444\u0438\u043b\u044c\u0442\u0440\u043e\u0432 Katadyn Pocket.","og_url":"https:\/\/xstyle.md\/ro\/produs\/kartridzh-filtr-katadyn-pocket-ceramic-replacement-cartridge\/","og_site_name":"\u041c\u0430\u0433\u0430\u0437\u0438\u043d Xstyle","article_publisher":"https:\/\/www.facebook.com\/xstylemd","article_modified_time":"2025-10-24T09:43:53+00:00","og_image":[{"width":1166,"height":1228,"url":"https:\/\/xstyle.md\/wp-content\/uploads\/2023\/01\/katadyn-pocket-ceramic-replacement-cartridge.jpg","type":"image\/jpeg"}],"twitter_card":"summary_large_image","twitter_misc":{"Pre\u021b":"4.990&nbsp;MDL","Disponibilitate":"\u00cen stoc"},"schema":{"@context":"https:\/\/schema.org","@graph":[{"@type":"WebPage","@id":"https:\/\/xstyle.md\/product\/kartridzh-filtr-katadyn-pocket-ceramic-replacement-cartridge\/","url":"https:\/\/xstyle.md\/product\/kartridzh-filtr-katadyn-pocket-ceramic-replacement-cartridge\/","name":"Cartu\u0219-filtru Katadyn Pocket Ceramic Replacement Cartridge - Magazin Xstyle","isPartOf":{"@id":"https:\/\/xstyle.md\/#website"},"primaryImageOfPage":{"@id":"https:\/\/xstyle.md\/product\/kartridzh-filtr-katadyn-pocket-ceramic-replacement-cartridge\/#primaryimage"},"image":{"@id":"https:\/\/xstyle.md\/product\/kartridzh-filtr-katadyn-pocket-ceramic-replacement-cartridge\/#primaryimage"},"thumbnailUrl":"https:\/\/xstyle.md\/wp-content\/uploads\/2023\/01\/katadyn-pocket-ceramic-replacement-cartridge.jpg","datePublished":"2023-01-25T10:47:06+00:00","dateModified":"2025-10-24T09:43:53+00:00","description":"Cartu\u0219ul filtrant Katadyn Pocket Ceramic asigur\u0103 o purificare fiabil\u0103 a apei cu ajutorul ionilor de argint. Ideal pentru filtrele Katadyn Pocket.","breadcrumb":{"@id":"https:\/\/xstyle.md\/product\/kartridzh-filtr-katadyn-pocket-ceramic-replacement-cartridge\/#breadcrumb"},"inLanguage":"ro-RO","potentialAction":[{"@type":"ReadAction","target":["https:\/\/xstyle.md\/product\/kartridzh-filtr-katadyn-pocket-ceramic-replacement-cartridge\/"]}]},{"@type":"ImageObject","inLanguage":"ro-RO","@id":"https:\/\/xstyle.md\/product\/kartridzh-filtr-katadyn-pocket-ceramic-replacement-cartridge\/#primaryimage","url":"https:\/\/xstyle.md\/wp-content\/uploads\/2023\/01\/katadyn-pocket-ceramic-replacement-cartridge.jpg","contentUrl":"https:\/\/xstyle.md\/wp-content\/uploads\/2023\/01\/katadyn-pocket-ceramic-replacement-cartridge.jpg","width":1166,"height":1228,"caption":"\u0417\u0430\u043f\u0430\u0441\u043d\u043e\u0439 \u043a\u0435\u0440\u0430\u043c\u0438\u0447\u0435\u0441\u043a\u0438\u0439 \u043a\u0430\u0440\u0442\u0440\u0438\u0434\u0436 \u0434\u043b\u044f \u0444\u0438\u043b\u044c\u0442\u0440\u0430 Katadyn Pocket \u0434\u043b\u044f \u0430\u043a\u0442\u0438\u0432\u043d\u043e\u0433\u043e \u043e\u0442\u0434\u044b\u0445\u0430, \u043a\u0435\u043c\u043f\u0438\u043d\u0433\u0430 \u0438 \u043f\u0443\u0442\u0435\u0448\u0435\u0441\u0442\u0432\u0438\u0439 \u043b\u0435\u0433\u043a\u043e \u0438 \u0443\u0434\u043e\u0431\u043d\u043e \u043a\u0443\u043f\u0438\u0442\u044c \u0432 \u0438\u043d\u0442\u0435\u0440\u043d\u0435\u0442-\u043c\u0430\u0433\u0430\u0437\u0438\u043d\u0435 \u044d\u043a\u0438\u043f\u0438\u0440\u043e\u0432\u043a\u0438 \u0434\u043b\u044f \u0430\u043a\u0442\u0438\u0432\u043d\u043e\u0439 \u0436\u0438\u0437\u043d\u0438 \u0438 \u0442\u0443\u0440\u0438\u0437\u043c\u0430"},{"@type":"BreadcrumbList","@id":"https:\/\/xstyle.md\/product\/kartridzh-filtr-katadyn-pocket-ceramic-replacement-cartridge\/#breadcrumb","itemListElement":[{"@type":"ListItem","position":1,"name":"\u0413\u043b\u0430\u0432\u043d\u0430\u044f \u0441\u0442\u0440\u0430\u043d\u0438\u0446\u0430","item":"https:\/\/xstyle.md\/"},{"@type":"ListItem","position":2,"name":"\u041c\u0430\u0433\u0430\u0437\u0438\u043d","item":"https:\/\/xstyle.md\/shop\/"},{"@type":"ListItem","position":3,"name":"\u041a\u0430\u0440\u0442\u0440\u0438\u0434\u0436-\u0444\u0438\u043b\u044c\u0442\u0440 Katadyn Pocket Ceramic Replacement Cartridge"}]},{"@type":"WebSite","@id":"https:\/\/xstyle.md\/#website","url":"https:\/\/xstyle.md\/","name":"Magazinul X-Style","description":"Echipamente pentru turism \u0219i sporturi extreme \u00een Moldova. Pre\u021buri, fotografii, caracteristici \u00een Moldova.","publisher":{"@id":"https:\/\/xstyle.md\/#organization"},"alternateName":"X-Style","potentialAction":[{"@type":"SearchAction","target":{"@type":"EntryPoint","urlTemplate":"https:\/\/xstyle.md\/?s={search_term_string}"},"query-input":{"@type":"PropertyValueSpecification","valueRequired":true,"valueName":"search_term_string"}}],"inLanguage":"ro-RO"},{"@type":"Organization","@id":"https:\/\/xstyle.md\/#organization","name":"Magazinul X-Style","alternateName":"x-style","url":"https:\/\/xstyle.md\/","logo":{"@type":"ImageObject","inLanguage":"ro-RO","@id":"https:\/\/xstyle.md\/#\/schema\/logo\/image\/","url":"https:\/\/xstyle.md\/wp-content\/uploads\/2020\/06\/logoicon.svg","contentUrl":"https:\/\/xstyle.md\/wp-content\/uploads\/2020\/06\/logoicon.svg","caption":"\u041c\u0430\u0433\u0430\u0437\u0438\u043d Xstyle"},"image":{"@id":"https:\/\/xstyle.md\/#\/schema\/logo\/image\/"},"sameAs":["https:\/\/www.facebook.com\/xstylemd","https:\/\/www.instagram.com\/xstyle_md\/","https:\/\/t.me\/xstyle_outdoor"],"hasMerchantReturnPolicy":{"@type":"MerchantReturnPolicy","merchantReturnLink":"https:\/\/xstyle.md\/ro\/conditions\/"}}]},"product_price_amount":"4990.00","product_price_currency":"MDL","og_availability":"instock","product_availability":"instock","product_retailer_item_id":"7612013202000","product_condition":"new"},"_links":{"self":[{"href":"https:\/\/xstyle.md\/ro\/wp-json\/wp\/v2\/product\/63468","targetHints":{"allow":["GET"]}}],"collection":[{"href":"https:\/\/xstyle.md\/ro\/wp-json\/wp\/v2\/product"}],"about":[{"href":"https:\/\/xstyle.md\/ro\/wp-json\/wp\/v2\/types\/product"}],"replies":[{"embeddable":true,"href":"https:\/\/xstyle.md\/ro\/wp-json\/wp\/v2\/comments?post=63468"}],"wp:featuredmedia":[{"embeddable":true,"href":"https:\/\/xstyle.md\/ro\/wp-json\/wp\/v2\/media\/65475"}],"wp:attachment":[{"href":"https:\/\/xstyle.md\/ro\/wp-json\/wp\/v2\/media?parent=63468"}],"wp:term":[{"taxonomy":"product_brand","embeddable":true,"href":"https:\/\/xstyle.md\/ro\/wp-json\/wp\/v2\/product_brand?post=63468"},{"taxonomy":"product_cat","embeddable":true,"href":"https:\/\/xstyle.md\/ro\/wp-json\/wp\/v2\/product_cat?post=63468"},{"taxonomy":"product_tag","embeddable":true,"href":"https:\/\/xstyle.md\/ro\/wp-json\/wp\/v2\/product_tag?post=63468"}],"curies":[{"name":"wp","href":"https:\/\/api.w.org\/{rel}","templated":true}]}}