{"id":63460,"date":"2023-01-25T13:47:05","date_gmt":"2023-01-25T10:47:05","guid":{"rendered":"https:\/\/xstyle.md\/?post_type=product&#038;p=63460"},"modified":"2025-10-24T12:43:46","modified_gmt":"2025-10-24T09:43:46","slug":"kartridzh-filtr-katadyn-hiker-pro-replacement-element-glassfibre","status":"publish","type":"product","link":"https:\/\/xstyle.md\/ro\/produs\/kartridzh-filtr-katadyn-hiker-pro-replacement-element-glassfibre\/","title":{"rendered":"Cartu\u0219-filtru Katadyn Hiker Pro Replacement Element Glassfibre"},"content":{"rendered":"<\/p>\n<p><strong>Katadyn Hiker Pro Replacement Element Glassfibre<\/strong> &#8212; cartu\u0219 de schimb pentru filtrul <a href=\"https:\/\/xstyle.md\/ro\/produs\/filtr-katadyn-hiker-pro-filter\/\">Katadyn Hiker Pro<\/a>.<\/p>\n<h3>Particularit\u0103\u021bi<\/h3>\n<ul>\n<li>Cartu\u0219 de \u00eenlocuire AntiClogTM din fibr\u0103 de sticl\u0103 cu granule de c\u0103rbune activ pentru filtrul Hiker Pro (pori de 0,2 microni).<\/li>\n<li>Durata de via\u021b\u0103 a cartu\u0219ului: p\u00e2n\u0103 la 1150 de litri, \u00een func\u021bie de calitatea apei.<\/li>\n<li>Efect: elimin\u0103 bacteriile, protozoarele, algele, sporii \u0219i turbiditatea. Reduce concentra\u021bia de substan\u021be chimice.<\/li>\n<li>Potrivit pentru ap\u0103 moderat poluat\u0103. Apa foarte tulbure trebuie s\u0103 fie drenat\u0103 \u00een prealabil.<\/li>\n<\/ul>\n<p><\/p>","protected":false},"excerpt":{"rendered":"","protected":false},"featured_media":65479,"comment_status":"open","ping_status":"closed","template":"","meta":{"_acf_changed":false,"inline_featured_image":false},"product_brand":[1304],"product_cat":[860],"product_tag":[],"class_list":{"0":"post-63460","1":"product","2":"type-product","3":"status-publish","4":"has-post-thumbnail","6":"product_brand-katadyn","7":"product_cat-filtre-pentru-apa","9":"first","10":"instock","11":"shipping-taxable","12":"purchasable","13":"product-type-simple"},"acf":[],"yoast_head":"<!-- This site is optimized with the Yoast SEO plugin v27.2 - https:\/\/yoast.com\/product\/yoast-seo-wordpress\/ -->\n<title>\u041a\u0430\u0440\u0442\u0440\u0438\u0434\u0436-\u0444\u0438\u043b\u044c\u0442\u0440 Katadyn Hiker Pro Replacement Element Glassfibre - \u041c\u0430\u0433\u0430\u0437\u0438\u043d Xstyle<\/title>\n<meta name=\"description\" content=\"\u0417\u0430\u043c\u0435\u043d\u0430 \u043a\u0430\u0440\u0442\u0440\u0438\u0434\u0436\u0430-\u0444\u0438\u043b\u044c\u0442\u0440\u0430 Katadyn Hiker Pro \u043d\u0430 \u043e\u0441\u043d\u043e\u0432\u0435 \u0441\u0442\u0435\u043a\u043b\u043e\u0432\u043e\u043b\u043e\u043a\u043d\u0430. \u042d\u0444\u0444\u0435\u043a\u0442\u0438\u0432\u043d\u0430\u044f \u0444\u0438\u043b\u044c\u0442\u0440\u0430\u0446\u0438\u044f \u0434\u043e 1150 \u043b\u0438\u0442\u0440\u043e\u0432. \u0423\u0434\u0430\u043b\u044f\u0435\u0442 \u0431\u0430\u043a\u0442\u0435\u0440\u0438\u0438 \u0438 \u043f\u0440\u0438\u043c\u0435\u0441\u0438.\" \/>\n<meta name=\"robots\" content=\"index, follow, max-snippet:-1, max-image-preview:large, max-video-preview:-1\" \/>\n<link rel=\"canonical\" href=\"https:\/\/xstyle.md\/ro\/produs\/kartridzh-filtr-katadyn-hiker-pro-replacement-element-glassfibre\/\" \/>\n<meta property=\"og:locale\" content=\"ro_RO\" \/>\n<meta property=\"og:type\" content=\"article\" \/>\n<meta property=\"og:title\" content=\"\u041a\u0430\u0440\u0442\u0440\u0438\u0434\u0436-\u0444\u0438\u043b\u044c\u0442\u0440 Katadyn Hiker Pro Replacement Element Glassfibre - \u041c\u0430\u0433\u0430\u0437\u0438\u043d Xstyle\" \/>\n<meta property=\"og:description\" content=\"\u0417\u0430\u043c\u0435\u043d\u0430 \u043a\u0430\u0440\u0442\u0440\u0438\u0434\u0436\u0430-\u0444\u0438\u043b\u044c\u0442\u0440\u0430 Katadyn Hiker Pro \u043d\u0430 \u043e\u0441\u043d\u043e\u0432\u0435 \u0441\u0442\u0435\u043a\u043b\u043e\u0432\u043e\u043b\u043e\u043a\u043d\u0430. \u042d\u0444\u0444\u0435\u043a\u0442\u0438\u0432\u043d\u0430\u044f \u0444\u0438\u043b\u044c\u0442\u0440\u0430\u0446\u0438\u044f \u0434\u043e 1150 \u043b\u0438\u0442\u0440\u043e\u0432. \u0423\u0434\u0430\u043b\u044f\u0435\u0442 \u0431\u0430\u043a\u0442\u0435\u0440\u0438\u0438 \u0438 \u043f\u0440\u0438\u043c\u0435\u0441\u0438.\" \/>\n<meta property=\"og:url\" content=\"https:\/\/xstyle.md\/ro\/produs\/kartridzh-filtr-katadyn-hiker-pro-replacement-element-glassfibre\/\" \/>\n<meta property=\"og:site_name\" content=\"\u041c\u0430\u0433\u0430\u0437\u0438\u043d Xstyle\" \/>\n<meta property=\"article:publisher\" content=\"https:\/\/www.facebook.com\/xstylemd\" \/>\n<meta property=\"article:modified_time\" content=\"2025-10-24T09:43:46+00:00\" \/>\n<meta property=\"og:image\" content=\"https:\/\/xstyle.md\/wp-content\/uploads\/2023\/01\/katadyn-hiker-pro-replacement-element-glassfibre.jpg\" \/>\n\t<meta property=\"og:image:width\" content=\"521\" \/>\n\t<meta property=\"og:image:height\" content=\"563\" \/>\n\t<meta property=\"og:image:type\" content=\"image\/jpeg\" \/>\n<meta name=\"twitter:card\" content=\"summary_large_image\" \/>\n<meta name=\"twitter:label1\" content=\"Pre\u021b\" \/>\n\t<meta name=\"twitter:data1\" content=\"1.190&nbsp;MDL\" \/>\n\t<meta name=\"twitter:label2\" content=\"Disponibilitate\" \/>\n\t<meta name=\"twitter:data2\" content=\"\u00cen stoc\" \/>\n<script type=\"application\/ld+json\" class=\"yoast-schema-graph\">{\"@context\":\"https:\/\/schema.org\",\"@graph\":[{\"@type\":\"WebPage\",\"@id\":\"https:\/\/xstyle.md\/product\/kartridzh-filtr-katadyn-hiker-pro-replacement-element-glassfibre\/\",\"url\":\"https:\/\/xstyle.md\/product\/kartridzh-filtr-katadyn-hiker-pro-replacement-element-glassfibre\/\",\"name\":\"\u041a\u0430\u0440\u0442\u0440\u0438\u0434\u0436-\u0444\u0438\u043b\u044c\u0442\u0440 Katadyn Hiker Pro Replacement Element Glassfibre - \u041c\u0430\u0433\u0430\u0437\u0438\u043d Xstyle\",\"isPartOf\":{\"@id\":\"https:\/\/xstyle.md\/#website\"},\"primaryImageOfPage\":{\"@id\":\"https:\/\/xstyle.md\/product\/kartridzh-filtr-katadyn-hiker-pro-replacement-element-glassfibre\/#primaryimage\"},\"image\":{\"@id\":\"https:\/\/xstyle.md\/product\/kartridzh-filtr-katadyn-hiker-pro-replacement-element-glassfibre\/#primaryimage\"},\"thumbnailUrl\":\"https:\/\/xstyle.md\/wp-content\/uploads\/2023\/01\/katadyn-hiker-pro-replacement-element-glassfibre.jpg\",\"datePublished\":\"2023-01-25T10:47:05+00:00\",\"dateModified\":\"2025-10-24T09:43:46+00:00\",\"description\":\"\u0417\u0430\u043c\u0435\u043d\u0430 \u043a\u0430\u0440\u0442\u0440\u0438\u0434\u0436\u0430-\u0444\u0438\u043b\u044c\u0442\u0440\u0430 Katadyn Hiker Pro \u043d\u0430 \u043e\u0441\u043d\u043e\u0432\u0435 \u0441\u0442\u0435\u043a\u043b\u043e\u0432\u043e\u043b\u043e\u043a\u043d\u0430. \u042d\u0444\u0444\u0435\u043a\u0442\u0438\u0432\u043d\u0430\u044f \u0444\u0438\u043b\u044c\u0442\u0440\u0430\u0446\u0438\u044f \u0434\u043e 1150 \u043b\u0438\u0442\u0440\u043e\u0432. \u0423\u0434\u0430\u043b\u044f\u0435\u0442 \u0431\u0430\u043a\u0442\u0435\u0440\u0438\u0438 \u0438 \u043f\u0440\u0438\u043c\u0435\u0441\u0438.\",\"breadcrumb\":{\"@id\":\"https:\/\/xstyle.md\/product\/kartridzh-filtr-katadyn-hiker-pro-replacement-element-glassfibre\/#breadcrumb\"},\"inLanguage\":\"ro-RO\",\"potentialAction\":[{\"@type\":\"ReadAction\",\"target\":[\"https:\/\/xstyle.md\/product\/kartridzh-filtr-katadyn-hiker-pro-replacement-element-glassfibre\/\"]}]},{\"@type\":\"ImageObject\",\"inLanguage\":\"ro-RO\",\"@id\":\"https:\/\/xstyle.md\/product\/kartridzh-filtr-katadyn-hiker-pro-replacement-element-glassfibre\/#primaryimage\",\"url\":\"https:\/\/xstyle.md\/wp-content\/uploads\/2023\/01\/katadyn-hiker-pro-replacement-element-glassfibre.jpg\",\"contentUrl\":\"https:\/\/xstyle.md\/wp-content\/uploads\/2023\/01\/katadyn-hiker-pro-replacement-element-glassfibre.jpg\",\"width\":521,\"height\":563,\"caption\":\"\u0417\u0430\u043f\u0430\u0441\u043d\u043e\u0439 \u044d\u043b\u0435\u043c\u0435\u043d\u0442 \u0444\u0438\u043b\u044c\u0442\u0440\u0430 Katadyn Hiker Pro \u0434\u043b\u044f \u043f\u043e\u0445\u043e\u0434\u043e\u0432, \u0430\u043a\u0442\u0438\u0432\u043d\u043e\u0433\u043e \u043e\u0442\u0434\u044b\u0445\u0430, \u043f\u0443\u0442\u0435\u0448\u0435\u0441\u0442\u0432\u0438\u0439 \u0438 \u0433\u043e\u0440\u043d\u044b\u0445 \u043f\u043e\u0445\u043e\u0434\u043e\u0432 \u2014 \u043e\u0431\u043e\u0440\u0443\u0434\u043e\u0432\u0430\u043d\u0438\u0435 \u0434\u043b\u044f \u0442\u0443\u0440\u0438\u0437\u043c\u0430 \u0438 outdoor \u044d\u043a\u0438\u043f\u0438\u0440\u043e\u0432\u043a\u0438 \u0432 \u043c\u0430\u0433\u0430\u0437\u0438\u043d\u0435 \u0430\u043a\u0442\u0438\u0432\u043d\u043e\u0439 \u0436\u0438\u0437\u043d\u0438\"},{\"@type\":\"BreadcrumbList\",\"@id\":\"https:\/\/xstyle.md\/product\/kartridzh-filtr-katadyn-hiker-pro-replacement-element-glassfibre\/#breadcrumb\",\"itemListElement\":[{\"@type\":\"ListItem\",\"position\":1,\"name\":\"\u0413\u043b\u0430\u0432\u043d\u0430\u044f \u0441\u0442\u0440\u0430\u043d\u0438\u0446\u0430\",\"item\":\"https:\/\/xstyle.md\/\"},{\"@type\":\"ListItem\",\"position\":2,\"name\":\"\u041c\u0430\u0433\u0430\u0437\u0438\u043d\",\"item\":\"https:\/\/xstyle.md\/shop\/\"},{\"@type\":\"ListItem\",\"position\":3,\"name\":\"\u041a\u0430\u0440\u0442\u0440\u0438\u0434\u0436-\u0444\u0438\u043b\u044c\u0442\u0440 Katadyn Hiker Pro Replacement Element Glassfibre\"}]},{\"@type\":\"WebSite\",\"@id\":\"https:\/\/xstyle.md\/#website\",\"url\":\"https:\/\/xstyle.md\/\",\"name\":\"\u041c\u0430\u0433\u0430\u0437\u0438\u043d Xstyle\",\"description\":\"C\u043d\u0430\u0440\u044f\u0436\u0435\u043d\u0438\u0435 \u0434\u043b\u044f \u0442\u0443\u0440\u0438\u0437\u043c\u0430 \u0438 \u044d\u043a\u0441\u0442\u0440\u0435\u043c\u0430\u043b\u044c\u043d\u044b\u0445 \u0432\u0438\u0434\u043e\u0432 \u0441\u043f\u043e\u0440\u0442\u0430 \u0432 \u041c\u043e\u043b\u0434\u043e\u0432\u0435.. \u0426\u0435\u043d\u044b, \u0444\u043e\u0442\u043e, \u0445\u0430\u0440\u0430\u043a\u0442\u0435\u0440\u0438\u0441\u0442\u0438\u043a\u0438 \u0432 \u041c\u043e\u043b\u0434\u043e\u0432\u0435.\",\"publisher\":{\"@id\":\"https:\/\/xstyle.md\/#organization\"},\"alternateName\":\"X-Style\",\"potentialAction\":[{\"@type\":\"SearchAction\",\"target\":{\"@type\":\"EntryPoint\",\"urlTemplate\":\"https:\/\/xstyle.md\/?s={search_term_string}\"},\"query-input\":{\"@type\":\"PropertyValueSpecification\",\"valueRequired\":true,\"valueName\":\"search_term_string\"}}],\"inLanguage\":\"ro-RO\"},{\"@type\":\"Organization\",\"@id\":\"https:\/\/xstyle.md\/#organization\",\"name\":\"\u041c\u0430\u0433\u0430\u0437\u0438\u043d Xstyle\",\"alternateName\":\"x-style\",\"url\":\"https:\/\/xstyle.md\/\",\"logo\":{\"@type\":\"ImageObject\",\"inLanguage\":\"ro-RO\",\"@id\":\"https:\/\/xstyle.md\/#\/schema\/logo\/image\/\",\"url\":\"https:\/\/xstyle.md\/wp-content\/uploads\/2020\/06\/logoicon.svg\",\"contentUrl\":\"https:\/\/xstyle.md\/wp-content\/uploads\/2020\/06\/logoicon.svg\",\"caption\":\"\u041c\u0430\u0433\u0430\u0437\u0438\u043d Xstyle\"},\"image\":{\"@id\":\"https:\/\/xstyle.md\/#\/schema\/logo\/image\/\"},\"sameAs\":[\"https:\/\/www.facebook.com\/xstylemd\",\"https:\/\/www.instagram.com\/xstyle_md\/\",\"https:\/\/t.me\/xstyle_outdoor\"],\"hasMerchantReturnPolicy\":{\"@type\":\"MerchantReturnPolicy\",\"merchantReturnLink\":\"https:\/\/xstyle.md\/ro\/conditions\/\"}}]}<\/script>\n<meta property=\"product:price:amount\" content=\"1190.00\" \/>\n<meta property=\"product:price:currency\" content=\"MDL\" \/>\n<meta property=\"og:availability\" content=\"instock\" \/>\n<meta property=\"product:availability\" content=\"instock\" \/>\n<meta property=\"product:retailer_item_id\" content=\"7612013146441\" \/>\n<meta property=\"product:condition\" content=\"new\" \/>\n<!-- \/ Yoast SEO plugin. -->","yoast_head_json":{"title":"Cartu\u0219-filtru Katadyn Hiker Pro Replacement Element Glassfibre - Magazin Xstyle","description":"\u00cenlocuirea cartu\u0219ului-filtru Katadyn Hiker Pro pe baz\u0103 de fibr\u0103 de sticl\u0103. Filtrare eficient\u0103 p\u00e2n\u0103 la 1150 de litri. Elimin\u0103 bacteriile \u0219i impurit\u0103\u021bile.","robots":{"index":"index","follow":"follow","max-snippet":"max-snippet:-1","max-image-preview":"max-image-preview:large","max-video-preview":"max-video-preview:-1"},"canonical":"https:\/\/xstyle.md\/ro\/produs\/kartridzh-filtr-katadyn-hiker-pro-replacement-element-glassfibre\/","og_locale":"ro_RO","og_type":"article","og_title":"\u041a\u0430\u0440\u0442\u0440\u0438\u0434\u0436-\u0444\u0438\u043b\u044c\u0442\u0440 Katadyn Hiker Pro Replacement Element Glassfibre - \u041c\u0430\u0433\u0430\u0437\u0438\u043d Xstyle","og_description":"\u0417\u0430\u043c\u0435\u043d\u0430 \u043a\u0430\u0440\u0442\u0440\u0438\u0434\u0436\u0430-\u0444\u0438\u043b\u044c\u0442\u0440\u0430 Katadyn Hiker Pro \u043d\u0430 \u043e\u0441\u043d\u043e\u0432\u0435 \u0441\u0442\u0435\u043a\u043b\u043e\u0432\u043e\u043b\u043e\u043a\u043d\u0430. \u042d\u0444\u0444\u0435\u043a\u0442\u0438\u0432\u043d\u0430\u044f \u0444\u0438\u043b\u044c\u0442\u0440\u0430\u0446\u0438\u044f \u0434\u043e 1150 \u043b\u0438\u0442\u0440\u043e\u0432. \u0423\u0434\u0430\u043b\u044f\u0435\u0442 \u0431\u0430\u043a\u0442\u0435\u0440\u0438\u0438 \u0438 \u043f\u0440\u0438\u043c\u0435\u0441\u0438.","og_url":"https:\/\/xstyle.md\/ro\/produs\/kartridzh-filtr-katadyn-hiker-pro-replacement-element-glassfibre\/","og_site_name":"\u041c\u0430\u0433\u0430\u0437\u0438\u043d Xstyle","article_publisher":"https:\/\/www.facebook.com\/xstylemd","article_modified_time":"2025-10-24T09:43:46+00:00","og_image":[{"width":521,"height":563,"url":"https:\/\/xstyle.md\/wp-content\/uploads\/2023\/01\/katadyn-hiker-pro-replacement-element-glassfibre.jpg","type":"image\/jpeg"}],"twitter_card":"summary_large_image","twitter_misc":{"Pre\u021b":"1.190&nbsp;MDL","Disponibilitate":"\u00cen stoc"},"schema":{"@context":"https:\/\/schema.org","@graph":[{"@type":"WebPage","@id":"https:\/\/xstyle.md\/product\/kartridzh-filtr-katadyn-hiker-pro-replacement-element-glassfibre\/","url":"https:\/\/xstyle.md\/product\/kartridzh-filtr-katadyn-hiker-pro-replacement-element-glassfibre\/","name":"Cartu\u0219-filtru Katadyn Hiker Pro Replacement Element Glassfibre - Magazin Xstyle","isPartOf":{"@id":"https:\/\/xstyle.md\/#website"},"primaryImageOfPage":{"@id":"https:\/\/xstyle.md\/product\/kartridzh-filtr-katadyn-hiker-pro-replacement-element-glassfibre\/#primaryimage"},"image":{"@id":"https:\/\/xstyle.md\/product\/kartridzh-filtr-katadyn-hiker-pro-replacement-element-glassfibre\/#primaryimage"},"thumbnailUrl":"https:\/\/xstyle.md\/wp-content\/uploads\/2023\/01\/katadyn-hiker-pro-replacement-element-glassfibre.jpg","datePublished":"2023-01-25T10:47:05+00:00","dateModified":"2025-10-24T09:43:46+00:00","description":"\u00cenlocuirea cartu\u0219ului-filtru Katadyn Hiker Pro pe baz\u0103 de fibr\u0103 de sticl\u0103. Filtrare eficient\u0103 p\u00e2n\u0103 la 1150 de litri. Elimin\u0103 bacteriile \u0219i impurit\u0103\u021bile.","breadcrumb":{"@id":"https:\/\/xstyle.md\/product\/kartridzh-filtr-katadyn-hiker-pro-replacement-element-glassfibre\/#breadcrumb"},"inLanguage":"ro-RO","potentialAction":[{"@type":"ReadAction","target":["https:\/\/xstyle.md\/product\/kartridzh-filtr-katadyn-hiker-pro-replacement-element-glassfibre\/"]}]},{"@type":"ImageObject","inLanguage":"ro-RO","@id":"https:\/\/xstyle.md\/product\/kartridzh-filtr-katadyn-hiker-pro-replacement-element-glassfibre\/#primaryimage","url":"https:\/\/xstyle.md\/wp-content\/uploads\/2023\/01\/katadyn-hiker-pro-replacement-element-glassfibre.jpg","contentUrl":"https:\/\/xstyle.md\/wp-content\/uploads\/2023\/01\/katadyn-hiker-pro-replacement-element-glassfibre.jpg","width":521,"height":563,"caption":"\u0417\u0430\u043f\u0430\u0441\u043d\u043e\u0439 \u044d\u043b\u0435\u043c\u0435\u043d\u0442 \u0444\u0438\u043b\u044c\u0442\u0440\u0430 Katadyn Hiker Pro \u0434\u043b\u044f \u043f\u043e\u0445\u043e\u0434\u043e\u0432, \u0430\u043a\u0442\u0438\u0432\u043d\u043e\u0433\u043e \u043e\u0442\u0434\u044b\u0445\u0430, \u043f\u0443\u0442\u0435\u0448\u0435\u0441\u0442\u0432\u0438\u0439 \u0438 \u0433\u043e\u0440\u043d\u044b\u0445 \u043f\u043e\u0445\u043e\u0434\u043e\u0432 \u2014 \u043e\u0431\u043e\u0440\u0443\u0434\u043e\u0432\u0430\u043d\u0438\u0435 \u0434\u043b\u044f \u0442\u0443\u0440\u0438\u0437\u043c\u0430 \u0438 outdoor \u044d\u043a\u0438\u043f\u0438\u0440\u043e\u0432\u043a\u0438 \u0432 \u043c\u0430\u0433\u0430\u0437\u0438\u043d\u0435 \u0430\u043a\u0442\u0438\u0432\u043d\u043e\u0439 \u0436\u0438\u0437\u043d\u0438"},{"@type":"BreadcrumbList","@id":"https:\/\/xstyle.md\/product\/kartridzh-filtr-katadyn-hiker-pro-replacement-element-glassfibre\/#breadcrumb","itemListElement":[{"@type":"ListItem","position":1,"name":"\u0413\u043b\u0430\u0432\u043d\u0430\u044f \u0441\u0442\u0440\u0430\u043d\u0438\u0446\u0430","item":"https:\/\/xstyle.md\/"},{"@type":"ListItem","position":2,"name":"\u041c\u0430\u0433\u0430\u0437\u0438\u043d","item":"https:\/\/xstyle.md\/shop\/"},{"@type":"ListItem","position":3,"name":"\u041a\u0430\u0440\u0442\u0440\u0438\u0434\u0436-\u0444\u0438\u043b\u044c\u0442\u0440 Katadyn Hiker Pro Replacement Element Glassfibre"}]},{"@type":"WebSite","@id":"https:\/\/xstyle.md\/#website","url":"https:\/\/xstyle.md\/","name":"Magazinul X-Style","description":"Echipamente pentru turism \u0219i sporturi extreme \u00een Moldova. Pre\u021buri, fotografii, caracteristici \u00een Moldova.","publisher":{"@id":"https:\/\/xstyle.md\/#organization"},"alternateName":"X-Style","potentialAction":[{"@type":"SearchAction","target":{"@type":"EntryPoint","urlTemplate":"https:\/\/xstyle.md\/?s={search_term_string}"},"query-input":{"@type":"PropertyValueSpecification","valueRequired":true,"valueName":"search_term_string"}}],"inLanguage":"ro-RO"},{"@type":"Organization","@id":"https:\/\/xstyle.md\/#organization","name":"Magazinul X-Style","alternateName":"x-style","url":"https:\/\/xstyle.md\/","logo":{"@type":"ImageObject","inLanguage":"ro-RO","@id":"https:\/\/xstyle.md\/#\/schema\/logo\/image\/","url":"https:\/\/xstyle.md\/wp-content\/uploads\/2020\/06\/logoicon.svg","contentUrl":"https:\/\/xstyle.md\/wp-content\/uploads\/2020\/06\/logoicon.svg","caption":"\u041c\u0430\u0433\u0430\u0437\u0438\u043d Xstyle"},"image":{"@id":"https:\/\/xstyle.md\/#\/schema\/logo\/image\/"},"sameAs":["https:\/\/www.facebook.com\/xstylemd","https:\/\/www.instagram.com\/xstyle_md\/","https:\/\/t.me\/xstyle_outdoor"],"hasMerchantReturnPolicy":{"@type":"MerchantReturnPolicy","merchantReturnLink":"https:\/\/xstyle.md\/ro\/conditions\/"}}]},"product_price_amount":"1190.00","product_price_currency":"MDL","og_availability":"instock","product_availability":"instock","product_retailer_item_id":"7612013146441","product_condition":"new"},"post_mailing_queue_ids":[],"_links":{"self":[{"href":"https:\/\/xstyle.md\/ro\/wp-json\/wp\/v2\/product\/63460","targetHints":{"allow":["GET"]}}],"collection":[{"href":"https:\/\/xstyle.md\/ro\/wp-json\/wp\/v2\/product"}],"about":[{"href":"https:\/\/xstyle.md\/ro\/wp-json\/wp\/v2\/types\/product"}],"replies":[{"embeddable":true,"href":"https:\/\/xstyle.md\/ro\/wp-json\/wp\/v2\/comments?post=63460"}],"wp:featuredmedia":[{"embeddable":true,"href":"https:\/\/xstyle.md\/ro\/wp-json\/wp\/v2\/media\/65479"}],"wp:attachment":[{"href":"https:\/\/xstyle.md\/ro\/wp-json\/wp\/v2\/media?parent=63460"}],"wp:term":[{"taxonomy":"product_brand","embeddable":true,"href":"https:\/\/xstyle.md\/ro\/wp-json\/wp\/v2\/product_brand?post=63460"},{"taxonomy":"product_cat","embeddable":true,"href":"https:\/\/xstyle.md\/ro\/wp-json\/wp\/v2\/product_cat?post=63460"},{"taxonomy":"product_tag","embeddable":true,"href":"https:\/\/xstyle.md\/ro\/wp-json\/wp\/v2\/product_tag?post=63460"}],"curies":[{"name":"wp","href":"https:\/\/api.w.org\/{rel}","templated":true}]}}