{"id":63449,"date":"2023-01-25T13:47:02","date_gmt":"2023-01-25T10:47:02","guid":{"rendered":"https:\/\/xstyle.md\/?post_type=product&#038;p=63449"},"modified":"2025-10-24T12:42:51","modified_gmt":"2025-10-24T09:42:51","slug":"ochki-julbo-renegade-noir-mat-3cf-rouge","status":"publish","type":"product","link":"https:\/\/xstyle.md\/ro\/produs\/ochki-julbo-renegade-noir-mat-3cf-rouge\/","title":{"rendered":"Ochelari Julbo Renegade Noir Mat 3CF Rouge"},"content":{"rendered":"<\/p>\n<p><strong>Julbo Renegade Noir Mat 3CF Rouge<\/strong> &#8212; este un model confortabil conceput pentru persoanele ale c\u0103ror vie\u021bi sunt inextricabil legate de ora\u0219 \u0219i natur\u0103. Designul urban se va potrivi perfect pe str\u0103zile aglomerate, iar cu tehnologia avansat\u0103 \u00eencorporat\u0103 \u0219i lentilele de clas\u0103 mondial\u0103, v\u0103 pute\u021bi scufunda \u00een lumea aventurii f\u0103r\u0103 a v\u0103 schimba ochelarii. Profilul ergonomic \u0219i rama lat\u0103 asigur\u0103 protec\u021bie ocular\u0103 complet\u0103 \u0219i o potrivire sigur\u0103. \u00cen plus, t\u00e2mplele sunt acoperite cu un material Grip Tech tenace, dar prietenos cu corpul.<\/p>\n<h3>Particularit\u0103\u021bi<\/h3>\n<ul>\n<li>Protec\u021bie 100% \u00eempotriva razelor UV de tip A, B \u0219i C<\/li>\n<li>Inser\u021bie flexibil\u0103, care absoarbe \u0219ocurile, pe podul nasului<\/li>\n<li>Profil ergonomic curbat<\/li>\n<li>Suprafa\u021b\u0103 Grip Tech care este aderent\u0103, dar pl\u0103cut\u0103 pentru piele<\/li>\n<\/ul>\n<h3>Caracteristici<\/h3>\n<ul>\n<li>Lentile &#8212; Spectron 3CF<\/li>\n<li>Categoria de protec\u021bie UV: 3 (13% transmisie a luminii)<\/li>\n<li>L\u0103\u021bimea lentilei &#8212; 61 mm<\/li>\n<li>Lungimea lan\u021bului &#8212; 135 mm<\/li>\n<li>Capacitate de transport &#8212; 17 m<\/li>\n<li>Scop &#8212; utilizare \u00een aer liber \/ de zi cu zi<\/li>\n<li>Model &#8212; unisex<\/li>\n<\/ul>\n<h3>Tehnologie<\/h3>\n<ul>\n<li><strong>Spectron 3CF<\/strong> &#8212; lentile colorate lustruite \u00een oglind\u0103, oferind designului ochelarilor un aspect luminos \u0219i elegant. Lentile rezistente la impact ridicat, potrivite pentru toate sporturile, \u00een special pentru cele \u00een care activit\u0103\u021bile au loc \u00een lumina puternic\u0103 a soarelui. Acoperirea flash colorat\u0103 \u00eembun\u0103t\u0103\u021be\u0219te filtrarea luminii vizibile \u0219i creeaz\u0103 un strat protector de oglind\u0103 pe lentile. Oglinda permite ochelarilor s\u0103 reflecte razele de lumin\u0103 primite, datorit\u0103 unui strat exterior special.<\/li>\n<li><strong>Wraparound style<\/strong> &#8212; partea frontal\u0103 curbat\u0103 \u0219i t\u00e2mplele late \u00eembun\u0103t\u0103\u021besc protec\u021bia solar\u0103.<\/li>\n<li><strong>Grip Tech<\/strong> &#8212; material exclusiv moale pe t\u00e2mple, care nu se lipe\u0219te de p\u0103r, oferind suport \u0219i confort absolut.<\/li>\n<\/ul>\n<h3>Marca<\/h3>\n<p>Julbo este un brand francez de renume mondial care produce ochelari sport de \u00eenalt\u0103 calitate, ochelari pentru sporturi de ap\u0103, ochelari pentru alpinism la altitudine mare, m\u0103\u0219ti pentru sporturi de iarn\u0103, c\u0103\u0219ti de schi \u0219i multe altele. Aceast\u0103 companie are o istorie de peste 130 de ani, iar \u00een acest timp s-a dezvoltat de la o mic\u0103 firm\u0103 de familie la un juc\u0103tor important pe pia\u021ba global\u0103. Julbo a devenit un adev\u0103rat expert \u0219i un punct de referin\u021b\u0103 \u00een dezvoltarea de optic\u0103 pentru utilizare \u00een condi\u021bii extreme. Experien\u021ba acumulat\u0103 de-a lungul anilor, tehnologiile inovatoare \u0219i cooperarea cu sportivii au dus la o gam\u0103 larg\u0103 de produse care au c\u00e2\u0219tigat o mare popularitate \u00een \u00eentreaga lume.<\/p>\n<p><\/p>","protected":false},"excerpt":{"rendered":"","protected":false},"featured_media":65947,"comment_status":"open","ping_status":"closed","template":"","meta":{"_acf_changed":false,"inline_featured_image":false},"product_brand":[1294],"product_cat":[238],"product_tag":[],"class_list":{"0":"post-63449","1":"product","2":"type-product","3":"status-publish","4":"has-post-thumbnail","6":"product_brand-julbo","7":"product_cat-sunglasses-julbo","9":"first","10":"instock","11":"shipping-taxable","12":"purchasable","13":"product-type-simple"},"acf":[],"yoast_head":"<!-- This site is optimized with the Yoast SEO plugin v27.2 - https:\/\/yoast.com\/product\/yoast-seo-wordpress\/ -->\n<title>\u041e\u0447\u043a\u0438 Julbo Renegade Noir Mat 3CF Rouge - \u041c\u0430\u0433\u0430\u0437\u0438\u043d Xstyle<\/title>\n<meta name=\"description\" content=\"\u041e\u0447\u043a\u0438 Julbo Renegade Noir Mat 3CF Rouge: \u0441\u0442\u0438\u043b\u044c\u043d\u044b\u0439 \u0434\u0438\u0437\u0430\u0439\u043d, \u0437\u0430\u0449\u0438\u0442\u0430 UV, \u0442\u0435\u0445\u043d\u043e\u043b\u043e\u0433\u0438\u0438 Grip Tech \u0438 Spectron 3CF \u0434\u043b\u044f \u0430\u043a\u0442\u0438\u0432\u043d\u043e\u0433\u043e \u043e\u0442\u0434\u044b\u0445\u0430 \u0438 \u0433\u043e\u0440\u043e\u0434\u0441\u043a\u043e\u0439 \u0436\u0438\u0437\u043d\u0438.\" \/>\n<meta name=\"robots\" content=\"index, follow, max-snippet:-1, max-image-preview:large, max-video-preview:-1\" \/>\n<link rel=\"canonical\" href=\"https:\/\/xstyle.md\/ro\/produs\/ochki-julbo-renegade-noir-mat-3cf-rouge\/\" \/>\n<meta property=\"og:locale\" content=\"ro_RO\" \/>\n<meta property=\"og:type\" content=\"article\" \/>\n<meta property=\"og:title\" content=\"\u041e\u0447\u043a\u0438 Julbo Renegade Noir Mat 3CF Rouge - \u041c\u0430\u0433\u0430\u0437\u0438\u043d Xstyle\" \/>\n<meta property=\"og:description\" content=\"\u041e\u0447\u043a\u0438 Julbo Renegade Noir Mat 3CF Rouge: \u0441\u0442\u0438\u043b\u044c\u043d\u044b\u0439 \u0434\u0438\u0437\u0430\u0439\u043d, \u0437\u0430\u0449\u0438\u0442\u0430 UV, \u0442\u0435\u0445\u043d\u043e\u043b\u043e\u0433\u0438\u0438 Grip Tech \u0438 Spectron 3CF \u0434\u043b\u044f \u0430\u043a\u0442\u0438\u0432\u043d\u043e\u0433\u043e \u043e\u0442\u0434\u044b\u0445\u0430 \u0438 \u0433\u043e\u0440\u043e\u0434\u0441\u043a\u043e\u0439 \u0436\u0438\u0437\u043d\u0438.\" \/>\n<meta property=\"og:url\" content=\"https:\/\/xstyle.md\/ro\/produs\/ochki-julbo-renegade-noir-mat-3cf-rouge\/\" \/>\n<meta property=\"og:site_name\" content=\"\u041c\u0430\u0433\u0430\u0437\u0438\u043d Xstyle\" \/>\n<meta property=\"article:publisher\" content=\"https:\/\/www.facebook.com\/xstylemd\" \/>\n<meta property=\"article:modified_time\" content=\"2025-10-24T09:42:51+00:00\" \/>\n<meta property=\"og:image\" content=\"https:\/\/xstyle.md\/wp-content\/uploads\/2023\/01\/julbo-renegade-noir-mat-3cf-rouge.jpg\" \/>\n\t<meta property=\"og:image:width\" content=\"696\" \/>\n\t<meta property=\"og:image:height\" content=\"546\" \/>\n\t<meta property=\"og:image:type\" content=\"image\/jpeg\" \/>\n<meta name=\"twitter:card\" content=\"summary_large_image\" \/>\n<meta name=\"twitter:label1\" content=\"Pre\u021b\" \/>\n\t<meta name=\"twitter:data1\" content=\"1.970&nbsp;MDL\" \/>\n\t<meta name=\"twitter:label2\" content=\"Disponibilitate\" \/>\n\t<meta name=\"twitter:data2\" content=\"\u00cen stoc\" \/>\n<script type=\"application\/ld+json\" class=\"yoast-schema-graph\">{\"@context\":\"https:\/\/schema.org\",\"@graph\":[{\"@type\":\"WebPage\",\"@id\":\"https:\/\/xstyle.md\/product\/ochki-julbo-renegade-noir-mat-3cf-rouge\/\",\"url\":\"https:\/\/xstyle.md\/product\/ochki-julbo-renegade-noir-mat-3cf-rouge\/\",\"name\":\"\u041e\u0447\u043a\u0438 Julbo Renegade Noir Mat 3CF Rouge - \u041c\u0430\u0433\u0430\u0437\u0438\u043d Xstyle\",\"isPartOf\":{\"@id\":\"https:\/\/xstyle.md\/#website\"},\"primaryImageOfPage\":{\"@id\":\"https:\/\/xstyle.md\/product\/ochki-julbo-renegade-noir-mat-3cf-rouge\/#primaryimage\"},\"image\":{\"@id\":\"https:\/\/xstyle.md\/product\/ochki-julbo-renegade-noir-mat-3cf-rouge\/#primaryimage\"},\"thumbnailUrl\":\"https:\/\/xstyle.md\/wp-content\/uploads\/2023\/01\/julbo-renegade-noir-mat-3cf-rouge.jpg\",\"datePublished\":\"2023-01-25T10:47:02+00:00\",\"dateModified\":\"2025-10-24T09:42:51+00:00\",\"description\":\"\u041e\u0447\u043a\u0438 Julbo Renegade Noir Mat 3CF Rouge: \u0441\u0442\u0438\u043b\u044c\u043d\u044b\u0439 \u0434\u0438\u0437\u0430\u0439\u043d, \u0437\u0430\u0449\u0438\u0442\u0430 UV, \u0442\u0435\u0445\u043d\u043e\u043b\u043e\u0433\u0438\u0438 Grip Tech \u0438 Spectron 3CF \u0434\u043b\u044f \u0430\u043a\u0442\u0438\u0432\u043d\u043e\u0433\u043e \u043e\u0442\u0434\u044b\u0445\u0430 \u0438 \u0433\u043e\u0440\u043e\u0434\u0441\u043a\u043e\u0439 \u0436\u0438\u0437\u043d\u0438.\",\"breadcrumb\":{\"@id\":\"https:\/\/xstyle.md\/product\/ochki-julbo-renegade-noir-mat-3cf-rouge\/#breadcrumb\"},\"inLanguage\":\"ro-RO\",\"potentialAction\":[{\"@type\":\"ReadAction\",\"target\":[\"https:\/\/xstyle.md\/product\/ochki-julbo-renegade-noir-mat-3cf-rouge\/\"]}]},{\"@type\":\"ImageObject\",\"inLanguage\":\"ro-RO\",\"@id\":\"https:\/\/xstyle.md\/product\/ochki-julbo-renegade-noir-mat-3cf-rouge\/#primaryimage\",\"url\":\"https:\/\/xstyle.md\/wp-content\/uploads\/2023\/01\/julbo-renegade-noir-mat-3cf-rouge.jpg\",\"contentUrl\":\"https:\/\/xstyle.md\/wp-content\/uploads\/2023\/01\/julbo-renegade-noir-mat-3cf-rouge.jpg\",\"width\":696,\"height\":546,\"caption\":\"\u041e\u0447\u043a\u0438 Julbo Renegade Noir Mat 3CF Rouge \u0434\u043b\u044f \u0430\u043a\u0442\u0438\u0432\u043d\u043e\u0433\u043e \u043e\u0442\u0434\u044b\u0445\u0430 \u043e\u0431\u0443\u0432\u044c \u043e\u0434\u0435\u0436\u0434\u0430 \u043f\u043e\u0445\u043e\u0434\u044b \u0433\u043e\u0440\u043d\u044b\u0435 \u043b\u044b\u0436\u0438 \u0430\u043b\u044c\u043f\u0438\u043d\u0438\u0437\u043c \u043f\u0443\u0442\u0435\u0448\u0435\u0441\u0442\u0432\u0438\u044f \u0434\u043b\u044f \u043e\u043d\u043b\u0430\u0439\u043d \u043c\u0430\u0433\u0430\u0437\u0438\u043d\u0430 \u0442\u043e\u0432\u0430\u0440\u043e\u0432 \u0434\u043b\u044f \u0430\u043a\u0442\u0438\u0432\u043d\u043e\u0439 \u0436\u0438\u0437\u043d\u0438\"},{\"@type\":\"BreadcrumbList\",\"@id\":\"https:\/\/xstyle.md\/product\/ochki-julbo-renegade-noir-mat-3cf-rouge\/#breadcrumb\",\"itemListElement\":[{\"@type\":\"ListItem\",\"position\":1,\"name\":\"\u0413\u043b\u0430\u0432\u043d\u0430\u044f \u0441\u0442\u0440\u0430\u043d\u0438\u0446\u0430\",\"item\":\"https:\/\/xstyle.md\/\"},{\"@type\":\"ListItem\",\"position\":2,\"name\":\"\u041c\u0430\u0433\u0430\u0437\u0438\u043d\",\"item\":\"https:\/\/xstyle.md\/shop\/\"},{\"@type\":\"ListItem\",\"position\":3,\"name\":\"\u041e\u0447\u043a\u0438 Julbo Renegade Noir Mat 3CF Rouge\"}]},{\"@type\":\"WebSite\",\"@id\":\"https:\/\/xstyle.md\/#website\",\"url\":\"https:\/\/xstyle.md\/\",\"name\":\"\u041c\u0430\u0433\u0430\u0437\u0438\u043d Xstyle\",\"description\":\"C\u043d\u0430\u0440\u044f\u0436\u0435\u043d\u0438\u0435 \u0434\u043b\u044f \u0442\u0443\u0440\u0438\u0437\u043c\u0430 \u0438 \u044d\u043a\u0441\u0442\u0440\u0435\u043c\u0430\u043b\u044c\u043d\u044b\u0445 \u0432\u0438\u0434\u043e\u0432 \u0441\u043f\u043e\u0440\u0442\u0430 \u0432 \u041c\u043e\u043b\u0434\u043e\u0432\u0435.. \u0426\u0435\u043d\u044b, \u0444\u043e\u0442\u043e, \u0445\u0430\u0440\u0430\u043a\u0442\u0435\u0440\u0438\u0441\u0442\u0438\u043a\u0438 \u0432 \u041c\u043e\u043b\u0434\u043e\u0432\u0435.\",\"publisher\":{\"@id\":\"https:\/\/xstyle.md\/#organization\"},\"alternateName\":\"X-Style\",\"potentialAction\":[{\"@type\":\"SearchAction\",\"target\":{\"@type\":\"EntryPoint\",\"urlTemplate\":\"https:\/\/xstyle.md\/?s={search_term_string}\"},\"query-input\":{\"@type\":\"PropertyValueSpecification\",\"valueRequired\":true,\"valueName\":\"search_term_string\"}}],\"inLanguage\":\"ro-RO\"},{\"@type\":\"Organization\",\"@id\":\"https:\/\/xstyle.md\/#organization\",\"name\":\"\u041c\u0430\u0433\u0430\u0437\u0438\u043d Xstyle\",\"alternateName\":\"x-style\",\"url\":\"https:\/\/xstyle.md\/\",\"logo\":{\"@type\":\"ImageObject\",\"inLanguage\":\"ro-RO\",\"@id\":\"https:\/\/xstyle.md\/#\/schema\/logo\/image\/\",\"url\":\"https:\/\/xstyle.md\/wp-content\/uploads\/2020\/06\/logoicon.svg\",\"contentUrl\":\"https:\/\/xstyle.md\/wp-content\/uploads\/2020\/06\/logoicon.svg\",\"caption\":\"\u041c\u0430\u0433\u0430\u0437\u0438\u043d Xstyle\"},\"image\":{\"@id\":\"https:\/\/xstyle.md\/#\/schema\/logo\/image\/\"},\"sameAs\":[\"https:\/\/www.facebook.com\/xstylemd\",\"https:\/\/www.instagram.com\/xstyle_md\/\",\"https:\/\/t.me\/xstyle_outdoor\"],\"hasMerchantReturnPolicy\":{\"@type\":\"MerchantReturnPolicy\",\"merchantReturnLink\":\"https:\/\/xstyle.md\/ro\/conditions\/\"}}]}<\/script>\n<meta property=\"product:price:amount\" content=\"1970.00\" \/>\n<meta property=\"product:price:currency\" content=\"MDL\" \/>\n<meta property=\"og:availability\" content=\"instock\" \/>\n<meta property=\"product:availability\" content=\"instock\" \/>\n<meta property=\"product:retailer_item_id\" content=\"3660576940659\" \/>\n<meta property=\"product:condition\" content=\"new\" \/>\n<!-- \/ Yoast SEO plugin. -->","yoast_head_json":{"title":"Ochelari Julbo Renegade Noir Mat 3CF Rouge - Magazin Xstyle","description":"Ochelari Julbo Renegade Noir Mat 3CF Rouge: design elegant, protec\u021bie UV, tehnologii Grip Tech \u0219i Spectron 3CF pentru activit\u0103\u021bi \u00een aer liber \u0219i via\u021ba urban\u0103.","robots":{"index":"index","follow":"follow","max-snippet":"max-snippet:-1","max-image-preview":"max-image-preview:large","max-video-preview":"max-video-preview:-1"},"canonical":"https:\/\/xstyle.md\/ro\/produs\/ochki-julbo-renegade-noir-mat-3cf-rouge\/","og_locale":"ro_RO","og_type":"article","og_title":"\u041e\u0447\u043a\u0438 Julbo Renegade Noir Mat 3CF Rouge - \u041c\u0430\u0433\u0430\u0437\u0438\u043d Xstyle","og_description":"\u041e\u0447\u043a\u0438 Julbo Renegade Noir Mat 3CF Rouge: \u0441\u0442\u0438\u043b\u044c\u043d\u044b\u0439 \u0434\u0438\u0437\u0430\u0439\u043d, \u0437\u0430\u0449\u0438\u0442\u0430 UV, \u0442\u0435\u0445\u043d\u043e\u043b\u043e\u0433\u0438\u0438 Grip Tech \u0438 Spectron 3CF \u0434\u043b\u044f \u0430\u043a\u0442\u0438\u0432\u043d\u043e\u0433\u043e \u043e\u0442\u0434\u044b\u0445\u0430 \u0438 \u0433\u043e\u0440\u043e\u0434\u0441\u043a\u043e\u0439 \u0436\u0438\u0437\u043d\u0438.","og_url":"https:\/\/xstyle.md\/ro\/produs\/ochki-julbo-renegade-noir-mat-3cf-rouge\/","og_site_name":"\u041c\u0430\u0433\u0430\u0437\u0438\u043d Xstyle","article_publisher":"https:\/\/www.facebook.com\/xstylemd","article_modified_time":"2025-10-24T09:42:51+00:00","og_image":[{"width":696,"height":546,"url":"https:\/\/xstyle.md\/wp-content\/uploads\/2023\/01\/julbo-renegade-noir-mat-3cf-rouge.jpg","type":"image\/jpeg"}],"twitter_card":"summary_large_image","twitter_misc":{"Pre\u021b":"1.970&nbsp;MDL","Disponibilitate":"\u00cen stoc"},"schema":{"@context":"https:\/\/schema.org","@graph":[{"@type":"WebPage","@id":"https:\/\/xstyle.md\/product\/ochki-julbo-renegade-noir-mat-3cf-rouge\/","url":"https:\/\/xstyle.md\/product\/ochki-julbo-renegade-noir-mat-3cf-rouge\/","name":"Ochelari Julbo Renegade Noir Mat 3CF Rouge - Magazin Xstyle","isPartOf":{"@id":"https:\/\/xstyle.md\/#website"},"primaryImageOfPage":{"@id":"https:\/\/xstyle.md\/product\/ochki-julbo-renegade-noir-mat-3cf-rouge\/#primaryimage"},"image":{"@id":"https:\/\/xstyle.md\/product\/ochki-julbo-renegade-noir-mat-3cf-rouge\/#primaryimage"},"thumbnailUrl":"https:\/\/xstyle.md\/wp-content\/uploads\/2023\/01\/julbo-renegade-noir-mat-3cf-rouge.jpg","datePublished":"2023-01-25T10:47:02+00:00","dateModified":"2025-10-24T09:42:51+00:00","description":"Ochelari Julbo Renegade Noir Mat 3CF Rouge: design elegant, protec\u021bie UV, tehnologii Grip Tech \u0219i Spectron 3CF pentru activit\u0103\u021bi \u00een aer liber \u0219i via\u021ba urban\u0103.","breadcrumb":{"@id":"https:\/\/xstyle.md\/product\/ochki-julbo-renegade-noir-mat-3cf-rouge\/#breadcrumb"},"inLanguage":"ro-RO","potentialAction":[{"@type":"ReadAction","target":["https:\/\/xstyle.md\/product\/ochki-julbo-renegade-noir-mat-3cf-rouge\/"]}]},{"@type":"ImageObject","inLanguage":"ro-RO","@id":"https:\/\/xstyle.md\/product\/ochki-julbo-renegade-noir-mat-3cf-rouge\/#primaryimage","url":"https:\/\/xstyle.md\/wp-content\/uploads\/2023\/01\/julbo-renegade-noir-mat-3cf-rouge.jpg","contentUrl":"https:\/\/xstyle.md\/wp-content\/uploads\/2023\/01\/julbo-renegade-noir-mat-3cf-rouge.jpg","width":696,"height":546,"caption":"\u041e\u0447\u043a\u0438 Julbo Renegade Noir Mat 3CF Rouge \u0434\u043b\u044f \u0430\u043a\u0442\u0438\u0432\u043d\u043e\u0433\u043e \u043e\u0442\u0434\u044b\u0445\u0430 \u043e\u0431\u0443\u0432\u044c \u043e\u0434\u0435\u0436\u0434\u0430 \u043f\u043e\u0445\u043e\u0434\u044b \u0433\u043e\u0440\u043d\u044b\u0435 \u043b\u044b\u0436\u0438 \u0430\u043b\u044c\u043f\u0438\u043d\u0438\u0437\u043c \u043f\u0443\u0442\u0435\u0448\u0435\u0441\u0442\u0432\u0438\u044f \u0434\u043b\u044f \u043e\u043d\u043b\u0430\u0439\u043d \u043c\u0430\u0433\u0430\u0437\u0438\u043d\u0430 \u0442\u043e\u0432\u0430\u0440\u043e\u0432 \u0434\u043b\u044f \u0430\u043a\u0442\u0438\u0432\u043d\u043e\u0439 \u0436\u0438\u0437\u043d\u0438"},{"@type":"BreadcrumbList","@id":"https:\/\/xstyle.md\/product\/ochki-julbo-renegade-noir-mat-3cf-rouge\/#breadcrumb","itemListElement":[{"@type":"ListItem","position":1,"name":"\u0413\u043b\u0430\u0432\u043d\u0430\u044f \u0441\u0442\u0440\u0430\u043d\u0438\u0446\u0430","item":"https:\/\/xstyle.md\/"},{"@type":"ListItem","position":2,"name":"\u041c\u0430\u0433\u0430\u0437\u0438\u043d","item":"https:\/\/xstyle.md\/shop\/"},{"@type":"ListItem","position":3,"name":"\u041e\u0447\u043a\u0438 Julbo Renegade Noir Mat 3CF Rouge"}]},{"@type":"WebSite","@id":"https:\/\/xstyle.md\/#website","url":"https:\/\/xstyle.md\/","name":"Magazinul X-Style","description":"Echipamente pentru turism \u0219i sporturi extreme \u00een Moldova. Pre\u021buri, fotografii, caracteristici \u00een Moldova.","publisher":{"@id":"https:\/\/xstyle.md\/#organization"},"alternateName":"X-Style","potentialAction":[{"@type":"SearchAction","target":{"@type":"EntryPoint","urlTemplate":"https:\/\/xstyle.md\/?s={search_term_string}"},"query-input":{"@type":"PropertyValueSpecification","valueRequired":true,"valueName":"search_term_string"}}],"inLanguage":"ro-RO"},{"@type":"Organization","@id":"https:\/\/xstyle.md\/#organization","name":"Magazinul X-Style","alternateName":"x-style","url":"https:\/\/xstyle.md\/","logo":{"@type":"ImageObject","inLanguage":"ro-RO","@id":"https:\/\/xstyle.md\/#\/schema\/logo\/image\/","url":"https:\/\/xstyle.md\/wp-content\/uploads\/2020\/06\/logoicon.svg","contentUrl":"https:\/\/xstyle.md\/wp-content\/uploads\/2020\/06\/logoicon.svg","caption":"\u041c\u0430\u0433\u0430\u0437\u0438\u043d Xstyle"},"image":{"@id":"https:\/\/xstyle.md\/#\/schema\/logo\/image\/"},"sameAs":["https:\/\/www.facebook.com\/xstylemd","https:\/\/www.instagram.com\/xstyle_md\/","https:\/\/t.me\/xstyle_outdoor"],"hasMerchantReturnPolicy":{"@type":"MerchantReturnPolicy","merchantReturnLink":"https:\/\/xstyle.md\/ro\/conditions\/"}}]},"product_price_amount":"1970.00","product_price_currency":"MDL","og_availability":"instock","product_availability":"instock","product_retailer_item_id":"3660576940659","product_condition":"new"},"post_mailing_queue_ids":[],"_links":{"self":[{"href":"https:\/\/xstyle.md\/ro\/wp-json\/wp\/v2\/product\/63449","targetHints":{"allow":["GET"]}}],"collection":[{"href":"https:\/\/xstyle.md\/ro\/wp-json\/wp\/v2\/product"}],"about":[{"href":"https:\/\/xstyle.md\/ro\/wp-json\/wp\/v2\/types\/product"}],"replies":[{"embeddable":true,"href":"https:\/\/xstyle.md\/ro\/wp-json\/wp\/v2\/comments?post=63449"}],"wp:featuredmedia":[{"embeddable":true,"href":"https:\/\/xstyle.md\/ro\/wp-json\/wp\/v2\/media\/65947"}],"wp:attachment":[{"href":"https:\/\/xstyle.md\/ro\/wp-json\/wp\/v2\/media?parent=63449"}],"wp:term":[{"taxonomy":"product_brand","embeddable":true,"href":"https:\/\/xstyle.md\/ro\/wp-json\/wp\/v2\/product_brand?post=63449"},{"taxonomy":"product_cat","embeddable":true,"href":"https:\/\/xstyle.md\/ro\/wp-json\/wp\/v2\/product_cat?post=63449"},{"taxonomy":"product_tag","embeddable":true,"href":"https:\/\/xstyle.md\/ro\/wp-json\/wp\/v2\/product_tag?post=63449"}],"curies":[{"name":"wp","href":"https:\/\/api.w.org\/{rel}","templated":true}]}}