{"id":6344,"date":"2020-07-16T21:35:02","date_gmt":"2020-07-16T18:35:02","guid":{"rendered":"https:\/\/xstyle.md\/product\/palatka-msr-elixir-2"},"modified":"2026-03-19T16:33:37","modified_gmt":"2026-03-19T13:33:37","slug":"palatka-msr-elixir-2","status":"publish","type":"product","link":"https:\/\/xstyle.md\/ro\/produs\/palatka-msr-elixir-2\/","title":{"rendered":"Cort MSR Elixir 2"},"content":{"rendered":"<\/p>\n<p><strong>MSR\u00ae Elixir\u2122 2<\/strong> este un cort de 3 anotimpuri pentru doua persoane avand un raport greutate\/spatiu util foarte bun. Cel mai bun pret in categoria sa raportat la calitate si performante, recomandat celor conditionati de buget.<\/p>\n<p><strong>Caracteristici<\/strong><\/p>\n<ul>\n<li>Structura de rezisten\u021b\u0103 realizat\u0103 cu 3 be\u021be din aluminiu<\/li>\n<li>Tenda este confec\u021bionat\u0103 din \u021bes\u0103tur\u0103 de poliester ripstop peliculizat\u0103 profesional cu poliuretan \u0219i silicon<\/li>\n<li>Cortul este confec\u021bionat din \u021bes\u0103tur\u0103 din nailon ripstop \u0219i plas\u0103<\/li>\n<li>Plasa asigur\u0103 o bun\u0103 ventilare \u0219i \u00eempiedic\u0103 formarea condensului<\/li>\n<li>Talpa \u00een forma de &#171;cada de baie&#187; este confec\u021bionat\u0103 din \u021bes\u0103tura de nailon taffeta peliculizat\u0103 profesional cu poliuretan \u0219i silicon<\/li>\n<li>Tratamentul Durashield\u2122 aplicat tendei \u0219i t\u0103lpii cortului \u00eembun\u0103t\u0103\u021be\u0219te performan\u021bele fa\u021b\u0103 de alte modelele, m\u0103rind rezisten\u021ba la solicit\u0103ri mecanice \u0219i la razele ultraviolete<\/li>\n<li>Toate cus\u0103turile sunt sigilate cu band\u0103 special\u0103<\/li>\n<li>Abside spa\u021bioase pentru stocarea echipamentului<\/li>\n<li>Intr\u0103ri mari pentru acces u\u0219or \u0219i rapid<\/li>\n<li>Fermoare tratate s\u0103 resping\u0103 apa<\/li>\n<li>Ancore reflectorizante<\/li>\n<li>Buzunare interioare din plas\u0103<\/li>\n<li>Se poate monta in trei configuratii diferite: cort \u0219i tend\u0103, ad\u0103post u\u0219or realizat din tend\u0103, be\u021be \u0219i protec\u021bia suplimentar\u0103 la sol, ad\u0103post minimal realizat din tend\u0103 \u0219i be\u021be<\/li>\n<li>Se livreaz\u0103 cu protec\u021bie suplimentar\u0103 la sol<\/li>\n<\/ul>\n<p><\/p>","protected":false},"excerpt":{"rendered":"<p>Cort MSR Elixir 2<\/p>","protected":false},"featured_media":6337,"comment_status":"open","ping_status":"closed","template":"","meta":{"_acf_changed":false,"inline_featured_image":false},"product_brand":[1279],"product_cat":[76],"product_tag":[],"class_list":{"0":"post-6344","1":"product","2":"type-product","3":"status-publish","4":"has-post-thumbnail","6":"product_brand-msr","7":"product_cat-corturi-duble","9":"first","10":"instock","11":"shipping-taxable","12":"purchasable","13":"product-type-simple"},"acf":[],"yoast_head":"<!-- This site is optimized with the Yoast SEO plugin v27.2 - https:\/\/yoast.com\/product\/yoast-seo-wordpress\/ -->\n<title>\u041f\u0430\u043b\u0430\u0442\u043a\u0430 MSR Elixir 2 White-Red - \u041c\u0430\u0433\u0430\u0437\u0438\u043d Xstyle<\/title>\n<meta name=\"description\" content=\"\u041f\u0430\u043b\u0430\u0442\u043a\u0430 MSR Elixir 2 White-Red - \u0438\u0434\u0435\u0430\u043b\u044c\u043d\u044b\u0439 \u0432\u044b\u0431\u043e\u0440 \u0434\u043b\u044f \u0434\u0432\u043e\u0438\u0445. \u041b\u0451\u0433\u043a\u0430\u044f, \u043f\u0440\u043e\u0447\u043d\u0430\u044f \u0438 \u0432\u043e\u0434\u043e\u043d\u0435\u043f\u0440\u043e\u043d\u0438\u0446\u0430\u0435\u043c\u0430\u044f. \u0421\u043e\u0437\u0434\u0430\u0439\u0442\u0435 \u043a\u043e\u043c\u0444\u043e\u0440\u0442 \u0432 \u043f\u043e\u0445\u043e\u0434\u0430\u0445! \u041b\u0443\u0447\u0448\u0438\u0435 \u0446\u0435\u043d\u044b \u0443 \u043d\u0430\u0441.\" \/>\n<meta name=\"robots\" content=\"index, follow, max-snippet:-1, max-image-preview:large, max-video-preview:-1\" \/>\n<link rel=\"canonical\" href=\"https:\/\/xstyle.md\/ro\/produs\/palatka-msr-elixir-2\/\" \/>\n<meta property=\"og:locale\" content=\"ro_RO\" \/>\n<meta property=\"og:type\" content=\"article\" \/>\n<meta property=\"og:title\" content=\"\u041f\u0430\u043b\u0430\u0442\u043a\u0430 MSR Elixir 2 White-Red - \u041c\u0430\u0433\u0430\u0437\u0438\u043d Xstyle\" \/>\n<meta property=\"og:description\" content=\"\u041f\u0430\u043b\u0430\u0442\u043a\u0430 MSR Elixir 2 White-Red - \u0438\u0434\u0435\u0430\u043b\u044c\u043d\u044b\u0439 \u0432\u044b\u0431\u043e\u0440 \u0434\u043b\u044f \u0434\u0432\u043e\u0438\u0445. \u041b\u0451\u0433\u043a\u0430\u044f, \u043f\u0440\u043e\u0447\u043d\u0430\u044f \u0438 \u0432\u043e\u0434\u043e\u043d\u0435\u043f\u0440\u043e\u043d\u0438\u0446\u0430\u0435\u043c\u0430\u044f. \u0421\u043e\u0437\u0434\u0430\u0439\u0442\u0435 \u043a\u043e\u043c\u0444\u043e\u0440\u0442 \u0432 \u043f\u043e\u0445\u043e\u0434\u0430\u0445! \u041b\u0443\u0447\u0448\u0438\u0435 \u0446\u0435\u043d\u044b \u0443 \u043d\u0430\u0441.\" \/>\n<meta property=\"og:url\" content=\"https:\/\/xstyle.md\/ro\/produs\/palatka-msr-elixir-2\/\" \/>\n<meta property=\"og:site_name\" content=\"\u041c\u0430\u0433\u0430\u0437\u0438\u043d Xstyle\" \/>\n<meta property=\"article:publisher\" content=\"https:\/\/www.facebook.com\/xstylemd\" \/>\n<meta property=\"article:modified_time\" content=\"2026-03-19T13:33:37+00:00\" \/>\n<meta property=\"og:image\" content=\"https:\/\/xstyle.md\/wp-content\/uploads\/2020\/07\/10311_msr_elixir_2_tent_rainfly_open.jpg\" \/>\n\t<meta property=\"og:image:width\" content=\"700\" \/>\n\t<meta property=\"og:image:height\" content=\"379\" \/>\n\t<meta property=\"og:image:type\" content=\"image\/jpeg\" \/>\n<meta name=\"twitter:card\" content=\"summary_large_image\" \/>\n<meta name=\"twitter:label1\" content=\"Pre\u021b\" \/>\n\t<meta name=\"twitter:data1\" content=\"7.980&nbsp;MDL\" \/>\n\t<meta name=\"twitter:label2\" content=\"Disponibilitate\" \/>\n\t<meta name=\"twitter:data2\" content=\"\u00cen stoc\" \/>\n<script type=\"application\/ld+json\" class=\"yoast-schema-graph\">{\"@context\":\"https:\/\/schema.org\",\"@graph\":[{\"@type\":\"WebPage\",\"@id\":\"https:\/\/xstyle.md\/product\/palatka-msr-elixir-2\/\",\"url\":\"https:\/\/xstyle.md\/product\/palatka-msr-elixir-2\/\",\"name\":\"\u041f\u0430\u043b\u0430\u0442\u043a\u0430 MSR Elixir 2 White-Red - \u041c\u0430\u0433\u0430\u0437\u0438\u043d Xstyle\",\"isPartOf\":{\"@id\":\"https:\/\/xstyle.md\/#website\"},\"primaryImageOfPage\":{\"@id\":\"https:\/\/xstyle.md\/product\/palatka-msr-elixir-2\/#primaryimage\"},\"image\":{\"@id\":\"https:\/\/xstyle.md\/product\/palatka-msr-elixir-2\/#primaryimage\"},\"thumbnailUrl\":\"https:\/\/xstyle.md\/wp-content\/uploads\/2020\/07\/10311_msr_elixir_2_tent_rainfly_open.jpg\",\"datePublished\":\"2020-07-16T18:35:02+00:00\",\"dateModified\":\"2026-03-19T13:33:37+00:00\",\"description\":\"\u041f\u0430\u043b\u0430\u0442\u043a\u0430 MSR Elixir 2 White-Red - \u0438\u0434\u0435\u0430\u043b\u044c\u043d\u044b\u0439 \u0432\u044b\u0431\u043e\u0440 \u0434\u043b\u044f \u0434\u0432\u043e\u0438\u0445. \u041b\u0451\u0433\u043a\u0430\u044f, \u043f\u0440\u043e\u0447\u043d\u0430\u044f \u0438 \u0432\u043e\u0434\u043e\u043d\u0435\u043f\u0440\u043e\u043d\u0438\u0446\u0430\u0435\u043c\u0430\u044f. \u0421\u043e\u0437\u0434\u0430\u0439\u0442\u0435 \u043a\u043e\u043c\u0444\u043e\u0440\u0442 \u0432 \u043f\u043e\u0445\u043e\u0434\u0430\u0445! \u041b\u0443\u0447\u0448\u0438\u0435 \u0446\u0435\u043d\u044b \u0443 \u043d\u0430\u0441.\",\"breadcrumb\":{\"@id\":\"https:\/\/xstyle.md\/product\/palatka-msr-elixir-2\/#breadcrumb\"},\"inLanguage\":\"ro-RO\",\"potentialAction\":[{\"@type\":\"ReadAction\",\"target\":[\"https:\/\/xstyle.md\/product\/palatka-msr-elixir-2\/\"]}]},{\"@type\":\"ImageObject\",\"inLanguage\":\"ro-RO\",\"@id\":\"https:\/\/xstyle.md\/product\/palatka-msr-elixir-2\/#primaryimage\",\"url\":\"https:\/\/xstyle.md\/wp-content\/uploads\/2020\/07\/10311_msr_elixir_2_tent_rainfly_open.jpg\",\"contentUrl\":\"https:\/\/xstyle.md\/wp-content\/uploads\/2020\/07\/10311_msr_elixir_2_tent_rainfly_open.jpg\",\"width\":700,\"height\":379},{\"@type\":\"BreadcrumbList\",\"@id\":\"https:\/\/xstyle.md\/product\/palatka-msr-elixir-2\/#breadcrumb\",\"itemListElement\":[{\"@type\":\"ListItem\",\"position\":1,\"name\":\"\u0413\u043b\u0430\u0432\u043d\u0430\u044f \u0441\u0442\u0440\u0430\u043d\u0438\u0446\u0430\",\"item\":\"https:\/\/xstyle.md\/\"},{\"@type\":\"ListItem\",\"position\":2,\"name\":\"\u041c\u0430\u0433\u0430\u0437\u0438\u043d\",\"item\":\"https:\/\/xstyle.md\/shop\/\"},{\"@type\":\"ListItem\",\"position\":3,\"name\":\"\u041f\u0430\u043b\u0430\u0442\u043a\u0430 MSR Elixir 2 White-Red\"}]},{\"@type\":\"WebSite\",\"@id\":\"https:\/\/xstyle.md\/#website\",\"url\":\"https:\/\/xstyle.md\/\",\"name\":\"\u041c\u0430\u0433\u0430\u0437\u0438\u043d Xstyle\",\"description\":\"C\u043d\u0430\u0440\u044f\u0436\u0435\u043d\u0438\u0435 \u0434\u043b\u044f \u0442\u0443\u0440\u0438\u0437\u043c\u0430 \u0438 \u044d\u043a\u0441\u0442\u0440\u0435\u043c\u0430\u043b\u044c\u043d\u044b\u0445 \u0432\u0438\u0434\u043e\u0432 \u0441\u043f\u043e\u0440\u0442\u0430 \u0432 \u041c\u043e\u043b\u0434\u043e\u0432\u0435.. \u0426\u0435\u043d\u044b, \u0444\u043e\u0442\u043e, \u0445\u0430\u0440\u0430\u043a\u0442\u0435\u0440\u0438\u0441\u0442\u0438\u043a\u0438 \u0432 \u041c\u043e\u043b\u0434\u043e\u0432\u0435.\",\"publisher\":{\"@id\":\"https:\/\/xstyle.md\/#organization\"},\"alternateName\":\"X-Style\",\"potentialAction\":[{\"@type\":\"SearchAction\",\"target\":{\"@type\":\"EntryPoint\",\"urlTemplate\":\"https:\/\/xstyle.md\/?s={search_term_string}\"},\"query-input\":{\"@type\":\"PropertyValueSpecification\",\"valueRequired\":true,\"valueName\":\"search_term_string\"}}],\"inLanguage\":\"ro-RO\"},{\"@type\":\"Organization\",\"@id\":\"https:\/\/xstyle.md\/#organization\",\"name\":\"\u041c\u0430\u0433\u0430\u0437\u0438\u043d Xstyle\",\"alternateName\":\"x-style\",\"url\":\"https:\/\/xstyle.md\/\",\"logo\":{\"@type\":\"ImageObject\",\"inLanguage\":\"ro-RO\",\"@id\":\"https:\/\/xstyle.md\/#\/schema\/logo\/image\/\",\"url\":\"https:\/\/xstyle.md\/wp-content\/uploads\/2020\/06\/logoicon.svg\",\"contentUrl\":\"https:\/\/xstyle.md\/wp-content\/uploads\/2020\/06\/logoicon.svg\",\"caption\":\"\u041c\u0430\u0433\u0430\u0437\u0438\u043d Xstyle\"},\"image\":{\"@id\":\"https:\/\/xstyle.md\/#\/schema\/logo\/image\/\"},\"sameAs\":[\"https:\/\/www.facebook.com\/xstylemd\",\"https:\/\/www.instagram.com\/xstyle_md\/\",\"https:\/\/t.me\/xstyle_outdoor\"],\"hasMerchantReturnPolicy\":{\"@type\":\"MerchantReturnPolicy\",\"merchantReturnLink\":\"https:\/\/xstyle.md\/ro\/conditions\/\"}}]}<\/script>\n<meta property=\"product:price:amount\" content=\"7980.00\" \/>\n<meta property=\"product:price:currency\" content=\"MDL\" \/>\n<meta property=\"og:availability\" content=\"instock\" \/>\n<meta property=\"product:availability\" content=\"instock\" \/>\n<meta property=\"product:retailer_item_id\" content=\"40818103111\" \/>\n<meta property=\"product:condition\" content=\"new\" \/>\n<!-- \/ Yoast SEO plugin. -->","yoast_head_json":{"title":"Cort MSR Elixir 2 - Magazin Xstyle","description":"Cortul MSR Elixir 2 Alb-Ro\u0219u - alegerea perfect\u0103 pentru doi. U\u0219or, rezistent \u0219i impermeabil. Crea\u021bi confort \u00een drume\u021bii! Cele mai bune pre\u021buri le g\u0103si\u021bi la noi.","robots":{"index":"index","follow":"follow","max-snippet":"max-snippet:-1","max-image-preview":"max-image-preview:large","max-video-preview":"max-video-preview:-1"},"canonical":"https:\/\/xstyle.md\/ro\/produs\/palatka-msr-elixir-2\/","og_locale":"ro_RO","og_type":"article","og_title":"\u041f\u0430\u043b\u0430\u0442\u043a\u0430 MSR Elixir 2 White-Red - \u041c\u0430\u0433\u0430\u0437\u0438\u043d Xstyle","og_description":"\u041f\u0430\u043b\u0430\u0442\u043a\u0430 MSR Elixir 2 White-Red - \u0438\u0434\u0435\u0430\u043b\u044c\u043d\u044b\u0439 \u0432\u044b\u0431\u043e\u0440 \u0434\u043b\u044f \u0434\u0432\u043e\u0438\u0445. \u041b\u0451\u0433\u043a\u0430\u044f, \u043f\u0440\u043e\u0447\u043d\u0430\u044f \u0438 \u0432\u043e\u0434\u043e\u043d\u0435\u043f\u0440\u043e\u043d\u0438\u0446\u0430\u0435\u043c\u0430\u044f. \u0421\u043e\u0437\u0434\u0430\u0439\u0442\u0435 \u043a\u043e\u043c\u0444\u043e\u0440\u0442 \u0432 \u043f\u043e\u0445\u043e\u0434\u0430\u0445! \u041b\u0443\u0447\u0448\u0438\u0435 \u0446\u0435\u043d\u044b \u0443 \u043d\u0430\u0441.","og_url":"https:\/\/xstyle.md\/ro\/produs\/palatka-msr-elixir-2\/","og_site_name":"\u041c\u0430\u0433\u0430\u0437\u0438\u043d Xstyle","article_publisher":"https:\/\/www.facebook.com\/xstylemd","article_modified_time":"2026-03-19T13:33:37+00:00","og_image":[{"width":700,"height":379,"url":"https:\/\/xstyle.md\/wp-content\/uploads\/2020\/07\/10311_msr_elixir_2_tent_rainfly_open.jpg","type":"image\/jpeg"}],"twitter_card":"summary_large_image","twitter_misc":{"Pre\u021b":"7.980&nbsp;MDL","Disponibilitate":"\u00cen stoc"},"schema":{"@context":"https:\/\/schema.org","@graph":[{"@type":"WebPage","@id":"https:\/\/xstyle.md\/product\/palatka-msr-elixir-2\/","url":"https:\/\/xstyle.md\/product\/palatka-msr-elixir-2\/","name":"Cort MSR Elixir 2 - Magazin Xstyle","isPartOf":{"@id":"https:\/\/xstyle.md\/#website"},"primaryImageOfPage":{"@id":"https:\/\/xstyle.md\/product\/palatka-msr-elixir-2\/#primaryimage"},"image":{"@id":"https:\/\/xstyle.md\/product\/palatka-msr-elixir-2\/#primaryimage"},"thumbnailUrl":"https:\/\/xstyle.md\/wp-content\/uploads\/2020\/07\/10311_msr_elixir_2_tent_rainfly_open.jpg","datePublished":"2020-07-16T18:35:02+00:00","dateModified":"2026-03-19T13:33:37+00:00","description":"Cortul MSR Elixir 2 Alb-Ro\u0219u - alegerea perfect\u0103 pentru doi. U\u0219or, rezistent \u0219i impermeabil. Crea\u021bi confort \u00een drume\u021bii! Cele mai bune pre\u021buri le g\u0103si\u021bi la noi.","breadcrumb":{"@id":"https:\/\/xstyle.md\/product\/palatka-msr-elixir-2\/#breadcrumb"},"inLanguage":"ro-RO","potentialAction":[{"@type":"ReadAction","target":["https:\/\/xstyle.md\/product\/palatka-msr-elixir-2\/"]}]},{"@type":"ImageObject","inLanguage":"ro-RO","@id":"https:\/\/xstyle.md\/product\/palatka-msr-elixir-2\/#primaryimage","url":"https:\/\/xstyle.md\/wp-content\/uploads\/2020\/07\/10311_msr_elixir_2_tent_rainfly_open.jpg","contentUrl":"https:\/\/xstyle.md\/wp-content\/uploads\/2020\/07\/10311_msr_elixir_2_tent_rainfly_open.jpg","width":700,"height":379},{"@type":"BreadcrumbList","@id":"https:\/\/xstyle.md\/product\/palatka-msr-elixir-2\/#breadcrumb","itemListElement":[{"@type":"ListItem","position":1,"name":"\u0413\u043b\u0430\u0432\u043d\u0430\u044f \u0441\u0442\u0440\u0430\u043d\u0438\u0446\u0430","item":"https:\/\/xstyle.md\/"},{"@type":"ListItem","position":2,"name":"\u041c\u0430\u0433\u0430\u0437\u0438\u043d","item":"https:\/\/xstyle.md\/shop\/"},{"@type":"ListItem","position":3,"name":"\u041f\u0430\u043b\u0430\u0442\u043a\u0430 MSR Elixir 2 White-Red"}]},{"@type":"WebSite","@id":"https:\/\/xstyle.md\/#website","url":"https:\/\/xstyle.md\/","name":"Magazinul X-Style","description":"Echipamente pentru turism \u0219i sporturi extreme \u00een Moldova. Pre\u021buri, fotografii, caracteristici \u00een Moldova.","publisher":{"@id":"https:\/\/xstyle.md\/#organization"},"alternateName":"X-Style","potentialAction":[{"@type":"SearchAction","target":{"@type":"EntryPoint","urlTemplate":"https:\/\/xstyle.md\/?s={search_term_string}"},"query-input":{"@type":"PropertyValueSpecification","valueRequired":true,"valueName":"search_term_string"}}],"inLanguage":"ro-RO"},{"@type":"Organization","@id":"https:\/\/xstyle.md\/#organization","name":"Magazinul X-Style","alternateName":"x-style","url":"https:\/\/xstyle.md\/","logo":{"@type":"ImageObject","inLanguage":"ro-RO","@id":"https:\/\/xstyle.md\/#\/schema\/logo\/image\/","url":"https:\/\/xstyle.md\/wp-content\/uploads\/2020\/06\/logoicon.svg","contentUrl":"https:\/\/xstyle.md\/wp-content\/uploads\/2020\/06\/logoicon.svg","caption":"\u041c\u0430\u0433\u0430\u0437\u0438\u043d Xstyle"},"image":{"@id":"https:\/\/xstyle.md\/#\/schema\/logo\/image\/"},"sameAs":["https:\/\/www.facebook.com\/xstylemd","https:\/\/www.instagram.com\/xstyle_md\/","https:\/\/t.me\/xstyle_outdoor"],"hasMerchantReturnPolicy":{"@type":"MerchantReturnPolicy","merchantReturnLink":"https:\/\/xstyle.md\/ro\/conditions\/"}}]},"product_price_amount":"7980.00","product_price_currency":"MDL","og_availability":"instock","product_availability":"instock","product_retailer_item_id":"40818103111","product_condition":"new"},"post_mailing_queue_ids":[],"_links":{"self":[{"href":"https:\/\/xstyle.md\/ro\/wp-json\/wp\/v2\/product\/6344","targetHints":{"allow":["GET"]}}],"collection":[{"href":"https:\/\/xstyle.md\/ro\/wp-json\/wp\/v2\/product"}],"about":[{"href":"https:\/\/xstyle.md\/ro\/wp-json\/wp\/v2\/types\/product"}],"replies":[{"embeddable":true,"href":"https:\/\/xstyle.md\/ro\/wp-json\/wp\/v2\/comments?post=6344"}],"wp:featuredmedia":[{"embeddable":true,"href":"https:\/\/xstyle.md\/ro\/wp-json\/wp\/v2\/media\/6337"}],"wp:attachment":[{"href":"https:\/\/xstyle.md\/ro\/wp-json\/wp\/v2\/media?parent=6344"}],"wp:term":[{"taxonomy":"product_brand","embeddable":true,"href":"https:\/\/xstyle.md\/ro\/wp-json\/wp\/v2\/product_brand?post=6344"},{"taxonomy":"product_cat","embeddable":true,"href":"https:\/\/xstyle.md\/ro\/wp-json\/wp\/v2\/product_cat?post=6344"},{"taxonomy":"product_tag","embeddable":true,"href":"https:\/\/xstyle.md\/ro\/wp-json\/wp\/v2\/product_tag?post=6344"}],"curies":[{"name":"wp","href":"https:\/\/api.w.org\/{rel}","templated":true}]}}