{"id":6307,"date":"2020-07-16T21:32:31","date_gmt":"2020-07-16T18:32:31","guid":{"rendered":"https:\/\/xstyle.md\/product\/kovrik-dlja-jogi-bodhy-yoga-lotus-pro"},"modified":"2025-12-24T18:40:07","modified_gmt":"2025-12-24T15:40:07","slug":"kovrik-dlja-jogi-bodhy-yoga-lotus-pro","status":"publish","type":"product","link":"https:\/\/xstyle.md\/ro\/produs\/kovrik-dlja-jogi-bodhy-yoga-lotus-pro\/","title":{"rendered":"Covora\u0219 Yoga Bodhi Lotus Pro Aubergine 6mm"},"content":{"rendered":"<\/p>\n<p><strong>Bodhy Lotus Pro <\/strong>&#8212; u\u0219or, cu calit\u0103\u021bi antiderapante excelente, acest covor nu v\u0103 va l\u0103sa indiferen\u021bi. Lotus Pro este recunoscut ca fiind un covor de yoga de elit\u0103. Un covor de yoga foarte stabil. Suprafa\u021ba acestui covora\u0219 are un relief diferit pe ambele p\u0103r\u021bi, este moale \u0219i bine amortizat\u0103, ceea ce ofer\u0103 propriet\u0103\u021bi anti-alunecare. Tehnologia de fabrica\u021bie TRE asigur\u0103 faptul c\u0103 \u00een covor nu exist\u0103 latex, cauciuc sau PVC, astfel \u00eenc\u00e2t Lotus Pro este potrivit pentru persoanele cu alergii. Covora\u0219ele din seria PRO sunt fabricate folosind un proces care asigur\u0103 c\u0103 nu sunt eliberate emisii toxice \u00een atmosfer\u0103.<\/p>\n<h3>Particularit\u0103\u021bi<\/h3>\n<ul>\n<li>Produc\u021bie non-toxic\u0103.<\/li>\n<li>100% f\u0103r\u0103 latex, sigur pentru utilizarea de c\u0103tre majoritatea persoanelor sensibile la latex.<\/li>\n<li>Covor cu densitate ridicat\u0103.<\/li>\n<li>Protec\u021bie a articula\u021biilor \u0219i suport de neegalat.<\/li>\n<\/ul>\n<p><strong>\u00cengrijire<\/strong><\/p>\n<p>Nu pune\u021bi covora\u0219ul \u00een ma\u0219ina de sp\u0103lat deoarece acest lucru va distruge materialul. Nu \u00eenmuia\u021bi sau nu scufunda\u021bi \u00een ap\u0103. Covora\u0219ul poate fi \u0219ters cu un burete umed sau pulverizat cu un spray antibacterian. Nu l\u0103sa\u021bi covora\u0219ul pe calorifer sau usc\u0103tor.<\/p>\n<p><strong>Depozitare<\/strong><\/p>\n<p>Nu l\u0103sa\u021bi covora\u0219ul \u00een lumina direct\u0103 a soarelui. Dac\u0103 este umed, l\u0103sa\u021bi covora\u0219ul s\u0103 se usuce \u00eenainte de a-l \u00eenf\u0103\u0219ura. Pentru cele mai bune rezultate, p\u0103stra\u021bi covora\u0219ul \u00eentr-un capac atunci c\u00e2nd nu este utilizat, deoarece expunerea prelungit\u0103 la aer \u0219i soare poate deteriora cauciucul de pe covora\u0219. Utilizarea acestui produs \u00een medii fierbin\u021bi necesit\u0103 \u00eentre\u021binere periodic\u0103 pentru a men\u021bine performan\u021ba cauciucului.<\/p>\n<h3>Caracteristici<\/h3>\n<ul>\n<li>Dimensiuni: 183 x 60 cm<\/li>\n<li>Grosime: 6 mm<\/li>\n<li>Greutate: 1,1 kg<\/li>\n<\/ul>\n<h3>Marca<\/h3>\n<p>Marca Bodhi Yoga apar\u021bine companiei germane Bodynova, care este specializat\u0103 \u00een produse pentru yoga. Oamenii care lucreaz\u0103 \u00een aceast\u0103 companie \u00een\u021beleg ce este necesar pentru practicant. Exist\u0103 mai mult de 20 de tipuri de saltele sub acest brand, care sunt personalizate pentru a se potrivi diferitelor stiluri de yoga. Covora\u0219ele sunt fabricate din diferite materiale care sunt potrivite pentru utilizarea \u00een interior sau \u00een exterior, precum \u0219i pentru ajustarea la preferin\u021bele personale (de exemplu, mai moi sau mai rigide). Cu o selec\u021bie at\u00e2t de larg\u0103, v\u0103 pute\u021bi g\u0103si covorul de yoga perfect, care va fi asistentul dvs. indispensabil \u00een practica dvs.<\/p>\n<p><\/p>","protected":false},"excerpt":{"rendered":"<p>Covora\u0219 Yoga Bodhi Lotus Pro Aubergine 6mm<\/p>","protected":false},"featured_media":82466,"comment_status":"open","ping_status":"closed","template":"","meta":{"_acf_changed":false,"inline_featured_image":false},"product_brand":[1359],"product_cat":[474],"product_tag":[],"class_list":{"0":"post-6307","1":"product","2":"type-product","3":"status-publish","4":"has-post-thumbnail","6":"product_brand-bodhy-yoga","7":"product_cat-yoga-mats","9":"first","10":"instock","11":"shipping-taxable","12":"purchasable","13":"product-type-simple"},"acf":[],"yoast_head":"<!-- This site is optimized with the Yoast SEO plugin v27.2 - https:\/\/yoast.com\/product\/yoast-seo-wordpress\/ -->\n<title>\u041a\u043e\u0432\u0440\u0438\u043a \u0434\u043b\u044f \u0439\u043e\u0433\u0438 Bodhi Lotus Pro Aubergine 6mm - \u041c\u0430\u0433\u0430\u0437\u0438\u043d Xstyle<\/title>\n<meta name=\"description\" content=\"\u041a\u043e\u0432\u0440\u0438\u043a \u0434\u043b\u044f \u0439\u043e\u0433\u0438 Bodhi Lotus Pro Aubergine 6mm \u2014 \u0438\u0434\u0435\u0430\u043b\u0435\u043d \u0434\u043b\u044f \u0437\u0430\u043d\u044f\u0442\u0438\u0439, \u043e\u0431\u043b\u0430\u0434\u0430\u0435\u0442 \u043e\u0442\u043b\u0438\u0447\u043d\u044b\u043c\u0438 \u0430\u043d\u0442\u0438\u0441\u043a\u043e\u043b\u044c\u0437\u044f\u0449\u0438\u043c\u0438 \u0441\u0432\u043e\u0439\u0441\u0442\u0432\u0430\u043c\u0438 \u0438 \u043e\u0431\u0435\u0441\u043f\u0435\u0447\u0438\u0432\u0430\u0435\u0442 \u043c\u0430\u043a\u0441\u0438\u043c\u0430\u043b\u044c\u043d\u044b\u0439 \u043a\u043e\u043c\u0444\u043e\u0440\u0442.\" \/>\n<meta name=\"robots\" content=\"index, follow, max-snippet:-1, max-image-preview:large, max-video-preview:-1\" \/>\n<link rel=\"canonical\" href=\"https:\/\/xstyle.md\/ro\/produs\/kovrik-dlja-jogi-bodhy-yoga-lotus-pro\/\" \/>\n<meta property=\"og:locale\" content=\"ro_RO\" \/>\n<meta property=\"og:type\" content=\"article\" \/>\n<meta property=\"og:title\" content=\"\u041a\u043e\u0432\u0440\u0438\u043a \u0434\u043b\u044f \u0439\u043e\u0433\u0438 Bodhi Lotus Pro Aubergine 6mm - \u041c\u0430\u0433\u0430\u0437\u0438\u043d Xstyle\" \/>\n<meta property=\"og:description\" content=\"\u041a\u043e\u0432\u0440\u0438\u043a \u0434\u043b\u044f \u0439\u043e\u0433\u0438 Bodhi Lotus Pro Aubergine 6mm \u2014 \u0438\u0434\u0435\u0430\u043b\u0435\u043d \u0434\u043b\u044f \u0437\u0430\u043d\u044f\u0442\u0438\u0439, \u043e\u0431\u043b\u0430\u0434\u0430\u0435\u0442 \u043e\u0442\u043b\u0438\u0447\u043d\u044b\u043c\u0438 \u0430\u043d\u0442\u0438\u0441\u043a\u043e\u043b\u044c\u0437\u044f\u0449\u0438\u043c\u0438 \u0441\u0432\u043e\u0439\u0441\u0442\u0432\u0430\u043c\u0438 \u0438 \u043e\u0431\u0435\u0441\u043f\u0435\u0447\u0438\u0432\u0430\u0435\u0442 \u043c\u0430\u043a\u0441\u0438\u043c\u0430\u043b\u044c\u043d\u044b\u0439 \u043a\u043e\u043c\u0444\u043e\u0440\u0442.\" \/>\n<meta property=\"og:url\" content=\"https:\/\/xstyle.md\/ro\/produs\/kovrik-dlja-jogi-bodhy-yoga-lotus-pro\/\" \/>\n<meta property=\"og:site_name\" content=\"\u041c\u0430\u0433\u0430\u0437\u0438\u043d Xstyle\" \/>\n<meta property=\"article:publisher\" content=\"https:\/\/www.facebook.com\/xstylemd\" \/>\n<meta property=\"article:modified_time\" content=\"2025-12-24T15:40:07+00:00\" \/>\n<meta property=\"og:image\" content=\"https:\/\/xstyle.md\/wp-content\/uploads\/2020\/07\/bodhi-lotus-pro-aubergine-6mm.jpg\" \/>\n\t<meta property=\"og:image:width\" content=\"800\" \/>\n\t<meta property=\"og:image:height\" content=\"683\" \/>\n\t<meta property=\"og:image:type\" content=\"image\/jpeg\" \/>\n<meta name=\"twitter:card\" content=\"summary_large_image\" \/>\n<meta name=\"twitter:label1\" content=\"Pre\u021b\" \/>\n\t<meta name=\"twitter:data1\" content=\"790&nbsp;MDL\" \/>\n\t<meta name=\"twitter:label2\" content=\"Disponibilitate\" \/>\n\t<meta name=\"twitter:data2\" content=\"\u00cen stoc\" \/>\n<script type=\"application\/ld+json\" class=\"yoast-schema-graph\">{\"@context\":\"https:\/\/schema.org\",\"@graph\":[{\"@type\":\"WebPage\",\"@id\":\"https:\/\/xstyle.md\/product\/kovrik-dlja-jogi-bodhy-yoga-lotus-pro\/\",\"url\":\"https:\/\/xstyle.md\/product\/kovrik-dlja-jogi-bodhy-yoga-lotus-pro\/\",\"name\":\"\u041a\u043e\u0432\u0440\u0438\u043a \u0434\u043b\u044f \u0439\u043e\u0433\u0438 Bodhi Lotus Pro Aubergine 6mm - \u041c\u0430\u0433\u0430\u0437\u0438\u043d Xstyle\",\"isPartOf\":{\"@id\":\"https:\/\/xstyle.md\/#website\"},\"primaryImageOfPage\":{\"@id\":\"https:\/\/xstyle.md\/product\/kovrik-dlja-jogi-bodhy-yoga-lotus-pro\/#primaryimage\"},\"image\":{\"@id\":\"https:\/\/xstyle.md\/product\/kovrik-dlja-jogi-bodhy-yoga-lotus-pro\/#primaryimage\"},\"thumbnailUrl\":\"https:\/\/xstyle.md\/wp-content\/uploads\/2020\/07\/bodhi-lotus-pro-aubergine-6mm.jpg\",\"datePublished\":\"2020-07-16T18:32:31+00:00\",\"dateModified\":\"2025-12-24T15:40:07+00:00\",\"description\":\"\u041a\u043e\u0432\u0440\u0438\u043a \u0434\u043b\u044f \u0439\u043e\u0433\u0438 Bodhi Lotus Pro Aubergine 6mm \u2014 \u0438\u0434\u0435\u0430\u043b\u0435\u043d \u0434\u043b\u044f \u0437\u0430\u043d\u044f\u0442\u0438\u0439, \u043e\u0431\u043b\u0430\u0434\u0430\u0435\u0442 \u043e\u0442\u043b\u0438\u0447\u043d\u044b\u043c\u0438 \u0430\u043d\u0442\u0438\u0441\u043a\u043e\u043b\u044c\u0437\u044f\u0449\u0438\u043c\u0438 \u0441\u0432\u043e\u0439\u0441\u0442\u0432\u0430\u043c\u0438 \u0438 \u043e\u0431\u0435\u0441\u043f\u0435\u0447\u0438\u0432\u0430\u0435\u0442 \u043c\u0430\u043a\u0441\u0438\u043c\u0430\u043b\u044c\u043d\u044b\u0439 \u043a\u043e\u043c\u0444\u043e\u0440\u0442.\",\"breadcrumb\":{\"@id\":\"https:\/\/xstyle.md\/product\/kovrik-dlja-jogi-bodhy-yoga-lotus-pro\/#breadcrumb\"},\"inLanguage\":\"ro-RO\",\"potentialAction\":[{\"@type\":\"ReadAction\",\"target\":[\"https:\/\/xstyle.md\/product\/kovrik-dlja-jogi-bodhy-yoga-lotus-pro\/\"]}]},{\"@type\":\"ImageObject\",\"inLanguage\":\"ro-RO\",\"@id\":\"https:\/\/xstyle.md\/product\/kovrik-dlja-jogi-bodhy-yoga-lotus-pro\/#primaryimage\",\"url\":\"https:\/\/xstyle.md\/wp-content\/uploads\/2020\/07\/bodhi-lotus-pro-aubergine-6mm.jpg\",\"contentUrl\":\"https:\/\/xstyle.md\/wp-content\/uploads\/2020\/07\/bodhi-lotus-pro-aubergine-6mm.jpg\",\"width\":800,\"height\":683,\"caption\":\"\u0422\u043e\u043d\u043a\u0438\u0439 \u043a\u043e\u0432\u0440\u0438\u043a \u0434\u043b\u044f \u0439\u043e\u0433\u0438 Bodhi Lotus Pro Aubergine 6\u043c\u043c \u0434\u043b\u044f \u0430\u043a\u0442\u0438\u0432\u043d\u043e\u0433\u043e \u043e\u0442\u0434\u044b\u0445\u0430 \u0438 \u0441\u043f\u043e\u0440\u0442\u0430, \u043f\u043e\u0434\u0445\u043e\u0434\u044f\u0449\u0438\u0439 \u0434\u043b\u044f \u0437\u0430\u043d\u044f\u0442\u0438\u0439 \u0439\u043e\u0433\u043e\u0439, \u0445\u0430\u0439\u043a\u0438\u043d\u0433\u043e\u043c \u0438 \u043f\u0443\u0442\u0435\u0448\u0435\u0441\u0442\u0432\u0438\u044f\u043c\u0438 \u0432 \u0438\u043d\u0442\u0435\u0440\u043d\u0435\u0442-\u043c\u0430\u0433\u0430\u0437\u0438\u043d\u0435 \u044d\u043a\u0438\u043f\u0438\u0440\u043e\u0432\u043a\u0438 \u0434\u043b\u044f \u0430\u043a\u0442\u0438\u0432\u043d\u043e\u0439 \u0436\u0438\u0437\u043d\u0438\"},{\"@type\":\"BreadcrumbList\",\"@id\":\"https:\/\/xstyle.md\/product\/kovrik-dlja-jogi-bodhy-yoga-lotus-pro\/#breadcrumb\",\"itemListElement\":[{\"@type\":\"ListItem\",\"position\":1,\"name\":\"\u0413\u043b\u0430\u0432\u043d\u0430\u044f \u0441\u0442\u0440\u0430\u043d\u0438\u0446\u0430\",\"item\":\"https:\/\/xstyle.md\/\"},{\"@type\":\"ListItem\",\"position\":2,\"name\":\"\u041c\u0430\u0433\u0430\u0437\u0438\u043d\",\"item\":\"https:\/\/xstyle.md\/shop\/\"},{\"@type\":\"ListItem\",\"position\":3,\"name\":\"\u041a\u043e\u0432\u0440\u0438\u043a \u0434\u043b\u044f \u0439\u043e\u0433\u0438 Bodhi Lotus Pro Aubergine 6mm\"}]},{\"@type\":\"WebSite\",\"@id\":\"https:\/\/xstyle.md\/#website\",\"url\":\"https:\/\/xstyle.md\/\",\"name\":\"\u041c\u0430\u0433\u0430\u0437\u0438\u043d Xstyle\",\"description\":\"C\u043d\u0430\u0440\u044f\u0436\u0435\u043d\u0438\u0435 \u0434\u043b\u044f \u0442\u0443\u0440\u0438\u0437\u043c\u0430 \u0438 \u044d\u043a\u0441\u0442\u0440\u0435\u043c\u0430\u043b\u044c\u043d\u044b\u0445 \u0432\u0438\u0434\u043e\u0432 \u0441\u043f\u043e\u0440\u0442\u0430 \u0432 \u041c\u043e\u043b\u0434\u043e\u0432\u0435.. \u0426\u0435\u043d\u044b, \u0444\u043e\u0442\u043e, \u0445\u0430\u0440\u0430\u043a\u0442\u0435\u0440\u0438\u0441\u0442\u0438\u043a\u0438 \u0432 \u041c\u043e\u043b\u0434\u043e\u0432\u0435.\",\"publisher\":{\"@id\":\"https:\/\/xstyle.md\/#organization\"},\"alternateName\":\"X-Style\",\"potentialAction\":[{\"@type\":\"SearchAction\",\"target\":{\"@type\":\"EntryPoint\",\"urlTemplate\":\"https:\/\/xstyle.md\/?s={search_term_string}\"},\"query-input\":{\"@type\":\"PropertyValueSpecification\",\"valueRequired\":true,\"valueName\":\"search_term_string\"}}],\"inLanguage\":\"ro-RO\"},{\"@type\":\"Organization\",\"@id\":\"https:\/\/xstyle.md\/#organization\",\"name\":\"\u041c\u0430\u0433\u0430\u0437\u0438\u043d Xstyle\",\"alternateName\":\"x-style\",\"url\":\"https:\/\/xstyle.md\/\",\"logo\":{\"@type\":\"ImageObject\",\"inLanguage\":\"ro-RO\",\"@id\":\"https:\/\/xstyle.md\/#\/schema\/logo\/image\/\",\"url\":\"https:\/\/xstyle.md\/wp-content\/uploads\/2020\/06\/logoicon.svg\",\"contentUrl\":\"https:\/\/xstyle.md\/wp-content\/uploads\/2020\/06\/logoicon.svg\",\"caption\":\"\u041c\u0430\u0433\u0430\u0437\u0438\u043d Xstyle\"},\"image\":{\"@id\":\"https:\/\/xstyle.md\/#\/schema\/logo\/image\/\"},\"sameAs\":[\"https:\/\/www.facebook.com\/xstylemd\",\"https:\/\/www.instagram.com\/xstyle_md\/\",\"https:\/\/t.me\/xstyle_outdoor\"],\"hasMerchantReturnPolicy\":{\"@type\":\"MerchantReturnPolicy\",\"merchantReturnLink\":\"https:\/\/xstyle.md\/ro\/conditions\/\"}}]}<\/script>\n<meta property=\"product:price:amount\" content=\"790.00\" \/>\n<meta property=\"product:price:currency\" content=\"MDL\" \/>\n<meta property=\"og:availability\" content=\"instock\" \/>\n<meta property=\"product:availability\" content=\"instock\" \/>\n<meta property=\"product:retailer_item_id\" content=\"4250367912249\" \/>\n<meta property=\"product:condition\" content=\"new\" \/>\n<!-- \/ Yoast SEO plugin. -->","yoast_head_json":{"title":"Saltea yoga Bodhy Yoga Lotus Pro - Magazin Xstyle","description":"Covor de yoga Bodhi Lotus Pro Aubergine 6mm - ideal pentru exerci\u021bii, are excelente propriet\u0103\u021bi anti-aderente \u0219i asigur\u0103 confort maxim.","robots":{"index":"index","follow":"follow","max-snippet":"max-snippet:-1","max-image-preview":"max-image-preview:large","max-video-preview":"max-video-preview:-1"},"canonical":"https:\/\/xstyle.md\/ro\/produs\/kovrik-dlja-jogi-bodhy-yoga-lotus-pro\/","og_locale":"ro_RO","og_type":"article","og_title":"\u041a\u043e\u0432\u0440\u0438\u043a \u0434\u043b\u044f \u0439\u043e\u0433\u0438 Bodhi Lotus Pro Aubergine 6mm - \u041c\u0430\u0433\u0430\u0437\u0438\u043d Xstyle","og_description":"\u041a\u043e\u0432\u0440\u0438\u043a \u0434\u043b\u044f \u0439\u043e\u0433\u0438 Bodhi Lotus Pro Aubergine 6mm \u2014 \u0438\u0434\u0435\u0430\u043b\u0435\u043d \u0434\u043b\u044f \u0437\u0430\u043d\u044f\u0442\u0438\u0439, \u043e\u0431\u043b\u0430\u0434\u0430\u0435\u0442 \u043e\u0442\u043b\u0438\u0447\u043d\u044b\u043c\u0438 \u0430\u043d\u0442\u0438\u0441\u043a\u043e\u043b\u044c\u0437\u044f\u0449\u0438\u043c\u0438 \u0441\u0432\u043e\u0439\u0441\u0442\u0432\u0430\u043c\u0438 \u0438 \u043e\u0431\u0435\u0441\u043f\u0435\u0447\u0438\u0432\u0430\u0435\u0442 \u043c\u0430\u043a\u0441\u0438\u043c\u0430\u043b\u044c\u043d\u044b\u0439 \u043a\u043e\u043c\u0444\u043e\u0440\u0442.","og_url":"https:\/\/xstyle.md\/ro\/produs\/kovrik-dlja-jogi-bodhy-yoga-lotus-pro\/","og_site_name":"\u041c\u0430\u0433\u0430\u0437\u0438\u043d Xstyle","article_publisher":"https:\/\/www.facebook.com\/xstylemd","article_modified_time":"2025-12-24T15:40:07+00:00","og_image":[{"width":800,"height":683,"url":"https:\/\/xstyle.md\/wp-content\/uploads\/2020\/07\/bodhi-lotus-pro-aubergine-6mm.jpg","type":"image\/jpeg"}],"twitter_card":"summary_large_image","twitter_misc":{"Pre\u021b":"790&nbsp;MDL","Disponibilitate":"\u00cen stoc"},"schema":{"@context":"https:\/\/schema.org","@graph":[{"@type":"WebPage","@id":"https:\/\/xstyle.md\/product\/kovrik-dlja-jogi-bodhy-yoga-lotus-pro\/","url":"https:\/\/xstyle.md\/product\/kovrik-dlja-jogi-bodhy-yoga-lotus-pro\/","name":"Saltea yoga Bodhy Yoga Lotus Pro - Magazin Xstyle","isPartOf":{"@id":"https:\/\/xstyle.md\/#website"},"primaryImageOfPage":{"@id":"https:\/\/xstyle.md\/product\/kovrik-dlja-jogi-bodhy-yoga-lotus-pro\/#primaryimage"},"image":{"@id":"https:\/\/xstyle.md\/product\/kovrik-dlja-jogi-bodhy-yoga-lotus-pro\/#primaryimage"},"thumbnailUrl":"https:\/\/xstyle.md\/wp-content\/uploads\/2020\/07\/bodhi-lotus-pro-aubergine-6mm.jpg","datePublished":"2020-07-16T18:32:31+00:00","dateModified":"2025-12-24T15:40:07+00:00","description":"Covor de yoga Bodhi Lotus Pro Aubergine 6mm - ideal pentru exerci\u021bii, are excelente propriet\u0103\u021bi anti-aderente \u0219i asigur\u0103 confort maxim.","breadcrumb":{"@id":"https:\/\/xstyle.md\/product\/kovrik-dlja-jogi-bodhy-yoga-lotus-pro\/#breadcrumb"},"inLanguage":"ro-RO","potentialAction":[{"@type":"ReadAction","target":["https:\/\/xstyle.md\/product\/kovrik-dlja-jogi-bodhy-yoga-lotus-pro\/"]}]},{"@type":"ImageObject","inLanguage":"ro-RO","@id":"https:\/\/xstyle.md\/product\/kovrik-dlja-jogi-bodhy-yoga-lotus-pro\/#primaryimage","url":"https:\/\/xstyle.md\/wp-content\/uploads\/2020\/07\/bodhi-lotus-pro-aubergine-6mm.jpg","contentUrl":"https:\/\/xstyle.md\/wp-content\/uploads\/2020\/07\/bodhi-lotus-pro-aubergine-6mm.jpg","width":800,"height":683,"caption":"\u0422\u043e\u043d\u043a\u0438\u0439 \u043a\u043e\u0432\u0440\u0438\u043a \u0434\u043b\u044f \u0439\u043e\u0433\u0438 Bodhi Lotus Pro Aubergine 6\u043c\u043c \u0434\u043b\u044f \u0430\u043a\u0442\u0438\u0432\u043d\u043e\u0433\u043e \u043e\u0442\u0434\u044b\u0445\u0430 \u0438 \u0441\u043f\u043e\u0440\u0442\u0430, \u043f\u043e\u0434\u0445\u043e\u0434\u044f\u0449\u0438\u0439 \u0434\u043b\u044f \u0437\u0430\u043d\u044f\u0442\u0438\u0439 \u0439\u043e\u0433\u043e\u0439, \u0445\u0430\u0439\u043a\u0438\u043d\u0433\u043e\u043c \u0438 \u043f\u0443\u0442\u0435\u0448\u0435\u0441\u0442\u0432\u0438\u044f\u043c\u0438 \u0432 \u0438\u043d\u0442\u0435\u0440\u043d\u0435\u0442-\u043c\u0430\u0433\u0430\u0437\u0438\u043d\u0435 \u044d\u043a\u0438\u043f\u0438\u0440\u043e\u0432\u043a\u0438 \u0434\u043b\u044f \u0430\u043a\u0442\u0438\u0432\u043d\u043e\u0439 \u0436\u0438\u0437\u043d\u0438"},{"@type":"BreadcrumbList","@id":"https:\/\/xstyle.md\/product\/kovrik-dlja-jogi-bodhy-yoga-lotus-pro\/#breadcrumb","itemListElement":[{"@type":"ListItem","position":1,"name":"\u0413\u043b\u0430\u0432\u043d\u0430\u044f \u0441\u0442\u0440\u0430\u043d\u0438\u0446\u0430","item":"https:\/\/xstyle.md\/"},{"@type":"ListItem","position":2,"name":"\u041c\u0430\u0433\u0430\u0437\u0438\u043d","item":"https:\/\/xstyle.md\/shop\/"},{"@type":"ListItem","position":3,"name":"\u041a\u043e\u0432\u0440\u0438\u043a \u0434\u043b\u044f \u0439\u043e\u0433\u0438 Bodhi Lotus Pro Aubergine 6mm"}]},{"@type":"WebSite","@id":"https:\/\/xstyle.md\/#website","url":"https:\/\/xstyle.md\/","name":"Magazinul X-Style","description":"Echipamente pentru turism \u0219i sporturi extreme \u00een Moldova. Pre\u021buri, fotografii, caracteristici \u00een Moldova.","publisher":{"@id":"https:\/\/xstyle.md\/#organization"},"alternateName":"X-Style","potentialAction":[{"@type":"SearchAction","target":{"@type":"EntryPoint","urlTemplate":"https:\/\/xstyle.md\/?s={search_term_string}"},"query-input":{"@type":"PropertyValueSpecification","valueRequired":true,"valueName":"search_term_string"}}],"inLanguage":"ro-RO"},{"@type":"Organization","@id":"https:\/\/xstyle.md\/#organization","name":"Magazinul X-Style","alternateName":"x-style","url":"https:\/\/xstyle.md\/","logo":{"@type":"ImageObject","inLanguage":"ro-RO","@id":"https:\/\/xstyle.md\/#\/schema\/logo\/image\/","url":"https:\/\/xstyle.md\/wp-content\/uploads\/2020\/06\/logoicon.svg","contentUrl":"https:\/\/xstyle.md\/wp-content\/uploads\/2020\/06\/logoicon.svg","caption":"\u041c\u0430\u0433\u0430\u0437\u0438\u043d Xstyle"},"image":{"@id":"https:\/\/xstyle.md\/#\/schema\/logo\/image\/"},"sameAs":["https:\/\/www.facebook.com\/xstylemd","https:\/\/www.instagram.com\/xstyle_md\/","https:\/\/t.me\/xstyle_outdoor"],"hasMerchantReturnPolicy":{"@type":"MerchantReturnPolicy","merchantReturnLink":"https:\/\/xstyle.md\/ro\/conditions\/"}}]},"product_price_amount":"790.00","product_price_currency":"MDL","og_availability":"instock","product_availability":"instock","product_retailer_item_id":"4250367912249","product_condition":"new"},"post_mailing_queue_ids":[],"_links":{"self":[{"href":"https:\/\/xstyle.md\/ro\/wp-json\/wp\/v2\/product\/6307","targetHints":{"allow":["GET"]}}],"collection":[{"href":"https:\/\/xstyle.md\/ro\/wp-json\/wp\/v2\/product"}],"about":[{"href":"https:\/\/xstyle.md\/ro\/wp-json\/wp\/v2\/types\/product"}],"replies":[{"embeddable":true,"href":"https:\/\/xstyle.md\/ro\/wp-json\/wp\/v2\/comments?post=6307"}],"wp:featuredmedia":[{"embeddable":true,"href":"https:\/\/xstyle.md\/ro\/wp-json\/wp\/v2\/media\/82466"}],"wp:attachment":[{"href":"https:\/\/xstyle.md\/ro\/wp-json\/wp\/v2\/media?parent=6307"}],"wp:term":[{"taxonomy":"product_brand","embeddable":true,"href":"https:\/\/xstyle.md\/ro\/wp-json\/wp\/v2\/product_brand?post=6307"},{"taxonomy":"product_cat","embeddable":true,"href":"https:\/\/xstyle.md\/ro\/wp-json\/wp\/v2\/product_cat?post=6307"},{"taxonomy":"product_tag","embeddable":true,"href":"https:\/\/xstyle.md\/ro\/wp-json\/wp\/v2\/product_tag?post=6307"}],"curies":[{"name":"wp","href":"https:\/\/api.w.org\/{rel}","templated":true}]}}