{"id":6300,"date":"2020-07-16T21:32:12","date_gmt":"2020-07-16T18:32:12","guid":{"rendered":"https:\/\/xstyle.md\/product\/kovrik-dlja-jogi-bodhy-yoga-ganges"},"modified":"2024-10-02T21:07:17","modified_gmt":"2024-10-02T18:07:17","slug":"kovrik-dlja-jogi-bodhy-yoga-ganges","status":"publish","type":"product","link":"https:\/\/xstyle.md\/ro\/produs\/kovrik-dlja-jogi-bodhy-yoga-ganges\/","title":{"rendered":"Covora\u0219 Yoga Bodhi Gandes"},"content":{"rendered":"<\/p>\n<p><strong>Saltea pentru yoga Bodhy Yoga Ganges &#8212; <\/strong>extra gros pentru cursuri regulate de yoga \u0219i fitness. Este un covora\u0219 foarte moale, u\u0219or de rulat \u0219i se spal\u0103 bine. Suficient de rezistent la abraziune, este bine \u00eent\u0103rit \u0219i nu se \u00eentinde sub sarcin\u0103.<\/p>\n<p>Covora\u0219ul Ganges este foarte popular. Grosimea sa asigur\u0103 confort \u00een orice pozi\u021bie \u0219i \u00een toate practicile yoga. Combina\u021biile de culori \u00eel fac deosebit de atractiv. Covora\u0219ul este antiderapant pe ambele p\u0103r\u021bi, are trac\u021biune bun\u0103 \u0219i propriet\u0103\u021bi de absorb\u021bie a \u0219ocurilor. Recomandat pentru uz personal \u0219i profesional.<\/p>\n<h3>Particularit\u0103\u021bi<\/h3>\n<ul>\n<li>Recomandat\u0103 pentru tipurile relaxate de yoga \u0219i pilates.<\/li>\n<li>Complet inofensiv \u00een contact cu pielea \u0219i testat pentru a fi lipsit de substan\u021be nocive (certificat Oeko-Tex 100 nivel 2).<\/li>\n<li>Saltea foarte moale, u\u0219or de rulat, se spal\u0103 bine.<\/li>\n<li>Nu se \u00eentinde sub sarcin\u0103.<\/li>\n<li>Rezistent la abraziune.<\/li>\n<li>\u00cent\u0103rire sigur\u0103.<\/li>\n<\/ul>\n<p><strong>\u00cengrijire<\/strong><\/p>\n<p>Sp\u0103la\u021bi mono \u00een ma\u0219ina de sp\u0103lat la nu mai mult de 30 de grade Celsius. Nu este permis\u0103 \u00eenv\u00e2rtirea \u00een tambur. Covora\u0219ul poate fi, de asemenea, \u0219ters cu un burete umed sau pulverizat cu spray antibacterian. Nu l\u0103sa\u021bi covora\u0219ul pe calorifer sau usc\u0103tor.<\/p>\n<p><strong>Depozitare<\/strong><\/p>\n<p>Nu l\u0103sa\u021bi covora\u0219ul \u00een lumina direct\u0103 a soarelui. Dac\u0103 este umed, l\u0103sa\u021bi covora\u0219ul s\u0103 se usuce \u00eenainte de a-l \u00eenf\u0103\u0219ura. Pentru cele mai bune rezultate, p\u0103stra\u021bi covora\u0219ul \u00eentr-un capac atunci c\u00e2nd nu este utilizat, deoarece expunerea prelungit\u0103 la aer \u0219i soare poate deteriora cauciucul de pe covora\u0219. Utilizarea acestui produs \u00een medii fierbin\u021bi necesit\u0103 \u00eentre\u021binere periodic\u0103.<\/p>\n<h3>Caracteristici<\/h3>\n<ul>\n<li>Dimensiuni: 183 x 60 cm<\/li>\n<li>Grosime: 6 mm<\/li>\n<li>Greutate: 1,5 kg<\/li>\n<\/ul>\n<h3>Marca<\/h3>\n<p>Marca Bodhi Yoga apar\u021bine companiei germane Bodynova, care este specializat\u0103 \u00een produse pentru yoga. Oamenii care lucreaz\u0103 \u00een aceast\u0103 companie \u00een\u021beleg ce este necesar pentru practicant. Exist\u0103 mai mult de 20 de tipuri de saltele sub acest brand, care sunt personalizate pentru a se potrivi diferitelor stiluri de yoga. Covora\u0219ele sunt fabricate din diferite materiale care sunt potrivite pentru utilizarea \u00een interior sau \u00een exterior, precum \u0219i pentru ajustarea la preferin\u021bele personale (de exemplu, mai moi sau mai rigide). Cu o selec\u021bie at\u00e2t de larg\u0103, v\u0103 pute\u021bi g\u0103si covorul de yoga perfect, care va fi asistentul dvs. indispensabil \u00een practica dvs.<\/p>\n<p><\/p>","protected":false},"excerpt":{"rendered":"<p>Covora\u0219 Yoga Bodhi Gandes<\/p>","protected":false},"featured_media":6294,"comment_status":"open","ping_status":"closed","template":"","meta":{"_acf_changed":false,"inline_featured_image":false},"product_brand":[1359],"product_cat":[474],"product_tag":[],"class_list":{"0":"post-6300","1":"product","2":"type-product","3":"status-publish","4":"has-post-thumbnail","6":"product_brand-bodhy-yoga","7":"product_cat-yoga-mats","9":"first","10":"instock","11":"shipping-taxable","12":"purchasable","13":"product-type-simple"},"acf":[],"yoast_head":"<!-- This site is optimized with the Yoast SEO plugin v27.2 - https:\/\/yoast.com\/product\/yoast-seo-wordpress\/ -->\n<title>\u041a\u043e\u0432\u0440\u0438\u043a \u0434\u043b\u044f \u0439\u043e\u0433\u0438 Bodhi Gandes - \u041c\u0430\u0433\u0430\u0437\u0438\u043d Xstyle<\/title>\n<meta name=\"description\" content=\"\u041a\u043e\u0432\u0440\u0438\u043a \u0434\u043b\u044f \u0439\u043e\u0433\u0438 Bodhi Gandes - \u0438\u0434\u0435\u0430\u043b\u0435\u043d \u0434\u043b\u044f \u0440\u0435\u0433\u0443\u043b\u044f\u0440\u043d\u044b\u0445 \u0437\u0430\u043d\u044f\u0442\u0438\u0439. \u041a\u043e\u043c\u0444\u043e\u0440\u0442\u043d\u044b\u0439, \u043f\u0440\u043e\u0447\u043d\u044b\u0439 \u0438 \u043b\u0435\u0433\u043a\u043e \u043e\u0447\u0438\u0449\u0430\u0435\u043c\u044b\u0439. \u0423\u0434\u043e\u0431\u0441\u0442\u0432\u043e \u0432 \u043a\u0430\u0436\u0434\u043e\u0439 \u043f\u043e\u0437\u0435 \u0434\u043b\u044f \u0432\u0430\u0448\u0438\u0445 \u0442\u0440\u0435\u043d\u0438\u0440\u043e\u0432\u043e\u043a.\" \/>\n<meta name=\"robots\" content=\"index, follow, max-snippet:-1, max-image-preview:large, max-video-preview:-1\" \/>\n<link rel=\"canonical\" href=\"https:\/\/xstyle.md\/ro\/produs\/kovrik-dlja-jogi-bodhy-yoga-ganges\/\" \/>\n<meta property=\"og:locale\" content=\"ro_RO\" \/>\n<meta property=\"og:type\" content=\"article\" \/>\n<meta property=\"og:title\" content=\"\u041a\u043e\u0432\u0440\u0438\u043a \u0434\u043b\u044f \u0439\u043e\u0433\u0438 Bodhi Gandes - \u041c\u0430\u0433\u0430\u0437\u0438\u043d Xstyle\" \/>\n<meta property=\"og:description\" content=\"\u041a\u043e\u0432\u0440\u0438\u043a \u0434\u043b\u044f \u0439\u043e\u0433\u0438 Bodhi Gandes - \u0438\u0434\u0435\u0430\u043b\u0435\u043d \u0434\u043b\u044f \u0440\u0435\u0433\u0443\u043b\u044f\u0440\u043d\u044b\u0445 \u0437\u0430\u043d\u044f\u0442\u0438\u0439. \u041a\u043e\u043c\u0444\u043e\u0440\u0442\u043d\u044b\u0439, \u043f\u0440\u043e\u0447\u043d\u044b\u0439 \u0438 \u043b\u0435\u0433\u043a\u043e \u043e\u0447\u0438\u0449\u0430\u0435\u043c\u044b\u0439. \u0423\u0434\u043e\u0431\u0441\u0442\u0432\u043e \u0432 \u043a\u0430\u0436\u0434\u043e\u0439 \u043f\u043e\u0437\u0435 \u0434\u043b\u044f \u0432\u0430\u0448\u0438\u0445 \u0442\u0440\u0435\u043d\u0438\u0440\u043e\u0432\u043e\u043a.\" \/>\n<meta property=\"og:url\" content=\"https:\/\/xstyle.md\/ro\/produs\/kovrik-dlja-jogi-bodhy-yoga-ganges\/\" \/>\n<meta property=\"og:site_name\" content=\"\u041c\u0430\u0433\u0430\u0437\u0438\u043d Xstyle\" \/>\n<meta property=\"article:publisher\" content=\"https:\/\/www.facebook.com\/xstylemd\" \/>\n<meta property=\"article:modified_time\" content=\"2024-10-02T18:07:17+00:00\" \/>\n<meta property=\"og:image\" content=\"https:\/\/xstyle.md\/wp-content\/uploads\/2020\/07\/kovrik-dlya-jogi-jute-pro-183-60-0-4sm.jpg\" \/>\n\t<meta property=\"og:image:width\" content=\"800\" \/>\n\t<meta property=\"og:image:height\" content=\"575\" \/>\n\t<meta property=\"og:image:type\" content=\"image\/jpeg\" \/>\n<meta name=\"twitter:card\" content=\"summary_large_image\" \/>\n<meta name=\"twitter:label1\" content=\"Pre\u021b\" \/>\n\t<meta name=\"twitter:data1\" content=\"720&nbsp;MDL\" \/>\n\t<meta name=\"twitter:label2\" content=\"Disponibilitate\" \/>\n\t<meta name=\"twitter:data2\" content=\"\u00cen stoc\" \/>\n<script type=\"application\/ld+json\" class=\"yoast-schema-graph\">{\"@context\":\"https:\/\/schema.org\",\"@graph\":[{\"@type\":\"WebPage\",\"@id\":\"https:\/\/xstyle.md\/product\/kovrik-dlja-jogi-bodhy-yoga-ganges\/\",\"url\":\"https:\/\/xstyle.md\/product\/kovrik-dlja-jogi-bodhy-yoga-ganges\/\",\"name\":\"\u041a\u043e\u0432\u0440\u0438\u043a \u0434\u043b\u044f \u0439\u043e\u0433\u0438 Bodhi Gandes - \u041c\u0430\u0433\u0430\u0437\u0438\u043d Xstyle\",\"isPartOf\":{\"@id\":\"https:\/\/xstyle.md\/#website\"},\"primaryImageOfPage\":{\"@id\":\"https:\/\/xstyle.md\/product\/kovrik-dlja-jogi-bodhy-yoga-ganges\/#primaryimage\"},\"image\":{\"@id\":\"https:\/\/xstyle.md\/product\/kovrik-dlja-jogi-bodhy-yoga-ganges\/#primaryimage\"},\"thumbnailUrl\":\"https:\/\/xstyle.md\/wp-content\/uploads\/2020\/07\/kovrik-dlya-jogi-jute-pro-183-60-0-4sm.jpg\",\"datePublished\":\"2020-07-16T18:32:12+00:00\",\"dateModified\":\"2024-10-02T18:07:17+00:00\",\"description\":\"\u041a\u043e\u0432\u0440\u0438\u043a \u0434\u043b\u044f \u0439\u043e\u0433\u0438 Bodhi Gandes - \u0438\u0434\u0435\u0430\u043b\u0435\u043d \u0434\u043b\u044f \u0440\u0435\u0433\u0443\u043b\u044f\u0440\u043d\u044b\u0445 \u0437\u0430\u043d\u044f\u0442\u0438\u0439. \u041a\u043e\u043c\u0444\u043e\u0440\u0442\u043d\u044b\u0439, \u043f\u0440\u043e\u0447\u043d\u044b\u0439 \u0438 \u043b\u0435\u0433\u043a\u043e \u043e\u0447\u0438\u0449\u0430\u0435\u043c\u044b\u0439. \u0423\u0434\u043e\u0431\u0441\u0442\u0432\u043e \u0432 \u043a\u0430\u0436\u0434\u043e\u0439 \u043f\u043e\u0437\u0435 \u0434\u043b\u044f \u0432\u0430\u0448\u0438\u0445 \u0442\u0440\u0435\u043d\u0438\u0440\u043e\u0432\u043e\u043a.\",\"breadcrumb\":{\"@id\":\"https:\/\/xstyle.md\/product\/kovrik-dlja-jogi-bodhy-yoga-ganges\/#breadcrumb\"},\"inLanguage\":\"ro-RO\",\"potentialAction\":[{\"@type\":\"ReadAction\",\"target\":[\"https:\/\/xstyle.md\/product\/kovrik-dlja-jogi-bodhy-yoga-ganges\/\"]}]},{\"@type\":\"ImageObject\",\"inLanguage\":\"ro-RO\",\"@id\":\"https:\/\/xstyle.md\/product\/kovrik-dlja-jogi-bodhy-yoga-ganges\/#primaryimage\",\"url\":\"https:\/\/xstyle.md\/wp-content\/uploads\/2020\/07\/kovrik-dlya-jogi-jute-pro-183-60-0-4sm.jpg\",\"contentUrl\":\"https:\/\/xstyle.md\/wp-content\/uploads\/2020\/07\/kovrik-dlya-jogi-jute-pro-183-60-0-4sm.jpg\",\"width\":800,\"height\":575},{\"@type\":\"BreadcrumbList\",\"@id\":\"https:\/\/xstyle.md\/product\/kovrik-dlja-jogi-bodhy-yoga-ganges\/#breadcrumb\",\"itemListElement\":[{\"@type\":\"ListItem\",\"position\":1,\"name\":\"\u0413\u043b\u0430\u0432\u043d\u0430\u044f \u0441\u0442\u0440\u0430\u043d\u0438\u0446\u0430\",\"item\":\"https:\/\/xstyle.md\/\"},{\"@type\":\"ListItem\",\"position\":2,\"name\":\"\u041c\u0430\u0433\u0430\u0437\u0438\u043d\",\"item\":\"https:\/\/xstyle.md\/shop\/\"},{\"@type\":\"ListItem\",\"position\":3,\"name\":\"\u041a\u043e\u0432\u0440\u0438\u043a \u0434\u043b\u044f \u0439\u043e\u0433\u0438 Bodhi Gandes\"}]},{\"@type\":\"WebSite\",\"@id\":\"https:\/\/xstyle.md\/#website\",\"url\":\"https:\/\/xstyle.md\/\",\"name\":\"\u041c\u0430\u0433\u0430\u0437\u0438\u043d Xstyle\",\"description\":\"C\u043d\u0430\u0440\u044f\u0436\u0435\u043d\u0438\u0435 \u0434\u043b\u044f \u0442\u0443\u0440\u0438\u0437\u043c\u0430 \u0438 \u044d\u043a\u0441\u0442\u0440\u0435\u043c\u0430\u043b\u044c\u043d\u044b\u0445 \u0432\u0438\u0434\u043e\u0432 \u0441\u043f\u043e\u0440\u0442\u0430 \u0432 \u041c\u043e\u043b\u0434\u043e\u0432\u0435.. \u0426\u0435\u043d\u044b, \u0444\u043e\u0442\u043e, \u0445\u0430\u0440\u0430\u043a\u0442\u0435\u0440\u0438\u0441\u0442\u0438\u043a\u0438 \u0432 \u041c\u043e\u043b\u0434\u043e\u0432\u0435.\",\"publisher\":{\"@id\":\"https:\/\/xstyle.md\/#organization\"},\"alternateName\":\"X-Style\",\"potentialAction\":[{\"@type\":\"SearchAction\",\"target\":{\"@type\":\"EntryPoint\",\"urlTemplate\":\"https:\/\/xstyle.md\/?s={search_term_string}\"},\"query-input\":{\"@type\":\"PropertyValueSpecification\",\"valueRequired\":true,\"valueName\":\"search_term_string\"}}],\"inLanguage\":\"ro-RO\"},{\"@type\":\"Organization\",\"@id\":\"https:\/\/xstyle.md\/#organization\",\"name\":\"\u041c\u0430\u0433\u0430\u0437\u0438\u043d Xstyle\",\"alternateName\":\"x-style\",\"url\":\"https:\/\/xstyle.md\/\",\"logo\":{\"@type\":\"ImageObject\",\"inLanguage\":\"ro-RO\",\"@id\":\"https:\/\/xstyle.md\/#\/schema\/logo\/image\/\",\"url\":\"https:\/\/xstyle.md\/wp-content\/uploads\/2020\/06\/logoicon.svg\",\"contentUrl\":\"https:\/\/xstyle.md\/wp-content\/uploads\/2020\/06\/logoicon.svg\",\"caption\":\"\u041c\u0430\u0433\u0430\u0437\u0438\u043d Xstyle\"},\"image\":{\"@id\":\"https:\/\/xstyle.md\/#\/schema\/logo\/image\/\"},\"sameAs\":[\"https:\/\/www.facebook.com\/xstylemd\",\"https:\/\/www.instagram.com\/xstyle_md\/\",\"https:\/\/t.me\/xstyle_outdoor\"],\"hasMerchantReturnPolicy\":{\"@type\":\"MerchantReturnPolicy\",\"merchantReturnLink\":\"https:\/\/xstyle.md\/ro\/conditions\/\"}}]}<\/script>\n<meta property=\"product:price:amount\" content=\"720.00\" \/>\n<meta property=\"product:price:currency\" content=\"MDL\" \/>\n<meta property=\"og:availability\" content=\"instock\" \/>\n<meta property=\"product:availability\" content=\"instock\" \/>\n<meta property=\"product:retailer_item_id\" content=\"4250367914526\" \/>\n<meta property=\"product:condition\" content=\"new\" \/>\n<!-- \/ Yoast SEO plugin. -->","yoast_head_json":{"title":"Saltea pentru yoga Bodhy Yoga Ganges - Magazin Xstyle","description":"Covor pentru yoga Bodhi Gandes - ideal pentru antrenamentele regulate. Confortabil, durabil \u0219i u\u0219or de cur\u0103\u021bat. Confort \u00een fiecare pozi\u021bie pentru antrenamentele dumneavoastr\u0103.","robots":{"index":"index","follow":"follow","max-snippet":"max-snippet:-1","max-image-preview":"max-image-preview:large","max-video-preview":"max-video-preview:-1"},"canonical":"https:\/\/xstyle.md\/ro\/produs\/kovrik-dlja-jogi-bodhy-yoga-ganges\/","og_locale":"ro_RO","og_type":"article","og_title":"\u041a\u043e\u0432\u0440\u0438\u043a \u0434\u043b\u044f \u0439\u043e\u0433\u0438 Bodhi Gandes - \u041c\u0430\u0433\u0430\u0437\u0438\u043d Xstyle","og_description":"\u041a\u043e\u0432\u0440\u0438\u043a \u0434\u043b\u044f \u0439\u043e\u0433\u0438 Bodhi Gandes - \u0438\u0434\u0435\u0430\u043b\u0435\u043d \u0434\u043b\u044f \u0440\u0435\u0433\u0443\u043b\u044f\u0440\u043d\u044b\u0445 \u0437\u0430\u043d\u044f\u0442\u0438\u0439. \u041a\u043e\u043c\u0444\u043e\u0440\u0442\u043d\u044b\u0439, \u043f\u0440\u043e\u0447\u043d\u044b\u0439 \u0438 \u043b\u0435\u0433\u043a\u043e \u043e\u0447\u0438\u0449\u0430\u0435\u043c\u044b\u0439. \u0423\u0434\u043e\u0431\u0441\u0442\u0432\u043e \u0432 \u043a\u0430\u0436\u0434\u043e\u0439 \u043f\u043e\u0437\u0435 \u0434\u043b\u044f \u0432\u0430\u0448\u0438\u0445 \u0442\u0440\u0435\u043d\u0438\u0440\u043e\u0432\u043e\u043a.","og_url":"https:\/\/xstyle.md\/ro\/produs\/kovrik-dlja-jogi-bodhy-yoga-ganges\/","og_site_name":"\u041c\u0430\u0433\u0430\u0437\u0438\u043d Xstyle","article_publisher":"https:\/\/www.facebook.com\/xstylemd","article_modified_time":"2024-10-02T18:07:17+00:00","og_image":[{"width":800,"height":575,"url":"https:\/\/xstyle.md\/wp-content\/uploads\/2020\/07\/kovrik-dlya-jogi-jute-pro-183-60-0-4sm.jpg","type":"image\/jpeg"}],"twitter_card":"summary_large_image","twitter_misc":{"Pre\u021b":"720&nbsp;MDL","Disponibilitate":"\u00cen stoc"},"schema":{"@context":"https:\/\/schema.org","@graph":[{"@type":"WebPage","@id":"https:\/\/xstyle.md\/product\/kovrik-dlja-jogi-bodhy-yoga-ganges\/","url":"https:\/\/xstyle.md\/product\/kovrik-dlja-jogi-bodhy-yoga-ganges\/","name":"Saltea pentru yoga Bodhy Yoga Ganges - Magazin Xstyle","isPartOf":{"@id":"https:\/\/xstyle.md\/#website"},"primaryImageOfPage":{"@id":"https:\/\/xstyle.md\/product\/kovrik-dlja-jogi-bodhy-yoga-ganges\/#primaryimage"},"image":{"@id":"https:\/\/xstyle.md\/product\/kovrik-dlja-jogi-bodhy-yoga-ganges\/#primaryimage"},"thumbnailUrl":"https:\/\/xstyle.md\/wp-content\/uploads\/2020\/07\/kovrik-dlya-jogi-jute-pro-183-60-0-4sm.jpg","datePublished":"2020-07-16T18:32:12+00:00","dateModified":"2024-10-02T18:07:17+00:00","description":"Covor pentru yoga Bodhi Gandes - ideal pentru antrenamentele regulate. Confortabil, durabil \u0219i u\u0219or de cur\u0103\u021bat. Confort \u00een fiecare pozi\u021bie pentru antrenamentele dumneavoastr\u0103.","breadcrumb":{"@id":"https:\/\/xstyle.md\/product\/kovrik-dlja-jogi-bodhy-yoga-ganges\/#breadcrumb"},"inLanguage":"ro-RO","potentialAction":[{"@type":"ReadAction","target":["https:\/\/xstyle.md\/product\/kovrik-dlja-jogi-bodhy-yoga-ganges\/"]}]},{"@type":"ImageObject","inLanguage":"ro-RO","@id":"https:\/\/xstyle.md\/product\/kovrik-dlja-jogi-bodhy-yoga-ganges\/#primaryimage","url":"https:\/\/xstyle.md\/wp-content\/uploads\/2020\/07\/kovrik-dlya-jogi-jute-pro-183-60-0-4sm.jpg","contentUrl":"https:\/\/xstyle.md\/wp-content\/uploads\/2020\/07\/kovrik-dlya-jogi-jute-pro-183-60-0-4sm.jpg","width":800,"height":575},{"@type":"BreadcrumbList","@id":"https:\/\/xstyle.md\/product\/kovrik-dlja-jogi-bodhy-yoga-ganges\/#breadcrumb","itemListElement":[{"@type":"ListItem","position":1,"name":"\u0413\u043b\u0430\u0432\u043d\u0430\u044f \u0441\u0442\u0440\u0430\u043d\u0438\u0446\u0430","item":"https:\/\/xstyle.md\/"},{"@type":"ListItem","position":2,"name":"\u041c\u0430\u0433\u0430\u0437\u0438\u043d","item":"https:\/\/xstyle.md\/shop\/"},{"@type":"ListItem","position":3,"name":"\u041a\u043e\u0432\u0440\u0438\u043a \u0434\u043b\u044f \u0439\u043e\u0433\u0438 Bodhi Gandes"}]},{"@type":"WebSite","@id":"https:\/\/xstyle.md\/#website","url":"https:\/\/xstyle.md\/","name":"Magazinul X-Style","description":"Echipamente pentru turism \u0219i sporturi extreme \u00een Moldova. Pre\u021buri, fotografii, caracteristici \u00een Moldova.","publisher":{"@id":"https:\/\/xstyle.md\/#organization"},"alternateName":"X-Style","potentialAction":[{"@type":"SearchAction","target":{"@type":"EntryPoint","urlTemplate":"https:\/\/xstyle.md\/?s={search_term_string}"},"query-input":{"@type":"PropertyValueSpecification","valueRequired":true,"valueName":"search_term_string"}}],"inLanguage":"ro-RO"},{"@type":"Organization","@id":"https:\/\/xstyle.md\/#organization","name":"Magazinul X-Style","alternateName":"x-style","url":"https:\/\/xstyle.md\/","logo":{"@type":"ImageObject","inLanguage":"ro-RO","@id":"https:\/\/xstyle.md\/#\/schema\/logo\/image\/","url":"https:\/\/xstyle.md\/wp-content\/uploads\/2020\/06\/logoicon.svg","contentUrl":"https:\/\/xstyle.md\/wp-content\/uploads\/2020\/06\/logoicon.svg","caption":"\u041c\u0430\u0433\u0430\u0437\u0438\u043d Xstyle"},"image":{"@id":"https:\/\/xstyle.md\/#\/schema\/logo\/image\/"},"sameAs":["https:\/\/www.facebook.com\/xstylemd","https:\/\/www.instagram.com\/xstyle_md\/","https:\/\/t.me\/xstyle_outdoor"],"hasMerchantReturnPolicy":{"@type":"MerchantReturnPolicy","merchantReturnLink":"https:\/\/xstyle.md\/ro\/conditions\/"}}]},"product_price_amount":"720.00","product_price_currency":"MDL","og_availability":"instock","product_availability":"instock","product_retailer_item_id":"4250367914526","product_condition":"new"},"post_mailing_queue_ids":[],"_links":{"self":[{"href":"https:\/\/xstyle.md\/ro\/wp-json\/wp\/v2\/product\/6300","targetHints":{"allow":["GET"]}}],"collection":[{"href":"https:\/\/xstyle.md\/ro\/wp-json\/wp\/v2\/product"}],"about":[{"href":"https:\/\/xstyle.md\/ro\/wp-json\/wp\/v2\/types\/product"}],"replies":[{"embeddable":true,"href":"https:\/\/xstyle.md\/ro\/wp-json\/wp\/v2\/comments?post=6300"}],"wp:featuredmedia":[{"embeddable":true,"href":"https:\/\/xstyle.md\/ro\/wp-json\/wp\/v2\/media\/6294"}],"wp:attachment":[{"href":"https:\/\/xstyle.md\/ro\/wp-json\/wp\/v2\/media?parent=6300"}],"wp:term":[{"taxonomy":"product_brand","embeddable":true,"href":"https:\/\/xstyle.md\/ro\/wp-json\/wp\/v2\/product_brand?post=6300"},{"taxonomy":"product_cat","embeddable":true,"href":"https:\/\/xstyle.md\/ro\/wp-json\/wp\/v2\/product_cat?post=6300"},{"taxonomy":"product_tag","embeddable":true,"href":"https:\/\/xstyle.md\/ro\/wp-json\/wp\/v2\/product_tag?post=6300"}],"curies":[{"name":"wp","href":"https:\/\/api.w.org\/{rel}","templated":true}]}}