{"id":6292,"date":"2020-07-16T21:31:42","date_gmt":"2020-07-16T18:31:42","guid":{"rendered":"https:\/\/xstyle.md\/product\/kovrik-dlja-jogi-bodhy-yoga-asana"},"modified":"2025-04-23T16:22:11","modified_gmt":"2025-04-23T13:22:11","slug":"kovrik-dlja-jogi-bodhy-yoga-asana","status":"publish","type":"product","link":"https:\/\/xstyle.md\/ro\/produs\/kovrik-dlja-jogi-bodhy-yoga-asana\/","title":{"rendered":"Covora\u0219 Yoga Bodhi Asana"},"content":{"rendered":"<\/p>\n<p><strong>Saltea pentru yoga Bodhy Yoga Asana<\/strong> &#8212;\u00a0covora\u0219 clasic cu o suprafa\u021b\u0103 u\u0219or texturat\u0103. Dac\u0103 abia \u00eencepe\u021bi s\u0103 practica\u021bi yoga, Mat Asana este ideal. Este rezistent la abraziune, \u00eent\u0103rit \u0219i nu se \u00eentinde at\u00e2t longitudinal, c\u00e2t \u0219i transversal.<\/p>\n<p>Acest covora\u0219 este recomandat pentru toate tipurile de yoga. Este testat pentru a fi lipsit de substan\u021be nocive (certificat Oeko-Tex 100 nivel 2), deci este complet inofensiv \u00een contact cu pielea. Suprafa\u021ba este etichetat\u0103 cu mica marc\u0103 Bodhi a produc\u0103torului. Nealunecos \u0219i moale, u\u0219or de rulat \u0219i convenabil de transportat, bine lavabil.<\/p>\n<h3>Particularit\u0103\u021bi<\/h3>\n<ul>\n<li>Proiectat de mae\u0219trii yoga.<\/li>\n<li>Se lipe\u0219te bine de podea, nu se r\u0103suce\u0219te \u0219i nu alunec\u0103.<\/li>\n<li>Foarte puternic \u0219i rezistent la uzur\u0103.<\/li>\n<li>Covora\u0219 spectaculos \u0219i u\u0219or pentru yoga \u0219i fitness.<\/li>\n<li>Cea mai mare varietate de culori.<\/li>\n<\/ul>\n<p><strong>\u00cengrijire<\/strong><\/p>\n<p>Nu pune\u021bi covora\u0219ul \u00een ma\u0219ina de sp\u0103lat deoarece acest lucru va distruge materialul. Nu \u00eenmuia\u021bi sau nu scufunda\u021bi \u00een ap\u0103. Covora\u0219ul poate fi \u0219ters cu un burete umed sau pulverizat cu un spray antibacterian. Nu l\u0103sa\u021bi covora\u0219ul pe calorifer sau usc\u0103tor.<\/p>\n<p><strong>Depozitare<\/strong><\/p>\n<p>Nu l\u0103sa\u021bi covora\u0219ul \u00een lumina direct\u0103 a soarelui. Dac\u0103 este umed, l\u0103sa\u021bi covora\u0219ul s\u0103 se usuce \u00eenainte de a-l \u00eenf\u0103\u0219ura. Pentru cele mai bune rezultate, p\u0103stra\u021bi covora\u0219ul \u00eentr-un capac atunci c\u00e2nd nu este utilizat, deoarece expunerea prelungit\u0103 la aer \u0219i soare poate deteriora cauciucul de pe covora\u0219. Utilizarea acestui produs \u00een medii fierbin\u021bi necesit\u0103 \u00eentre\u021binere periodic\u0103 pentru a men\u021bine performan\u021ba cauciucului.<\/p>\n<h3>Caracteristici<\/h3>\n<ul>\n<li>Dimensiuni: 183 cm x 60 cm<\/li>\n<li>Grosime: 4 mm<\/li>\n<li>Greutate: 1,1 kg<\/li>\n<\/ul>\n<h3>Marca<\/h3>\n<p>Marca Bodhi Yoga apar\u021bine companiei germane Bodynova, care este specializat\u0103 \u00een produse pentru yoga. Oamenii care lucreaz\u0103 \u00een aceast\u0103 companie \u00een\u021beleg ce este necesar pentru practicant. Exist\u0103 mai mult de 20 de tipuri de saltele sub acest brand, care sunt personalizate pentru a se potrivi diferitelor stiluri de yoga. Covora\u0219ele sunt fabricate din diferite materiale care sunt potrivite pentru utilizarea \u00een interior sau \u00een exterior, precum \u0219i pentru ajustarea la preferin\u021bele personale (de exemplu, mai moi sau mai rigide). Cu o selec\u021bie at\u00e2t de larg\u0103, v\u0103 pute\u021bi g\u0103si covorul de yoga perfect, care va fi asistentul dvs. indispensabil \u00een practica dvs.<\/p>\n<p><\/p>","protected":false},"excerpt":{"rendered":"<p>Covora\u0219 Yoga Bodhi Asana<\/p>","protected":false},"featured_media":6285,"comment_status":"open","ping_status":"closed","template":"","meta":{"_acf_changed":false,"inline_featured_image":false},"product_brand":[1359],"product_cat":[474],"product_tag":[],"class_list":{"0":"post-6292","1":"product","2":"type-product","3":"status-publish","4":"has-post-thumbnail","6":"product_brand-bodhy-yoga","7":"product_cat-yoga-mats","9":"first","10":"instock","11":"shipping-taxable","12":"purchasable","13":"product-type-simple"},"acf":[],"yoast_head":"<!-- This site is optimized with the Yoast SEO plugin v27.2 - https:\/\/yoast.com\/product\/yoast-seo-wordpress\/ -->\n<title>\u041a\u043e\u0432\u0440\u0438\u043a \u0434\u043b\u044f \u0439\u043e\u0433\u0438 Bodhi Asana - \u041c\u0430\u0433\u0430\u0437\u0438\u043d Xstyle<\/title>\n<meta name=\"description\" content=\"\u041a\u043e\u0432\u0440\u0438\u043a \u0434\u043b\u044f \u0439\u043e\u0433\u0438 Bodhi Asana \u0438\u0434\u0435\u0430\u043b\u044c\u043d\u043e \u043f\u043e\u0434\u0445\u043e\u0434\u0438\u0442 \u0434\u043b\u044f \u0432\u0441\u0435\u0445 \u0443\u0440\u043e\u0432\u043d\u0435\u0439 \u043f\u0440\u0430\u043a\u0442\u0438\u043a\u0438. \u0423\u0441\u0442\u043e\u0439\u0447\u0438\u0432\u044b\u0439, \u0442\u0435\u043a\u0441\u0442\u0443\u0440\u0438\u0440\u043e\u0432\u0430\u043d\u043d\u044b\u0439 \u0438 \u0431\u0435\u0437\u043e\u043f\u0430\u0441\u043d\u044b\u0439. \u041d\u0430\u0447\u043d\u0438\u0442\u0435 \u0437\u0430\u043d\u044f\u0442\u0438\u044f \u0439\u043e\u0433\u043e\u0439 \u0441 \u043a\u043e\u043c\u0444\u043e\u0440\u0442\u043e\u043c!\" \/>\n<meta name=\"robots\" content=\"index, follow, max-snippet:-1, max-image-preview:large, max-video-preview:-1\" \/>\n<link rel=\"canonical\" href=\"https:\/\/xstyle.md\/ro\/produs\/kovrik-dlja-jogi-bodhy-yoga-asana\/\" \/>\n<meta property=\"og:locale\" content=\"ro_RO\" \/>\n<meta property=\"og:type\" content=\"article\" \/>\n<meta property=\"og:title\" content=\"\u041a\u043e\u0432\u0440\u0438\u043a \u0434\u043b\u044f \u0439\u043e\u0433\u0438 Bodhi Asana - \u041c\u0430\u0433\u0430\u0437\u0438\u043d Xstyle\" \/>\n<meta property=\"og:description\" content=\"\u041a\u043e\u0432\u0440\u0438\u043a \u0434\u043b\u044f \u0439\u043e\u0433\u0438 Bodhi Asana \u0438\u0434\u0435\u0430\u043b\u044c\u043d\u043e \u043f\u043e\u0434\u0445\u043e\u0434\u0438\u0442 \u0434\u043b\u044f \u0432\u0441\u0435\u0445 \u0443\u0440\u043e\u0432\u043d\u0435\u0439 \u043f\u0440\u0430\u043a\u0442\u0438\u043a\u0438. \u0423\u0441\u0442\u043e\u0439\u0447\u0438\u0432\u044b\u0439, \u0442\u0435\u043a\u0441\u0442\u0443\u0440\u0438\u0440\u043e\u0432\u0430\u043d\u043d\u044b\u0439 \u0438 \u0431\u0435\u0437\u043e\u043f\u0430\u0441\u043d\u044b\u0439. \u041d\u0430\u0447\u043d\u0438\u0442\u0435 \u0437\u0430\u043d\u044f\u0442\u0438\u044f \u0439\u043e\u0433\u043e\u0439 \u0441 \u043a\u043e\u043c\u0444\u043e\u0440\u0442\u043e\u043c!\" \/>\n<meta property=\"og:url\" content=\"https:\/\/xstyle.md\/ro\/produs\/kovrik-dlja-jogi-bodhy-yoga-asana\/\" \/>\n<meta property=\"og:site_name\" content=\"\u041c\u0430\u0433\u0430\u0437\u0438\u043d Xstyle\" \/>\n<meta property=\"article:publisher\" content=\"https:\/\/www.facebook.com\/xstylemd\" \/>\n<meta property=\"article:modified_time\" content=\"2025-04-23T13:22:11+00:00\" \/>\n<meta property=\"og:image\" content=\"https:\/\/xstyle.md\/wp-content\/uploads\/2020\/07\/174-thickbox_1.jpg\" \/>\n\t<meta property=\"og:image:width\" content=\"600\" \/>\n\t<meta property=\"og:image:height\" content=\"600\" \/>\n\t<meta property=\"og:image:type\" content=\"image\/jpeg\" \/>\n<meta name=\"twitter:card\" content=\"summary_large_image\" \/>\n<meta name=\"twitter:label1\" content=\"Pre\u021b\" \/>\n\t<meta name=\"twitter:data1\" content=\"480&nbsp;MDL\" \/>\n\t<meta name=\"twitter:label2\" content=\"Disponibilitate\" \/>\n\t<meta name=\"twitter:data2\" content=\"\u00cen stoc\" \/>\n<script type=\"application\/ld+json\" class=\"yoast-schema-graph\">{\"@context\":\"https:\/\/schema.org\",\"@graph\":[{\"@type\":\"WebPage\",\"@id\":\"https:\/\/xstyle.md\/product\/kovrik-dlja-jogi-bodhy-yoga-asana\/\",\"url\":\"https:\/\/xstyle.md\/product\/kovrik-dlja-jogi-bodhy-yoga-asana\/\",\"name\":\"\u041a\u043e\u0432\u0440\u0438\u043a \u0434\u043b\u044f \u0439\u043e\u0433\u0438 Bodhi Asana - \u041c\u0430\u0433\u0430\u0437\u0438\u043d Xstyle\",\"isPartOf\":{\"@id\":\"https:\/\/xstyle.md\/#website\"},\"primaryImageOfPage\":{\"@id\":\"https:\/\/xstyle.md\/product\/kovrik-dlja-jogi-bodhy-yoga-asana\/#primaryimage\"},\"image\":{\"@id\":\"https:\/\/xstyle.md\/product\/kovrik-dlja-jogi-bodhy-yoga-asana\/#primaryimage\"},\"thumbnailUrl\":\"https:\/\/xstyle.md\/wp-content\/uploads\/2020\/07\/174-thickbox_1.jpg\",\"datePublished\":\"2020-07-16T18:31:42+00:00\",\"dateModified\":\"2025-04-23T13:22:11+00:00\",\"description\":\"\u041a\u043e\u0432\u0440\u0438\u043a \u0434\u043b\u044f \u0439\u043e\u0433\u0438 Bodhi Asana \u0438\u0434\u0435\u0430\u043b\u044c\u043d\u043e \u043f\u043e\u0434\u0445\u043e\u0434\u0438\u0442 \u0434\u043b\u044f \u0432\u0441\u0435\u0445 \u0443\u0440\u043e\u0432\u043d\u0435\u0439 \u043f\u0440\u0430\u043a\u0442\u0438\u043a\u0438. \u0423\u0441\u0442\u043e\u0439\u0447\u0438\u0432\u044b\u0439, \u0442\u0435\u043a\u0441\u0442\u0443\u0440\u0438\u0440\u043e\u0432\u0430\u043d\u043d\u044b\u0439 \u0438 \u0431\u0435\u0437\u043e\u043f\u0430\u0441\u043d\u044b\u0439. \u041d\u0430\u0447\u043d\u0438\u0442\u0435 \u0437\u0430\u043d\u044f\u0442\u0438\u044f \u0439\u043e\u0433\u043e\u0439 \u0441 \u043a\u043e\u043c\u0444\u043e\u0440\u0442\u043e\u043c!\",\"breadcrumb\":{\"@id\":\"https:\/\/xstyle.md\/product\/kovrik-dlja-jogi-bodhy-yoga-asana\/#breadcrumb\"},\"inLanguage\":\"ro-RO\",\"potentialAction\":[{\"@type\":\"ReadAction\",\"target\":[\"https:\/\/xstyle.md\/product\/kovrik-dlja-jogi-bodhy-yoga-asana\/\"]}]},{\"@type\":\"ImageObject\",\"inLanguage\":\"ro-RO\",\"@id\":\"https:\/\/xstyle.md\/product\/kovrik-dlja-jogi-bodhy-yoga-asana\/#primaryimage\",\"url\":\"https:\/\/xstyle.md\/wp-content\/uploads\/2020\/07\/174-thickbox_1.jpg\",\"contentUrl\":\"https:\/\/xstyle.md\/wp-content\/uploads\/2020\/07\/174-thickbox_1.jpg\",\"width\":600,\"height\":600},{\"@type\":\"BreadcrumbList\",\"@id\":\"https:\/\/xstyle.md\/product\/kovrik-dlja-jogi-bodhy-yoga-asana\/#breadcrumb\",\"itemListElement\":[{\"@type\":\"ListItem\",\"position\":1,\"name\":\"\u0413\u043b\u0430\u0432\u043d\u0430\u044f \u0441\u0442\u0440\u0430\u043d\u0438\u0446\u0430\",\"item\":\"https:\/\/xstyle.md\/\"},{\"@type\":\"ListItem\",\"position\":2,\"name\":\"\u041c\u0430\u0433\u0430\u0437\u0438\u043d\",\"item\":\"https:\/\/xstyle.md\/shop\/\"},{\"@type\":\"ListItem\",\"position\":3,\"name\":\"\u041a\u043e\u0432\u0440\u0438\u043a \u0434\u043b\u044f \u0439\u043e\u0433\u0438 Bodhi Asana\"}]},{\"@type\":\"WebSite\",\"@id\":\"https:\/\/xstyle.md\/#website\",\"url\":\"https:\/\/xstyle.md\/\",\"name\":\"\u041c\u0430\u0433\u0430\u0437\u0438\u043d Xstyle\",\"description\":\"C\u043d\u0430\u0440\u044f\u0436\u0435\u043d\u0438\u0435 \u0434\u043b\u044f \u0442\u0443\u0440\u0438\u0437\u043c\u0430 \u0438 \u044d\u043a\u0441\u0442\u0440\u0435\u043c\u0430\u043b\u044c\u043d\u044b\u0445 \u0432\u0438\u0434\u043e\u0432 \u0441\u043f\u043e\u0440\u0442\u0430 \u0432 \u041c\u043e\u043b\u0434\u043e\u0432\u0435.. \u0426\u0435\u043d\u044b, \u0444\u043e\u0442\u043e, \u0445\u0430\u0440\u0430\u043a\u0442\u0435\u0440\u0438\u0441\u0442\u0438\u043a\u0438 \u0432 \u041c\u043e\u043b\u0434\u043e\u0432\u0435.\",\"publisher\":{\"@id\":\"https:\/\/xstyle.md\/#organization\"},\"alternateName\":\"X-Style\",\"potentialAction\":[{\"@type\":\"SearchAction\",\"target\":{\"@type\":\"EntryPoint\",\"urlTemplate\":\"https:\/\/xstyle.md\/?s={search_term_string}\"},\"query-input\":{\"@type\":\"PropertyValueSpecification\",\"valueRequired\":true,\"valueName\":\"search_term_string\"}}],\"inLanguage\":\"ro-RO\"},{\"@type\":\"Organization\",\"@id\":\"https:\/\/xstyle.md\/#organization\",\"name\":\"\u041c\u0430\u0433\u0430\u0437\u0438\u043d Xstyle\",\"alternateName\":\"x-style\",\"url\":\"https:\/\/xstyle.md\/\",\"logo\":{\"@type\":\"ImageObject\",\"inLanguage\":\"ro-RO\",\"@id\":\"https:\/\/xstyle.md\/#\/schema\/logo\/image\/\",\"url\":\"https:\/\/xstyle.md\/wp-content\/uploads\/2020\/06\/logoicon.svg\",\"contentUrl\":\"https:\/\/xstyle.md\/wp-content\/uploads\/2020\/06\/logoicon.svg\",\"caption\":\"\u041c\u0430\u0433\u0430\u0437\u0438\u043d Xstyle\"},\"image\":{\"@id\":\"https:\/\/xstyle.md\/#\/schema\/logo\/image\/\"},\"sameAs\":[\"https:\/\/www.facebook.com\/xstylemd\",\"https:\/\/www.instagram.com\/xstyle_md\/\",\"https:\/\/t.me\/xstyle_outdoor\"],\"hasMerchantReturnPolicy\":{\"@type\":\"MerchantReturnPolicy\",\"merchantReturnLink\":\"https:\/\/xstyle.md\/ro\/conditions\/\"}}]}<\/script>\n<meta property=\"product:price:amount\" content=\"480.00\" \/>\n<meta property=\"product:price:currency\" content=\"MDL\" \/>\n<meta property=\"og:availability\" content=\"instock\" \/>\n<meta property=\"product:availability\" content=\"instock\" \/>\n<meta property=\"product:retailer_item_id\" content=\"4250367903728\" \/>\n<meta property=\"product:condition\" content=\"new\" \/>\n<!-- \/ Yoast SEO plugin. -->","yoast_head_json":{"title":"Saltea pentru yoga Bodhy Yoga Asana - Magazin Xstyle","description":"Covorul de yoga Bodhi Asana este perfect pentru toate nivelurile de practic\u0103. Este stabil, texturat \u0219i sigur. \u00cencepe\u021bi lec\u021biile de yoga cu confort!","robots":{"index":"index","follow":"follow","max-snippet":"max-snippet:-1","max-image-preview":"max-image-preview:large","max-video-preview":"max-video-preview:-1"},"canonical":"https:\/\/xstyle.md\/ro\/produs\/kovrik-dlja-jogi-bodhy-yoga-asana\/","og_locale":"ro_RO","og_type":"article","og_title":"\u041a\u043e\u0432\u0440\u0438\u043a \u0434\u043b\u044f \u0439\u043e\u0433\u0438 Bodhi Asana - \u041c\u0430\u0433\u0430\u0437\u0438\u043d Xstyle","og_description":"\u041a\u043e\u0432\u0440\u0438\u043a \u0434\u043b\u044f \u0439\u043e\u0433\u0438 Bodhi Asana \u0438\u0434\u0435\u0430\u043b\u044c\u043d\u043e \u043f\u043e\u0434\u0445\u043e\u0434\u0438\u0442 \u0434\u043b\u044f \u0432\u0441\u0435\u0445 \u0443\u0440\u043e\u0432\u043d\u0435\u0439 \u043f\u0440\u0430\u043a\u0442\u0438\u043a\u0438. \u0423\u0441\u0442\u043e\u0439\u0447\u0438\u0432\u044b\u0439, \u0442\u0435\u043a\u0441\u0442\u0443\u0440\u0438\u0440\u043e\u0432\u0430\u043d\u043d\u044b\u0439 \u0438 \u0431\u0435\u0437\u043e\u043f\u0430\u0441\u043d\u044b\u0439. \u041d\u0430\u0447\u043d\u0438\u0442\u0435 \u0437\u0430\u043d\u044f\u0442\u0438\u044f \u0439\u043e\u0433\u043e\u0439 \u0441 \u043a\u043e\u043c\u0444\u043e\u0440\u0442\u043e\u043c!","og_url":"https:\/\/xstyle.md\/ro\/produs\/kovrik-dlja-jogi-bodhy-yoga-asana\/","og_site_name":"\u041c\u0430\u0433\u0430\u0437\u0438\u043d Xstyle","article_publisher":"https:\/\/www.facebook.com\/xstylemd","article_modified_time":"2025-04-23T13:22:11+00:00","og_image":[{"width":600,"height":600,"url":"https:\/\/xstyle.md\/wp-content\/uploads\/2020\/07\/174-thickbox_1.jpg","type":"image\/jpeg"}],"twitter_card":"summary_large_image","twitter_misc":{"Pre\u021b":"480&nbsp;MDL","Disponibilitate":"\u00cen stoc"},"schema":{"@context":"https:\/\/schema.org","@graph":[{"@type":"WebPage","@id":"https:\/\/xstyle.md\/product\/kovrik-dlja-jogi-bodhy-yoga-asana\/","url":"https:\/\/xstyle.md\/product\/kovrik-dlja-jogi-bodhy-yoga-asana\/","name":"Saltea pentru yoga Bodhy Yoga Asana - Magazin Xstyle","isPartOf":{"@id":"https:\/\/xstyle.md\/#website"},"primaryImageOfPage":{"@id":"https:\/\/xstyle.md\/product\/kovrik-dlja-jogi-bodhy-yoga-asana\/#primaryimage"},"image":{"@id":"https:\/\/xstyle.md\/product\/kovrik-dlja-jogi-bodhy-yoga-asana\/#primaryimage"},"thumbnailUrl":"https:\/\/xstyle.md\/wp-content\/uploads\/2020\/07\/174-thickbox_1.jpg","datePublished":"2020-07-16T18:31:42+00:00","dateModified":"2025-04-23T13:22:11+00:00","description":"Covorul de yoga Bodhi Asana este perfect pentru toate nivelurile de practic\u0103. Este stabil, texturat \u0219i sigur. \u00cencepe\u021bi lec\u021biile de yoga cu confort!","breadcrumb":{"@id":"https:\/\/xstyle.md\/product\/kovrik-dlja-jogi-bodhy-yoga-asana\/#breadcrumb"},"inLanguage":"ro-RO","potentialAction":[{"@type":"ReadAction","target":["https:\/\/xstyle.md\/product\/kovrik-dlja-jogi-bodhy-yoga-asana\/"]}]},{"@type":"ImageObject","inLanguage":"ro-RO","@id":"https:\/\/xstyle.md\/product\/kovrik-dlja-jogi-bodhy-yoga-asana\/#primaryimage","url":"https:\/\/xstyle.md\/wp-content\/uploads\/2020\/07\/174-thickbox_1.jpg","contentUrl":"https:\/\/xstyle.md\/wp-content\/uploads\/2020\/07\/174-thickbox_1.jpg","width":600,"height":600},{"@type":"BreadcrumbList","@id":"https:\/\/xstyle.md\/product\/kovrik-dlja-jogi-bodhy-yoga-asana\/#breadcrumb","itemListElement":[{"@type":"ListItem","position":1,"name":"\u0413\u043b\u0430\u0432\u043d\u0430\u044f \u0441\u0442\u0440\u0430\u043d\u0438\u0446\u0430","item":"https:\/\/xstyle.md\/"},{"@type":"ListItem","position":2,"name":"\u041c\u0430\u0433\u0430\u0437\u0438\u043d","item":"https:\/\/xstyle.md\/shop\/"},{"@type":"ListItem","position":3,"name":"\u041a\u043e\u0432\u0440\u0438\u043a \u0434\u043b\u044f \u0439\u043e\u0433\u0438 Bodhi Asana"}]},{"@type":"WebSite","@id":"https:\/\/xstyle.md\/#website","url":"https:\/\/xstyle.md\/","name":"Magazinul X-Style","description":"Echipamente pentru turism \u0219i sporturi extreme \u00een Moldova. Pre\u021buri, fotografii, caracteristici \u00een Moldova.","publisher":{"@id":"https:\/\/xstyle.md\/#organization"},"alternateName":"X-Style","potentialAction":[{"@type":"SearchAction","target":{"@type":"EntryPoint","urlTemplate":"https:\/\/xstyle.md\/?s={search_term_string}"},"query-input":{"@type":"PropertyValueSpecification","valueRequired":true,"valueName":"search_term_string"}}],"inLanguage":"ro-RO"},{"@type":"Organization","@id":"https:\/\/xstyle.md\/#organization","name":"Magazinul X-Style","alternateName":"x-style","url":"https:\/\/xstyle.md\/","logo":{"@type":"ImageObject","inLanguage":"ro-RO","@id":"https:\/\/xstyle.md\/#\/schema\/logo\/image\/","url":"https:\/\/xstyle.md\/wp-content\/uploads\/2020\/06\/logoicon.svg","contentUrl":"https:\/\/xstyle.md\/wp-content\/uploads\/2020\/06\/logoicon.svg","caption":"\u041c\u0430\u0433\u0430\u0437\u0438\u043d Xstyle"},"image":{"@id":"https:\/\/xstyle.md\/#\/schema\/logo\/image\/"},"sameAs":["https:\/\/www.facebook.com\/xstylemd","https:\/\/www.instagram.com\/xstyle_md\/","https:\/\/t.me\/xstyle_outdoor"],"hasMerchantReturnPolicy":{"@type":"MerchantReturnPolicy","merchantReturnLink":"https:\/\/xstyle.md\/ro\/conditions\/"}}]},"product_price_amount":"480.00","product_price_currency":"MDL","og_availability":"instock","product_availability":"instock","product_retailer_item_id":"4250367903728","product_condition":"new"},"post_mailing_queue_ids":[],"_links":{"self":[{"href":"https:\/\/xstyle.md\/ro\/wp-json\/wp\/v2\/product\/6292","targetHints":{"allow":["GET"]}}],"collection":[{"href":"https:\/\/xstyle.md\/ro\/wp-json\/wp\/v2\/product"}],"about":[{"href":"https:\/\/xstyle.md\/ro\/wp-json\/wp\/v2\/types\/product"}],"replies":[{"embeddable":true,"href":"https:\/\/xstyle.md\/ro\/wp-json\/wp\/v2\/comments?post=6292"}],"wp:featuredmedia":[{"embeddable":true,"href":"https:\/\/xstyle.md\/ro\/wp-json\/wp\/v2\/media\/6285"}],"wp:attachment":[{"href":"https:\/\/xstyle.md\/ro\/wp-json\/wp\/v2\/media?parent=6292"}],"wp:term":[{"taxonomy":"product_brand","embeddable":true,"href":"https:\/\/xstyle.md\/ro\/wp-json\/wp\/v2\/product_brand?post=6292"},{"taxonomy":"product_cat","embeddable":true,"href":"https:\/\/xstyle.md\/ro\/wp-json\/wp\/v2\/product_cat?post=6292"},{"taxonomy":"product_tag","embeddable":true,"href":"https:\/\/xstyle.md\/ro\/wp-json\/wp\/v2\/product_tag?post=6292"}],"curies":[{"name":"wp","href":"https:\/\/api.w.org\/{rel}","templated":true}]}}