{"id":6283,"date":"2020-07-16T21:31:09","date_gmt":"2020-07-16T18:31:09","guid":{"rendered":"https:\/\/xstyle.md\/product\/kovrik-dlja-jogi-bodhy-yoga-rishikesh-premium-60"},"modified":"2024-10-02T21:07:13","modified_gmt":"2024-10-02T18:07:13","slug":"kovrik-dlja-jogi-bodhy-yoga-rishikesh-premium-60","status":"publish","type":"product","link":"https:\/\/xstyle.md\/ro\/produs\/kovrik-dlja-jogi-bodhy-yoga-rishikesh-premium-60\/","title":{"rendered":"Covora\u0219 Yoga Bodhi Rishikesh Premium 60 Red"},"content":{"rendered":"<\/p>\n<p><strong>Saltea yoga Bodhy Yoga Rishikesh Premium 60<\/strong> &#8212; dac\u0103 ave\u021bi nevoie de un covor care s\u0103 fie robust, dar ieftin \u0219i nu greu, atunci Rishikesh este candidatul num\u0103rul unu. Este surprinz\u0103tor de igienic, f\u0103r\u0103 nisip sau resturi care s\u0103 se aga\u021be de el. Este foarte u\u0219or de cur\u0103\u021bat. Acest covora\u0219 nu face dec\u00e2t s\u0103 se \u00eembun\u0103t\u0103\u021beasc\u0103 \u00een timp, devenind mai moale \u0219i mai lipicios.<\/p>\n<p>Suprafe\u021bele sale sunt diferite. Cea inferioar\u0103, care ader\u0103 la podea, este complet neted\u0103 &#8212; acest lucru asigur\u0103 o aderen\u021b\u0103 excelent\u0103. Suprafa\u021ba superioar\u0103 este aspr\u0103, \u00eempiedic\u00e2nd alunecarea palmelor \u0219i a picioarelor. Disponibil \u00een dou\u0103 l\u0103\u021bimi de 60 cm (standard) \u0219i o l\u0103\u021bime suplimentar\u0103 de 80 cm. Aceast\u0103 din urm\u0103 op\u021biune este recomandat\u0103 pentru yoghinii supradimensiona\u021bi sau pur \u0219i simplu pentru cei c\u0103rora le place s\u0103 aib\u0103 mai mult spa\u021biu personal \u00een jurul lor pentru practic\u0103. Material: PVC (policlorur\u0103 de vinil).<\/p>\n<h3>Particularit\u0103\u021bi<\/h3>\n<ul>\n<li>Rezistent la uzur\u0103, este practic imposibil s\u0103 se sterge, chiar \u0219i pentru persoanele cu o greutate mare \u0219i o practic\u0103 intensiv\u0103.<\/li>\n<li>Dens\u0103 \u0219i rezistent\u0103, care ofer\u0103 un confort real \u00een timpul exerci\u021biilor fizice.<\/li>\n<li>Relativ ieftin\u0103, \u00een &#171;media de aur&#187; pentru pre\u021bul analoguri s\u0103i.<\/li>\n<li>Calitate \u00eent\u0103rit\u0103 cu plas\u0103 de capron, care \u00eempiedic\u0103 deformarea \u0219i \u00eentinderea chiar \u0219i \u00een cazul unor pozi\u021bii \u0219i schimb\u0103ri foarte puternice atunci c\u00e2nd se execut\u0103 elemente dinamice de yoga.<\/li>\n<li>Recomandat nu numai pentru yoga, ci \u0219i pentru aerobica \u0219i pilates, unde \u021bine\u021bi adida\u0219ii pe voi.<\/li>\n<li>O pute\u021bi sp\u0103la chiar \u0219i \u00een ma\u0219ina de sp\u0103lat.<\/li>\n<\/ul>\n<h4>\u00cengrijire<\/h4>\n<p>Este foarte u\u0219or de cur\u0103\u021bat &#8212; folosi\u021bi un burete obi\u0219nuit cu s\u0103pun \u0219i ap\u0103 \u0219i va fi o pl\u0103cere s\u0103 \u00eel folosi\u021bi. Se spal\u0103 la ma\u0219in\u0103 la o temperatur\u0103 care nu dep\u0103\u0219e\u0219te 30\u00b0C. Nu \u00eenv\u00e2rti\u021bi \u00een tambur!<\/p>\n<h4>A pastra<\/h4>\n<p>Nu l\u0103sa\u021bi covora\u0219ul \u00een lumina direct\u0103 a soarelui. Dac\u0103 este umed, l\u0103sa\u021bi covora\u0219ul s\u0103 se usuce \u00eenainte de a-l \u00eenf\u0103\u0219ura. Pentru cele mai bune rezultate, p\u0103stra\u021bi covora\u0219ul \u00eentr-o hus\u0103 atunci c\u00e2nd nu este utilizat, deoarece expunerea prelungit\u0103 la aer \u0219i la soare \u00eel poate deteriora.<\/p>\n<h3>Caracteristici<\/h3>\n<ul>\n<li>Dimensiune: 183 x 60 cm<\/li>\n<li>Grosime: 4,5 mm<\/li>\n<li>Greutate: 2,4 kg.<\/li>\n<\/ul>\n<h3>Marca<\/h3>\n<p>Marca Bodhi Yoga apar\u021bine companiei germane Bodynova, specializat\u0103 \u00een produse de yoga. Oamenii care lucreaz\u0103 pentru aceast\u0103 companie \u00een\u021beleg de ce are nevoie un practicant. Sub aceast\u0103 marc\u0103 sunt disponibile peste 20 de tipuri diferite de covora\u0219e, care se adapteaz\u0103 la diferite stiluri de yoga. Covora\u0219ele sunt realizate din materiale diferite pentru a se potrivi utiliz\u0103rii \u00een interior sau \u00een exterior, precum \u0219i preferin\u021belor personale (de exemplu, mai moi sau mai rigide). Cu at\u00e2t de multe op\u021biuni, v\u0103 pute\u021bi g\u0103si covora\u0219ul de yoga perfect pentru a fi ajutorul dumneavoastr\u0103 indispensabil \u00een practic\u0103.<\/p>\n<p><\/p>","protected":false},"excerpt":{"rendered":"<p>Covora\u0219 Yoga Bodhi Rishikesh Premium 60 Red<\/p>","protected":false},"featured_media":6282,"comment_status":"open","ping_status":"closed","template":"","meta":{"_acf_changed":false,"inline_featured_image":false},"product_brand":[1359],"product_cat":[474],"product_tag":[],"class_list":{"0":"post-6283","1":"product","2":"type-product","3":"status-publish","4":"has-post-thumbnail","6":"product_brand-bodhy-yoga","7":"product_cat-yoga-mats","9":"first","10":"instock","11":"shipping-taxable","12":"purchasable","13":"product-type-simple"},"acf":[],"yoast_head":"<!-- This site is optimized with the Yoast SEO plugin v27.2 - https:\/\/yoast.com\/product\/yoast-seo-wordpress\/ -->\n<title>\u041a\u043e\u0432\u0440\u0438\u043a \u0434\u043b\u044f \u0439\u043e\u0433\u0438 Bodhi Rishikesh Premium 60 Red - \u041c\u0430\u0433\u0430\u0437\u0438\u043d Xstyle<\/title>\n<meta name=\"description\" content=\"\u041a\u043e\u0432\u0440\u0438\u043a \u0434\u043b\u044f \u0439\u043e\u0433\u0438 Bodhi Rishikesh Premium 60 Red - \u0438\u0434\u0435\u0430\u043b\u044c\u043d\u044b\u0439 \u0432\u044b\u0431\u043e\u0440 \u0434\u043b\u044f \u0437\u0430\u043d\u044f\u0442\u0438\u0439. \u041f\u0440\u043e\u0447\u043d\u044b\u0439, \u043b\u0435\u0433\u043a\u0438\u0439 \u0432 \u0443\u0445\u043e\u0434\u0435 \u0438 \u0433\u0438\u0433\u0438\u0435\u043d\u0438\u0447\u043d\u044b\u0439. \u041f\u043e\u043a\u0443\u043f\u0430\u0439\u0442\u0435 \u043a\u0430\u0447\u0435\u0441\u0442\u0432\u043e \u043f\u043e \u0434\u043e\u0441\u0442\u0443\u043f\u043d\u043e\u0439 \u0446\u0435\u043d\u0435!\" \/>\n<meta name=\"robots\" content=\"index, follow, max-snippet:-1, max-image-preview:large, max-video-preview:-1\" \/>\n<link rel=\"canonical\" href=\"https:\/\/xstyle.md\/ro\/produs\/kovrik-dlja-jogi-bodhy-yoga-rishikesh-premium-60\/\" \/>\n<meta property=\"og:locale\" content=\"ro_RO\" \/>\n<meta property=\"og:type\" content=\"article\" \/>\n<meta property=\"og:title\" content=\"\u041a\u043e\u0432\u0440\u0438\u043a \u0434\u043b\u044f \u0439\u043e\u0433\u0438 Bodhi Rishikesh Premium 60 Red - \u041c\u0430\u0433\u0430\u0437\u0438\u043d Xstyle\" \/>\n<meta property=\"og:description\" content=\"\u041a\u043e\u0432\u0440\u0438\u043a \u0434\u043b\u044f \u0439\u043e\u0433\u0438 Bodhi Rishikesh Premium 60 Red - \u0438\u0434\u0435\u0430\u043b\u044c\u043d\u044b\u0439 \u0432\u044b\u0431\u043e\u0440 \u0434\u043b\u044f \u0437\u0430\u043d\u044f\u0442\u0438\u0439. \u041f\u0440\u043e\u0447\u043d\u044b\u0439, \u043b\u0435\u0433\u043a\u0438\u0439 \u0432 \u0443\u0445\u043e\u0434\u0435 \u0438 \u0433\u0438\u0433\u0438\u0435\u043d\u0438\u0447\u043d\u044b\u0439. \u041f\u043e\u043a\u0443\u043f\u0430\u0439\u0442\u0435 \u043a\u0430\u0447\u0435\u0441\u0442\u0432\u043e \u043f\u043e \u0434\u043e\u0441\u0442\u0443\u043f\u043d\u043e\u0439 \u0446\u0435\u043d\u0435!\" \/>\n<meta property=\"og:url\" content=\"https:\/\/xstyle.md\/ro\/produs\/kovrik-dlja-jogi-bodhy-yoga-rishikesh-premium-60\/\" \/>\n<meta property=\"og:site_name\" content=\"\u041c\u0430\u0433\u0430\u0437\u0438\u043d Xstyle\" \/>\n<meta property=\"article:publisher\" content=\"https:\/\/www.facebook.com\/xstylemd\" \/>\n<meta property=\"article:modified_time\" content=\"2024-10-02T18:07:13+00:00\" \/>\n<meta property=\"og:image\" content=\"https:\/\/xstyle.md\/wp-content\/uploads\/2020\/07\/157-thickbox_1.jpg\" \/>\n\t<meta property=\"og:image:width\" content=\"472\" \/>\n\t<meta property=\"og:image:height\" content=\"478\" \/>\n\t<meta property=\"og:image:type\" content=\"image\/jpeg\" \/>\n<meta name=\"twitter:card\" content=\"summary_large_image\" \/>\n<meta name=\"twitter:label1\" content=\"Pre\u021b\" \/>\n\t<meta name=\"twitter:data1\" content=\"695&nbsp;MDL\" \/>\n\t<meta name=\"twitter:label2\" content=\"Disponibilitate\" \/>\n\t<meta name=\"twitter:data2\" content=\"\u00cen stoc\" \/>\n<script type=\"application\/ld+json\" class=\"yoast-schema-graph\">{\"@context\":\"https:\/\/schema.org\",\"@graph\":[{\"@type\":\"WebPage\",\"@id\":\"https:\/\/xstyle.md\/product\/kovrik-dlja-jogi-bodhy-yoga-rishikesh-premium-60\/\",\"url\":\"https:\/\/xstyle.md\/product\/kovrik-dlja-jogi-bodhy-yoga-rishikesh-premium-60\/\",\"name\":\"\u041a\u043e\u0432\u0440\u0438\u043a \u0434\u043b\u044f \u0439\u043e\u0433\u0438 Bodhi Rishikesh Premium 60 Red - \u041c\u0430\u0433\u0430\u0437\u0438\u043d Xstyle\",\"isPartOf\":{\"@id\":\"https:\/\/xstyle.md\/#website\"},\"primaryImageOfPage\":{\"@id\":\"https:\/\/xstyle.md\/product\/kovrik-dlja-jogi-bodhy-yoga-rishikesh-premium-60\/#primaryimage\"},\"image\":{\"@id\":\"https:\/\/xstyle.md\/product\/kovrik-dlja-jogi-bodhy-yoga-rishikesh-premium-60\/#primaryimage\"},\"thumbnailUrl\":\"https:\/\/xstyle.md\/wp-content\/uploads\/2020\/07\/157-thickbox_1.jpg\",\"datePublished\":\"2020-07-16T18:31:09+00:00\",\"dateModified\":\"2024-10-02T18:07:13+00:00\",\"description\":\"\u041a\u043e\u0432\u0440\u0438\u043a \u0434\u043b\u044f \u0439\u043e\u0433\u0438 Bodhi Rishikesh Premium 60 Red - \u0438\u0434\u0435\u0430\u043b\u044c\u043d\u044b\u0439 \u0432\u044b\u0431\u043e\u0440 \u0434\u043b\u044f \u0437\u0430\u043d\u044f\u0442\u0438\u0439. \u041f\u0440\u043e\u0447\u043d\u044b\u0439, \u043b\u0435\u0433\u043a\u0438\u0439 \u0432 \u0443\u0445\u043e\u0434\u0435 \u0438 \u0433\u0438\u0433\u0438\u0435\u043d\u0438\u0447\u043d\u044b\u0439. \u041f\u043e\u043a\u0443\u043f\u0430\u0439\u0442\u0435 \u043a\u0430\u0447\u0435\u0441\u0442\u0432\u043e \u043f\u043e \u0434\u043e\u0441\u0442\u0443\u043f\u043d\u043e\u0439 \u0446\u0435\u043d\u0435!\",\"breadcrumb\":{\"@id\":\"https:\/\/xstyle.md\/product\/kovrik-dlja-jogi-bodhy-yoga-rishikesh-premium-60\/#breadcrumb\"},\"inLanguage\":\"ro-RO\",\"potentialAction\":[{\"@type\":\"ReadAction\",\"target\":[\"https:\/\/xstyle.md\/product\/kovrik-dlja-jogi-bodhy-yoga-rishikesh-premium-60\/\"]}]},{\"@type\":\"ImageObject\",\"inLanguage\":\"ro-RO\",\"@id\":\"https:\/\/xstyle.md\/product\/kovrik-dlja-jogi-bodhy-yoga-rishikesh-premium-60\/#primaryimage\",\"url\":\"https:\/\/xstyle.md\/wp-content\/uploads\/2020\/07\/157-thickbox_1.jpg\",\"contentUrl\":\"https:\/\/xstyle.md\/wp-content\/uploads\/2020\/07\/157-thickbox_1.jpg\",\"width\":472,\"height\":478},{\"@type\":\"BreadcrumbList\",\"@id\":\"https:\/\/xstyle.md\/product\/kovrik-dlja-jogi-bodhy-yoga-rishikesh-premium-60\/#breadcrumb\",\"itemListElement\":[{\"@type\":\"ListItem\",\"position\":1,\"name\":\"\u0413\u043b\u0430\u0432\u043d\u0430\u044f \u0441\u0442\u0440\u0430\u043d\u0438\u0446\u0430\",\"item\":\"https:\/\/xstyle.md\/\"},{\"@type\":\"ListItem\",\"position\":2,\"name\":\"\u041c\u0430\u0433\u0430\u0437\u0438\u043d\",\"item\":\"https:\/\/xstyle.md\/shop\/\"},{\"@type\":\"ListItem\",\"position\":3,\"name\":\"\u041a\u043e\u0432\u0440\u0438\u043a \u0434\u043b\u044f \u0439\u043e\u0433\u0438 Bodhi Rishikesh Premium 60 Red\"}]},{\"@type\":\"WebSite\",\"@id\":\"https:\/\/xstyle.md\/#website\",\"url\":\"https:\/\/xstyle.md\/\",\"name\":\"\u041c\u0430\u0433\u0430\u0437\u0438\u043d Xstyle\",\"description\":\"C\u043d\u0430\u0440\u044f\u0436\u0435\u043d\u0438\u0435 \u0434\u043b\u044f \u0442\u0443\u0440\u0438\u0437\u043c\u0430 \u0438 \u044d\u043a\u0441\u0442\u0440\u0435\u043c\u0430\u043b\u044c\u043d\u044b\u0445 \u0432\u0438\u0434\u043e\u0432 \u0441\u043f\u043e\u0440\u0442\u0430 \u0432 \u041c\u043e\u043b\u0434\u043e\u0432\u0435.. \u0426\u0435\u043d\u044b, \u0444\u043e\u0442\u043e, \u0445\u0430\u0440\u0430\u043a\u0442\u0435\u0440\u0438\u0441\u0442\u0438\u043a\u0438 \u0432 \u041c\u043e\u043b\u0434\u043e\u0432\u0435.\",\"publisher\":{\"@id\":\"https:\/\/xstyle.md\/#organization\"},\"alternateName\":\"X-Style\",\"potentialAction\":[{\"@type\":\"SearchAction\",\"target\":{\"@type\":\"EntryPoint\",\"urlTemplate\":\"https:\/\/xstyle.md\/?s={search_term_string}\"},\"query-input\":{\"@type\":\"PropertyValueSpecification\",\"valueRequired\":true,\"valueName\":\"search_term_string\"}}],\"inLanguage\":\"ro-RO\"},{\"@type\":\"Organization\",\"@id\":\"https:\/\/xstyle.md\/#organization\",\"name\":\"\u041c\u0430\u0433\u0430\u0437\u0438\u043d Xstyle\",\"alternateName\":\"x-style\",\"url\":\"https:\/\/xstyle.md\/\",\"logo\":{\"@type\":\"ImageObject\",\"inLanguage\":\"ro-RO\",\"@id\":\"https:\/\/xstyle.md\/#\/schema\/logo\/image\/\",\"url\":\"https:\/\/xstyle.md\/wp-content\/uploads\/2020\/06\/logoicon.svg\",\"contentUrl\":\"https:\/\/xstyle.md\/wp-content\/uploads\/2020\/06\/logoicon.svg\",\"caption\":\"\u041c\u0430\u0433\u0430\u0437\u0438\u043d Xstyle\"},\"image\":{\"@id\":\"https:\/\/xstyle.md\/#\/schema\/logo\/image\/\"},\"sameAs\":[\"https:\/\/www.facebook.com\/xstylemd\",\"https:\/\/www.instagram.com\/xstyle_md\/\",\"https:\/\/t.me\/xstyle_outdoor\"],\"hasMerchantReturnPolicy\":{\"@type\":\"MerchantReturnPolicy\",\"merchantReturnLink\":\"https:\/\/xstyle.md\/ro\/conditions\/\"}}]}<\/script>\n<meta property=\"product:price:amount\" content=\"695.00\" \/>\n<meta property=\"product:price:currency\" content=\"MDL\" \/>\n<meta property=\"og:availability\" content=\"instock\" \/>\n<meta property=\"product:availability\" content=\"instock\" \/>\n<meta property=\"product:retailer_item_id\" content=\"2050000002663\" \/>\n<meta property=\"product:condition\" content=\"new\" \/>\n<!-- \/ Yoast SEO plugin. -->","yoast_head_json":{"title":"Saltea yoga Bodhy Yoga Rishikesh Premium 60 - Magazin Xstyle","description":"Covor pentru yoga Bodhi Rishikesh Premium 60 Ro\u0219u - alegerea ideal\u0103 pentru activit\u0103\u021bi. Durabil, u\u0219or de \u00eentre\u021binut \u0219i igienic. Cump\u0103ra\u021bi calitate la un pre\u021b accesibil!","robots":{"index":"index","follow":"follow","max-snippet":"max-snippet:-1","max-image-preview":"max-image-preview:large","max-video-preview":"max-video-preview:-1"},"canonical":"https:\/\/xstyle.md\/ro\/produs\/kovrik-dlja-jogi-bodhy-yoga-rishikesh-premium-60\/","og_locale":"ro_RO","og_type":"article","og_title":"\u041a\u043e\u0432\u0440\u0438\u043a \u0434\u043b\u044f \u0439\u043e\u0433\u0438 Bodhi Rishikesh Premium 60 Red - \u041c\u0430\u0433\u0430\u0437\u0438\u043d Xstyle","og_description":"\u041a\u043e\u0432\u0440\u0438\u043a \u0434\u043b\u044f \u0439\u043e\u0433\u0438 Bodhi Rishikesh Premium 60 Red - \u0438\u0434\u0435\u0430\u043b\u044c\u043d\u044b\u0439 \u0432\u044b\u0431\u043e\u0440 \u0434\u043b\u044f \u0437\u0430\u043d\u044f\u0442\u0438\u0439. \u041f\u0440\u043e\u0447\u043d\u044b\u0439, \u043b\u0435\u0433\u043a\u0438\u0439 \u0432 \u0443\u0445\u043e\u0434\u0435 \u0438 \u0433\u0438\u0433\u0438\u0435\u043d\u0438\u0447\u043d\u044b\u0439. \u041f\u043e\u043a\u0443\u043f\u0430\u0439\u0442\u0435 \u043a\u0430\u0447\u0435\u0441\u0442\u0432\u043e \u043f\u043e \u0434\u043e\u0441\u0442\u0443\u043f\u043d\u043e\u0439 \u0446\u0435\u043d\u0435!","og_url":"https:\/\/xstyle.md\/ro\/produs\/kovrik-dlja-jogi-bodhy-yoga-rishikesh-premium-60\/","og_site_name":"\u041c\u0430\u0433\u0430\u0437\u0438\u043d Xstyle","article_publisher":"https:\/\/www.facebook.com\/xstylemd","article_modified_time":"2024-10-02T18:07:13+00:00","og_image":[{"width":472,"height":478,"url":"https:\/\/xstyle.md\/wp-content\/uploads\/2020\/07\/157-thickbox_1.jpg","type":"image\/jpeg"}],"twitter_card":"summary_large_image","twitter_misc":{"Pre\u021b":"695&nbsp;MDL","Disponibilitate":"\u00cen stoc"},"schema":{"@context":"https:\/\/schema.org","@graph":[{"@type":"WebPage","@id":"https:\/\/xstyle.md\/product\/kovrik-dlja-jogi-bodhy-yoga-rishikesh-premium-60\/","url":"https:\/\/xstyle.md\/product\/kovrik-dlja-jogi-bodhy-yoga-rishikesh-premium-60\/","name":"Saltea yoga Bodhy Yoga Rishikesh Premium 60 - Magazin Xstyle","isPartOf":{"@id":"https:\/\/xstyle.md\/#website"},"primaryImageOfPage":{"@id":"https:\/\/xstyle.md\/product\/kovrik-dlja-jogi-bodhy-yoga-rishikesh-premium-60\/#primaryimage"},"image":{"@id":"https:\/\/xstyle.md\/product\/kovrik-dlja-jogi-bodhy-yoga-rishikesh-premium-60\/#primaryimage"},"thumbnailUrl":"https:\/\/xstyle.md\/wp-content\/uploads\/2020\/07\/157-thickbox_1.jpg","datePublished":"2020-07-16T18:31:09+00:00","dateModified":"2024-10-02T18:07:13+00:00","description":"Covor pentru yoga Bodhi Rishikesh Premium 60 Ro\u0219u - alegerea ideal\u0103 pentru activit\u0103\u021bi. Durabil, u\u0219or de \u00eentre\u021binut \u0219i igienic. Cump\u0103ra\u021bi calitate la un pre\u021b accesibil!","breadcrumb":{"@id":"https:\/\/xstyle.md\/product\/kovrik-dlja-jogi-bodhy-yoga-rishikesh-premium-60\/#breadcrumb"},"inLanguage":"ro-RO","potentialAction":[{"@type":"ReadAction","target":["https:\/\/xstyle.md\/product\/kovrik-dlja-jogi-bodhy-yoga-rishikesh-premium-60\/"]}]},{"@type":"ImageObject","inLanguage":"ro-RO","@id":"https:\/\/xstyle.md\/product\/kovrik-dlja-jogi-bodhy-yoga-rishikesh-premium-60\/#primaryimage","url":"https:\/\/xstyle.md\/wp-content\/uploads\/2020\/07\/157-thickbox_1.jpg","contentUrl":"https:\/\/xstyle.md\/wp-content\/uploads\/2020\/07\/157-thickbox_1.jpg","width":472,"height":478},{"@type":"BreadcrumbList","@id":"https:\/\/xstyle.md\/product\/kovrik-dlja-jogi-bodhy-yoga-rishikesh-premium-60\/#breadcrumb","itemListElement":[{"@type":"ListItem","position":1,"name":"\u0413\u043b\u0430\u0432\u043d\u0430\u044f \u0441\u0442\u0440\u0430\u043d\u0438\u0446\u0430","item":"https:\/\/xstyle.md\/"},{"@type":"ListItem","position":2,"name":"\u041c\u0430\u0433\u0430\u0437\u0438\u043d","item":"https:\/\/xstyle.md\/shop\/"},{"@type":"ListItem","position":3,"name":"\u041a\u043e\u0432\u0440\u0438\u043a \u0434\u043b\u044f \u0439\u043e\u0433\u0438 Bodhi Rishikesh Premium 60 Red"}]},{"@type":"WebSite","@id":"https:\/\/xstyle.md\/#website","url":"https:\/\/xstyle.md\/","name":"Magazinul X-Style","description":"Echipamente pentru turism \u0219i sporturi extreme \u00een Moldova. Pre\u021buri, fotografii, caracteristici \u00een Moldova.","publisher":{"@id":"https:\/\/xstyle.md\/#organization"},"alternateName":"X-Style","potentialAction":[{"@type":"SearchAction","target":{"@type":"EntryPoint","urlTemplate":"https:\/\/xstyle.md\/?s={search_term_string}"},"query-input":{"@type":"PropertyValueSpecification","valueRequired":true,"valueName":"search_term_string"}}],"inLanguage":"ro-RO"},{"@type":"Organization","@id":"https:\/\/xstyle.md\/#organization","name":"Magazinul X-Style","alternateName":"x-style","url":"https:\/\/xstyle.md\/","logo":{"@type":"ImageObject","inLanguage":"ro-RO","@id":"https:\/\/xstyle.md\/#\/schema\/logo\/image\/","url":"https:\/\/xstyle.md\/wp-content\/uploads\/2020\/06\/logoicon.svg","contentUrl":"https:\/\/xstyle.md\/wp-content\/uploads\/2020\/06\/logoicon.svg","caption":"\u041c\u0430\u0433\u0430\u0437\u0438\u043d Xstyle"},"image":{"@id":"https:\/\/xstyle.md\/#\/schema\/logo\/image\/"},"sameAs":["https:\/\/www.facebook.com\/xstylemd","https:\/\/www.instagram.com\/xstyle_md\/","https:\/\/t.me\/xstyle_outdoor"],"hasMerchantReturnPolicy":{"@type":"MerchantReturnPolicy","merchantReturnLink":"https:\/\/xstyle.md\/ro\/conditions\/"}}]},"product_price_amount":"695.00","product_price_currency":"MDL","og_availability":"instock","product_availability":"instock","product_retailer_item_id":"2050000002663","product_condition":"new"},"post_mailing_queue_ids":[],"_links":{"self":[{"href":"https:\/\/xstyle.md\/ro\/wp-json\/wp\/v2\/product\/6283","targetHints":{"allow":["GET"]}}],"collection":[{"href":"https:\/\/xstyle.md\/ro\/wp-json\/wp\/v2\/product"}],"about":[{"href":"https:\/\/xstyle.md\/ro\/wp-json\/wp\/v2\/types\/product"}],"replies":[{"embeddable":true,"href":"https:\/\/xstyle.md\/ro\/wp-json\/wp\/v2\/comments?post=6283"}],"wp:featuredmedia":[{"embeddable":true,"href":"https:\/\/xstyle.md\/ro\/wp-json\/wp\/v2\/media\/6282"}],"wp:attachment":[{"href":"https:\/\/xstyle.md\/ro\/wp-json\/wp\/v2\/media?parent=6283"}],"wp:term":[{"taxonomy":"product_brand","embeddable":true,"href":"https:\/\/xstyle.md\/ro\/wp-json\/wp\/v2\/product_brand?post=6283"},{"taxonomy":"product_cat","embeddable":true,"href":"https:\/\/xstyle.md\/ro\/wp-json\/wp\/v2\/product_cat?post=6283"},{"taxonomy":"product_tag","embeddable":true,"href":"https:\/\/xstyle.md\/ro\/wp-json\/wp\/v2\/product_tag?post=6283"}],"curies":[{"name":"wp","href":"https:\/\/api.w.org\/{rel}","templated":true}]}}