{"id":62737,"date":"2023-01-10T19:54:04","date_gmt":"2023-01-10T16:54:04","guid":{"rendered":"https:\/\/xstyle.md\/?post_type=product&#038;p=62737"},"modified":"2026-03-04T12:30:16","modified_gmt":"2026-03-04T09:30:16","slug":"kurtka-rossignol-girl-fonction-jr-powder-pink","status":"publish","type":"product","link":"https:\/\/xstyle.md\/ro\/produs\/kurtka-rossignol-girl-fonction-jr-powder-pink\/","title":{"rendered":"Geac\u0103 Rossignol Girl Fonction JR powder pink"},"content":{"rendered":"<p><\/p>\n<p><strong>Rossignol Girl Fonction JR<\/strong> \u2013 geaca de schi pentru fete care men\u021bine c\u0103ldura \u0219i confortul uscat \u00een orice condi\u021bii meteorologice. Umplutura sintetic\u0103 dens\u0103 ofer\u0103 un plus de c\u0103ldur\u0103, \u00een timp ce membrana impermeabil\u0103 protejeaz\u0103 \u00eempotriva frigului \u0219i a umidit\u0103\u021bii. Gluga izolat\u0103 \u0219i man\u0219etele reglabile ajut\u0103 la re\u021binerea c\u0103ldurii. Detaliile concepute special pentru schiori includ buzunare mari, u\u0219or accesibile, o fust\u0103 de z\u0103pad\u0103 integrat\u0103 \u0219i un compartiment special pentru ski-pass.<\/p>\n<h3>Particularit\u0103\u021bi<\/h3>\n<ul>\n<li>Croial\u0103 mulat\u0103 (Slim Fit), inspirat\u0103 din stilul sportiv de schi.<\/li>\n<li>Toate cus\u0103turile sunt termosudate (lipite) pentru o protec\u021bie maxim\u0103 \u00eempotriva v\u00e2ntului, z\u0103pezii \u0219i ploii.<\/li>\n<li>Man\u0219ete reglabile cu band\u0103 velcro (arici).Dou\u0103 buzunare laterale pentru m\u00e2ini, prev\u0103zute cu fermoar.<\/li>\n<li>Buzunar special pentru ski-pass.<\/li>\n<li>Fust\u0103 de z\u0103pad\u0103 integrat\u0103 (pentru a preveni p\u0103trunderea z\u0103pezii).<\/li>\n<\/ul>\n<h3>Caracteristici<\/h3>\n<ul>\n<li>Material &#8212; 100% Poliester<\/li>\n<li>Izola\u021bie termic\u0103 &#8212; 160g corp \/ 100g<\/li>\n<li>Impermeabilitate &#8212; 20.000 mm<\/li>\n<li>Respirabilitate &#8212; 15.000 g\/m\u00b2\/24h<\/li>\n<li>Model &#8212; Copii<\/li>\n<\/ul>\n<h3>Tehnologie<\/h3>\n<p><strong>DWR (Durable Water Repellent)<\/strong> \u2013 este un strat protector aplicat la suprafa\u021ba materialului care \u00eembun\u0103t\u0103\u021be\u0219te propriet\u0103\u021bile func\u021bionale ale hainei. Acesta rezist\u0103 p\u00e2n\u0103 la 10 cicluri de sp\u0103lare \u0219i poate fi re\u00eennoit u\u0219or cu spray-uri specializate (ex. Toko Textile Proof). Varianta DWR C6 este mai prietenoas\u0103 cu mediul \u00eenconjur\u0103tor.<br \/>\n<\/p>\n<h3>Marca<\/h3>\n<p>\u00cen urm\u0103 cu mai bine de 100 de ani, mai precis \u00een 1907, \u00een ora\u0219ul Voiron, nu departe de Grenoble (Fran\u021ba), t\u00e2mplarul Abel Rossignol a creat o mic\u0103 firm\u0103 specializat\u0103 \u00een produc\u021bia de produse din lemn pentru industria textil\u0103. Deja \u00een acel moment, Abel Rossignol se g\u00e2ndea cum s\u0103 \u00eenfiin\u021beze produc\u021bia propriilor schiuri din lemn. Patru ani mai t\u00e2rziu, prima pereche de schiuri a v\u0103zut lumina.<\/p>\n<p>Deja \u00een 1911, dup\u0103 o expedi\u021bie \u00een Scandinavia, a fost creat un departament la firma care se ocupa exclusiv de schi. Ast\u0103zi, Rossignol combin\u0103 mai multe m\u0103rci: Rossignol, Dynastar, Lange \u0219i Risport \u0219i ofer\u0103 o gam\u0103 complet\u0103 de echipamente pentru sporturile de iarn\u0103 - totul pentru cei care iubesc sportul.<\/p>","protected":false},"excerpt":{"rendered":"<p>\u0411\u0440\u0435\u043d\u0434 \u0411\u043e\u043b\u0435\u0435 100 \u043b\u0435\u0442 \u043d\u0430\u0437\u0430\u0434, \u0430 \u0442\u043e\u0447\u043d\u0435\u0435 \u0432 1907-\u043c \u0433\u043e\u0434\u0443 \u0432 \u043c\u0435\u0441\u0442\u0435\u0447\u043a\u0435 \u0412\u0443\u0430\u0440\u043e\u043d, \u043d\u0435\u0434\u0430\u043b\u0435\u043a\u043e \u043e\u0442 \u0413\u0440\u0435\u043d\u043e\u0431\u043b\u044f (\u0424\u0440\u0430\u043d\u0446\u0438\u044f) \u043f\u043b\u043e\u0442\u043d\u0438\u043a \u0410\u0431\u0435\u043b\u044c \u0420\u043e\u0441\u0441\u0438\u043d\u044c\u043e\u043b\u044c \u0441\u043e\u0437\u0434\u0430\u043b \u043d\u0435\u0431\u043e\u043b\u044c\u0448\u0443\u044e \u0444\u0438\u0440\u043c\u0443, \u043a\u043e\u0442\u043e\u0440\u0430\u044f \u0441\u043f\u0435\u0446\u0438\u0430\u043b\u0438\u0437\u0438\u0440\u043e\u0432\u0430\u043b\u0430\u0441\u044c \u043d\u0430 \u0432\u044b\u043f\u0443\u0441\u043a\u0435 \u0434\u0435\u0440\u0435\u0432\u044f\u043d\u043d\u044b\u0445 \u0438\u0437\u0434\u0435\u043b\u0438\u0439 \u0434\u043b\u044f \u0442\u0435\u043a\u0441\u0442\u0438\u043b\u044c\u043d\u043e\u0439 \u043f\u0440\u043e\u043c\u044b\u0448\u043b\u0435\u043d\u043d\u043e\u0441\u0442\u0438. \u0423\u0436\u0435 \u0432 \u0442\u043e \u0432\u0440\u0435\u043c\u044f \u0410\u0431\u0435\u043b\u044c \u0420\u043e\u0441\u0441\u0438\u043d\u044c\u043e\u043b\u044c \u0437\u0430\u0434\u0443\u043c\u044b\u0432\u0430\u043b\u0441\u044f \u043e \u0442\u043e\u043c, \u043a\u0430\u043a \u043d\u0430\u043b\u0430\u0434\u0438\u0442\u044c \u043f\u0440\u043e\u0438\u0437\u0432\u043e\u0434\u0441\u0442\u0432\u043e \u0441\u043e\u0431\u0441\u0442\u0432\u0435\u043d\u043d\u044b\u0445 \u0434\u0435\u0440\u0435\u0432\u044f\u043d\u043d\u044b\u0445 \u043b\u044b\u0436. \u0421\u043f\u0443\u0441\u0442\u044f \u0447\u0435\u0442\u044b\u0440\u0435 \u0433\u043e\u0434\u0430 \u043f\u0435\u0440\u0432\u0430\u044f \u043f\u0430\u0440\u0430 \u043b\u044b\u0436 \u0443\u0432\u0438\u0434\u0435\u043b\u0430 \u0441\u0432\u0435\u0442. [&hellip;]<\/p>\n","protected":false},"featured_media":64694,"comment_status":"open","ping_status":"closed","template":"","meta":{"_acf_changed":false,"inline_featured_image":false},"product_brand":[1320],"product_cat":[308],"product_tag":[],"class_list":{"0":"post-62737","1":"product","2":"type-product","3":"status-publish","4":"has-post-thumbnail","6":"product_brand-rossignol","7":"product_cat-kid-jackets","9":"first","10":"instock","11":"shipping-taxable","12":"purchasable","13":"product-type-simple"},"acf":[],"yoast_head":"<!-- This site is optimized with the Yoast SEO plugin v27.4 - https:\/\/yoast.com\/product\/yoast-seo-wordpress\/ -->\n<title>\u041a\u0443\u0440\u0442\u043a\u0430 Rossignol Girl Fonction JR powder pink - \u041c\u0430\u0433\u0430\u0437\u0438\u043d Xstyle<\/title>\n<meta name=\"description\" content=\"\u041a\u0443\u0440\u0442\u043a\u0430 Rossignol Girl Fonction JR \u0432 \u0446\u0432\u0435\u0442\u0435 \u043f\u0443\u0434\u0440\u043e\u0432\u044b\u0439 \u0440\u043e\u0437\u043e\u0432\u044b\u0439 \u0441 100% \u0443\u0442\u0435\u043f\u043b\u0435\u043d\u0438\u0435\u043c, \u043d\u0430\u0434\u0435\u0436\u043d\u043e\u0439 \u0432\u043e\u0434\u043e\u043e\u0442\u0442\u0430\u043b\u043a\u0438\u0432\u0430\u044e\u0449\u0435\u0439 \u0437\u0430\u0449\u0438\u0442\u043e\u0439 \u0438 \u0441\u0442\u0438\u043b\u044c\u043d\u044b\u043c \u0434\u0438\u0437\u0430\u0439\u043d\u043e\u043c \u0434\u043b\u044f \u044e\u043d\u044b\u0445 \u0441\u043f\u043e\u0440\u0442\u0441\u043c\u0435\u043d\u043e\u043a.\" \/>\n<meta name=\"robots\" content=\"index, follow, max-snippet:-1, max-image-preview:large, max-video-preview:-1\" \/>\n<link rel=\"canonical\" href=\"https:\/\/xstyle.md\/ro\/produs\/kurtka-rossignol-girl-fonction-jr-powder-pink\/\" \/>\n<meta property=\"og:locale\" content=\"ro_RO\" \/>\n<meta property=\"og:type\" content=\"article\" \/>\n<meta property=\"og:title\" content=\"\u041a\u0443\u0440\u0442\u043a\u0430 Rossignol Girl Fonction JR powder pink - \u041c\u0430\u0433\u0430\u0437\u0438\u043d Xstyle\" \/>\n<meta property=\"og:description\" content=\"\u041a\u0443\u0440\u0442\u043a\u0430 Rossignol Girl Fonction JR \u0432 \u0446\u0432\u0435\u0442\u0435 \u043f\u0443\u0434\u0440\u043e\u0432\u044b\u0439 \u0440\u043e\u0437\u043e\u0432\u044b\u0439 \u0441 100% \u0443\u0442\u0435\u043f\u043b\u0435\u043d\u0438\u0435\u043c, \u043d\u0430\u0434\u0435\u0436\u043d\u043e\u0439 \u0432\u043e\u0434\u043e\u043e\u0442\u0442\u0430\u043b\u043a\u0438\u0432\u0430\u044e\u0449\u0435\u0439 \u0437\u0430\u0449\u0438\u0442\u043e\u0439 \u0438 \u0441\u0442\u0438\u043b\u044c\u043d\u044b\u043c \u0434\u0438\u0437\u0430\u0439\u043d\u043e\u043c \u0434\u043b\u044f \u044e\u043d\u044b\u0445 \u0441\u043f\u043e\u0440\u0442\u0441\u043c\u0435\u043d\u043e\u043a.\" \/>\n<meta property=\"og:url\" content=\"https:\/\/xstyle.md\/ro\/produs\/kurtka-rossignol-girl-fonction-jr-powder-pink\/\" \/>\n<meta property=\"og:site_name\" content=\"\u041c\u0430\u0433\u0430\u0437\u0438\u043d Xstyle\" \/>\n<meta property=\"article:publisher\" content=\"https:\/\/www.facebook.com\/xstylemd\" \/>\n<meta property=\"article:modified_time\" content=\"2026-03-04T09:30:16+00:00\" \/>\n<meta property=\"og:image\" content=\"https:\/\/xstyle.md\/wp-content\/uploads\/2023\/01\/rossignol-girl-fonction-jr-powder-pink.jpg\" \/>\n\t<meta property=\"og:image:width\" content=\"1000\" \/>\n\t<meta property=\"og:image:height\" content=\"1000\" \/>\n\t<meta property=\"og:image:type\" content=\"image\/jpeg\" \/>\n<meta name=\"twitter:card\" content=\"summary_large_image\" \/>\n<meta name=\"twitter:label1\" content=\"Pre\u021b\" \/>\n\t<meta name=\"twitter:data1\" content=\"3.190&nbsp;MDL\" \/>\n\t<meta name=\"twitter:label2\" content=\"Disponibilitate\" \/>\n\t<meta name=\"twitter:data2\" content=\"\u00cen stoc\" \/>\n<script type=\"application\/ld+json\" class=\"yoast-schema-graph\">{\"@context\":\"https:\\\/\\\/schema.org\",\"@graph\":[{\"@type\":\"WebPage\",\"@id\":\"https:\\\/\\\/xstyle.md\\\/product\\\/kurtka-rossignol-girl-fonction-jr-powder-pink\\\/\",\"url\":\"https:\\\/\\\/xstyle.md\\\/product\\\/kurtka-rossignol-girl-fonction-jr-powder-pink\\\/\",\"name\":\"\u041a\u0443\u0440\u0442\u043a\u0430 Rossignol Girl Fonction JR powder pink - \u041c\u0430\u0433\u0430\u0437\u0438\u043d Xstyle\",\"isPartOf\":{\"@id\":\"https:\\\/\\\/xstyle.md\\\/#website\"},\"primaryImageOfPage\":{\"@id\":\"https:\\\/\\\/xstyle.md\\\/product\\\/kurtka-rossignol-girl-fonction-jr-powder-pink\\\/#primaryimage\"},\"image\":{\"@id\":\"https:\\\/\\\/xstyle.md\\\/product\\\/kurtka-rossignol-girl-fonction-jr-powder-pink\\\/#primaryimage\"},\"thumbnailUrl\":\"https:\\\/\\\/xstyle.md\\\/wp-content\\\/uploads\\\/2023\\\/01\\\/rossignol-girl-fonction-jr-powder-pink.jpg\",\"datePublished\":\"2023-01-10T16:54:04+00:00\",\"dateModified\":\"2026-03-04T09:30:16+00:00\",\"description\":\"\u041a\u0443\u0440\u0442\u043a\u0430 Rossignol Girl Fonction JR \u0432 \u0446\u0432\u0435\u0442\u0435 \u043f\u0443\u0434\u0440\u043e\u0432\u044b\u0439 \u0440\u043e\u0437\u043e\u0432\u044b\u0439 \u0441 100% \u0443\u0442\u0435\u043f\u043b\u0435\u043d\u0438\u0435\u043c, \u043d\u0430\u0434\u0435\u0436\u043d\u043e\u0439 \u0432\u043e\u0434\u043e\u043e\u0442\u0442\u0430\u043b\u043a\u0438\u0432\u0430\u044e\u0449\u0435\u0439 \u0437\u0430\u0449\u0438\u0442\u043e\u0439 \u0438 \u0441\u0442\u0438\u043b\u044c\u043d\u044b\u043c \u0434\u0438\u0437\u0430\u0439\u043d\u043e\u043c \u0434\u043b\u044f \u044e\u043d\u044b\u0445 \u0441\u043f\u043e\u0440\u0442\u0441\u043c\u0435\u043d\u043e\u043a.\",\"breadcrumb\":{\"@id\":\"https:\\\/\\\/xstyle.md\\\/product\\\/kurtka-rossignol-girl-fonction-jr-powder-pink\\\/#breadcrumb\"},\"inLanguage\":\"ro-RO\",\"potentialAction\":[{\"@type\":\"ReadAction\",\"target\":[\"https:\\\/\\\/xstyle.md\\\/product\\\/kurtka-rossignol-girl-fonction-jr-powder-pink\\\/\"]}]},{\"@type\":\"ImageObject\",\"inLanguage\":\"ro-RO\",\"@id\":\"https:\\\/\\\/xstyle.md\\\/product\\\/kurtka-rossignol-girl-fonction-jr-powder-pink\\\/#primaryimage\",\"url\":\"https:\\\/\\\/xstyle.md\\\/wp-content\\\/uploads\\\/2023\\\/01\\\/rossignol-girl-fonction-jr-powder-pink.jpg\",\"contentUrl\":\"https:\\\/\\\/xstyle.md\\\/wp-content\\\/uploads\\\/2023\\\/01\\\/rossignol-girl-fonction-jr-powder-pink.jpg\",\"width\":1000,\"height\":1000,\"caption\":\"\u0414\u0435\u0442\u0441\u043a\u0430\u044f \u043a\u0443\u0440\u0442\u043a\u0430 Rossignol Girl Fonction JR \u0432\u7c89\u043d\u043e-\u0440\u043e\u0437\u043e\u0432\u043e\u043c \u0446\u0432\u0435\u0442\u0435 \u0434\u043b\u044f \u0430\u043a\u0442\u0438\u0432\u043d\u043e\u0433\u043e \u043e\u0442\u0434\u044b\u0445\u0430, \u043f\u043e\u0445\u043e\u0434\u043e\u0432 \u0438 \u043f\u0443\u0442\u0435\u0448\u0435\u0441\u0442\u0432\u0438\u0439 \u043d\u0430 \u043e\u043d\u043b\u0430\u0439\u043d \u043c\u0430\u0433\u0430\u0437\u0438\u043d\u0435 \u0441\u043f\u043e\u0440\u0442\u0438\u0432\u043d\u043e\u0439 \u043e\u0434\u0435\u0436\u0434\u044b \u0438 \u043e\u0431\u0443\u0432\u0438\"},{\"@type\":\"BreadcrumbList\",\"@id\":\"https:\\\/\\\/xstyle.md\\\/product\\\/kurtka-rossignol-girl-fonction-jr-powder-pink\\\/#breadcrumb\",\"itemListElement\":[{\"@type\":\"ListItem\",\"position\":1,\"name\":\"\u0413\u043b\u0430\u0432\u043d\u0430\u044f \u0441\u0442\u0440\u0430\u043d\u0438\u0446\u0430\",\"item\":\"https:\\\/\\\/xstyle.md\\\/\"},{\"@type\":\"ListItem\",\"position\":2,\"name\":\"\u041c\u0430\u0433\u0430\u0437\u0438\u043d\",\"item\":\"https:\\\/\\\/xstyle.md\\\/shop\\\/\"},{\"@type\":\"ListItem\",\"position\":3,\"name\":\"\u041a\u0443\u0440\u0442\u043a\u0430 Rossignol Girl Fonction JR powder pink\"}]},{\"@type\":\"WebSite\",\"@id\":\"https:\\\/\\\/xstyle.md\\\/#website\",\"url\":\"https:\\\/\\\/xstyle.md\\\/\",\"name\":\"\u041c\u0430\u0433\u0430\u0437\u0438\u043d Xstyle\",\"description\":\"C\u043d\u0430\u0440\u044f\u0436\u0435\u043d\u0438\u0435 \u0434\u043b\u044f \u0442\u0443\u0440\u0438\u0437\u043c\u0430 \u0438 \u044d\u043a\u0441\u0442\u0440\u0435\u043c\u0430\u043b\u044c\u043d\u044b\u0445 \u0432\u0438\u0434\u043e\u0432 \u0441\u043f\u043e\u0440\u0442\u0430 \u0432 \u041c\u043e\u043b\u0434\u043e\u0432\u0435.. \u0426\u0435\u043d\u044b, \u0444\u043e\u0442\u043e, \u0445\u0430\u0440\u0430\u043a\u0442\u0435\u0440\u0438\u0441\u0442\u0438\u043a\u0438 \u0432 \u041c\u043e\u043b\u0434\u043e\u0432\u0435.\",\"publisher\":{\"@id\":\"https:\\\/\\\/xstyle.md\\\/#organization\"},\"alternateName\":\"X-Style\",\"potentialAction\":[{\"@type\":\"SearchAction\",\"target\":{\"@type\":\"EntryPoint\",\"urlTemplate\":\"https:\\\/\\\/xstyle.md\\\/?s={search_term_string}\"},\"query-input\":{\"@type\":\"PropertyValueSpecification\",\"valueRequired\":true,\"valueName\":\"search_term_string\"}}],\"inLanguage\":\"ro-RO\"},{\"@type\":\"Organization\",\"@id\":\"https:\\\/\\\/xstyle.md\\\/#organization\",\"name\":\"\u041c\u0430\u0433\u0430\u0437\u0438\u043d Xstyle\",\"alternateName\":\"x-style\",\"url\":\"https:\\\/\\\/xstyle.md\\\/\",\"logo\":{\"@type\":\"ImageObject\",\"inLanguage\":\"ro-RO\",\"@id\":\"https:\\\/\\\/xstyle.md\\\/#\\\/schema\\\/logo\\\/image\\\/\",\"url\":\"https:\\\/\\\/xstyle.md\\\/wp-content\\\/uploads\\\/2020\\\/06\\\/logoicon.svg\",\"contentUrl\":\"https:\\\/\\\/xstyle.md\\\/wp-content\\\/uploads\\\/2020\\\/06\\\/logoicon.svg\",\"caption\":\"\u041c\u0430\u0433\u0430\u0437\u0438\u043d Xstyle\"},\"image\":{\"@id\":\"https:\\\/\\\/xstyle.md\\\/#\\\/schema\\\/logo\\\/image\\\/\"},\"sameAs\":[\"https:\\\/\\\/www.facebook.com\\\/xstylemd\",\"https:\\\/\\\/www.instagram.com\\\/xstyle_md\\\/\",\"https:\\\/\\\/t.me\\\/xstyle_outdoor\"],\"hasMerchantReturnPolicy\":{\"@type\":\"MerchantReturnPolicy\",\"merchantReturnLink\":\"https:\\\/\\\/xstyle.md\\\/ro\\\/conditions\\\/\"}}]}<\/script>\n<meta property=\"product:price:amount\" content=\"3190.00\" \/>\n<meta property=\"product:price:currency\" content=\"MDL\" \/>\n<meta property=\"og:availability\" content=\"instock\" \/>\n<meta property=\"product:availability\" content=\"instock\" \/>\n<meta property=\"product:retailer_item_id\" content=\"3607684075712\" \/>\n<meta property=\"product:condition\" content=\"new\" \/>\n<!-- \/ Yoast SEO plugin. -->","yoast_head_json":{"title":"Jacheta Rossignol Girl Fonction JR roz pudr\u0103 - Magazin Xstyle","description":"Jacketa Rossignol Girl Fonction JR \u00een culoarea roz pudr\u0103 cu 100% izola\u021bie, protec\u021bie fiabil\u0103 \u00eempotriva apei \u0219i un design elegant pentru tinerile sportive.","robots":{"index":"index","follow":"follow","max-snippet":"max-snippet:-1","max-image-preview":"max-image-preview:large","max-video-preview":"max-video-preview:-1"},"canonical":"https:\/\/xstyle.md\/ro\/produs\/kurtka-rossignol-girl-fonction-jr-powder-pink\/","og_locale":"ro_RO","og_type":"article","og_title":"\u041a\u0443\u0440\u0442\u043a\u0430 Rossignol Girl Fonction JR powder pink - \u041c\u0430\u0433\u0430\u0437\u0438\u043d Xstyle","og_description":"\u041a\u0443\u0440\u0442\u043a\u0430 Rossignol Girl Fonction JR \u0432 \u0446\u0432\u0435\u0442\u0435 \u043f\u0443\u0434\u0440\u043e\u0432\u044b\u0439 \u0440\u043e\u0437\u043e\u0432\u044b\u0439 \u0441 100% \u0443\u0442\u0435\u043f\u043b\u0435\u043d\u0438\u0435\u043c, \u043d\u0430\u0434\u0435\u0436\u043d\u043e\u0439 \u0432\u043e\u0434\u043e\u043e\u0442\u0442\u0430\u043b\u043a\u0438\u0432\u0430\u044e\u0449\u0435\u0439 \u0437\u0430\u0449\u0438\u0442\u043e\u0439 \u0438 \u0441\u0442\u0438\u043b\u044c\u043d\u044b\u043c \u0434\u0438\u0437\u0430\u0439\u043d\u043e\u043c \u0434\u043b\u044f \u044e\u043d\u044b\u0445 \u0441\u043f\u043e\u0440\u0442\u0441\u043c\u0435\u043d\u043e\u043a.","og_url":"https:\/\/xstyle.md\/ro\/produs\/kurtka-rossignol-girl-fonction-jr-powder-pink\/","og_site_name":"\u041c\u0430\u0433\u0430\u0437\u0438\u043d Xstyle","article_publisher":"https:\/\/www.facebook.com\/xstylemd","article_modified_time":"2026-03-04T09:30:16+00:00","og_image":[{"width":1000,"height":1000,"url":"https:\/\/xstyle.md\/wp-content\/uploads\/2023\/01\/rossignol-girl-fonction-jr-powder-pink.jpg","type":"image\/jpeg"}],"twitter_card":"summary_large_image","twitter_misc":{"Pre\u021b":"3.190&nbsp;MDL","Disponibilitate":"\u00cen stoc"},"schema":{"@context":"https:\/\/schema.org","@graph":[{"@type":"WebPage","@id":"https:\/\/xstyle.md\/product\/kurtka-rossignol-girl-fonction-jr-powder-pink\/","url":"https:\/\/xstyle.md\/product\/kurtka-rossignol-girl-fonction-jr-powder-pink\/","name":"Jacheta Rossignol Girl Fonction JR roz pudr\u0103 - Magazin Xstyle","isPartOf":{"@id":"https:\/\/xstyle.md\/#website"},"primaryImageOfPage":{"@id":"https:\/\/xstyle.md\/product\/kurtka-rossignol-girl-fonction-jr-powder-pink\/#primaryimage"},"image":{"@id":"https:\/\/xstyle.md\/product\/kurtka-rossignol-girl-fonction-jr-powder-pink\/#primaryimage"},"thumbnailUrl":"https:\/\/xstyle.md\/wp-content\/uploads\/2023\/01\/rossignol-girl-fonction-jr-powder-pink.jpg","datePublished":"2023-01-10T16:54:04+00:00","dateModified":"2026-03-04T09:30:16+00:00","description":"Jacketa Rossignol Girl Fonction JR \u00een culoarea roz pudr\u0103 cu 100% izola\u021bie, protec\u021bie fiabil\u0103 \u00eempotriva apei \u0219i un design elegant pentru tinerile sportive.","breadcrumb":{"@id":"https:\/\/xstyle.md\/product\/kurtka-rossignol-girl-fonction-jr-powder-pink\/#breadcrumb"},"inLanguage":"ro-RO","potentialAction":[{"@type":"ReadAction","target":["https:\/\/xstyle.md\/product\/kurtka-rossignol-girl-fonction-jr-powder-pink\/"]}]},{"@type":"ImageObject","inLanguage":"ro-RO","@id":"https:\/\/xstyle.md\/product\/kurtka-rossignol-girl-fonction-jr-powder-pink\/#primaryimage","url":"https:\/\/xstyle.md\/wp-content\/uploads\/2023\/01\/rossignol-girl-fonction-jr-powder-pink.jpg","contentUrl":"https:\/\/xstyle.md\/wp-content\/uploads\/2023\/01\/rossignol-girl-fonction-jr-powder-pink.jpg","width":1000,"height":1000,"caption":"\u0414\u0435\u0442\u0441\u043a\u0430\u044f \u043a\u0443\u0440\u0442\u043a\u0430 Rossignol Girl Fonction JR \u0432\u7c89\u043d\u043e-\u0440\u043e\u0437\u043e\u0432\u043e\u043c \u0446\u0432\u0435\u0442\u0435 \u0434\u043b\u044f \u0430\u043a\u0442\u0438\u0432\u043d\u043e\u0433\u043e \u043e\u0442\u0434\u044b\u0445\u0430, \u043f\u043e\u0445\u043e\u0434\u043e\u0432 \u0438 \u043f\u0443\u0442\u0435\u0448\u0435\u0441\u0442\u0432\u0438\u0439 \u043d\u0430 \u043e\u043d\u043b\u0430\u0439\u043d \u043c\u0430\u0433\u0430\u0437\u0438\u043d\u0435 \u0441\u043f\u043e\u0440\u0442\u0438\u0432\u043d\u043e\u0439 \u043e\u0434\u0435\u0436\u0434\u044b \u0438 \u043e\u0431\u0443\u0432\u0438"},{"@type":"BreadcrumbList","@id":"https:\/\/xstyle.md\/product\/kurtka-rossignol-girl-fonction-jr-powder-pink\/#breadcrumb","itemListElement":[{"@type":"ListItem","position":1,"name":"\u0413\u043b\u0430\u0432\u043d\u0430\u044f \u0441\u0442\u0440\u0430\u043d\u0438\u0446\u0430","item":"https:\/\/xstyle.md\/"},{"@type":"ListItem","position":2,"name":"\u041c\u0430\u0433\u0430\u0437\u0438\u043d","item":"https:\/\/xstyle.md\/shop\/"},{"@type":"ListItem","position":3,"name":"\u041a\u0443\u0440\u0442\u043a\u0430 Rossignol Girl Fonction JR powder pink"}]},{"@type":"WebSite","@id":"https:\/\/xstyle.md\/#website","url":"https:\/\/xstyle.md\/","name":"Magazinul X-Style","description":"Echipamente pentru turism \u0219i sporturi extreme \u00een Moldova. Pre\u021buri, fotografii, caracteristici \u00een Moldova.","publisher":{"@id":"https:\/\/xstyle.md\/#organization"},"alternateName":"X-Style","potentialAction":[{"@type":"SearchAction","target":{"@type":"EntryPoint","urlTemplate":"https:\/\/xstyle.md\/?s={search_term_string}"},"query-input":{"@type":"PropertyValueSpecification","valueRequired":true,"valueName":"search_term_string"}}],"inLanguage":"ro-RO"},{"@type":"Organization","@id":"https:\/\/xstyle.md\/#organization","name":"Magazinul X-Style","alternateName":"x-style","url":"https:\/\/xstyle.md\/","logo":{"@type":"ImageObject","inLanguage":"ro-RO","@id":"https:\/\/xstyle.md\/#\/schema\/logo\/image\/","url":"https:\/\/xstyle.md\/wp-content\/uploads\/2020\/06\/logoicon.svg","contentUrl":"https:\/\/xstyle.md\/wp-content\/uploads\/2020\/06\/logoicon.svg","caption":"\u041c\u0430\u0433\u0430\u0437\u0438\u043d Xstyle"},"image":{"@id":"https:\/\/xstyle.md\/#\/schema\/logo\/image\/"},"sameAs":["https:\/\/www.facebook.com\/xstylemd","https:\/\/www.instagram.com\/xstyle_md\/","https:\/\/t.me\/xstyle_outdoor"],"hasMerchantReturnPolicy":{"@type":"MerchantReturnPolicy","merchantReturnLink":"https:\/\/xstyle.md\/ro\/conditions\/"}}]},"product_price_amount":"3190.00","product_price_currency":"MDL","og_availability":"instock","product_availability":"instock","product_retailer_item_id":"3607684075712","product_condition":"new"},"post_mailing_queue_ids":[],"_links":{"self":[{"href":"https:\/\/xstyle.md\/ro\/wp-json\/wp\/v2\/product\/62737","targetHints":{"allow":["GET"]}}],"collection":[{"href":"https:\/\/xstyle.md\/ro\/wp-json\/wp\/v2\/product"}],"about":[{"href":"https:\/\/xstyle.md\/ro\/wp-json\/wp\/v2\/types\/product"}],"replies":[{"embeddable":true,"href":"https:\/\/xstyle.md\/ro\/wp-json\/wp\/v2\/comments?post=62737"}],"wp:featuredmedia":[{"embeddable":true,"href":"https:\/\/xstyle.md\/ro\/wp-json\/wp\/v2\/media\/64694"}],"wp:attachment":[{"href":"https:\/\/xstyle.md\/ro\/wp-json\/wp\/v2\/media?parent=62737"}],"wp:term":[{"taxonomy":"product_brand","embeddable":true,"href":"https:\/\/xstyle.md\/ro\/wp-json\/wp\/v2\/product_brand?post=62737"},{"taxonomy":"product_cat","embeddable":true,"href":"https:\/\/xstyle.md\/ro\/wp-json\/wp\/v2\/product_cat?post=62737"},{"taxonomy":"product_tag","embeddable":true,"href":"https:\/\/xstyle.md\/ro\/wp-json\/wp\/v2\/product_tag?post=62737"}],"curies":[{"name":"wp","href":"https:\/\/api.w.org\/{rel}","templated":true}]}}