{"id":62722,"date":"2023-01-10T19:54:02","date_gmt":"2023-01-10T16:54:02","guid":{"rendered":"https:\/\/xstyle.md\/?post_type=product&#038;p=62722"},"modified":"2026-03-19T16:51:44","modified_gmt":"2026-03-19T13:51:44","slug":"shtany-rossignol-rapide-mns-blue","status":"publish","type":"product","link":"https:\/\/xstyle.md\/ro\/produs\/shtany-rossignol-rapide-mns-blue\/","title":{"rendered":"Pantaloni schi Rossignol Rapide Mns blue"},"content":{"rendered":"<\/p>\n<p><strong>Rossignol Rapide<\/strong> &#8212; pantaloni de schi cu o membran\u0103 impermeabil\u0103 \u0219i respirabil\u0103 care protejeaz\u0103 \u00eempotriva intemperiilor \u0219i asigur\u0103 confort chiar \u0219i \u00een condi\u021bii de ploaie \u0219i z\u0103pad\u0103 abundent\u0103. Izola\u021bia u\u0219oar\u0103 Primaloft\u00ae\u00a0ECO asigur\u0103 un plus de c\u0103ldur\u0103. Ghetrele \u00eencorporate protejeaz\u0103 \u00eempotriva z\u0103pezii, iar \u00eent\u0103riturile de la man\u0219etele picioarelor previn sf\u0103r\u00e2marea marginilor. Talia reglabil\u0103 v\u0103 permite s\u0103 adapta\u021bi talia la straturile dumneavoastr\u0103.<\/p>\n<h3>Particularit\u0103\u021bi<\/h3>\n<ul>\n<li>T\u0103ietur\u0103 dreapt\u0103 pentru o gam\u0103 larg\u0103 de mi\u0219care<\/li>\n<li>Impregnare hidrofug\u0103 DWR<\/li>\n<li>Talia este reglabil\u0103 cu Velcro \u0219i are bucle pentru centur\u0103<\/li>\n<li>Dou\u0103 buzunare cu fermoar<\/li>\n<li>Cus\u0103turi sigilate prin lipire.<\/li>\n<\/ul>\n<h3>Caracteristici<\/h3>\n<ul>\n<li>Material &#8212; 100% poliester<\/li>\n<li>Permeabilitate la aer &#8212; 20 000 g \/ m\u00b2 \/ 24h<\/li>\n<li>Rezisten\u021ba la ap\u0103 &#8212; 20 000 mm<\/li>\n<li>Model - b\u0103rba\u021bi.<\/li>\n<\/ul>\n<h3>Tehnologie<\/h3>\n<ul>\n<li><strong>Primaloft<\/strong>\u00ae <strong>ECO<\/strong> \u2013 este un material sintetic cu propriet\u0103\u021bi de izolare termic\u0103 ridicate. Studiile de laborator au demonstrat c\u0103 PrimaLoft are aceea\u0219i fine\u021be ca \u0219i puful de g\u00e2sc\u0103, fiind mult mai moale dec\u00e2t alte materiale izolatoare similare. Datorit\u0103 acestei caracteristici, articolele de \u00eembr\u0103c\u0103minte se a\u0219az\u0103 perfect pe corp. Eticheta Eco indic\u0103 faptul c\u0103 izola\u021bia este fabricat\u0103 din materii prime reciclate.<\/li>\n<li><strong>DWR<\/strong> (Durable Water Repellent) &#8212; este o impregnare de material hidrofug de suprafa\u021b\u0103 care \u00eembun\u0103t\u0103\u021be\u0219te propriet\u0103\u021bile func\u021bionale ale \u00eembr\u0103c\u0103mintei. Impregnarea \u00ee\u0219i p\u0103streaz\u0103 propriet\u0103\u021bile p\u00e2n\u0103 la 10 cicluri de sp\u0103lare \u0219i, \u00een acela\u0219i timp, poate fi re\u00eennoit\u0103 cu u\u0219urin\u021b\u0103 cu ajutorul unor produse pe baz\u0103 de spray disponibile \u00een mod obi\u0219nuit (de exemplu, Toko Textile Proof). Impregnarea DWR C6 este mai prietenoas\u0103 cu mediul.<\/li>\n<\/ul>\n<h3>Marca<\/h3>\n<p>\u00cen urm\u0103 cu mai bine de 100 de ani, \u00een 1907, \u00een Voiron, l\u00e2ng\u0103 Grenoble (Fran\u021ba), t\u00e2mplarul Abel Rossignol a creat o mic\u0103 companie specializat\u0103 \u00een produc\u021bia de produse din lemn pentru industria textil\u0103. \u00cenc\u0103 de pe atunci, Abel Rossignol se g\u00e2ndea deja cum s\u0103 produc\u0103 propriile schiuri din lemn. Patru ani mai t\u00e2rziu, prima pereche de schiuri a v\u0103zut lumina zilei.<\/p>\n<p>\u00cenc\u0103 din 1911, dup\u0103 o expedi\u021bie \u00een Scandinavia, compania a creat un departament dedicat exclusiv schiurilor. Ast\u0103zi, Rossignol combin\u0103 mai multe m\u0103rci: Rossignol, Dynastar, Lange \u0219i Risport, \u0219i ofer\u0103 o gam\u0103 complet\u0103 de echipamente pentru sporturi de iarn\u0103 &#8212; toate pentru oamenii \u00eendr\u0103gosti\u021bi de sport.<\/p>\n<p><\/p>","protected":false},"excerpt":{"rendered":"","protected":false},"featured_media":63812,"comment_status":"open","ping_status":"closed","template":"","meta":{"_acf_changed":false,"inline_featured_image":false},"product_brand":[1320],"product_cat":[248],"product_tag":[],"class_list":{"0":"post-62722","1":"product","2":"type-product","3":"status-publish","4":"has-post-thumbnail","6":"product_brand-rossignol","7":"product_cat-pantaloni-de-schi-barbati","9":"first","10":"instock","11":"shipping-taxable","12":"purchasable","13":"product-type-simple"},"acf":[],"yoast_head":"<!-- This site is optimized with the Yoast SEO plugin v27.2 - https:\/\/yoast.com\/product\/yoast-seo-wordpress\/ -->\n<title>\u0413\u043e\u0440\u043d\u043e\u043b\u044b\u0436\u043d\u044b\u0435 \u0448\u0442\u0430\u043d\u044b Rossignol Rapide Mns blue - \u041c\u0430\u0433\u0430\u0437\u0438\u043d Xstyle<\/title>\n<meta name=\"description\" content=\"\u0428\u0442\u0430\u043d\u044b Rossignol Rapide Mns blue - \u0438\u0434\u0435\u0430\u043b\u044c\u043d\u044b \u0434\u043b\u044f \u0433\u043e\u0440\u043d\u043e\u043b\u044b\u0436\u043d\u043e\u0433\u043e \u043e\u0442\u0434\u044b\u0445\u0430. \u0412\u043e\u0434\u043e\u043d\u0435\u043f\u0440\u043e\u043d\u0438\u0446\u0430\u0435\u043c\u0430\u044f \u043c\u0435\u043c\u0431\u0440\u0430\u043d\u0430, \u043b\u0435\u0433\u043a\u0430\u044f \u0438\u0437\u043e\u043b\u044f\u0446\u0438\u044f \u0438 \u043a\u043e\u043c\u0444\u043e\u0440\u0442 \u0434\u0430\u0436\u0435 \u0432 \u0441\u0438\u043b\u044c\u043d\u044b\u0439 \u0434\u043e\u0436\u0434\u044c \u0438 \u0441\u043d\u0435\u0433.\" \/>\n<meta name=\"robots\" content=\"index, follow, max-snippet:-1, max-image-preview:large, max-video-preview:-1\" \/>\n<link rel=\"canonical\" href=\"https:\/\/xstyle.md\/ro\/produs\/shtany-rossignol-rapide-mns-blue\/\" \/>\n<meta property=\"og:locale\" content=\"ro_RO\" \/>\n<meta property=\"og:type\" content=\"article\" \/>\n<meta property=\"og:title\" content=\"\u0413\u043e\u0440\u043d\u043e\u043b\u044b\u0436\u043d\u044b\u0435 \u0448\u0442\u0430\u043d\u044b Rossignol Rapide Mns blue - \u041c\u0430\u0433\u0430\u0437\u0438\u043d Xstyle\" \/>\n<meta property=\"og:description\" content=\"\u0428\u0442\u0430\u043d\u044b Rossignol Rapide Mns blue - \u0438\u0434\u0435\u0430\u043b\u044c\u043d\u044b \u0434\u043b\u044f \u0433\u043e\u0440\u043d\u043e\u043b\u044b\u0436\u043d\u043e\u0433\u043e \u043e\u0442\u0434\u044b\u0445\u0430. \u0412\u043e\u0434\u043e\u043d\u0435\u043f\u0440\u043e\u043d\u0438\u0446\u0430\u0435\u043c\u0430\u044f \u043c\u0435\u043c\u0431\u0440\u0430\u043d\u0430, \u043b\u0435\u0433\u043a\u0430\u044f \u0438\u0437\u043e\u043b\u044f\u0446\u0438\u044f \u0438 \u043a\u043e\u043c\u0444\u043e\u0440\u0442 \u0434\u0430\u0436\u0435 \u0432 \u0441\u0438\u043b\u044c\u043d\u044b\u0439 \u0434\u043e\u0436\u0434\u044c \u0438 \u0441\u043d\u0435\u0433.\" \/>\n<meta property=\"og:url\" content=\"https:\/\/xstyle.md\/ro\/produs\/shtany-rossignol-rapide-mns-blue\/\" \/>\n<meta property=\"og:site_name\" content=\"\u041c\u0430\u0433\u0430\u0437\u0438\u043d Xstyle\" \/>\n<meta property=\"article:publisher\" content=\"https:\/\/www.facebook.com\/xstylemd\" \/>\n<meta property=\"article:modified_time\" content=\"2026-03-19T13:51:44+00:00\" \/>\n<meta property=\"og:image\" content=\"https:\/\/xstyle.md\/wp-content\/uploads\/2023\/01\/rossignol-rapide-mns-blue.jpg\" \/>\n\t<meta property=\"og:image:width\" content=\"1012\" \/>\n\t<meta property=\"og:image:height\" content=\"935\" \/>\n\t<meta property=\"og:image:type\" content=\"image\/jpeg\" \/>\n<meta name=\"twitter:card\" content=\"summary_large_image\" \/>\n<meta name=\"twitter:label1\" content=\"Pre\u021b\" \/>\n\t<meta name=\"twitter:data1\" content=\"3.190&nbsp;MDL\" \/>\n\t<meta name=\"twitter:label2\" content=\"Disponibilitate\" \/>\n\t<meta name=\"twitter:data2\" content=\"\u00cen stoc\" \/>\n<script type=\"application\/ld+json\" class=\"yoast-schema-graph\">{\"@context\":\"https:\/\/schema.org\",\"@graph\":[{\"@type\":\"WebPage\",\"@id\":\"https:\/\/xstyle.md\/product\/shtany-rossignol-rapide-mns-blue\/\",\"url\":\"https:\/\/xstyle.md\/product\/shtany-rossignol-rapide-mns-blue\/\",\"name\":\"\u0413\u043e\u0440\u043d\u043e\u043b\u044b\u0436\u043d\u044b\u0435 \u0448\u0442\u0430\u043d\u044b Rossignol Rapide Mns blue - \u041c\u0430\u0433\u0430\u0437\u0438\u043d Xstyle\",\"isPartOf\":{\"@id\":\"https:\/\/xstyle.md\/#website\"},\"primaryImageOfPage\":{\"@id\":\"https:\/\/xstyle.md\/product\/shtany-rossignol-rapide-mns-blue\/#primaryimage\"},\"image\":{\"@id\":\"https:\/\/xstyle.md\/product\/shtany-rossignol-rapide-mns-blue\/#primaryimage\"},\"thumbnailUrl\":\"https:\/\/xstyle.md\/wp-content\/uploads\/2023\/01\/rossignol-rapide-mns-blue.jpg\",\"datePublished\":\"2023-01-10T16:54:02+00:00\",\"dateModified\":\"2026-03-19T13:51:44+00:00\",\"description\":\"\u0428\u0442\u0430\u043d\u044b Rossignol Rapide Mns blue - \u0438\u0434\u0435\u0430\u043b\u044c\u043d\u044b \u0434\u043b\u044f \u0433\u043e\u0440\u043d\u043e\u043b\u044b\u0436\u043d\u043e\u0433\u043e \u043e\u0442\u0434\u044b\u0445\u0430. \u0412\u043e\u0434\u043e\u043d\u0435\u043f\u0440\u043e\u043d\u0438\u0446\u0430\u0435\u043c\u0430\u044f \u043c\u0435\u043c\u0431\u0440\u0430\u043d\u0430, \u043b\u0435\u0433\u043a\u0430\u044f \u0438\u0437\u043e\u043b\u044f\u0446\u0438\u044f \u0438 \u043a\u043e\u043c\u0444\u043e\u0440\u0442 \u0434\u0430\u0436\u0435 \u0432 \u0441\u0438\u043b\u044c\u043d\u044b\u0439 \u0434\u043e\u0436\u0434\u044c \u0438 \u0441\u043d\u0435\u0433.\",\"breadcrumb\":{\"@id\":\"https:\/\/xstyle.md\/product\/shtany-rossignol-rapide-mns-blue\/#breadcrumb\"},\"inLanguage\":\"ro-RO\",\"potentialAction\":[{\"@type\":\"ReadAction\",\"target\":[\"https:\/\/xstyle.md\/product\/shtany-rossignol-rapide-mns-blue\/\"]}]},{\"@type\":\"ImageObject\",\"inLanguage\":\"ro-RO\",\"@id\":\"https:\/\/xstyle.md\/product\/shtany-rossignol-rapide-mns-blue\/#primaryimage\",\"url\":\"https:\/\/xstyle.md\/wp-content\/uploads\/2023\/01\/rossignol-rapide-mns-blue.jpg\",\"contentUrl\":\"https:\/\/xstyle.md\/wp-content\/uploads\/2023\/01\/rossignol-rapide-mns-blue.jpg\",\"width\":1012,\"height\":935,\"caption\":\"\u0422\u0440\u0435\u043d\u0434\u043e\u0432\u044b\u0435 \u0441\u0438\u043d\u0438\u0435 \u0448\u0442\u0430\u043d\u044b Rossignol Rapide Mns \u0434\u043b\u044f \u0430\u043a\u0442\u0438\u0432\u043d\u043e\u0433\u043e \u043e\u0442\u0434\u044b\u0445\u0430, \u043f\u043e\u0445\u043e\u0434\u043e\u0432 \u0438 \u043f\u0443\u0442\u0435\u0448\u0435\u0441\u0442\u0432\u0438\u0439, \u0441\u043f\u043e\u0440\u0442\u0438\u0432\u043d\u0430\u044f \u043e\u0434\u0435\u0436\u0434\u0430 \u0434\u043b\u044f \u0442\u0443\u0440\u0438\u0437\u043c\u0430 \u0438 \u0430\u043b\u044c\u043f\u0438\u043d\u0438\u0437\u043c\u0430 \u0432 \u043e\u043d\u043b\u0430\u0439\u043d \u043c\u0430\u0433\u0430\u0437\u0438\u043d\u0435\"},{\"@type\":\"BreadcrumbList\",\"@id\":\"https:\/\/xstyle.md\/product\/shtany-rossignol-rapide-mns-blue\/#breadcrumb\",\"itemListElement\":[{\"@type\":\"ListItem\",\"position\":1,\"name\":\"\u0413\u043b\u0430\u0432\u043d\u0430\u044f \u0441\u0442\u0440\u0430\u043d\u0438\u0446\u0430\",\"item\":\"https:\/\/xstyle.md\/\"},{\"@type\":\"ListItem\",\"position\":2,\"name\":\"\u041c\u0430\u0433\u0430\u0437\u0438\u043d\",\"item\":\"https:\/\/xstyle.md\/shop\/\"},{\"@type\":\"ListItem\",\"position\":3,\"name\":\"\u0413\u043e\u0440\u043d\u043e\u043b\u044b\u0436\u043d\u044b\u0435 \u0448\u0442\u0430\u043d\u044b Rossignol Rapide Mns blue\"}]},{\"@type\":\"WebSite\",\"@id\":\"https:\/\/xstyle.md\/#website\",\"url\":\"https:\/\/xstyle.md\/\",\"name\":\"\u041c\u0430\u0433\u0430\u0437\u0438\u043d Xstyle\",\"description\":\"C\u043d\u0430\u0440\u044f\u0436\u0435\u043d\u0438\u0435 \u0434\u043b\u044f \u0442\u0443\u0440\u0438\u0437\u043c\u0430 \u0438 \u044d\u043a\u0441\u0442\u0440\u0435\u043c\u0430\u043b\u044c\u043d\u044b\u0445 \u0432\u0438\u0434\u043e\u0432 \u0441\u043f\u043e\u0440\u0442\u0430 \u0432 \u041c\u043e\u043b\u0434\u043e\u0432\u0435.. \u0426\u0435\u043d\u044b, \u0444\u043e\u0442\u043e, \u0445\u0430\u0440\u0430\u043a\u0442\u0435\u0440\u0438\u0441\u0442\u0438\u043a\u0438 \u0432 \u041c\u043e\u043b\u0434\u043e\u0432\u0435.\",\"publisher\":{\"@id\":\"https:\/\/xstyle.md\/#organization\"},\"alternateName\":\"X-Style\",\"potentialAction\":[{\"@type\":\"SearchAction\",\"target\":{\"@type\":\"EntryPoint\",\"urlTemplate\":\"https:\/\/xstyle.md\/?s={search_term_string}\"},\"query-input\":{\"@type\":\"PropertyValueSpecification\",\"valueRequired\":true,\"valueName\":\"search_term_string\"}}],\"inLanguage\":\"ro-RO\"},{\"@type\":\"Organization\",\"@id\":\"https:\/\/xstyle.md\/#organization\",\"name\":\"\u041c\u0430\u0433\u0430\u0437\u0438\u043d Xstyle\",\"alternateName\":\"x-style\",\"url\":\"https:\/\/xstyle.md\/\",\"logo\":{\"@type\":\"ImageObject\",\"inLanguage\":\"ro-RO\",\"@id\":\"https:\/\/xstyle.md\/#\/schema\/logo\/image\/\",\"url\":\"https:\/\/xstyle.md\/wp-content\/uploads\/2020\/06\/logoicon.svg\",\"contentUrl\":\"https:\/\/xstyle.md\/wp-content\/uploads\/2020\/06\/logoicon.svg\",\"caption\":\"\u041c\u0430\u0433\u0430\u0437\u0438\u043d Xstyle\"},\"image\":{\"@id\":\"https:\/\/xstyle.md\/#\/schema\/logo\/image\/\"},\"sameAs\":[\"https:\/\/www.facebook.com\/xstylemd\",\"https:\/\/www.instagram.com\/xstyle_md\/\",\"https:\/\/t.me\/xstyle_outdoor\"],\"hasMerchantReturnPolicy\":{\"@type\":\"MerchantReturnPolicy\",\"merchantReturnLink\":\"https:\/\/xstyle.md\/ro\/conditions\/\"}}]}<\/script>\n<meta property=\"product:price:amount\" content=\"3190.00\" \/>\n<meta property=\"product:price:currency\" content=\"MDL\" \/>\n<meta property=\"og:availability\" content=\"instock\" \/>\n<meta property=\"product:availability\" content=\"instock\" \/>\n<meta property=\"product:retailer_item_id\" content=\"3607683789436\" \/>\n<meta property=\"product:condition\" content=\"new\" \/>\n<!-- \/ Yoast SEO plugin. -->","yoast_head_json":{"title":"\u0413\u043e\u0440\u043d\u043e\u043b\u044b\u0436\u043d\u044b\u0435 \u0448\u0442\u0430\u043d\u044b Rossignol Rapide Mns blue - \u041c\u0430\u0433\u0430\u0437\u0438\u043d Xstyle","description":"Pantalonii Rossignol Rapide Mns blue sunt ideali pentru vacan\u021ba de schi. Membran\u0103 impermeabil\u0103, izola\u021bie u\u0219oar\u0103 \u0219i confort chiar \u0219i \u00een ploaie puternic\u0103 \u0219i ninsoare.","robots":{"index":"index","follow":"follow","max-snippet":"max-snippet:-1","max-image-preview":"max-image-preview:large","max-video-preview":"max-video-preview:-1"},"canonical":"https:\/\/xstyle.md\/ro\/produs\/shtany-rossignol-rapide-mns-blue\/","og_locale":"ro_RO","og_type":"article","og_title":"\u0413\u043e\u0440\u043d\u043e\u043b\u044b\u0436\u043d\u044b\u0435 \u0448\u0442\u0430\u043d\u044b Rossignol Rapide Mns blue - \u041c\u0430\u0433\u0430\u0437\u0438\u043d Xstyle","og_description":"\u0428\u0442\u0430\u043d\u044b Rossignol Rapide Mns blue - \u0438\u0434\u0435\u0430\u043b\u044c\u043d\u044b \u0434\u043b\u044f \u0433\u043e\u0440\u043d\u043e\u043b\u044b\u0436\u043d\u043e\u0433\u043e \u043e\u0442\u0434\u044b\u0445\u0430. \u0412\u043e\u0434\u043e\u043d\u0435\u043f\u0440\u043e\u043d\u0438\u0446\u0430\u0435\u043c\u0430\u044f \u043c\u0435\u043c\u0431\u0440\u0430\u043d\u0430, \u043b\u0435\u0433\u043a\u0430\u044f \u0438\u0437\u043e\u043b\u044f\u0446\u0438\u044f \u0438 \u043a\u043e\u043c\u0444\u043e\u0440\u0442 \u0434\u0430\u0436\u0435 \u0432 \u0441\u0438\u043b\u044c\u043d\u044b\u0439 \u0434\u043e\u0436\u0434\u044c \u0438 \u0441\u043d\u0435\u0433.","og_url":"https:\/\/xstyle.md\/ro\/produs\/shtany-rossignol-rapide-mns-blue\/","og_site_name":"\u041c\u0430\u0433\u0430\u0437\u0438\u043d Xstyle","article_publisher":"https:\/\/www.facebook.com\/xstylemd","article_modified_time":"2026-03-19T13:51:44+00:00","og_image":[{"width":1012,"height":935,"url":"https:\/\/xstyle.md\/wp-content\/uploads\/2023\/01\/rossignol-rapide-mns-blue.jpg","type":"image\/jpeg"}],"twitter_card":"summary_large_image","twitter_misc":{"Pre\u021b":"3.190&nbsp;MDL","Disponibilitate":"\u00cen stoc"},"schema":{"@context":"https:\/\/schema.org","@graph":[{"@type":"WebPage","@id":"https:\/\/xstyle.md\/product\/shtany-rossignol-rapide-mns-blue\/","url":"https:\/\/xstyle.md\/product\/shtany-rossignol-rapide-mns-blue\/","name":"\u0413\u043e\u0440\u043d\u043e\u043b\u044b\u0436\u043d\u044b\u0435 \u0448\u0442\u0430\u043d\u044b Rossignol Rapide Mns blue - \u041c\u0430\u0433\u0430\u0437\u0438\u043d Xstyle","isPartOf":{"@id":"https:\/\/xstyle.md\/#website"},"primaryImageOfPage":{"@id":"https:\/\/xstyle.md\/product\/shtany-rossignol-rapide-mns-blue\/#primaryimage"},"image":{"@id":"https:\/\/xstyle.md\/product\/shtany-rossignol-rapide-mns-blue\/#primaryimage"},"thumbnailUrl":"https:\/\/xstyle.md\/wp-content\/uploads\/2023\/01\/rossignol-rapide-mns-blue.jpg","datePublished":"2023-01-10T16:54:02+00:00","dateModified":"2026-03-19T13:51:44+00:00","description":"Pantalonii Rossignol Rapide Mns blue sunt ideali pentru vacan\u021ba de schi. Membran\u0103 impermeabil\u0103, izola\u021bie u\u0219oar\u0103 \u0219i confort chiar \u0219i \u00een ploaie puternic\u0103 \u0219i ninsoare.","breadcrumb":{"@id":"https:\/\/xstyle.md\/product\/shtany-rossignol-rapide-mns-blue\/#breadcrumb"},"inLanguage":"ro-RO","potentialAction":[{"@type":"ReadAction","target":["https:\/\/xstyle.md\/product\/shtany-rossignol-rapide-mns-blue\/"]}]},{"@type":"ImageObject","inLanguage":"ro-RO","@id":"https:\/\/xstyle.md\/product\/shtany-rossignol-rapide-mns-blue\/#primaryimage","url":"https:\/\/xstyle.md\/wp-content\/uploads\/2023\/01\/rossignol-rapide-mns-blue.jpg","contentUrl":"https:\/\/xstyle.md\/wp-content\/uploads\/2023\/01\/rossignol-rapide-mns-blue.jpg","width":1012,"height":935,"caption":"\u0422\u0440\u0435\u043d\u0434\u043e\u0432\u044b\u0435 \u0441\u0438\u043d\u0438\u0435 \u0448\u0442\u0430\u043d\u044b Rossignol Rapide Mns \u0434\u043b\u044f \u0430\u043a\u0442\u0438\u0432\u043d\u043e\u0433\u043e \u043e\u0442\u0434\u044b\u0445\u0430, \u043f\u043e\u0445\u043e\u0434\u043e\u0432 \u0438 \u043f\u0443\u0442\u0435\u0448\u0435\u0441\u0442\u0432\u0438\u0439, \u0441\u043f\u043e\u0440\u0442\u0438\u0432\u043d\u0430\u044f \u043e\u0434\u0435\u0436\u0434\u0430 \u0434\u043b\u044f \u0442\u0443\u0440\u0438\u0437\u043c\u0430 \u0438 \u0430\u043b\u044c\u043f\u0438\u043d\u0438\u0437\u043c\u0430 \u0432 \u043e\u043d\u043b\u0430\u0439\u043d \u043c\u0430\u0433\u0430\u0437\u0438\u043d\u0435"},{"@type":"BreadcrumbList","@id":"https:\/\/xstyle.md\/product\/shtany-rossignol-rapide-mns-blue\/#breadcrumb","itemListElement":[{"@type":"ListItem","position":1,"name":"\u0413\u043b\u0430\u0432\u043d\u0430\u044f \u0441\u0442\u0440\u0430\u043d\u0438\u0446\u0430","item":"https:\/\/xstyle.md\/"},{"@type":"ListItem","position":2,"name":"\u041c\u0430\u0433\u0430\u0437\u0438\u043d","item":"https:\/\/xstyle.md\/shop\/"},{"@type":"ListItem","position":3,"name":"\u0413\u043e\u0440\u043d\u043e\u043b\u044b\u0436\u043d\u044b\u0435 \u0448\u0442\u0430\u043d\u044b Rossignol Rapide Mns blue"}]},{"@type":"WebSite","@id":"https:\/\/xstyle.md\/#website","url":"https:\/\/xstyle.md\/","name":"Magazinul X-Style","description":"Echipamente pentru turism \u0219i sporturi extreme \u00een Moldova. Pre\u021buri, fotografii, caracteristici \u00een Moldova.","publisher":{"@id":"https:\/\/xstyle.md\/#organization"},"alternateName":"X-Style","potentialAction":[{"@type":"SearchAction","target":{"@type":"EntryPoint","urlTemplate":"https:\/\/xstyle.md\/?s={search_term_string}"},"query-input":{"@type":"PropertyValueSpecification","valueRequired":true,"valueName":"search_term_string"}}],"inLanguage":"ro-RO"},{"@type":"Organization","@id":"https:\/\/xstyle.md\/#organization","name":"Magazinul X-Style","alternateName":"x-style","url":"https:\/\/xstyle.md\/","logo":{"@type":"ImageObject","inLanguage":"ro-RO","@id":"https:\/\/xstyle.md\/#\/schema\/logo\/image\/","url":"https:\/\/xstyle.md\/wp-content\/uploads\/2020\/06\/logoicon.svg","contentUrl":"https:\/\/xstyle.md\/wp-content\/uploads\/2020\/06\/logoicon.svg","caption":"\u041c\u0430\u0433\u0430\u0437\u0438\u043d Xstyle"},"image":{"@id":"https:\/\/xstyle.md\/#\/schema\/logo\/image\/"},"sameAs":["https:\/\/www.facebook.com\/xstylemd","https:\/\/www.instagram.com\/xstyle_md\/","https:\/\/t.me\/xstyle_outdoor"],"hasMerchantReturnPolicy":{"@type":"MerchantReturnPolicy","merchantReturnLink":"https:\/\/xstyle.md\/ro\/conditions\/"}}]},"product_price_amount":"3190.00","product_price_currency":"MDL","og_availability":"instock","product_availability":"instock","product_retailer_item_id":"3607683789436","product_condition":"new"},"post_mailing_queue_ids":[],"_links":{"self":[{"href":"https:\/\/xstyle.md\/ro\/wp-json\/wp\/v2\/product\/62722","targetHints":{"allow":["GET"]}}],"collection":[{"href":"https:\/\/xstyle.md\/ro\/wp-json\/wp\/v2\/product"}],"about":[{"href":"https:\/\/xstyle.md\/ro\/wp-json\/wp\/v2\/types\/product"}],"replies":[{"embeddable":true,"href":"https:\/\/xstyle.md\/ro\/wp-json\/wp\/v2\/comments?post=62722"}],"wp:featuredmedia":[{"embeddable":true,"href":"https:\/\/xstyle.md\/ro\/wp-json\/wp\/v2\/media\/63812"}],"wp:attachment":[{"href":"https:\/\/xstyle.md\/ro\/wp-json\/wp\/v2\/media?parent=62722"}],"wp:term":[{"taxonomy":"product_brand","embeddable":true,"href":"https:\/\/xstyle.md\/ro\/wp-json\/wp\/v2\/product_brand?post=62722"},{"taxonomy":"product_cat","embeddable":true,"href":"https:\/\/xstyle.md\/ro\/wp-json\/wp\/v2\/product_cat?post=62722"},{"taxonomy":"product_tag","embeddable":true,"href":"https:\/\/xstyle.md\/ro\/wp-json\/wp\/v2\/product_tag?post=62722"}],"curies":[{"name":"wp","href":"https:\/\/api.w.org\/{rel}","templated":true}]}}