{"id":62714,"date":"2023-01-10T19:54:00","date_gmt":"2023-01-10T16:54:00","guid":{"rendered":"https:\/\/xstyle.md\/?post_type=product&#038;p=62714"},"modified":"2024-10-03T00:55:20","modified_gmt":"2024-10-02T21:55:20","slug":"gornolyzhnye-palki-rossignol-electra-jr-pink","status":"publish","type":"product","link":"https:\/\/xstyle.md\/ro\/produs\/gornolyzhnye-palki-rossignol-electra-jr-pink\/","title":{"rendered":"Be\u021be schi Rossignol Electra JR pink"},"content":{"rendered":"<\/p>\n<p><strong>Rossignol Electra JR<\/strong> &#8212; be\u021be de schi cu o tij\u0103 de aluminiu rezistent\u0103, care echilibreaz\u0103 rezisten\u021ba \u0219i greutatea pentru un schi versatil. M\u00e2nerul prietenos pentru copii are o circumferin\u021b\u0103 mai mic\u0103 pentru confort \u0219i siguran\u021b\u0103.<\/p>\n<h3>Particularit\u0103\u021bi<\/h3>\n<ul>\n<li>Tij\u0103 robust\u0103 din aluminiu cu un diametru de 14 mm<\/li>\n<li>T\u00e2mpl\u0103 reglabil\u0103 din nailon<\/li>\n<li>M\u00e2ner de dimensiuni reduse, adaptat la prinderea m\u00e2inii unui copil<\/li>\n<li>Inele cu diametrul de 60 mm<\/li>\n<li>Structura bicomponent\u0103 a m\u00e2nerului absoarbe eficient vibra\u021biile be\u021belor \u0219i ofer\u0103 o prindere mai sigur\u0103 \u0219i mai confortabil\u0103.<\/li>\n<\/ul>\n<h3>Caracteristici<\/h3>\n<ul>\n<li>Materialul bra\u021bului &#8212; aluminiu<\/li>\n<li>Diametrul arborelui &#8212; 14 mm<\/li>\n<li>Diametrul inelului &#8212; 60 mm<\/li>\n<li>\u0218nur &#8212; nailon<\/li>\n<li>Lungime &#8212; 105 cm<\/li>\n<li>V\u00e2rf &#8212; o\u021bel<\/li>\n<li>Scop &#8212; munte.<\/li>\n<\/ul>\n<h3>Marca<\/h3>\n<p>\u00cen urm\u0103 cu mai bine de 100 de ani, \u00een 1907, \u00een Voiron, l\u00e2ng\u0103 Grenoble (Fran\u021ba), t\u00e2mplarul Abel Rossignol a creat o mic\u0103 companie specializat\u0103 \u00een produc\u021bia de produse din lemn pentru industria textil\u0103. \u00cenc\u0103 de pe atunci, Abel Rossignol se g\u00e2ndea deja cum s\u0103 produc\u0103 propriile schiuri din lemn. Patru ani mai t\u00e2rziu, prima pereche de schiuri a v\u0103zut lumina zilei.<\/p>\n<p>\u00cenc\u0103 din 1911, dup\u0103 o expedi\u021bie \u00een Scandinavia, compania a creat un departament dedicat exclusiv schiurilor. Ast\u0103zi, Rossignol combin\u0103 mai multe m\u0103rci: Rossignol, Dynastar, Lange \u0219i Risport \u0219i ofer\u0103 o gam\u0103 complet\u0103 de echipamente pentru sporturi de iarn\u0103 &#8212; toate pentru oamenii \u00eendr\u0103gosti\u021bi de sport.<\/p>\n<p><\/p>","protected":false},"excerpt":{"rendered":"","protected":false},"featured_media":64762,"comment_status":"open","ping_status":"closed","template":"","meta":{"_acf_changed":false,"inline_featured_image":false},"product_brand":[1320],"product_cat":[399],"product_tag":[],"class_list":{"0":"post-62714","1":"product","2":"type-product","3":"status-publish","4":"has-post-thumbnail","6":"product_brand-rossignol","7":"product_cat-ski-poles","9":"first","10":"instock","11":"shipping-taxable","12":"purchasable","13":"product-type-simple"},"acf":[],"yoast_head":"<!-- This site is optimized with the Yoast SEO plugin v27.2 - https:\/\/yoast.com\/product\/yoast-seo-wordpress\/ -->\n<title>\u0413\u043e\u0440\u043d\u043e\u043b\u044b\u0436\u043d\u044b\u0435 \u043f\u0430\u043b\u043a\u0438 Rossignol Electra JR pink - \u041c\u0430\u0433\u0430\u0437\u0438\u043d Xstyle<\/title>\n<meta name=\"description\" content=\"\u0413\u043e\u0440\u043d\u043e\u043b\u044b\u0436\u043d\u044b\u0435 \u043f\u0430\u043b\u043a\u0438 Rossignol Electra JR pink \u2014 \u043b\u0435\u0433\u043a\u0438\u0435 \u0438 \u043f\u0440\u043e\u0447\u043d\u044b\u0435, \u0441 \u0443\u0434\u043e\u0431\u043d\u044b\u043c \u0434\u0435\u0442\u0441\u043a\u0438\u043c \u0440\u0443\u0447\u043a\u043e\u0439. \u0418\u0434\u0435\u0430\u043b\u044c\u043d\u044b \u0434\u043b\u044f \u044e\u043d\u044b\u0445 \u043b\u044b\u0436\u043d\u0438\u043a\u043e\u0432. \u041e\u0442\u043a\u0440\u043e\u0439\u0442\u0435 \u0437\u0438\u043c\u043d\u0438\u0435 \u043f\u0440\u0438\u043a\u043b\u044e\u0447\u0435\u043d\u0438\u044f!\" \/>\n<meta name=\"robots\" content=\"index, follow, max-snippet:-1, max-image-preview:large, max-video-preview:-1\" \/>\n<link rel=\"canonical\" href=\"https:\/\/xstyle.md\/ro\/produs\/gornolyzhnye-palki-rossignol-electra-jr-pink\/\" \/>\n<meta property=\"og:locale\" content=\"ro_RO\" \/>\n<meta property=\"og:type\" content=\"article\" \/>\n<meta property=\"og:title\" content=\"\u0413\u043e\u0440\u043d\u043e\u043b\u044b\u0436\u043d\u044b\u0435 \u043f\u0430\u043b\u043a\u0438 Rossignol Electra JR pink - \u041c\u0430\u0433\u0430\u0437\u0438\u043d Xstyle\" \/>\n<meta property=\"og:description\" content=\"\u0413\u043e\u0440\u043d\u043e\u043b\u044b\u0436\u043d\u044b\u0435 \u043f\u0430\u043b\u043a\u0438 Rossignol Electra JR pink \u2014 \u043b\u0435\u0433\u043a\u0438\u0435 \u0438 \u043f\u0440\u043e\u0447\u043d\u044b\u0435, \u0441 \u0443\u0434\u043e\u0431\u043d\u044b\u043c \u0434\u0435\u0442\u0441\u043a\u0438\u043c \u0440\u0443\u0447\u043a\u043e\u0439. \u0418\u0434\u0435\u0430\u043b\u044c\u043d\u044b \u0434\u043b\u044f \u044e\u043d\u044b\u0445 \u043b\u044b\u0436\u043d\u0438\u043a\u043e\u0432. \u041e\u0442\u043a\u0440\u043e\u0439\u0442\u0435 \u0437\u0438\u043c\u043d\u0438\u0435 \u043f\u0440\u0438\u043a\u043b\u044e\u0447\u0435\u043d\u0438\u044f!\" \/>\n<meta property=\"og:url\" content=\"https:\/\/xstyle.md\/ro\/produs\/gornolyzhnye-palki-rossignol-electra-jr-pink\/\" \/>\n<meta property=\"og:site_name\" content=\"\u041c\u0430\u0433\u0430\u0437\u0438\u043d Xstyle\" \/>\n<meta property=\"article:publisher\" content=\"https:\/\/www.facebook.com\/xstylemd\" \/>\n<meta property=\"article:modified_time\" content=\"2024-10-02T21:55:20+00:00\" \/>\n<meta property=\"og:image\" content=\"https:\/\/xstyle.md\/wp-content\/uploads\/2023\/01\/rossignol-electra-jr-pink.jpg\" \/>\n\t<meta property=\"og:image:width\" content=\"1009\" \/>\n\t<meta property=\"og:image:height\" content=\"994\" \/>\n\t<meta property=\"og:image:type\" content=\"image\/jpeg\" \/>\n<meta name=\"twitter:card\" content=\"summary_large_image\" \/>\n<meta name=\"twitter:label1\" content=\"Pre\u021b\" \/>\n\t<meta name=\"twitter:data1\" content=\"490&nbsp;MDL\" \/>\n\t<meta name=\"twitter:label2\" content=\"Disponibilitate\" \/>\n\t<meta name=\"twitter:data2\" content=\"\u00cen stoc\" \/>\n<script type=\"application\/ld+json\" class=\"yoast-schema-graph\">{\"@context\":\"https:\/\/schema.org\",\"@graph\":[{\"@type\":\"WebPage\",\"@id\":\"https:\/\/xstyle.md\/product\/gornolyzhnye-palki-rossignol-electra-jr-pink\/\",\"url\":\"https:\/\/xstyle.md\/product\/gornolyzhnye-palki-rossignol-electra-jr-pink\/\",\"name\":\"\u0413\u043e\u0440\u043d\u043e\u043b\u044b\u0436\u043d\u044b\u0435 \u043f\u0430\u043b\u043a\u0438 Rossignol Electra JR pink - \u041c\u0430\u0433\u0430\u0437\u0438\u043d Xstyle\",\"isPartOf\":{\"@id\":\"https:\/\/xstyle.md\/#website\"},\"primaryImageOfPage\":{\"@id\":\"https:\/\/xstyle.md\/product\/gornolyzhnye-palki-rossignol-electra-jr-pink\/#primaryimage\"},\"image\":{\"@id\":\"https:\/\/xstyle.md\/product\/gornolyzhnye-palki-rossignol-electra-jr-pink\/#primaryimage\"},\"thumbnailUrl\":\"https:\/\/xstyle.md\/wp-content\/uploads\/2023\/01\/rossignol-electra-jr-pink.jpg\",\"datePublished\":\"2023-01-10T16:54:00+00:00\",\"dateModified\":\"2024-10-02T21:55:20+00:00\",\"description\":\"\u0413\u043e\u0440\u043d\u043e\u043b\u044b\u0436\u043d\u044b\u0435 \u043f\u0430\u043b\u043a\u0438 Rossignol Electra JR pink \u2014 \u043b\u0435\u0433\u043a\u0438\u0435 \u0438 \u043f\u0440\u043e\u0447\u043d\u044b\u0435, \u0441 \u0443\u0434\u043e\u0431\u043d\u044b\u043c \u0434\u0435\u0442\u0441\u043a\u0438\u043c \u0440\u0443\u0447\u043a\u043e\u0439. \u0418\u0434\u0435\u0430\u043b\u044c\u043d\u044b \u0434\u043b\u044f \u044e\u043d\u044b\u0445 \u043b\u044b\u0436\u043d\u0438\u043a\u043e\u0432. \u041e\u0442\u043a\u0440\u043e\u0439\u0442\u0435 \u0437\u0438\u043c\u043d\u0438\u0435 \u043f\u0440\u0438\u043a\u043b\u044e\u0447\u0435\u043d\u0438\u044f!\",\"breadcrumb\":{\"@id\":\"https:\/\/xstyle.md\/product\/gornolyzhnye-palki-rossignol-electra-jr-pink\/#breadcrumb\"},\"inLanguage\":\"ro-RO\",\"potentialAction\":[{\"@type\":\"ReadAction\",\"target\":[\"https:\/\/xstyle.md\/product\/gornolyzhnye-palki-rossignol-electra-jr-pink\/\"]}]},{\"@type\":\"ImageObject\",\"inLanguage\":\"ro-RO\",\"@id\":\"https:\/\/xstyle.md\/product\/gornolyzhnye-palki-rossignol-electra-jr-pink\/#primaryimage\",\"url\":\"https:\/\/xstyle.md\/wp-content\/uploads\/2023\/01\/rossignol-electra-jr-pink.jpg\",\"contentUrl\":\"https:\/\/xstyle.md\/wp-content\/uploads\/2023\/01\/rossignol-electra-jr-pink.jpg\",\"width\":1009,\"height\":994,\"caption\":\"\u0414\u0435\u0442\u0441\u043a\u0438\u0435 \u0433\u043e\u0440\u043d\u043e\u043b\u044b\u0436\u043d\u044b\u0435 \u043f\u0430\u043b\u043a\u0438 Rossignol Electra JR \u0440\u043e\u0437\u043e\u0432\u044b\u0435 \u0434\u043b\u044f \u0430\u043a\u0442\u0438\u0432\u043d\u043e\u0433\u043e \u043e\u0442\u0434\u044b\u0445\u0430, \u043b\u044b\u0436, \u043f\u043e\u0445\u043e\u0434\u043e\u0432 \u0438 \u043f\u0443\u0442\u0435\u0448\u0435\u0441\u0442\u0432\u0438\u0439 \u0432 \u0438\u043d\u0442\u0435\u0440\u043d\u0435\u0442-\u043c\u0430\u0433\u0430\u0437\u0438\u043d\u0435 \u0441\u043f\u043e\u0440\u0442\u0438\u0432\u043d\u043e\u0439 \u043e\u0434\u0435\u0436\u0434\u044b \u0438 \u043e\u0431\u0443\u0432\u0438\"},{\"@type\":\"BreadcrumbList\",\"@id\":\"https:\/\/xstyle.md\/product\/gornolyzhnye-palki-rossignol-electra-jr-pink\/#breadcrumb\",\"itemListElement\":[{\"@type\":\"ListItem\",\"position\":1,\"name\":\"\u0413\u043b\u0430\u0432\u043d\u0430\u044f \u0441\u0442\u0440\u0430\u043d\u0438\u0446\u0430\",\"item\":\"https:\/\/xstyle.md\/\"},{\"@type\":\"ListItem\",\"position\":2,\"name\":\"\u041c\u0430\u0433\u0430\u0437\u0438\u043d\",\"item\":\"https:\/\/xstyle.md\/shop\/\"},{\"@type\":\"ListItem\",\"position\":3,\"name\":\"\u0413\u043e\u0440\u043d\u043e\u043b\u044b\u0436\u043d\u044b\u0435 \u043f\u0430\u043b\u043a\u0438 Rossignol Electra JR pink\"}]},{\"@type\":\"WebSite\",\"@id\":\"https:\/\/xstyle.md\/#website\",\"url\":\"https:\/\/xstyle.md\/\",\"name\":\"\u041c\u0430\u0433\u0430\u0437\u0438\u043d Xstyle\",\"description\":\"C\u043d\u0430\u0440\u044f\u0436\u0435\u043d\u0438\u0435 \u0434\u043b\u044f \u0442\u0443\u0440\u0438\u0437\u043c\u0430 \u0438 \u044d\u043a\u0441\u0442\u0440\u0435\u043c\u0430\u043b\u044c\u043d\u044b\u0445 \u0432\u0438\u0434\u043e\u0432 \u0441\u043f\u043e\u0440\u0442\u0430 \u0432 \u041c\u043e\u043b\u0434\u043e\u0432\u0435.. \u0426\u0435\u043d\u044b, \u0444\u043e\u0442\u043e, \u0445\u0430\u0440\u0430\u043a\u0442\u0435\u0440\u0438\u0441\u0442\u0438\u043a\u0438 \u0432 \u041c\u043e\u043b\u0434\u043e\u0432\u0435.\",\"publisher\":{\"@id\":\"https:\/\/xstyle.md\/#organization\"},\"alternateName\":\"X-Style\",\"potentialAction\":[{\"@type\":\"SearchAction\",\"target\":{\"@type\":\"EntryPoint\",\"urlTemplate\":\"https:\/\/xstyle.md\/?s={search_term_string}\"},\"query-input\":{\"@type\":\"PropertyValueSpecification\",\"valueRequired\":true,\"valueName\":\"search_term_string\"}}],\"inLanguage\":\"ro-RO\"},{\"@type\":\"Organization\",\"@id\":\"https:\/\/xstyle.md\/#organization\",\"name\":\"\u041c\u0430\u0433\u0430\u0437\u0438\u043d Xstyle\",\"alternateName\":\"x-style\",\"url\":\"https:\/\/xstyle.md\/\",\"logo\":{\"@type\":\"ImageObject\",\"inLanguage\":\"ro-RO\",\"@id\":\"https:\/\/xstyle.md\/#\/schema\/logo\/image\/\",\"url\":\"https:\/\/xstyle.md\/wp-content\/uploads\/2020\/06\/logoicon.svg\",\"contentUrl\":\"https:\/\/xstyle.md\/wp-content\/uploads\/2020\/06\/logoicon.svg\",\"caption\":\"\u041c\u0430\u0433\u0430\u0437\u0438\u043d Xstyle\"},\"image\":{\"@id\":\"https:\/\/xstyle.md\/#\/schema\/logo\/image\/\"},\"sameAs\":[\"https:\/\/www.facebook.com\/xstylemd\",\"https:\/\/www.instagram.com\/xstyle_md\/\",\"https:\/\/t.me\/xstyle_outdoor\"],\"hasMerchantReturnPolicy\":{\"@type\":\"MerchantReturnPolicy\",\"merchantReturnLink\":\"https:\/\/xstyle.md\/ro\/conditions\/\"}}]}<\/script>\n<meta property=\"product:price:amount\" content=\"490.00\" \/>\n<meta property=\"product:price:currency\" content=\"MDL\" \/>\n<meta property=\"og:availability\" content=\"instock\" \/>\n<meta property=\"product:availability\" content=\"instock\" \/>\n<meta property=\"product:retailer_item_id\" content=\"3607683474202\" \/>\n<meta property=\"product:condition\" content=\"new\" \/>\n<!-- \/ Yoast SEO plugin. -->","yoast_head_json":{"title":"Be\u021be de schi Rossignol Electra JR pink - Magazin Xstyle","description":"Bastoane de schi Rossignol Electra JR roz \u2013 u\u0219oare \u0219i rezistente, cu un m\u00e2ner confortabil pentru copii. Ideale pentru tinerii schiori. Descoperi\u021bi aventurile de iarn\u0103!","robots":{"index":"index","follow":"follow","max-snippet":"max-snippet:-1","max-image-preview":"max-image-preview:large","max-video-preview":"max-video-preview:-1"},"canonical":"https:\/\/xstyle.md\/ro\/produs\/gornolyzhnye-palki-rossignol-electra-jr-pink\/","og_locale":"ro_RO","og_type":"article","og_title":"\u0413\u043e\u0440\u043d\u043e\u043b\u044b\u0436\u043d\u044b\u0435 \u043f\u0430\u043b\u043a\u0438 Rossignol Electra JR pink - \u041c\u0430\u0433\u0430\u0437\u0438\u043d Xstyle","og_description":"\u0413\u043e\u0440\u043d\u043e\u043b\u044b\u0436\u043d\u044b\u0435 \u043f\u0430\u043b\u043a\u0438 Rossignol Electra JR pink \u2014 \u043b\u0435\u0433\u043a\u0438\u0435 \u0438 \u043f\u0440\u043e\u0447\u043d\u044b\u0435, \u0441 \u0443\u0434\u043e\u0431\u043d\u044b\u043c \u0434\u0435\u0442\u0441\u043a\u0438\u043c \u0440\u0443\u0447\u043a\u043e\u0439. \u0418\u0434\u0435\u0430\u043b\u044c\u043d\u044b \u0434\u043b\u044f \u044e\u043d\u044b\u0445 \u043b\u044b\u0436\u043d\u0438\u043a\u043e\u0432. \u041e\u0442\u043a\u0440\u043e\u0439\u0442\u0435 \u0437\u0438\u043c\u043d\u0438\u0435 \u043f\u0440\u0438\u043a\u043b\u044e\u0447\u0435\u043d\u0438\u044f!","og_url":"https:\/\/xstyle.md\/ro\/produs\/gornolyzhnye-palki-rossignol-electra-jr-pink\/","og_site_name":"\u041c\u0430\u0433\u0430\u0437\u0438\u043d Xstyle","article_publisher":"https:\/\/www.facebook.com\/xstylemd","article_modified_time":"2024-10-02T21:55:20+00:00","og_image":[{"width":1009,"height":994,"url":"https:\/\/xstyle.md\/wp-content\/uploads\/2023\/01\/rossignol-electra-jr-pink.jpg","type":"image\/jpeg"}],"twitter_card":"summary_large_image","twitter_misc":{"Pre\u021b":"490&nbsp;MDL","Disponibilitate":"\u00cen stoc"},"schema":{"@context":"https:\/\/schema.org","@graph":[{"@type":"WebPage","@id":"https:\/\/xstyle.md\/product\/gornolyzhnye-palki-rossignol-electra-jr-pink\/","url":"https:\/\/xstyle.md\/product\/gornolyzhnye-palki-rossignol-electra-jr-pink\/","name":"Be\u021be de schi Rossignol Electra JR pink - Magazin Xstyle","isPartOf":{"@id":"https:\/\/xstyle.md\/#website"},"primaryImageOfPage":{"@id":"https:\/\/xstyle.md\/product\/gornolyzhnye-palki-rossignol-electra-jr-pink\/#primaryimage"},"image":{"@id":"https:\/\/xstyle.md\/product\/gornolyzhnye-palki-rossignol-electra-jr-pink\/#primaryimage"},"thumbnailUrl":"https:\/\/xstyle.md\/wp-content\/uploads\/2023\/01\/rossignol-electra-jr-pink.jpg","datePublished":"2023-01-10T16:54:00+00:00","dateModified":"2024-10-02T21:55:20+00:00","description":"Bastoane de schi Rossignol Electra JR roz \u2013 u\u0219oare \u0219i rezistente, cu un m\u00e2ner confortabil pentru copii. Ideale pentru tinerii schiori. Descoperi\u021bi aventurile de iarn\u0103!","breadcrumb":{"@id":"https:\/\/xstyle.md\/product\/gornolyzhnye-palki-rossignol-electra-jr-pink\/#breadcrumb"},"inLanguage":"ro-RO","potentialAction":[{"@type":"ReadAction","target":["https:\/\/xstyle.md\/product\/gornolyzhnye-palki-rossignol-electra-jr-pink\/"]}]},{"@type":"ImageObject","inLanguage":"ro-RO","@id":"https:\/\/xstyle.md\/product\/gornolyzhnye-palki-rossignol-electra-jr-pink\/#primaryimage","url":"https:\/\/xstyle.md\/wp-content\/uploads\/2023\/01\/rossignol-electra-jr-pink.jpg","contentUrl":"https:\/\/xstyle.md\/wp-content\/uploads\/2023\/01\/rossignol-electra-jr-pink.jpg","width":1009,"height":994,"caption":"\u0414\u0435\u0442\u0441\u043a\u0438\u0435 \u0433\u043e\u0440\u043d\u043e\u043b\u044b\u0436\u043d\u044b\u0435 \u043f\u0430\u043b\u043a\u0438 Rossignol Electra JR \u0440\u043e\u0437\u043e\u0432\u044b\u0435 \u0434\u043b\u044f \u0430\u043a\u0442\u0438\u0432\u043d\u043e\u0433\u043e \u043e\u0442\u0434\u044b\u0445\u0430, \u043b\u044b\u0436, \u043f\u043e\u0445\u043e\u0434\u043e\u0432 \u0438 \u043f\u0443\u0442\u0435\u0448\u0435\u0441\u0442\u0432\u0438\u0439 \u0432 \u0438\u043d\u0442\u0435\u0440\u043d\u0435\u0442-\u043c\u0430\u0433\u0430\u0437\u0438\u043d\u0435 \u0441\u043f\u043e\u0440\u0442\u0438\u0432\u043d\u043e\u0439 \u043e\u0434\u0435\u0436\u0434\u044b \u0438 \u043e\u0431\u0443\u0432\u0438"},{"@type":"BreadcrumbList","@id":"https:\/\/xstyle.md\/product\/gornolyzhnye-palki-rossignol-electra-jr-pink\/#breadcrumb","itemListElement":[{"@type":"ListItem","position":1,"name":"\u0413\u043b\u0430\u0432\u043d\u0430\u044f \u0441\u0442\u0440\u0430\u043d\u0438\u0446\u0430","item":"https:\/\/xstyle.md\/"},{"@type":"ListItem","position":2,"name":"\u041c\u0430\u0433\u0430\u0437\u0438\u043d","item":"https:\/\/xstyle.md\/shop\/"},{"@type":"ListItem","position":3,"name":"\u0413\u043e\u0440\u043d\u043e\u043b\u044b\u0436\u043d\u044b\u0435 \u043f\u0430\u043b\u043a\u0438 Rossignol Electra JR pink"}]},{"@type":"WebSite","@id":"https:\/\/xstyle.md\/#website","url":"https:\/\/xstyle.md\/","name":"Magazinul X-Style","description":"Echipamente pentru turism \u0219i sporturi extreme \u00een Moldova. Pre\u021buri, fotografii, caracteristici \u00een Moldova.","publisher":{"@id":"https:\/\/xstyle.md\/#organization"},"alternateName":"X-Style","potentialAction":[{"@type":"SearchAction","target":{"@type":"EntryPoint","urlTemplate":"https:\/\/xstyle.md\/?s={search_term_string}"},"query-input":{"@type":"PropertyValueSpecification","valueRequired":true,"valueName":"search_term_string"}}],"inLanguage":"ro-RO"},{"@type":"Organization","@id":"https:\/\/xstyle.md\/#organization","name":"Magazinul X-Style","alternateName":"x-style","url":"https:\/\/xstyle.md\/","logo":{"@type":"ImageObject","inLanguage":"ro-RO","@id":"https:\/\/xstyle.md\/#\/schema\/logo\/image\/","url":"https:\/\/xstyle.md\/wp-content\/uploads\/2020\/06\/logoicon.svg","contentUrl":"https:\/\/xstyle.md\/wp-content\/uploads\/2020\/06\/logoicon.svg","caption":"\u041c\u0430\u0433\u0430\u0437\u0438\u043d Xstyle"},"image":{"@id":"https:\/\/xstyle.md\/#\/schema\/logo\/image\/"},"sameAs":["https:\/\/www.facebook.com\/xstylemd","https:\/\/www.instagram.com\/xstyle_md\/","https:\/\/t.me\/xstyle_outdoor"],"hasMerchantReturnPolicy":{"@type":"MerchantReturnPolicy","merchantReturnLink":"https:\/\/xstyle.md\/ro\/conditions\/"}}]},"product_price_amount":"490.00","product_price_currency":"MDL","og_availability":"instock","product_availability":"instock","product_retailer_item_id":"3607683474202","product_condition":"new"},"post_mailing_queue_ids":[],"_links":{"self":[{"href":"https:\/\/xstyle.md\/ro\/wp-json\/wp\/v2\/product\/62714","targetHints":{"allow":["GET"]}}],"collection":[{"href":"https:\/\/xstyle.md\/ro\/wp-json\/wp\/v2\/product"}],"about":[{"href":"https:\/\/xstyle.md\/ro\/wp-json\/wp\/v2\/types\/product"}],"replies":[{"embeddable":true,"href":"https:\/\/xstyle.md\/ro\/wp-json\/wp\/v2\/comments?post=62714"}],"wp:featuredmedia":[{"embeddable":true,"href":"https:\/\/xstyle.md\/ro\/wp-json\/wp\/v2\/media\/64762"}],"wp:attachment":[{"href":"https:\/\/xstyle.md\/ro\/wp-json\/wp\/v2\/media?parent=62714"}],"wp:term":[{"taxonomy":"product_brand","embeddable":true,"href":"https:\/\/xstyle.md\/ro\/wp-json\/wp\/v2\/product_brand?post=62714"},{"taxonomy":"product_cat","embeddable":true,"href":"https:\/\/xstyle.md\/ro\/wp-json\/wp\/v2\/product_cat?post=62714"},{"taxonomy":"product_tag","embeddable":true,"href":"https:\/\/xstyle.md\/ro\/wp-json\/wp\/v2\/product_tag?post=62714"}],"curies":[{"name":"wp","href":"https:\/\/api.w.org\/{rel}","templated":true}]}}