{"id":62706,"date":"2023-01-10T19:53:58","date_gmt":"2023-01-10T16:53:58","guid":{"rendered":"https:\/\/xstyle.md\/?post_type=product&#038;p=62706"},"modified":"2026-02-25T13:40:54","modified_gmt":"2026-02-25T10:40:54","slug":"fonar-fenix-tk20r-led","status":"publish","type":"product","link":"https:\/\/xstyle.md\/ro\/produs\/fonar-fenix-tk20r-led\/","title":{"rendered":"Lantern\u0103 Fenix TK20R LED"},"content":{"rendered":"<\/p>\n<p><strong>Fenix TK20R LED<\/strong> &#8212; lanterna multifunc\u021bional\u0103 re\u00eenc\u0103rcabil\u0103 este un dispozitiv tactic pentru drume\u021bii \u0219i activit\u0103\u021bi \u00een aer liber. Este un model \u00een format portabil \u0219i ofer\u0103 o putere maxim\u0103 de iluminare de p\u00e2n\u0103 la 3000 de lumeni. Raza de ac\u021biune a fasciculului este de 475 de metri. Controlul este rapid \u0219i u\u0219or, \u00een acest scop exist\u0103 comutatoare tactice duble \u00een sec\u021biunea cozii. Carcas\u0103 robust\u0103 \u0219i rezistent\u0103.<\/p>\n<p>Pentru energie, exist\u0103 o baterie Li-Ion de 5000 mAh, furnizat\u0103 \u00een pachet. \u00cenc\u0103rcarea se face prin intermediul portului USB Type-C. Acesta este un asistent excelent \u00een situa\u021biile \u00een care trebuie s\u0103 efectua\u021bi opera\u021biuni intensive \u0219i de lung\u0103 durat\u0103. Dioda utilizat\u0103 este Luminus SFT70 cu o durat\u0103 de via\u021b\u0103 de 50 de mii de ore.<\/p>\n<h3>Particularit\u0103\u021bi<\/h3>\n<ul>\n<li>Model tactic pentru drume\u021bii \u0219i activit\u0103\u021bi \u00een aer liber<\/li>\n<li>Lanterna are o func\u021bie multifunc\u021bional\u0103<\/li>\n<li>Se controleaz\u0103 prin dou\u0103 \u00eentrerup\u0103toare<\/li>\n<li>Este alimentat\u0103 de o baterie litiu-ion de 5000 mAh.<\/li>\n<li>\u00cenc\u0103rcare prin intermediul portului USB de tip C<\/li>\n<li>LED: Luminus SFT70 cu o durat\u0103 de via\u021b\u0103 de 50.000 de ore<\/li>\n<li>\u0218ase moduri de iluminare<\/li>\n<li>Control al temperaturii carcasei<\/li>\n<li>Indicarea nivelului bateriei<\/li>\n<li>Op\u021biune de notificare a tensiunii sc\u0103zute<\/li>\n<li>Anodizare premium<\/li>\n<li>Rezistent la \u0219ocuri p\u00e2n\u0103 la un metru<\/li>\n<li>Standard de protec\u021bie \u00eempotriva umezelii: IP68.<\/li>\n<\/ul>\n<h3>Moduri<\/h3>\n<ul>\n<li><strong>Turbo.<\/strong> Cel mai mare flux luminos, care este de 3000 de lumeni. Durata de func\u021bionare &#8212; 2 ore \u0219i 50 de minute. Intensitatea de iluminare &#8212; 56600 candela. Distan\u021ba fasciculului &#8212; 475 de metri.<\/li>\n<li><strong>High.<\/strong> Fluxul luminos ajunge la 1000 de lumeni, durata de lucru este egal\u0103 cu 3 ore \u0219i 10 minute. Intensitatea de iluminare este de 17620 candela. Distan\u021ba fasciculului este de 265 de metri.<\/li>\n<li><strong>Med.<\/strong> Luminozitatea luminii este de 350 de lumeni, durata de func\u021bionare este de \u0219apte ore, intensitatea ilumin\u0103rii ajunge la 5860 candela. Distan\u021ba fasciculului este de 150 de metri.<\/li>\n<li><strong>Low.<\/strong> Luminozitatea fluxului luminos ajunge la 150 de lumeni. Durata luminozit\u0103\u021bii: 21 de ore \u0219i 20 de minute. Intensitatea fluxului luminos ajunge la 2500 candela. Distan\u021ba fasciculului este de 100 de metri.<\/li>\n<li><strong>Eco.<\/strong> Iluminare: 30 lumeni. Durata de lucru ajunge la 48 de ore. Intensitatea fluxului luminos este de 490 candela. Distan\u021ba fasciculului &#8212; 45 de metri.<\/li>\n<li><strong>Strobe.<\/strong> Luminozitatea ajunge la 3000 de lumeni.<\/li>\n<\/ul>\n<h3>Caracteristici<\/h3>\n<ul>\n<li>LED &#8212; Luminus SFT70 LED<\/li>\n<li>Dimensiuni &#8212; 152 x 34 x 25,4 mm<\/li>\n<li>Flux luminos &#8212; p\u00e2n\u0103 la 300 lm<\/li>\n<li>Raza de ac\u021biune a fasciculului &#8212; 475 m<\/li>\n<li>Material carcas\u0103 &#8212; aluminiu A6061-T6<\/li>\n<li>\u00cenc\u0103rcare &#8212; USB Type-C<\/li>\n<li>Timp maxim de func\u021bionare &#8212; 48 de ore<\/li>\n<li>Rezistent la ap\u0103 &#8212; IP68<\/li>\n<li>Greutate &#8212; 204 g.<\/li>\n<\/ul>\n<h3>Setul include<\/h3>\n<ul>\n<li>Lantern\u0103 model Fenix TK20R V2.0<\/li>\n<li>Baterie ARB-L21-5000 V2.0<\/li>\n<li>Cablu de \u00eenc\u0103rcare USB Type-C<\/li>\n<li>C\u00e2rlig, hus\u0103<\/li>\n<li>Dou\u0103 garnituri O de rezerv\u0103<\/li>\n<li>Manual de utilizare<\/li>\n<li>Card de garan\u021bie.<\/li>\n<\/ul>\n<p><\/p>","protected":false},"excerpt":{"rendered":"","protected":false},"featured_media":63861,"comment_status":"open","ping_status":"closed","template":"","meta":{"_acf_changed":false,"inline_featured_image":false},"product_brand":[1351],"product_cat":[462],"product_tag":[],"class_list":{"0":"post-62706","1":"product","2":"type-product","3":"status-publish","4":"has-post-thumbnail","6":"product_brand-fenix","7":"product_cat-lumini-de-mana","9":"first","10":"instock","11":"shipping-taxable","12":"purchasable","13":"product-type-simple"},"acf":[],"yoast_head":"<!-- This site is optimized with the Yoast SEO plugin v27.4 - https:\/\/yoast.com\/product\/yoast-seo-wordpress\/ -->\n<title>\u0424\u043e\u043d\u0430\u0440\u044c Fenix TK20R LED - \u041c\u0430\u0433\u0430\u0437\u0438\u043d Xstyle<\/title>\n<meta name=\"description\" content=\"\u0424\u043e\u043d\u0430\u0440\u044c Fenix TK20R LED \u2014 \u043c\u043e\u0449\u043d\u043e\u0441\u0442\u044c 3000 \u043b\u043c, USB Type-C, IP68. \u0418\u0434\u0435\u0430\u043b\u0435\u043d \u0434\u043b\u044f \u043f\u043e\u0445\u043e\u0434\u043e\u0432 \u0438 \u0430\u043a\u0442\u0438\u0432\u043d\u043e\u0433\u043e \u043e\u0442\u0434\u044b\u0445\u0430. \u0412\u044b\u0441\u043e\u043a\u0430\u044f \u044f\u0440\u043a\u043e\u0441\u0442\u044c \u0438 \u043d\u0430\u0434\u0435\u0436\u043d\u043e\u0441\u0442\u044c \u0432 \u043b\u044e\u0431\u044b\u0445 \u0443\u0441\u043b\u043e\u0432\u0438\u044f\u0445!\" \/>\n<meta name=\"robots\" content=\"index, follow, max-snippet:-1, max-image-preview:large, max-video-preview:-1\" \/>\n<link rel=\"canonical\" href=\"https:\/\/xstyle.md\/ro\/produs\/fonar-fenix-tk20r-led\/\" \/>\n<meta property=\"og:locale\" content=\"ro_RO\" \/>\n<meta property=\"og:type\" content=\"article\" \/>\n<meta property=\"og:title\" content=\"\u0424\u043e\u043d\u0430\u0440\u044c Fenix TK20R LED - \u041c\u0430\u0433\u0430\u0437\u0438\u043d Xstyle\" \/>\n<meta property=\"og:description\" content=\"\u0424\u043e\u043d\u0430\u0440\u044c Fenix TK20R LED \u2014 \u043c\u043e\u0449\u043d\u043e\u0441\u0442\u044c 3000 \u043b\u043c, USB Type-C, IP68. \u0418\u0434\u0435\u0430\u043b\u0435\u043d \u0434\u043b\u044f \u043f\u043e\u0445\u043e\u0434\u043e\u0432 \u0438 \u0430\u043a\u0442\u0438\u0432\u043d\u043e\u0433\u043e \u043e\u0442\u0434\u044b\u0445\u0430. \u0412\u044b\u0441\u043e\u043a\u0430\u044f \u044f\u0440\u043a\u043e\u0441\u0442\u044c \u0438 \u043d\u0430\u0434\u0435\u0436\u043d\u043e\u0441\u0442\u044c \u0432 \u043b\u044e\u0431\u044b\u0445 \u0443\u0441\u043b\u043e\u0432\u0438\u044f\u0445!\" \/>\n<meta property=\"og:url\" content=\"https:\/\/xstyle.md\/ro\/produs\/fonar-fenix-tk20r-led\/\" \/>\n<meta property=\"og:site_name\" content=\"\u041c\u0430\u0433\u0430\u0437\u0438\u043d Xstyle\" \/>\n<meta property=\"article:publisher\" content=\"https:\/\/www.facebook.com\/xstylemd\" \/>\n<meta property=\"article:modified_time\" content=\"2026-02-25T10:40:54+00:00\" \/>\n<meta property=\"og:image\" content=\"https:\/\/xstyle.md\/wp-content\/uploads\/2023\/01\/fenix-tk20r-led-2.jpg\" \/>\n\t<meta property=\"og:image:width\" content=\"1150\" \/>\n\t<meta property=\"og:image:height\" content=\"1125\" \/>\n\t<meta property=\"og:image:type\" content=\"image\/jpeg\" \/>\n<meta name=\"twitter:card\" content=\"summary_large_image\" \/>\n<meta name=\"twitter:label1\" content=\"Pre\u021b\" \/>\n\t<meta name=\"twitter:data1\" content=\"2.790&nbsp;MDL\" \/>\n\t<meta name=\"twitter:label2\" content=\"Disponibilitate\" \/>\n\t<meta name=\"twitter:data2\" content=\"\u00cen stoc\" \/>\n<script type=\"application\/ld+json\" class=\"yoast-schema-graph\">{\"@context\":\"https:\\\/\\\/schema.org\",\"@graph\":[{\"@type\":\"WebPage\",\"@id\":\"https:\\\/\\\/xstyle.md\\\/product\\\/fonar-fenix-tk20r-led\\\/\",\"url\":\"https:\\\/\\\/xstyle.md\\\/product\\\/fonar-fenix-tk20r-led\\\/\",\"name\":\"\u0424\u043e\u043d\u0430\u0440\u044c Fenix TK20R LED - \u041c\u0430\u0433\u0430\u0437\u0438\u043d Xstyle\",\"isPartOf\":{\"@id\":\"https:\\\/\\\/xstyle.md\\\/#website\"},\"primaryImageOfPage\":{\"@id\":\"https:\\\/\\\/xstyle.md\\\/product\\\/fonar-fenix-tk20r-led\\\/#primaryimage\"},\"image\":{\"@id\":\"https:\\\/\\\/xstyle.md\\\/product\\\/fonar-fenix-tk20r-led\\\/#primaryimage\"},\"thumbnailUrl\":\"https:\\\/\\\/xstyle.md\\\/wp-content\\\/uploads\\\/2023\\\/01\\\/fenix-tk20r-led-2.jpg\",\"datePublished\":\"2023-01-10T16:53:58+00:00\",\"dateModified\":\"2026-02-25T10:40:54+00:00\",\"description\":\"\u0424\u043e\u043d\u0430\u0440\u044c Fenix TK20R LED \u2014 \u043c\u043e\u0449\u043d\u043e\u0441\u0442\u044c 3000 \u043b\u043c, USB Type-C, IP68. \u0418\u0434\u0435\u0430\u043b\u0435\u043d \u0434\u043b\u044f \u043f\u043e\u0445\u043e\u0434\u043e\u0432 \u0438 \u0430\u043a\u0442\u0438\u0432\u043d\u043e\u0433\u043e \u043e\u0442\u0434\u044b\u0445\u0430. \u0412\u044b\u0441\u043e\u043a\u0430\u044f \u044f\u0440\u043a\u043e\u0441\u0442\u044c \u0438 \u043d\u0430\u0434\u0435\u0436\u043d\u043e\u0441\u0442\u044c \u0432 \u043b\u044e\u0431\u044b\u0445 \u0443\u0441\u043b\u043e\u0432\u0438\u044f\u0445!\",\"breadcrumb\":{\"@id\":\"https:\\\/\\\/xstyle.md\\\/product\\\/fonar-fenix-tk20r-led\\\/#breadcrumb\"},\"inLanguage\":\"ro-RO\",\"potentialAction\":[{\"@type\":\"ReadAction\",\"target\":[\"https:\\\/\\\/xstyle.md\\\/product\\\/fonar-fenix-tk20r-led\\\/\"]}]},{\"@type\":\"ImageObject\",\"inLanguage\":\"ro-RO\",\"@id\":\"https:\\\/\\\/xstyle.md\\\/product\\\/fonar-fenix-tk20r-led\\\/#primaryimage\",\"url\":\"https:\\\/\\\/xstyle.md\\\/wp-content\\\/uploads\\\/2023\\\/01\\\/fenix-tk20r-led-2.jpg\",\"contentUrl\":\"https:\\\/\\\/xstyle.md\\\/wp-content\\\/uploads\\\/2023\\\/01\\\/fenix-tk20r-led-2.jpg\",\"width\":1150,\"height\":1125,\"caption\":\"\u0422\u0422\u041a \u0434\u043b\u044f \u043e\u043d\u043b\u0430\u0439\u043d-\u043c\u0430\u0433\u0430\u0437\u0438\u043d\u0430 \u0430\u043a\u0442\u0438\u0432\u043d\u043e\u0433\u043e \u043e\u0442\u0434\u044b\u0445\u0430 \u0441 \u0444\u043e\u043d\u0430\u0440\u0435\u043c Fenix TK20R LED, \u043f\u043e\u0445\u043e\u0434\u043d\u043e\u0439 \u043e\u0431\u0443\u0432\u044c\u044e, \u043e\u0434\u0435\u0436\u0434\u043e\u0439 \u0438 \u0441\u043d\u0430\u0440\u044f\u0436\u0435\u043d\u0438\u0435\u043c \u0434\u043b\u044f \u0445\u0430\u0439\u043a\u0438\u043d\u0433\u0430, \u0430\u043b\u044c\u043f\u0438\u043d\u0438\u0437\u043c\u0430 \u0438 \u043f\u0443\u0442\u0435\u0448\u0435\u0441\u0442\u0432\u0438\u0439\"},{\"@type\":\"BreadcrumbList\",\"@id\":\"https:\\\/\\\/xstyle.md\\\/product\\\/fonar-fenix-tk20r-led\\\/#breadcrumb\",\"itemListElement\":[{\"@type\":\"ListItem\",\"position\":1,\"name\":\"\u0413\u043b\u0430\u0432\u043d\u0430\u044f \u0441\u0442\u0440\u0430\u043d\u0438\u0446\u0430\",\"item\":\"https:\\\/\\\/xstyle.md\\\/\"},{\"@type\":\"ListItem\",\"position\":2,\"name\":\"\u041c\u0430\u0433\u0430\u0437\u0438\u043d\",\"item\":\"https:\\\/\\\/xstyle.md\\\/shop\\\/\"},{\"@type\":\"ListItem\",\"position\":3,\"name\":\"\u0424\u043e\u043d\u0430\u0440\u044c Fenix TK20R LED\"}]},{\"@type\":\"WebSite\",\"@id\":\"https:\\\/\\\/xstyle.md\\\/#website\",\"url\":\"https:\\\/\\\/xstyle.md\\\/\",\"name\":\"\u041c\u0430\u0433\u0430\u0437\u0438\u043d Xstyle\",\"description\":\"C\u043d\u0430\u0440\u044f\u0436\u0435\u043d\u0438\u0435 \u0434\u043b\u044f \u0442\u0443\u0440\u0438\u0437\u043c\u0430 \u0438 \u044d\u043a\u0441\u0442\u0440\u0435\u043c\u0430\u043b\u044c\u043d\u044b\u0445 \u0432\u0438\u0434\u043e\u0432 \u0441\u043f\u043e\u0440\u0442\u0430 \u0432 \u041c\u043e\u043b\u0434\u043e\u0432\u0435.. \u0426\u0435\u043d\u044b, \u0444\u043e\u0442\u043e, \u0445\u0430\u0440\u0430\u043a\u0442\u0435\u0440\u0438\u0441\u0442\u0438\u043a\u0438 \u0432 \u041c\u043e\u043b\u0434\u043e\u0432\u0435.\",\"publisher\":{\"@id\":\"https:\\\/\\\/xstyle.md\\\/#organization\"},\"alternateName\":\"X-Style\",\"potentialAction\":[{\"@type\":\"SearchAction\",\"target\":{\"@type\":\"EntryPoint\",\"urlTemplate\":\"https:\\\/\\\/xstyle.md\\\/?s={search_term_string}\"},\"query-input\":{\"@type\":\"PropertyValueSpecification\",\"valueRequired\":true,\"valueName\":\"search_term_string\"}}],\"inLanguage\":\"ro-RO\"},{\"@type\":\"Organization\",\"@id\":\"https:\\\/\\\/xstyle.md\\\/#organization\",\"name\":\"\u041c\u0430\u0433\u0430\u0437\u0438\u043d Xstyle\",\"alternateName\":\"x-style\",\"url\":\"https:\\\/\\\/xstyle.md\\\/\",\"logo\":{\"@type\":\"ImageObject\",\"inLanguage\":\"ro-RO\",\"@id\":\"https:\\\/\\\/xstyle.md\\\/#\\\/schema\\\/logo\\\/image\\\/\",\"url\":\"https:\\\/\\\/xstyle.md\\\/wp-content\\\/uploads\\\/2020\\\/06\\\/logoicon.svg\",\"contentUrl\":\"https:\\\/\\\/xstyle.md\\\/wp-content\\\/uploads\\\/2020\\\/06\\\/logoicon.svg\",\"caption\":\"\u041c\u0430\u0433\u0430\u0437\u0438\u043d Xstyle\"},\"image\":{\"@id\":\"https:\\\/\\\/xstyle.md\\\/#\\\/schema\\\/logo\\\/image\\\/\"},\"sameAs\":[\"https:\\\/\\\/www.facebook.com\\\/xstylemd\",\"https:\\\/\\\/www.instagram.com\\\/xstyle_md\\\/\",\"https:\\\/\\\/t.me\\\/xstyle_outdoor\"],\"hasMerchantReturnPolicy\":{\"@type\":\"MerchantReturnPolicy\",\"merchantReturnLink\":\"https:\\\/\\\/xstyle.md\\\/ro\\\/conditions\\\/\"}}]}<\/script>\n<meta property=\"product:price:amount\" content=\"2790.00\" \/>\n<meta property=\"product:price:currency\" content=\"MDL\" \/>\n<meta property=\"og:availability\" content=\"instock\" \/>\n<meta property=\"product:availability\" content=\"instock\" \/>\n<meta property=\"product:retailer_item_id\" content=\"6942870308647\" \/>\n<meta property=\"product:condition\" content=\"new\" \/>\n<!-- \/ Yoast SEO plugin. -->","yoast_head_json":{"title":"Lantern\u0103 Fenix TK20R LED - Magazin Xstyle","description":"Lanterna Fenix TK20R LED \u2014 putere de 3000 lm, USB Type-C, IP68. Ideal\u0103 pentru drume\u021bii \u0219i activit\u0103\u021bi \u00een aer liber. Luminozitate ridicat\u0103 \u0219i fiabilitate \u00een orice condi\u021bii!","robots":{"index":"index","follow":"follow","max-snippet":"max-snippet:-1","max-image-preview":"max-image-preview:large","max-video-preview":"max-video-preview:-1"},"canonical":"https:\/\/xstyle.md\/ro\/produs\/fonar-fenix-tk20r-led\/","og_locale":"ro_RO","og_type":"article","og_title":"\u0424\u043e\u043d\u0430\u0440\u044c Fenix TK20R LED - \u041c\u0430\u0433\u0430\u0437\u0438\u043d Xstyle","og_description":"\u0424\u043e\u043d\u0430\u0440\u044c Fenix TK20R LED \u2014 \u043c\u043e\u0449\u043d\u043e\u0441\u0442\u044c 3000 \u043b\u043c, USB Type-C, IP68. \u0418\u0434\u0435\u0430\u043b\u0435\u043d \u0434\u043b\u044f \u043f\u043e\u0445\u043e\u0434\u043e\u0432 \u0438 \u0430\u043a\u0442\u0438\u0432\u043d\u043e\u0433\u043e \u043e\u0442\u0434\u044b\u0445\u0430. \u0412\u044b\u0441\u043e\u043a\u0430\u044f \u044f\u0440\u043a\u043e\u0441\u0442\u044c \u0438 \u043d\u0430\u0434\u0435\u0436\u043d\u043e\u0441\u0442\u044c \u0432 \u043b\u044e\u0431\u044b\u0445 \u0443\u0441\u043b\u043e\u0432\u0438\u044f\u0445!","og_url":"https:\/\/xstyle.md\/ro\/produs\/fonar-fenix-tk20r-led\/","og_site_name":"\u041c\u0430\u0433\u0430\u0437\u0438\u043d Xstyle","article_publisher":"https:\/\/www.facebook.com\/xstylemd","article_modified_time":"2026-02-25T10:40:54+00:00","og_image":[{"width":1150,"height":1125,"url":"https:\/\/xstyle.md\/wp-content\/uploads\/2023\/01\/fenix-tk20r-led-2.jpg","type":"image\/jpeg"}],"twitter_card":"summary_large_image","twitter_misc":{"Pre\u021b":"2.790&nbsp;MDL","Disponibilitate":"\u00cen stoc"},"schema":{"@context":"https:\/\/schema.org","@graph":[{"@type":"WebPage","@id":"https:\/\/xstyle.md\/product\/fonar-fenix-tk20r-led\/","url":"https:\/\/xstyle.md\/product\/fonar-fenix-tk20r-led\/","name":"Lantern\u0103 Fenix TK20R LED - Magazin Xstyle","isPartOf":{"@id":"https:\/\/xstyle.md\/#website"},"primaryImageOfPage":{"@id":"https:\/\/xstyle.md\/product\/fonar-fenix-tk20r-led\/#primaryimage"},"image":{"@id":"https:\/\/xstyle.md\/product\/fonar-fenix-tk20r-led\/#primaryimage"},"thumbnailUrl":"https:\/\/xstyle.md\/wp-content\/uploads\/2023\/01\/fenix-tk20r-led-2.jpg","datePublished":"2023-01-10T16:53:58+00:00","dateModified":"2026-02-25T10:40:54+00:00","description":"Lanterna Fenix TK20R LED \u2014 putere de 3000 lm, USB Type-C, IP68. Ideal\u0103 pentru drume\u021bii \u0219i activit\u0103\u021bi \u00een aer liber. Luminozitate ridicat\u0103 \u0219i fiabilitate \u00een orice condi\u021bii!","breadcrumb":{"@id":"https:\/\/xstyle.md\/product\/fonar-fenix-tk20r-led\/#breadcrumb"},"inLanguage":"ro-RO","potentialAction":[{"@type":"ReadAction","target":["https:\/\/xstyle.md\/product\/fonar-fenix-tk20r-led\/"]}]},{"@type":"ImageObject","inLanguage":"ro-RO","@id":"https:\/\/xstyle.md\/product\/fonar-fenix-tk20r-led\/#primaryimage","url":"https:\/\/xstyle.md\/wp-content\/uploads\/2023\/01\/fenix-tk20r-led-2.jpg","contentUrl":"https:\/\/xstyle.md\/wp-content\/uploads\/2023\/01\/fenix-tk20r-led-2.jpg","width":1150,"height":1125,"caption":"\u0422\u0422\u041a \u0434\u043b\u044f \u043e\u043d\u043b\u0430\u0439\u043d-\u043c\u0430\u0433\u0430\u0437\u0438\u043d\u0430 \u0430\u043a\u0442\u0438\u0432\u043d\u043e\u0433\u043e \u043e\u0442\u0434\u044b\u0445\u0430 \u0441 \u0444\u043e\u043d\u0430\u0440\u0435\u043c Fenix TK20R LED, \u043f\u043e\u0445\u043e\u0434\u043d\u043e\u0439 \u043e\u0431\u0443\u0432\u044c\u044e, \u043e\u0434\u0435\u0436\u0434\u043e\u0439 \u0438 \u0441\u043d\u0430\u0440\u044f\u0436\u0435\u043d\u0438\u0435\u043c \u0434\u043b\u044f \u0445\u0430\u0439\u043a\u0438\u043d\u0433\u0430, \u0430\u043b\u044c\u043f\u0438\u043d\u0438\u0437\u043c\u0430 \u0438 \u043f\u0443\u0442\u0435\u0448\u0435\u0441\u0442\u0432\u0438\u0439"},{"@type":"BreadcrumbList","@id":"https:\/\/xstyle.md\/product\/fonar-fenix-tk20r-led\/#breadcrumb","itemListElement":[{"@type":"ListItem","position":1,"name":"\u0413\u043b\u0430\u0432\u043d\u0430\u044f \u0441\u0442\u0440\u0430\u043d\u0438\u0446\u0430","item":"https:\/\/xstyle.md\/"},{"@type":"ListItem","position":2,"name":"\u041c\u0430\u0433\u0430\u0437\u0438\u043d","item":"https:\/\/xstyle.md\/shop\/"},{"@type":"ListItem","position":3,"name":"\u0424\u043e\u043d\u0430\u0440\u044c Fenix TK20R LED"}]},{"@type":"WebSite","@id":"https:\/\/xstyle.md\/#website","url":"https:\/\/xstyle.md\/","name":"Magazinul X-Style","description":"Echipamente pentru turism \u0219i sporturi extreme \u00een Moldova. Pre\u021buri, fotografii, caracteristici \u00een Moldova.","publisher":{"@id":"https:\/\/xstyle.md\/#organization"},"alternateName":"X-Style","potentialAction":[{"@type":"SearchAction","target":{"@type":"EntryPoint","urlTemplate":"https:\/\/xstyle.md\/?s={search_term_string}"},"query-input":{"@type":"PropertyValueSpecification","valueRequired":true,"valueName":"search_term_string"}}],"inLanguage":"ro-RO"},{"@type":"Organization","@id":"https:\/\/xstyle.md\/#organization","name":"Magazinul X-Style","alternateName":"x-style","url":"https:\/\/xstyle.md\/","logo":{"@type":"ImageObject","inLanguage":"ro-RO","@id":"https:\/\/xstyle.md\/#\/schema\/logo\/image\/","url":"https:\/\/xstyle.md\/wp-content\/uploads\/2020\/06\/logoicon.svg","contentUrl":"https:\/\/xstyle.md\/wp-content\/uploads\/2020\/06\/logoicon.svg","caption":"\u041c\u0430\u0433\u0430\u0437\u0438\u043d Xstyle"},"image":{"@id":"https:\/\/xstyle.md\/#\/schema\/logo\/image\/"},"sameAs":["https:\/\/www.facebook.com\/xstylemd","https:\/\/www.instagram.com\/xstyle_md\/","https:\/\/t.me\/xstyle_outdoor"],"hasMerchantReturnPolicy":{"@type":"MerchantReturnPolicy","merchantReturnLink":"https:\/\/xstyle.md\/ro\/conditions\/"}}]},"product_price_amount":"2790.00","product_price_currency":"MDL","og_availability":"instock","product_availability":"instock","product_retailer_item_id":"6942870308647","product_condition":"new"},"_links":{"self":[{"href":"https:\/\/xstyle.md\/ro\/wp-json\/wp\/v2\/product\/62706","targetHints":{"allow":["GET"]}}],"collection":[{"href":"https:\/\/xstyle.md\/ro\/wp-json\/wp\/v2\/product"}],"about":[{"href":"https:\/\/xstyle.md\/ro\/wp-json\/wp\/v2\/types\/product"}],"replies":[{"embeddable":true,"href":"https:\/\/xstyle.md\/ro\/wp-json\/wp\/v2\/comments?post=62706"}],"wp:featuredmedia":[{"embeddable":true,"href":"https:\/\/xstyle.md\/ro\/wp-json\/wp\/v2\/media\/63861"}],"wp:attachment":[{"href":"https:\/\/xstyle.md\/ro\/wp-json\/wp\/v2\/media?parent=62706"}],"wp:term":[{"taxonomy":"product_brand","embeddable":true,"href":"https:\/\/xstyle.md\/ro\/wp-json\/wp\/v2\/product_brand?post=62706"},{"taxonomy":"product_cat","embeddable":true,"href":"https:\/\/xstyle.md\/ro\/wp-json\/wp\/v2\/product_cat?post=62706"},{"taxonomy":"product_tag","embeddable":true,"href":"https:\/\/xstyle.md\/ro\/wp-json\/wp\/v2\/product_tag?post=62706"}],"curies":[{"name":"wp","href":"https:\/\/api.w.org\/{rel}","templated":true}]}}