{"id":62704,"date":"2023-01-10T19:53:57","date_gmt":"2023-01-10T16:53:57","guid":{"rendered":"https:\/\/xstyle.md\/?post_type=product&#038;p=62704"},"modified":"2025-11-27T17:49:28","modified_gmt":"2025-11-27T14:49:28","slug":"fonar-fenix-ld22-v2-0-led","status":"publish","type":"product","link":"https:\/\/xstyle.md\/ro\/produs\/fonar-fenix-ld22-v2-0-led\/","title":{"rendered":"Lantern\u0103 Fenix LD22 V2.0 LED"},"content":{"rendered":"<\/p>\n<p><strong>Fenix LD22 V2.0 LED<\/strong> &#8212; model multifunc\u021bional pentru iluminatul exterior, dispozitivul r\u0103m\u00e2ne compact, dar ofer\u0103 o putere mai mare de 800 de lumeni. Raza de ac\u021biune a fasciculului ajunge p\u00e2n\u0103 la 214 metri. Este alimentat de o baterie re\u00eenc\u0103rcabil\u0103 Li-Ion de 1100 mAh \u0219i de dou\u0103 baterii AA u\u0219or de procurat. Cinci niveluri de luminozitate, precum \u0219i func\u021biile Strobe \u0219i SOS sunt controlate separat prin intermediul unui comutator tactic de coad\u0103 \u0219i al unui comutator lateral func\u021bional. \u00cen plus, Fenix LD22 V2.0 poate fi purtat\u0103 \u00een orice mod dori\u021bi datorit\u0103 clemei de corp cu dou\u0103 pozi\u021bii. Acesta este un upgrade excelent pentru cei care caut\u0103 un accesoriu versatil pentru EDC, activit\u0103\u021bi \u00een aer liber \u0219i o op\u021biune ca \u0219i cadou pentru cei dragi.<\/p>\n<p>Lumina este furnizat\u0103 de dioda Luminus, care are o durat\u0103 de via\u021b\u0103 de p\u00e2n\u0103 la 50.000 de ore. \u00cenc\u0103rcarea se face prin USB Type-C. Aprindere instantanee prin intermediul butonului tactic din coad\u0103 \u0219i comutarea luminozit\u0103\u021bii prin intermediul butonului lateral func\u021bional. Clip de corp deta\u0219abil \u00een dou\u0103 pozi\u021bii pentru condi\u021bii diferite. Protec\u021bie \u00eempotriva suprapolariz\u0103rii \u0219i o func\u021bie de stabilizare a luminozit\u0103\u021bii.<\/p>\n<h3>Particularit\u0103\u021bi<\/h3>\n<ul>\n<li>Lantern\u0103 avansat\u0103 multifunc\u021bional\u0103 pentru turism \u0219i activit\u0103\u021bi \u00een aer liber<\/li>\n<li>Raza maxim\u0103 a fasciculului de 214 metri<\/li>\n<li>Dioda utilizat\u0103: Luminus, care are o durat\u0103 de via\u021b\u0103 de 50 de mii de ore.<\/li>\n<li>Celule de alimentare: baterie re\u00eenc\u0103rcabil\u0103 de 1100 mAh \u0219i dou\u0103 baterii AA u\u0219or de procurat<\/li>\n<li>Cinci niveluri de luminozitate + niveluri de stroboscop \u0219i SOS<\/li>\n<li>Controlat prin butoanele din spate \u0219i laterale<\/li>\n<li>Se \u00eencarc\u0103 prin USB Type-C<\/li>\n<li>Protejat \u00eempotriva supra\u00eenc\u0103lzirii carcasei<\/li>\n<li>Avertizare de tensiune sc\u0103zut\u0103<\/li>\n<li>Disponibil\u0103 anodizarea premium HAIII.<\/li>\n<\/ul>\n<h3>Moduri<\/h3>\n<ul>\n<li>Grupul principal: \u00een cel mai \u00eenalt mod <strong>Turbo<\/strong>, lanterna ofer\u0103 o putere luminoas\u0103 de 800 de lumeni. \u00cen acest mod poate func\u021biona timp de 54 de minute f\u0103r\u0103 re\u00eenc\u0103rcare, iar raza de ac\u021biune a fasciculului este de 214 metri. Intensitatea luminii \u00een acest mod este egal\u0103 cu 11500 de candele.<\/li>\n<li>\u00cen modul <strong>High<\/strong>, fluxul luminos ajunge la 350 de lumeni, durata luminescen\u021bei &#8212; 1 or\u0103 \u0219i 15 minute (cu baterii AA), 1 or\u0103 \u0219i 40 de minute dac\u0103 se utilizeaz\u0103 bateria ARB-L14-1100U, raza de ac\u021biune a fasciculului ajunge la 142 de metri. Intensitatea luminoas\u0103 este egal\u0103 cu 5.000 de candele.<\/li>\n<li>\u00cen modul <strong>Med<\/strong>, fluxul luminos ajunge la 100 de lumeni, durata luminescen\u021bei &#8212; 5 ore \u0219i 50 de minute (cu baterii AA), 7 ore &#8212; cu bateria ARB-L14-1100U. Distan\u021ba fasciculului este de 76 de metri. Intensitatea de iluminare: 1440 candela.<\/li>\n<li><strong>Mod redus:<\/strong> flux luminos &#8212; 30 lumeni, timp de lucru &#8212; 19 ore \u0219i 45 de minute (cu baterii AA), 22 ore \u0219i 20 de minute (cu bateria ARB-L14-1100U), la o distan\u021b\u0103 de 43 de metri. Intensitatea luminii este de 460 candela.<\/li>\n<li><strong>Modul Eco:<\/strong> flux luminos &#8212; doi lumeni, durata de luminozitate &#8212; 190 de ore (cu baterii AA), 220 de ore (cu bateria ARB-L14-1100U). Raza de ac\u021biune a fasciculului &#8212; 11 metri. Intensitatea fluxului ajunge la 30 candela.<\/li>\n<li>Grup de moduri de bli\u021b &#8212; aici pute\u021bi face referire la <strong>Strobe<\/strong> \u0219i <strong>SOS<\/strong>. \u00cen modul Strobe, luminozitatea luminii ajunge la 350 de lumeni, iar \u00eempreun\u0103 cu bateria ARB-L14-1100U este egal\u0103 cu 800 de lumeni. SOS: luminozitatea este de 100 de lumeni, iar \u00eempreun\u0103 cu bateria ARB-L14-1100U este de asemenea de 100 de lumeni.<\/li>\n<\/ul>\n<h3>Caracteristici<\/h3>\n<ul>\n<li>LED &#8212; Luminus SST-20<\/li>\n<li>Dimensiuni &#8212; 148 x 21,5 x 18 mm<\/li>\n<li>Flux luminos &#8212; p\u00e2n\u0103 la 800 lm<\/li>\n<li>Raza de ac\u021biune a fasciculului &#8212; 214 m<\/li>\n<li>Material carcas\u0103 &#8212; aluminiu A6061-T6<\/li>\n<li>\u00cenc\u0103rcare &#8212; USB Type-C<\/li>\n<li>Durata maxim\u0103 de func\u021bionare &#8212; 220 h<\/li>\n<li>Rezistent la ap\u0103 &#8212; IP68<\/li>\n<li>Greutate &#8212; 128 g.<\/li>\n<\/ul>\n<h3>Setul include<\/h3>\n<ul>\n<li>Lantern\u0103 model Fenix LD22 V2.0<\/li>\n<li>Acumulator Fenix ARB-L14-1100U<\/li>\n<li>Dou\u0103 baterii Pairdeer AA<\/li>\n<li>Cablu de \u00eenc\u0103rcare USB Type-C<\/li>\n<li>C\u00e2rlig, hus\u0103<\/li>\n<li>O-ring de rezerv\u0103<\/li>\n<li>Manual de utilizare<\/li>\n<li>Card de garan\u021bie.<\/li>\n<\/ul>\n<p><\/p>","protected":false},"excerpt":{"rendered":"","protected":false},"featured_media":63854,"comment_status":"open","ping_status":"closed","template":"","meta":{"_acf_changed":false,"inline_featured_image":false},"product_brand":[1351],"product_cat":[462],"product_tag":[],"class_list":{"0":"post-62704","1":"product","2":"type-product","3":"status-publish","4":"has-post-thumbnail","6":"product_brand-fenix","7":"product_cat-lumini-de-mana","9":"first","10":"instock","11":"shipping-taxable","12":"purchasable","13":"product-type-simple"},"acf":[],"yoast_head":"<!-- This site is optimized with the Yoast SEO plugin v27.2 - https:\/\/yoast.com\/product\/yoast-seo-wordpress\/ -->\n<title>\u0424\u043e\u043d\u0430\u0440\u044c Fenix LD22 V2.0 LED - \u041c\u0430\u0433\u0430\u0437\u0438\u043d Xstyle<\/title>\n<meta name=\"description\" content=\"\u0424\u043e\u043d\u0430\u0440\u044c Fenix LD22 V2.0 LED: \u043c\u043e\u0449\u043d\u044b\u0439, \u0432\u043e\u0434\u043e\u043d\u0435\u043f\u0440\u043e\u043d\u0438\u0446\u0430\u0435\u043c\u044b\u0439 (IP68) \u0441 USB Type-C, 1100 \u043b\u043c, \u0440\u0435\u0436\u0438\u043c\u044b \u0441\u0442\u0440\u043e\u0431\u043e\u0441\u043a\u043e\u043f\u0430 \u0438 SOS. \u0418\u0434\u0435\u0430\u043b\u0435\u043d \u0434\u043b\u044f \u0442\u0443\u0440\u0438\u0441\u0442\u043e\u0432 \u0438 \u043f\u043e\u0445\u043e\u0434\u043e\u0432.\" \/>\n<meta name=\"robots\" content=\"index, follow, max-snippet:-1, max-image-preview:large, max-video-preview:-1\" \/>\n<link rel=\"canonical\" href=\"https:\/\/xstyle.md\/ro\/produs\/fonar-fenix-ld22-v2-0-led\/\" \/>\n<meta property=\"og:locale\" content=\"ro_RO\" \/>\n<meta property=\"og:type\" content=\"article\" \/>\n<meta property=\"og:title\" content=\"\u0424\u043e\u043d\u0430\u0440\u044c Fenix LD22 V2.0 LED - \u041c\u0430\u0433\u0430\u0437\u0438\u043d Xstyle\" \/>\n<meta property=\"og:description\" content=\"\u0424\u043e\u043d\u0430\u0440\u044c Fenix LD22 V2.0 LED: \u043c\u043e\u0449\u043d\u044b\u0439, \u0432\u043e\u0434\u043e\u043d\u0435\u043f\u0440\u043e\u043d\u0438\u0446\u0430\u0435\u043c\u044b\u0439 (IP68) \u0441 USB Type-C, 1100 \u043b\u043c, \u0440\u0435\u0436\u0438\u043c\u044b \u0441\u0442\u0440\u043e\u0431\u043e\u0441\u043a\u043e\u043f\u0430 \u0438 SOS. \u0418\u0434\u0435\u0430\u043b\u0435\u043d \u0434\u043b\u044f \u0442\u0443\u0440\u0438\u0441\u0442\u043e\u0432 \u0438 \u043f\u043e\u0445\u043e\u0434\u043e\u0432.\" \/>\n<meta property=\"og:url\" content=\"https:\/\/xstyle.md\/ro\/produs\/fonar-fenix-ld22-v2-0-led\/\" \/>\n<meta property=\"og:site_name\" content=\"\u041c\u0430\u0433\u0430\u0437\u0438\u043d Xstyle\" \/>\n<meta property=\"article:publisher\" content=\"https:\/\/www.facebook.com\/xstylemd\" \/>\n<meta property=\"article:modified_time\" content=\"2025-11-27T14:49:28+00:00\" \/>\n<meta property=\"og:image\" content=\"https:\/\/xstyle.md\/wp-content\/uploads\/2023\/01\/fenix-ld22-v2.0-led0-1.jpg\" \/>\n\t<meta property=\"og:image:width\" content=\"862\" \/>\n\t<meta property=\"og:image:height\" content=\"841\" \/>\n\t<meta property=\"og:image:type\" content=\"image\/jpeg\" \/>\n<meta name=\"twitter:card\" content=\"summary_large_image\" \/>\n<meta name=\"twitter:label1\" content=\"Pre\u021b\" \/>\n\t<meta name=\"twitter:data1\" content=\"1.590&nbsp;MDL\" \/>\n\t<meta name=\"twitter:label2\" content=\"Disponibilitate\" \/>\n\t<meta name=\"twitter:data2\" content=\"\u00cen stoc\" \/>\n<script type=\"application\/ld+json\" class=\"yoast-schema-graph\">{\"@context\":\"https:\/\/schema.org\",\"@graph\":[{\"@type\":\"WebPage\",\"@id\":\"https:\/\/xstyle.md\/product\/fonar-fenix-ld22-v2-0-led\/\",\"url\":\"https:\/\/xstyle.md\/product\/fonar-fenix-ld22-v2-0-led\/\",\"name\":\"\u0424\u043e\u043d\u0430\u0440\u044c Fenix LD22 V2.0 LED - \u041c\u0430\u0433\u0430\u0437\u0438\u043d Xstyle\",\"isPartOf\":{\"@id\":\"https:\/\/xstyle.md\/#website\"},\"primaryImageOfPage\":{\"@id\":\"https:\/\/xstyle.md\/product\/fonar-fenix-ld22-v2-0-led\/#primaryimage\"},\"image\":{\"@id\":\"https:\/\/xstyle.md\/product\/fonar-fenix-ld22-v2-0-led\/#primaryimage\"},\"thumbnailUrl\":\"https:\/\/xstyle.md\/wp-content\/uploads\/2023\/01\/fenix-ld22-v2.0-led0-1.jpg\",\"datePublished\":\"2023-01-10T16:53:57+00:00\",\"dateModified\":\"2025-11-27T14:49:28+00:00\",\"description\":\"\u0424\u043e\u043d\u0430\u0440\u044c Fenix LD22 V2.0 LED: \u043c\u043e\u0449\u043d\u044b\u0439, \u0432\u043e\u0434\u043e\u043d\u0435\u043f\u0440\u043e\u043d\u0438\u0446\u0430\u0435\u043c\u044b\u0439 (IP68) \u0441 USB Type-C, 1100 \u043b\u043c, \u0440\u0435\u0436\u0438\u043c\u044b \u0441\u0442\u0440\u043e\u0431\u043e\u0441\u043a\u043e\u043f\u0430 \u0438 SOS. \u0418\u0434\u0435\u0430\u043b\u0435\u043d \u0434\u043b\u044f \u0442\u0443\u0440\u0438\u0441\u0442\u043e\u0432 \u0438 \u043f\u043e\u0445\u043e\u0434\u043e\u0432.\",\"breadcrumb\":{\"@id\":\"https:\/\/xstyle.md\/product\/fonar-fenix-ld22-v2-0-led\/#breadcrumb\"},\"inLanguage\":\"ro-RO\",\"potentialAction\":[{\"@type\":\"ReadAction\",\"target\":[\"https:\/\/xstyle.md\/product\/fonar-fenix-ld22-v2-0-led\/\"]}]},{\"@type\":\"ImageObject\",\"inLanguage\":\"ro-RO\",\"@id\":\"https:\/\/xstyle.md\/product\/fonar-fenix-ld22-v2-0-led\/#primaryimage\",\"url\":\"https:\/\/xstyle.md\/wp-content\/uploads\/2023\/01\/fenix-ld22-v2.0-led0-1.jpg\",\"contentUrl\":\"https:\/\/xstyle.md\/wp-content\/uploads\/2023\/01\/fenix-ld22-v2.0-led0-1.jpg\",\"width\":862,\"height\":841,\"caption\":\"\u0422\u043e\u0440\u0433\u043e\u0432\u043b\u044f \u0434\u043b\u044f \u0430\u043a\u0442\u0438\u0432\u043d\u043e\u0433\u043e \u043e\u0442\u0434\u044b\u0445\u0430 \u0444\u043e\u043d\u0430\u0440\u044c Fenix LD22 V2.0 LED \u0434\u043b\u044f \u043f\u0435\u0448\u0435\u0433\u043e \u0442\u0443\u0440\u0438\u0437\u043c\u0430 \u0430\u043b\u044c\u043f\u0438\u043d\u0438\u0437\u043c\u0430 \u0438 \u043f\u0443\u0442\u0435\u0448\u0435\u0441\u0442\u0432\u0438\u0439 \u0432 \u0438\u043d\u0442\u0435\u0440\u043d\u0435\u0442-\u043c\u0430\u0433\u0430\u0437\u0438\u043d\u0435 \u0441\u043f\u043e\u0440\u0442\u0438\u0432\u043d\u043e\u0439 \u043e\u0434\u0435\u0436\u0434\u044b \u0438 \u043e\u0431\u0443\u0432\u0438\"},{\"@type\":\"BreadcrumbList\",\"@id\":\"https:\/\/xstyle.md\/product\/fonar-fenix-ld22-v2-0-led\/#breadcrumb\",\"itemListElement\":[{\"@type\":\"ListItem\",\"position\":1,\"name\":\"\u0413\u043b\u0430\u0432\u043d\u0430\u044f \u0441\u0442\u0440\u0430\u043d\u0438\u0446\u0430\",\"item\":\"https:\/\/xstyle.md\/\"},{\"@type\":\"ListItem\",\"position\":2,\"name\":\"\u041c\u0430\u0433\u0430\u0437\u0438\u043d\",\"item\":\"https:\/\/xstyle.md\/shop\/\"},{\"@type\":\"ListItem\",\"position\":3,\"name\":\"\u0424\u043e\u043d\u0430\u0440\u044c Fenix LD22 V2.0 LED\"}]},{\"@type\":\"WebSite\",\"@id\":\"https:\/\/xstyle.md\/#website\",\"url\":\"https:\/\/xstyle.md\/\",\"name\":\"\u041c\u0430\u0433\u0430\u0437\u0438\u043d Xstyle\",\"description\":\"C\u043d\u0430\u0440\u044f\u0436\u0435\u043d\u0438\u0435 \u0434\u043b\u044f \u0442\u0443\u0440\u0438\u0437\u043c\u0430 \u0438 \u044d\u043a\u0441\u0442\u0440\u0435\u043c\u0430\u043b\u044c\u043d\u044b\u0445 \u0432\u0438\u0434\u043e\u0432 \u0441\u043f\u043e\u0440\u0442\u0430 \u0432 \u041c\u043e\u043b\u0434\u043e\u0432\u0435.. \u0426\u0435\u043d\u044b, \u0444\u043e\u0442\u043e, \u0445\u0430\u0440\u0430\u043a\u0442\u0435\u0440\u0438\u0441\u0442\u0438\u043a\u0438 \u0432 \u041c\u043e\u043b\u0434\u043e\u0432\u0435.\",\"publisher\":{\"@id\":\"https:\/\/xstyle.md\/#organization\"},\"alternateName\":\"X-Style\",\"potentialAction\":[{\"@type\":\"SearchAction\",\"target\":{\"@type\":\"EntryPoint\",\"urlTemplate\":\"https:\/\/xstyle.md\/?s={search_term_string}\"},\"query-input\":{\"@type\":\"PropertyValueSpecification\",\"valueRequired\":true,\"valueName\":\"search_term_string\"}}],\"inLanguage\":\"ro-RO\"},{\"@type\":\"Organization\",\"@id\":\"https:\/\/xstyle.md\/#organization\",\"name\":\"\u041c\u0430\u0433\u0430\u0437\u0438\u043d Xstyle\",\"alternateName\":\"x-style\",\"url\":\"https:\/\/xstyle.md\/\",\"logo\":{\"@type\":\"ImageObject\",\"inLanguage\":\"ro-RO\",\"@id\":\"https:\/\/xstyle.md\/#\/schema\/logo\/image\/\",\"url\":\"https:\/\/xstyle.md\/wp-content\/uploads\/2020\/06\/logoicon.svg\",\"contentUrl\":\"https:\/\/xstyle.md\/wp-content\/uploads\/2020\/06\/logoicon.svg\",\"caption\":\"\u041c\u0430\u0433\u0430\u0437\u0438\u043d Xstyle\"},\"image\":{\"@id\":\"https:\/\/xstyle.md\/#\/schema\/logo\/image\/\"},\"sameAs\":[\"https:\/\/www.facebook.com\/xstylemd\",\"https:\/\/www.instagram.com\/xstyle_md\/\",\"https:\/\/t.me\/xstyle_outdoor\"],\"hasMerchantReturnPolicy\":{\"@type\":\"MerchantReturnPolicy\",\"merchantReturnLink\":\"https:\/\/xstyle.md\/ro\/conditions\/\"}}]}<\/script>\n<meta property=\"product:price:amount\" content=\"1590.00\" \/>\n<meta property=\"product:price:currency\" content=\"MDL\" \/>\n<meta property=\"og:availability\" content=\"instock\" \/>\n<meta property=\"product:availability\" content=\"instock\" \/>\n<meta property=\"product:retailer_item_id\" content=\"6942870308708\" \/>\n<meta property=\"product:condition\" content=\"new\" \/>\n<!-- \/ Yoast SEO plugin. -->","yoast_head_json":{"title":"Lantern\u0103 Fenix LD22 V2.0 LED - Magazin Xstyle","description":"Lanterna Fenix LD22 V2.0 LED: puternic\u0103, rezistent\u0103 la ap\u0103 (IP68) cu USB Type-C, 1100 lm, moduri de stroboscop \u0219i SOS. Ideal\u0103 pentru turi\u0219ti \u0219i drume\u021bii.","robots":{"index":"index","follow":"follow","max-snippet":"max-snippet:-1","max-image-preview":"max-image-preview:large","max-video-preview":"max-video-preview:-1"},"canonical":"https:\/\/xstyle.md\/ro\/produs\/fonar-fenix-ld22-v2-0-led\/","og_locale":"ro_RO","og_type":"article","og_title":"\u0424\u043e\u043d\u0430\u0440\u044c Fenix LD22 V2.0 LED - \u041c\u0430\u0433\u0430\u0437\u0438\u043d Xstyle","og_description":"\u0424\u043e\u043d\u0430\u0440\u044c Fenix LD22 V2.0 LED: \u043c\u043e\u0449\u043d\u044b\u0439, \u0432\u043e\u0434\u043e\u043d\u0435\u043f\u0440\u043e\u043d\u0438\u0446\u0430\u0435\u043c\u044b\u0439 (IP68) \u0441 USB Type-C, 1100 \u043b\u043c, \u0440\u0435\u0436\u0438\u043c\u044b \u0441\u0442\u0440\u043e\u0431\u043e\u0441\u043a\u043e\u043f\u0430 \u0438 SOS. \u0418\u0434\u0435\u0430\u043b\u0435\u043d \u0434\u043b\u044f \u0442\u0443\u0440\u0438\u0441\u0442\u043e\u0432 \u0438 \u043f\u043e\u0445\u043e\u0434\u043e\u0432.","og_url":"https:\/\/xstyle.md\/ro\/produs\/fonar-fenix-ld22-v2-0-led\/","og_site_name":"\u041c\u0430\u0433\u0430\u0437\u0438\u043d Xstyle","article_publisher":"https:\/\/www.facebook.com\/xstylemd","article_modified_time":"2025-11-27T14:49:28+00:00","og_image":[{"width":862,"height":841,"url":"https:\/\/xstyle.md\/wp-content\/uploads\/2023\/01\/fenix-ld22-v2.0-led0-1.jpg","type":"image\/jpeg"}],"twitter_card":"summary_large_image","twitter_misc":{"Pre\u021b":"1.590&nbsp;MDL","Disponibilitate":"\u00cen stoc"},"schema":{"@context":"https:\/\/schema.org","@graph":[{"@type":"WebPage","@id":"https:\/\/xstyle.md\/product\/fonar-fenix-ld22-v2-0-led\/","url":"https:\/\/xstyle.md\/product\/fonar-fenix-ld22-v2-0-led\/","name":"Lantern\u0103 Fenix LD22 V2.0 LED - Magazin Xstyle","isPartOf":{"@id":"https:\/\/xstyle.md\/#website"},"primaryImageOfPage":{"@id":"https:\/\/xstyle.md\/product\/fonar-fenix-ld22-v2-0-led\/#primaryimage"},"image":{"@id":"https:\/\/xstyle.md\/product\/fonar-fenix-ld22-v2-0-led\/#primaryimage"},"thumbnailUrl":"https:\/\/xstyle.md\/wp-content\/uploads\/2023\/01\/fenix-ld22-v2.0-led0-1.jpg","datePublished":"2023-01-10T16:53:57+00:00","dateModified":"2025-11-27T14:49:28+00:00","description":"Lanterna Fenix LD22 V2.0 LED: puternic\u0103, rezistent\u0103 la ap\u0103 (IP68) cu USB Type-C, 1100 lm, moduri de stroboscop \u0219i SOS. Ideal\u0103 pentru turi\u0219ti \u0219i drume\u021bii.","breadcrumb":{"@id":"https:\/\/xstyle.md\/product\/fonar-fenix-ld22-v2-0-led\/#breadcrumb"},"inLanguage":"ro-RO","potentialAction":[{"@type":"ReadAction","target":["https:\/\/xstyle.md\/product\/fonar-fenix-ld22-v2-0-led\/"]}]},{"@type":"ImageObject","inLanguage":"ro-RO","@id":"https:\/\/xstyle.md\/product\/fonar-fenix-ld22-v2-0-led\/#primaryimage","url":"https:\/\/xstyle.md\/wp-content\/uploads\/2023\/01\/fenix-ld22-v2.0-led0-1.jpg","contentUrl":"https:\/\/xstyle.md\/wp-content\/uploads\/2023\/01\/fenix-ld22-v2.0-led0-1.jpg","width":862,"height":841,"caption":"\u0422\u043e\u0440\u0433\u043e\u0432\u043b\u044f \u0434\u043b\u044f \u0430\u043a\u0442\u0438\u0432\u043d\u043e\u0433\u043e \u043e\u0442\u0434\u044b\u0445\u0430 \u0444\u043e\u043d\u0430\u0440\u044c Fenix LD22 V2.0 LED \u0434\u043b\u044f \u043f\u0435\u0448\u0435\u0433\u043e \u0442\u0443\u0440\u0438\u0437\u043c\u0430 \u0430\u043b\u044c\u043f\u0438\u043d\u0438\u0437\u043c\u0430 \u0438 \u043f\u0443\u0442\u0435\u0448\u0435\u0441\u0442\u0432\u0438\u0439 \u0432 \u0438\u043d\u0442\u0435\u0440\u043d\u0435\u0442-\u043c\u0430\u0433\u0430\u0437\u0438\u043d\u0435 \u0441\u043f\u043e\u0440\u0442\u0438\u0432\u043d\u043e\u0439 \u043e\u0434\u0435\u0436\u0434\u044b \u0438 \u043e\u0431\u0443\u0432\u0438"},{"@type":"BreadcrumbList","@id":"https:\/\/xstyle.md\/product\/fonar-fenix-ld22-v2-0-led\/#breadcrumb","itemListElement":[{"@type":"ListItem","position":1,"name":"\u0413\u043b\u0430\u0432\u043d\u0430\u044f \u0441\u0442\u0440\u0430\u043d\u0438\u0446\u0430","item":"https:\/\/xstyle.md\/"},{"@type":"ListItem","position":2,"name":"\u041c\u0430\u0433\u0430\u0437\u0438\u043d","item":"https:\/\/xstyle.md\/shop\/"},{"@type":"ListItem","position":3,"name":"\u0424\u043e\u043d\u0430\u0440\u044c Fenix LD22 V2.0 LED"}]},{"@type":"WebSite","@id":"https:\/\/xstyle.md\/#website","url":"https:\/\/xstyle.md\/","name":"Magazinul X-Style","description":"Echipamente pentru turism \u0219i sporturi extreme \u00een Moldova. Pre\u021buri, fotografii, caracteristici \u00een Moldova.","publisher":{"@id":"https:\/\/xstyle.md\/#organization"},"alternateName":"X-Style","potentialAction":[{"@type":"SearchAction","target":{"@type":"EntryPoint","urlTemplate":"https:\/\/xstyle.md\/?s={search_term_string}"},"query-input":{"@type":"PropertyValueSpecification","valueRequired":true,"valueName":"search_term_string"}}],"inLanguage":"ro-RO"},{"@type":"Organization","@id":"https:\/\/xstyle.md\/#organization","name":"Magazinul X-Style","alternateName":"x-style","url":"https:\/\/xstyle.md\/","logo":{"@type":"ImageObject","inLanguage":"ro-RO","@id":"https:\/\/xstyle.md\/#\/schema\/logo\/image\/","url":"https:\/\/xstyle.md\/wp-content\/uploads\/2020\/06\/logoicon.svg","contentUrl":"https:\/\/xstyle.md\/wp-content\/uploads\/2020\/06\/logoicon.svg","caption":"\u041c\u0430\u0433\u0430\u0437\u0438\u043d Xstyle"},"image":{"@id":"https:\/\/xstyle.md\/#\/schema\/logo\/image\/"},"sameAs":["https:\/\/www.facebook.com\/xstylemd","https:\/\/www.instagram.com\/xstyle_md\/","https:\/\/t.me\/xstyle_outdoor"],"hasMerchantReturnPolicy":{"@type":"MerchantReturnPolicy","merchantReturnLink":"https:\/\/xstyle.md\/ro\/conditions\/"}}]},"product_price_amount":"1590.00","product_price_currency":"MDL","og_availability":"instock","product_availability":"instock","product_retailer_item_id":"6942870308708","product_condition":"new"},"post_mailing_queue_ids":[],"_links":{"self":[{"href":"https:\/\/xstyle.md\/ro\/wp-json\/wp\/v2\/product\/62704","targetHints":{"allow":["GET"]}}],"collection":[{"href":"https:\/\/xstyle.md\/ro\/wp-json\/wp\/v2\/product"}],"about":[{"href":"https:\/\/xstyle.md\/ro\/wp-json\/wp\/v2\/types\/product"}],"replies":[{"embeddable":true,"href":"https:\/\/xstyle.md\/ro\/wp-json\/wp\/v2\/comments?post=62704"}],"wp:featuredmedia":[{"embeddable":true,"href":"https:\/\/xstyle.md\/ro\/wp-json\/wp\/v2\/media\/63854"}],"wp:attachment":[{"href":"https:\/\/xstyle.md\/ro\/wp-json\/wp\/v2\/media?parent=62704"}],"wp:term":[{"taxonomy":"product_brand","embeddable":true,"href":"https:\/\/xstyle.md\/ro\/wp-json\/wp\/v2\/product_brand?post=62704"},{"taxonomy":"product_cat","embeddable":true,"href":"https:\/\/xstyle.md\/ro\/wp-json\/wp\/v2\/product_cat?post=62704"},{"taxonomy":"product_tag","embeddable":true,"href":"https:\/\/xstyle.md\/ro\/wp-json\/wp\/v2\/product_tag?post=62704"}],"curies":[{"name":"wp","href":"https:\/\/api.w.org\/{rel}","templated":true}]}}