{"id":62703,"date":"2023-01-10T19:53:57","date_gmt":"2023-01-10T16:53:57","guid":{"rendered":"https:\/\/xstyle.md\/?post_type=product&#038;p=62703"},"modified":"2024-10-03T00:55:07","modified_gmt":"2024-10-02T21:55:07","slug":"fonar-fenix-e-star-led","status":"publish","type":"product","link":"https:\/\/xstyle.md\/ro\/produs\/fonar-fenix-e-star-led\/","title":{"rendered":"Lantern\u0103 Fenix E-STAR LED"},"content":{"rendered":"<\/p>\n<p><strong>Fenix E-STAR LED<\/strong> &#8212; lantern\u0103 compact\u0103 pentru situa\u021bii de urgen\u021b\u0103. Dispune de propria surs\u0103 de alimentare autonom\u0103 pentru situa\u021bii de urgen\u021b\u0103, inclusiv \u00een zonele f\u0103r\u0103 alimentare stabil\u0103 cu energie electric\u0103 \u0219i \u00een zonele afectate de dezastre naturale.<\/p>\n<p>Poate fi folosit ca echipament PSK\/BOB, poate fi folosit \u0219i ca lantern\u0103 de rezerv\u0103 pentru activit\u0103\u021bi lungi \u00een aer liber. Fenix E-STAR are patru niveluri diferite de luminozitate. Modurile Medium \u0219i Low pot fi operate f\u0103r\u0103 \u00eentrerupere prin ap\u0103sarea manual\u0103 a butonului. Modurile High \u0219i Turbo sunt concepute pentru a oferi cea mai bun\u0103 iluminare \u00een timpul utiliz\u0103rii bateriei.<\/p>\n<p>Pute\u021bi utiliza modelul \u00een timp ce se \u00eencarc\u0103, o singur\u0103 ap\u0103sare a m\u00e2inii este suficient\u0103 pentru a genera energie, ceea ce este convenabil chiar \u0219i pentru perioade lungi de utilizare. Cealalt\u0103 surs\u0103 de energie provine de la bateria Ni-MH cu autodesc\u0103rcare redus\u0103 inclus\u0103, o baterie AA obi\u0219nuit\u0103 va fi de asemenea suficient\u0103. Lanterna accept\u0103 \u00eenc\u0103rcarea prin USB Type-c cu un super condensator \u00eencorporat.<\/p>\n<p>Iluminarea este asigurat\u0103 de diode de lumin\u0103 alb\u0103 de \u00eenalt\u0103 calitate, \u00een conformitate cu standardele IES LM-80, cu o durat\u0103 de via\u021b\u0103 de 50.000 de ore. Luminozitatea este de 100 de lumeni, cu o raz\u0103 de ac\u021biune a fasciculului de 40 de metri. Lentilele optice din policarbonat de \u00eenalt\u0103 calitate reduc \u00een mod eficient pierderile de lumin\u0103. Felinarul este fabricat din plastic ABS tehnic, \u00een conformitate cu designul industrial ergonomic.<\/p>\n<h3>Particularit\u0103\u021bi<\/h3>\n<ul>\n<li>Lantern\u0103 compact\u0103 pentru turism \u0219i activit\u0103\u021bi \u00een aer liber<\/li>\n<li>Lentile optice din policarbonat de \u00eenalt\u0103 calitate<\/li>\n<li>Autonomie complet\u0103<\/li>\n<li>Include o baterie de 1300mAh<\/li>\n<li>Compatibil\u0103 cu baterii AA<\/li>\n<li>Diod\u0103 economic\u0103<\/li>\n<li>Port de \u00eenc\u0103rcare modern de tip C<\/li>\n<li>Durata de via\u021b\u0103 a bateriei de 140 de ore<\/li>\n<li>Indicarea nivelului de \u00eenc\u0103rcare<\/li>\n<li>Protec\u021bie \u00eempotriva supra\u00eenc\u0103lzirii.<\/li>\n<\/ul>\n<h3>Moduri<\/h3>\n<ul>\n<li><strong>Turbo.<\/strong> Luminozitatea luminii ajunge la 100 de lumeni, distan\u021ba fasciculului este de 40 de metri, iar intensitatea fluxului este de 400 candela;<\/li>\n<li><strong>High:<\/strong> fluxul luminos ajunge la 20 de lumeni, distan\u021ba fasciculului &#8212; p\u00e2n\u0103 la 18 metri, lanterna str\u0103luce\u0219te \u00een acest mod timp de 10 ore. Intensitatea fluxului este de 81 candela;<\/li>\n<li><strong>Med:<\/strong> luminozitatea luminoas\u0103 &#8212; 3 lumeni, durata de func\u021bionare &#8212; 60 de ore, distan\u021ba fasciculului &#8212; 7 metri, intensitatea fluxului &#8212; 13 candela;<\/li>\n<li><strong>Low:<\/strong> luminozitatea luminii &#8212; 1 lumen, durata de iluminare &#8212; 120 de ore, distan\u021ba &#8212; 4 metri, intensitatea &#8212; 4 candela.<\/li>\n<\/ul>\n<h3>Caracteristici<\/h3>\n<ul>\n<li>Dimensiuni &#8212; 135 x 53 x 24 mm<\/li>\n<li>Flux luminos &#8212; p\u00e2n\u0103 la 100 lm<\/li>\n<li>Raza de ac\u021biune a fasciculului &#8212; 40 m<\/li>\n<li>Material carcas\u0103 &#8212; ABS-plastic<\/li>\n<li>\u00cenc\u0103rcare &#8212; USB Type-C<\/li>\n<li>Durata maxim\u0103 de func\u021bionare &#8212; 120 de ore<\/li>\n<li>Rezistent la ap\u0103 &#8212; IP24<\/li>\n<li>Greutate &#8212; 128 g.<\/li>\n<\/ul>\n<h3>Setul include<\/h3>\n<ul>\n<li>Lantern\u0103 Fenix E-STAR<\/li>\n<li>Baterie Ni-MH 1300mAh cu autodesc\u0103rcare redus\u0103<\/li>\n<li>Cablu de \u00eenc\u0103rcare USB Type-C \u0219nur<\/li>\n<li>Manual de utilizare<\/li>\n<li>Card de garan\u021bie.<\/li>\n<\/ul>\n<p><\/p>","protected":false},"excerpt":{"rendered":"","protected":false},"featured_media":63847,"comment_status":"open","ping_status":"closed","template":"","meta":{"_acf_changed":false,"inline_featured_image":false},"product_brand":[1351],"product_cat":[462],"product_tag":[],"class_list":{"0":"post-62703","1":"product","2":"type-product","3":"status-publish","4":"has-post-thumbnail","6":"product_brand-fenix","7":"product_cat-lumini-de-mana","9":"first","10":"instock","11":"shipping-taxable","12":"purchasable","13":"product-type-simple"},"acf":[],"yoast_head":"<!-- This site is optimized with the Yoast SEO plugin v27.2 - https:\/\/yoast.com\/product\/yoast-seo-wordpress\/ -->\n<title>\u0424\u043e\u043d\u0430\u0440\u044c Fenix E-STAR LED - \u041c\u0430\u0433\u0430\u0437\u0438\u043d Xstyle<\/title>\n<meta name=\"description\" content=\"\u0424\u043e\u043d\u0430\u0440\u044c Fenix E-STAR LED \u2014 \u043a\u043e\u043c\u043f\u0430\u043a\u0442\u043d\u044b\u0439 \u0438 \u043c\u043e\u0449\u043d\u044b\u0439, \u0441 USB Type-C \u0438 NiMH 1300mAh. \u0418\u0434\u0435\u0430\u043b\u0435\u043d \u0434\u043b\u044f \u044d\u043a\u0441\u0442\u0440\u0435\u043d\u043d\u044b\u0445 \u0441\u0438\u0442\u0443\u0430\u0446\u0438\u0439. \u041a\u0443\u043f\u0438\u0442\u0435 \u0432\u044b\u0441\u043e\u043a\u043e\u043a\u0430\u0447\u0435\u0441\u0442\u0432\u0435\u043d\u043d\u043e\u0435 \u043e\u0441\u0432\u0435\u0449\u0435\u043d\u0438\u0435!\" \/>\n<meta name=\"robots\" content=\"index, follow, max-snippet:-1, max-image-preview:large, max-video-preview:-1\" \/>\n<link rel=\"canonical\" href=\"https:\/\/xstyle.md\/ro\/produs\/fonar-fenix-e-star-led\/\" \/>\n<meta property=\"og:locale\" content=\"ro_RO\" \/>\n<meta property=\"og:type\" content=\"article\" \/>\n<meta property=\"og:title\" content=\"\u0424\u043e\u043d\u0430\u0440\u044c Fenix E-STAR LED - \u041c\u0430\u0433\u0430\u0437\u0438\u043d Xstyle\" \/>\n<meta property=\"og:description\" content=\"\u0424\u043e\u043d\u0430\u0440\u044c Fenix E-STAR LED \u2014 \u043a\u043e\u043c\u043f\u0430\u043a\u0442\u043d\u044b\u0439 \u0438 \u043c\u043e\u0449\u043d\u044b\u0439, \u0441 USB Type-C \u0438 NiMH 1300mAh. \u0418\u0434\u0435\u0430\u043b\u0435\u043d \u0434\u043b\u044f \u044d\u043a\u0441\u0442\u0440\u0435\u043d\u043d\u044b\u0445 \u0441\u0438\u0442\u0443\u0430\u0446\u0438\u0439. \u041a\u0443\u043f\u0438\u0442\u0435 \u0432\u044b\u0441\u043e\u043a\u043e\u043a\u0430\u0447\u0435\u0441\u0442\u0432\u0435\u043d\u043d\u043e\u0435 \u043e\u0441\u0432\u0435\u0449\u0435\u043d\u0438\u0435!\" \/>\n<meta property=\"og:url\" content=\"https:\/\/xstyle.md\/ro\/produs\/fonar-fenix-e-star-led\/\" \/>\n<meta property=\"og:site_name\" content=\"\u041c\u0430\u0433\u0430\u0437\u0438\u043d Xstyle\" \/>\n<meta property=\"article:publisher\" content=\"https:\/\/www.facebook.com\/xstylemd\" \/>\n<meta property=\"article:modified_time\" content=\"2024-10-02T21:55:07+00:00\" \/>\n<meta property=\"og:image\" content=\"https:\/\/xstyle.md\/wp-content\/uploads\/2023\/01\/fenix-e-star-led.jpg\" \/>\n\t<meta property=\"og:image:width\" content=\"1014\" \/>\n\t<meta property=\"og:image:height\" content=\"949\" \/>\n\t<meta property=\"og:image:type\" content=\"image\/jpeg\" \/>\n<meta name=\"twitter:card\" content=\"summary_large_image\" \/>\n<meta name=\"twitter:label1\" content=\"Pre\u021b\" \/>\n\t<meta name=\"twitter:data1\" content=\"680&nbsp;MDL\" \/>\n\t<meta name=\"twitter:label2\" content=\"Disponibilitate\" \/>\n\t<meta name=\"twitter:data2\" content=\"\u00cen stoc\" \/>\n<script type=\"application\/ld+json\" class=\"yoast-schema-graph\">{\"@context\":\"https:\/\/schema.org\",\"@graph\":[{\"@type\":\"WebPage\",\"@id\":\"https:\/\/xstyle.md\/product\/fonar-fenix-e-star-led\/\",\"url\":\"https:\/\/xstyle.md\/product\/fonar-fenix-e-star-led\/\",\"name\":\"\u0424\u043e\u043d\u0430\u0440\u044c Fenix E-STAR LED - \u041c\u0430\u0433\u0430\u0437\u0438\u043d Xstyle\",\"isPartOf\":{\"@id\":\"https:\/\/xstyle.md\/#website\"},\"primaryImageOfPage\":{\"@id\":\"https:\/\/xstyle.md\/product\/fonar-fenix-e-star-led\/#primaryimage\"},\"image\":{\"@id\":\"https:\/\/xstyle.md\/product\/fonar-fenix-e-star-led\/#primaryimage\"},\"thumbnailUrl\":\"https:\/\/xstyle.md\/wp-content\/uploads\/2023\/01\/fenix-e-star-led.jpg\",\"datePublished\":\"2023-01-10T16:53:57+00:00\",\"dateModified\":\"2024-10-02T21:55:07+00:00\",\"description\":\"\u0424\u043e\u043d\u0430\u0440\u044c Fenix E-STAR LED \u2014 \u043a\u043e\u043c\u043f\u0430\u043a\u0442\u043d\u044b\u0439 \u0438 \u043c\u043e\u0449\u043d\u044b\u0439, \u0441 USB Type-C \u0438 NiMH 1300mAh. \u0418\u0434\u0435\u0430\u043b\u0435\u043d \u0434\u043b\u044f \u044d\u043a\u0441\u0442\u0440\u0435\u043d\u043d\u044b\u0445 \u0441\u0438\u0442\u0443\u0430\u0446\u0438\u0439. \u041a\u0443\u043f\u0438\u0442\u0435 \u0432\u044b\u0441\u043e\u043a\u043e\u043a\u0430\u0447\u0435\u0441\u0442\u0432\u0435\u043d\u043d\u043e\u0435 \u043e\u0441\u0432\u0435\u0449\u0435\u043d\u0438\u0435!\",\"breadcrumb\":{\"@id\":\"https:\/\/xstyle.md\/product\/fonar-fenix-e-star-led\/#breadcrumb\"},\"inLanguage\":\"ro-RO\",\"potentialAction\":[{\"@type\":\"ReadAction\",\"target\":[\"https:\/\/xstyle.md\/product\/fonar-fenix-e-star-led\/\"]}]},{\"@type\":\"ImageObject\",\"inLanguage\":\"ro-RO\",\"@id\":\"https:\/\/xstyle.md\/product\/fonar-fenix-e-star-led\/#primaryimage\",\"url\":\"https:\/\/xstyle.md\/wp-content\/uploads\/2023\/01\/fenix-e-star-led.jpg\",\"contentUrl\":\"https:\/\/xstyle.md\/wp-content\/uploads\/2023\/01\/fenix-e-star-led.jpg\",\"width\":1014,\"height\":949,\"caption\":\"\u041b\u0435\u0433\u043a\u0438\u0439 \u0442\u0443\u0440\u0438\u0441\u0442\u0438\u0447\u0435\u0441\u043a\u0438\u0439 \u0444\u043e\u043d\u0430\u0440\u044c Fenix E-STAR LED \u0434\u043b\u044f \u0430\u043a\u0442\u0438\u0432\u043d\u043e\u0433\u043e \u043e\u0442\u0434\u044b\u0445\u0430, \u043f\u043e\u0445\u043e\u0434\u043e\u0432, \u043f\u0443\u0442\u0435\u0448\u0435\u0441\u0442\u0432\u0438\u0439 \u0438 \u0430\u043b\u044c\u043f\u0438\u043d\u0438\u0437\u043c\u0430, \u0441\u043f\u0435\u0446\u0438\u0430\u043b\u044c\u043d\u043e \u0434\u043b\u044f \u043e\u043d\u043b\u0430\u0439\u043d-\u043c\u0430\u0433\u0430\u0437\u0438\u043d\u0430 \u043e\u0431\u0443\u0432\u0438 \u0438 \u044d\u043a\u0438\u043f\u0438\u0440\u043e\u0432\u043a\u0438 \u0434\u043b\u044f \u043b\u044e\u0431\u0438\u0442\u0435\u043b\u0435\u0439 \u0430\u043a\u0442\u0438\u0432\u043d\u043e\u0433\u043e \u043e\u0431\u0440\u0430\u0437\u0430 \u0436\u0438\u0437\u043d\u0438\"},{\"@type\":\"BreadcrumbList\",\"@id\":\"https:\/\/xstyle.md\/product\/fonar-fenix-e-star-led\/#breadcrumb\",\"itemListElement\":[{\"@type\":\"ListItem\",\"position\":1,\"name\":\"\u0413\u043b\u0430\u0432\u043d\u0430\u044f \u0441\u0442\u0440\u0430\u043d\u0438\u0446\u0430\",\"item\":\"https:\/\/xstyle.md\/\"},{\"@type\":\"ListItem\",\"position\":2,\"name\":\"\u041c\u0430\u0433\u0430\u0437\u0438\u043d\",\"item\":\"https:\/\/xstyle.md\/shop\/\"},{\"@type\":\"ListItem\",\"position\":3,\"name\":\"\u0424\u043e\u043d\u0430\u0440\u044c Fenix E-STAR LED\"}]},{\"@type\":\"WebSite\",\"@id\":\"https:\/\/xstyle.md\/#website\",\"url\":\"https:\/\/xstyle.md\/\",\"name\":\"\u041c\u0430\u0433\u0430\u0437\u0438\u043d Xstyle\",\"description\":\"C\u043d\u0430\u0440\u044f\u0436\u0435\u043d\u0438\u0435 \u0434\u043b\u044f \u0442\u0443\u0440\u0438\u0437\u043c\u0430 \u0438 \u044d\u043a\u0441\u0442\u0440\u0435\u043c\u0430\u043b\u044c\u043d\u044b\u0445 \u0432\u0438\u0434\u043e\u0432 \u0441\u043f\u043e\u0440\u0442\u0430 \u0432 \u041c\u043e\u043b\u0434\u043e\u0432\u0435.. \u0426\u0435\u043d\u044b, \u0444\u043e\u0442\u043e, \u0445\u0430\u0440\u0430\u043a\u0442\u0435\u0440\u0438\u0441\u0442\u0438\u043a\u0438 \u0432 \u041c\u043e\u043b\u0434\u043e\u0432\u0435.\",\"publisher\":{\"@id\":\"https:\/\/xstyle.md\/#organization\"},\"alternateName\":\"X-Style\",\"potentialAction\":[{\"@type\":\"SearchAction\",\"target\":{\"@type\":\"EntryPoint\",\"urlTemplate\":\"https:\/\/xstyle.md\/?s={search_term_string}\"},\"query-input\":{\"@type\":\"PropertyValueSpecification\",\"valueRequired\":true,\"valueName\":\"search_term_string\"}}],\"inLanguage\":\"ro-RO\"},{\"@type\":\"Organization\",\"@id\":\"https:\/\/xstyle.md\/#organization\",\"name\":\"\u041c\u0430\u0433\u0430\u0437\u0438\u043d Xstyle\",\"alternateName\":\"x-style\",\"url\":\"https:\/\/xstyle.md\/\",\"logo\":{\"@type\":\"ImageObject\",\"inLanguage\":\"ro-RO\",\"@id\":\"https:\/\/xstyle.md\/#\/schema\/logo\/image\/\",\"url\":\"https:\/\/xstyle.md\/wp-content\/uploads\/2020\/06\/logoicon.svg\",\"contentUrl\":\"https:\/\/xstyle.md\/wp-content\/uploads\/2020\/06\/logoicon.svg\",\"caption\":\"\u041c\u0430\u0433\u0430\u0437\u0438\u043d Xstyle\"},\"image\":{\"@id\":\"https:\/\/xstyle.md\/#\/schema\/logo\/image\/\"},\"sameAs\":[\"https:\/\/www.facebook.com\/xstylemd\",\"https:\/\/www.instagram.com\/xstyle_md\/\",\"https:\/\/t.me\/xstyle_outdoor\"],\"hasMerchantReturnPolicy\":{\"@type\":\"MerchantReturnPolicy\",\"merchantReturnLink\":\"https:\/\/xstyle.md\/ro\/conditions\/\"}}]}<\/script>\n<meta property=\"product:price:amount\" content=\"680.00\" \/>\n<meta property=\"product:price:currency\" content=\"MDL\" \/>\n<meta property=\"og:availability\" content=\"instock\" \/>\n<meta property=\"product:availability\" content=\"instock\" \/>\n<meta property=\"product:retailer_item_id\" content=\"6942870308203\" \/>\n<meta property=\"product:condition\" content=\"new\" \/>\n<!-- \/ Yoast SEO plugin. -->","yoast_head_json":{"title":"Lantern\u0103 Fenix E-STAR LED - Magazin Xstyle","description":"Lanterna Fenix E-STAR LED \u2014 compact\u0103 \u0219i puternic\u0103, cu USB Type-C \u0219i NiMH 1300mAh. Ideal\u0103 pentru situa\u021bii de urgen\u021b\u0103. Cump\u0103ra\u021bi un iluminat de \u00eenalt\u0103 calitate!","robots":{"index":"index","follow":"follow","max-snippet":"max-snippet:-1","max-image-preview":"max-image-preview:large","max-video-preview":"max-video-preview:-1"},"canonical":"https:\/\/xstyle.md\/ro\/produs\/fonar-fenix-e-star-led\/","og_locale":"ro_RO","og_type":"article","og_title":"\u0424\u043e\u043d\u0430\u0440\u044c Fenix E-STAR LED - \u041c\u0430\u0433\u0430\u0437\u0438\u043d Xstyle","og_description":"\u0424\u043e\u043d\u0430\u0440\u044c Fenix E-STAR LED \u2014 \u043a\u043e\u043c\u043f\u0430\u043a\u0442\u043d\u044b\u0439 \u0438 \u043c\u043e\u0449\u043d\u044b\u0439, \u0441 USB Type-C \u0438 NiMH 1300mAh. \u0418\u0434\u0435\u0430\u043b\u0435\u043d \u0434\u043b\u044f \u044d\u043a\u0441\u0442\u0440\u0435\u043d\u043d\u044b\u0445 \u0441\u0438\u0442\u0443\u0430\u0446\u0438\u0439. \u041a\u0443\u043f\u0438\u0442\u0435 \u0432\u044b\u0441\u043e\u043a\u043e\u043a\u0430\u0447\u0435\u0441\u0442\u0432\u0435\u043d\u043d\u043e\u0435 \u043e\u0441\u0432\u0435\u0449\u0435\u043d\u0438\u0435!","og_url":"https:\/\/xstyle.md\/ro\/produs\/fonar-fenix-e-star-led\/","og_site_name":"\u041c\u0430\u0433\u0430\u0437\u0438\u043d Xstyle","article_publisher":"https:\/\/www.facebook.com\/xstylemd","article_modified_time":"2024-10-02T21:55:07+00:00","og_image":[{"width":1014,"height":949,"url":"https:\/\/xstyle.md\/wp-content\/uploads\/2023\/01\/fenix-e-star-led.jpg","type":"image\/jpeg"}],"twitter_card":"summary_large_image","twitter_misc":{"Pre\u021b":"680&nbsp;MDL","Disponibilitate":"\u00cen stoc"},"schema":{"@context":"https:\/\/schema.org","@graph":[{"@type":"WebPage","@id":"https:\/\/xstyle.md\/product\/fonar-fenix-e-star-led\/","url":"https:\/\/xstyle.md\/product\/fonar-fenix-e-star-led\/","name":"Lantern\u0103 Fenix E-STAR LED - Magazin Xstyle","isPartOf":{"@id":"https:\/\/xstyle.md\/#website"},"primaryImageOfPage":{"@id":"https:\/\/xstyle.md\/product\/fonar-fenix-e-star-led\/#primaryimage"},"image":{"@id":"https:\/\/xstyle.md\/product\/fonar-fenix-e-star-led\/#primaryimage"},"thumbnailUrl":"https:\/\/xstyle.md\/wp-content\/uploads\/2023\/01\/fenix-e-star-led.jpg","datePublished":"2023-01-10T16:53:57+00:00","dateModified":"2024-10-02T21:55:07+00:00","description":"Lanterna Fenix E-STAR LED \u2014 compact\u0103 \u0219i puternic\u0103, cu USB Type-C \u0219i NiMH 1300mAh. Ideal\u0103 pentru situa\u021bii de urgen\u021b\u0103. Cump\u0103ra\u021bi un iluminat de \u00eenalt\u0103 calitate!","breadcrumb":{"@id":"https:\/\/xstyle.md\/product\/fonar-fenix-e-star-led\/#breadcrumb"},"inLanguage":"ro-RO","potentialAction":[{"@type":"ReadAction","target":["https:\/\/xstyle.md\/product\/fonar-fenix-e-star-led\/"]}]},{"@type":"ImageObject","inLanguage":"ro-RO","@id":"https:\/\/xstyle.md\/product\/fonar-fenix-e-star-led\/#primaryimage","url":"https:\/\/xstyle.md\/wp-content\/uploads\/2023\/01\/fenix-e-star-led.jpg","contentUrl":"https:\/\/xstyle.md\/wp-content\/uploads\/2023\/01\/fenix-e-star-led.jpg","width":1014,"height":949,"caption":"\u041b\u0435\u0433\u043a\u0438\u0439 \u0442\u0443\u0440\u0438\u0441\u0442\u0438\u0447\u0435\u0441\u043a\u0438\u0439 \u0444\u043e\u043d\u0430\u0440\u044c Fenix E-STAR LED \u0434\u043b\u044f \u0430\u043a\u0442\u0438\u0432\u043d\u043e\u0433\u043e \u043e\u0442\u0434\u044b\u0445\u0430, \u043f\u043e\u0445\u043e\u0434\u043e\u0432, \u043f\u0443\u0442\u0435\u0448\u0435\u0441\u0442\u0432\u0438\u0439 \u0438 \u0430\u043b\u044c\u043f\u0438\u043d\u0438\u0437\u043c\u0430, \u0441\u043f\u0435\u0446\u0438\u0430\u043b\u044c\u043d\u043e \u0434\u043b\u044f \u043e\u043d\u043b\u0430\u0439\u043d-\u043c\u0430\u0433\u0430\u0437\u0438\u043d\u0430 \u043e\u0431\u0443\u0432\u0438 \u0438 \u044d\u043a\u0438\u043f\u0438\u0440\u043e\u0432\u043a\u0438 \u0434\u043b\u044f \u043b\u044e\u0431\u0438\u0442\u0435\u043b\u0435\u0439 \u0430\u043a\u0442\u0438\u0432\u043d\u043e\u0433\u043e \u043e\u0431\u0440\u0430\u0437\u0430 \u0436\u0438\u0437\u043d\u0438"},{"@type":"BreadcrumbList","@id":"https:\/\/xstyle.md\/product\/fonar-fenix-e-star-led\/#breadcrumb","itemListElement":[{"@type":"ListItem","position":1,"name":"\u0413\u043b\u0430\u0432\u043d\u0430\u044f \u0441\u0442\u0440\u0430\u043d\u0438\u0446\u0430","item":"https:\/\/xstyle.md\/"},{"@type":"ListItem","position":2,"name":"\u041c\u0430\u0433\u0430\u0437\u0438\u043d","item":"https:\/\/xstyle.md\/shop\/"},{"@type":"ListItem","position":3,"name":"\u0424\u043e\u043d\u0430\u0440\u044c Fenix E-STAR LED"}]},{"@type":"WebSite","@id":"https:\/\/xstyle.md\/#website","url":"https:\/\/xstyle.md\/","name":"Magazinul X-Style","description":"Echipamente pentru turism \u0219i sporturi extreme \u00een Moldova. Pre\u021buri, fotografii, caracteristici \u00een Moldova.","publisher":{"@id":"https:\/\/xstyle.md\/#organization"},"alternateName":"X-Style","potentialAction":[{"@type":"SearchAction","target":{"@type":"EntryPoint","urlTemplate":"https:\/\/xstyle.md\/?s={search_term_string}"},"query-input":{"@type":"PropertyValueSpecification","valueRequired":true,"valueName":"search_term_string"}}],"inLanguage":"ro-RO"},{"@type":"Organization","@id":"https:\/\/xstyle.md\/#organization","name":"Magazinul X-Style","alternateName":"x-style","url":"https:\/\/xstyle.md\/","logo":{"@type":"ImageObject","inLanguage":"ro-RO","@id":"https:\/\/xstyle.md\/#\/schema\/logo\/image\/","url":"https:\/\/xstyle.md\/wp-content\/uploads\/2020\/06\/logoicon.svg","contentUrl":"https:\/\/xstyle.md\/wp-content\/uploads\/2020\/06\/logoicon.svg","caption":"\u041c\u0430\u0433\u0430\u0437\u0438\u043d Xstyle"},"image":{"@id":"https:\/\/xstyle.md\/#\/schema\/logo\/image\/"},"sameAs":["https:\/\/www.facebook.com\/xstylemd","https:\/\/www.instagram.com\/xstyle_md\/","https:\/\/t.me\/xstyle_outdoor"],"hasMerchantReturnPolicy":{"@type":"MerchantReturnPolicy","merchantReturnLink":"https:\/\/xstyle.md\/ro\/conditions\/"}}]},"product_price_amount":"680.00","product_price_currency":"MDL","og_availability":"instock","product_availability":"instock","product_retailer_item_id":"6942870308203","product_condition":"new"},"post_mailing_queue_ids":[],"_links":{"self":[{"href":"https:\/\/xstyle.md\/ro\/wp-json\/wp\/v2\/product\/62703","targetHints":{"allow":["GET"]}}],"collection":[{"href":"https:\/\/xstyle.md\/ro\/wp-json\/wp\/v2\/product"}],"about":[{"href":"https:\/\/xstyle.md\/ro\/wp-json\/wp\/v2\/types\/product"}],"replies":[{"embeddable":true,"href":"https:\/\/xstyle.md\/ro\/wp-json\/wp\/v2\/comments?post=62703"}],"wp:featuredmedia":[{"embeddable":true,"href":"https:\/\/xstyle.md\/ro\/wp-json\/wp\/v2\/media\/63847"}],"wp:attachment":[{"href":"https:\/\/xstyle.md\/ro\/wp-json\/wp\/v2\/media?parent=62703"}],"wp:term":[{"taxonomy":"product_brand","embeddable":true,"href":"https:\/\/xstyle.md\/ro\/wp-json\/wp\/v2\/product_brand?post=62703"},{"taxonomy":"product_cat","embeddable":true,"href":"https:\/\/xstyle.md\/ro\/wp-json\/wp\/v2\/product_cat?post=62703"},{"taxonomy":"product_tag","embeddable":true,"href":"https:\/\/xstyle.md\/ro\/wp-json\/wp\/v2\/product_tag?post=62703"}],"curies":[{"name":"wp","href":"https:\/\/api.w.org\/{rel}","templated":true}]}}