{"id":62702,"date":"2023-01-10T19:53:57","date_gmt":"2023-01-10T16:53:57","guid":{"rendered":"https:\/\/xstyle.md\/?post_type=product&#038;p=62702"},"modified":"2025-11-27T17:49:27","modified_gmt":"2025-11-27T14:49:27","slug":"fonar-fenix-e18r-v2-0-led","status":"publish","type":"product","link":"https:\/\/xstyle.md\/ro\/produs\/fonar-fenix-e18r-v2-0-led\/","title":{"rendered":"Lantern\u0103 Fenix E18R V2.0 LED"},"content":{"rendered":"<\/p>\n<p><strong>Fenix E18R V2.0<\/strong> &#8212; lantern\u0103 re\u00eenc\u0103rcabil\u0103, un dispozitiv puternic cu un design ultra-compact pentru utilizare zilnic\u0103. Aceast\u0103 lantern\u0103 ofer\u0103 o putere maxim\u0103 de 1200 de lumeni cu o raz\u0103 de ac\u021biune a fasciculului de 146 de metri. Lanterna este alimentat\u0103 de bateria litiu-ion ARB-L16-700P inclus\u0103 \u0219i se \u00eencarc\u0103 complet prin intermediul portului de \u00eenc\u0103rcare USB Type-C. Un comutator lateral practic activeaz\u0103 toate modurile de iluminare \u0219i include un indicator al nivelului bateriei, ajut\u00e2ndu-v\u0103 s\u0103 cunoa\u0219te\u021bi \u00eentotdeauna starea de \u00eenc\u0103rcare.<\/p>\n<p>Baza magnetic\u0103 faciliteaz\u0103 utilizarea cu m\u00e2inile libere pentru fixarea lanternei pe majoritatea suprafe\u021belor metalice. Rezistent\u0103 la ap\u0103 \u0219i praf, lanterna Fenix E18R V2.0 poate \u00eendeplini mai mult dec\u00e2t sarcini casnice. Clipul de buzunar cu dou\u0103 fe\u021be protejeaz\u0103 \u00een siguran\u021b\u0103 modelul, indiferent dac\u0103 prefera\u021bi s\u0103 \u00eel depozita\u021bi\/ transporta\u021bi cu luneta \u00een sus sau \u00een jos. Lua\u021bi aceast\u0103 lantern\u0103 cu dvs. \u00eentr-o drume\u021bie, folosi\u021bi-o la serviciu sau p\u0103stra\u021bi-o la \u00eendem\u00e2n\u0103 pentru situa\u021bii de urgen\u021b\u0103.<\/p>\n<p>Se utilizeaz\u0103 un LED Luminus SST40 alb rece cu o durat\u0103 de via\u021b\u0103 de 50.000 de ore. Exist\u0103 o op\u021biune de blocare pentru a evita activarea neinten\u021bionat\u0103 a modelului.<\/p>\n<p>Modelul are o schem\u0103 de memorie cu mod inteligent. Aceasta \u00eenseamn\u0103 c\u0103, \u00een mod implicit, modelul \u00ee\u0219i aminte\u0219te ultimul nivel utilizat, dar acest lucru nu se aplic\u0103 modurilor Turbo \u0219i Strobe. Data viitoare c\u00e2nd modelul este pornit, va fi activat nivelul utilizat \u00eenainte de oprire. Modul &#171;High&#187; este activat dac\u0103 &#171;Turbo&#187; a fost utilizat \u00eenainte de oprire.<\/p>\n<h3>Particularit\u0103\u021bi<\/h3>\n<ul>\n<li>Lantern\u0103 compact\u0103 pentru transportul EDC, turism \u0219i activit\u0103\u021bi \u00een aer liber<\/li>\n<li>Luminozitatea maxim\u0103 este de 1200 de lumeni<\/li>\n<li>Cea mai mare raz\u0103 de ac\u021biune este de 146 de metri<\/li>\n<li>6 niveluri de luminozitate<\/li>\n<li>\u00cenc\u0103rcare prin intermediul portului USB Type-C<\/li>\n<li>Clip de buzunar cu dou\u0103 fe\u021be<\/li>\n<li>Func\u021bie de blocare<\/li>\n<li>Memorie inteligent\u0103 a modurilor<\/li>\n<li>Exist\u0103 o op\u021biune de indicare a nivelului bateriei<\/li>\n<li>Protec\u021bie \u00eempotriva supra\u00eenc\u0103lzirii<\/li>\n<li>Rezisten\u021b\u0103 la \u0219ocuri &#8212; 1 metru<\/li>\n<li>Standard de protec\u021bie la praf \u0219i umiditate &#8212; IP68.<\/li>\n<\/ul>\n<h3>Moduri<\/h3>\n<ul>\n<li><strong>Turbo.<\/strong> La cel mai \u00eenalt nivel, lanterna ofer\u0103 1200 de lumeni de lumin\u0103. Durata de str\u0103lucire \u00een acest mod ajunge la 30 de minute, iar raza de ac\u021biune este egal\u0103 cu 146 de metri. Intensitatea fluxului luminos este de 5397 candela.<\/li>\n<li><strong>High.<\/strong> Fluxul luminos este de 350 lumeni, durata de func\u021bionare &#8212; 1 or\u0103 \u0219i 20 de minute. Raza de ac\u021biune este de 81 de metri, iar intensitatea luminoas\u0103 ajunge la 1661 de candela.<\/li>\n<li><strong>Med.<\/strong> Intensitatea luminoas\u0103 este de 150 lumeni, durata de str\u0103lucire &#8212; dou\u0103 ore \u0219i jum\u0103tate. Distan\u021ba fasciculului ajunge la 53 de metri, iar intensitatea fluxului este egal\u0103 cu 714 candele.<\/li>\n<li><strong>Low.<\/strong> Luminozitatea luminii este de 30 de lumeni, durata de luminozitate &#8212; 15 ore. Distan\u021ba fasciculului este de 23 de metri, iar intensitatea fluxului este de 137 de candele.<\/li>\n<li><strong>Moonlight.<\/strong> Luminozitatea luminii ajunge la 1 lumen, durata &#8212; 200 de ore. Distan\u021ba fasciculului este de 9 metri, iar intensitatea este de 4 candela.<\/li>\n<li>\u00cen modul <strong>&#171;Strobe&#187;<\/strong>, luminozitatea este de 1200 de lumeni.<\/li>\n<\/ul>\n<h3>Caracteristici<\/h3>\n<ul>\n<li>Material &#8212; aluminiu puternic A6061-T6<\/li>\n<li>LED &#8212; Luminus SST40 cu o durat\u0103 de via\u021b\u0103 de 50.000 de ore<\/li>\n<li>Dimensiuni &#8212; 67 x 22 x 22 x 22 mm<\/li>\n<li>Flux luminos &#8212; p\u00e2n\u0103 la 1200 lm<\/li>\n<li>Raza de ac\u021biune a fasciculului &#8212; 146 m<\/li>\n<li>Material carcas\u0103 &#8212; aluminiu A6061-T6<\/li>\n<li>\u00cenc\u0103rcare &#8212; USB Type-C<\/li>\n<li>Timp maxim de func\u021bionare &#8212; 200 de ore<\/li>\n<li>Rezistent la ap\u0103 &#8212; IP68<\/li>\n<li>Greutate &#8212; 56 g.<\/li>\n<\/ul>\n<h3>Setul include<\/h3>\n<ul>\n<li>Lantern\u0103 Fenix E18R V2.0<\/li>\n<li>Baterie Fenix ARB-L16-700P Li-Ion Fenix ARB-L16-700P<\/li>\n<li>Cablu de \u00eenc\u0103rcare USB Type-C<\/li>\n<li>Curea<\/li>\n<li>O-ring de rezerv\u0103<\/li>\n<li>Instruc\u021biuni de utilizare<\/li>\n<li>Card de garan\u021bie.<\/li>\n<\/ul>\n<p><\/p>","protected":false},"excerpt":{"rendered":"","protected":false},"featured_media":63843,"comment_status":"open","ping_status":"closed","template":"","meta":{"_acf_changed":false,"inline_featured_image":false},"product_brand":[1351],"product_cat":[462],"product_tag":[],"class_list":{"0":"post-62702","1":"product","2":"type-product","3":"status-publish","4":"has-post-thumbnail","6":"product_brand-fenix","7":"product_cat-lumini-de-mana","9":"first","10":"instock","11":"shipping-taxable","12":"purchasable","13":"product-type-simple"},"acf":[],"yoast_head":"<!-- This site is optimized with the Yoast SEO plugin v27.2 - https:\/\/yoast.com\/product\/yoast-seo-wordpress\/ -->\n<title>\u0424\u043e\u043d\u0430\u0440\u044c Fenix E18R V2.0 LED - \u041c\u0430\u0433\u0430\u0437\u0438\u043d Xstyle<\/title>\n<meta name=\"description\" content=\"\u0424\u043e\u043d\u0430\u0440\u044c Fenix E18R V2.0: \u043c\u043e\u0449\u043d\u043e\u0441\u0442\u044c 1200 \u041b\u043c, USB Type-C, \u0432\u043e\u0434\u043e\u043d\u0435\u043f\u0440\u043e\u043d\u0438\u0446\u0430\u0435\u043c\u043e\u0441\u0442\u044c IP68, \u0434\u043e 50 000 \u0447\u0430\u0441\u043e\u0432 \u0440\u0430\u0431\u043e\u0442\u044b. \u0418\u0434\u0435\u0430\u043b\u0435\u043d \u0434\u043b\u044f EDC. \u0417\u0430\u043a\u0430\u0436\u0438\u0442\u0435 \u0441\u0435\u0439\u0447\u0430\u0441!\" \/>\n<meta name=\"robots\" content=\"index, follow, max-snippet:-1, max-image-preview:large, max-video-preview:-1\" \/>\n<link rel=\"canonical\" href=\"https:\/\/xstyle.md\/ro\/produs\/fonar-fenix-e18r-v2-0-led\/\" \/>\n<meta property=\"og:locale\" content=\"ro_RO\" \/>\n<meta property=\"og:type\" content=\"article\" \/>\n<meta property=\"og:title\" content=\"\u0424\u043e\u043d\u0430\u0440\u044c Fenix E18R V2.0 LED - \u041c\u0430\u0433\u0430\u0437\u0438\u043d Xstyle\" \/>\n<meta property=\"og:description\" content=\"\u0424\u043e\u043d\u0430\u0440\u044c Fenix E18R V2.0: \u043c\u043e\u0449\u043d\u043e\u0441\u0442\u044c 1200 \u041b\u043c, USB Type-C, \u0432\u043e\u0434\u043e\u043d\u0435\u043f\u0440\u043e\u043d\u0438\u0446\u0430\u0435\u043c\u043e\u0441\u0442\u044c IP68, \u0434\u043e 50 000 \u0447\u0430\u0441\u043e\u0432 \u0440\u0430\u0431\u043e\u0442\u044b. \u0418\u0434\u0435\u0430\u043b\u0435\u043d \u0434\u043b\u044f EDC. \u0417\u0430\u043a\u0430\u0436\u0438\u0442\u0435 \u0441\u0435\u0439\u0447\u0430\u0441!\" \/>\n<meta property=\"og:url\" content=\"https:\/\/xstyle.md\/ro\/produs\/fonar-fenix-e18r-v2-0-led\/\" \/>\n<meta property=\"og:site_name\" content=\"\u041c\u0430\u0433\u0430\u0437\u0438\u043d Xstyle\" \/>\n<meta property=\"article:publisher\" content=\"https:\/\/www.facebook.com\/xstylemd\" \/>\n<meta property=\"article:modified_time\" content=\"2025-11-27T14:49:27+00:00\" \/>\n<meta property=\"og:image\" content=\"https:\/\/xstyle.md\/wp-content\/uploads\/2023\/01\/fenix-e18r-v2.0-led.jpg\" \/>\n\t<meta property=\"og:image:width\" content=\"1208\" \/>\n\t<meta property=\"og:image:height\" content=\"1241\" \/>\n\t<meta property=\"og:image:type\" content=\"image\/jpeg\" \/>\n<meta name=\"twitter:card\" content=\"summary_large_image\" \/>\n<meta name=\"twitter:label1\" content=\"Pre\u021b\" \/>\n\t<meta name=\"twitter:data1\" content=\"1.070&nbsp;MDL\" \/>\n\t<meta name=\"twitter:label2\" content=\"Disponibilitate\" \/>\n\t<meta name=\"twitter:data2\" content=\"\u00cen stoc\" \/>\n<script type=\"application\/ld+json\" class=\"yoast-schema-graph\">{\"@context\":\"https:\/\/schema.org\",\"@graph\":[{\"@type\":\"WebPage\",\"@id\":\"https:\/\/xstyle.md\/product\/fonar-fenix-e18r-v2-0-led\/\",\"url\":\"https:\/\/xstyle.md\/product\/fonar-fenix-e18r-v2-0-led\/\",\"name\":\"\u0424\u043e\u043d\u0430\u0440\u044c Fenix E18R V2.0 LED - \u041c\u0430\u0433\u0430\u0437\u0438\u043d Xstyle\",\"isPartOf\":{\"@id\":\"https:\/\/xstyle.md\/#website\"},\"primaryImageOfPage\":{\"@id\":\"https:\/\/xstyle.md\/product\/fonar-fenix-e18r-v2-0-led\/#primaryimage\"},\"image\":{\"@id\":\"https:\/\/xstyle.md\/product\/fonar-fenix-e18r-v2-0-led\/#primaryimage\"},\"thumbnailUrl\":\"https:\/\/xstyle.md\/wp-content\/uploads\/2023\/01\/fenix-e18r-v2.0-led.jpg\",\"datePublished\":\"2023-01-10T16:53:57+00:00\",\"dateModified\":\"2025-11-27T14:49:27+00:00\",\"description\":\"\u0424\u043e\u043d\u0430\u0440\u044c Fenix E18R V2.0: \u043c\u043e\u0449\u043d\u043e\u0441\u0442\u044c 1200 \u041b\u043c, USB Type-C, \u0432\u043e\u0434\u043e\u043d\u0435\u043f\u0440\u043e\u043d\u0438\u0446\u0430\u0435\u043c\u043e\u0441\u0442\u044c IP68, \u0434\u043e 50 000 \u0447\u0430\u0441\u043e\u0432 \u0440\u0430\u0431\u043e\u0442\u044b. \u0418\u0434\u0435\u0430\u043b\u0435\u043d \u0434\u043b\u044f EDC. \u0417\u0430\u043a\u0430\u0436\u0438\u0442\u0435 \u0441\u0435\u0439\u0447\u0430\u0441!\",\"breadcrumb\":{\"@id\":\"https:\/\/xstyle.md\/product\/fonar-fenix-e18r-v2-0-led\/#breadcrumb\"},\"inLanguage\":\"ro-RO\",\"potentialAction\":[{\"@type\":\"ReadAction\",\"target\":[\"https:\/\/xstyle.md\/product\/fonar-fenix-e18r-v2-0-led\/\"]}]},{\"@type\":\"ImageObject\",\"inLanguage\":\"ro-RO\",\"@id\":\"https:\/\/xstyle.md\/product\/fonar-fenix-e18r-v2-0-led\/#primaryimage\",\"url\":\"https:\/\/xstyle.md\/wp-content\/uploads\/2023\/01\/fenix-e18r-v2.0-led.jpg\",\"contentUrl\":\"https:\/\/xstyle.md\/wp-content\/uploads\/2023\/01\/fenix-e18r-v2.0-led.jpg\",\"width\":1208,\"height\":1241,\"caption\":\"\u041a\u043e\u043c\u043f\u0430\u043a\u0442\u043d\u044b\u0439 \u0444\u043e\u043d\u0430\u0440\u044c Fenix E18R V2.0 LED \u0434\u043b\u044f \u0430\u043a\u0442\u0438\u0432\u043d\u043e\u0433\u043e \u043e\u0442\u0434\u044b\u0445\u0430 \u043f\u0443\u0442\u0435\u0448\u0435\u0441\u0442\u0432\u0438\u0439 \u0438 \u0430\u043b\u044c\u043f\u0438\u043d\u0438\u0437\u043c\u0430, \u043e\u0431\u043e\u0440\u0443\u0434\u043e\u0432\u0430\u043d\u0438\u0435 \u0434\u043b\u044f outdoor \u0438 \u043f\u043e\u0445\u043e\u0434\u043e\u0432 \u0432 \u0438\u043d\u0442\u0435\u0440\u043d\u0435\u0442-\u043c\u0430\u0433\u0430\u0437\u0438\u043d\u0435 \u0430\u043a\u0442\u0438\u0432\u043d\u043e\u0439 \u0436\u0438\u0437\u043d\u0438\"},{\"@type\":\"BreadcrumbList\",\"@id\":\"https:\/\/xstyle.md\/product\/fonar-fenix-e18r-v2-0-led\/#breadcrumb\",\"itemListElement\":[{\"@type\":\"ListItem\",\"position\":1,\"name\":\"\u0413\u043b\u0430\u0432\u043d\u0430\u044f \u0441\u0442\u0440\u0430\u043d\u0438\u0446\u0430\",\"item\":\"https:\/\/xstyle.md\/\"},{\"@type\":\"ListItem\",\"position\":2,\"name\":\"\u041c\u0430\u0433\u0430\u0437\u0438\u043d\",\"item\":\"https:\/\/xstyle.md\/shop\/\"},{\"@type\":\"ListItem\",\"position\":3,\"name\":\"\u0424\u043e\u043d\u0430\u0440\u044c Fenix E18R V2.0 LED\"}]},{\"@type\":\"WebSite\",\"@id\":\"https:\/\/xstyle.md\/#website\",\"url\":\"https:\/\/xstyle.md\/\",\"name\":\"\u041c\u0430\u0433\u0430\u0437\u0438\u043d Xstyle\",\"description\":\"C\u043d\u0430\u0440\u044f\u0436\u0435\u043d\u0438\u0435 \u0434\u043b\u044f \u0442\u0443\u0440\u0438\u0437\u043c\u0430 \u0438 \u044d\u043a\u0441\u0442\u0440\u0435\u043c\u0430\u043b\u044c\u043d\u044b\u0445 \u0432\u0438\u0434\u043e\u0432 \u0441\u043f\u043e\u0440\u0442\u0430 \u0432 \u041c\u043e\u043b\u0434\u043e\u0432\u0435.. \u0426\u0435\u043d\u044b, \u0444\u043e\u0442\u043e, \u0445\u0430\u0440\u0430\u043a\u0442\u0435\u0440\u0438\u0441\u0442\u0438\u043a\u0438 \u0432 \u041c\u043e\u043b\u0434\u043e\u0432\u0435.\",\"publisher\":{\"@id\":\"https:\/\/xstyle.md\/#organization\"},\"alternateName\":\"X-Style\",\"potentialAction\":[{\"@type\":\"SearchAction\",\"target\":{\"@type\":\"EntryPoint\",\"urlTemplate\":\"https:\/\/xstyle.md\/?s={search_term_string}\"},\"query-input\":{\"@type\":\"PropertyValueSpecification\",\"valueRequired\":true,\"valueName\":\"search_term_string\"}}],\"inLanguage\":\"ro-RO\"},{\"@type\":\"Organization\",\"@id\":\"https:\/\/xstyle.md\/#organization\",\"name\":\"\u041c\u0430\u0433\u0430\u0437\u0438\u043d Xstyle\",\"alternateName\":\"x-style\",\"url\":\"https:\/\/xstyle.md\/\",\"logo\":{\"@type\":\"ImageObject\",\"inLanguage\":\"ro-RO\",\"@id\":\"https:\/\/xstyle.md\/#\/schema\/logo\/image\/\",\"url\":\"https:\/\/xstyle.md\/wp-content\/uploads\/2020\/06\/logoicon.svg\",\"contentUrl\":\"https:\/\/xstyle.md\/wp-content\/uploads\/2020\/06\/logoicon.svg\",\"caption\":\"\u041c\u0430\u0433\u0430\u0437\u0438\u043d Xstyle\"},\"image\":{\"@id\":\"https:\/\/xstyle.md\/#\/schema\/logo\/image\/\"},\"sameAs\":[\"https:\/\/www.facebook.com\/xstylemd\",\"https:\/\/www.instagram.com\/xstyle_md\/\",\"https:\/\/t.me\/xstyle_outdoor\"],\"hasMerchantReturnPolicy\":{\"@type\":\"MerchantReturnPolicy\",\"merchantReturnLink\":\"https:\/\/xstyle.md\/ro\/conditions\/\"}}]}<\/script>\n<meta property=\"product:price:amount\" content=\"1070.00\" \/>\n<meta property=\"product:price:currency\" content=\"MDL\" \/>\n<meta property=\"og:availability\" content=\"instock\" \/>\n<meta property=\"product:availability\" content=\"instock\" \/>\n<meta property=\"product:retailer_item_id\" content=\"6942870308944\" \/>\n<meta property=\"product:condition\" content=\"new\" \/>\n<!-- \/ Yoast SEO plugin. -->","yoast_head_json":{"title":"Lantern\u0103 Fenix E18R V2.0 LED - Magazin Xstyle","description":"Lanterna Fenix E18R V2.0: putere de 1200 Lm, USB Type-C, rezisten\u021b\u0103 la ap\u0103 IP68, p\u00e2n\u0103 la 50.000 de ore de func\u021bionare. Ideal pentru EDC. Comanda\u021bi acum!","robots":{"index":"index","follow":"follow","max-snippet":"max-snippet:-1","max-image-preview":"max-image-preview:large","max-video-preview":"max-video-preview:-1"},"canonical":"https:\/\/xstyle.md\/ro\/produs\/fonar-fenix-e18r-v2-0-led\/","og_locale":"ro_RO","og_type":"article","og_title":"\u0424\u043e\u043d\u0430\u0440\u044c Fenix E18R V2.0 LED - \u041c\u0430\u0433\u0430\u0437\u0438\u043d Xstyle","og_description":"\u0424\u043e\u043d\u0430\u0440\u044c Fenix E18R V2.0: \u043c\u043e\u0449\u043d\u043e\u0441\u0442\u044c 1200 \u041b\u043c, USB Type-C, \u0432\u043e\u0434\u043e\u043d\u0435\u043f\u0440\u043e\u043d\u0438\u0446\u0430\u0435\u043c\u043e\u0441\u0442\u044c IP68, \u0434\u043e 50 000 \u0447\u0430\u0441\u043e\u0432 \u0440\u0430\u0431\u043e\u0442\u044b. \u0418\u0434\u0435\u0430\u043b\u0435\u043d \u0434\u043b\u044f EDC. \u0417\u0430\u043a\u0430\u0436\u0438\u0442\u0435 \u0441\u0435\u0439\u0447\u0430\u0441!","og_url":"https:\/\/xstyle.md\/ro\/produs\/fonar-fenix-e18r-v2-0-led\/","og_site_name":"\u041c\u0430\u0433\u0430\u0437\u0438\u043d Xstyle","article_publisher":"https:\/\/www.facebook.com\/xstylemd","article_modified_time":"2025-11-27T14:49:27+00:00","og_image":[{"width":1208,"height":1241,"url":"https:\/\/xstyle.md\/wp-content\/uploads\/2023\/01\/fenix-e18r-v2.0-led.jpg","type":"image\/jpeg"}],"twitter_card":"summary_large_image","twitter_misc":{"Pre\u021b":"1.070&nbsp;MDL","Disponibilitate":"\u00cen stoc"},"schema":{"@context":"https:\/\/schema.org","@graph":[{"@type":"WebPage","@id":"https:\/\/xstyle.md\/product\/fonar-fenix-e18r-v2-0-led\/","url":"https:\/\/xstyle.md\/product\/fonar-fenix-e18r-v2-0-led\/","name":"Lantern\u0103 Fenix E18R V2.0 LED - Magazin Xstyle","isPartOf":{"@id":"https:\/\/xstyle.md\/#website"},"primaryImageOfPage":{"@id":"https:\/\/xstyle.md\/product\/fonar-fenix-e18r-v2-0-led\/#primaryimage"},"image":{"@id":"https:\/\/xstyle.md\/product\/fonar-fenix-e18r-v2-0-led\/#primaryimage"},"thumbnailUrl":"https:\/\/xstyle.md\/wp-content\/uploads\/2023\/01\/fenix-e18r-v2.0-led.jpg","datePublished":"2023-01-10T16:53:57+00:00","dateModified":"2025-11-27T14:49:27+00:00","description":"Lanterna Fenix E18R V2.0: putere de 1200 Lm, USB Type-C, rezisten\u021b\u0103 la ap\u0103 IP68, p\u00e2n\u0103 la 50.000 de ore de func\u021bionare. Ideal pentru EDC. Comanda\u021bi acum!","breadcrumb":{"@id":"https:\/\/xstyle.md\/product\/fonar-fenix-e18r-v2-0-led\/#breadcrumb"},"inLanguage":"ro-RO","potentialAction":[{"@type":"ReadAction","target":["https:\/\/xstyle.md\/product\/fonar-fenix-e18r-v2-0-led\/"]}]},{"@type":"ImageObject","inLanguage":"ro-RO","@id":"https:\/\/xstyle.md\/product\/fonar-fenix-e18r-v2-0-led\/#primaryimage","url":"https:\/\/xstyle.md\/wp-content\/uploads\/2023\/01\/fenix-e18r-v2.0-led.jpg","contentUrl":"https:\/\/xstyle.md\/wp-content\/uploads\/2023\/01\/fenix-e18r-v2.0-led.jpg","width":1208,"height":1241,"caption":"\u041a\u043e\u043c\u043f\u0430\u043a\u0442\u043d\u044b\u0439 \u0444\u043e\u043d\u0430\u0440\u044c Fenix E18R V2.0 LED \u0434\u043b\u044f \u0430\u043a\u0442\u0438\u0432\u043d\u043e\u0433\u043e \u043e\u0442\u0434\u044b\u0445\u0430 \u043f\u0443\u0442\u0435\u0448\u0435\u0441\u0442\u0432\u0438\u0439 \u0438 \u0430\u043b\u044c\u043f\u0438\u043d\u0438\u0437\u043c\u0430, \u043e\u0431\u043e\u0440\u0443\u0434\u043e\u0432\u0430\u043d\u0438\u0435 \u0434\u043b\u044f outdoor \u0438 \u043f\u043e\u0445\u043e\u0434\u043e\u0432 \u0432 \u0438\u043d\u0442\u0435\u0440\u043d\u0435\u0442-\u043c\u0430\u0433\u0430\u0437\u0438\u043d\u0435 \u0430\u043a\u0442\u0438\u0432\u043d\u043e\u0439 \u0436\u0438\u0437\u043d\u0438"},{"@type":"BreadcrumbList","@id":"https:\/\/xstyle.md\/product\/fonar-fenix-e18r-v2-0-led\/#breadcrumb","itemListElement":[{"@type":"ListItem","position":1,"name":"\u0413\u043b\u0430\u0432\u043d\u0430\u044f \u0441\u0442\u0440\u0430\u043d\u0438\u0446\u0430","item":"https:\/\/xstyle.md\/"},{"@type":"ListItem","position":2,"name":"\u041c\u0430\u0433\u0430\u0437\u0438\u043d","item":"https:\/\/xstyle.md\/shop\/"},{"@type":"ListItem","position":3,"name":"\u0424\u043e\u043d\u0430\u0440\u044c Fenix E18R V2.0 LED"}]},{"@type":"WebSite","@id":"https:\/\/xstyle.md\/#website","url":"https:\/\/xstyle.md\/","name":"Magazinul X-Style","description":"Echipamente pentru turism \u0219i sporturi extreme \u00een Moldova. Pre\u021buri, fotografii, caracteristici \u00een Moldova.","publisher":{"@id":"https:\/\/xstyle.md\/#organization"},"alternateName":"X-Style","potentialAction":[{"@type":"SearchAction","target":{"@type":"EntryPoint","urlTemplate":"https:\/\/xstyle.md\/?s={search_term_string}"},"query-input":{"@type":"PropertyValueSpecification","valueRequired":true,"valueName":"search_term_string"}}],"inLanguage":"ro-RO"},{"@type":"Organization","@id":"https:\/\/xstyle.md\/#organization","name":"Magazinul X-Style","alternateName":"x-style","url":"https:\/\/xstyle.md\/","logo":{"@type":"ImageObject","inLanguage":"ro-RO","@id":"https:\/\/xstyle.md\/#\/schema\/logo\/image\/","url":"https:\/\/xstyle.md\/wp-content\/uploads\/2020\/06\/logoicon.svg","contentUrl":"https:\/\/xstyle.md\/wp-content\/uploads\/2020\/06\/logoicon.svg","caption":"\u041c\u0430\u0433\u0430\u0437\u0438\u043d Xstyle"},"image":{"@id":"https:\/\/xstyle.md\/#\/schema\/logo\/image\/"},"sameAs":["https:\/\/www.facebook.com\/xstylemd","https:\/\/www.instagram.com\/xstyle_md\/","https:\/\/t.me\/xstyle_outdoor"],"hasMerchantReturnPolicy":{"@type":"MerchantReturnPolicy","merchantReturnLink":"https:\/\/xstyle.md\/ro\/conditions\/"}}]},"product_price_amount":"1070.00","product_price_currency":"MDL","og_availability":"instock","product_availability":"instock","product_retailer_item_id":"6942870308944","product_condition":"new"},"post_mailing_queue_ids":[],"_links":{"self":[{"href":"https:\/\/xstyle.md\/ro\/wp-json\/wp\/v2\/product\/62702","targetHints":{"allow":["GET"]}}],"collection":[{"href":"https:\/\/xstyle.md\/ro\/wp-json\/wp\/v2\/product"}],"about":[{"href":"https:\/\/xstyle.md\/ro\/wp-json\/wp\/v2\/types\/product"}],"replies":[{"embeddable":true,"href":"https:\/\/xstyle.md\/ro\/wp-json\/wp\/v2\/comments?post=62702"}],"wp:featuredmedia":[{"embeddable":true,"href":"https:\/\/xstyle.md\/ro\/wp-json\/wp\/v2\/media\/63843"}],"wp:attachment":[{"href":"https:\/\/xstyle.md\/ro\/wp-json\/wp\/v2\/media?parent=62702"}],"wp:term":[{"taxonomy":"product_brand","embeddable":true,"href":"https:\/\/xstyle.md\/ro\/wp-json\/wp\/v2\/product_brand?post=62702"},{"taxonomy":"product_cat","embeddable":true,"href":"https:\/\/xstyle.md\/ro\/wp-json\/wp\/v2\/product_cat?post=62702"},{"taxonomy":"product_tag","embeddable":true,"href":"https:\/\/xstyle.md\/ro\/wp-json\/wp\/v2\/product_tag?post=62702"}],"curies":[{"name":"wp","href":"https:\/\/api.w.org\/{rel}","templated":true}]}}