{"id":6212,"date":"2020-07-16T21:27:11","date_gmt":"2020-07-16T18:27:11","guid":{"rendered":"https:\/\/xstyle.md\/product\/spal-nyj-meshok-pinguin-savana-junior-150"},"modified":"2025-10-24T13:02:33","modified_gmt":"2025-10-24T10:02:33","slug":"spal-nyj-meshok-pinguin-savana-junior-150","status":"publish","type":"product","link":"https:\/\/xstyle.md\/ro\/produs\/spal-nyj-meshok-pinguin-savana-junior-150\/","title":{"rendered":"Sac de dormit Pinguin Savana Junior"},"content":{"rendered":"<\/p>\n<p><strong>Sac de dormit Pinguin Savana Junior<\/strong> &#8212; acesta este un sac de dormit cu strat dublu pentru bebelu\u0219i cu umplutur\u0103 sintetic\u0103 ThermicFibre 6. Ideal pentru camping \u0219i c\u0103l\u0103torii, potrivit pentru prim\u0103var\u0103 \u0219i var\u0103. Forma anatomic\u0103 a sacului cu cocon re\u021bine mai mult\u0103 c\u0103ldur\u0103 dec&acirc;t sacul de dormit clasic tip p\u0103tur\u0103. Echipat cu un fermoar lung dublu, care face posibil\u0103, dac\u0103 este necesar, desfacerea acestuia la picioare pentru a regla temperatura din sacul de dormit.<\/p>\n<p>Datorit\u0103 aceluia\u0219i fermoar, este posibil s\u0103 &icirc;nchide\u021bi doi saci de dormit cu fermoare opuse. &Icirc;n plus, fermoarul este izolat cu o band\u0103 special\u0103, care se afl\u0103 pe toat\u0103 lungimea sacului de dormit, care, &icirc;n primul r&acirc;nd, &icirc;l &icirc;mpiedic\u0103 s\u0103 se blocheze, iar &icirc;n al doilea r&acirc;nd, economise\u0219te c\u0103ldura &icirc;n sacul de dormit. Sacul de dormit cu lungimea de 150 cm men\u021bine mult mai bine c\u0103ldura. Greutate \u0219i volum destul de u\u0219or, nu ocup\u0103 mult spa\u021biu &icirc;ntr-un rucsac.<\/p>\n<p>ThermicFibre 6 2x100g \/ m2 &#8212; materialul de umplutur\u0103 const\u0103 din dou\u0103 straturi una peste alta, unde un strat este cusut pe materialul superior, iar cel\u0103lalt strat este cusut pe materialul inferior &icirc;n acela\u0219i mod. Izola\u021bia termic\u0103 cu strat dublu asigur\u0103 o protec\u021bie \u0219i un comfort mult mai sporit.<\/p>\n<h3>Specifica\u021bii<\/h3>\n<ul>\n<li>fermoarul YKK reversibil v\u0103 permite s\u0103 controla\u021bi temperatura din interiorul sacului de dormit<\/li>\n<li>cap\u0103tul fermoarului este fixat cu o clapet\u0103 cu velcro, care &icirc;mpiedic\u0103 deschiderea fermoarului<\/li>\n<li>izolare cu fermoar (margine ascuns\u0103 de-a lungul fermoarului) pentru o izolare termic\u0103 mai bun\u0103 \u0219i care previne blocarea \u0219i &icirc;mpiedic\u0103 p\u0103trunderea materialului &icirc;n interior<\/li>\n<li>hus\u0103 de compresie &#8212; prin utilizarea curelelor de pe geanta de compresie pute\u021bi reduce volumul sacului de dormit cu p&acirc;n\u0103 la 40%<\/li>\n<li>gluga este semicircular\u0103, de form\u0103 anatomic\u0103, dotat\u0103 cu un sistem confortabil, practic de trac\u021biune<\/li>\n<li>dimensiunea sacului de dormit &#8212; ideal\u0103 pentru copii \u0219i adolescen\u021bi de p&acirc;n\u0103 la 150 cm<\/li>\n<\/ul>\n<h3>Caracteristici<\/h3>\n<ul>\n<li>lungime maxim\u0103 &#8212; 150m<\/li>\n<li>greutate maxim\u0103 &#8212; 0,95 kg<\/li>\n<li>dimensiunea ambalajului &#8212; 15 x 28\/18 cm<\/li>\n<li>dimensiuni sac maxim\u0103 &#8212; 150 x 75 x 52 cm<\/li>\n<li>temperatura de confort &#8212; de la 0 la +6 &deg; C<\/li>\n<li>temperatura minim\u0103 &icirc;n condi\u021bii extreme -15 &deg; C<\/li>\n<li>material exterior &#8212; Poliester Ripstop DWR<\/li>\n<li>material interior &#8212; poliester moale<\/li>\n<li>umplutur\u0103 &#8212; Fibra termic\u0103 6 (2 straturi), 200 (2&#215;100) g \/ m2<\/li>\n<li>num\u0103r de straturi &#8212; 2<\/li>\n<li>zip-on &#8212; da<\/li>\n<li>sezonalitate &#8212; prim\u0103var\u0103-toamn\u0103<\/li>\n<li>tip &#8212; sac de dormit &#171;cocon&#187;<\/li>\n<li>sex &#8212; unisex<\/li>\n<\/ul>\n<p><\/p>","protected":false},"excerpt":{"rendered":"<p>Sac de dormit Pinguin Savana Junior<\/p>","protected":false},"featured_media":6208,"comment_status":"open","ping_status":"closed","template":"","meta":{"_acf_changed":false,"inline_featured_image":false},"product_brand":[1263],"product_cat":[897],"product_tag":[],"class_list":{"0":"post-6212","1":"product","2":"type-product","3":"status-publish","4":"has-post-thumbnail","6":"product_brand-pinguin","7":"product_cat-kids-sleeping-bag","9":"first","10":"instock","11":"shipping-taxable","12":"purchasable","13":"product-type-simple"},"acf":[],"yoast_head":"<!-- This site is optimized with the Yoast SEO plugin v27.2 - https:\/\/yoast.com\/product\/yoast-seo-wordpress\/ -->\n<title>\u0421\u043f\u0430\u043b\u044c\u043d\u044b\u0439 \u043c\u0435\u0448\u043e\u043a Pinguin Savana Junior - \u041c\u0430\u0433\u0430\u0437\u0438\u043d Xstyle<\/title>\n<meta name=\"description\" content=\"\u0421\u043f\u0430\u043b\u044c\u043d\u044b\u0439 \u043c\u0435\u0448\u043e\u043a Pinguin Savana Junior \u0441 \u0443\u0442\u0435\u043f\u043b\u0438\u0442\u0435\u043b\u0435\u043c ThermicFibre 6 \u0438\u0434\u0435\u0430\u043b\u044c\u043d\u043e \u043f\u043e\u0434\u0445\u043e\u0434\u0438\u0442 \u0434\u043b\u044f \u043a\u0435\u043c\u043f\u0438\u043d\u0433\u0430 \u0438 \u043f\u0443\u0442\u0435\u0448\u0435\u0441\u0442\u0432\u0438\u0439. \u041b\u0435\u0433\u043a\u0438\u0439, \u0442\u0435\u043f\u043b\u044b\u0439 \u0438 \u043a\u043e\u043c\u0444\u043e\u0440\u0442\u043d\u044b\u0439 \u0434\u043b\u044f \u0434\u0435\u0442\u0435\u0439.\" \/>\n<meta name=\"robots\" content=\"index, follow, max-snippet:-1, max-image-preview:large, max-video-preview:-1\" \/>\n<link rel=\"canonical\" href=\"https:\/\/xstyle.md\/ro\/produs\/spal-nyj-meshok-pinguin-savana-junior-150\/\" \/>\n<meta property=\"og:locale\" content=\"ro_RO\" \/>\n<meta property=\"og:type\" content=\"article\" \/>\n<meta property=\"og:title\" content=\"\u0421\u043f\u0430\u043b\u044c\u043d\u044b\u0439 \u043c\u0435\u0448\u043e\u043a Pinguin Savana Junior - \u041c\u0430\u0433\u0430\u0437\u0438\u043d Xstyle\" \/>\n<meta property=\"og:description\" content=\"\u0421\u043f\u0430\u043b\u044c\u043d\u044b\u0439 \u043c\u0435\u0448\u043e\u043a Pinguin Savana Junior \u0441 \u0443\u0442\u0435\u043f\u043b\u0438\u0442\u0435\u043b\u0435\u043c ThermicFibre 6 \u0438\u0434\u0435\u0430\u043b\u044c\u043d\u043e \u043f\u043e\u0434\u0445\u043e\u0434\u0438\u0442 \u0434\u043b\u044f \u043a\u0435\u043c\u043f\u0438\u043d\u0433\u0430 \u0438 \u043f\u0443\u0442\u0435\u0448\u0435\u0441\u0442\u0432\u0438\u0439. \u041b\u0435\u0433\u043a\u0438\u0439, \u0442\u0435\u043f\u043b\u044b\u0439 \u0438 \u043a\u043e\u043c\u0444\u043e\u0440\u0442\u043d\u044b\u0439 \u0434\u043b\u044f \u0434\u0435\u0442\u0435\u0439.\" \/>\n<meta property=\"og:url\" content=\"https:\/\/xstyle.md\/ro\/produs\/spal-nyj-meshok-pinguin-savana-junior-150\/\" \/>\n<meta property=\"og:site_name\" content=\"\u041c\u0430\u0433\u0430\u0437\u0438\u043d Xstyle\" \/>\n<meta property=\"article:publisher\" content=\"https:\/\/www.facebook.com\/xstylemd\" \/>\n<meta property=\"article:modified_time\" content=\"2025-10-24T10:02:33+00:00\" \/>\n<meta property=\"og:image\" content=\"https:\/\/xstyle.md\/wp-content\/uploads\/2020\/07\/211658_l_1.jpg\" \/>\n\t<meta property=\"og:image:width\" content=\"458\" \/>\n\t<meta property=\"og:image:height\" content=\"826\" \/>\n\t<meta property=\"og:image:type\" content=\"image\/jpeg\" \/>\n<meta name=\"twitter:card\" content=\"summary_large_image\" \/>\n<meta name=\"twitter:label1\" content=\"Pre\u021b\" \/>\n\t<meta name=\"twitter:data1\" content=\"1.290&nbsp;MDL\" \/>\n\t<meta name=\"twitter:label2\" content=\"Disponibilitate\" \/>\n\t<meta name=\"twitter:data2\" content=\"\u00cen stoc\" \/>\n<script type=\"application\/ld+json\" class=\"yoast-schema-graph\">{\"@context\":\"https:\/\/schema.org\",\"@graph\":[{\"@type\":\"WebPage\",\"@id\":\"https:\/\/xstyle.md\/product\/spal-nyj-meshok-pinguin-savana-junior-150\/\",\"url\":\"https:\/\/xstyle.md\/product\/spal-nyj-meshok-pinguin-savana-junior-150\/\",\"name\":\"\u0421\u043f\u0430\u043b\u044c\u043d\u044b\u0439 \u043c\u0435\u0448\u043e\u043a Pinguin Savana Junior - \u041c\u0430\u0433\u0430\u0437\u0438\u043d Xstyle\",\"isPartOf\":{\"@id\":\"https:\/\/xstyle.md\/#website\"},\"primaryImageOfPage\":{\"@id\":\"https:\/\/xstyle.md\/product\/spal-nyj-meshok-pinguin-savana-junior-150\/#primaryimage\"},\"image\":{\"@id\":\"https:\/\/xstyle.md\/product\/spal-nyj-meshok-pinguin-savana-junior-150\/#primaryimage\"},\"thumbnailUrl\":\"https:\/\/xstyle.md\/wp-content\/uploads\/2020\/07\/211658_l_1.jpg\",\"datePublished\":\"2020-07-16T18:27:11+00:00\",\"dateModified\":\"2025-10-24T10:02:33+00:00\",\"description\":\"\u0421\u043f\u0430\u043b\u044c\u043d\u044b\u0439 \u043c\u0435\u0448\u043e\u043a Pinguin Savana Junior \u0441 \u0443\u0442\u0435\u043f\u043b\u0438\u0442\u0435\u043b\u0435\u043c ThermicFibre 6 \u0438\u0434\u0435\u0430\u043b\u044c\u043d\u043e \u043f\u043e\u0434\u0445\u043e\u0434\u0438\u0442 \u0434\u043b\u044f \u043a\u0435\u043c\u043f\u0438\u043d\u0433\u0430 \u0438 \u043f\u0443\u0442\u0435\u0448\u0435\u0441\u0442\u0432\u0438\u0439. \u041b\u0435\u0433\u043a\u0438\u0439, \u0442\u0435\u043f\u043b\u044b\u0439 \u0438 \u043a\u043e\u043c\u0444\u043e\u0440\u0442\u043d\u044b\u0439 \u0434\u043b\u044f \u0434\u0435\u0442\u0435\u0439.\",\"breadcrumb\":{\"@id\":\"https:\/\/xstyle.md\/product\/spal-nyj-meshok-pinguin-savana-junior-150\/#breadcrumb\"},\"inLanguage\":\"ro-RO\",\"potentialAction\":[{\"@type\":\"ReadAction\",\"target\":[\"https:\/\/xstyle.md\/product\/spal-nyj-meshok-pinguin-savana-junior-150\/\"]}]},{\"@type\":\"ImageObject\",\"inLanguage\":\"ro-RO\",\"@id\":\"https:\/\/xstyle.md\/product\/spal-nyj-meshok-pinguin-savana-junior-150\/#primaryimage\",\"url\":\"https:\/\/xstyle.md\/wp-content\/uploads\/2020\/07\/211658_l_1.jpg\",\"contentUrl\":\"https:\/\/xstyle.md\/wp-content\/uploads\/2020\/07\/211658_l_1.jpg\",\"width\":458,\"height\":826},{\"@type\":\"BreadcrumbList\",\"@id\":\"https:\/\/xstyle.md\/product\/spal-nyj-meshok-pinguin-savana-junior-150\/#breadcrumb\",\"itemListElement\":[{\"@type\":\"ListItem\",\"position\":1,\"name\":\"\u0413\u043b\u0430\u0432\u043d\u0430\u044f \u0441\u0442\u0440\u0430\u043d\u0438\u0446\u0430\",\"item\":\"https:\/\/xstyle.md\/\"},{\"@type\":\"ListItem\",\"position\":2,\"name\":\"\u041c\u0430\u0433\u0430\u0437\u0438\u043d\",\"item\":\"https:\/\/xstyle.md\/shop\/\"},{\"@type\":\"ListItem\",\"position\":3,\"name\":\"\u0421\u043f\u0430\u043b\u044c\u043d\u044b\u0439 \u043c\u0435\u0448\u043e\u043a Pinguin Savana Junior\"}]},{\"@type\":\"WebSite\",\"@id\":\"https:\/\/xstyle.md\/#website\",\"url\":\"https:\/\/xstyle.md\/\",\"name\":\"\u041c\u0430\u0433\u0430\u0437\u0438\u043d Xstyle\",\"description\":\"C\u043d\u0430\u0440\u044f\u0436\u0435\u043d\u0438\u0435 \u0434\u043b\u044f \u0442\u0443\u0440\u0438\u0437\u043c\u0430 \u0438 \u044d\u043a\u0441\u0442\u0440\u0435\u043c\u0430\u043b\u044c\u043d\u044b\u0445 \u0432\u0438\u0434\u043e\u0432 \u0441\u043f\u043e\u0440\u0442\u0430 \u0432 \u041c\u043e\u043b\u0434\u043e\u0432\u0435.. \u0426\u0435\u043d\u044b, \u0444\u043e\u0442\u043e, \u0445\u0430\u0440\u0430\u043a\u0442\u0435\u0440\u0438\u0441\u0442\u0438\u043a\u0438 \u0432 \u041c\u043e\u043b\u0434\u043e\u0432\u0435.\",\"publisher\":{\"@id\":\"https:\/\/xstyle.md\/#organization\"},\"alternateName\":\"X-Style\",\"potentialAction\":[{\"@type\":\"SearchAction\",\"target\":{\"@type\":\"EntryPoint\",\"urlTemplate\":\"https:\/\/xstyle.md\/?s={search_term_string}\"},\"query-input\":{\"@type\":\"PropertyValueSpecification\",\"valueRequired\":true,\"valueName\":\"search_term_string\"}}],\"inLanguage\":\"ro-RO\"},{\"@type\":\"Organization\",\"@id\":\"https:\/\/xstyle.md\/#organization\",\"name\":\"\u041c\u0430\u0433\u0430\u0437\u0438\u043d Xstyle\",\"alternateName\":\"x-style\",\"url\":\"https:\/\/xstyle.md\/\",\"logo\":{\"@type\":\"ImageObject\",\"inLanguage\":\"ro-RO\",\"@id\":\"https:\/\/xstyle.md\/#\/schema\/logo\/image\/\",\"url\":\"https:\/\/xstyle.md\/wp-content\/uploads\/2020\/06\/logoicon.svg\",\"contentUrl\":\"https:\/\/xstyle.md\/wp-content\/uploads\/2020\/06\/logoicon.svg\",\"caption\":\"\u041c\u0430\u0433\u0430\u0437\u0438\u043d Xstyle\"},\"image\":{\"@id\":\"https:\/\/xstyle.md\/#\/schema\/logo\/image\/\"},\"sameAs\":[\"https:\/\/www.facebook.com\/xstylemd\",\"https:\/\/www.instagram.com\/xstyle_md\/\",\"https:\/\/t.me\/xstyle_outdoor\"],\"hasMerchantReturnPolicy\":{\"@type\":\"MerchantReturnPolicy\",\"merchantReturnLink\":\"https:\/\/xstyle.md\/ro\/conditions\/\"}}]}<\/script>\n<meta property=\"product:price:amount\" content=\"1290.00\" \/>\n<meta property=\"product:price:currency\" content=\"MDL\" \/>\n<meta property=\"og:availability\" content=\"instock\" \/>\n<meta property=\"product:availability\" content=\"instock\" \/>\n<meta property=\"product:retailer_item_id\" content=\"8592638211535\" \/>\n<meta property=\"product:condition\" content=\"new\" \/>\n<!-- \/ Yoast SEO plugin. -->","yoast_head_json":{"title":"Sac de dormit Pinguin Savana Junior - Magazin Xstyle","description":"Sac de dormit Pinguin Savana Junior cu umplutur\u0103 ThermicFibre 6 este ideal pentru camping \u0219i c\u0103l\u0103torii. U\u0219or, c\u0103lduros \u0219i confortabil pentru copii.","robots":{"index":"index","follow":"follow","max-snippet":"max-snippet:-1","max-image-preview":"max-image-preview:large","max-video-preview":"max-video-preview:-1"},"canonical":"https:\/\/xstyle.md\/ro\/produs\/spal-nyj-meshok-pinguin-savana-junior-150\/","og_locale":"ro_RO","og_type":"article","og_title":"\u0421\u043f\u0430\u043b\u044c\u043d\u044b\u0439 \u043c\u0435\u0448\u043e\u043a Pinguin Savana Junior - \u041c\u0430\u0433\u0430\u0437\u0438\u043d Xstyle","og_description":"\u0421\u043f\u0430\u043b\u044c\u043d\u044b\u0439 \u043c\u0435\u0448\u043e\u043a Pinguin Savana Junior \u0441 \u0443\u0442\u0435\u043f\u043b\u0438\u0442\u0435\u043b\u0435\u043c ThermicFibre 6 \u0438\u0434\u0435\u0430\u043b\u044c\u043d\u043e \u043f\u043e\u0434\u0445\u043e\u0434\u0438\u0442 \u0434\u043b\u044f \u043a\u0435\u043c\u043f\u0438\u043d\u0433\u0430 \u0438 \u043f\u0443\u0442\u0435\u0448\u0435\u0441\u0442\u0432\u0438\u0439. \u041b\u0435\u0433\u043a\u0438\u0439, \u0442\u0435\u043f\u043b\u044b\u0439 \u0438 \u043a\u043e\u043c\u0444\u043e\u0440\u0442\u043d\u044b\u0439 \u0434\u043b\u044f \u0434\u0435\u0442\u0435\u0439.","og_url":"https:\/\/xstyle.md\/ro\/produs\/spal-nyj-meshok-pinguin-savana-junior-150\/","og_site_name":"\u041c\u0430\u0433\u0430\u0437\u0438\u043d Xstyle","article_publisher":"https:\/\/www.facebook.com\/xstylemd","article_modified_time":"2025-10-24T10:02:33+00:00","og_image":[{"width":458,"height":826,"url":"https:\/\/xstyle.md\/wp-content\/uploads\/2020\/07\/211658_l_1.jpg","type":"image\/jpeg"}],"twitter_card":"summary_large_image","twitter_misc":{"Pre\u021b":"1.290&nbsp;MDL","Disponibilitate":"\u00cen stoc"},"schema":{"@context":"https:\/\/schema.org","@graph":[{"@type":"WebPage","@id":"https:\/\/xstyle.md\/product\/spal-nyj-meshok-pinguin-savana-junior-150\/","url":"https:\/\/xstyle.md\/product\/spal-nyj-meshok-pinguin-savana-junior-150\/","name":"Sac de dormit Pinguin Savana Junior - Magazin Xstyle","isPartOf":{"@id":"https:\/\/xstyle.md\/#website"},"primaryImageOfPage":{"@id":"https:\/\/xstyle.md\/product\/spal-nyj-meshok-pinguin-savana-junior-150\/#primaryimage"},"image":{"@id":"https:\/\/xstyle.md\/product\/spal-nyj-meshok-pinguin-savana-junior-150\/#primaryimage"},"thumbnailUrl":"https:\/\/xstyle.md\/wp-content\/uploads\/2020\/07\/211658_l_1.jpg","datePublished":"2020-07-16T18:27:11+00:00","dateModified":"2025-10-24T10:02:33+00:00","description":"Sac de dormit Pinguin Savana Junior cu umplutur\u0103 ThermicFibre 6 este ideal pentru camping \u0219i c\u0103l\u0103torii. U\u0219or, c\u0103lduros \u0219i confortabil pentru copii.","breadcrumb":{"@id":"https:\/\/xstyle.md\/product\/spal-nyj-meshok-pinguin-savana-junior-150\/#breadcrumb"},"inLanguage":"ro-RO","potentialAction":[{"@type":"ReadAction","target":["https:\/\/xstyle.md\/product\/spal-nyj-meshok-pinguin-savana-junior-150\/"]}]},{"@type":"ImageObject","inLanguage":"ro-RO","@id":"https:\/\/xstyle.md\/product\/spal-nyj-meshok-pinguin-savana-junior-150\/#primaryimage","url":"https:\/\/xstyle.md\/wp-content\/uploads\/2020\/07\/211658_l_1.jpg","contentUrl":"https:\/\/xstyle.md\/wp-content\/uploads\/2020\/07\/211658_l_1.jpg","width":458,"height":826},{"@type":"BreadcrumbList","@id":"https:\/\/xstyle.md\/product\/spal-nyj-meshok-pinguin-savana-junior-150\/#breadcrumb","itemListElement":[{"@type":"ListItem","position":1,"name":"\u0413\u043b\u0430\u0432\u043d\u0430\u044f \u0441\u0442\u0440\u0430\u043d\u0438\u0446\u0430","item":"https:\/\/xstyle.md\/"},{"@type":"ListItem","position":2,"name":"\u041c\u0430\u0433\u0430\u0437\u0438\u043d","item":"https:\/\/xstyle.md\/shop\/"},{"@type":"ListItem","position":3,"name":"\u0421\u043f\u0430\u043b\u044c\u043d\u044b\u0439 \u043c\u0435\u0448\u043e\u043a Pinguin Savana Junior"}]},{"@type":"WebSite","@id":"https:\/\/xstyle.md\/#website","url":"https:\/\/xstyle.md\/","name":"Magazinul X-Style","description":"Echipamente pentru turism \u0219i sporturi extreme \u00een Moldova. Pre\u021buri, fotografii, caracteristici \u00een Moldova.","publisher":{"@id":"https:\/\/xstyle.md\/#organization"},"alternateName":"X-Style","potentialAction":[{"@type":"SearchAction","target":{"@type":"EntryPoint","urlTemplate":"https:\/\/xstyle.md\/?s={search_term_string}"},"query-input":{"@type":"PropertyValueSpecification","valueRequired":true,"valueName":"search_term_string"}}],"inLanguage":"ro-RO"},{"@type":"Organization","@id":"https:\/\/xstyle.md\/#organization","name":"Magazinul X-Style","alternateName":"x-style","url":"https:\/\/xstyle.md\/","logo":{"@type":"ImageObject","inLanguage":"ro-RO","@id":"https:\/\/xstyle.md\/#\/schema\/logo\/image\/","url":"https:\/\/xstyle.md\/wp-content\/uploads\/2020\/06\/logoicon.svg","contentUrl":"https:\/\/xstyle.md\/wp-content\/uploads\/2020\/06\/logoicon.svg","caption":"\u041c\u0430\u0433\u0430\u0437\u0438\u043d Xstyle"},"image":{"@id":"https:\/\/xstyle.md\/#\/schema\/logo\/image\/"},"sameAs":["https:\/\/www.facebook.com\/xstylemd","https:\/\/www.instagram.com\/xstyle_md\/","https:\/\/t.me\/xstyle_outdoor"],"hasMerchantReturnPolicy":{"@type":"MerchantReturnPolicy","merchantReturnLink":"https:\/\/xstyle.md\/ro\/conditions\/"}}]},"product_price_amount":"1290.00","product_price_currency":"MDL","og_availability":"instock","product_availability":"instock","product_retailer_item_id":"8592638211535","product_condition":"new"},"post_mailing_queue_ids":[],"_links":{"self":[{"href":"https:\/\/xstyle.md\/ro\/wp-json\/wp\/v2\/product\/6212","targetHints":{"allow":["GET"]}}],"collection":[{"href":"https:\/\/xstyle.md\/ro\/wp-json\/wp\/v2\/product"}],"about":[{"href":"https:\/\/xstyle.md\/ro\/wp-json\/wp\/v2\/types\/product"}],"replies":[{"embeddable":true,"href":"https:\/\/xstyle.md\/ro\/wp-json\/wp\/v2\/comments?post=6212"}],"wp:featuredmedia":[{"embeddable":true,"href":"https:\/\/xstyle.md\/ro\/wp-json\/wp\/v2\/media\/6208"}],"wp:attachment":[{"href":"https:\/\/xstyle.md\/ro\/wp-json\/wp\/v2\/media?parent=6212"}],"wp:term":[{"taxonomy":"product_brand","embeddable":true,"href":"https:\/\/xstyle.md\/ro\/wp-json\/wp\/v2\/product_brand?post=6212"},{"taxonomy":"product_cat","embeddable":true,"href":"https:\/\/xstyle.md\/ro\/wp-json\/wp\/v2\/product_cat?post=6212"},{"taxonomy":"product_tag","embeddable":true,"href":"https:\/\/xstyle.md\/ro\/wp-json\/wp\/v2\/product_tag?post=6212"}],"curies":[{"name":"wp","href":"https:\/\/api.w.org\/{rel}","templated":true}]}}